{"id":20857,"date":"2025-01-22T09:42:45","date_gmt":"2025-01-22T08:42:45","guid":{"rendered":"https:\/\/wpempresa.com\/eurytion\/contact\/"},"modified":"2025-07-10T18:50:39","modified_gmt":"2025-07-10T16:50:39","slug":"contacto-revista","status":"publish","type":"page","link":"https:\/\/eurytionpress.com\/en\/contacto-revista\/","title":{"rendered":"Contacto Revista"},"content":{"rendered":"\t\t<div data-elementor-type=\"wp-page\" data-elementor-id=\"20857\" class=\"elementor elementor-20857 elementor-20446\">\n\t\t\t\t\t\t<section class=\"elementor-section-with-custom-width elementor-section elementor-top-section elementor-element elementor-element-29ebf7e elementor-section-boxed elementor-section-height-default elementor-section-height-default sc_fly_static\" data-id=\"29ebf7e\" data-element_type=\"section\">\n\t\t\t\t\t\t<div class=\"elementor-container elementor-column-gap-default\">\n\t\t\t\t\t<div class=\"elementor-column elementor-col-100 elementor-top-column elementor-element elementor-element-1d863e9 sc_content_align_inherit sc_layouts_column_icons_position_left sc_fly_static\" data-id=\"1d863e9\" data-element_type=\"column\">\n\t\t\t<div class=\"elementor-widget-wrap elementor-element-populated\">\n\t\t\t\t\t\t<div class=\"elementor-element elementor-element-dcad748 sc_fly_static elementor-widget elementor-widget-text-editor\" data-id=\"dcad748\" data-element_type=\"widget\" data-widget_type=\"text-editor.default\">\n\t\t\t\t<div class=\"elementor-widget-container\">\n\t\t\t\t\t\t\t\t\t<p><strong><span style=\"color: #666699;\">Director<\/span><\/strong> <strong>JOS\u00c9 G\u00d3MEZ GAL\u00c1N<\/strong><br><span style=\"color: #666699;\"><strong>Redacci\u00f3n<\/strong><\/span>&nbsp;<strong>JOAQU\u00cdN CERD\u00c1 BOLUDA<\/strong><br><span style=\"color: #666699;\"><b>Direcci\u00f3n de Arte<\/b><\/span>&nbsp;<strong>SUE REQUENA<\/strong><br><span style=\"color: #666699;\"><strong>Publicidad<\/strong><\/span> <strong>VIRGINIA I. LUENGO<\/strong><br><span style=\"color: #666699;\"><b>Delegado Ejecutivo<\/b><\/span> <b>CARLOS PAD\u00cdN BIBILONI<\/b><\/p>\n<p><strong><span style=\"color: #666699;\">Consejo Editorial&nbsp;<\/span><\/strong>ANTONIO H. MART\u00cdN; ELOY L\u00d3PEZ MENESES; LUIS F\u00c9LIX MAR\u00cdN RECIO; SANTIAGO VELASCO SOL; ALEJANDRO SANTOS DE CELIS<br><span style=\"color: #666699;\"><strong>Ediciones Internacionales<\/strong><\/span> ISOTTA MAC FADDEN<\/p>\n<p><span style=\"color: #666699;\"><strong>Redacci\u00f3n y publicidad<\/strong><\/span><br>Tel\u00e9fono 914686282<br>De <strong>lunes a viernes<\/strong> de <strong>10h a 14h<\/strong><br><span style=\"color: #666699;\"><strong>Email:<\/strong><\/span> <strong>redaccion@fronterasdelaciencia.com<\/strong><\/p>\n<p><span style=\"color: #666699;\"><strong>Suscripciones y n\u00famero atrasados<\/strong><\/span><br><strong><span style=\"color: #666699;\">Tel\u00e9fono<\/span><\/strong> 924235784<br>De <strong>lunes a viernes<\/strong> de <strong>10h a 14h<\/strong><br><span style=\"color: #666699;\"><strong>Email:<\/strong><\/span><strong>suscripciones@fronterasdelaciencia.com<\/strong><\/p>\n<p><strong><span style=\"color: #666699;\">Distribuci\u00f3n Espa\u00f1a:<\/span><\/strong> <strong>PEDRO BENAVENTE<\/strong><br><span style=\"color: #666699;\"><strong>Distribuci\u00f3n Internacional:<\/strong><\/span>&nbsp;<b>ALBERTO CONDE<\/b><\/p>\n<p style=\"text-align: justify;\"><span style=\"color: #666699;\"><strong>EDITA<\/strong><\/span><br><strong><span style=\"color: #333399;\">Eurytion Press<\/span><\/strong><br>Avda. de Elvas, 50, 06006 Badajoz<br>Tel. 924 235784<\/p>\n<p><\/p>\n<p><img decoding=\"async\" class=\"alignnone size-medium wp-image-19800\" src=\"https:\/\/wpempresa.com\/eurytion\/wp-content\/uploads\/2024\/12\/Eurytion_logo_negro_TRANS-300x117.png\" alt=\"\" width=\"300\" height=\"117\"><\/p>\n<p style=\"text-align: justify;\"><strong>FRONTERAS DE LA CIENCIA<\/strong> es publicada por <span style=\"color: #333399;\"><strong>Eurytion Press,&nbsp;S.L.<\/strong><\/span> En todo momento hemos buscado mantener los m\u00e1s&nbsp;altos est\u00e1ndares de calidad cient\u00edfica y period\u00edstica. Se&nbsp;han realizado todos los esfuerzos para garantizar el uso&nbsp;de material protegido por derechos de autor. En caso de&nbsp;que se haya usado inadvertidamente cualquier material&nbsp;o cuando haya resultado imposible localizar al propietario&nbsp;de los derechos se har\u00e1 un futuro reconocimiento del&nbsp;problema. La revista no es responsable de las opiniones&nbsp;expresadas en los art\u00edculos publicados en la presente&nbsp;edici\u00f3n. <strong>FRONTERAS DE LA CIENCIA<\/strong> es una marca&nbsp;registrada de Jos\u00e9 G\u00f3mez Gal\u00e1n y est\u00e1 utilizada bajo&nbsp;contrato de licencia gratuito. Copyright \u00a9 2025<\/p><p style=\"text-align: justify;\"><strong><span style=\"color: #333399;\">\u00a9 Eurytion Press<\/span><\/strong> Todos los derechos reservados. Se&nbsp;proh\u00edbe la reproducci\u00f3n total o parcial de los contenidos&nbsp;sin la autorizaci\u00f3n por parte de la editorial.<\/p>\n<p><span style=\"color: #666699;\"><strong>Dep\u00f3sito Legal:<\/strong><\/span> <strong>BA-000320-2018<\/strong><br><span style=\"color: #666699;\"><strong>ISSN:<\/strong><\/span> <strong>2565-1021<\/strong><br><span style=\"color: #666699;\"><strong>e-ISSN:<\/strong><\/span> <strong>2565-2044<\/strong><\/p>\t\t\t\t\t\t\t\t<\/div>\n\t\t\t\t<\/div>\n\t\t\t\t<div class=\"elementor-element elementor-element-5a5a651 sc_fly_static elementor-widget elementor-widget-spacer\" data-id=\"5a5a651\" data-element_type=\"widget\" data-widget_type=\"spacer.default\">\n\t\t\t\t<div class=\"elementor-widget-container\">\n\t\t\t\t\t\t\t<div class=\"elementor-spacer\">\n\t\t\t<div class=\"elementor-spacer-inner\"><\/div>\n\t\t<\/div>\n\t\t\t\t\t\t<\/div>\n\t\t\t\t<\/div>\n\t\t\t\t\t<\/div>\n\t\t<\/div>\n\t\t\t\t\t<\/div>\n\t\t<\/section>\n\t\t\t\t<\/div>\n\t\t","protected":false},"excerpt":{"rendered":"<p>Director JOS\u00c9 G\u00d3MEZ GAL\u00c1NRedacci\u00f3n&nbsp;JOAQU\u00cdN CERD\u00c1 BOLUDADirecci\u00f3n de Arte&nbsp;SUE REQUENAPublicidad VIRGINIA I. LUENGODelegado Ejecutivo CARLOS PAD\u00cdN&hellip;<\/p>\n","protected":false},"author":2,"featured_media":0,"parent":0,"menu_order":0,"comment_status":"closed","ping_status":"closed","template":"","meta":{"footnotes":""},"class_list":["post-20857","page","type-page","status-publish","hentry"],"yoast_head":"<!-- This site is optimized with the Yoast SEO plugin v25.3.1 - https:\/\/yoast.com\/wordpress\/plugins\/seo\/ -->\n<title>Contacto Revista - Eurytion Press<\/title>\n<meta name=\"robots\" content=\"index, follow, max-snippet:-1, max-image-preview:large, max-video-preview:-1\" \/>\n<link rel=\"canonical\" href=\"https:\/\/eurytionpress.com\/en\/contacto-revista\/\" \/>\n<meta property=\"og:locale\" content=\"en_US\" \/>\n<meta property=\"og:type\" content=\"article\" \/>\n<meta property=\"og:title\" content=\"Contacto Revista - Eurytion Press\" \/>\n<meta property=\"og:description\" content=\"Director JOS\u00c9 G\u00d3MEZ GAL\u00c1NRedacci\u00f3n&nbsp;JOAQU\u00cdN CERD\u00c1 BOLUDADirecci\u00f3n de Arte&nbsp;SUE REQUENAPublicidad VIRGINIA I. LUENGODelegado Ejecutivo CARLOS PAD\u00cdN&hellip;\" \/>\n<meta property=\"og:url\" content=\"https:\/\/eurytionpress.com\/en\/contacto-revista\/\" \/>\n<meta property=\"og:site_name\" content=\"Eurytion Press\" \/>\n<meta property=\"article:modified_time\" content=\"2025-07-10T16:50:39+00:00\" \/>\n<meta property=\"og:image\" content=\"https:\/\/eurytionpress.com\/wp-content\/uploads\/2024\/12\/Eurytion_logo_negro_TRANS.png\" \/>\n\t<meta property=\"og:image:width\" content=\"1280\" \/>\n\t<meta property=\"og:image:height\" content=\"500\" \/>\n\t<meta property=\"og:image:type\" content=\"image\/png\" \/>\n<meta name=\"twitter:card\" content=\"summary_large_image\" \/>\n<meta name=\"twitter:label1\" content=\"Est. reading time\" \/>\n\t<meta name=\"twitter:data1\" content=\"1 minute\" \/>\n<script type=\"application\/ld+json\" class=\"yoast-schema-graph\">{\"@context\":\"https:\/\/schema.org\",\"@graph\":[{\"@type\":\"WebPage\",\"@id\":\"https:\/\/eurytionpress.com\/en\/contacto-revista\/\",\"url\":\"https:\/\/eurytionpress.com\/en\/contacto-revista\/\",\"name\":\"Contacto Revista - Eurytion Press\",\"isPartOf\":{\"@id\":\"https:\/\/eurytionpress.com\/en\/#website\"},\"primaryImageOfPage\":{\"@id\":\"https:\/\/eurytionpress.com\/en\/contacto-revista\/#primaryimage\"},\"image\":{\"@id\":\"https:\/\/eurytionpress.com\/en\/contacto-revista\/#primaryimage\"},\"thumbnailUrl\":\"https:\/\/eurytionpress.com\/wp-content\/uploads\/2024\/12\/Eurytion_logo_negro_TRANS-300x117.png\",\"datePublished\":\"2025-01-22T08:42:45+00:00\",\"dateModified\":\"2025-07-10T16:50:39+00:00\",\"breadcrumb\":{\"@id\":\"https:\/\/eurytionpress.com\/en\/contacto-revista\/#breadcrumb\"},\"inLanguage\":\"en-US\",\"potentialAction\":[{\"@type\":\"ReadAction\",\"target\":[\"https:\/\/eurytionpress.com\/en\/contacto-revista\/\"]}]},{\"@type\":\"ImageObject\",\"inLanguage\":\"en-US\",\"@id\":\"https:\/\/eurytionpress.com\/en\/contacto-revista\/#primaryimage\",\"url\":\"https:\/\/eurytionpress.com\/wp-content\/uploads\/2024\/12\/Eurytion_logo_negro_TRANS-300x117.png\",\"contentUrl\":\"https:\/\/eurytionpress.com\/wp-content\/uploads\/2024\/12\/Eurytion_logo_negro_TRANS-300x117.png\"},{\"@type\":\"BreadcrumbList\",\"@id\":\"https:\/\/eurytionpress.com\/en\/contacto-revista\/#breadcrumb\",\"itemListElement\":[{\"@type\":\"ListItem\",\"position\":1,\"name\":\"Portada\",\"item\":\"https:\/\/eurytionpress.com\/en\/\"},{\"@type\":\"ListItem\",\"position\":2,\"name\":\"Contacto Revista\"}]},{\"@type\":\"WebSite\",\"@id\":\"https:\/\/eurytionpress.com\/en\/#website\",\"url\":\"https:\/\/eurytionpress.com\/en\/\",\"name\":\"Eurytion Press\",\"description\":\"Editorial de libros cient\u00edficos y acad\u00e9micos\",\"publisher\":{\"@id\":\"https:\/\/eurytionpress.com\/en\/#organization\"},\"potentialAction\":[{\"@type\":\"SearchAction\",\"target\":{\"@type\":\"EntryPoint\",\"urlTemplate\":\"https:\/\/eurytionpress.com\/en\/?s={search_term_string}\"},\"query-input\":{\"@type\":\"PropertyValueSpecification\",\"valueRequired\":true,\"valueName\":\"search_term_string\"}}],\"inLanguage\":\"en-US\"},{\"@type\":\"Organization\",\"@id\":\"https:\/\/eurytionpress.com\/en\/#organization\",\"name\":\"Eurytion Press\",\"url\":\"https:\/\/eurytionpress.com\/en\/\",\"logo\":{\"@type\":\"ImageObject\",\"inLanguage\":\"en-US\",\"@id\":\"https:\/\/eurytionpress.com\/en\/#\/schema\/logo\/image\/\",\"url\":\"https:\/\/eurytionpress.com\/wp-content\/uploads\/2025\/07\/eurityon-press.png\",\"contentUrl\":\"https:\/\/eurytionpress.com\/wp-content\/uploads\/2025\/07\/eurityon-press.png\",\"width\":229,\"height\":46,\"caption\":\"Eurytion Press\"},\"image\":{\"@id\":\"https:\/\/eurytionpress.com\/en\/#\/schema\/logo\/image\/\"}}]}<\/script>\n<!-- \/ Yoast SEO plugin. -->","yoast_head_json":{"title":"Contacto Revista - Eurytion Press","robots":{"index":"index","follow":"follow","max-snippet":"max-snippet:-1","max-image-preview":"max-image-preview:large","max-video-preview":"max-video-preview:-1"},"canonical":"https:\/\/eurytionpress.com\/en\/contacto-revista\/","og_locale":"en_US","og_type":"article","og_title":"Contacto Revista - Eurytion Press","og_description":"Director JOS\u00c9 G\u00d3MEZ GAL\u00c1NRedacci\u00f3n&nbsp;JOAQU\u00cdN CERD\u00c1 BOLUDADirecci\u00f3n de Arte&nbsp;SUE REQUENAPublicidad VIRGINIA I. LUENGODelegado Ejecutivo CARLOS PAD\u00cdN&hellip;","og_url":"https:\/\/eurytionpress.com\/en\/contacto-revista\/","og_site_name":"Eurytion Press","article_modified_time":"2025-07-10T16:50:39+00:00","og_image":[{"width":1280,"height":500,"url":"https:\/\/eurytionpress.com\/wp-content\/uploads\/2024\/12\/Eurytion_logo_negro_TRANS.png","type":"image\/png"}],"twitter_card":"summary_large_image","twitter_misc":{"Est. reading time":"1 minute"},"schema":{"@context":"https:\/\/schema.org","@graph":[{"@type":"WebPage","@id":"https:\/\/eurytionpress.com\/en\/contacto-revista\/","url":"https:\/\/eurytionpress.com\/en\/contacto-revista\/","name":"Contacto Revista - Eurytion Press","isPartOf":{"@id":"https:\/\/eurytionpress.com\/en\/#website"},"primaryImageOfPage":{"@id":"https:\/\/eurytionpress.com\/en\/contacto-revista\/#primaryimage"},"image":{"@id":"https:\/\/eurytionpress.com\/en\/contacto-revista\/#primaryimage"},"thumbnailUrl":"https:\/\/eurytionpress.com\/wp-content\/uploads\/2024\/12\/Eurytion_logo_negro_TRANS-300x117.png","datePublished":"2025-01-22T08:42:45+00:00","dateModified":"2025-07-10T16:50:39+00:00","breadcrumb":{"@id":"https:\/\/eurytionpress.com\/en\/contacto-revista\/#breadcrumb"},"inLanguage":"en-US","potentialAction":[{"@type":"ReadAction","target":["https:\/\/eurytionpress.com\/en\/contacto-revista\/"]}]},{"@type":"ImageObject","inLanguage":"en-US","@id":"https:\/\/eurytionpress.com\/en\/contacto-revista\/#primaryimage","url":"https:\/\/eurytionpress.com\/wp-content\/uploads\/2024\/12\/Eurytion_logo_negro_TRANS-300x117.png","contentUrl":"https:\/\/eurytionpress.com\/wp-content\/uploads\/2024\/12\/Eurytion_logo_negro_TRANS-300x117.png"},{"@type":"BreadcrumbList","@id":"https:\/\/eurytionpress.com\/en\/contacto-revista\/#breadcrumb","itemListElement":[{"@type":"ListItem","position":1,"name":"Portada","item":"https:\/\/eurytionpress.com\/en\/"},{"@type":"ListItem","position":2,"name":"Contacto Revista"}]},{"@type":"WebSite","@id":"https:\/\/eurytionpress.com\/en\/#website","url":"https:\/\/eurytionpress.com\/en\/","name":"Eurytion Press","description":"Editorial de libros cient\u00edficos y acad\u00e9micos","publisher":{"@id":"https:\/\/eurytionpress.com\/en\/#organization"},"potentialAction":[{"@type":"SearchAction","target":{"@type":"EntryPoint","urlTemplate":"https:\/\/eurytionpress.com\/en\/?s={search_term_string}"},"query-input":{"@type":"PropertyValueSpecification","valueRequired":true,"valueName":"search_term_string"}}],"inLanguage":"en-US"},{"@type":"Organization","@id":"https:\/\/eurytionpress.com\/en\/#organization","name":"Eurytion Press","url":"https:\/\/eurytionpress.com\/en\/","logo":{"@type":"ImageObject","inLanguage":"en-US","@id":"https:\/\/eurytionpress.com\/en\/#\/schema\/logo\/image\/","url":"https:\/\/eurytionpress.com\/wp-content\/uploads\/2025\/07\/eurityon-press.png","contentUrl":"https:\/\/eurytionpress.com\/wp-content\/uploads\/2025\/07\/eurityon-press.png","width":229,"height":46,"caption":"Eurytion Press"},"image":{"@id":"https:\/\/eurytionpress.com\/en\/#\/schema\/logo\/image\/"}}]}},"_links":{"self":[{"href":"https:\/\/eurytionpress.com\/en\/wp-json\/wp\/v2\/pages\/20857","targetHints":{"allow":["GET"]}}],"collection":[{"href":"https:\/\/eurytionpress.com\/en\/wp-json\/wp\/v2\/pages"}],"about":[{"href":"https:\/\/eurytionpress.com\/en\/wp-json\/wp\/v2\/types\/page"}],"author":[{"embeddable":true,"href":"https:\/\/eurytionpress.com\/en\/wp-json\/wp\/v2\/users\/2"}],"replies":[{"embeddable":true,"href":"https:\/\/eurytionpress.com\/en\/wp-json\/wp\/v2\/comments?post=20857"}],"version-history":[{"count":2,"href":"https:\/\/eurytionpress.com\/en\/wp-json\/wp\/v2\/pages\/20857\/revisions"}],"predecessor-version":[{"id":23789,"href":"https:\/\/eurytionpress.com\/en\/wp-json\/wp\/v2\/pages\/20857\/revisions\/23789"}],"wp:attachment":[{"href":"https:\/\/eurytionpress.com\/en\/wp-json\/wp\/v2\/media?parent=20857"}],"curies":[{"name":"wp","href":"https:\/\/api.w.org\/{rel}","templated":true}]}}