{"id":23782,"date":"2025-07-07T10:55:12","date_gmt":"2025-07-07T08:55:12","guid":{"rendered":"https:\/\/wpempresa.com\/eurytion\/ebook\/"},"modified":"2025-07-07T10:55:12","modified_gmt":"2025-07-07T08:55:12","slug":"ebook","status":"publish","type":"page","link":"https:\/\/eurytionpress.com\/en\/international\/ebook\/","title":{"rendered":"Libros Digitales"},"content":{"rendered":"\t\t<div data-elementor-type=\"wp-page\" data-elementor-id=\"23782\" class=\"elementor elementor-23782 elementor-23154\">\n\t\t\t\t\t\t<section class=\"elementor-section elementor-top-section elementor-element elementor-element-e0fbe9a elementor-section-boxed elementor-section-height-default elementor-section-height-default sc_fly_static\" data-id=\"e0fbe9a\" data-element_type=\"section\">\n\t\t\t\t\t\t<div class=\"elementor-container elementor-column-gap-extended\">\n\t\t\t\t\t<div class=\"elementor-column elementor-col-100 elementor-top-column elementor-element elementor-element-3c684be sc_content_align_inherit sc_layouts_column_icons_position_left sc_fly_static\" data-id=\"3c684be\" data-element_type=\"column\">\n\t\t\t<div class=\"elementor-widget-wrap elementor-element-populated\">\n\t\t\t\t\t\t<div class=\"elementor-element elementor-element-a4a2b61 sc_style_default sc_fly_static elementor-widget elementor-widget-trx_sc_blogger\" data-id=\"a4a2b61\" data-element_type=\"widget\" data-widget_type=\"trx_sc_blogger.default\">\n\t\t\t\t<div class=\"elementor-widget-container\">\n\t\t\t\t\t<div \t\tclass=\"sc_blogger sc_blogger_default sc_blogger_default_classic sc_item_filters_tabs_none alignnone\" ><div class=\"sc_blogger_columns_wrap sc_item_columns sc_item_posts_container trx_addons_columns_wrap columns_padding_bottom\" ><div class=\"trx_addons_column-1_6\"><div data-post-id=\"23765\" data-item-number=\"1\" class=\"sc_blogger_item sc_item_container post_container sc_blogger_item_default sc_blogger_item_default_classic sc_blogger_item_odd sc_blogger_item_align_none post_format_standard sc_blogger_item_with_image sc_blogger_item_with_excerpt sc_blogger_item_image_position_top post-23765 product type-product status-publish has-post-thumbnail product_cat-digital-books product_cat-international-en first instock product-type-external\" ><div class=\"sc_blogger_item_body\"><div class=\"post_featured with_thumb hover_ sc_item_featured sc_blogger_item_featured post_featured_bg\" data-ratio=\"16:24\"><span class=\"post_thumb post_thumb_bg bg_in booklovers_inline_720627737\"><\/span>\t\t\t\t<a href=\"https:\/\/eurytionpress.com\/en\/advances-and-innovations-in-educational-research\/\"  aria-hidden=\"true\" class=\"icons\"><\/a>\n\t\t\t\t<\/div><div class=\"sc_blogger_item_content entry-content\"><h5 class=\"sc_blogger_item_title entry-title\" data-item-number=\"1\"><a href=\"https:\/\/eurytionpress.com\/en\/advances-and-innovations-in-educational-research\/\" rel=\"bookmark\">Advances and Innovations in Educational Research<\/a><\/h5><div class=\"sc_blogger_item_excerpt\">This book belongs to the series &#8220;Advanced Research in Education and Social Sciences,&#8221; a fundamental&hellip;<\/div><div class=\"sc_blogger_item_button sc_item_button\"><a href=\"https:\/\/eurytionpress.com\/en\/advances-and-innovations-in-educational-research\/\" class=\"item_more_link\"><span class=\"link_text\">Read more<\/span><span class=\"link_icon\"><\/span><\/a><\/div><\/div><!-- .entry-content --><\/div><!-- .sc_blogger_item_body --><\/div><!-- .sc_blogger_item --><\/div><div class=\"trx_addons_column-1_6\"><div data-post-id=\"23717\" data-item-number=\"2\" class=\"sc_blogger_item sc_item_container post_container sc_blogger_item_default sc_blogger_item_default_classic sc_blogger_item_even sc_blogger_item_align_none post_format_standard sc_blogger_item_with_image sc_blogger_item_with_excerpt sc_blogger_item_image_position_top post-23717 product type-product status-publish has-post-thumbnail product_cat-digital-books product_cat-international-en  instock product-type-external\" ><div class=\"sc_blogger_item_body\"><div class=\"post_featured with_thumb hover_ sc_item_featured sc_blogger_item_featured post_featured_bg\" data-ratio=\"16:24\"><span class=\"post_thumb post_thumb_bg bg_in booklovers_inline_921584173\"><\/span>\t\t\t\t<a href=\"https:\/\/eurytionpress.com\/en\/instructional-strategies-in-teacher-training\/\"  aria-hidden=\"true\" class=\"icons\"><\/a>\n\t\t\t\t<\/div><div class=\"sc_blogger_item_content entry-content\"><h5 class=\"sc_blogger_item_title entry-title\" data-item-number=\"2\"><a href=\"https:\/\/eurytionpress.com\/en\/instructional-strategies-in-teacher-training\/\" rel=\"bookmark\">Instructional Strategies in Teacher Training<\/a><\/h5><div class=\"sc_blogger_item_excerpt\">This book belongs to the series &#8220;Advanced Research in Education and Social Sciences,&#8221; a fundamental&hellip;<\/div><div class=\"sc_blogger_item_button sc_item_button\"><a href=\"https:\/\/eurytionpress.com\/en\/instructional-strategies-in-teacher-training\/\" class=\"item_more_link\"><span class=\"link_text\">Read more<\/span><span class=\"link_icon\"><\/span><\/a><\/div><\/div><!-- .entry-content --><\/div><!-- .sc_blogger_item_body --><\/div><!-- .sc_blogger_item --><\/div><div class=\"trx_addons_column-1_6\"><div data-post-id=\"23712\" data-item-number=\"3\" class=\"sc_blogger_item sc_item_container post_container sc_blogger_item_default sc_blogger_item_default_classic sc_blogger_item_odd sc_blogger_item_align_none post_format_standard sc_blogger_item_with_image sc_blogger_item_with_excerpt sc_blogger_item_image_position_top post-23712 product type-product status-publish has-post-thumbnail product_cat-digital-books product_cat-international-en  instock product-type-external\" ><div class=\"sc_blogger_item_body\"><div class=\"post_featured with_thumb hover_ sc_item_featured sc_blogger_item_featured post_featured_bg\" data-ratio=\"16:24\"><span class=\"post_thumb post_thumb_bg bg_in booklovers_inline_1187418387\"><\/span>\t\t\t\t<a href=\"https:\/\/eurytionpress.com\/en\/la-educacion-superior-en-el-siglo-xxi-innovaciones-didacticas-y-pedagogicas\/\"  aria-hidden=\"true\" class=\"icons\"><\/a>\n\t\t\t\t<\/div><div class=\"sc_blogger_item_content entry-content\"><h5 class=\"sc_blogger_item_title entry-title\" data-item-number=\"3\"><a href=\"https:\/\/eurytionpress.com\/en\/la-educacion-superior-en-el-siglo-xxi-innovaciones-didacticas-y-pedagogicas\/\" rel=\"bookmark\">La Educaci\u00f3n Superior en el Siglo XXI: Innovaciones Did\u00e1cticas y Pedag\u00f3gicas<\/a><\/h5><div class=\"sc_blogger_item_excerpt\">Este importante proyecto cient\u00edfico \u201cLa Educaci\u00f3n Superior en el Siglo XXI\u201d, publicado en cinco vol\u00famenes&hellip;<\/div><div class=\"sc_blogger_item_button sc_item_button\"><a href=\"https:\/\/eurytionpress.com\/en\/la-educacion-superior-en-el-siglo-xxi-innovaciones-didacticas-y-pedagogicas\/\" class=\"item_more_link\"><span class=\"link_text\">Read more<\/span><span class=\"link_icon\"><\/span><\/a><\/div><\/div><!-- .entry-content --><\/div><!-- .sc_blogger_item_body --><\/div><!-- .sc_blogger_item --><\/div><div class=\"trx_addons_column-1_6\"><div data-post-id=\"23711\" data-item-number=\"4\" class=\"sc_blogger_item sc_item_container post_container sc_blogger_item_default sc_blogger_item_default_classic sc_blogger_item_even sc_blogger_item_align_none post_format_standard sc_blogger_item_with_image sc_blogger_item_with_excerpt sc_blogger_item_image_position_top post-23711 product type-product status-publish has-post-thumbnail product_cat-digital-books product_cat-international-en last instock product-type-external\" ><div class=\"sc_blogger_item_body\"><div class=\"post_featured with_thumb hover_ sc_item_featured sc_blogger_item_featured post_featured_bg\" data-ratio=\"16:24\"><span class=\"post_thumb post_thumb_bg bg_in booklovers_inline_215291248\"><\/span>\t\t\t\t<a href=\"https:\/\/eurytionpress.com\/en\/la-educacion-superior-en-el-siglo-xxi-una-mirada-multidisciplinaria\/\"  aria-hidden=\"true\" class=\"icons\"><\/a>\n\t\t\t\t<\/div><div class=\"sc_blogger_item_content entry-content\"><h5 class=\"sc_blogger_item_title entry-title\" data-item-number=\"4\"><a href=\"https:\/\/eurytionpress.com\/en\/la-educacion-superior-en-el-siglo-xxi-una-mirada-multidisciplinaria\/\" rel=\"bookmark\">La Educaci\u00f3n Superior en el Siglo XXI: Una Mirada Multidisciplinaria<\/a><\/h5><div class=\"sc_blogger_item_excerpt\">Este importante proyecto cient\u00edfico \u201cLa Educaci\u00f3n Superior en el Siglo XXI\u201d, publicado en cinco vol\u00famenes&hellip;<\/div><div class=\"sc_blogger_item_button sc_item_button\"><a href=\"https:\/\/eurytionpress.com\/en\/la-educacion-superior-en-el-siglo-xxi-una-mirada-multidisciplinaria\/\" class=\"item_more_link\"><span class=\"link_text\">Read more<\/span><span class=\"link_icon\"><\/span><\/a><\/div><\/div><!-- .entry-content --><\/div><!-- .sc_blogger_item_body --><\/div><!-- .sc_blogger_item --><\/div><div class=\"trx_addons_column-1_6\"><div data-post-id=\"23710\" data-item-number=\"5\" class=\"sc_blogger_item sc_item_container post_container sc_blogger_item_default sc_blogger_item_default_classic sc_blogger_item_odd sc_blogger_item_align_none post_format_standard sc_blogger_item_with_image sc_blogger_item_with_excerpt sc_blogger_item_image_position_top post-23710 product type-product status-publish has-post-thumbnail product_cat-digital-books product_cat-international-en first instock product-type-external\" ><div class=\"sc_blogger_item_body\"><div class=\"post_featured with_thumb hover_ sc_item_featured sc_blogger_item_featured post_featured_bg\" data-ratio=\"16:24\"><span class=\"post_thumb post_thumb_bg bg_in booklovers_inline_1544305066\"><\/span>\t\t\t\t<a href=\"https:\/\/eurytionpress.com\/en\/la-educacion-superior-en-el-siglo-xxi-una-reflexion-desde-y-para-el-profesorado\/\"  aria-hidden=\"true\" class=\"icons\"><\/a>\n\t\t\t\t<\/div><div class=\"sc_blogger_item_content entry-content\"><h5 class=\"sc_blogger_item_title entry-title\" data-item-number=\"5\"><a href=\"https:\/\/eurytionpress.com\/en\/la-educacion-superior-en-el-siglo-xxi-una-reflexion-desde-y-para-el-profesorado\/\" rel=\"bookmark\">La Educaci\u00f3n Superior en el Siglo XXI: Una Reflexi\u00f3n desde y para el Profesorado<\/a><\/h5><div class=\"sc_blogger_item_excerpt\">Este importante proyecto cient\u00edfico \u201cLa Educaci\u00f3n Superior en el Siglo XXI\u201d, publicado en cinco vol\u00famenes&hellip;<\/div><div class=\"sc_blogger_item_button sc_item_button\"><a href=\"https:\/\/eurytionpress.com\/en\/la-educacion-superior-en-el-siglo-xxi-una-reflexion-desde-y-para-el-profesorado\/\" class=\"item_more_link\"><span class=\"link_text\">Read more<\/span><span class=\"link_icon\"><\/span><\/a><\/div><\/div><!-- .entry-content --><\/div><!-- .sc_blogger_item_body --><\/div><!-- .sc_blogger_item --><\/div><div class=\"trx_addons_column-1_6\"><div data-post-id=\"23709\" data-item-number=\"6\" class=\"sc_blogger_item sc_item_container post_container sc_blogger_item_default sc_blogger_item_default_classic sc_blogger_item_even sc_blogger_item_align_none post_format_standard sc_blogger_item_with_image sc_blogger_item_with_excerpt sc_blogger_item_image_position_top post-23709 product type-product status-publish has-post-thumbnail product_cat-digital-books product_cat-international-en  instock product-type-external\" ><div class=\"sc_blogger_item_body\"><div class=\"post_featured with_thumb hover_ sc_item_featured sc_blogger_item_featured post_featured_bg\" data-ratio=\"16:24\"><span class=\"post_thumb post_thumb_bg bg_in booklovers_inline_1333869528\"><\/span>\t\t\t\t<a href=\"https:\/\/eurytionpress.com\/en\/la-educacion-superior-en-el-siglo-xxi-el-reto-de-las-tic\/\"  aria-hidden=\"true\" class=\"icons\"><\/a>\n\t\t\t\t<\/div><div class=\"sc_blogger_item_content entry-content\"><h5 class=\"sc_blogger_item_title entry-title\" data-item-number=\"6\"><a href=\"https:\/\/eurytionpress.com\/en\/la-educacion-superior-en-el-siglo-xxi-el-reto-de-las-tic\/\" rel=\"bookmark\">La Educaci\u00f3n Superior en el Siglo XXI: El Reto de las TIC<\/a><\/h5><div class=\"sc_blogger_item_excerpt\">Este importante proyecto cient\u00edfico \u201cLa Educaci\u00f3n Superior en el Siglo XXI\u201d, publicado en cinco vol\u00famenes&hellip;<\/div><div class=\"sc_blogger_item_button sc_item_button\"><a href=\"https:\/\/eurytionpress.com\/en\/la-educacion-superior-en-el-siglo-xxi-el-reto-de-las-tic\/\" class=\"item_more_link\"><span class=\"link_text\">Read more<\/span><span class=\"link_icon\"><\/span><\/a><\/div><\/div><!-- .entry-content --><\/div><!-- .sc_blogger_item_body --><\/div><!-- .sc_blogger_item --><\/div><div class=\"trx_addons_column-1_6\"><div data-post-id=\"23708\" data-item-number=\"7\" class=\"sc_blogger_item sc_item_container post_container sc_blogger_item_default sc_blogger_item_default_classic sc_blogger_item_odd sc_blogger_item_align_none post_format_standard sc_blogger_item_with_image sc_blogger_item_with_excerpt sc_blogger_item_image_position_top post-23708 product type-product status-publish has-post-thumbnail product_cat-digital-books product_cat-international-en  instock product-type-external\" ><div class=\"sc_blogger_item_body\"><div class=\"post_featured with_thumb hover_ sc_item_featured sc_blogger_item_featured post_featured_bg\" data-ratio=\"16:24\"><span class=\"post_thumb post_thumb_bg bg_in booklovers_inline_1508962603\"><\/span>\t\t\t\t<a href=\"https:\/\/eurytionpress.com\/en\/la-educacion-superior-en-el-siglo-xxi-nuevas-caracteristicas-profesionales-y-cientificas\/\"  aria-hidden=\"true\" class=\"icons\"><\/a>\n\t\t\t\t<\/div><div class=\"sc_blogger_item_content entry-content\"><h5 class=\"sc_blogger_item_title entry-title\" data-item-number=\"7\"><a href=\"https:\/\/eurytionpress.com\/en\/la-educacion-superior-en-el-siglo-xxi-nuevas-caracteristicas-profesionales-y-cientificas\/\" rel=\"bookmark\">La Educaci\u00f3n Superior en el Siglo XXI: Nuevas Caracter\u00edsticas Profesionales y Cient\u00edficas<\/a><\/h5><div class=\"sc_blogger_item_excerpt\">Este importante proyecto cient\u00edfico \u201cLa Educaci\u00f3n Superior en el Siglo XXI\u201d, publicado en cinco vol\u00famenes&hellip;<\/div><div class=\"sc_blogger_item_button sc_item_button\"><a href=\"https:\/\/eurytionpress.com\/en\/la-educacion-superior-en-el-siglo-xxi-nuevas-caracteristicas-profesionales-y-cientificas\/\" class=\"item_more_link\"><span class=\"link_text\">Read more<\/span><span class=\"link_icon\"><\/span><\/a><\/div><\/div><!-- .entry-content --><\/div><!-- .sc_blogger_item_body --><\/div><!-- .sc_blogger_item --><\/div><div class=\"trx_addons_column-1_6\"><div data-post-id=\"23648\" data-item-number=\"8\" class=\"sc_blogger_item sc_item_container post_container sc_blogger_item_default sc_blogger_item_default_classic sc_blogger_item_even sc_blogger_item_align_none post_format_standard sc_blogger_item_with_image sc_blogger_item_with_excerpt sc_blogger_item_image_position_top post-23648 product type-product status-publish has-post-thumbnail product_cat-digital-books product_cat-international-en last instock product-type-external\" ><div class=\"sc_blogger_item_body\"><div class=\"post_featured with_thumb hover_ sc_item_featured sc_blogger_item_featured post_featured_bg\" data-ratio=\"16:24\"><span class=\"post_thumb post_thumb_bg bg_in booklovers_inline_867183323\"><\/span>\t\t\t\t<a href=\"https:\/\/eurytionpress.com\/en\/new-pedagogical-studies-in-higher-education\/\"  aria-hidden=\"true\" class=\"icons\"><\/a>\n\t\t\t\t<\/div><div class=\"sc_blogger_item_content entry-content\"><h5 class=\"sc_blogger_item_title entry-title\" data-item-number=\"8\"><a href=\"https:\/\/eurytionpress.com\/en\/new-pedagogical-studies-in-higher-education\/\" rel=\"bookmark\">New Pedagogical Studies in Higher Education<\/a><\/h5><div class=\"sc_blogger_item_excerpt\">This book belongs to the series &#8220;Advanced Research in Education and Social Sciences,&#8221; a fundamental&hellip;<\/div><div class=\"sc_blogger_item_button sc_item_button\"><a href=\"https:\/\/eurytionpress.com\/en\/new-pedagogical-studies-in-higher-education\/\" class=\"item_more_link\"><span class=\"link_text\">Read more<\/span><span class=\"link_icon\"><\/span><\/a><\/div><\/div><!-- .entry-content --><\/div><!-- .sc_blogger_item_body --><\/div><!-- .sc_blogger_item --><\/div><div class=\"trx_addons_column-1_6\"><div data-post-id=\"23640\" data-item-number=\"9\" class=\"sc_blogger_item sc_item_container post_container sc_blogger_item_default sc_blogger_item_default_classic sc_blogger_item_odd sc_blogger_item_align_none post_format_standard sc_blogger_item_with_image sc_blogger_item_with_excerpt sc_blogger_item_image_position_top post-23640 product type-product status-publish has-post-thumbnail product_cat-digital-books product_cat-international-en first instock product-type-external\" ><div class=\"sc_blogger_item_body\"><div class=\"post_featured with_thumb hover_ sc_item_featured sc_blogger_item_featured post_featured_bg\" data-ratio=\"16:24\"><span class=\"post_thumb post_thumb_bg bg_in booklovers_inline_819439361\"><\/span>\t\t\t\t<a href=\"https:\/\/eurytionpress.com\/en\/research-foundations-of-the-social-sciences\/\"  aria-hidden=\"true\" class=\"icons\"><\/a>\n\t\t\t\t<\/div><div class=\"sc_blogger_item_content entry-content\"><h5 class=\"sc_blogger_item_title entry-title\" data-item-number=\"9\"><a href=\"https:\/\/eurytionpress.com\/en\/research-foundations-of-the-social-sciences\/\" rel=\"bookmark\">Research Foundations of the Social Sciences<\/a><\/h5><div class=\"sc_blogger_item_excerpt\">This book belongs to the series &#8220;Advanced Research in Education and Social Sciences,&#8221; a fundamental&hellip;<\/div><div class=\"sc_blogger_item_button sc_item_button\"><a href=\"https:\/\/eurytionpress.com\/en\/research-foundations-of-the-social-sciences\/\" class=\"item_more_link\"><span class=\"link_text\">Read more<\/span><span class=\"link_icon\"><\/span><\/a><\/div><\/div><!-- .entry-content --><\/div><!-- .sc_blogger_item_body --><\/div><!-- .sc_blogger_item --><\/div><\/div><\/div>\t\t\t\t<\/div>\n\t\t\t\t<\/div>\n\t\t\t\t\t<\/div>\n\t\t<\/div>\n\t\t\t\t\t<\/div>\n\t\t<\/section>\n\t\t\t\t<\/div>\n\t\t","protected":false},"excerpt":{"rendered":"<p>Advances and Innovations in Educational Research This book belongs to the series \u00abAdvanced Research in&hellip;<\/p>\n","protected":false},"author":2,"featured_media":0,"parent":23784,"menu_order":0,"comment_status":"closed","ping_status":"closed","template":"","meta":{"footnotes":""},"class_list":["post-23782","page","type-page","status-publish","hentry"],"yoast_head":"<!-- This site is optimized with the Yoast SEO plugin v25.3.1 - https:\/\/yoast.com\/wordpress\/plugins\/seo\/ -->\n<title>Libros Digitales - Eurytion Press<\/title>\n<meta name=\"robots\" content=\"index, follow, max-snippet:-1, max-image-preview:large, max-video-preview:-1\" \/>\n<link rel=\"canonical\" href=\"https:\/\/eurytionpress.com\/en\/international\/ebook\/\" \/>\n<meta property=\"og:locale\" content=\"en_US\" \/>\n<meta property=\"og:type\" content=\"article\" \/>\n<meta property=\"og:title\" content=\"Libros Digitales - Eurytion Press\" \/>\n<meta property=\"og:description\" content=\"Advances and Innovations in Educational Research This book belongs to the series \u00abAdvanced Research in&hellip;\" \/>\n<meta property=\"og:url\" content=\"https:\/\/eurytionpress.com\/en\/international\/ebook\/\" \/>\n<meta property=\"og:site_name\" content=\"Eurytion Press\" \/>\n<meta name=\"twitter:card\" content=\"summary_large_image\" \/>\n<meta name=\"twitter:label1\" content=\"Est. reading time\" \/>\n\t<meta name=\"twitter:data1\" content=\"1 minute\" \/>\n<script type=\"application\/ld+json\" class=\"yoast-schema-graph\">{\"@context\":\"https:\/\/schema.org\",\"@graph\":[{\"@type\":\"WebPage\",\"@id\":\"https:\/\/eurytionpress.com\/en\/international\/ebook\/\",\"url\":\"https:\/\/eurytionpress.com\/en\/international\/ebook\/\",\"name\":\"Libros Digitales - Eurytion Press\",\"isPartOf\":{\"@id\":\"https:\/\/eurytionpress.com\/en\/#website\"},\"datePublished\":\"2025-07-07T08:55:12+00:00\",\"breadcrumb\":{\"@id\":\"https:\/\/eurytionpress.com\/en\/international\/ebook\/#breadcrumb\"},\"inLanguage\":\"en-US\",\"potentialAction\":[{\"@type\":\"ReadAction\",\"target\":[\"https:\/\/eurytionpress.com\/en\/international\/ebook\/\"]}]},{\"@type\":\"BreadcrumbList\",\"@id\":\"https:\/\/eurytionpress.com\/en\/international\/ebook\/#breadcrumb\",\"itemListElement\":[{\"@type\":\"ListItem\",\"position\":1,\"name\":\"Portada\",\"item\":\"https:\/\/eurytionpress.com\/en\/\"},{\"@type\":\"ListItem\",\"position\":2,\"name\":\"Libros Digitales\"}]},{\"@type\":\"WebSite\",\"@id\":\"https:\/\/eurytionpress.com\/en\/#website\",\"url\":\"https:\/\/eurytionpress.com\/en\/\",\"name\":\"Eurytion Press\",\"description\":\"Editorial de libros cient\u00edficos y acad\u00e9micos\",\"publisher\":{\"@id\":\"https:\/\/eurytionpress.com\/en\/#organization\"},\"potentialAction\":[{\"@type\":\"SearchAction\",\"target\":{\"@type\":\"EntryPoint\",\"urlTemplate\":\"https:\/\/eurytionpress.com\/en\/?s={search_term_string}\"},\"query-input\":{\"@type\":\"PropertyValueSpecification\",\"valueRequired\":true,\"valueName\":\"search_term_string\"}}],\"inLanguage\":\"en-US\"},{\"@type\":\"Organization\",\"@id\":\"https:\/\/eurytionpress.com\/en\/#organization\",\"name\":\"Eurytion Press\",\"url\":\"https:\/\/eurytionpress.com\/en\/\",\"logo\":{\"@type\":\"ImageObject\",\"inLanguage\":\"en-US\",\"@id\":\"https:\/\/eurytionpress.com\/en\/#\/schema\/logo\/image\/\",\"url\":\"https:\/\/eurytionpress.com\/wp-content\/uploads\/2025\/07\/eurityon-press.png\",\"contentUrl\":\"https:\/\/eurytionpress.com\/wp-content\/uploads\/2025\/07\/eurityon-press.png\",\"width\":229,\"height\":46,\"caption\":\"Eurytion Press\"},\"image\":{\"@id\":\"https:\/\/eurytionpress.com\/en\/#\/schema\/logo\/image\/\"}}]}<\/script>\n<!-- \/ Yoast SEO plugin. -->","yoast_head_json":{"title":"Libros Digitales - Eurytion Press","robots":{"index":"index","follow":"follow","max-snippet":"max-snippet:-1","max-image-preview":"max-image-preview:large","max-video-preview":"max-video-preview:-1"},"canonical":"https:\/\/eurytionpress.com\/en\/international\/ebook\/","og_locale":"en_US","og_type":"article","og_title":"Libros Digitales - Eurytion Press","og_description":"Advances and Innovations in Educational Research This book belongs to the series \u00abAdvanced Research in&hellip;","og_url":"https:\/\/eurytionpress.com\/en\/international\/ebook\/","og_site_name":"Eurytion Press","twitter_card":"summary_large_image","twitter_misc":{"Est. reading time":"1 minute"},"schema":{"@context":"https:\/\/schema.org","@graph":[{"@type":"WebPage","@id":"https:\/\/eurytionpress.com\/en\/international\/ebook\/","url":"https:\/\/eurytionpress.com\/en\/international\/ebook\/","name":"Libros Digitales - Eurytion Press","isPartOf":{"@id":"https:\/\/eurytionpress.com\/en\/#website"},"datePublished":"2025-07-07T08:55:12+00:00","breadcrumb":{"@id":"https:\/\/eurytionpress.com\/en\/international\/ebook\/#breadcrumb"},"inLanguage":"en-US","potentialAction":[{"@type":"ReadAction","target":["https:\/\/eurytionpress.com\/en\/international\/ebook\/"]}]},{"@type":"BreadcrumbList","@id":"https:\/\/eurytionpress.com\/en\/international\/ebook\/#breadcrumb","itemListElement":[{"@type":"ListItem","position":1,"name":"Portada","item":"https:\/\/eurytionpress.com\/en\/"},{"@type":"ListItem","position":2,"name":"Libros Digitales"}]},{"@type":"WebSite","@id":"https:\/\/eurytionpress.com\/en\/#website","url":"https:\/\/eurytionpress.com\/en\/","name":"Eurytion Press","description":"Editorial de libros cient\u00edficos y acad\u00e9micos","publisher":{"@id":"https:\/\/eurytionpress.com\/en\/#organization"},"potentialAction":[{"@type":"SearchAction","target":{"@type":"EntryPoint","urlTemplate":"https:\/\/eurytionpress.com\/en\/?s={search_term_string}"},"query-input":{"@type":"PropertyValueSpecification","valueRequired":true,"valueName":"search_term_string"}}],"inLanguage":"en-US"},{"@type":"Organization","@id":"https:\/\/eurytionpress.com\/en\/#organization","name":"Eurytion Press","url":"https:\/\/eurytionpress.com\/en\/","logo":{"@type":"ImageObject","inLanguage":"en-US","@id":"https:\/\/eurytionpress.com\/en\/#\/schema\/logo\/image\/","url":"https:\/\/eurytionpress.com\/wp-content\/uploads\/2025\/07\/eurityon-press.png","contentUrl":"https:\/\/eurytionpress.com\/wp-content\/uploads\/2025\/07\/eurityon-press.png","width":229,"height":46,"caption":"Eurytion Press"},"image":{"@id":"https:\/\/eurytionpress.com\/en\/#\/schema\/logo\/image\/"}}]}},"_links":{"self":[{"href":"https:\/\/eurytionpress.com\/en\/wp-json\/wp\/v2\/pages\/23782","targetHints":{"allow":["GET"]}}],"collection":[{"href":"https:\/\/eurytionpress.com\/en\/wp-json\/wp\/v2\/pages"}],"about":[{"href":"https:\/\/eurytionpress.com\/en\/wp-json\/wp\/v2\/types\/page"}],"author":[{"embeddable":true,"href":"https:\/\/eurytionpress.com\/en\/wp-json\/wp\/v2\/users\/2"}],"replies":[{"embeddable":true,"href":"https:\/\/eurytionpress.com\/en\/wp-json\/wp\/v2\/comments?post=23782"}],"version-history":[{"count":0,"href":"https:\/\/eurytionpress.com\/en\/wp-json\/wp\/v2\/pages\/23782\/revisions"}],"up":[{"embeddable":true,"href":"https:\/\/eurytionpress.com\/en\/wp-json\/wp\/v2\/pages\/23784"}],"wp:attachment":[{"href":"https:\/\/eurytionpress.com\/en\/wp-json\/wp\/v2\/media?parent=23782"}],"curies":[{"name":"wp","href":"https:\/\/api.w.org\/{rel}","templated":true}]}}