{"id":23790,"date":"2025-01-22T09:36:07","date_gmt":"2025-01-22T08:36:07","guid":{"rendered":"https:\/\/wpempresa.com\/eurytion\/comite-cientifico\/"},"modified":"2025-01-22T09:36:07","modified_gmt":"2025-01-22T08:36:07","slug":"comite-cientifico","status":"publish","type":"page","link":"https:\/\/eurytionpress.com\/en\/comite-cientifico\/","title":{"rendered":"Comit\u00e9 Cient\u00edfico"},"content":{"rendered":"\t\t<div data-elementor-type=\"wp-page\" data-elementor-id=\"23790\" class=\"elementor elementor-23790 elementor-20435\">\n\t\t\t\t\t\t<section class=\"elementor-section-with-custom-width elementor-section elementor-top-section elementor-element elementor-element-29ebf7e elementor-section-boxed elementor-section-height-default elementor-section-height-default sc_fly_static\" data-id=\"29ebf7e\" data-element_type=\"section\">\n\t\t\t\t\t\t<div class=\"elementor-container elementor-column-gap-default\">\n\t\t\t\t\t<div class=\"elementor-column elementor-col-100 elementor-top-column elementor-element elementor-element-1d863e9 sc_content_align_inherit sc_layouts_column_icons_position_left sc_fly_static\" data-id=\"1d863e9\" data-element_type=\"column\">\n\t\t\t<div class=\"elementor-widget-wrap elementor-element-populated\">\n\t\t\t\t\t\t<div class=\"elementor-element elementor-element-dcad748 sc_fly_static elementor-widget elementor-widget-text-editor\" data-id=\"dcad748\" data-element_type=\"widget\" data-widget_type=\"text-editor.default\">\n\t\t\t\t<div class=\"elementor-widget-container\">\n\t\t\t\t\t\t\t\t\t<p><img decoding=\"async\" class=\"size-full wp-image-20443 aligncenter\" src=\"https:\/\/wpempresa.com\/eurytion\/wp-content\/uploads\/2025\/01\/descarga-1.png\" alt=\"\" width=\"300\" height=\"109\" \/><\/p><p><span style=\"color: #797979;\"><strong>Editorial Board. <\/strong><\/span><\/p><p style=\"text-align: justify;\"><span style=\"color: #797979;\"><strong>Editor-in-Chief:<\/strong> Jos\u00e9 G\u00f3mez Gal\u00e1n, PhD, PhD.<\/span><\/p><p style=\"text-align: justify;\"><span style=\"color: #797979;\"><strong>Editor:<\/strong> Joaqu\u00edn Cerd\u00e1 Boluda, PhD.<\/span><\/p><p style=\"text-align: justify;\"><span style=\"color: #797979;\"><strong>Associate Editors:<\/strong> Daniel Andreas Verdu Schumann, Ph.D., U. Paderborn, Germany; Eloy L\u00f3pez Meneses, PhD., U. Pablo de Olavide, Spain; Fabrizio Manuel Sirignano, PhD., U. Suor Orsola Benincasa, Italy; Juan Jos\u00e9 S\u00e1nchez-Oro, PhD. Cand. U. Complutense, Spain; M\u00f3nica Cornejo Valle, PhD., U. Complutense, Spain;<\/span><\/p><p style=\"text-align: justify;\"><span style=\"color: #797979;\"><strong>International Editorial Advisory Board:\u00a0<\/strong>Antonio Cortijo Oca\u00f1a, Ph.D., U. California Santa Barbara, USA; Antonio Hilario Martin Padilla, Ph.D., U. Pablo de Olavide, Spain; Antonio Pi\u00f1ero S\u00e1enz, PhD., U. Complutense, Spain; Carmen Rosa Coloma Manrique, PhD., U. Cat\u00f3lica, Peru; Carolina Silva Sousa, PhD., U. Algarve, Portugal; Chiara Antonia d\u2019Alessandro, PhD., U. Campania Luigi Vanvitelli, Italy; Demian Takumasa Kondo, Ph.D. Corpoica, Palmira Research Station, Colombia; Edileuza de Freitas Miranda de Mendon\u00e7a, PhD., Conselho de Educa\u00e7\u00e3o de Goi\u00e2nia, Brazil; Edgard G. Rivera-Valent\u00edn, PhD., University Space Research Association, Puerto Rico \u2013 USA; Enricomaria Corbi, PhD., U. Suor Orsola Benincasa, Italy; Francesca Marone, PhD., U. Napoli Federico II, Italy; Javier Loredo Enr\u00edquez, PhD., U. Iberoamericana, Mexico; Jos\u00e9 Carlos Escudero Garc\u00eda, PhD., U. Extremadura, Spain; Jos\u00e9 Luis Salmer\u00f3n Silvera, PhD., U. Pablo de Olavide, Spain; Jos\u00e9 Miguel Mulet Salort, PhD., U. Polit\u00e9cnica de Valencia, Spain; Juan Carlos Meana Mart\u00ednez, Ph.D., U. Vigo, Spain; Julio Real Garc\u00eda, PhD., U. Aut\u00f3noma de Madrid, Spain; Luz Mart\u00ednez Torres, Ph.D., U. Puerto Rico, Puerto Rico; Mar\u00eda Guadalupe Veytia Bucheli, PhD., U. Aut\u00f3noma Hidalgo, Mexico; Maria Helena Saari, PhD Cand., University of Oulu, Finland; Mar\u00eda Isabel Ponce Escudero, PhD., Junta de Extremadura, Spain; Maria Luisa Iavarone, PhD., U. Parthenope, Italy; Mar\u00eda del Coral L\u00f3pez G\u00f3mez, PhD., Eastern Michigan University, USA; Mar\u00edlia Cid, PhD., U. Evora, Portugal; Montserrat Escart\u00edn Gual, Ph.D., U. Girona, Spain; Mylord Reyes Tosta, PhD., Eastern Michigan University, USA; Natascia Villani, PhD., U. Suor Orsola Benincasa, Italy; Noelia Margarita Moreno Mart\u00ednez, PhD., U. M\u00e1laga, Spain; Pascal Perillo, PhD., U. Suor Orsola Benincasa, Italy; Rosabel Roig-Vila, PhD., U. Alicante, Spain; Santiago Atrio Cerezo, PhD., U. Aut\u00f3noma de Madrid, Spain; Sof\u00eda Kamenetskaia Kotseruba, Ph.D., U. Nacional Aut\u00f3noma, Mexico; Vicent Martines Peres, PhD., ISIC-IVITRA, U. Alicante, Spain.\u00a0<\/span><\/p><p style=\"text-align: justify;\"><span style=\"color: #797979;\"><strong>External Collaborators:<\/strong> Chris Aubeck, MA.; Olga A. Figueroa Miranda, PhD. Cand., Loli Higuero Padilla, MA.; Luis F\u00e9lix Mar\u00edn Recio, MS.; Santiago Velasco Sol, MA. Isotta Mac Fadden, MA.<\/span><\/p><p style=\"text-align: justify;\"><span style=\"color: #797979;\"><strong>Institutional Committee.<\/strong> Jos\u00e9 F. M\u00e9ndez M\u00e9ndez, PhD., UAGM, Puerto Rico; Carlos M. Pad\u00edn Bibiloni, PhD., UAGM, Puerto Rico; E. David M\u00e9ndez Pag\u00e1n, PhD., UAGM, Puerto Rico; Migdalia Torres Rivera, PhD., UAGM, Puerto Rico; \u00c1ngel A. Toledo L\u00f3pez, PhD., UAGM, Puerto Rico; Jos\u00e9 E. Berr\u00edos Lugo, PhD., UAGM, Puerto Rico; Jos\u00e9 Cintr\u00f3n Cabrera, PhD., UAGM, Puerto Rico; Zaida Vega Lugo, PhD., UAGM, Puerto Rico; Mariwilda Padilla, PhD., UAGM, Puerto Rico; Omar Ponce, PhD.,UAGM, Puerto Rico; Nellie Pag\u00e1n Maldonado, PhD., UAGM, Puerto Rico.<\/span><\/p><p style=\"text-align: justify;\"><span style=\"color: #797979;\"><strong>Contact Us:<\/strong> Universidad Ana G. M\u00e9ndez (UAGM). PO Box 21150 San Juan, PR 00928-1150. jogomez@uagm.edu.<\/span><\/p><p style=\"text-align: justify;\"><span style=\"color: #797979;\"><strong>Policies<\/strong><\/span><\/p><p style=\"text-align: justify;\"><span style=\"color: #797979;\"><strong>Focus and Scope:<\/strong>\u00a0 Fronteras de la Ciencia (ISSN: 2565-1021; e-ISSN: 2565-2044) is a multidisciplinary journal whose main objective is the diffusion of studies providing answers to major scientific problems in general academic contexts. It aims to improve society by disseminating knowledge and supporting scientific development. Papers will be welcomed, regardless of the subject area to which they belong, as long as they entail a contribution to the development of knowledge in the scientific world. All papers submitted for publication must be unpublished and original, and should not have been submitted to other journals for evaluation\/publication.\u00a0<\/span><\/p><p style=\"text-align: justify;\"><span style=\"color: #797979;\"><strong>Peer Review Process:<\/strong> Original submissions to the journal will be reviewed by external referees, a process known as peer review. Reviewers are academics and researchers who are experts in the corresponding specialized field of knowledge. Their main task will be to study all submitted papers critically and constructively. For a paper&#8217;s evaluation the &#8220;double-blind&#8221; system will be used.\u00a0<\/span><\/p><p style=\"text-align: justify;\"><span style=\"color: #797979;\"><strong>Publication Frequency:<\/strong> The periodicity of the journal will be four issues per year. <strong>Audience:<\/strong> The journal is addressed to the scientific community and to society in general.\u00a0<\/span><\/p><p style=\"text-align: justify;\"><span style=\"color: #797979;\"><strong>Copyright:<\/strong> Authors sign an exclusive license agreement in which authors retain copyright but license publication rights to the publisher. Authorization for reproduction of tables, figures, graphs or less than 150 words of text is not necessary; however, the correct citation of sources of information is required by law. In all other cases appropriate permission and \/ or authorization must be requested from the Editorial Board in accordance with international legislation on intellectual property protection.\u00a0<\/span><\/p><p style=\"text-align: justify;\"><span style=\"color: #797979;\"><strong>Ethics:<\/strong> For all parties involved in the act of publishing (the author, the journal\/publisher and the peer reviewer) it is necessary to agree upon standards of expected ethical behavior. The ethics statements for the journal are based on the Committee on Publication Ethics (COPE) Editors. The authors should ensure that any actual or apparent conflicting or competing interest is clearly stated on submission of their manuscript. This journal will immediately reject papers leading to plagiarism.<\/span><\/p><p><img decoding=\"async\" class=\"aligncenter size-full wp-image-20444\" src=\"https:\/\/wpempresa.com\/eurytion\/wp-content\/uploads\/2025\/01\/UNISOB.jpg\" alt=\"\" width=\"180\" height=\"180\" srcset=\"https:\/\/eurytionpress.com\/wp-content\/uploads\/2025\/01\/UNISOB.jpg 180w, https:\/\/eurytionpress.com\/wp-content\/uploads\/2025\/01\/UNISOB-150x150.jpg 150w\" sizes=\"(max-width: 180px) 100vw, 180px\" \/><\/p><p><span style=\"color: #797979;\">This journal was carried out with the scientific collaboration of the <em>Universit\u00e0 degli Studi Suor Orsola\u00a0Benincasa<\/em> (Naples, Italy)<\/span><\/p><p><span style=\"color: #797979;\"><strong>Abstracting \/ Indexing<\/strong><\/span><\/p><p><img decoding=\"async\" class=\"size-full wp-image-20445 alignnone\" src=\"https:\/\/wpempresa.com\/eurytion\/wp-content\/uploads\/2025\/01\/dialnet-removebg-preview.png\" alt=\"\" width=\"300\" height=\"151\" \/><\/p><p style=\"text-align: justify;\"><span style=\"color: #797979;\">Editorial Board of <em>Fronteras de la Ciencia<\/em>. ISSN (International Standard Serial Number): 2565-1021; e-ISSN: 2565-2044. The management, the editorial board members and the institutional committee members of <em>Fronteras de la Ciencia<\/em> are not responsible of the opinions, analysis or results presented by the authors in their articles. For cataloging, it should be referred to as <em>Fronteras de la Ciencia<\/em>: ISSN: 2565-1021; e-ISSN: 2565-2044. Universidad Metropolitana (SUAGM) Escuela de Educaci\u00f3n, PO Box 21150 San Juan, PR 00928-1150<\/span><\/p>\t\t\t\t\t\t\t\t<\/div>\n\t\t\t\t<\/div>\n\t\t\t\t<div class=\"elementor-element elementor-element-5a5a651 sc_fly_static elementor-widget elementor-widget-spacer\" data-id=\"5a5a651\" data-element_type=\"widget\" data-widget_type=\"spacer.default\">\n\t\t\t\t<div class=\"elementor-widget-container\">\n\t\t\t\t\t\t\t<div class=\"elementor-spacer\">\n\t\t\t<div class=\"elementor-spacer-inner\"><\/div>\n\t\t<\/div>\n\t\t\t\t\t\t<\/div>\n\t\t\t\t<\/div>\n\t\t\t\t\t<\/div>\n\t\t<\/div>\n\t\t\t\t\t<\/div>\n\t\t<\/section>\n\t\t\t\t<\/div>\n\t\t","protected":false},"excerpt":{"rendered":"<p>Editorial Board. Editor-in-Chief: Jos\u00e9 G\u00f3mez Gal\u00e1n, PhD, PhD. Editor: Joaqu\u00edn Cerd\u00e1 Boluda, PhD. Associate Editors:&hellip;<\/p>\n","protected":false},"author":2,"featured_media":0,"parent":0,"menu_order":0,"comment_status":"closed","ping_status":"closed","template":"","meta":{"footnotes":""},"class_list":["post-23790","page","type-page","status-publish","hentry"],"yoast_head":"<!-- This site is optimized with the Yoast SEO plugin v25.3.1 - https:\/\/yoast.com\/wordpress\/plugins\/seo\/ -->\n<title>Comit\u00e9 Cient\u00edfico - Eurytion Press<\/title>\n<meta name=\"robots\" content=\"index, follow, max-snippet:-1, max-image-preview:large, max-video-preview:-1\" \/>\n<link rel=\"canonical\" href=\"https:\/\/eurytionpress.com\/en\/comite-cientifico\/\" \/>\n<meta property=\"og:locale\" content=\"en_US\" \/>\n<meta property=\"og:type\" content=\"article\" \/>\n<meta property=\"og:title\" content=\"Comit\u00e9 Cient\u00edfico - Eurytion Press\" \/>\n<meta property=\"og:description\" content=\"Editorial Board. Editor-in-Chief: Jos\u00e9 G\u00f3mez Gal\u00e1n, PhD, PhD. Editor: Joaqu\u00edn Cerd\u00e1 Boluda, PhD. Associate Editors:&hellip;\" \/>\n<meta property=\"og:url\" content=\"https:\/\/eurytionpress.com\/en\/comite-cientifico\/\" \/>\n<meta property=\"og:site_name\" content=\"Eurytion Press\" \/>\n<meta property=\"og:image\" content=\"https:\/\/eurytionpress.com\/wp-content\/uploads\/2025\/01\/descarga-1.png\" \/>\n<meta name=\"twitter:card\" content=\"summary_large_image\" \/>\n<meta name=\"twitter:label1\" content=\"Est. reading time\" \/>\n\t<meta name=\"twitter:data1\" content=\"5 minutes\" \/>\n<script type=\"application\/ld+json\" class=\"yoast-schema-graph\">{\"@context\":\"https:\/\/schema.org\",\"@graph\":[{\"@type\":\"WebPage\",\"@id\":\"https:\/\/eurytionpress.com\/en\/comite-cientifico\/\",\"url\":\"https:\/\/eurytionpress.com\/en\/comite-cientifico\/\",\"name\":\"Comit\u00e9 Cient\u00edfico - Eurytion Press\",\"isPartOf\":{\"@id\":\"https:\/\/eurytionpress.com\/en\/#website\"},\"primaryImageOfPage\":{\"@id\":\"https:\/\/eurytionpress.com\/en\/comite-cientifico\/#primaryimage\"},\"image\":{\"@id\":\"https:\/\/eurytionpress.com\/en\/comite-cientifico\/#primaryimage\"},\"thumbnailUrl\":\"https:\/\/eurytionpress.com\/wp-content\/uploads\/2025\/01\/descarga-1.png\",\"datePublished\":\"2025-01-22T08:36:07+00:00\",\"breadcrumb\":{\"@id\":\"https:\/\/eurytionpress.com\/en\/comite-cientifico\/#breadcrumb\"},\"inLanguage\":\"en-US\",\"potentialAction\":[{\"@type\":\"ReadAction\",\"target\":[\"https:\/\/eurytionpress.com\/en\/comite-cientifico\/\"]}]},{\"@type\":\"ImageObject\",\"inLanguage\":\"en-US\",\"@id\":\"https:\/\/eurytionpress.com\/en\/comite-cientifico\/#primaryimage\",\"url\":\"https:\/\/eurytionpress.com\/wp-content\/uploads\/2025\/01\/descarga-1.png\",\"contentUrl\":\"https:\/\/eurytionpress.com\/wp-content\/uploads\/2025\/01\/descarga-1.png\"},{\"@type\":\"BreadcrumbList\",\"@id\":\"https:\/\/eurytionpress.com\/en\/comite-cientifico\/#breadcrumb\",\"itemListElement\":[{\"@type\":\"ListItem\",\"position\":1,\"name\":\"Portada\",\"item\":\"https:\/\/eurytionpress.com\/en\/\"},{\"@type\":\"ListItem\",\"position\":2,\"name\":\"Comit\u00e9 Cient\u00edfico\"}]},{\"@type\":\"WebSite\",\"@id\":\"https:\/\/eurytionpress.com\/en\/#website\",\"url\":\"https:\/\/eurytionpress.com\/en\/\",\"name\":\"Eurytion Press\",\"description\":\"Editorial de libros cient\u00edficos y acad\u00e9micos\",\"publisher\":{\"@id\":\"https:\/\/eurytionpress.com\/en\/#organization\"},\"potentialAction\":[{\"@type\":\"SearchAction\",\"target\":{\"@type\":\"EntryPoint\",\"urlTemplate\":\"https:\/\/eurytionpress.com\/en\/?s={search_term_string}\"},\"query-input\":{\"@type\":\"PropertyValueSpecification\",\"valueRequired\":true,\"valueName\":\"search_term_string\"}}],\"inLanguage\":\"en-US\"},{\"@type\":\"Organization\",\"@id\":\"https:\/\/eurytionpress.com\/en\/#organization\",\"name\":\"Eurytion Press\",\"url\":\"https:\/\/eurytionpress.com\/en\/\",\"logo\":{\"@type\":\"ImageObject\",\"inLanguage\":\"en-US\",\"@id\":\"https:\/\/eurytionpress.com\/en\/#\/schema\/logo\/image\/\",\"url\":\"https:\/\/eurytionpress.com\/wp-content\/uploads\/2025\/07\/eurityon-press.png\",\"contentUrl\":\"https:\/\/eurytionpress.com\/wp-content\/uploads\/2025\/07\/eurityon-press.png\",\"width\":229,\"height\":46,\"caption\":\"Eurytion Press\"},\"image\":{\"@id\":\"https:\/\/eurytionpress.com\/en\/#\/schema\/logo\/image\/\"}}]}<\/script>\n<!-- \/ Yoast SEO plugin. -->","yoast_head_json":{"title":"Comit\u00e9 Cient\u00edfico - Eurytion Press","robots":{"index":"index","follow":"follow","max-snippet":"max-snippet:-1","max-image-preview":"max-image-preview:large","max-video-preview":"max-video-preview:-1"},"canonical":"https:\/\/eurytionpress.com\/en\/comite-cientifico\/","og_locale":"en_US","og_type":"article","og_title":"Comit\u00e9 Cient\u00edfico - Eurytion Press","og_description":"Editorial Board. Editor-in-Chief: Jos\u00e9 G\u00f3mez Gal\u00e1n, PhD, PhD. Editor: Joaqu\u00edn Cerd\u00e1 Boluda, PhD. Associate Editors:&hellip;","og_url":"https:\/\/eurytionpress.com\/en\/comite-cientifico\/","og_site_name":"Eurytion Press","og_image":[{"url":"https:\/\/eurytionpress.com\/wp-content\/uploads\/2025\/01\/descarga-1.png","type":"","width":"","height":""}],"twitter_card":"summary_large_image","twitter_misc":{"Est. reading time":"5 minutes"},"schema":{"@context":"https:\/\/schema.org","@graph":[{"@type":"WebPage","@id":"https:\/\/eurytionpress.com\/en\/comite-cientifico\/","url":"https:\/\/eurytionpress.com\/en\/comite-cientifico\/","name":"Comit\u00e9 Cient\u00edfico - Eurytion Press","isPartOf":{"@id":"https:\/\/eurytionpress.com\/en\/#website"},"primaryImageOfPage":{"@id":"https:\/\/eurytionpress.com\/en\/comite-cientifico\/#primaryimage"},"image":{"@id":"https:\/\/eurytionpress.com\/en\/comite-cientifico\/#primaryimage"},"thumbnailUrl":"https:\/\/eurytionpress.com\/wp-content\/uploads\/2025\/01\/descarga-1.png","datePublished":"2025-01-22T08:36:07+00:00","breadcrumb":{"@id":"https:\/\/eurytionpress.com\/en\/comite-cientifico\/#breadcrumb"},"inLanguage":"en-US","potentialAction":[{"@type":"ReadAction","target":["https:\/\/eurytionpress.com\/en\/comite-cientifico\/"]}]},{"@type":"ImageObject","inLanguage":"en-US","@id":"https:\/\/eurytionpress.com\/en\/comite-cientifico\/#primaryimage","url":"https:\/\/eurytionpress.com\/wp-content\/uploads\/2025\/01\/descarga-1.png","contentUrl":"https:\/\/eurytionpress.com\/wp-content\/uploads\/2025\/01\/descarga-1.png"},{"@type":"BreadcrumbList","@id":"https:\/\/eurytionpress.com\/en\/comite-cientifico\/#breadcrumb","itemListElement":[{"@type":"ListItem","position":1,"name":"Portada","item":"https:\/\/eurytionpress.com\/en\/"},{"@type":"ListItem","position":2,"name":"Comit\u00e9 Cient\u00edfico"}]},{"@type":"WebSite","@id":"https:\/\/eurytionpress.com\/en\/#website","url":"https:\/\/eurytionpress.com\/en\/","name":"Eurytion Press","description":"Editorial de libros cient\u00edficos y acad\u00e9micos","publisher":{"@id":"https:\/\/eurytionpress.com\/en\/#organization"},"potentialAction":[{"@type":"SearchAction","target":{"@type":"EntryPoint","urlTemplate":"https:\/\/eurytionpress.com\/en\/?s={search_term_string}"},"query-input":{"@type":"PropertyValueSpecification","valueRequired":true,"valueName":"search_term_string"}}],"inLanguage":"en-US"},{"@type":"Organization","@id":"https:\/\/eurytionpress.com\/en\/#organization","name":"Eurytion Press","url":"https:\/\/eurytionpress.com\/en\/","logo":{"@type":"ImageObject","inLanguage":"en-US","@id":"https:\/\/eurytionpress.com\/en\/#\/schema\/logo\/image\/","url":"https:\/\/eurytionpress.com\/wp-content\/uploads\/2025\/07\/eurityon-press.png","contentUrl":"https:\/\/eurytionpress.com\/wp-content\/uploads\/2025\/07\/eurityon-press.png","width":229,"height":46,"caption":"Eurytion Press"},"image":{"@id":"https:\/\/eurytionpress.com\/en\/#\/schema\/logo\/image\/"}}]}},"_links":{"self":[{"href":"https:\/\/eurytionpress.com\/en\/wp-json\/wp\/v2\/pages\/23790","targetHints":{"allow":["GET"]}}],"collection":[{"href":"https:\/\/eurytionpress.com\/en\/wp-json\/wp\/v2\/pages"}],"about":[{"href":"https:\/\/eurytionpress.com\/en\/wp-json\/wp\/v2\/types\/page"}],"author":[{"embeddable":true,"href":"https:\/\/eurytionpress.com\/en\/wp-json\/wp\/v2\/users\/2"}],"replies":[{"embeddable":true,"href":"https:\/\/eurytionpress.com\/en\/wp-json\/wp\/v2\/comments?post=23790"}],"version-history":[{"count":0,"href":"https:\/\/eurytionpress.com\/en\/wp-json\/wp\/v2\/pages\/23790\/revisions"}],"wp:attachment":[{"href":"https:\/\/eurytionpress.com\/en\/wp-json\/wp\/v2\/media?parent=23790"}],"curies":[{"name":"wp","href":"https:\/\/api.w.org\/{rel}","templated":true}]}}