{"id":23792,"date":"2025-01-21T18:29:29","date_gmt":"2025-01-21T17:29:29","guid":{"rendered":"https:\/\/wpempresa.com\/eurytion\/normas-de-publicacion\/"},"modified":"2025-01-21T18:29:29","modified_gmt":"2025-01-21T17:29:29","slug":"normas-de-publicacion","status":"publish","type":"page","link":"https:\/\/eurytionpress.com\/en\/normas-de-publicacion\/","title":{"rendered":"Normas de Publicaci\u00f3n"},"content":{"rendered":"\t\t<div data-elementor-type=\"wp-page\" data-elementor-id=\"23792\" class=\"elementor elementor-23792 elementor-20419\">\n\t\t\t\t\t\t<section class=\"elementor-section-with-custom-width elementor-section elementor-top-section elementor-element elementor-element-29ebf7e elementor-section-boxed elementor-section-height-default elementor-section-height-default sc_fly_static\" data-id=\"29ebf7e\" data-element_type=\"section\">\n\t\t\t\t\t\t<div class=\"elementor-container elementor-column-gap-default\">\n\t\t\t\t\t<div class=\"elementor-column elementor-col-100 elementor-top-column elementor-element elementor-element-1d863e9 sc_content_align_inherit sc_layouts_column_icons_position_left sc_fly_static\" data-id=\"1d863e9\" data-element_type=\"column\">\n\t\t\t<div class=\"elementor-widget-wrap elementor-element-populated\">\n\t\t\t\t\t\t<div class=\"elementor-element elementor-element-dcad748 sc_fly_static elementor-widget elementor-widget-text-editor\" data-id=\"dcad748\" data-element_type=\"widget\" data-widget_type=\"text-editor.default\">\n\t\t\t\t<div class=\"elementor-widget-container\">\n\t\t\t\t\t\t\t\t\t<p id=\"yui_3_16_0_ym19_1_1500107006849_6529\" style=\"text-align: justify;\"><span id=\"yui_3_16_0_ym19_1_1500107006849_6528\">No hay\u00a0<span style=\"color: #666699;\"><strong id=\"yui_3_16_0_ym19_1_1500107006849_6531\"><span id=\"yui_3_16_0_ym19_1_1500107006849_6530\">plazo<\/span><\/strong><\/span>\u00a0para la entrega de manuscritos. Permanecer\u00e1 abierto durante todo el a\u00f1o y la publicaci\u00f3n del art\u00edculo posiblemente aparecer\u00e1 en el siguiente n\u00famero despu\u00e9s de una evaluaci\u00f3n positiva del trabajo. Lo mismo se aplica a las monograf\u00edas, en las que se solicitar\u00e1n previamente contribuciones a un tema espec\u00edfico.<\/span><\/p>\n<p id=\"yui_3_16_0_ym19_1_1500107006849_6504\" style=\"text-align: justify;\"><span id=\"yui_3_16_0_ym19_1_1500107006849_6503\">Todos los trabajos presentados para publicaci\u00f3n deben ser in\u00e9ditos y originales, y no deben haber sido enviados paralelamente a otras revistas para su evaluaci\u00f3n\/publicaci\u00f3n. Los manuscritos recibidos ser\u00e1n sometidos a un\u00a0<span style=\"color: #666699;\"><strong>proceso de revisi\u00f3n por pares<\/strong><\/span>, \u00e1rbitros externos acad\u00e9micos e investigadores especialistas en cada tem\u00e1tica. Su tarea principal ser\u00e1 estudiar cr\u00edtica y constructivamente todos los trabajos presentados y decidir sobre su publicaci\u00f3n (aceptado, aceptado con modificaciones o rechazado). Para la evaluaci\u00f3n de los manuscritos se\u00a0\u00a0utilizar\u00e1 el sistema de &#8220;doble ciego&#8221;.<\/span><\/p>\n<p style=\"text-align: justify;\">Directrices a seguir:<\/p>\n<p id=\"yui_3_16_0_ym19_1_1500107006849_6508\" style=\"text-align: justify;\"><strong>(1)<\/strong><span id=\"yui_3_16_0_ym19_1_1500107006849_6507\">\u00a0Los manuscritos ser\u00e1n enviados en\u00a0<span style=\"color: #666699;\"><strong>espa\u00f1ol o ingl\u00e9s<\/strong><\/span>\u00a0a\u00a0<strong><a href=\"mailto:redaccion@fronterasdelaciencia.com\" target=\"_blank\" rel=\"nofollow noopener\">redaccion@fronterasdelaciencia.com<\/a><\/strong>, con una longitud preferiblemente en el rango de\u00a0<span style=\"color: #666699;\"><strong id=\"yui_3_16_0_ym19_1_1500107006849_6506\"><span id=\"yui_3_16_0_ym19_1_1500107006849_6505\">3500-4500 palabras<\/span><\/strong><\/span>, incluyendo referencias, notas, tablas y figuras.<\/span><\/p>\n<p style=\"text-align: justify;\"><strong>(2)<\/strong>\u00a0La superaci\u00f3n de este n\u00famero de palabras representar\u00e1 un factor negativo en el proceso de evaluaci\u00f3n, salvo en el caso de trabajos de excelente calidad en los que pueda justificarse esta extensi\u00f3n.<\/p>\n<p style=\"text-align: justify;\"><strong>(3)<\/strong>\u00a0El art\u00edculo debe ir precedido de un\u00a0<span style=\"color: #666699;\"><strong>resumen<\/strong><\/span><strong>\u00a0<\/strong>con un m\u00ednimo de 75 y un m\u00e1ximo de 150 palabras. El resumen se presentar\u00e1 en espa\u00f1ol e ingl\u00e9s. Tambi\u00e9n debe haber de cinco a siete palabras clave, tanto en espa\u00f1ol como en ingl\u00e9s.<\/p>\n<p id=\"yui_3_16_0_ym19_1_1500107006849_6510\" style=\"text-align: justify;\"><strong>(4)<\/strong><span id=\"yui_3_16_0_ym19_1_1500107006849_6509\">\u00a0Se prefieren los art\u00edculos de naturaleza te\u00f3rica, descriptiva y sint\u00e9tica. Tambi\u00e9n se aceptar\u00e1n otros art\u00edculos de diversas metodolog\u00edas de investigaci\u00f3n si se considera que son de inter\u00e9s m\u00e1s all\u00e1 de una especialidad espec\u00edfica y, principalmente, para una amplia audiencia.<\/span><\/p>\n<p id=\"yui_3_16_0_ym19_1_1500107006849_6512\" style=\"text-align: justify;\"><strong>(5)<\/strong><span id=\"yui_3_16_0_ym19_1_1500107006849_6511\">\u00a0Los art\u00edculos deben utilizar un\u00a0<span style=\"color: #666699;\"><strong>lenguaje<\/strong><\/span>\u00a0lo m\u00e1s accesible posible. La<strong>\u00a0<span style=\"color: #666699;\">estructura<\/span><\/strong>\u00a0debe contener al menos: Introducci\u00f3n \u2013 Estado de la Cuesti\u00f3n \u2013 Contribuciones Personales \/ Perspectiva Personal sobre el Problema \u2013 Conclusiones. No es necesario seguir estas secciones de forma secuencial, pero la totalidad del art\u00edculo debe incluirlas directa o indirectamente. Los autores tienen la libertad de establecer la estructura que consideren m\u00e1s apropiada, dependiendo de la naturaleza y caracter\u00edsticas de su art\u00edculo. Tambi\u00e9n puede dividirse en cap\u00edtulos encabezados con declaraciones que se refieran al contenido descrito. Al tratarse asimismo de una revista con vocaci\u00f3n divulgativa no se aconseja el empleo de secciones excesivamente acad\u00e9micas (objetivos, metodolog\u00eda, an\u00e1lisis, resultados, discusi\u00f3n, etc.), pueden recogerse impl\u00edcitos en la estructura general propuesta.<\/span><\/p>\n<p id=\"yui_3_16_0_ym19_1_1500107006849_6516\" style=\"text-align: justify;\"><strong>(6)<\/strong><span id=\"yui_3_16_0_ym19_1_1500107006849_6515\">\u00a0Cada\u00a0<span style=\"color: #666699;\"><strong id=\"yui_3_16_0_ym19_1_1500107006849_6514\"><span id=\"yui_3_16_0_ym19_1_1500107006849_6513\">t\u00edtulo y subt\u00edtulo de las secciones y subsecciones<\/span><\/strong><\/span>\u00a0deben ser identificados claramente usando espacios. Al contar con un estilo y formato h\u00edbrido entre revista acad\u00e9mica y divulgativa contar\u00e1 con recuadros destacados, lo que requiere que los autores env\u00eden textos independientes (de dos a cuatro) que contengan los datos o informaci\u00f3n m\u00e1s relevantes que deseen destacar.<\/span><\/p>\n<p id=\"yui_3_16_0_ym19_1_1500107006849_6518\" style=\"text-align: justify;\"><strong>(7)<\/strong><span id=\"yui_3_16_0_ym19_1_1500107006849_6517\">\u00a0Las\u00a0<span style=\"color: #666699;\"><strong id=\"yui_3_16_0_ym19_1_1500107006849_6527\"><span id=\"yui_3_16_0_ym19_1_1500107006849_6526\">referencias bibliogr\u00e1ficas<\/span><\/strong><\/span>, que se presentar\u00e1n justo al final del art\u00edculo, podr\u00e1n ser presentadas en cualquiera de los principales est\u00e1ndares actuales de citaci\u00f3n y seg\u00fan especialidades acad\u00e9micas (APA, MLA, Harvard, Chicago, etc.) y ser\u00e1n adaptadas al estilo de nuestra publicaci\u00f3n, que tendr\u00e1 caracter\u00edsticas an\u00e1logas a las de la revista\u00a0<i>Nature<\/i>.<\/span><\/p>\n<p id=\"yui_3_16_0_ym19_1_1500107006849_6522\" style=\"text-align: justify;\"><strong>(8)<\/strong><span id=\"yui_3_16_0_ym19_1_1500107006849_6521\">\u00a0Las\u00a0<span style=\"color: #666699;\"><strong id=\"yui_3_16_0_ym19_1_1500107006849_6520\"><span id=\"yui_3_16_0_ym19_1_1500107006849_6519\">figuras, tablas, f\u00f3rmulas<\/span><\/strong><\/span>\u00a0o cualquier otra ilustraci\u00f3n deben presentarse en el cuerpo del texto cuando sea necesario y se numerar\u00e1n consecutivamente en el orden en que se relacionan. En el proceso de edici\u00f3n se a\u00f1adir\u00e1n im\u00e1genes (con derechos de autor) para ilustrar el art\u00edculo, pero se solicita a los autores que incluyan, anoten y \/ o soliciten las im\u00e1genes que deseen incorporar en el mismo. Si ellos mismos env\u00edan figuras o ilustraciones para el art\u00edculo, deben ser de calidad y resoluci\u00f3n suficientes para su publicaci\u00f3n sin necesidad de retoques especiales.<\/span><\/p>\n<p id=\"yui_3_16_0_ym19_1_1500107006849_6524\" style=\"text-align: justify;\"><strong>(9)<\/strong><span id=\"yui_3_16_0_ym19_1_1500107006849_6523\">\u00a0Por \u00faltimo, el art\u00edculo debe incluir una reciente\u00a0<span style=\"color: #666699;\"><strong>fotograf\u00eda profesional del autor y un breve CV<\/strong><\/span>\u00a0de un m\u00e1ximo de 150 palabras. En el caso de que se env\u00eden figuras o ilustraciones para el art\u00edculo que debe tener la calidad y la resoluci\u00f3n suficiente para poder ser publicado sin necesidad de retoques especiales.<\/span><\/p>\t\t\t\t\t\t\t\t<\/div>\n\t\t\t\t<\/div>\n\t\t\t\t<div class=\"elementor-element elementor-element-5a5a651 sc_fly_static elementor-widget elementor-widget-spacer\" data-id=\"5a5a651\" data-element_type=\"widget\" data-widget_type=\"spacer.default\">\n\t\t\t\t<div class=\"elementor-widget-container\">\n\t\t\t\t\t\t\t<div class=\"elementor-spacer\">\n\t\t\t<div class=\"elementor-spacer-inner\"><\/div>\n\t\t<\/div>\n\t\t\t\t\t\t<\/div>\n\t\t\t\t<\/div>\n\t\t\t\t\t<\/div>\n\t\t<\/div>\n\t\t\t\t\t<\/div>\n\t\t<\/section>\n\t\t\t\t<\/div>\n\t\t","protected":false},"excerpt":{"rendered":"<p>No hay\u00a0plazo\u00a0para la entrega de manuscritos. Permanecer\u00e1 abierto durante todo el a\u00f1o y la publicaci\u00f3n&hellip;<\/p>\n","protected":false},"author":2,"featured_media":0,"parent":0,"menu_order":0,"comment_status":"closed","ping_status":"closed","template":"","meta":{"footnotes":""},"class_list":["post-23792","page","type-page","status-publish","hentry"],"yoast_head":"<!-- This site is optimized with the Yoast SEO plugin v25.3.1 - https:\/\/yoast.com\/wordpress\/plugins\/seo\/ -->\n<title>Normas de Publicaci\u00f3n - Eurytion Press<\/title>\n<meta name=\"robots\" content=\"index, follow, max-snippet:-1, max-image-preview:large, max-video-preview:-1\" \/>\n<link rel=\"canonical\" href=\"https:\/\/eurytionpress.com\/en\/normas-de-publicacion\/\" \/>\n<meta property=\"og:locale\" content=\"en_US\" \/>\n<meta property=\"og:type\" content=\"article\" \/>\n<meta property=\"og:title\" content=\"Normas de Publicaci\u00f3n - Eurytion Press\" \/>\n<meta property=\"og:description\" content=\"No hay\u00a0plazo\u00a0para la entrega de manuscritos. Permanecer\u00e1 abierto durante todo el a\u00f1o y la publicaci\u00f3n&hellip;\" \/>\n<meta property=\"og:url\" content=\"https:\/\/eurytionpress.com\/en\/normas-de-publicacion\/\" \/>\n<meta property=\"og:site_name\" content=\"Eurytion Press\" \/>\n<meta name=\"twitter:card\" content=\"summary_large_image\" \/>\n<meta name=\"twitter:label1\" content=\"Est. reading time\" \/>\n\t<meta name=\"twitter:data1\" content=\"4 minutes\" \/>\n<script type=\"application\/ld+json\" class=\"yoast-schema-graph\">{\"@context\":\"https:\/\/schema.org\",\"@graph\":[{\"@type\":\"WebPage\",\"@id\":\"https:\/\/eurytionpress.com\/en\/normas-de-publicacion\/\",\"url\":\"https:\/\/eurytionpress.com\/en\/normas-de-publicacion\/\",\"name\":\"Normas de Publicaci\u00f3n - Eurytion Press\",\"isPartOf\":{\"@id\":\"https:\/\/eurytionpress.com\/en\/#website\"},\"datePublished\":\"2025-01-21T17:29:29+00:00\",\"breadcrumb\":{\"@id\":\"https:\/\/eurytionpress.com\/en\/normas-de-publicacion\/#breadcrumb\"},\"inLanguage\":\"en-US\",\"potentialAction\":[{\"@type\":\"ReadAction\",\"target\":[\"https:\/\/eurytionpress.com\/en\/normas-de-publicacion\/\"]}]},{\"@type\":\"BreadcrumbList\",\"@id\":\"https:\/\/eurytionpress.com\/en\/normas-de-publicacion\/#breadcrumb\",\"itemListElement\":[{\"@type\":\"ListItem\",\"position\":1,\"name\":\"Portada\",\"item\":\"https:\/\/eurytionpress.com\/en\/\"},{\"@type\":\"ListItem\",\"position\":2,\"name\":\"Normas de Publicaci\u00f3n\"}]},{\"@type\":\"WebSite\",\"@id\":\"https:\/\/eurytionpress.com\/en\/#website\",\"url\":\"https:\/\/eurytionpress.com\/en\/\",\"name\":\"Eurytion Press\",\"description\":\"Editorial de libros cient\u00edficos y acad\u00e9micos\",\"publisher\":{\"@id\":\"https:\/\/eurytionpress.com\/en\/#organization\"},\"potentialAction\":[{\"@type\":\"SearchAction\",\"target\":{\"@type\":\"EntryPoint\",\"urlTemplate\":\"https:\/\/eurytionpress.com\/en\/?s={search_term_string}\"},\"query-input\":{\"@type\":\"PropertyValueSpecification\",\"valueRequired\":true,\"valueName\":\"search_term_string\"}}],\"inLanguage\":\"en-US\"},{\"@type\":\"Organization\",\"@id\":\"https:\/\/eurytionpress.com\/en\/#organization\",\"name\":\"Eurytion Press\",\"url\":\"https:\/\/eurytionpress.com\/en\/\",\"logo\":{\"@type\":\"ImageObject\",\"inLanguage\":\"en-US\",\"@id\":\"https:\/\/eurytionpress.com\/en\/#\/schema\/logo\/image\/\",\"url\":\"https:\/\/eurytionpress.com\/wp-content\/uploads\/2025\/07\/eurityon-press.png\",\"contentUrl\":\"https:\/\/eurytionpress.com\/wp-content\/uploads\/2025\/07\/eurityon-press.png\",\"width\":229,\"height\":46,\"caption\":\"Eurytion Press\"},\"image\":{\"@id\":\"https:\/\/eurytionpress.com\/en\/#\/schema\/logo\/image\/\"}}]}<\/script>\n<!-- \/ Yoast SEO plugin. -->","yoast_head_json":{"title":"Normas de Publicaci\u00f3n - Eurytion Press","robots":{"index":"index","follow":"follow","max-snippet":"max-snippet:-1","max-image-preview":"max-image-preview:large","max-video-preview":"max-video-preview:-1"},"canonical":"https:\/\/eurytionpress.com\/en\/normas-de-publicacion\/","og_locale":"en_US","og_type":"article","og_title":"Normas de Publicaci\u00f3n - Eurytion Press","og_description":"No hay\u00a0plazo\u00a0para la entrega de manuscritos. Permanecer\u00e1 abierto durante todo el a\u00f1o y la publicaci\u00f3n&hellip;","og_url":"https:\/\/eurytionpress.com\/en\/normas-de-publicacion\/","og_site_name":"Eurytion Press","twitter_card":"summary_large_image","twitter_misc":{"Est. reading time":"4 minutes"},"schema":{"@context":"https:\/\/schema.org","@graph":[{"@type":"WebPage","@id":"https:\/\/eurytionpress.com\/en\/normas-de-publicacion\/","url":"https:\/\/eurytionpress.com\/en\/normas-de-publicacion\/","name":"Normas de Publicaci\u00f3n - Eurytion Press","isPartOf":{"@id":"https:\/\/eurytionpress.com\/en\/#website"},"datePublished":"2025-01-21T17:29:29+00:00","breadcrumb":{"@id":"https:\/\/eurytionpress.com\/en\/normas-de-publicacion\/#breadcrumb"},"inLanguage":"en-US","potentialAction":[{"@type":"ReadAction","target":["https:\/\/eurytionpress.com\/en\/normas-de-publicacion\/"]}]},{"@type":"BreadcrumbList","@id":"https:\/\/eurytionpress.com\/en\/normas-de-publicacion\/#breadcrumb","itemListElement":[{"@type":"ListItem","position":1,"name":"Portada","item":"https:\/\/eurytionpress.com\/en\/"},{"@type":"ListItem","position":2,"name":"Normas de Publicaci\u00f3n"}]},{"@type":"WebSite","@id":"https:\/\/eurytionpress.com\/en\/#website","url":"https:\/\/eurytionpress.com\/en\/","name":"Eurytion Press","description":"Editorial de libros cient\u00edficos y acad\u00e9micos","publisher":{"@id":"https:\/\/eurytionpress.com\/en\/#organization"},"potentialAction":[{"@type":"SearchAction","target":{"@type":"EntryPoint","urlTemplate":"https:\/\/eurytionpress.com\/en\/?s={search_term_string}"},"query-input":{"@type":"PropertyValueSpecification","valueRequired":true,"valueName":"search_term_string"}}],"inLanguage":"en-US"},{"@type":"Organization","@id":"https:\/\/eurytionpress.com\/en\/#organization","name":"Eurytion Press","url":"https:\/\/eurytionpress.com\/en\/","logo":{"@type":"ImageObject","inLanguage":"en-US","@id":"https:\/\/eurytionpress.com\/en\/#\/schema\/logo\/image\/","url":"https:\/\/eurytionpress.com\/wp-content\/uploads\/2025\/07\/eurityon-press.png","contentUrl":"https:\/\/eurytionpress.com\/wp-content\/uploads\/2025\/07\/eurityon-press.png","width":229,"height":46,"caption":"Eurytion Press"},"image":{"@id":"https:\/\/eurytionpress.com\/en\/#\/schema\/logo\/image\/"}}]}},"_links":{"self":[{"href":"https:\/\/eurytionpress.com\/en\/wp-json\/wp\/v2\/pages\/23792","targetHints":{"allow":["GET"]}}],"collection":[{"href":"https:\/\/eurytionpress.com\/en\/wp-json\/wp\/v2\/pages"}],"about":[{"href":"https:\/\/eurytionpress.com\/en\/wp-json\/wp\/v2\/types\/page"}],"author":[{"embeddable":true,"href":"https:\/\/eurytionpress.com\/en\/wp-json\/wp\/v2\/users\/2"}],"replies":[{"embeddable":true,"href":"https:\/\/eurytionpress.com\/en\/wp-json\/wp\/v2\/comments?post=23792"}],"version-history":[{"count":0,"href":"https:\/\/eurytionpress.com\/en\/wp-json\/wp\/v2\/pages\/23792\/revisions"}],"wp:attachment":[{"href":"https:\/\/eurytionpress.com\/en\/wp-json\/wp\/v2\/media?parent=23792"}],"curies":[{"name":"wp","href":"https:\/\/api.w.org\/{rel}","templated":true}]}}