{"id":23794,"date":"2025-01-21T18:07:21","date_gmt":"2025-01-21T17:07:21","guid":{"rendered":"https:\/\/wpempresa.com\/eurytion\/sample-page\/"},"modified":"2025-01-21T18:07:21","modified_gmt":"2025-01-21T17:07:21","slug":"sample-page","status":"publish","type":"page","link":"https:\/\/eurytionpress.com\/en\/sample-page\/","title":{"rendered":"Carta del Director"},"content":{"rendered":"\t\t<div data-elementor-type=\"wp-page\" data-elementor-id=\"23794\" class=\"elementor elementor-23794 elementor-20408\">\n\t\t\t\t\t\t<section class=\"elementor-section-with-custom-width elementor-section elementor-top-section elementor-element elementor-element-29ebf7e elementor-section-boxed elementor-section-height-default elementor-section-height-default sc_fly_static\" data-id=\"29ebf7e\" data-element_type=\"section\">\n\t\t\t\t\t\t<div class=\"elementor-container elementor-column-gap-default\">\n\t\t\t\t\t<div class=\"elementor-column elementor-col-100 elementor-top-column elementor-element elementor-element-1d863e9 sc_content_align_inherit sc_layouts_column_icons_position_left sc_fly_static\" data-id=\"1d863e9\" data-element_type=\"column\">\n\t\t\t<div class=\"elementor-widget-wrap elementor-element-populated\">\n\t\t\t\t\t\t<div class=\"elementor-element elementor-element-dcad748 sc_fly_static elementor-widget elementor-widget-text-editor\" data-id=\"dcad748\" data-element_type=\"widget\" data-widget_type=\"text-editor.default\">\n\t\t\t\t<div class=\"elementor-widget-container\">\n\t\t\t\t\t\t\t\t\t<strong>A HOMBROS DE GIGANTES AUDACES QUE CRUZARON LA FRONTERA<\/strong>\n<p style=\"text-align: right;\">\u201cEn alg\u00fan lugar algo maravilloso est\u00e1 esperando ser conocido\u201d\n<strong>Carl Sagan<\/strong> (1934-1996)<\/p>\n<p style=\"text-align: justify;\">En algunos lugares de Asia se cuenta la edad de una persona desde el momento de la concepci\u00f3n y no del parto, como hacemos en Occidente. Si lo aplic\u00e1semos a esta revista dir\u00edamos entonces que tiene treinta y cinco a\u00f1os, pues fue concebida en el verano de 1982. En ese momento un ni\u00f1o de doce a\u00f1os contemplaba absorto un nuevo programa de televisi\u00f3n que acercaba al p\u00fablico, como nunca antes se hab\u00eda hecho, los m\u00e1s complejos enigmas que afrontaba la ciencia. Era posible gracias a la magia de un joven astrof\u00edsico estadounidense llamado Carl Sagan, que nos deslumbraba con su entusiasmo por difundir el conocimiento en cada cap\u00edtulo de esa ya m\u00edtica serie, <em>Cosmos<\/em>. Pero lo que m\u00e1s me sorprend\u00eda de todo ello, sin duda, es que esa ciencia no ten\u00eda nada que ver con lo que se ense\u00f1aba en el colegio&#8230;<\/p>\n<p style=\"text-align: justify;\">Desde entonces he cre\u00eddo que el <em>conocimiento<\/em> debe estar, ante todo, al servicio y a disposici\u00f3n de los ciudadanos. La revista <strong><span style=\"color: #000080;\"><em>Fronteras de la Ciencia<\/em><\/span><\/strong> nace con esta vocaci\u00f3n. Desea presentar al p\u00fablico las tem\u00e1ticas cient\u00edficas m\u00e1s actuales, emergentes, multidimensionales, todas aquellas que resultan de gran impacto en la sociedad, la cultura y la tecnolog\u00eda, las que pueden desembocar, incluso, en nuevos paradigmas de investigaci\u00f3n. Tem\u00e1ticas de vanguardia con atenci\u00f3n especial a las que suponen un desaf\u00edo para el conocimiento.<\/p>\n<p style=\"text-align: justify;\">Pero, adem\u00e1s, quiere dar un paso m\u00e1s all\u00e1 y contribuir a alcanzar una meta que resulta muy urgente: el desarrollo \u00e9tico y moral de nuestra sociedad debe estar en consonancia con los avances cient\u00edficos y tecnol\u00f3gicos. Dec\u00eda Gandhi que todo derecho que no lleve impl\u00edcito un deber no merece ser defendido. Tenemos la obligaci\u00f3n y responsabilidad moral de utilizar la ciencia para el bien de la sociedad, para construir un mundo mejor y m\u00e1s justo.<\/p>\n<p style=\"text-align: justify;\">Con este fin necesitamos adoptar una visi\u00f3n hol\u00edstica de la realidad, percatarnos de que todos nuestros problemas est\u00e1n interconectados y parten de un mismo origen. Ello conlleva una transformaci\u00f3n \u00e9tica integral que favorezca el desarrollo social y humano (haciendo frente a la pobreza, las desigualdades sociales, las discriminaciones, etc.) para beneficiar el bienestar de las personas. Pero tambi\u00e9n, necesariamente y en paralelo, potenciar el respeto hacia los dem\u00e1s seres sintientes (no somos los \u00fanicos que participamos del milagro de la vida) as\u00ed como la conservaci\u00f3n de la naturaleza, de la que formamos parte indisoluble. Una ciencia y una tecnolog\u00eda deshumanizadas no s\u00f3lo obstaculizar\u00edan cualquier progreso sino que incluso podr\u00edan llevarnos a destruir nuestra civilizaci\u00f3n.<\/p>\n<p style=\"text-align: justify;\">En el <em>conocimiento<\/em>, la base de la educaci\u00f3n, est\u00e1 la clave, es lo que nos permite cambiar y avanzar. Conocer es abrir los ojos a la realidad. Nos lleva al razonamiento, al <em>pensamiento<\/em> (no entraremos ahora a discutir sobre Kant), al aut\u00e9ntico <em>aprendizaje<\/em>, a ser capaces de adaptarnos y modificar lo que nos rodea. Lo cual no puede ser reducido solo al \u00e1mbito de la formaci\u00f3n reglada. En esta sociedad digital, dominada por los flujos de informaci\u00f3n, los medios de comunicaci\u00f3n tienen una responsabilidad determinante. <em><span style=\"color: #000080;\"><strong>Fronteras de la Ciencia<\/strong><\/span><\/em> pretende as\u00ed, en su modestia, contribuir en esta noble misi\u00f3n. En esta sociedad de los 140 caracteres, en lo que todo es ligero, inconsistente, l\u00edquido (por emplear la palabra preferida de Zygmunt Bauman), apostamos por una publicaci\u00f3n que nos lleve a disfrutar del conocimiento, a descubrir lo que est\u00e1 oculto, a <em>pensar<\/em> en definitiva. S\u00ed, hoy necesitamos pensar, resulta evidente que hay demasiados intereses en este mundo que nos enfrentan a ello.<\/p>\n&nbsp;\n<blockquote>\n<p style=\"text-align: center;\"><span style=\"color: #666699;\"><strong>\u201cLa<em> aut\u00e9ntica<\/em> ciencia solo progresa<\/strong><\/span>\n<span style=\"color: #666699;\"><strong> cuando est\u00e1 en manos de so\u00f1adores\u201d<\/strong><\/span><\/p>\n<\/blockquote>\n<p style=\"text-align: justify;\">Uno de los elementos m\u00e1s destacados de <span style=\"color: #000080;\"><em><strong>Fronteras de la Ciencia<\/strong><\/em><\/span>, para alcanzar estos objetivos, es que se trata de una revista de tipolog\u00eda acad\u00e9mica que busca ser accesible a toda la sociedad. Sus art\u00edculos ser\u00e1n realizados por catedr\u00e1ticos e investigadores especialistas en cada tem\u00e1tica concreta y tendr\u00e1 caracter\u00edsticas formales y estructura cient\u00edfica. Ofrecer lo m\u00e1s avanzado del conocimiento a todo el p\u00fablico que desee acercarse a \u00e9l. Fusionar ambas dimensiones, lo que siempre hab\u00eda anhelado. Pretendemos que cada n\u00famero se convierta una peque\u00f1a enciclopedia o manual dedicado a una problem\u00e1tica espec\u00edfica. Un referente que intente dar respuesta a los mayores interrogantes que nos rodean. Partiendo siempre de los m\u00e1s novedosos avances cient\u00edficos, desde una perspectiva multidisciplinaria y mediante el di\u00e1logo entre \u00e1reas de especializaci\u00f3n (tanto de ciencias puras como de sociales y humanidades). En la b\u00fasqueda por llegar, de este modo, a nuestros l\u00edmites del conocimiento.<\/p>\n<p style=\"text-align: justify;\">La estructura de cada n\u00famero sirve a estos retos. Contar\u00e1 con un <em>dossier<\/em> monogr\u00e1fico sobre un determinado tema, una miscel\u00e1nea de art\u00edculos independientes y un conjunto de distintas secciones\u00a0que conjugan ciencia, cultura, \u00e9tica y pensamiento. Adem\u00e1s, y lo que resulta tambi\u00e9n novedoso en el panorama cient\u00edfico actual, tan dominado por el ingl\u00e9s, se trata de una publicaci\u00f3n en espa\u00f1ol destinada al conjunto de pa\u00edses hermanos que constituimos Hispanoam\u00e9rica.<\/p>\n<p style=\"text-align: justify;\">Fronteras de la Ciencia surge as\u00ed del mundo universitario y de la colaboraci\u00f3n internacional. Editada por <span style=\"color: #666699;\"><strong>Prisma Publicaciones<\/strong><\/span>, del <span style=\"color: #666699;\"><strong>Grupo Planeta<\/strong><\/span>, est\u00e1 patrocinada por la <span style=\"color: #666699;\"><strong>Universidad Metropolitana<\/strong> <\/span>(UMET) y, en su conjunto, el <span style=\"color: #666699;\"><strong>Sistema Universitario Ana G. M\u00e9ndez<\/strong><\/span> (SUAGM), prestigiosa instituci\u00f3n que cuenta con varias universidades en Puerto Rico y campus universitarios en Maryland, Florida y Texas, y cuya apuesta por la calidad docente e investigadora est\u00e1 siendo extraordinaria. Como bot\u00f3n de muestra indicar que hoy gestiona, habiendo sustituido a la Universidad de Cornell -precisamente de la que era miembro Carl Sagan-, el famoso Observatorio de Arecibo. El c\u00edrculo siempre se completa.<\/p>\n<p style=\"text-align: justify;\">Deseo dar las gracias a todos los que han hecho posible esta revista. Hemos podido llegar hasta aqu\u00ed, parafraseando a Newton, porque nos hemos encaramado a hombros de gigantes. En este caso audaces, que supieron ver m\u00e1s all\u00e1 y cruzaron la frontera. Como aquellos que han confiando en un proyecto largamente perseguido y que pretende romper sellos en contextos acad\u00e9micos que resultan, por distintos motivos, demasiado herm\u00e9ticos. Como todos los que hicieron frente a desaf\u00edos enormes impulsados sobre todo por la fuerza de su fe, superando adversidades sobrehumanas. Pues la<em> aut\u00e9ntica<\/em> ciencia solo progresa, siempre ha sido as\u00ed, cuando est\u00e1 en manos de so\u00f1adores.<\/p>\n<p style=\"text-align: justify;\">Para este fabuloso viaje ten\u00edamos que empezar por lo or\u00edgenes, naturalmente. Por el g\u00e9nesis. No hay mayor reto para la ciencia que responder a lo que realmente somos. Cuando nos enfrentamos a los enigmas que nos rodean es cuando nos damos cuenta de nuestra peque\u00f1ez, de lo insignificantes que resultamos ante lo absoluto. El universo es impresionante, un espacio-tiempo tan incre\u00edblemente inmenso que nuestra mente no puede por menos que conmoverse ante tal enormidad. Y formamos parte de \u00e9l, no lo olvidemos. Es normal, por tanto, que nos preguntemos sobre su origen, conoci\u00e9ndolo nos estaremos conociendo a nosotros mismos. \u00bfQuiere algunas respuestas, querido lector? Bienvenido, para empezar solo tiene que pasar esta p\u00e1gina\u2026<\/p>\n<p style=\"text-align: right;\"><strong>Jos\u00e9 G\u00f3mez Gal\u00e1n<\/strong><\/p>\n&nbsp;\n<p style=\"text-align: center;\"><img fetchpriority=\"high\" decoding=\"async\" class=\" wp-image-50 aligncenter\" src=\"http:\/\/fronterasdelaciencia.com\/wp-content\/uploads\/2016\/05\/arecibo-300x148.jpg\" alt=\"\" width=\"428\" height=\"211\" \/>\nRadiotelescopio de Arecibo. Puerto Rico<\/p>\t\t\t\t\t\t\t\t<\/div>\n\t\t\t\t<\/div>\n\t\t\t\t<div class=\"elementor-element elementor-element-5a5a651 sc_fly_static elementor-widget elementor-widget-spacer\" data-id=\"5a5a651\" data-element_type=\"widget\" data-widget_type=\"spacer.default\">\n\t\t\t\t<div class=\"elementor-widget-container\">\n\t\t\t\t\t\t\t<div class=\"elementor-spacer\">\n\t\t\t<div class=\"elementor-spacer-inner\"><\/div>\n\t\t<\/div>\n\t\t\t\t\t\t<\/div>\n\t\t\t\t<\/div>\n\t\t\t\t\t<\/div>\n\t\t<\/div>\n\t\t\t\t\t<\/div>\n\t\t<\/section>\n\t\t\t\t<\/div>\n\t\t","protected":false},"excerpt":{"rendered":"<p>A HOMBROS DE GIGANTES AUDACES QUE CRUZARON LA FRONTERA \u201cEn alg\u00fan lugar algo maravilloso est\u00e1&hellip;<\/p>\n","protected":false},"author":2,"featured_media":0,"parent":0,"menu_order":0,"comment_status":"closed","ping_status":"closed","template":"","meta":{"footnotes":""},"class_list":["post-23794","page","type-page","status-publish","hentry"],"yoast_head":"<!-- This site is optimized with the Yoast SEO plugin v25.3.1 - https:\/\/yoast.com\/wordpress\/plugins\/seo\/ -->\n<title>Carta del Director - Eurytion Press<\/title>\n<meta name=\"robots\" content=\"index, follow, max-snippet:-1, max-image-preview:large, max-video-preview:-1\" \/>\n<link rel=\"canonical\" href=\"https:\/\/eurytionpress.com\/en\/sample-page\/\" \/>\n<meta property=\"og:locale\" content=\"en_US\" \/>\n<meta property=\"og:type\" content=\"article\" \/>\n<meta property=\"og:title\" content=\"Carta del Director - Eurytion Press\" \/>\n<meta property=\"og:description\" content=\"A HOMBROS DE GIGANTES AUDACES QUE CRUZARON LA FRONTERA \u201cEn alg\u00fan lugar algo maravilloso est\u00e1&hellip;\" \/>\n<meta property=\"og:url\" content=\"https:\/\/eurytionpress.com\/en\/sample-page\/\" \/>\n<meta property=\"og:site_name\" content=\"Eurytion Press\" \/>\n<meta property=\"og:image\" content=\"http:\/\/fronterasdelaciencia.com\/wp-content\/uploads\/2016\/05\/arecibo-300x148.jpg\" \/>\n<meta name=\"twitter:card\" content=\"summary_large_image\" \/>\n<meta name=\"twitter:label1\" content=\"Est. reading time\" \/>\n\t<meta name=\"twitter:data1\" content=\"6 minutes\" \/>\n<script type=\"application\/ld+json\" class=\"yoast-schema-graph\">{\"@context\":\"https:\/\/schema.org\",\"@graph\":[{\"@type\":\"WebPage\",\"@id\":\"https:\/\/eurytionpress.com\/en\/sample-page\/\",\"url\":\"https:\/\/eurytionpress.com\/en\/sample-page\/\",\"name\":\"Carta del Director - Eurytion Press\",\"isPartOf\":{\"@id\":\"https:\/\/eurytionpress.com\/en\/#website\"},\"primaryImageOfPage\":{\"@id\":\"https:\/\/eurytionpress.com\/en\/sample-page\/#primaryimage\"},\"image\":{\"@id\":\"https:\/\/eurytionpress.com\/en\/sample-page\/#primaryimage\"},\"thumbnailUrl\":\"http:\/\/fronterasdelaciencia.com\/wp-content\/uploads\/2016\/05\/arecibo-300x148.jpg\",\"datePublished\":\"2025-01-21T17:07:21+00:00\",\"breadcrumb\":{\"@id\":\"https:\/\/eurytionpress.com\/en\/sample-page\/#breadcrumb\"},\"inLanguage\":\"en-US\",\"potentialAction\":[{\"@type\":\"ReadAction\",\"target\":[\"https:\/\/eurytionpress.com\/en\/sample-page\/\"]}]},{\"@type\":\"ImageObject\",\"inLanguage\":\"en-US\",\"@id\":\"https:\/\/eurytionpress.com\/en\/sample-page\/#primaryimage\",\"url\":\"http:\/\/fronterasdelaciencia.com\/wp-content\/uploads\/2016\/05\/arecibo-300x148.jpg\",\"contentUrl\":\"http:\/\/fronterasdelaciencia.com\/wp-content\/uploads\/2016\/05\/arecibo-300x148.jpg\"},{\"@type\":\"BreadcrumbList\",\"@id\":\"https:\/\/eurytionpress.com\/en\/sample-page\/#breadcrumb\",\"itemListElement\":[{\"@type\":\"ListItem\",\"position\":1,\"name\":\"Portada\",\"item\":\"https:\/\/eurytionpress.com\/en\/\"},{\"@type\":\"ListItem\",\"position\":2,\"name\":\"Carta del Director\"}]},{\"@type\":\"WebSite\",\"@id\":\"https:\/\/eurytionpress.com\/en\/#website\",\"url\":\"https:\/\/eurytionpress.com\/en\/\",\"name\":\"Eurytion Press\",\"description\":\"Editorial de libros cient\u00edficos y acad\u00e9micos\",\"publisher\":{\"@id\":\"https:\/\/eurytionpress.com\/en\/#organization\"},\"potentialAction\":[{\"@type\":\"SearchAction\",\"target\":{\"@type\":\"EntryPoint\",\"urlTemplate\":\"https:\/\/eurytionpress.com\/en\/?s={search_term_string}\"},\"query-input\":{\"@type\":\"PropertyValueSpecification\",\"valueRequired\":true,\"valueName\":\"search_term_string\"}}],\"inLanguage\":\"en-US\"},{\"@type\":\"Organization\",\"@id\":\"https:\/\/eurytionpress.com\/en\/#organization\",\"name\":\"Eurytion Press\",\"url\":\"https:\/\/eurytionpress.com\/en\/\",\"logo\":{\"@type\":\"ImageObject\",\"inLanguage\":\"en-US\",\"@id\":\"https:\/\/eurytionpress.com\/en\/#\/schema\/logo\/image\/\",\"url\":\"https:\/\/eurytionpress.com\/wp-content\/uploads\/2025\/07\/eurityon-press.png\",\"contentUrl\":\"https:\/\/eurytionpress.com\/wp-content\/uploads\/2025\/07\/eurityon-press.png\",\"width\":229,\"height\":46,\"caption\":\"Eurytion Press\"},\"image\":{\"@id\":\"https:\/\/eurytionpress.com\/en\/#\/schema\/logo\/image\/\"}}]}<\/script>\n<!-- \/ Yoast SEO plugin. -->","yoast_head_json":{"title":"Carta del Director - Eurytion Press","robots":{"index":"index","follow":"follow","max-snippet":"max-snippet:-1","max-image-preview":"max-image-preview:large","max-video-preview":"max-video-preview:-1"},"canonical":"https:\/\/eurytionpress.com\/en\/sample-page\/","og_locale":"en_US","og_type":"article","og_title":"Carta del Director - Eurytion Press","og_description":"A HOMBROS DE GIGANTES AUDACES QUE CRUZARON LA FRONTERA \u201cEn alg\u00fan lugar algo maravilloso est\u00e1&hellip;","og_url":"https:\/\/eurytionpress.com\/en\/sample-page\/","og_site_name":"Eurytion Press","og_image":[{"url":"http:\/\/fronterasdelaciencia.com\/wp-content\/uploads\/2016\/05\/arecibo-300x148.jpg","type":"","width":"","height":""}],"twitter_card":"summary_large_image","twitter_misc":{"Est. reading time":"6 minutes"},"schema":{"@context":"https:\/\/schema.org","@graph":[{"@type":"WebPage","@id":"https:\/\/eurytionpress.com\/en\/sample-page\/","url":"https:\/\/eurytionpress.com\/en\/sample-page\/","name":"Carta del Director - Eurytion Press","isPartOf":{"@id":"https:\/\/eurytionpress.com\/en\/#website"},"primaryImageOfPage":{"@id":"https:\/\/eurytionpress.com\/en\/sample-page\/#primaryimage"},"image":{"@id":"https:\/\/eurytionpress.com\/en\/sample-page\/#primaryimage"},"thumbnailUrl":"http:\/\/fronterasdelaciencia.com\/wp-content\/uploads\/2016\/05\/arecibo-300x148.jpg","datePublished":"2025-01-21T17:07:21+00:00","breadcrumb":{"@id":"https:\/\/eurytionpress.com\/en\/sample-page\/#breadcrumb"},"inLanguage":"en-US","potentialAction":[{"@type":"ReadAction","target":["https:\/\/eurytionpress.com\/en\/sample-page\/"]}]},{"@type":"ImageObject","inLanguage":"en-US","@id":"https:\/\/eurytionpress.com\/en\/sample-page\/#primaryimage","url":"http:\/\/fronterasdelaciencia.com\/wp-content\/uploads\/2016\/05\/arecibo-300x148.jpg","contentUrl":"http:\/\/fronterasdelaciencia.com\/wp-content\/uploads\/2016\/05\/arecibo-300x148.jpg"},{"@type":"BreadcrumbList","@id":"https:\/\/eurytionpress.com\/en\/sample-page\/#breadcrumb","itemListElement":[{"@type":"ListItem","position":1,"name":"Portada","item":"https:\/\/eurytionpress.com\/en\/"},{"@type":"ListItem","position":2,"name":"Carta del Director"}]},{"@type":"WebSite","@id":"https:\/\/eurytionpress.com\/en\/#website","url":"https:\/\/eurytionpress.com\/en\/","name":"Eurytion Press","description":"Editorial de libros cient\u00edficos y acad\u00e9micos","publisher":{"@id":"https:\/\/eurytionpress.com\/en\/#organization"},"potentialAction":[{"@type":"SearchAction","target":{"@type":"EntryPoint","urlTemplate":"https:\/\/eurytionpress.com\/en\/?s={search_term_string}"},"query-input":{"@type":"PropertyValueSpecification","valueRequired":true,"valueName":"search_term_string"}}],"inLanguage":"en-US"},{"@type":"Organization","@id":"https:\/\/eurytionpress.com\/en\/#organization","name":"Eurytion Press","url":"https:\/\/eurytionpress.com\/en\/","logo":{"@type":"ImageObject","inLanguage":"en-US","@id":"https:\/\/eurytionpress.com\/en\/#\/schema\/logo\/image\/","url":"https:\/\/eurytionpress.com\/wp-content\/uploads\/2025\/07\/eurityon-press.png","contentUrl":"https:\/\/eurytionpress.com\/wp-content\/uploads\/2025\/07\/eurityon-press.png","width":229,"height":46,"caption":"Eurytion Press"},"image":{"@id":"https:\/\/eurytionpress.com\/en\/#\/schema\/logo\/image\/"}}]}},"_links":{"self":[{"href":"https:\/\/eurytionpress.com\/en\/wp-json\/wp\/v2\/pages\/23794","targetHints":{"allow":["GET"]}}],"collection":[{"href":"https:\/\/eurytionpress.com\/en\/wp-json\/wp\/v2\/pages"}],"about":[{"href":"https:\/\/eurytionpress.com\/en\/wp-json\/wp\/v2\/types\/page"}],"author":[{"embeddable":true,"href":"https:\/\/eurytionpress.com\/en\/wp-json\/wp\/v2\/users\/2"}],"replies":[{"embeddable":true,"href":"https:\/\/eurytionpress.com\/en\/wp-json\/wp\/v2\/comments?post=23794"}],"version-history":[{"count":0,"href":"https:\/\/eurytionpress.com\/en\/wp-json\/wp\/v2\/pages\/23794\/revisions"}],"wp:attachment":[{"href":"https:\/\/eurytionpress.com\/en\/wp-json\/wp\/v2\/media?parent=23794"}],"curies":[{"name":"wp","href":"https:\/\/api.w.org\/{rel}","templated":true}]}}