{"id":23795,"date":"2025-01-21T18:05:54","date_gmt":"2025-01-21T17:05:54","guid":{"rendered":"https:\/\/wpempresa.com\/eurytion\/carta-al-director-num-2-octubre-2017\/"},"modified":"2025-01-21T18:05:54","modified_gmt":"2025-01-21T17:05:54","slug":"carta-al-director-num-2-octubre-2017","status":"publish","type":"page","link":"https:\/\/eurytionpress.com\/en\/carta-al-director-num-2-octubre-2017\/","title":{"rendered":"Carta al director (n\u00fam 2, octubre 2017)"},"content":{"rendered":"\t\t<div data-elementor-type=\"wp-page\" data-elementor-id=\"23795\" class=\"elementor elementor-23795 elementor-20403\">\n\t\t\t\t\t\t<section class=\"elementor-section-with-custom-width elementor-section elementor-top-section elementor-element elementor-element-29ebf7e elementor-section-boxed elementor-section-height-default elementor-section-height-default sc_fly_static\" data-id=\"29ebf7e\" data-element_type=\"section\">\n\t\t\t\t\t\t<div class=\"elementor-container elementor-column-gap-default\">\n\t\t\t\t\t<div class=\"elementor-column elementor-col-100 elementor-top-column elementor-element elementor-element-1d863e9 sc_content_align_inherit sc_layouts_column_icons_position_left sc_fly_static\" data-id=\"1d863e9\" data-element_type=\"column\">\n\t\t\t<div class=\"elementor-widget-wrap elementor-element-populated\">\n\t\t\t\t\t\t<div class=\"elementor-element elementor-element-dcad748 sc_fly_static elementor-widget elementor-widget-text-editor\" data-id=\"dcad748\" data-element_type=\"widget\" data-widget_type=\"text-editor.default\">\n\t\t\t\t<div class=\"elementor-widget-container\">\n\t\t\t\t\t\t\t\t\t&nbsp;\n<p style=\"text-align: center;\"><strong>UNA CIENCIA Y UNA TECNOLOG\u00cdA AL SERVICIO DEL BIEN COM\u00daN<\/strong><\/p>\n<p style=\"text-align: right;\"><strong>Jos\u00e9 G\u00f3mez Gal\u00e1n\u00a0<\/strong><\/p>\n&nbsp;\n<p style=\"text-align: right;\">\u201cKing Lear asked Gloucester: &#8216;How do you see the world?&#8217;\nAnd Gloucester, who is blind, answered: &#8216;I see it feelingly\u2026 I see it feelingly\u201d.\n<em>Earthlings<\/em>, Shaun Monson, 2005,\nbasado en el cuarto acto de la sexta escena\nde &#8220;King Lear&#8221;, de William Shakespeare.<\/p>\n&nbsp;\n<p style=\"text-align: justify;\">Saben que soy un apasionado del cine, y en cierta ocasi\u00f3n un alumno me pregunt\u00f3 si podr\u00eda recomendarle una pel\u00edcula que realmente nos describiera c\u00f3mo somos las personas. Una pregunta maravillosa, siempre he preferido las preguntas a las respuestas. Vacil\u00e9 unos instantes, y estuve a punto de nombrar una obra maestra como <em>Million Dollar Baby<\/em>, del excelente director Clint Eastwood. Sin embargo mi respuesta fue otra: el documental <em>Earthlings<\/em>, de Shaun Monson. El joven pareci\u00f3 sorprendido. \u201cNo lo entiendo\u201d, me dijo, y tras una breve pausa a\u00f1adi\u00f3 \u201cs\u00e9 que usted la emplea en otra asignatura suya pero, por lo que he podido buscar, se centra en los animales que conviven con nosotros en la Tierra\u2026\u201d. No, esa pel\u00edcula nos habla en exclusiva del ser humano, y es el espejo en que nos reflejamos\u2026<\/p>\n<p style=\"text-align: justify;\">No han sido pocos los fil\u00f3sofos que han dictado que el gran reto de nuestra existencia es llegar a conocernos a nosotros mismos. Pero para este fin disponemos de un sencillo m\u00e9todo que nos ofrece una primera respuesta, un primer retrato: podemos saber c\u00f3mo somos por el modo en que tratamos a los dem\u00e1s.<\/p>\n<p style=\"text-align: justify;\">Sin embargo, no es f\u00e1cil acceder as\u00ed a la complejidad de la especie humana. Si nos distanciamos e intentamos analizarla con la mayor objetividad posible repararemos de inmediato en que resulta una criatura parad\u00f3jica. Capaz de los mayores actos de consciente crueldad y sadismo, que escapar\u00edan a cualquier sentido dentro de las leyes de la naturaleza, y que pareciera incluso que llegan a romper con ellas, a la vez puede presentarse como un ser extremadamente bondadoso y caritativo, creador de las m\u00e1s altruistas acciones, generador de perfecci\u00f3n y belleza sin l\u00edmites.<\/p>\n<p style=\"text-align: justify;\">Qu\u00e9 extra\u00f1o. Es reflejo y fruto del universo pero en paralelo lucha por rebelarse contra \u00e9l, del modo que sea, por escapar de sus inflexibles y eternas normas. Esta caracter\u00edstica tan exclusiva es lo que hace quiz\u00e1 que este enrevesado organismo formado por macromol\u00e9culas polim\u00e9ricas, que denominamos Homo sapiens, se considere tan especial, tan distinto de los dem\u00e1s, un elegido. Y es lo que ha gestado, al menos desde el Neol\u00edtico, momento en que comienza a modelar la creaci\u00f3n que le rodea, ese marcado y f\u00e9rreo antropocentrismo que a\u00fan ha sido incapaz de superar.<\/p>\n\n<blockquote><span style=\"color: #666699;\"><em>Hay veces en que abrimos los ojos y nos percatamos de lo\u00a0terriblemente fr\u00e1giles que somos ante el poder de la naturaleza.<\/em><\/span><\/blockquote>\n<p style=\"text-align: justify;\">Hay veces, sin embargo, en que abrimos los ojos y nos damos cuenta de nuestra inconciencia, de lo terriblemente fr\u00e1giles que somos ante el poder de la naturaleza. Es indudable que la ciencia, la tecnolog\u00eda y la cultura han propiciado que el animal humano haya adquirido la capacidad necesaria para asentarse en pr\u00e1cticamente todos los ecosistemas de la Tierra, para someter (no solo interaccionar con) a todas las dem\u00e1s especies animales, para modificar (incluso da\u00f1ar, y con extrema gravedad) el medio natural en el que habita y del que depende. Y que este \u00e9xito evolutivo, inaudito en cualquier especie de mam\u00edfero, haya implicado envolvernos con un barniz ilusorio de seguridad y convencimiento de que somos invulnerables, de que toda la biosfera es en realidad la antroposfera. Pero a veces la naturaleza nos mira fijamente a los ojos y nos habla, s\u00ed, nos dice qui\u00e9nes somos realmente.<\/p>\n<p style=\"text-align: justify;\">Llegar\u00e1, como lo lleva haciendo desde hace cientos de millones de a\u00f1os. No es necesario que sea una pandemia como no se haya conocido antes, ni el estallido de un supervolc\u00e1n que nos envuelva en un invierno perenne, ni un meteorito que aniquile nuestra civilizaci\u00f3n (para todo lo cual tan solo debemos preguntarnos por el cu\u00e1ndo, y estar preparados para ese momento). No, no resultar\u00e1 necesario que la naturaleza nos grite al o\u00eddo, en ocasiones escuchamos su susurro y ello basta para que seamos conscientes de nuestra fragilidad. En ese instante todo lo que nos rodea desaparece, comprobamos que nuestra brillante coraza es en realidad una sombr\u00eda niebla, y nos asalta el miedo, el vac\u00edo, la desolaci\u00f3n. Una cat\u00e1strofe, una enfermedad, la muerte de un ser querido&#8230; La naturaleza nos ense\u00f1a su rostro y nos sienta frente al espejo.<\/p>\n<p style=\"text-align: justify;\">Es entonces cuando nos percatamos de cu\u00e1nto absurdo existe en nuestra sociedad, de c\u00f3mo seguimos desatados por vac\u00edas disputas intestinas y luchas tribales, de c\u00f3mo creamos problemas donde no existen, sin duda hoy fruto del ego\u00edsmo por encima de la supervivencia. Comprobamos as\u00ed la profundidad de la estulticia humana. La ciencia y la tecnolog\u00eda nos han permitido alcanzar un progreso y bienestar como jam\u00e1s se hab\u00edan producido en la historia de la humanidad pero seguimos anclados en nuestros miedos at\u00e1vicos, probablemente insertados en nuestros genes y que a\u00fan no hemos sido capaces de superar. Sin querer ver que todo aquello que nos separa nos hace m\u00e1s d\u00e9biles, que la divisi\u00f3n resta y que la uni\u00f3n suma.<\/p>\n<p style=\"text-align: justify;\">En vez de estar unidos como especie, de usar nuestro conocimiento para hacer frente a los peligros comunes que nos acechan, de intentar restablecer el equilibrio medioambiental que nuestra expansi\u00f3n ha roto, este hom\u00ednido agresivo, adaptado probablemente en un entorno donde estaba muy presente el agua hace m\u00e1s de 300.000 a\u00f1os, sigue reo de sus paradojas y divisiones, de marcar su territorio e imponerse a los dem\u00e1s, sean o no una amenaza. La aldea global de la que hablara McLuhan existe, y est\u00e1 compuesta por casi 8.000 millones de personas, el problema es que contin\u00faa manteniendo todos los prejuicios, intrigas y malas costumbres de una aldea medieval de 80 habitantes. Somos los mismos, pero m\u00e1s numerosos.<\/p>\n<p style=\"text-align: justify;\">\u00bfCreemos que estamos muy lejos de nuestros or\u00edgenes? Cuando desaparece el manto de confort que, debido al desarrollo tecnol\u00f3gico, econ\u00f3mico y cultural, hace que se mantengan estables las sociedades avanzadas, surge siempre esa criatura tan violenta. Aunque la sociedad humana haya evolucionado de un modo formidable en los \u00faltimos 5.000 a\u00f1os, no podemos olvidar que ayer, en el siglo XX, se produjeron los actos de barbarie m\u00e1s terribles de la historia, y nada nos dice que no puedan repetirse hoy, en el siglo XXI. No reparamos en que nuestros principales avances tecnol\u00f3gicos se han producido siempre en un escenario b\u00e9lico, todo nuestro ingenio, nuestros recursos, nuestra econom\u00eda, son exprimidos al m\u00e1ximo cuando se trata de destruir a nuestros semejantes en vez de protegerlos, y con ellos al conjunto de la creaci\u00f3n. Pues en la misma, m\u00e1s all\u00e1 de la necesaria dimensi\u00f3n \u00e9tica que nos obligar\u00eda a su cuidado, vivimos y sobrevivimos, somos parte de ella. No queremos ver que el calentamiento global que estamos causando, por ejemplo, amenaza a una especie que ha construido su civilizaci\u00f3n en un contexto bioclim\u00e1tico muy espec\u00edfico, y que su alteraci\u00f3n implicar\u00e1 muy dolorosos cambios e incluso su aniquilamiento.<\/p>\n<p style=\"text-align: justify;\">Todo se retroalimenta, parte de las mismas ra\u00edces. Pero en ocasiones, tal y como dec\u00edamos, la naturaleza nos hace abrir los ojos. Son esos momentos en que nos muestra nuestra extrema fragilidad cuando nos damos cuenta de d\u00f3nde se ubica el aut\u00e9ntico poder. Lo que nos lleva a comprender que debemos permanecer unidos si queremos subsistir como especie. Colaborar para un bien com\u00fan, inserto en la ley natural y lo que realmente, cu\u00e1ntas veces lo hemos experimentado, nos hace sentir en plenitud. Dentro de nosotros parecer\u00eda que existiera una llama que se enciende y apaga en funci\u00f3n de nuestros actos, -y que nos lleva a lo m\u00e1s remoto de nuestros or\u00edgenes, tal vez donde se encuentren las verdaderas preguntas que no requieren respuestas. Donde las tradiciones situaban el jard\u00edn del Ed\u00e9n y el \u00e1rbol del Bien y del Mal. Un universo que solo puede ser visto a trav\u00e9s de lo m\u00e1s profundo de los sentimientos\u2026<\/p>\t\t\t\t\t\t\t\t<\/div>\n\t\t\t\t<\/div>\n\t\t\t\t<div class=\"elementor-element elementor-element-5a5a651 sc_fly_static elementor-widget elementor-widget-spacer\" data-id=\"5a5a651\" data-element_type=\"widget\" data-widget_type=\"spacer.default\">\n\t\t\t\t<div class=\"elementor-widget-container\">\n\t\t\t\t\t\t\t<div class=\"elementor-spacer\">\n\t\t\t<div class=\"elementor-spacer-inner\"><\/div>\n\t\t<\/div>\n\t\t\t\t\t\t<\/div>\n\t\t\t\t<\/div>\n\t\t\t\t\t<\/div>\n\t\t<\/div>\n\t\t\t\t\t<\/div>\n\t\t<\/section>\n\t\t\t\t<\/div>\n\t\t","protected":false},"excerpt":{"rendered":"<p>&nbsp; UNA CIENCIA Y UNA TECNOLOG\u00cdA AL SERVICIO DEL BIEN COM\u00daN Jos\u00e9 G\u00f3mez Gal\u00e1n\u00a0 &nbsp;&hellip;<\/p>\n","protected":false},"author":2,"featured_media":0,"parent":0,"menu_order":0,"comment_status":"closed","ping_status":"closed","template":"","meta":{"footnotes":""},"class_list":["post-23795","page","type-page","status-publish","hentry"],"yoast_head":"<!-- This site is optimized with the Yoast SEO plugin v25.3.1 - https:\/\/yoast.com\/wordpress\/plugins\/seo\/ -->\n<title>Carta al director (n\u00fam 2, octubre 2017) - Eurytion Press<\/title>\n<meta name=\"robots\" content=\"index, follow, max-snippet:-1, max-image-preview:large, max-video-preview:-1\" \/>\n<link rel=\"canonical\" href=\"https:\/\/eurytionpress.com\/en\/carta-al-director-num-2-octubre-2017\/\" \/>\n<meta property=\"og:locale\" content=\"en_US\" \/>\n<meta property=\"og:type\" content=\"article\" \/>\n<meta property=\"og:title\" content=\"Carta al director (n\u00fam 2, octubre 2017) - Eurytion Press\" \/>\n<meta property=\"og:description\" content=\"&nbsp; UNA CIENCIA Y UNA TECNOLOG\u00cdA AL SERVICIO DEL BIEN COM\u00daN Jos\u00e9 G\u00f3mez Gal\u00e1n\u00a0 &nbsp;&hellip;\" \/>\n<meta property=\"og:url\" content=\"https:\/\/eurytionpress.com\/en\/carta-al-director-num-2-octubre-2017\/\" \/>\n<meta property=\"og:site_name\" content=\"Eurytion Press\" \/>\n<meta name=\"twitter:card\" content=\"summary_large_image\" \/>\n<meta name=\"twitter:label1\" content=\"Est. reading time\" \/>\n\t<meta name=\"twitter:data1\" content=\"7 minutes\" \/>\n<script type=\"application\/ld+json\" class=\"yoast-schema-graph\">{\"@context\":\"https:\/\/schema.org\",\"@graph\":[{\"@type\":\"WebPage\",\"@id\":\"https:\/\/eurytionpress.com\/en\/carta-al-director-num-2-octubre-2017\/\",\"url\":\"https:\/\/eurytionpress.com\/en\/carta-al-director-num-2-octubre-2017\/\",\"name\":\"Carta al director (n\u00fam 2, octubre 2017) - Eurytion Press\",\"isPartOf\":{\"@id\":\"https:\/\/eurytionpress.com\/en\/#website\"},\"datePublished\":\"2025-01-21T17:05:54+00:00\",\"breadcrumb\":{\"@id\":\"https:\/\/eurytionpress.com\/en\/carta-al-director-num-2-octubre-2017\/#breadcrumb\"},\"inLanguage\":\"en-US\",\"potentialAction\":[{\"@type\":\"ReadAction\",\"target\":[\"https:\/\/eurytionpress.com\/en\/carta-al-director-num-2-octubre-2017\/\"]}]},{\"@type\":\"BreadcrumbList\",\"@id\":\"https:\/\/eurytionpress.com\/en\/carta-al-director-num-2-octubre-2017\/#breadcrumb\",\"itemListElement\":[{\"@type\":\"ListItem\",\"position\":1,\"name\":\"Portada\",\"item\":\"https:\/\/eurytionpress.com\/en\/\"},{\"@type\":\"ListItem\",\"position\":2,\"name\":\"Carta al director (n\u00fam 2, octubre 2017)\"}]},{\"@type\":\"WebSite\",\"@id\":\"https:\/\/eurytionpress.com\/en\/#website\",\"url\":\"https:\/\/eurytionpress.com\/en\/\",\"name\":\"Eurytion Press\",\"description\":\"Editorial de libros cient\u00edficos y acad\u00e9micos\",\"publisher\":{\"@id\":\"https:\/\/eurytionpress.com\/en\/#organization\"},\"potentialAction\":[{\"@type\":\"SearchAction\",\"target\":{\"@type\":\"EntryPoint\",\"urlTemplate\":\"https:\/\/eurytionpress.com\/en\/?s={search_term_string}\"},\"query-input\":{\"@type\":\"PropertyValueSpecification\",\"valueRequired\":true,\"valueName\":\"search_term_string\"}}],\"inLanguage\":\"en-US\"},{\"@type\":\"Organization\",\"@id\":\"https:\/\/eurytionpress.com\/en\/#organization\",\"name\":\"Eurytion Press\",\"url\":\"https:\/\/eurytionpress.com\/en\/\",\"logo\":{\"@type\":\"ImageObject\",\"inLanguage\":\"en-US\",\"@id\":\"https:\/\/eurytionpress.com\/en\/#\/schema\/logo\/image\/\",\"url\":\"https:\/\/eurytionpress.com\/wp-content\/uploads\/2025\/07\/eurityon-press.png\",\"contentUrl\":\"https:\/\/eurytionpress.com\/wp-content\/uploads\/2025\/07\/eurityon-press.png\",\"width\":229,\"height\":46,\"caption\":\"Eurytion Press\"},\"image\":{\"@id\":\"https:\/\/eurytionpress.com\/en\/#\/schema\/logo\/image\/\"}}]}<\/script>\n<!-- \/ Yoast SEO plugin. -->","yoast_head_json":{"title":"Carta al director (n\u00fam 2, octubre 2017) - Eurytion Press","robots":{"index":"index","follow":"follow","max-snippet":"max-snippet:-1","max-image-preview":"max-image-preview:large","max-video-preview":"max-video-preview:-1"},"canonical":"https:\/\/eurytionpress.com\/en\/carta-al-director-num-2-octubre-2017\/","og_locale":"en_US","og_type":"article","og_title":"Carta al director (n\u00fam 2, octubre 2017) - Eurytion Press","og_description":"&nbsp; UNA CIENCIA Y UNA TECNOLOG\u00cdA AL SERVICIO DEL BIEN COM\u00daN Jos\u00e9 G\u00f3mez Gal\u00e1n\u00a0 &nbsp;&hellip;","og_url":"https:\/\/eurytionpress.com\/en\/carta-al-director-num-2-octubre-2017\/","og_site_name":"Eurytion Press","twitter_card":"summary_large_image","twitter_misc":{"Est. reading time":"7 minutes"},"schema":{"@context":"https:\/\/schema.org","@graph":[{"@type":"WebPage","@id":"https:\/\/eurytionpress.com\/en\/carta-al-director-num-2-octubre-2017\/","url":"https:\/\/eurytionpress.com\/en\/carta-al-director-num-2-octubre-2017\/","name":"Carta al director (n\u00fam 2, octubre 2017) - Eurytion Press","isPartOf":{"@id":"https:\/\/eurytionpress.com\/en\/#website"},"datePublished":"2025-01-21T17:05:54+00:00","breadcrumb":{"@id":"https:\/\/eurytionpress.com\/en\/carta-al-director-num-2-octubre-2017\/#breadcrumb"},"inLanguage":"en-US","potentialAction":[{"@type":"ReadAction","target":["https:\/\/eurytionpress.com\/en\/carta-al-director-num-2-octubre-2017\/"]}]},{"@type":"BreadcrumbList","@id":"https:\/\/eurytionpress.com\/en\/carta-al-director-num-2-octubre-2017\/#breadcrumb","itemListElement":[{"@type":"ListItem","position":1,"name":"Portada","item":"https:\/\/eurytionpress.com\/en\/"},{"@type":"ListItem","position":2,"name":"Carta al director (n\u00fam 2, octubre 2017)"}]},{"@type":"WebSite","@id":"https:\/\/eurytionpress.com\/en\/#website","url":"https:\/\/eurytionpress.com\/en\/","name":"Eurytion Press","description":"Editorial de libros cient\u00edficos y acad\u00e9micos","publisher":{"@id":"https:\/\/eurytionpress.com\/en\/#organization"},"potentialAction":[{"@type":"SearchAction","target":{"@type":"EntryPoint","urlTemplate":"https:\/\/eurytionpress.com\/en\/?s={search_term_string}"},"query-input":{"@type":"PropertyValueSpecification","valueRequired":true,"valueName":"search_term_string"}}],"inLanguage":"en-US"},{"@type":"Organization","@id":"https:\/\/eurytionpress.com\/en\/#organization","name":"Eurytion Press","url":"https:\/\/eurytionpress.com\/en\/","logo":{"@type":"ImageObject","inLanguage":"en-US","@id":"https:\/\/eurytionpress.com\/en\/#\/schema\/logo\/image\/","url":"https:\/\/eurytionpress.com\/wp-content\/uploads\/2025\/07\/eurityon-press.png","contentUrl":"https:\/\/eurytionpress.com\/wp-content\/uploads\/2025\/07\/eurityon-press.png","width":229,"height":46,"caption":"Eurytion Press"},"image":{"@id":"https:\/\/eurytionpress.com\/en\/#\/schema\/logo\/image\/"}}]}},"_links":{"self":[{"href":"https:\/\/eurytionpress.com\/en\/wp-json\/wp\/v2\/pages\/23795","targetHints":{"allow":["GET"]}}],"collection":[{"href":"https:\/\/eurytionpress.com\/en\/wp-json\/wp\/v2\/pages"}],"about":[{"href":"https:\/\/eurytionpress.com\/en\/wp-json\/wp\/v2\/types\/page"}],"author":[{"embeddable":true,"href":"https:\/\/eurytionpress.com\/en\/wp-json\/wp\/v2\/users\/2"}],"replies":[{"embeddable":true,"href":"https:\/\/eurytionpress.com\/en\/wp-json\/wp\/v2\/comments?post=23795"}],"version-history":[{"count":0,"href":"https:\/\/eurytionpress.com\/en\/wp-json\/wp\/v2\/pages\/23795\/revisions"}],"wp:attachment":[{"href":"https:\/\/eurytionpress.com\/en\/wp-json\/wp\/v2\/media?parent=23795"}],"curies":[{"name":"wp","href":"https:\/\/api.w.org\/{rel}","templated":true}]}}