{"id":23796,"date":"2025-01-21T18:02:43","date_gmt":"2025-01-21T17:02:43","guid":{"rendered":"https:\/\/wpempresa.com\/eurytion\/carta-al-director-num-5\/"},"modified":"2025-01-21T18:02:43","modified_gmt":"2025-01-21T17:02:43","slug":"carta-al-director-num-5","status":"publish","type":"page","link":"https:\/\/eurytionpress.com\/en\/carta-al-director-num-5\/","title":{"rendered":"Carta al director (n\u00fam. 5)"},"content":{"rendered":"\t\t<div data-elementor-type=\"wp-page\" data-elementor-id=\"23796\" class=\"elementor elementor-23796 elementor-20398\">\n\t\t\t\t\t\t<section class=\"elementor-section-with-custom-width elementor-section elementor-top-section elementor-element elementor-element-29ebf7e elementor-section-boxed elementor-section-height-default elementor-section-height-default sc_fly_static\" data-id=\"29ebf7e\" data-element_type=\"section\">\n\t\t\t\t\t\t<div class=\"elementor-container elementor-column-gap-default\">\n\t\t\t\t\t<div class=\"elementor-column elementor-col-100 elementor-top-column elementor-element elementor-element-1d863e9 sc_content_align_inherit sc_layouts_column_icons_position_left sc_fly_static\" data-id=\"1d863e9\" data-element_type=\"column\">\n\t\t\t<div class=\"elementor-widget-wrap elementor-element-populated\">\n\t\t\t\t\t\t<div class=\"elementor-element elementor-element-dcad748 sc_fly_static elementor-widget elementor-widget-text-editor\" data-id=\"dcad748\" data-element_type=\"widget\" data-widget_type=\"text-editor.default\">\n\t\t\t\t<div class=\"elementor-widget-container\">\n\t\t\t\t\t\t\t\t\t<p style=\"text-align: right;\">\u00a0\u201c-\u00a1Pero si va desnudo!- exclam\u00f3 de pronto un ni\u00f1o. -\u00a1Dios bendito, escuchen la voz\u00a0de la inocencia!-. \u00a1El emperador va desnudo!- grit\u00f3, al fin, el pueblo entero. Hans Christian Andersen. <em>Kejserens nye Kl\u00e6der<\/em> [El Traje Nuevo del Emperador], 1837.<\/p><p>\u00a0<\/p><p style=\"text-align: justify;\">Sabe que va a morir y sonr\u00ede. Cu\u00e1nta valent\u00eda. Los h\u00e9roes de nuestra actual Troya, irracional y decadente, tienen un nuevo rostro. Qu\u00e9 lejos quedan Aquiles, el de los pies ligeros, o H\u00e9ctor, el de tremolante casco, u Odiseo, el de \u00e1nimo paciente. Hoy las batallas contin\u00faan, tienen nuevas y complejas formas pero siguen mostrando el valor que anida en el coraz\u00f3n de cada persona. Y suponen, siempre, una ense\u00f1anza que no debemos olvidar nunca. Como la que nos ha regalado, en su infinita generosidad ante el sufrimiento, Anabel, la que sonr\u00ede a la muerte.<\/p><p style=\"text-align: justify;\">De semblante jovial, casi infantil, sus ojos son vivos y expresivos. Nada har\u00eda vislumbrar su terrible situaci\u00f3n salvo que, detr\u00e1s de su figura, se percibe una cama deshecha y agotada, que junto a un cabello muy corto, que comienza a crecer y que ella acaricia con gracia, nos retrata un pasado reciente de dur\u00edsimos combates, con armas desgarradoras hoy denominadas quimioterapia. Nuestra hero\u00edna es una joven mujer de tan s\u00f3lo 26 a\u00f1os, en el alba de la vida, con un extra\u00f1o c\u00e1ncer de ovario que est\u00e1 lacerando sus entra\u00f1as, aspirando su existencia.<\/p><p style=\"text-align: justify;\">\u00a1Qu\u00e9 cruel combate el librado, mi valiente hero\u00edna! Pensad, y no lo olvid\u00e9is, el calvario que tuvo que recorrer portando a cuestas su enfermedad. El empezar a no encontrarse bien, las contin\u00faas visitas a cl\u00ednicas y hospitales, el sufrimiento y angustia ante tantas pruebas, la noticia de la confirmaci\u00f3n, las dur\u00edsimas sesiones del tratamiento, las nuevas que anuncian que el adversario es demasiado feroz, s\u00e1dico, despiadado\u2026 que es invencible\u2026 que el combate es in\u00fatil. Con una sonrisa que inunda de luz tan cruel campo de batalla Anabel nos dice, de modo literal y en el momento exacto en que su gesto cobra mayor retozo, que se encuentra en las \u00faltimas. S\u00ed, \u00faltimas miradas, \u00faltimas sensaciones, \u00faltimas esperanzas. Un mundo del cual se despide, un futuro -que sin duda alguna habr\u00eda sido muy hermoso- que ya no podr\u00e1 vivir, tantos sue\u00f1os que nunca, jam\u00e1s, se cumplir\u00e1n. Pero no hay tristeza en sus palabras, ni en sus ojos, ni en su alma. El coraje de los invictos nos muestra que no existen l\u00edmites para quien es todo coraz\u00f3n. Pues sabe del enorme valor que ha tenido su vida, cada segundo de su existencia. No s\u00f3lo, por supuesto, para su familia y amigos, para quienes la conocieron y pudieron disfrutar de su presencia, sino para todo aquel que quiera escucharla en estos momentos.<\/p><p style=\"text-align: justify;\">Dec\u00eda S\u00e9neca que s\u00f3lo el que tiene arrojo es libre. Y ella, Anabel, la que sonr\u00ede a la muerte, triunfadora, plena de sabidur\u00eda y lucidez, es paradigma de libertad. Ya no existen cadenas que la aten, las mismas que amordazan a los tr\u00e9mulos y falsos l\u00edderes que hoy confunden a una humanidad a la deriva. Su voz proviene directamente del coraz\u00f3n, a borbotones, limpia, pura, aut\u00e9ntica. La voz de la verdad. En un minuto de interlocuci\u00f3n sus suaves palabras destilan m\u00e1s verdad que infinitas horas de discursos de pol\u00edticos vanos, contertulios medi\u00e1ticos que todo lo saben, fatuos <em>influencers <\/em>de esas redes absurdas -que no nos sorprenda que est\u00e9n cargadas de tanto odio y rencor, no son m\u00e1s que un reflejo de nosotros, un nuevo y en apariencia lustroso callej\u00f3n del Gato valleinclanesco- que hoy aborregan a una sociedad vac\u00eda y hedonista. Frente a los or\u00e1culos de las estatuas de barro una joven infinitamente valiente, l\u00facida, dulce, desvela una de las m\u00e1s sangrantes verdades que, incomprensiblemente, cuesta tanto pedir: resulta imprescindible financiar la investigaci\u00f3n m\u00e9dica, la lucha contra las enfermedades, poner todos nuestros recursos al servicio de la salud y la vida. \u00bfAcaso puede haber algo m\u00e1s urgente y necesario? \u00bfQu\u00e9 prioridad mayor puede tener un gobierno o administraci\u00f3n? Es rid\u00edculo tener que hacer esta pregunta, pero, \u00bfexiste realmente algo m\u00e1s importante que la salud\u2026?<\/p><p style=\"text-align: justify;\">Anabel, la que sonr\u00ede a la muerte, en su lucha terrible contra el c\u00e1ncer, ruega que se dedique m\u00e1s dinero a la investigaci\u00f3n cient\u00edfica, que se destinen m\u00e1s recursos a la sanidad. Lo hace pensando en otros, en futuras batallas, pues la explanada en la que ella combate est\u00e1 ahora yerma y desolada. Agradece desde el alma la ayuda de los doctores que la atendieron, sabe que hicieron lo imposible pero no ten\u00edan medios para m\u00e1s. Fueron a la contienda con las manos desnudas.<\/p><p style=\"text-align: justify;\">Cuando pude contemplar este desgarrador v\u00eddeo hab\u00edan pasado varios d\u00edas desde que fue subido a <em>Youtube <\/em>y s\u00f3lo ten\u00eda treinta valoraciones y cinco comentarios. En todas estas redes los mensajes que reciben miles de visitas y apoyos son los que se preocupan de temas mucho m\u00e1s transcendentes como la expulsi\u00f3n del histri\u00f3n de turno de un programa basura o si la nueva novia de aquel futbolista en decadencia le ha vuelto a ser infiel. Son fruto de esa misma sociedad en la que tantos se ufanan de tener 5.000 <em>amigos <\/em>en la red y sin embargo no conocen a su vecino de enfrente. Y los grandes medios de comunicaci\u00f3n tradicionales, por su parte, estaban en esos momentos copados por asuntos de capital relevancia -creados de la nada por los pol\u00edticos al considerarlos, por supuesto, decisivos para mejorar la vida de las personas- como el Brexit, no se qu\u00e9 nueva propuesta de un refer\u00e9ndum y la \u00faltima noticia sobre la tumba de Franco.<\/p><p style=\"text-align: justify;\">S\u00e9 que mi voz no llegar\u00e1 muy lejos, pues precisamente lo que aqu\u00ed estoy exponiendo puede ser calificado por los paladines de la <em>opini\u00f3n <\/em>como demagogia -lo que resultar\u00eda parad\u00f3jico si conocieran el aut\u00e9ntico significado de esta palabra-, pero es necesario decirlo, llegue a donde llegue. Los nuevos h\u00e9roes no contar\u00e1n con la voz de Homero, que hizo inmortales a aquellos griegos y troyanos que imploraron ayuda a sus dioses, pero desde aqu\u00ed quiero suplicar que sean escuchados pues en su boca est\u00e1, ciertamente, la verdad. \u00bfY cu\u00e1l es una de las lecciones que debemos aprender? Que resulta desgarrador comprobar, es un pecado imperdonable, la cantidad enorme de dinero y recursos que se queman en cosas absolutamente absurdas e in\u00fatiles en esta irracional sociedad en la que vivimos mientras se regatea, hasta el extremo, las m\u00e1s m\u00ednimas ayudas econ\u00f3micas a esos cient\u00edficos e investigadores que est\u00e1n afrontando el reto de luchar contra las enfermedades, de mejorar la producci\u00f3n agr\u00edcola para paliar el hambre en el mundo, de reducir la mortalidad infantil, de dise\u00f1ar nuevos medicamentos m\u00e1s eficaces y con menos efectos secundarios\u2026<\/p><p style=\"text-align: justify;\">El c\u00e1ncer, sin ir m\u00e1s lejos, es una brutal enfermedad de la que no hay familia que, de un modo u otro, haya escapado. Y es un drama para todos sus miembros, en el hogar en el que entra destroza todo aquello que pudi\u00e9ramos llamar <em>bienestar<\/em>. \u00bfNo tendr\u00eda que ser el erradicarlo, realmente, un objetivo prioritario de cualquier administraci\u00f3n? Pero el dinero que se invierte en ello es m\u00ednimo. Cualquier infraestructura innecesaria, una duplicidad municipal-auton\u00f3mica- estatal, o una extravagante campa\u00f1a ideol\u00f3gica patrocinada por pol\u00edticos -como me estoy centrando en Espa\u00f1a trasl\u00e1denlo con sus propios nombres a otros pa\u00edses- consumen valios\u00edsimos recursos que podr\u00edan resultar determinantes para concluir con \u00e9xito una prometedora l\u00ednea de investigaci\u00f3n. No son pocas las noticias que saltan a los medios de equipos de cient\u00edficos que hablan de posibilidades de curaci\u00f3n del c\u00e1ncer o de un avance importante, son voces que demandan financiaci\u00f3n desesperadamente. Ya que se habla hoy tanto de referendos para los m\u00e1s variopintos temas, \u00bfpor qu\u00e9 no se hace uno en el que los ciudadanos decidamos directamente a qu\u00e9 destinamos el dinero de nuestros impuestos?<\/p><p style=\"text-align: justify;\">Ni siquiera la financiaci\u00f3n p\u00fablica que se dedica a la propia investigaci\u00f3n cient\u00edfica es orientada por completo a unas prioridades sociales, a mejorar en verdad la vida de las personas. Es poco conocido que, aunque existen temas preferentes, tambi\u00e9n se destina una importante parte de ella a problem\u00e1ticas que podr\u00edamos calificar m\u00e1s como <em>culturales <\/em>-e incluso <em>folkl\u00f3ricas<\/em>&#8211; que como aut\u00e9nticamente cient\u00edficas. El lector curioso puede leer los t\u00edtulos de los proyectos concedidos en las distintas resoluciones que se publican con periodicidad. Los que hemos trabajado durante d\u00e9cadas en la universidad p\u00fablica espa\u00f1ola conocemos demasiados casos al respecto, y el destino que se dio a esa financiaci\u00f3n. Es un mundo politizado en extremo y dominado a\u00fan, parece mentira, por normas que encajar\u00edan mejor en el feudalismo que en las democracias del siglo XXI. Envuelto todo ello, adem\u00e1s, en infinitos tr\u00e1mites burocr\u00e1ticos (potenciados, de modo incomprensible, en plena era de las TIC) que, lejos de resultar garantistas (aunque adaptables seg\u00fan qui\u00e9nes), se convierten en kafkianos, y desalientan a muchos investigadores por la gran cantidad de tiempo y esfuerzo que implican. Se han dado casos de rechazarse importantes proyectos por no haberse completado formularios conforme a unas reglas tipogr\u00e1ficas concretas. A veces parecer\u00eda que la extrema burocracia existe tan s\u00f3lo para justificar una mastod\u00f3ntica administraci\u00f3n, a costa de robar un valios\u00edsimo tiempo a cient\u00edficos que podr\u00edan dedicarlo a sus investigaciones. Hasta han surgido empresas especializadas en gestionar estos interminables tr\u00e1mites por la desesperaci\u00f3n de los solicitantes ante tantas barreras. \u00bfEs l\u00f3gico todo esto? Y solo es un bot\u00f3n de muestra de lo absurdo que envuelve a algo tan relevante, tan cr\u00edtico, como son nuestros avances en el \u00e1mbito de la medicina, a lo que lo <em>p\u00fablico <\/em>debe dar preferencia absoluta pues es la base, qu\u00e9 duda cabe, del bienestar de los ciudadanos.<\/p><p style=\"text-align: justify;\">Las murallas de esta extra\u00f1a Troya, desgobernada, ca\u00f3tica y concupiscente, son demasiado recias, indestructibles, pero todos conocemos que existe una forma de vencer a tan decadente ciudad. Y no, no, puede ser de otro modo, la proeza estar\u00e1 siempre en manos de los h\u00e9roes.<\/p><p style=\"text-align: justify;\"><strong>P.D.<\/strong> Anabel Ben\u00edtez Rodr\u00edguez falleci\u00f3 dos semanas despu\u00e9s de haber grabado este v\u00eddeo. Su padre lo public\u00f3 un a\u00f1o despu\u00e9s, una vez tuvo fuerzas para ello. Ya hab\u00eda perdido a su esposa, tambi\u00e9n de c\u00e1ncer, hac\u00eda siete a\u00f1os. El extraordinario mensaje de Anabel se encuentra en www.youtube.com\/watch?v=afePmeEtVVY. Admiremos su legado.<\/p>\t\t\t\t\t\t\t\t<\/div>\n\t\t\t\t<\/div>\n\t\t\t\t<div class=\"elementor-element elementor-element-5a5a651 sc_fly_static elementor-widget elementor-widget-spacer\" data-id=\"5a5a651\" data-element_type=\"widget\" data-widget_type=\"spacer.default\">\n\t\t\t\t<div class=\"elementor-widget-container\">\n\t\t\t\t\t\t\t<div class=\"elementor-spacer\">\n\t\t\t<div class=\"elementor-spacer-inner\"><\/div>\n\t\t<\/div>\n\t\t\t\t\t\t<\/div>\n\t\t\t\t<\/div>\n\t\t\t\t\t<\/div>\n\t\t<\/div>\n\t\t\t\t\t<\/div>\n\t\t<\/section>\n\t\t\t\t<\/div>\n\t\t","protected":false},"excerpt":{"rendered":"<p>\u00a0\u201c-\u00a1Pero si va desnudo!- exclam\u00f3 de pronto un ni\u00f1o. -\u00a1Dios bendito, escuchen la voz\u00a0de la&hellip;<\/p>\n","protected":false},"author":2,"featured_media":0,"parent":0,"menu_order":0,"comment_status":"closed","ping_status":"closed","template":"","meta":{"footnotes":""},"class_list":["post-23796","page","type-page","status-publish","hentry"],"yoast_head":"<!-- This site is optimized with the Yoast SEO plugin v25.3.1 - https:\/\/yoast.com\/wordpress\/plugins\/seo\/ -->\n<title>Carta al director (n\u00fam. 5) - Eurytion Press<\/title>\n<meta name=\"robots\" content=\"index, follow, max-snippet:-1, max-image-preview:large, max-video-preview:-1\" \/>\n<link rel=\"canonical\" href=\"https:\/\/eurytionpress.com\/en\/carta-al-director-num-5\/\" \/>\n<meta property=\"og:locale\" content=\"en_US\" \/>\n<meta property=\"og:type\" content=\"article\" \/>\n<meta property=\"og:title\" content=\"Carta al director (n\u00fam. 5) - Eurytion Press\" \/>\n<meta property=\"og:description\" content=\"\u00a0\u201c-\u00a1Pero si va desnudo!- exclam\u00f3 de pronto un ni\u00f1o. -\u00a1Dios bendito, escuchen la voz\u00a0de la&hellip;\" \/>\n<meta property=\"og:url\" content=\"https:\/\/eurytionpress.com\/en\/carta-al-director-num-5\/\" \/>\n<meta property=\"og:site_name\" content=\"Eurytion Press\" \/>\n<meta name=\"twitter:card\" content=\"summary_large_image\" \/>\n<meta name=\"twitter:label1\" content=\"Est. reading time\" \/>\n\t<meta name=\"twitter:data1\" content=\"9 minutes\" \/>\n<script type=\"application\/ld+json\" class=\"yoast-schema-graph\">{\"@context\":\"https:\/\/schema.org\",\"@graph\":[{\"@type\":\"WebPage\",\"@id\":\"https:\/\/eurytionpress.com\/en\/carta-al-director-num-5\/\",\"url\":\"https:\/\/eurytionpress.com\/en\/carta-al-director-num-5\/\",\"name\":\"Carta al director (n\u00fam. 5) - Eurytion Press\",\"isPartOf\":{\"@id\":\"https:\/\/eurytionpress.com\/en\/#website\"},\"datePublished\":\"2025-01-21T17:02:43+00:00\",\"breadcrumb\":{\"@id\":\"https:\/\/eurytionpress.com\/en\/carta-al-director-num-5\/#breadcrumb\"},\"inLanguage\":\"en-US\",\"potentialAction\":[{\"@type\":\"ReadAction\",\"target\":[\"https:\/\/eurytionpress.com\/en\/carta-al-director-num-5\/\"]}]},{\"@type\":\"BreadcrumbList\",\"@id\":\"https:\/\/eurytionpress.com\/en\/carta-al-director-num-5\/#breadcrumb\",\"itemListElement\":[{\"@type\":\"ListItem\",\"position\":1,\"name\":\"Portada\",\"item\":\"https:\/\/eurytionpress.com\/en\/\"},{\"@type\":\"ListItem\",\"position\":2,\"name\":\"Carta al director (n\u00fam. 5)\"}]},{\"@type\":\"WebSite\",\"@id\":\"https:\/\/eurytionpress.com\/en\/#website\",\"url\":\"https:\/\/eurytionpress.com\/en\/\",\"name\":\"Eurytion Press\",\"description\":\"Editorial de libros cient\u00edficos y acad\u00e9micos\",\"publisher\":{\"@id\":\"https:\/\/eurytionpress.com\/en\/#organization\"},\"potentialAction\":[{\"@type\":\"SearchAction\",\"target\":{\"@type\":\"EntryPoint\",\"urlTemplate\":\"https:\/\/eurytionpress.com\/en\/?s={search_term_string}\"},\"query-input\":{\"@type\":\"PropertyValueSpecification\",\"valueRequired\":true,\"valueName\":\"search_term_string\"}}],\"inLanguage\":\"en-US\"},{\"@type\":\"Organization\",\"@id\":\"https:\/\/eurytionpress.com\/en\/#organization\",\"name\":\"Eurytion Press\",\"url\":\"https:\/\/eurytionpress.com\/en\/\",\"logo\":{\"@type\":\"ImageObject\",\"inLanguage\":\"en-US\",\"@id\":\"https:\/\/eurytionpress.com\/en\/#\/schema\/logo\/image\/\",\"url\":\"https:\/\/eurytionpress.com\/wp-content\/uploads\/2025\/07\/eurityon-press.png\",\"contentUrl\":\"https:\/\/eurytionpress.com\/wp-content\/uploads\/2025\/07\/eurityon-press.png\",\"width\":229,\"height\":46,\"caption\":\"Eurytion Press\"},\"image\":{\"@id\":\"https:\/\/eurytionpress.com\/en\/#\/schema\/logo\/image\/\"}}]}<\/script>\n<!-- \/ Yoast SEO plugin. -->","yoast_head_json":{"title":"Carta al director (n\u00fam. 5) - Eurytion Press","robots":{"index":"index","follow":"follow","max-snippet":"max-snippet:-1","max-image-preview":"max-image-preview:large","max-video-preview":"max-video-preview:-1"},"canonical":"https:\/\/eurytionpress.com\/en\/carta-al-director-num-5\/","og_locale":"en_US","og_type":"article","og_title":"Carta al director (n\u00fam. 5) - Eurytion Press","og_description":"\u00a0\u201c-\u00a1Pero si va desnudo!- exclam\u00f3 de pronto un ni\u00f1o. -\u00a1Dios bendito, escuchen la voz\u00a0de la&hellip;","og_url":"https:\/\/eurytionpress.com\/en\/carta-al-director-num-5\/","og_site_name":"Eurytion Press","twitter_card":"summary_large_image","twitter_misc":{"Est. reading time":"9 minutes"},"schema":{"@context":"https:\/\/schema.org","@graph":[{"@type":"WebPage","@id":"https:\/\/eurytionpress.com\/en\/carta-al-director-num-5\/","url":"https:\/\/eurytionpress.com\/en\/carta-al-director-num-5\/","name":"Carta al director (n\u00fam. 5) - Eurytion Press","isPartOf":{"@id":"https:\/\/eurytionpress.com\/en\/#website"},"datePublished":"2025-01-21T17:02:43+00:00","breadcrumb":{"@id":"https:\/\/eurytionpress.com\/en\/carta-al-director-num-5\/#breadcrumb"},"inLanguage":"en-US","potentialAction":[{"@type":"ReadAction","target":["https:\/\/eurytionpress.com\/en\/carta-al-director-num-5\/"]}]},{"@type":"BreadcrumbList","@id":"https:\/\/eurytionpress.com\/en\/carta-al-director-num-5\/#breadcrumb","itemListElement":[{"@type":"ListItem","position":1,"name":"Portada","item":"https:\/\/eurytionpress.com\/en\/"},{"@type":"ListItem","position":2,"name":"Carta al director (n\u00fam. 5)"}]},{"@type":"WebSite","@id":"https:\/\/eurytionpress.com\/en\/#website","url":"https:\/\/eurytionpress.com\/en\/","name":"Eurytion Press","description":"Editorial de libros cient\u00edficos y acad\u00e9micos","publisher":{"@id":"https:\/\/eurytionpress.com\/en\/#organization"},"potentialAction":[{"@type":"SearchAction","target":{"@type":"EntryPoint","urlTemplate":"https:\/\/eurytionpress.com\/en\/?s={search_term_string}"},"query-input":{"@type":"PropertyValueSpecification","valueRequired":true,"valueName":"search_term_string"}}],"inLanguage":"en-US"},{"@type":"Organization","@id":"https:\/\/eurytionpress.com\/en\/#organization","name":"Eurytion Press","url":"https:\/\/eurytionpress.com\/en\/","logo":{"@type":"ImageObject","inLanguage":"en-US","@id":"https:\/\/eurytionpress.com\/en\/#\/schema\/logo\/image\/","url":"https:\/\/eurytionpress.com\/wp-content\/uploads\/2025\/07\/eurityon-press.png","contentUrl":"https:\/\/eurytionpress.com\/wp-content\/uploads\/2025\/07\/eurityon-press.png","width":229,"height":46,"caption":"Eurytion Press"},"image":{"@id":"https:\/\/eurytionpress.com\/en\/#\/schema\/logo\/image\/"}}]}},"_links":{"self":[{"href":"https:\/\/eurytionpress.com\/en\/wp-json\/wp\/v2\/pages\/23796","targetHints":{"allow":["GET"]}}],"collection":[{"href":"https:\/\/eurytionpress.com\/en\/wp-json\/wp\/v2\/pages"}],"about":[{"href":"https:\/\/eurytionpress.com\/en\/wp-json\/wp\/v2\/types\/page"}],"author":[{"embeddable":true,"href":"https:\/\/eurytionpress.com\/en\/wp-json\/wp\/v2\/users\/2"}],"replies":[{"embeddable":true,"href":"https:\/\/eurytionpress.com\/en\/wp-json\/wp\/v2\/comments?post=23796"}],"version-history":[{"count":0,"href":"https:\/\/eurytionpress.com\/en\/wp-json\/wp\/v2\/pages\/23796\/revisions"}],"wp:attachment":[{"href":"https:\/\/eurytionpress.com\/en\/wp-json\/wp\/v2\/media?parent=23796"}],"curies":[{"name":"wp","href":"https:\/\/api.w.org\/{rel}","templated":true}]}}