{"id":23807,"date":"2024-12-16T19:02:11","date_gmt":"2024-12-16T18:02:11","guid":{"rendered":"https:\/\/wpempresa.com\/eurytion\/comite-editorial-y-cientifico\/"},"modified":"2025-07-14T09:31:58","modified_gmt":"2025-07-14T07:31:58","slug":"comite-editorial-y-cientifico","status":"publish","type":"page","link":"https:\/\/eurytionpress.com\/en\/comite-editorial-y-cientifico\/","title":{"rendered":"Comit\u00e9 Editorial y Cient\u00edfico"},"content":{"rendered":"\t\t<div data-elementor-type=\"wp-page\" data-elementor-id=\"23807\" class=\"elementor elementor-23807 elementor-19828\">\n\t\t\t\t\t\t<section class=\"elementor-section elementor-top-section elementor-element elementor-element-29ebf7e elementor-section-boxed elementor-section-height-default elementor-section-height-default sc_fly_static\" data-id=\"29ebf7e\" data-element_type=\"section\">\n\t\t\t\t\t\t<div class=\"elementor-container elementor-column-gap-extended\">\n\t\t\t\t\t<div class=\"elementor-column elementor-col-100 elementor-top-column elementor-element elementor-element-1d863e9 sc_content_align_inherit sc_layouts_column_icons_position_left sc_fly_static\" data-id=\"1d863e9\" data-element_type=\"column\">\n\t\t\t<div class=\"elementor-widget-wrap elementor-element-populated\">\n\t\t\t\t\t\t<div class=\"elementor-element elementor-element-f54f09b sc_fly_static elementor-widget elementor-widget-image\" data-id=\"f54f09b\" data-element_type=\"widget\" data-widget_type=\"image.default\">\n\t\t\t\t<div class=\"elementor-widget-container\">\n\t\t\t\t\t\t\t\t\t\t\t\t\t\t\t<img decoding=\"async\" src=\"https:\/\/eurytionpress.com\/wp-content\/uploads\/elementor\/thumbs\/Eurytion_logo_negro_TRANS-r8qlldsplm65ucsavwv6vlcww1kba7l43g9bphweh6.png\" title=\"Eurytion_logo_negro_TRANS\" alt=\"Eurytion_logo_negro_TRANS\" loading=\"lazy\" \/>\t\t\t\t\t\t\t\t\t\t\t\t\t\t\t<\/div>\n\t\t\t\t<\/div>\n\t\t\t\t<div class=\"elementor-element elementor-element-dcad748 sc_fly_static elementor-widget elementor-widget-text-editor\" data-id=\"dcad748\" data-element_type=\"widget\" data-widget_type=\"text-editor.default\">\n\t\t\t\t<div class=\"elementor-widget-container\">\n\t\t\t\t\t\t\t\t\t<h4>Directores Editoriales<\/h4><p>Jos\u00e9 G\u00f3mez Gal\u00e1n, PhD.<\/p><p>Eloy L\u00f3pez Meneses, PhD.<\/p><h4>Comit\u00e9 Cient\u00edfico Internacional:<\/h4><p>Antonio Cortijo Oca\u00f1a, Ph.D., U. California Santa Barbara, USA<\/p><p>Antonio Pi\u00f1ero S\u00e1enz, PhD. U. Complutense, Spain<\/p><p>Carmen Rosa Coloma Manrique, PhD., U. Cat\u00f3lica, Peru<\/p><p>Carolina Silva Sousa, PhD. U. Algarve, Portugal<\/p><p>Chiara Antonia d\u2019Alessandro, PhD., U. Campania Luigi Vanvitelli, Italy<\/p><p>Daniel Andreas Verdu Schumann, Ph.D., U. Paderborn, Germany<\/p><p>Demian Takumasa Kondo, Ph.D. Corpoica, Palmira Research Station, Colombia<\/p><p>Edgard G. Rivera-Valent\u00edn, PhD., University Space Research Association, Puerto Rico \u2013 USA<\/p><p>Edileuza de Freitas Miranda de Mendon\u00e7a, PhD., Conselho de Educa\u00e7\u00e3o de Goi\u00e2nia, Brazil<\/p><p>Enricomaria Corbi, PhD., U. Suor Orsola Benincasa, Italy<\/p><p>Fabrizio Manuel Sirignano, PhD., U. Suor Orsola Benincasa, Italy<\/p><p>Francesca Marone, PhD., U. Napoli Federico II, Italy<\/p><p>Javier Loredo Enr\u00edquez, PhD., U. Iberoamericana, Mexico<\/p><p>Joaqu\u00edn Cerd\u00e1 Boluda, PhD., U. Polit\u00e9cnica de Valencia, Spain<\/p><p>Jos\u00e9 Carlos Escudero Garc\u00eda, PhD., U. Extremadura, Spain<\/p><p>Jos\u00e9 Luis Salmer\u00f3n Silvera, PhD., U. Pablo de Olavide, Spain<\/p><p>Juan Carlos Meana Mart\u00ednez, Ph.D., U. Vigo, Spain<\/p><p>Juan Jos\u00e9 S\u00e1nchez-Oro, PhD Cand. Universidad Complutense de Madrid, Spain<\/p><p>Julio Real Garc\u00eda, PhD., U. Aut\u00f3noma de Madrid, Spain<\/p><p>Luz Mart\u00ednez Torres, Ph.D., U. Puerto Rico, Puerto Rico<\/p><p>Mar\u00eda del Coral L\u00f3pez G\u00f3mez, PhD., Eastern Michigan University, USA<\/p><p>Mar\u00eda Guadalupe Veytia Bucheli, PhD., U. Aut\u00f3noma Hidalgo, Mexico<\/p><p>Maria Helena Saari, PhD Cand., University of Oulu, Finland<\/p><p>Mar\u00eda Isabel Ponce Escudero, PhD., Junta de Extremadura, Spain<\/p><p>Maria Luisa Iavarone, PhD., U. Parthenope, Italy<\/p><p>Mar\u00edlia Cid, PhD., U. Evora, Portugal<\/p><p>M\u00f3nica Cornejo Valle, PhD., U. Complutense, Spain.<\/p><p>Montserrat Escart\u00edn Gual, Ph.D., U. Girona, Spain<\/p><p>Mylord Reyes Tosta, PhD., Eastern Michigan University, USA<\/p><p>Natascia Villani, PhD., U. Suor Orsola Benincasa, Italy<\/p><p>Nellie Pag\u00e1n Maldonado, PhD., U. Ana G. M\u00e9ndez, UAGM, Puerto Rico<\/p><p>Noelia Margarita Moreno Mart\u00ednez, PhD., U. M\u00e1laga, Spain<\/p><p>Omar Ponce, PhD., U. Ana G. M\u00e9ndez, UAGM, Puerto Rico<\/p><p>Pascal Perillo, PhD., U. Suor Orsola Benincasa, Italy<\/p><p>Rosabel Roig-Vila, PhD., U. Alicante, Spain<\/p><p>Santiago Atrio Cerezo, PhD., U. Aut\u00f3noma de Madrid, Spain<\/p><p>Sof\u00eda Kamenetskaia Kotseruba, Ph.D., U. Nacional Aut\u00f3noma, Mexico<\/p><p>Vicent Martines Peres, PhD., ISIC-IVITRA, U. Alicante, Spain.<\/p>\t\t\t\t\t\t\t\t<\/div>\n\t\t\t\t<\/div>\n\t\t\t\t<div class=\"elementor-element elementor-element-5a5a651 sc_fly_static elementor-widget elementor-widget-spacer\" data-id=\"5a5a651\" data-element_type=\"widget\" data-widget_type=\"spacer.default\">\n\t\t\t\t<div class=\"elementor-widget-container\">\n\t\t\t\t\t\t\t<div class=\"elementor-spacer\">\n\t\t\t<div class=\"elementor-spacer-inner\"><\/div>\n\t\t<\/div>\n\t\t\t\t\t\t<\/div>\n\t\t\t\t<\/div>\n\t\t\t\t\t<\/div>\n\t\t<\/div>\n\t\t\t\t\t<\/div>\n\t\t<\/section>\n\t\t\t\t<\/div>\n\t\t","protected":false},"excerpt":{"rendered":"<p>Directores Editoriales Jos\u00e9 G\u00f3mez Gal\u00e1n, PhD. Eloy L\u00f3pez Meneses, PhD. Comit\u00e9 Cient\u00edfico Internacional: Antonio Cortijo&hellip;<\/p>\n","protected":false},"author":2,"featured_media":0,"parent":0,"menu_order":0,"comment_status":"closed","ping_status":"closed","template":"","meta":{"footnotes":""},"class_list":["post-23807","page","type-page","status-publish","hentry"],"yoast_head":"<!-- This site is optimized with the Yoast SEO plugin v25.3.1 - https:\/\/yoast.com\/wordpress\/plugins\/seo\/ -->\n<title>Comit\u00e9 Editorial y Cient\u00edfico - Eurytion Press<\/title>\n<meta name=\"robots\" content=\"index, follow, max-snippet:-1, max-image-preview:large, max-video-preview:-1\" \/>\n<link rel=\"canonical\" href=\"https:\/\/eurytionpress.com\/en\/comite-editorial-y-cientifico\/\" \/>\n<meta property=\"og:locale\" content=\"en_US\" \/>\n<meta property=\"og:type\" content=\"article\" \/>\n<meta property=\"og:title\" content=\"Comit\u00e9 Editorial y Cient\u00edfico - Eurytion Press\" \/>\n<meta property=\"og:description\" content=\"Directores Editoriales Jos\u00e9 G\u00f3mez Gal\u00e1n, PhD. Eloy L\u00f3pez Meneses, PhD. Comit\u00e9 Cient\u00edfico Internacional: Antonio Cortijo&hellip;\" \/>\n<meta property=\"og:url\" content=\"https:\/\/eurytionpress.com\/en\/comite-editorial-y-cientifico\/\" \/>\n<meta property=\"og:site_name\" content=\"Eurytion Press\" \/>\n<meta property=\"article:modified_time\" content=\"2025-07-14T07:31:58+00:00\" \/>\n<meta property=\"og:image\" content=\"https:\/\/eurytionpress.com\/wp-content\/uploads\/elementor\/thumbs\/Eurytion_logo_negro_TRANS-r8evb1shkpbm6t0uu4cdjckkhdxioqdjmvxgd0juqc.png\" \/>\n<meta name=\"twitter:card\" content=\"summary_large_image\" \/>\n<meta name=\"twitter:label1\" content=\"Est. reading time\" \/>\n\t<meta name=\"twitter:data1\" content=\"2 minutes\" \/>\n<script type=\"application\/ld+json\" class=\"yoast-schema-graph\">{\"@context\":\"https:\/\/schema.org\",\"@graph\":[{\"@type\":\"WebPage\",\"@id\":\"https:\/\/eurytionpress.com\/en\/comite-editorial-y-cientifico\/\",\"url\":\"https:\/\/eurytionpress.com\/en\/comite-editorial-y-cientifico\/\",\"name\":\"Comit\u00e9 Editorial y Cient\u00edfico - Eurytion Press\",\"isPartOf\":{\"@id\":\"https:\/\/eurytionpress.com\/en\/#website\"},\"primaryImageOfPage\":{\"@id\":\"https:\/\/eurytionpress.com\/en\/comite-editorial-y-cientifico\/#primaryimage\"},\"image\":{\"@id\":\"https:\/\/eurytionpress.com\/en\/comite-editorial-y-cientifico\/#primaryimage\"},\"thumbnailUrl\":\"https:\/\/eurytionpress.com\/wp-content\/uploads\/elementor\/thumbs\/Eurytion_logo_negro_TRANS-r8evb1shkpbm6t0uu4cdjckkhdxioqdjmvxgd0juqc.png\",\"datePublished\":\"2024-12-16T18:02:11+00:00\",\"dateModified\":\"2025-07-14T07:31:58+00:00\",\"breadcrumb\":{\"@id\":\"https:\/\/eurytionpress.com\/en\/comite-editorial-y-cientifico\/#breadcrumb\"},\"inLanguage\":\"en-US\",\"potentialAction\":[{\"@type\":\"ReadAction\",\"target\":[\"https:\/\/eurytionpress.com\/en\/comite-editorial-y-cientifico\/\"]}]},{\"@type\":\"ImageObject\",\"inLanguage\":\"en-US\",\"@id\":\"https:\/\/eurytionpress.com\/en\/comite-editorial-y-cientifico\/#primaryimage\",\"url\":\"https:\/\/eurytionpress.com\/wp-content\/uploads\/elementor\/thumbs\/Eurytion_logo_negro_TRANS-r8evb1shkpbm6t0uu4cdjckkhdxioqdjmvxgd0juqc.png\",\"contentUrl\":\"https:\/\/eurytionpress.com\/wp-content\/uploads\/elementor\/thumbs\/Eurytion_logo_negro_TRANS-r8evb1shkpbm6t0uu4cdjckkhdxioqdjmvxgd0juqc.png\"},{\"@type\":\"BreadcrumbList\",\"@id\":\"https:\/\/eurytionpress.com\/en\/comite-editorial-y-cientifico\/#breadcrumb\",\"itemListElement\":[{\"@type\":\"ListItem\",\"position\":1,\"name\":\"Portada\",\"item\":\"https:\/\/eurytionpress.com\/en\/\"},{\"@type\":\"ListItem\",\"position\":2,\"name\":\"Comit\u00e9 Editorial y Cient\u00edfico\"}]},{\"@type\":\"WebSite\",\"@id\":\"https:\/\/eurytionpress.com\/en\/#website\",\"url\":\"https:\/\/eurytionpress.com\/en\/\",\"name\":\"Eurytion Press\",\"description\":\"Editorial de libros cient\u00edficos y acad\u00e9micos\",\"publisher\":{\"@id\":\"https:\/\/eurytionpress.com\/en\/#organization\"},\"potentialAction\":[{\"@type\":\"SearchAction\",\"target\":{\"@type\":\"EntryPoint\",\"urlTemplate\":\"https:\/\/eurytionpress.com\/en\/?s={search_term_string}\"},\"query-input\":{\"@type\":\"PropertyValueSpecification\",\"valueRequired\":true,\"valueName\":\"search_term_string\"}}],\"inLanguage\":\"en-US\"},{\"@type\":\"Organization\",\"@id\":\"https:\/\/eurytionpress.com\/en\/#organization\",\"name\":\"Eurytion Press\",\"url\":\"https:\/\/eurytionpress.com\/en\/\",\"logo\":{\"@type\":\"ImageObject\",\"inLanguage\":\"en-US\",\"@id\":\"https:\/\/eurytionpress.com\/en\/#\/schema\/logo\/image\/\",\"url\":\"https:\/\/eurytionpress.com\/wp-content\/uploads\/2025\/07\/eurityon-press.png\",\"contentUrl\":\"https:\/\/eurytionpress.com\/wp-content\/uploads\/2025\/07\/eurityon-press.png\",\"width\":229,\"height\":46,\"caption\":\"Eurytion Press\"},\"image\":{\"@id\":\"https:\/\/eurytionpress.com\/en\/#\/schema\/logo\/image\/\"}}]}<\/script>\n<!-- \/ Yoast SEO plugin. -->","yoast_head_json":{"title":"Comit\u00e9 Editorial y Cient\u00edfico - Eurytion Press","robots":{"index":"index","follow":"follow","max-snippet":"max-snippet:-1","max-image-preview":"max-image-preview:large","max-video-preview":"max-video-preview:-1"},"canonical":"https:\/\/eurytionpress.com\/en\/comite-editorial-y-cientifico\/","og_locale":"en_US","og_type":"article","og_title":"Comit\u00e9 Editorial y Cient\u00edfico - Eurytion Press","og_description":"Directores Editoriales Jos\u00e9 G\u00f3mez Gal\u00e1n, PhD. Eloy L\u00f3pez Meneses, PhD. Comit\u00e9 Cient\u00edfico Internacional: Antonio Cortijo&hellip;","og_url":"https:\/\/eurytionpress.com\/en\/comite-editorial-y-cientifico\/","og_site_name":"Eurytion Press","article_modified_time":"2025-07-14T07:31:58+00:00","og_image":[{"url":"https:\/\/eurytionpress.com\/wp-content\/uploads\/elementor\/thumbs\/Eurytion_logo_negro_TRANS-r8evb1shkpbm6t0uu4cdjckkhdxioqdjmvxgd0juqc.png","type":"","width":"","height":""}],"twitter_card":"summary_large_image","twitter_misc":{"Est. reading time":"2 minutes"},"schema":{"@context":"https:\/\/schema.org","@graph":[{"@type":"WebPage","@id":"https:\/\/eurytionpress.com\/en\/comite-editorial-y-cientifico\/","url":"https:\/\/eurytionpress.com\/en\/comite-editorial-y-cientifico\/","name":"Comit\u00e9 Editorial y Cient\u00edfico - Eurytion Press","isPartOf":{"@id":"https:\/\/eurytionpress.com\/en\/#website"},"primaryImageOfPage":{"@id":"https:\/\/eurytionpress.com\/en\/comite-editorial-y-cientifico\/#primaryimage"},"image":{"@id":"https:\/\/eurytionpress.com\/en\/comite-editorial-y-cientifico\/#primaryimage"},"thumbnailUrl":"https:\/\/eurytionpress.com\/wp-content\/uploads\/elementor\/thumbs\/Eurytion_logo_negro_TRANS-r8evb1shkpbm6t0uu4cdjckkhdxioqdjmvxgd0juqc.png","datePublished":"2024-12-16T18:02:11+00:00","dateModified":"2025-07-14T07:31:58+00:00","breadcrumb":{"@id":"https:\/\/eurytionpress.com\/en\/comite-editorial-y-cientifico\/#breadcrumb"},"inLanguage":"en-US","potentialAction":[{"@type":"ReadAction","target":["https:\/\/eurytionpress.com\/en\/comite-editorial-y-cientifico\/"]}]},{"@type":"ImageObject","inLanguage":"en-US","@id":"https:\/\/eurytionpress.com\/en\/comite-editorial-y-cientifico\/#primaryimage","url":"https:\/\/eurytionpress.com\/wp-content\/uploads\/elementor\/thumbs\/Eurytion_logo_negro_TRANS-r8evb1shkpbm6t0uu4cdjckkhdxioqdjmvxgd0juqc.png","contentUrl":"https:\/\/eurytionpress.com\/wp-content\/uploads\/elementor\/thumbs\/Eurytion_logo_negro_TRANS-r8evb1shkpbm6t0uu4cdjckkhdxioqdjmvxgd0juqc.png"},{"@type":"BreadcrumbList","@id":"https:\/\/eurytionpress.com\/en\/comite-editorial-y-cientifico\/#breadcrumb","itemListElement":[{"@type":"ListItem","position":1,"name":"Portada","item":"https:\/\/eurytionpress.com\/en\/"},{"@type":"ListItem","position":2,"name":"Comit\u00e9 Editorial y Cient\u00edfico"}]},{"@type":"WebSite","@id":"https:\/\/eurytionpress.com\/en\/#website","url":"https:\/\/eurytionpress.com\/en\/","name":"Eurytion Press","description":"Editorial de libros cient\u00edficos y acad\u00e9micos","publisher":{"@id":"https:\/\/eurytionpress.com\/en\/#organization"},"potentialAction":[{"@type":"SearchAction","target":{"@type":"EntryPoint","urlTemplate":"https:\/\/eurytionpress.com\/en\/?s={search_term_string}"},"query-input":{"@type":"PropertyValueSpecification","valueRequired":true,"valueName":"search_term_string"}}],"inLanguage":"en-US"},{"@type":"Organization","@id":"https:\/\/eurytionpress.com\/en\/#organization","name":"Eurytion Press","url":"https:\/\/eurytionpress.com\/en\/","logo":{"@type":"ImageObject","inLanguage":"en-US","@id":"https:\/\/eurytionpress.com\/en\/#\/schema\/logo\/image\/","url":"https:\/\/eurytionpress.com\/wp-content\/uploads\/2025\/07\/eurityon-press.png","contentUrl":"https:\/\/eurytionpress.com\/wp-content\/uploads\/2025\/07\/eurityon-press.png","width":229,"height":46,"caption":"Eurytion Press"},"image":{"@id":"https:\/\/eurytionpress.com\/en\/#\/schema\/logo\/image\/"}}]}},"_links":{"self":[{"href":"https:\/\/eurytionpress.com\/en\/wp-json\/wp\/v2\/pages\/23807","targetHints":{"allow":["GET"]}}],"collection":[{"href":"https:\/\/eurytionpress.com\/en\/wp-json\/wp\/v2\/pages"}],"about":[{"href":"https:\/\/eurytionpress.com\/en\/wp-json\/wp\/v2\/types\/page"}],"author":[{"embeddable":true,"href":"https:\/\/eurytionpress.com\/en\/wp-json\/wp\/v2\/users\/2"}],"replies":[{"embeddable":true,"href":"https:\/\/eurytionpress.com\/en\/wp-json\/wp\/v2\/comments?post=23807"}],"version-history":[{"count":3,"href":"https:\/\/eurytionpress.com\/en\/wp-json\/wp\/v2\/pages\/23807\/revisions"}],"predecessor-version":[{"id":24013,"href":"https:\/\/eurytionpress.com\/en\/wp-json\/wp\/v2\/pages\/23807\/revisions\/24013"}],"wp:attachment":[{"href":"https:\/\/eurytionpress.com\/en\/wp-json\/wp\/v2\/media?parent=23807"}],"curies":[{"name":"wp","href":"https:\/\/api.w.org\/{rel}","templated":true}]}}