{"id":23549,"date":"2025-07-01T17:36:43","date_gmt":"2025-07-01T15:36:43","guid":{"rendered":"https:\/\/wpempresa.com\/eurytion\/climate-change-and-vector-borne-diseases\/"},"modified":"2025-07-01T17:36:43","modified_gmt":"2025-07-01T15:36:43","slug":"climate-change-and-vector-borne-diseases","status":"publish","type":"product","link":"https:\/\/eurytionpress.com\/en\/climate-change-and-vector-borne-diseases\/","title":{"rendered":"Climate Change and Vector-Borne Diseases"},"content":{"rendered":"<p>Estrada Pe\u00f1a, Agust\u00edn. &#8220;Climate Change and Vector-Borne Diseases.&#8221; En Climate Change: A Multidisciplinary View, editado por Jos\u00e9 G\u00f3mez Gal\u00e1n. San Juan: Universidad Metropolitana, 2015.<\/p>\n","protected":false},"excerpt":{"rendered":"<p>This chapter is part of the &#8220;Climate Change: A Multidisciplinary View&#8221; volume. This book represents an essential compendium that addresses the complexity of climate change through an inherently interdisciplinary approach. The work&#8217;s structure shows an effort to transcend traditional disciplinary boundaries, offering a rigorous and multifaceted overview of this global phenomenon. All the contributions are based on findings that have been disseminated in high-impact publications and that, as a whole, enrich the debate that is characteristic of science and necessary to advance knowledge in this field. The volume begins with a contextualizing introduction, delves into the historical roots and probable origin of current climate change, and then examines its foundations from climatology and meteorology, exploring the interconnections between energy, climate, and sustainability. The work then extends its analysis to the biological consequences, with special attention to the relationship between climate change and vector-borne diseases. In addition to the natural and health sciences, the volume incorporates humanistic and social perspectives, through which the philosophical dimensions of the problem are examined, culminating in a reflection on the need for a new environmental education adapted to contemporary challenges.<\/p>\n","protected":false},"featured_media":23056,"comment_status":"closed","ping_status":"open","template":"","meta":[],"product_brand":[],"product_cat":[923],"product_tag":[],"class_list":{"0":"post-23549","1":"product","2":"type-product","3":"status-publish","4":"has-post-thumbnail","6":"product_cat-chapters","7":"pa_doi-10-71406-lbr5351-en","9":"first","10":"instock","11":"product-type-simple"},"yoast_head":"<!-- This site is optimized with the Yoast SEO plugin v25.3.1 - https:\/\/yoast.com\/wordpress\/plugins\/seo\/ -->\n<title>Climate Change and Vector-Borne Diseases - Eurytion Press<\/title>\n<meta name=\"robots\" content=\"index, follow, max-snippet:-1, max-image-preview:large, max-video-preview:-1\" \/>\n<link rel=\"canonical\" href=\"https:\/\/eurytionpress.com\/en\/climate-change-and-vector-borne-diseases\/\" \/>\n<meta property=\"og:locale\" content=\"en_US\" \/>\n<meta property=\"og:type\" content=\"article\" \/>\n<meta property=\"og:title\" content=\"Climate Change and Vector-Borne Diseases - Eurytion Press\" \/>\n<meta property=\"og:description\" content=\"This chapter is part of the &quot;Climate Change: A Multidisciplinary View&quot; volume. This book represents an essential compendium that addresses the complexity of climate change through an inherently interdisciplinary approach. The work&#039;s structure shows an effort to transcend traditional disciplinary boundaries, offering a rigorous and multifaceted overview of this global phenomenon. All the contributions are based on findings that have been disseminated in high-impact publications and that, as a whole, enrich the debate that is characteristic of science and necessary to advance knowledge in this field. The volume begins with a contextualizing introduction, delves into the historical roots and probable origin of current climate change, and then examines its foundations from climatology and meteorology, exploring the interconnections between energy, climate, and sustainability. The work then extends its analysis to the biological consequences, with special attention to the relationship between climate change and vector-borne diseases. In addition to the natural and health sciences, the volume incorporates humanistic and social perspectives, through which the philosophical dimensions of the problem are examined, culminating in a reflection on the need for a new environmental education adapted to contemporary challenges.\" \/>\n<meta property=\"og:url\" content=\"https:\/\/eurytionpress.com\/en\/climate-change-and-vector-borne-diseases\/\" \/>\n<meta property=\"og:site_name\" content=\"Eurytion Press\" \/>\n<meta property=\"og:image\" content=\"https:\/\/eurytionpress.com\/wp-content\/uploads\/2025\/07\/climate-change-11.png\" \/>\n\t<meta property=\"og:image:width\" content=\"445\" \/>\n\t<meta property=\"og:image:height\" content=\"593\" \/>\n\t<meta property=\"og:image:type\" content=\"image\/png\" \/>\n<meta name=\"twitter:card\" content=\"summary_large_image\" \/>\n<script type=\"application\/ld+json\" class=\"yoast-schema-graph\">{\"@context\":\"https:\/\/schema.org\",\"@graph\":[{\"@type\":\"WebPage\",\"@id\":\"https:\/\/eurytionpress.com\/en\/climate-change-and-vector-borne-diseases\/\",\"url\":\"https:\/\/eurytionpress.com\/en\/climate-change-and-vector-borne-diseases\/\",\"name\":\"Climate Change and Vector-Borne Diseases - Eurytion Press\",\"isPartOf\":{\"@id\":\"https:\/\/eurytionpress.com\/en\/#website\"},\"primaryImageOfPage\":{\"@id\":\"https:\/\/eurytionpress.com\/en\/climate-change-and-vector-borne-diseases\/#primaryimage\"},\"image\":{\"@id\":\"https:\/\/eurytionpress.com\/en\/climate-change-and-vector-borne-diseases\/#primaryimage\"},\"thumbnailUrl\":\"https:\/\/eurytionpress.com\/wp-content\/uploads\/2025\/07\/climate-change-11.png\",\"datePublished\":\"2025-07-01T15:36:43+00:00\",\"breadcrumb\":{\"@id\":\"https:\/\/eurytionpress.com\/en\/climate-change-and-vector-borne-diseases\/#breadcrumb\"},\"inLanguage\":\"en-US\",\"potentialAction\":[{\"@type\":\"ReadAction\",\"target\":[\"https:\/\/eurytionpress.com\/en\/climate-change-and-vector-borne-diseases\/\"]}]},{\"@type\":\"ImageObject\",\"inLanguage\":\"en-US\",\"@id\":\"https:\/\/eurytionpress.com\/en\/climate-change-and-vector-borne-diseases\/#primaryimage\",\"url\":\"https:\/\/eurytionpress.com\/wp-content\/uploads\/2025\/07\/climate-change-11.png\",\"contentUrl\":\"https:\/\/eurytionpress.com\/wp-content\/uploads\/2025\/07\/climate-change-11.png\",\"width\":445,\"height\":593},{\"@type\":\"BreadcrumbList\",\"@id\":\"https:\/\/eurytionpress.com\/en\/climate-change-and-vector-borne-diseases\/#breadcrumb\",\"itemListElement\":[{\"@type\":\"ListItem\",\"position\":1,\"name\":\"Portada\",\"item\":\"https:\/\/eurytionpress.com\/en\/\"},{\"@type\":\"ListItem\",\"position\":2,\"name\":\"Libros\",\"item\":\"https:\/\/eurytionpress.com\/libros-2\/\"},{\"@type\":\"ListItem\",\"position\":3,\"name\":\"Climate Change and Vector-Borne Diseases\"}]},{\"@type\":\"WebSite\",\"@id\":\"https:\/\/eurytionpress.com\/en\/#website\",\"url\":\"https:\/\/eurytionpress.com\/en\/\",\"name\":\"Eurytion Press\",\"description\":\"Editorial de libros cient\u00edficos y acad\u00e9micos\",\"publisher\":{\"@id\":\"https:\/\/eurytionpress.com\/en\/#organization\"},\"potentialAction\":[{\"@type\":\"SearchAction\",\"target\":{\"@type\":\"EntryPoint\",\"urlTemplate\":\"https:\/\/eurytionpress.com\/en\/?s={search_term_string}\"},\"query-input\":{\"@type\":\"PropertyValueSpecification\",\"valueRequired\":true,\"valueName\":\"search_term_string\"}}],\"inLanguage\":\"en-US\"},{\"@type\":\"Organization\",\"@id\":\"https:\/\/eurytionpress.com\/en\/#organization\",\"name\":\"Eurytion Press\",\"url\":\"https:\/\/eurytionpress.com\/en\/\",\"logo\":{\"@type\":\"ImageObject\",\"inLanguage\":\"en-US\",\"@id\":\"https:\/\/eurytionpress.com\/en\/#\/schema\/logo\/image\/\",\"url\":\"https:\/\/eurytionpress.com\/wp-content\/uploads\/2025\/07\/eurityon-press.png\",\"contentUrl\":\"https:\/\/eurytionpress.com\/wp-content\/uploads\/2025\/07\/eurityon-press.png\",\"width\":229,\"height\":46,\"caption\":\"Eurytion Press\"},\"image\":{\"@id\":\"https:\/\/eurytionpress.com\/en\/#\/schema\/logo\/image\/\"}}]}<\/script>\n<!-- \/ Yoast SEO plugin. -->","yoast_head_json":{"title":"Climate Change and Vector-Borne Diseases - Eurytion Press","robots":{"index":"index","follow":"follow","max-snippet":"max-snippet:-1","max-image-preview":"max-image-preview:large","max-video-preview":"max-video-preview:-1"},"canonical":"https:\/\/eurytionpress.com\/en\/climate-change-and-vector-borne-diseases\/","og_locale":"en_US","og_type":"article","og_title":"Climate Change and Vector-Borne Diseases - Eurytion Press","og_description":"This chapter is part of the \"Climate Change: A Multidisciplinary View\" volume. This book represents an essential compendium that addresses the complexity of climate change through an inherently interdisciplinary approach. The work's structure shows an effort to transcend traditional disciplinary boundaries, offering a rigorous and multifaceted overview of this global phenomenon. All the contributions are based on findings that have been disseminated in high-impact publications and that, as a whole, enrich the debate that is characteristic of science and necessary to advance knowledge in this field. The volume begins with a contextualizing introduction, delves into the historical roots and probable origin of current climate change, and then examines its foundations from climatology and meteorology, exploring the interconnections between energy, climate, and sustainability. The work then extends its analysis to the biological consequences, with special attention to the relationship between climate change and vector-borne diseases. In addition to the natural and health sciences, the volume incorporates humanistic and social perspectives, through which the philosophical dimensions of the problem are examined, culminating in a reflection on the need for a new environmental education adapted to contemporary challenges.","og_url":"https:\/\/eurytionpress.com\/en\/climate-change-and-vector-borne-diseases\/","og_site_name":"Eurytion Press","og_image":[{"width":445,"height":593,"url":"https:\/\/eurytionpress.com\/wp-content\/uploads\/2025\/07\/climate-change-11.png","type":"image\/png"}],"twitter_card":"summary_large_image","schema":{"@context":"https:\/\/schema.org","@graph":[{"@type":"WebPage","@id":"https:\/\/eurytionpress.com\/en\/climate-change-and-vector-borne-diseases\/","url":"https:\/\/eurytionpress.com\/en\/climate-change-and-vector-borne-diseases\/","name":"Climate Change and Vector-Borne Diseases - Eurytion Press","isPartOf":{"@id":"https:\/\/eurytionpress.com\/en\/#website"},"primaryImageOfPage":{"@id":"https:\/\/eurytionpress.com\/en\/climate-change-and-vector-borne-diseases\/#primaryimage"},"image":{"@id":"https:\/\/eurytionpress.com\/en\/climate-change-and-vector-borne-diseases\/#primaryimage"},"thumbnailUrl":"https:\/\/eurytionpress.com\/wp-content\/uploads\/2025\/07\/climate-change-11.png","datePublished":"2025-07-01T15:36:43+00:00","breadcrumb":{"@id":"https:\/\/eurytionpress.com\/en\/climate-change-and-vector-borne-diseases\/#breadcrumb"},"inLanguage":"en-US","potentialAction":[{"@type":"ReadAction","target":["https:\/\/eurytionpress.com\/en\/climate-change-and-vector-borne-diseases\/"]}]},{"@type":"ImageObject","inLanguage":"en-US","@id":"https:\/\/eurytionpress.com\/en\/climate-change-and-vector-borne-diseases\/#primaryimage","url":"https:\/\/eurytionpress.com\/wp-content\/uploads\/2025\/07\/climate-change-11.png","contentUrl":"https:\/\/eurytionpress.com\/wp-content\/uploads\/2025\/07\/climate-change-11.png","width":445,"height":593},{"@type":"BreadcrumbList","@id":"https:\/\/eurytionpress.com\/en\/climate-change-and-vector-borne-diseases\/#breadcrumb","itemListElement":[{"@type":"ListItem","position":1,"name":"Portada","item":"https:\/\/eurytionpress.com\/en\/"},{"@type":"ListItem","position":2,"name":"Libros","item":"https:\/\/eurytionpress.com\/libros-2\/"},{"@type":"ListItem","position":3,"name":"Climate Change and Vector-Borne Diseases"}]},{"@type":"WebSite","@id":"https:\/\/eurytionpress.com\/en\/#website","url":"https:\/\/eurytionpress.com\/en\/","name":"Eurytion Press","description":"Editorial de libros cient\u00edficos y acad\u00e9micos","publisher":{"@id":"https:\/\/eurytionpress.com\/en\/#organization"},"potentialAction":[{"@type":"SearchAction","target":{"@type":"EntryPoint","urlTemplate":"https:\/\/eurytionpress.com\/en\/?s={search_term_string}"},"query-input":{"@type":"PropertyValueSpecification","valueRequired":true,"valueName":"search_term_string"}}],"inLanguage":"en-US"},{"@type":"Organization","@id":"https:\/\/eurytionpress.com\/en\/#organization","name":"Eurytion Press","url":"https:\/\/eurytionpress.com\/en\/","logo":{"@type":"ImageObject","inLanguage":"en-US","@id":"https:\/\/eurytionpress.com\/en\/#\/schema\/logo\/image\/","url":"https:\/\/eurytionpress.com\/wp-content\/uploads\/2025\/07\/eurityon-press.png","contentUrl":"https:\/\/eurytionpress.com\/wp-content\/uploads\/2025\/07\/eurityon-press.png","width":229,"height":46,"caption":"Eurytion Press"},"image":{"@id":"https:\/\/eurytionpress.com\/en\/#\/schema\/logo\/image\/"}}]}},"_links":{"self":[{"href":"https:\/\/eurytionpress.com\/en\/wp-json\/wp\/v2\/product\/23549","targetHints":{"allow":["GET"]}}],"collection":[{"href":"https:\/\/eurytionpress.com\/en\/wp-json\/wp\/v2\/product"}],"about":[{"href":"https:\/\/eurytionpress.com\/en\/wp-json\/wp\/v2\/types\/product"}],"replies":[{"embeddable":true,"href":"https:\/\/eurytionpress.com\/en\/wp-json\/wp\/v2\/comments?post=23549"}],"wp:featuredmedia":[{"embeddable":true,"href":"https:\/\/eurytionpress.com\/en\/wp-json\/wp\/v2\/media\/23056"}],"wp:attachment":[{"href":"https:\/\/eurytionpress.com\/en\/wp-json\/wp\/v2\/media?parent=23549"}],"wp:term":[{"taxonomy":"product_brand","embeddable":true,"href":"https:\/\/eurytionpress.com\/en\/wp-json\/wp\/v2\/product_brand?post=23549"},{"taxonomy":"product_cat","embeddable":true,"href":"https:\/\/eurytionpress.com\/en\/wp-json\/wp\/v2\/product_cat?post=23549"},{"taxonomy":"product_tag","embeddable":true,"href":"https:\/\/eurytionpress.com\/en\/wp-json\/wp\/v2\/product_tag?post=23549"}],"curies":[{"name":"wp","href":"https:\/\/api.w.org\/{rel}","templated":true}]}}