{"id":23576,"date":"2025-07-01T17:30:24","date_gmt":"2025-07-01T15:30:24","guid":{"rendered":"https:\/\/wpempresa.com\/eurytion\/siete-claves-sobre-el-nacimiento-e-infancia-de-jesus\/"},"modified":"2025-07-01T17:30:24","modified_gmt":"2025-07-01T15:30:24","slug":"siete-claves-sobre-el-nacimiento-e-infancia-de-jesus","status":"publish","type":"product","link":"https:\/\/eurytionpress.com\/en\/siete-claves-sobre-el-nacimiento-e-infancia-de-jesus\/","title":{"rendered":"Siete claves sobre el nacimiento e infancia de Jes\u00fas"},"content":{"rendered":"<p>G\u00f3mez Gal\u00e1n, Jos\u00e9. &#8220;Siete claves sobre el nacimiento e infancia de Jes\u00fas.&#8221; En Los Evangelios de la Infancia de Jes\u00fas (Mt 1-2 y Lc 1-2): Debates y Pol\u00e9micas, editado por Jos\u00e9 G\u00f3mez Gal\u00e1n. Cupey: UMET, 2016.<\/p>\n","protected":false},"excerpt":{"rendered":"<p>El presente cap\u00edtulo pertenece a la obra \u201cLos Evangelios de la Infancia de Jes\u00fas (Mt 1-2 y Lc 1-2): Debates y Pol\u00e9micas\u201d, que forma parte de la colecci\u00f3n \u201cNuevo Testamento y Cristianismo Primitivo\u201d. Incluida a su vez en la serie \u201cStudia Critica\u201d, esta colecci\u00f3n supone un foro de referencia para la publicaci\u00f3n de investigaciones de vanguardia en el \u00e1mbito de los estudios neotestamentarios y los or\u00edgenes del cristianismo. Se compone principalmente de trabajos de la m\u00e1s alta calidad acad\u00e9mica que se caracterizan por su car\u00e1cter innovador y el empleo de las m\u00e1s novedosas metodolog\u00edas cient\u00edficas aplicadas, en especial, al an\u00e1lisis cr\u00edtico, hist\u00f3rico y exeg\u00e9tico de las fuentes primarias. La colecci\u00f3n fomenta la utilizaci\u00f3n de estos m\u00e9todos y t\u00e9cnicas cient\u00edficas avanzadas desde perspectivas multidisciplinares con el fin de abordar cuestiones fundamentales y, a menudo, discutidas. Son muchos los campos del conocimiento cient\u00edfico presentes en estos trabajos: historia antigua, arqueolog\u00eda, filolog\u00eda cl\u00e1sica y sem\u00edtica, cr\u00edtica textual, papirolog\u00eda, sociolog\u00eda, antropolog\u00eda cultural o diversas ciencias cognitivas, entre otras, todas ellas empleadas para el estudio de textos y fen\u00f3menos sociales de esa \u00e9poca. Cada cap\u00edtulo de estas obras contribuye a una comprensi\u00f3n m\u00e1s rica y fundamentada del objeto de investigaci\u00f3n concreto. Este enfoque plural de naturaleza hist\u00f3rico-cr\u00edtica, filol\u00f3gica y socio-cient\u00edfica ha permitido interrogar a las fuentes con una gran profundidad y desde nuevas perspectivas, reconstruir contextos y analizar procesos hist\u00f3ricos y textuales mediante herramientas y marcos conceptuales pertenecientes a los m\u00e1s avanzados modelos de la investigaci\u00f3n actual. Por tanto, entendemos que &#8220;Studia Critica: Nuevo Testamento y Cristianismo Primitivo&#8221; est\u00e1 destinada a convertirse en un referente indispensable para profesores universitarios, acad\u00e9micos e investigadores interesados en el estudio cr\u00edtico del Nuevo Testamento y el complejo per\u00edodo de formaci\u00f3n del cristianismo, sirviendo como catalizador para el debate intelectual de alto nivel y a marcar nuevos hitos en su comprensi\u00f3n cient\u00edfica. Todo lo cual, sin duda, contribuye a impulsar el avance del conocimiento en las fronteras de estas disciplinas. Un ejemplo de ello es, precisamente, este cap\u00edtulo: \u201cSiete claves sobre el nacimiento e infancia de Jes\u00fas\u201d.<\/p>\n","protected":false},"featured_media":22940,"comment_status":"closed","ping_status":"open","template":"","meta":[],"product_brand":[],"product_cat":[923],"product_tag":[],"class_list":{"0":"post-23576","1":"product","2":"type-product","3":"status-publish","4":"has-post-thumbnail","6":"product_cat-chapters","7":"pa_doi-10-71406-eindj003-en","9":"first","10":"instock","11":"product-type-simple"},"yoast_head":"<!-- This site is optimized with the Yoast SEO plugin v25.3.1 - https:\/\/yoast.com\/wordpress\/plugins\/seo\/ -->\n<title>Siete claves sobre el nacimiento e infancia de Jes\u00fas - Eurytion Press<\/title>\n<meta name=\"robots\" content=\"index, follow, max-snippet:-1, max-image-preview:large, max-video-preview:-1\" \/>\n<link rel=\"canonical\" href=\"https:\/\/eurytionpress.com\/en\/siete-claves-sobre-el-nacimiento-e-infancia-de-jesus\/\" \/>\n<meta property=\"og:locale\" content=\"en_US\" \/>\n<meta property=\"og:type\" content=\"article\" \/>\n<meta property=\"og:title\" content=\"Siete claves sobre el nacimiento e infancia de Jes\u00fas - Eurytion Press\" \/>\n<meta property=\"og:description\" content=\"El presente cap\u00edtulo pertenece a la obra \u201cLos Evangelios de la Infancia de Jes\u00fas (Mt 1-2 y Lc 1-2): Debates y Pol\u00e9micas\u201d, que forma parte de la colecci\u00f3n \u201cNuevo Testamento y Cristianismo Primitivo\u201d. Incluida a su vez en la serie \u201cStudia Critica\u201d, esta colecci\u00f3n supone un foro de referencia para la publicaci\u00f3n de investigaciones de vanguardia en el \u00e1mbito de los estudios neotestamentarios y los or\u00edgenes del cristianismo. Se compone principalmente de trabajos de la m\u00e1s alta calidad acad\u00e9mica que se caracterizan por su car\u00e1cter innovador y el empleo de las m\u00e1s novedosas metodolog\u00edas cient\u00edficas aplicadas, en especial, al an\u00e1lisis cr\u00edtico, hist\u00f3rico y exeg\u00e9tico de las fuentes primarias. La colecci\u00f3n fomenta la utilizaci\u00f3n de estos m\u00e9todos y t\u00e9cnicas cient\u00edficas avanzadas desde perspectivas multidisciplinares con el fin de abordar cuestiones fundamentales y, a menudo, discutidas. Son muchos los campos del conocimiento cient\u00edfico presentes en estos trabajos: historia antigua, arqueolog\u00eda, filolog\u00eda cl\u00e1sica y sem\u00edtica, cr\u00edtica textual, papirolog\u00eda, sociolog\u00eda, antropolog\u00eda cultural o diversas ciencias cognitivas, entre otras, todas ellas empleadas para el estudio de textos y fen\u00f3menos sociales de esa \u00e9poca. Cada cap\u00edtulo de estas obras contribuye a una comprensi\u00f3n m\u00e1s rica y fundamentada del objeto de investigaci\u00f3n concreto. Este enfoque plural de naturaleza hist\u00f3rico-cr\u00edtica, filol\u00f3gica y socio-cient\u00edfica ha permitido interrogar a las fuentes con una gran profundidad y desde nuevas perspectivas, reconstruir contextos y analizar procesos hist\u00f3ricos y textuales mediante herramientas y marcos conceptuales pertenecientes a los m\u00e1s avanzados modelos de la investigaci\u00f3n actual. Por tanto, entendemos que &quot;Studia Critica: Nuevo Testamento y Cristianismo Primitivo&quot; est\u00e1 destinada a convertirse en un referente indispensable para profesores universitarios, acad\u00e9micos e investigadores interesados en el estudio cr\u00edtico del Nuevo Testamento y el complejo per\u00edodo de formaci\u00f3n del cristianismo, sirviendo como catalizador para el debate intelectual de alto nivel y a marcar nuevos hitos en su comprensi\u00f3n cient\u00edfica. Todo lo cual, sin duda, contribuye a impulsar el avance del conocimiento en las fronteras de estas disciplinas. Un ejemplo de ello es, precisamente, este cap\u00edtulo: \u201cSiete claves sobre el nacimiento e infancia de Jes\u00fas\u201d.\" \/>\n<meta property=\"og:url\" content=\"https:\/\/eurytionpress.com\/en\/siete-claves-sobre-el-nacimiento-e-infancia-de-jesus\/\" \/>\n<meta property=\"og:site_name\" content=\"Eurytion Press\" \/>\n<meta property=\"og:image\" content=\"https:\/\/eurytionpress.com\/wp-content\/uploads\/2025\/07\/los-evangelios-de-la-infancia-1.png\" \/>\n\t<meta property=\"og:image:width\" content=\"445\" \/>\n\t<meta property=\"og:image:height\" content=\"593\" \/>\n\t<meta property=\"og:image:type\" content=\"image\/png\" \/>\n<meta name=\"twitter:card\" content=\"summary_large_image\" \/>\n<script type=\"application\/ld+json\" class=\"yoast-schema-graph\">{\"@context\":\"https:\/\/schema.org\",\"@graph\":[{\"@type\":\"WebPage\",\"@id\":\"https:\/\/eurytionpress.com\/en\/siete-claves-sobre-el-nacimiento-e-infancia-de-jesus\/\",\"url\":\"https:\/\/eurytionpress.com\/en\/siete-claves-sobre-el-nacimiento-e-infancia-de-jesus\/\",\"name\":\"Siete claves sobre el nacimiento e infancia de Jes\u00fas - Eurytion Press\",\"isPartOf\":{\"@id\":\"https:\/\/eurytionpress.com\/en\/#website\"},\"primaryImageOfPage\":{\"@id\":\"https:\/\/eurytionpress.com\/en\/siete-claves-sobre-el-nacimiento-e-infancia-de-jesus\/#primaryimage\"},\"image\":{\"@id\":\"https:\/\/eurytionpress.com\/en\/siete-claves-sobre-el-nacimiento-e-infancia-de-jesus\/#primaryimage\"},\"thumbnailUrl\":\"https:\/\/eurytionpress.com\/wp-content\/uploads\/2025\/07\/los-evangelios-de-la-infancia-1.png\",\"datePublished\":\"2025-07-01T15:30:24+00:00\",\"breadcrumb\":{\"@id\":\"https:\/\/eurytionpress.com\/en\/siete-claves-sobre-el-nacimiento-e-infancia-de-jesus\/#breadcrumb\"},\"inLanguage\":\"en-US\",\"potentialAction\":[{\"@type\":\"ReadAction\",\"target\":[\"https:\/\/eurytionpress.com\/en\/siete-claves-sobre-el-nacimiento-e-infancia-de-jesus\/\"]}]},{\"@type\":\"ImageObject\",\"inLanguage\":\"en-US\",\"@id\":\"https:\/\/eurytionpress.com\/en\/siete-claves-sobre-el-nacimiento-e-infancia-de-jesus\/#primaryimage\",\"url\":\"https:\/\/eurytionpress.com\/wp-content\/uploads\/2025\/07\/los-evangelios-de-la-infancia-1.png\",\"contentUrl\":\"https:\/\/eurytionpress.com\/wp-content\/uploads\/2025\/07\/los-evangelios-de-la-infancia-1.png\",\"width\":445,\"height\":593},{\"@type\":\"BreadcrumbList\",\"@id\":\"https:\/\/eurytionpress.com\/en\/siete-claves-sobre-el-nacimiento-e-infancia-de-jesus\/#breadcrumb\",\"itemListElement\":[{\"@type\":\"ListItem\",\"position\":1,\"name\":\"Portada\",\"item\":\"https:\/\/eurytionpress.com\/en\/\"},{\"@type\":\"ListItem\",\"position\":2,\"name\":\"Libros\",\"item\":\"https:\/\/eurytionpress.com\/libros-2\/\"},{\"@type\":\"ListItem\",\"position\":3,\"name\":\"Siete claves sobre el nacimiento e infancia de Jes\u00fas\"}]},{\"@type\":\"WebSite\",\"@id\":\"https:\/\/eurytionpress.com\/en\/#website\",\"url\":\"https:\/\/eurytionpress.com\/en\/\",\"name\":\"Eurytion Press\",\"description\":\"Editorial de libros cient\u00edficos y acad\u00e9micos\",\"publisher\":{\"@id\":\"https:\/\/eurytionpress.com\/en\/#organization\"},\"potentialAction\":[{\"@type\":\"SearchAction\",\"target\":{\"@type\":\"EntryPoint\",\"urlTemplate\":\"https:\/\/eurytionpress.com\/en\/?s={search_term_string}\"},\"query-input\":{\"@type\":\"PropertyValueSpecification\",\"valueRequired\":true,\"valueName\":\"search_term_string\"}}],\"inLanguage\":\"en-US\"},{\"@type\":\"Organization\",\"@id\":\"https:\/\/eurytionpress.com\/en\/#organization\",\"name\":\"Eurytion Press\",\"url\":\"https:\/\/eurytionpress.com\/en\/\",\"logo\":{\"@type\":\"ImageObject\",\"inLanguage\":\"en-US\",\"@id\":\"https:\/\/eurytionpress.com\/en\/#\/schema\/logo\/image\/\",\"url\":\"https:\/\/eurytionpress.com\/wp-content\/uploads\/2025\/07\/eurityon-press.png\",\"contentUrl\":\"https:\/\/eurytionpress.com\/wp-content\/uploads\/2025\/07\/eurityon-press.png\",\"width\":229,\"height\":46,\"caption\":\"Eurytion Press\"},\"image\":{\"@id\":\"https:\/\/eurytionpress.com\/en\/#\/schema\/logo\/image\/\"}}]}<\/script>\n<!-- \/ Yoast SEO plugin. -->","yoast_head_json":{"title":"Siete claves sobre el nacimiento e infancia de Jes\u00fas - Eurytion Press","robots":{"index":"index","follow":"follow","max-snippet":"max-snippet:-1","max-image-preview":"max-image-preview:large","max-video-preview":"max-video-preview:-1"},"canonical":"https:\/\/eurytionpress.com\/en\/siete-claves-sobre-el-nacimiento-e-infancia-de-jesus\/","og_locale":"en_US","og_type":"article","og_title":"Siete claves sobre el nacimiento e infancia de Jes\u00fas - Eurytion Press","og_description":"El presente cap\u00edtulo pertenece a la obra \u201cLos Evangelios de la Infancia de Jes\u00fas (Mt 1-2 y Lc 1-2): Debates y Pol\u00e9micas\u201d, que forma parte de la colecci\u00f3n \u201cNuevo Testamento y Cristianismo Primitivo\u201d. Incluida a su vez en la serie \u201cStudia Critica\u201d, esta colecci\u00f3n supone un foro de referencia para la publicaci\u00f3n de investigaciones de vanguardia en el \u00e1mbito de los estudios neotestamentarios y los or\u00edgenes del cristianismo. Se compone principalmente de trabajos de la m\u00e1s alta calidad acad\u00e9mica que se caracterizan por su car\u00e1cter innovador y el empleo de las m\u00e1s novedosas metodolog\u00edas cient\u00edficas aplicadas, en especial, al an\u00e1lisis cr\u00edtico, hist\u00f3rico y exeg\u00e9tico de las fuentes primarias. La colecci\u00f3n fomenta la utilizaci\u00f3n de estos m\u00e9todos y t\u00e9cnicas cient\u00edficas avanzadas desde perspectivas multidisciplinares con el fin de abordar cuestiones fundamentales y, a menudo, discutidas. Son muchos los campos del conocimiento cient\u00edfico presentes en estos trabajos: historia antigua, arqueolog\u00eda, filolog\u00eda cl\u00e1sica y sem\u00edtica, cr\u00edtica textual, papirolog\u00eda, sociolog\u00eda, antropolog\u00eda cultural o diversas ciencias cognitivas, entre otras, todas ellas empleadas para el estudio de textos y fen\u00f3menos sociales de esa \u00e9poca. Cada cap\u00edtulo de estas obras contribuye a una comprensi\u00f3n m\u00e1s rica y fundamentada del objeto de investigaci\u00f3n concreto. Este enfoque plural de naturaleza hist\u00f3rico-cr\u00edtica, filol\u00f3gica y socio-cient\u00edfica ha permitido interrogar a las fuentes con una gran profundidad y desde nuevas perspectivas, reconstruir contextos y analizar procesos hist\u00f3ricos y textuales mediante herramientas y marcos conceptuales pertenecientes a los m\u00e1s avanzados modelos de la investigaci\u00f3n actual. Por tanto, entendemos que \"Studia Critica: Nuevo Testamento y Cristianismo Primitivo\" est\u00e1 destinada a convertirse en un referente indispensable para profesores universitarios, acad\u00e9micos e investigadores interesados en el estudio cr\u00edtico del Nuevo Testamento y el complejo per\u00edodo de formaci\u00f3n del cristianismo, sirviendo como catalizador para el debate intelectual de alto nivel y a marcar nuevos hitos en su comprensi\u00f3n cient\u00edfica. Todo lo cual, sin duda, contribuye a impulsar el avance del conocimiento en las fronteras de estas disciplinas. Un ejemplo de ello es, precisamente, este cap\u00edtulo: \u201cSiete claves sobre el nacimiento e infancia de Jes\u00fas\u201d.","og_url":"https:\/\/eurytionpress.com\/en\/siete-claves-sobre-el-nacimiento-e-infancia-de-jesus\/","og_site_name":"Eurytion Press","og_image":[{"width":445,"height":593,"url":"https:\/\/eurytionpress.com\/wp-content\/uploads\/2025\/07\/los-evangelios-de-la-infancia-1.png","type":"image\/png"}],"twitter_card":"summary_large_image","schema":{"@context":"https:\/\/schema.org","@graph":[{"@type":"WebPage","@id":"https:\/\/eurytionpress.com\/en\/siete-claves-sobre-el-nacimiento-e-infancia-de-jesus\/","url":"https:\/\/eurytionpress.com\/en\/siete-claves-sobre-el-nacimiento-e-infancia-de-jesus\/","name":"Siete claves sobre el nacimiento e infancia de Jes\u00fas - Eurytion Press","isPartOf":{"@id":"https:\/\/eurytionpress.com\/en\/#website"},"primaryImageOfPage":{"@id":"https:\/\/eurytionpress.com\/en\/siete-claves-sobre-el-nacimiento-e-infancia-de-jesus\/#primaryimage"},"image":{"@id":"https:\/\/eurytionpress.com\/en\/siete-claves-sobre-el-nacimiento-e-infancia-de-jesus\/#primaryimage"},"thumbnailUrl":"https:\/\/eurytionpress.com\/wp-content\/uploads\/2025\/07\/los-evangelios-de-la-infancia-1.png","datePublished":"2025-07-01T15:30:24+00:00","breadcrumb":{"@id":"https:\/\/eurytionpress.com\/en\/siete-claves-sobre-el-nacimiento-e-infancia-de-jesus\/#breadcrumb"},"inLanguage":"en-US","potentialAction":[{"@type":"ReadAction","target":["https:\/\/eurytionpress.com\/en\/siete-claves-sobre-el-nacimiento-e-infancia-de-jesus\/"]}]},{"@type":"ImageObject","inLanguage":"en-US","@id":"https:\/\/eurytionpress.com\/en\/siete-claves-sobre-el-nacimiento-e-infancia-de-jesus\/#primaryimage","url":"https:\/\/eurytionpress.com\/wp-content\/uploads\/2025\/07\/los-evangelios-de-la-infancia-1.png","contentUrl":"https:\/\/eurytionpress.com\/wp-content\/uploads\/2025\/07\/los-evangelios-de-la-infancia-1.png","width":445,"height":593},{"@type":"BreadcrumbList","@id":"https:\/\/eurytionpress.com\/en\/siete-claves-sobre-el-nacimiento-e-infancia-de-jesus\/#breadcrumb","itemListElement":[{"@type":"ListItem","position":1,"name":"Portada","item":"https:\/\/eurytionpress.com\/en\/"},{"@type":"ListItem","position":2,"name":"Libros","item":"https:\/\/eurytionpress.com\/libros-2\/"},{"@type":"ListItem","position":3,"name":"Siete claves sobre el nacimiento e infancia de Jes\u00fas"}]},{"@type":"WebSite","@id":"https:\/\/eurytionpress.com\/en\/#website","url":"https:\/\/eurytionpress.com\/en\/","name":"Eurytion Press","description":"Editorial de libros cient\u00edficos y acad\u00e9micos","publisher":{"@id":"https:\/\/eurytionpress.com\/en\/#organization"},"potentialAction":[{"@type":"SearchAction","target":{"@type":"EntryPoint","urlTemplate":"https:\/\/eurytionpress.com\/en\/?s={search_term_string}"},"query-input":{"@type":"PropertyValueSpecification","valueRequired":true,"valueName":"search_term_string"}}],"inLanguage":"en-US"},{"@type":"Organization","@id":"https:\/\/eurytionpress.com\/en\/#organization","name":"Eurytion Press","url":"https:\/\/eurytionpress.com\/en\/","logo":{"@type":"ImageObject","inLanguage":"en-US","@id":"https:\/\/eurytionpress.com\/en\/#\/schema\/logo\/image\/","url":"https:\/\/eurytionpress.com\/wp-content\/uploads\/2025\/07\/eurityon-press.png","contentUrl":"https:\/\/eurytionpress.com\/wp-content\/uploads\/2025\/07\/eurityon-press.png","width":229,"height":46,"caption":"Eurytion Press"},"image":{"@id":"https:\/\/eurytionpress.com\/en\/#\/schema\/logo\/image\/"}}]}},"_links":{"self":[{"href":"https:\/\/eurytionpress.com\/en\/wp-json\/wp\/v2\/product\/23576","targetHints":{"allow":["GET"]}}],"collection":[{"href":"https:\/\/eurytionpress.com\/en\/wp-json\/wp\/v2\/product"}],"about":[{"href":"https:\/\/eurytionpress.com\/en\/wp-json\/wp\/v2\/types\/product"}],"replies":[{"embeddable":true,"href":"https:\/\/eurytionpress.com\/en\/wp-json\/wp\/v2\/comments?post=23576"}],"wp:featuredmedia":[{"embeddable":true,"href":"https:\/\/eurytionpress.com\/en\/wp-json\/wp\/v2\/media\/22940"}],"wp:attachment":[{"href":"https:\/\/eurytionpress.com\/en\/wp-json\/wp\/v2\/media?parent=23576"}],"wp:term":[{"taxonomy":"product_brand","embeddable":true,"href":"https:\/\/eurytionpress.com\/en\/wp-json\/wp\/v2\/product_brand?post=23576"},{"taxonomy":"product_cat","embeddable":true,"href":"https:\/\/eurytionpress.com\/en\/wp-json\/wp\/v2\/product_cat?post=23576"},{"taxonomy":"product_tag","embeddable":true,"href":"https:\/\/eurytionpress.com\/en\/wp-json\/wp\/v2\/product_tag?post=23576"}],"curies":[{"name":"wp","href":"https:\/\/api.w.org\/{rel}","templated":true}]}}