{"id":23607,"date":"2025-07-01T17:16:17","date_gmt":"2025-07-01T15:16:17","guid":{"rendered":"https:\/\/wpempresa.com\/eurytion\/bancos-del-tiempo-como-innovacion-digital-y-promocion-de-valores-altruistas\/"},"modified":"2026-01-21T12:50:49","modified_gmt":"2026-01-21T11:50:49","slug":"bancos-del-tiempo-como-innovacion-digital-y-promocion-de-valores-altruistas","status":"publish","type":"product","link":"https:\/\/eurytionpress.com\/en\/bancos-del-tiempo-como-innovacion-digital-y-promocion-de-valores-altruistas\/","title":{"rendered":"Bancos del tiempo como innovaci\u00f3n digital y promoci\u00f3n de valores altruistas"},"content":{"rendered":"<p>Fern\u00e1ndez, Alberto. &#8220;Bancos del tiempo como innovaci\u00f3n digital y promoci\u00f3n de valores altruistas.&#8221; En Sociedad Digital y Educaci\u00f3n en Valores: Nuevos Escenarios Pedag\u00f3gicos, editado por Jos\u00e9 G\u00f3mez Gal\u00e1n, Zaida Vega Lugo, Eloy L\u00f3pez Meneses, y Cristina L\u00e1zaro P\u00e9rez, 43-54. Cupey: UAGM; Badajoz: Eurytion Press, 2019.<\/p>\n","protected":false},"excerpt":{"rendered":"<p>Este cap\u00edtulo pertenece al libro \u201cSociedad Digital y Educaci\u00f3n en Valores: Nuevos Escenarios Pedag\u00f3gicos\u201d, dentro de la serie &#8220;Educaci\u00f3n Superior y Sociedad Digital: Investigaci\u00f3n y Pr\u00e1cticas Innovadoras&#8221;. Esta serie es un referente acad\u00e9mico fundamental para investigadores y docentes universitarios inmersos en la transformaci\u00f3n del panorama educativo contempor\u00e1neo. Agrupa una selecci\u00f3n rigurosa de estudios que abordan las complejas interrelaciones entre la educaci\u00f3n superior, la sociedad digital y las metodolog\u00edas de investigaci\u00f3n emergentes. Las obras incluidas en ella reflejan la naturaleza internacional e interdisciplinar de la misma, en la que se presentan contribuciones tanto en ingl\u00e9s como en espa\u00f1ol de reconocidos expertos. Los vol\u00famenes profundizan en aspectos cruciales como el desarrollo de competencias digitales, la implementaci\u00f3n de pr\u00e1cticas pedag\u00f3gicas innovadoras en contextos universitarios, la aplicaci\u00f3n de enfoques metodol\u00f3gicos avanzados en ciencias sociales y educativas, o los retos de la educaci\u00f3n en valores en la era digital. A trav\u00e9s de an\u00e1lisis de vanguardia, modelos metodol\u00f3gicos innovadores y estudios de caso, todas sus obras ofrecen perspectivas cr\u00edticas y propuestas s\u00f3lidadmente fundamentadas, constituyendo un recurso indispensable para la investigaci\u00f3n de alto impacto y la reflexi\u00f3n sobre la pr\u00e1ctica cient\u00edfica y docente en la universidad actual.<\/p>\n","protected":false},"featured_media":22712,"comment_status":"closed","ping_status":"closed","template":"","meta":[],"product_brand":[],"product_cat":[923],"product_tag":[],"class_list":{"0":"post-23607","1":"product","2":"type-product","3":"status-publish","4":"has-post-thumbnail","6":"product_cat-chapters","7":"pa_doi-10-71406-lbrua2421-en","9":"first","10":"instock","11":"product-type-simple"},"yoast_head":"<!-- This site is optimized with the Yoast SEO plugin v25.3.1 - https:\/\/yoast.com\/wordpress\/plugins\/seo\/ -->\n<title>Bancos del tiempo como innovaci\u00f3n digital y promoci\u00f3n de valores altruistas - Eurytion Press<\/title>\n<meta name=\"robots\" content=\"index, follow, max-snippet:-1, max-image-preview:large, max-video-preview:-1\" \/>\n<link rel=\"canonical\" href=\"https:\/\/eurytionpress.com\/en\/bancos-del-tiempo-como-innovacion-digital-y-promocion-de-valores-altruistas\/\" \/>\n<meta property=\"og:locale\" content=\"en_US\" \/>\n<meta property=\"og:type\" content=\"article\" \/>\n<meta property=\"og:title\" content=\"Bancos del tiempo como innovaci\u00f3n digital y promoci\u00f3n de valores altruistas - Eurytion Press\" \/>\n<meta property=\"og:description\" content=\"Este cap\u00edtulo pertenece al libro \u201cSociedad Digital y Educaci\u00f3n en Valores: Nuevos Escenarios Pedag\u00f3gicos\u201d, dentro de la serie &quot;Educaci\u00f3n Superior y Sociedad Digital: Investigaci\u00f3n y Pr\u00e1cticas Innovadoras&quot;. Esta serie es un referente acad\u00e9mico fundamental para investigadores y docentes universitarios inmersos en la transformaci\u00f3n del panorama educativo contempor\u00e1neo. Agrupa una selecci\u00f3n rigurosa de estudios que abordan las complejas interrelaciones entre la educaci\u00f3n superior, la sociedad digital y las metodolog\u00edas de investigaci\u00f3n emergentes. Las obras incluidas en ella reflejan la naturaleza internacional e interdisciplinar de la misma, en la que se presentan contribuciones tanto en ingl\u00e9s como en espa\u00f1ol de reconocidos expertos. Los vol\u00famenes profundizan en aspectos cruciales como el desarrollo de competencias digitales, la implementaci\u00f3n de pr\u00e1cticas pedag\u00f3gicas innovadoras en contextos universitarios, la aplicaci\u00f3n de enfoques metodol\u00f3gicos avanzados en ciencias sociales y educativas, o los retos de la educaci\u00f3n en valores en la era digital. A trav\u00e9s de an\u00e1lisis de vanguardia, modelos metodol\u00f3gicos innovadores y estudios de caso, todas sus obras ofrecen perspectivas cr\u00edticas y propuestas s\u00f3lidadmente fundamentadas, constituyendo un recurso indispensable para la investigaci\u00f3n de alto impacto y la reflexi\u00f3n sobre la pr\u00e1ctica cient\u00edfica y docente en la universidad actual.\" \/>\n<meta property=\"og:url\" content=\"https:\/\/eurytionpress.com\/en\/bancos-del-tiempo-como-innovacion-digital-y-promocion-de-valores-altruistas\/\" \/>\n<meta property=\"og:site_name\" content=\"Eurytion Press\" \/>\n<meta property=\"article:modified_time\" content=\"2026-01-21T11:50:49+00:00\" \/>\n<meta property=\"og:image\" content=\"https:\/\/eurytionpress.com\/wp-content\/uploads\/2025\/07\/sociedad-digital-cover.png\" \/>\n\t<meta property=\"og:image:width\" content=\"800\" \/>\n\t<meta property=\"og:image:height\" content=\"1169\" \/>\n\t<meta property=\"og:image:type\" content=\"image\/png\" \/>\n<meta name=\"twitter:card\" content=\"summary_large_image\" \/>\n<script type=\"application\/ld+json\" class=\"yoast-schema-graph\">{\"@context\":\"https:\/\/schema.org\",\"@graph\":[{\"@type\":\"WebPage\",\"@id\":\"https:\/\/eurytionpress.com\/en\/bancos-del-tiempo-como-innovacion-digital-y-promocion-de-valores-altruistas\/\",\"url\":\"https:\/\/eurytionpress.com\/en\/bancos-del-tiempo-como-innovacion-digital-y-promocion-de-valores-altruistas\/\",\"name\":\"Bancos del tiempo como innovaci\u00f3n digital y promoci\u00f3n de valores altruistas - Eurytion Press\",\"isPartOf\":{\"@id\":\"https:\/\/eurytionpress.com\/en\/#website\"},\"primaryImageOfPage\":{\"@id\":\"https:\/\/eurytionpress.com\/en\/bancos-del-tiempo-como-innovacion-digital-y-promocion-de-valores-altruistas\/#primaryimage\"},\"image\":{\"@id\":\"https:\/\/eurytionpress.com\/en\/bancos-del-tiempo-como-innovacion-digital-y-promocion-de-valores-altruistas\/#primaryimage\"},\"thumbnailUrl\":\"https:\/\/eurytionpress.com\/wp-content\/uploads\/2025\/07\/sociedad-digital-cover.png\",\"datePublished\":\"2025-07-01T15:16:17+00:00\",\"dateModified\":\"2026-01-21T11:50:49+00:00\",\"breadcrumb\":{\"@id\":\"https:\/\/eurytionpress.com\/en\/bancos-del-tiempo-como-innovacion-digital-y-promocion-de-valores-altruistas\/#breadcrumb\"},\"inLanguage\":\"en-US\",\"potentialAction\":[{\"@type\":\"ReadAction\",\"target\":[\"https:\/\/eurytionpress.com\/en\/bancos-del-tiempo-como-innovacion-digital-y-promocion-de-valores-altruistas\/\"]}]},{\"@type\":\"ImageObject\",\"inLanguage\":\"en-US\",\"@id\":\"https:\/\/eurytionpress.com\/en\/bancos-del-tiempo-como-innovacion-digital-y-promocion-de-valores-altruistas\/#primaryimage\",\"url\":\"https:\/\/eurytionpress.com\/wp-content\/uploads\/2025\/07\/sociedad-digital-cover.png\",\"contentUrl\":\"https:\/\/eurytionpress.com\/wp-content\/uploads\/2025\/07\/sociedad-digital-cover.png\",\"width\":800,\"height\":1169},{\"@type\":\"BreadcrumbList\",\"@id\":\"https:\/\/eurytionpress.com\/en\/bancos-del-tiempo-como-innovacion-digital-y-promocion-de-valores-altruistas\/#breadcrumb\",\"itemListElement\":[{\"@type\":\"ListItem\",\"position\":1,\"name\":\"Portada\",\"item\":\"https:\/\/eurytionpress.com\/en\/\"},{\"@type\":\"ListItem\",\"position\":2,\"name\":\"Libros\",\"item\":\"https:\/\/eurytionpress.com\/libros-2\/\"},{\"@type\":\"ListItem\",\"position\":3,\"name\":\"Bancos del tiempo como innovaci\u00f3n digital y promoci\u00f3n de valores altruistas\"}]},{\"@type\":\"WebSite\",\"@id\":\"https:\/\/eurytionpress.com\/en\/#website\",\"url\":\"https:\/\/eurytionpress.com\/en\/\",\"name\":\"Eurytion Press\",\"description\":\"Editorial de libros cient\u00edficos y acad\u00e9micos\",\"publisher\":{\"@id\":\"https:\/\/eurytionpress.com\/en\/#organization\"},\"potentialAction\":[{\"@type\":\"SearchAction\",\"target\":{\"@type\":\"EntryPoint\",\"urlTemplate\":\"https:\/\/eurytionpress.com\/en\/?s={search_term_string}\"},\"query-input\":{\"@type\":\"PropertyValueSpecification\",\"valueRequired\":true,\"valueName\":\"search_term_string\"}}],\"inLanguage\":\"en-US\"},{\"@type\":\"Organization\",\"@id\":\"https:\/\/eurytionpress.com\/en\/#organization\",\"name\":\"Eurytion Press\",\"url\":\"https:\/\/eurytionpress.com\/en\/\",\"logo\":{\"@type\":\"ImageObject\",\"inLanguage\":\"en-US\",\"@id\":\"https:\/\/eurytionpress.com\/en\/#\/schema\/logo\/image\/\",\"url\":\"https:\/\/eurytionpress.com\/wp-content\/uploads\/2025\/07\/eurityon-press.png\",\"contentUrl\":\"https:\/\/eurytionpress.com\/wp-content\/uploads\/2025\/07\/eurityon-press.png\",\"width\":229,\"height\":46,\"caption\":\"Eurytion Press\"},\"image\":{\"@id\":\"https:\/\/eurytionpress.com\/en\/#\/schema\/logo\/image\/\"}}]}<\/script>\n<!-- \/ Yoast SEO plugin. -->","yoast_head_json":{"title":"Bancos del tiempo como innovaci\u00f3n digital y promoci\u00f3n de valores altruistas - Eurytion Press","robots":{"index":"index","follow":"follow","max-snippet":"max-snippet:-1","max-image-preview":"max-image-preview:large","max-video-preview":"max-video-preview:-1"},"canonical":"https:\/\/eurytionpress.com\/en\/bancos-del-tiempo-como-innovacion-digital-y-promocion-de-valores-altruistas\/","og_locale":"en_US","og_type":"article","og_title":"Bancos del tiempo como innovaci\u00f3n digital y promoci\u00f3n de valores altruistas - Eurytion Press","og_description":"Este cap\u00edtulo pertenece al libro \u201cSociedad Digital y Educaci\u00f3n en Valores: Nuevos Escenarios Pedag\u00f3gicos\u201d, dentro de la serie \"Educaci\u00f3n Superior y Sociedad Digital: Investigaci\u00f3n y Pr\u00e1cticas Innovadoras\". Esta serie es un referente acad\u00e9mico fundamental para investigadores y docentes universitarios inmersos en la transformaci\u00f3n del panorama educativo contempor\u00e1neo. Agrupa una selecci\u00f3n rigurosa de estudios que abordan las complejas interrelaciones entre la educaci\u00f3n superior, la sociedad digital y las metodolog\u00edas de investigaci\u00f3n emergentes. Las obras incluidas en ella reflejan la naturaleza internacional e interdisciplinar de la misma, en la que se presentan contribuciones tanto en ingl\u00e9s como en espa\u00f1ol de reconocidos expertos. Los vol\u00famenes profundizan en aspectos cruciales como el desarrollo de competencias digitales, la implementaci\u00f3n de pr\u00e1cticas pedag\u00f3gicas innovadoras en contextos universitarios, la aplicaci\u00f3n de enfoques metodol\u00f3gicos avanzados en ciencias sociales y educativas, o los retos de la educaci\u00f3n en valores en la era digital. A trav\u00e9s de an\u00e1lisis de vanguardia, modelos metodol\u00f3gicos innovadores y estudios de caso, todas sus obras ofrecen perspectivas cr\u00edticas y propuestas s\u00f3lidadmente fundamentadas, constituyendo un recurso indispensable para la investigaci\u00f3n de alto impacto y la reflexi\u00f3n sobre la pr\u00e1ctica cient\u00edfica y docente en la universidad actual.","og_url":"https:\/\/eurytionpress.com\/en\/bancos-del-tiempo-como-innovacion-digital-y-promocion-de-valores-altruistas\/","og_site_name":"Eurytion Press","article_modified_time":"2026-01-21T11:50:49+00:00","og_image":[{"width":800,"height":1169,"url":"https:\/\/eurytionpress.com\/wp-content\/uploads\/2025\/07\/sociedad-digital-cover.png","type":"image\/png"}],"twitter_card":"summary_large_image","schema":{"@context":"https:\/\/schema.org","@graph":[{"@type":"WebPage","@id":"https:\/\/eurytionpress.com\/en\/bancos-del-tiempo-como-innovacion-digital-y-promocion-de-valores-altruistas\/","url":"https:\/\/eurytionpress.com\/en\/bancos-del-tiempo-como-innovacion-digital-y-promocion-de-valores-altruistas\/","name":"Bancos del tiempo como innovaci\u00f3n digital y promoci\u00f3n de valores altruistas - Eurytion Press","isPartOf":{"@id":"https:\/\/eurytionpress.com\/en\/#website"},"primaryImageOfPage":{"@id":"https:\/\/eurytionpress.com\/en\/bancos-del-tiempo-como-innovacion-digital-y-promocion-de-valores-altruistas\/#primaryimage"},"image":{"@id":"https:\/\/eurytionpress.com\/en\/bancos-del-tiempo-como-innovacion-digital-y-promocion-de-valores-altruistas\/#primaryimage"},"thumbnailUrl":"https:\/\/eurytionpress.com\/wp-content\/uploads\/2025\/07\/sociedad-digital-cover.png","datePublished":"2025-07-01T15:16:17+00:00","dateModified":"2026-01-21T11:50:49+00:00","breadcrumb":{"@id":"https:\/\/eurytionpress.com\/en\/bancos-del-tiempo-como-innovacion-digital-y-promocion-de-valores-altruistas\/#breadcrumb"},"inLanguage":"en-US","potentialAction":[{"@type":"ReadAction","target":["https:\/\/eurytionpress.com\/en\/bancos-del-tiempo-como-innovacion-digital-y-promocion-de-valores-altruistas\/"]}]},{"@type":"ImageObject","inLanguage":"en-US","@id":"https:\/\/eurytionpress.com\/en\/bancos-del-tiempo-como-innovacion-digital-y-promocion-de-valores-altruistas\/#primaryimage","url":"https:\/\/eurytionpress.com\/wp-content\/uploads\/2025\/07\/sociedad-digital-cover.png","contentUrl":"https:\/\/eurytionpress.com\/wp-content\/uploads\/2025\/07\/sociedad-digital-cover.png","width":800,"height":1169},{"@type":"BreadcrumbList","@id":"https:\/\/eurytionpress.com\/en\/bancos-del-tiempo-como-innovacion-digital-y-promocion-de-valores-altruistas\/#breadcrumb","itemListElement":[{"@type":"ListItem","position":1,"name":"Portada","item":"https:\/\/eurytionpress.com\/en\/"},{"@type":"ListItem","position":2,"name":"Libros","item":"https:\/\/eurytionpress.com\/libros-2\/"},{"@type":"ListItem","position":3,"name":"Bancos del tiempo como innovaci\u00f3n digital y promoci\u00f3n de valores altruistas"}]},{"@type":"WebSite","@id":"https:\/\/eurytionpress.com\/en\/#website","url":"https:\/\/eurytionpress.com\/en\/","name":"Eurytion Press","description":"Editorial de libros cient\u00edficos y acad\u00e9micos","publisher":{"@id":"https:\/\/eurytionpress.com\/en\/#organization"},"potentialAction":[{"@type":"SearchAction","target":{"@type":"EntryPoint","urlTemplate":"https:\/\/eurytionpress.com\/en\/?s={search_term_string}"},"query-input":{"@type":"PropertyValueSpecification","valueRequired":true,"valueName":"search_term_string"}}],"inLanguage":"en-US"},{"@type":"Organization","@id":"https:\/\/eurytionpress.com\/en\/#organization","name":"Eurytion Press","url":"https:\/\/eurytionpress.com\/en\/","logo":{"@type":"ImageObject","inLanguage":"en-US","@id":"https:\/\/eurytionpress.com\/en\/#\/schema\/logo\/image\/","url":"https:\/\/eurytionpress.com\/wp-content\/uploads\/2025\/07\/eurityon-press.png","contentUrl":"https:\/\/eurytionpress.com\/wp-content\/uploads\/2025\/07\/eurityon-press.png","width":229,"height":46,"caption":"Eurytion Press"},"image":{"@id":"https:\/\/eurytionpress.com\/en\/#\/schema\/logo\/image\/"}}]}},"_links":{"self":[{"href":"https:\/\/eurytionpress.com\/en\/wp-json\/wp\/v2\/product\/23607","targetHints":{"allow":["GET"]}}],"collection":[{"href":"https:\/\/eurytionpress.com\/en\/wp-json\/wp\/v2\/product"}],"about":[{"href":"https:\/\/eurytionpress.com\/en\/wp-json\/wp\/v2\/types\/product"}],"replies":[{"embeddable":true,"href":"https:\/\/eurytionpress.com\/en\/wp-json\/wp\/v2\/comments?post=23607"}],"wp:featuredmedia":[{"embeddable":true,"href":"https:\/\/eurytionpress.com\/en\/wp-json\/wp\/v2\/media\/22712"}],"wp:attachment":[{"href":"https:\/\/eurytionpress.com\/en\/wp-json\/wp\/v2\/media?parent=23607"}],"wp:term":[{"taxonomy":"product_brand","embeddable":true,"href":"https:\/\/eurytionpress.com\/en\/wp-json\/wp\/v2\/product_brand?post=23607"},{"taxonomy":"product_cat","embeddable":true,"href":"https:\/\/eurytionpress.com\/en\/wp-json\/wp\/v2\/product_cat?post=23607"},{"taxonomy":"product_tag","embeddable":true,"href":"https:\/\/eurytionpress.com\/en\/wp-json\/wp\/v2\/product_tag?post=23607"}],"curies":[{"name":"wp","href":"https:\/\/api.w.org\/{rel}","templated":true}]}}