{"id":23615,"date":"2025-07-01T17:14:27","date_gmt":"2025-07-01T15:14:27","guid":{"rendered":"https:\/\/wpempresa.com\/eurytion\/personal-and-professional-ethics-in-the-global-economy\/"},"modified":"2025-07-01T17:14:27","modified_gmt":"2025-07-01T15:14:27","slug":"personal-and-professional-ethics-in-the-global-economy","status":"publish","type":"product","link":"https:\/\/eurytionpress.com\/en\/personal-and-professional-ethics-in-the-global-economy\/","title":{"rendered":"Personal and professional ethics in the global economy"},"content":{"rendered":"<p>Rom\u00e1n S\u00e1nchez, Isabel Mar\u00eda. &#8220;Personal and professional ethics in the global economy.&#8221; En Values Education in the Digital Age: An Action Training and Research Approach, editado por Jos\u00e9 G\u00f3mez Gal\u00e1n, Jos\u00e9 Luis Sarasola, Eloy L\u00f3pez Meneses, y Mariano Reyes, 107-119. Cupey: UAGM; Badajoz: Eurytion Press, 2019.<\/p>\n","protected":false},"excerpt":{"rendered":"<p>This chapter belongs to the book &#8220;Values Education in the Digital Age: An Action Training and Research Approach&#8221; within the series &#8220;Higher Education and the Digital Society: Research and Innovative Practices.&#8221; This series is an essential academic reference for university researchers and teachers immersed in the transformation of the contemporary educational landscape. It brings together a rigorous selection of studies that address the complex interrelationships between higher education, digital society, and emerging research methodologies. Its works reflect its international and interdisciplinary nature, with contributions in both English and Spanish from renowned experts. The volumes delve into crucial aspects such as the development of digital competencies, the implementation of innovative pedagogical practices in university contexts, the application of advanced methodological approaches in social and educational sciences, and the challenges of education in values in the digital age. Through cutting-edge analysis, innovative methodological models, and case studies, all its works offer critical perspectives and solidly grounded proposals, constituting an indispensable resource for high-impact research and reflection on scientific and teaching practice in today&#8217;s university.<\/p>\n","protected":false},"featured_media":22792,"comment_status":"closed","ping_status":"open","template":"","meta":[],"product_brand":[],"product_cat":[923],"product_tag":[],"class_list":{"0":"post-23615","1":"product","2":"type-product","3":"status-publish","4":"has-post-thumbnail","6":"product_cat-chapters","7":"pa_doi-10-71406-lbrua1717-en","9":"first","10":"instock","11":"product-type-simple"},"yoast_head":"<!-- This site is optimized with the Yoast SEO plugin v25.3.1 - https:\/\/yoast.com\/wordpress\/plugins\/seo\/ -->\n<title>Personal and professional ethics in the global economy - Eurytion Press<\/title>\n<meta name=\"robots\" content=\"index, follow, max-snippet:-1, max-image-preview:large, max-video-preview:-1\" \/>\n<link rel=\"canonical\" href=\"https:\/\/eurytionpress.com\/en\/personal-and-professional-ethics-in-the-global-economy\/\" \/>\n<meta property=\"og:locale\" content=\"en_US\" \/>\n<meta property=\"og:type\" content=\"article\" \/>\n<meta property=\"og:title\" content=\"Personal and professional ethics in the global economy - Eurytion Press\" \/>\n<meta property=\"og:description\" content=\"This chapter belongs to the book &quot;Values Education in the Digital Age: An Action Training and Research Approach&quot; within the series &quot;Higher Education and the Digital Society: Research and Innovative Practices.&quot; This series is an essential academic reference for university researchers and teachers immersed in the transformation of the contemporary educational landscape. It brings together a rigorous selection of studies that address the complex interrelationships between higher education, digital society, and emerging research methodologies. Its works reflect its international and interdisciplinary nature, with contributions in both English and Spanish from renowned experts. The volumes delve into crucial aspects such as the development of digital competencies, the implementation of innovative pedagogical practices in university contexts, the application of advanced methodological approaches in social and educational sciences, and the challenges of education in values in the digital age. Through cutting-edge analysis, innovative methodological models, and case studies, all its works offer critical perspectives and solidly grounded proposals, constituting an indispensable resource for high-impact research and reflection on scientific and teaching practice in today&#039;s university.\" \/>\n<meta property=\"og:url\" content=\"https:\/\/eurytionpress.com\/en\/personal-and-professional-ethics-in-the-global-economy\/\" \/>\n<meta property=\"og:site_name\" content=\"Eurytion Press\" \/>\n<meta property=\"og:image\" content=\"https:\/\/eurytionpress.com\/wp-content\/uploads\/2025\/07\/values-education-8.png\" \/>\n\t<meta property=\"og:image:width\" content=\"447\" \/>\n\t<meta property=\"og:image:height\" content=\"599\" \/>\n\t<meta property=\"og:image:type\" content=\"image\/png\" \/>\n<meta name=\"twitter:card\" content=\"summary_large_image\" \/>\n<script type=\"application\/ld+json\" class=\"yoast-schema-graph\">{\"@context\":\"https:\/\/schema.org\",\"@graph\":[{\"@type\":\"WebPage\",\"@id\":\"https:\/\/eurytionpress.com\/en\/personal-and-professional-ethics-in-the-global-economy\/\",\"url\":\"https:\/\/eurytionpress.com\/en\/personal-and-professional-ethics-in-the-global-economy\/\",\"name\":\"Personal and professional ethics in the global economy - Eurytion Press\",\"isPartOf\":{\"@id\":\"https:\/\/eurytionpress.com\/en\/#website\"},\"primaryImageOfPage\":{\"@id\":\"https:\/\/eurytionpress.com\/en\/personal-and-professional-ethics-in-the-global-economy\/#primaryimage\"},\"image\":{\"@id\":\"https:\/\/eurytionpress.com\/en\/personal-and-professional-ethics-in-the-global-economy\/#primaryimage\"},\"thumbnailUrl\":\"https:\/\/eurytionpress.com\/wp-content\/uploads\/2025\/07\/values-education-8.png\",\"datePublished\":\"2025-07-01T15:14:27+00:00\",\"breadcrumb\":{\"@id\":\"https:\/\/eurytionpress.com\/en\/personal-and-professional-ethics-in-the-global-economy\/#breadcrumb\"},\"inLanguage\":\"en-US\",\"potentialAction\":[{\"@type\":\"ReadAction\",\"target\":[\"https:\/\/eurytionpress.com\/en\/personal-and-professional-ethics-in-the-global-economy\/\"]}]},{\"@type\":\"ImageObject\",\"inLanguage\":\"en-US\",\"@id\":\"https:\/\/eurytionpress.com\/en\/personal-and-professional-ethics-in-the-global-economy\/#primaryimage\",\"url\":\"https:\/\/eurytionpress.com\/wp-content\/uploads\/2025\/07\/values-education-8.png\",\"contentUrl\":\"https:\/\/eurytionpress.com\/wp-content\/uploads\/2025\/07\/values-education-8.png\",\"width\":447,\"height\":599},{\"@type\":\"BreadcrumbList\",\"@id\":\"https:\/\/eurytionpress.com\/en\/personal-and-professional-ethics-in-the-global-economy\/#breadcrumb\",\"itemListElement\":[{\"@type\":\"ListItem\",\"position\":1,\"name\":\"Portada\",\"item\":\"https:\/\/eurytionpress.com\/en\/\"},{\"@type\":\"ListItem\",\"position\":2,\"name\":\"Libros\",\"item\":\"https:\/\/eurytionpress.com\/libros-2\/\"},{\"@type\":\"ListItem\",\"position\":3,\"name\":\"Personal and professional ethics in the global economy\"}]},{\"@type\":\"WebSite\",\"@id\":\"https:\/\/eurytionpress.com\/en\/#website\",\"url\":\"https:\/\/eurytionpress.com\/en\/\",\"name\":\"Eurytion Press\",\"description\":\"Editorial de libros cient\u00edficos y acad\u00e9micos\",\"publisher\":{\"@id\":\"https:\/\/eurytionpress.com\/en\/#organization\"},\"potentialAction\":[{\"@type\":\"SearchAction\",\"target\":{\"@type\":\"EntryPoint\",\"urlTemplate\":\"https:\/\/eurytionpress.com\/en\/?s={search_term_string}\"},\"query-input\":{\"@type\":\"PropertyValueSpecification\",\"valueRequired\":true,\"valueName\":\"search_term_string\"}}],\"inLanguage\":\"en-US\"},{\"@type\":\"Organization\",\"@id\":\"https:\/\/eurytionpress.com\/en\/#organization\",\"name\":\"Eurytion Press\",\"url\":\"https:\/\/eurytionpress.com\/en\/\",\"logo\":{\"@type\":\"ImageObject\",\"inLanguage\":\"en-US\",\"@id\":\"https:\/\/eurytionpress.com\/en\/#\/schema\/logo\/image\/\",\"url\":\"https:\/\/eurytionpress.com\/wp-content\/uploads\/2025\/07\/eurityon-press.png\",\"contentUrl\":\"https:\/\/eurytionpress.com\/wp-content\/uploads\/2025\/07\/eurityon-press.png\",\"width\":229,\"height\":46,\"caption\":\"Eurytion Press\"},\"image\":{\"@id\":\"https:\/\/eurytionpress.com\/en\/#\/schema\/logo\/image\/\"}}]}<\/script>\n<!-- \/ Yoast SEO plugin. -->","yoast_head_json":{"title":"Personal and professional ethics in the global economy - Eurytion Press","robots":{"index":"index","follow":"follow","max-snippet":"max-snippet:-1","max-image-preview":"max-image-preview:large","max-video-preview":"max-video-preview:-1"},"canonical":"https:\/\/eurytionpress.com\/en\/personal-and-professional-ethics-in-the-global-economy\/","og_locale":"en_US","og_type":"article","og_title":"Personal and professional ethics in the global economy - Eurytion Press","og_description":"This chapter belongs to the book \"Values Education in the Digital Age: An Action Training and Research Approach\" within the series \"Higher Education and the Digital Society: Research and Innovative Practices.\" This series is an essential academic reference for university researchers and teachers immersed in the transformation of the contemporary educational landscape. It brings together a rigorous selection of studies that address the complex interrelationships between higher education, digital society, and emerging research methodologies. Its works reflect its international and interdisciplinary nature, with contributions in both English and Spanish from renowned experts. The volumes delve into crucial aspects such as the development of digital competencies, the implementation of innovative pedagogical practices in university contexts, the application of advanced methodological approaches in social and educational sciences, and the challenges of education in values in the digital age. Through cutting-edge analysis, innovative methodological models, and case studies, all its works offer critical perspectives and solidly grounded proposals, constituting an indispensable resource for high-impact research and reflection on scientific and teaching practice in today's university.","og_url":"https:\/\/eurytionpress.com\/en\/personal-and-professional-ethics-in-the-global-economy\/","og_site_name":"Eurytion Press","og_image":[{"width":447,"height":599,"url":"https:\/\/eurytionpress.com\/wp-content\/uploads\/2025\/07\/values-education-8.png","type":"image\/png"}],"twitter_card":"summary_large_image","schema":{"@context":"https:\/\/schema.org","@graph":[{"@type":"WebPage","@id":"https:\/\/eurytionpress.com\/en\/personal-and-professional-ethics-in-the-global-economy\/","url":"https:\/\/eurytionpress.com\/en\/personal-and-professional-ethics-in-the-global-economy\/","name":"Personal and professional ethics in the global economy - Eurytion Press","isPartOf":{"@id":"https:\/\/eurytionpress.com\/en\/#website"},"primaryImageOfPage":{"@id":"https:\/\/eurytionpress.com\/en\/personal-and-professional-ethics-in-the-global-economy\/#primaryimage"},"image":{"@id":"https:\/\/eurytionpress.com\/en\/personal-and-professional-ethics-in-the-global-economy\/#primaryimage"},"thumbnailUrl":"https:\/\/eurytionpress.com\/wp-content\/uploads\/2025\/07\/values-education-8.png","datePublished":"2025-07-01T15:14:27+00:00","breadcrumb":{"@id":"https:\/\/eurytionpress.com\/en\/personal-and-professional-ethics-in-the-global-economy\/#breadcrumb"},"inLanguage":"en-US","potentialAction":[{"@type":"ReadAction","target":["https:\/\/eurytionpress.com\/en\/personal-and-professional-ethics-in-the-global-economy\/"]}]},{"@type":"ImageObject","inLanguage":"en-US","@id":"https:\/\/eurytionpress.com\/en\/personal-and-professional-ethics-in-the-global-economy\/#primaryimage","url":"https:\/\/eurytionpress.com\/wp-content\/uploads\/2025\/07\/values-education-8.png","contentUrl":"https:\/\/eurytionpress.com\/wp-content\/uploads\/2025\/07\/values-education-8.png","width":447,"height":599},{"@type":"BreadcrumbList","@id":"https:\/\/eurytionpress.com\/en\/personal-and-professional-ethics-in-the-global-economy\/#breadcrumb","itemListElement":[{"@type":"ListItem","position":1,"name":"Portada","item":"https:\/\/eurytionpress.com\/en\/"},{"@type":"ListItem","position":2,"name":"Libros","item":"https:\/\/eurytionpress.com\/libros-2\/"},{"@type":"ListItem","position":3,"name":"Personal and professional ethics in the global economy"}]},{"@type":"WebSite","@id":"https:\/\/eurytionpress.com\/en\/#website","url":"https:\/\/eurytionpress.com\/en\/","name":"Eurytion Press","description":"Editorial de libros cient\u00edficos y acad\u00e9micos","publisher":{"@id":"https:\/\/eurytionpress.com\/en\/#organization"},"potentialAction":[{"@type":"SearchAction","target":{"@type":"EntryPoint","urlTemplate":"https:\/\/eurytionpress.com\/en\/?s={search_term_string}"},"query-input":{"@type":"PropertyValueSpecification","valueRequired":true,"valueName":"search_term_string"}}],"inLanguage":"en-US"},{"@type":"Organization","@id":"https:\/\/eurytionpress.com\/en\/#organization","name":"Eurytion Press","url":"https:\/\/eurytionpress.com\/en\/","logo":{"@type":"ImageObject","inLanguage":"en-US","@id":"https:\/\/eurytionpress.com\/en\/#\/schema\/logo\/image\/","url":"https:\/\/eurytionpress.com\/wp-content\/uploads\/2025\/07\/eurityon-press.png","contentUrl":"https:\/\/eurytionpress.com\/wp-content\/uploads\/2025\/07\/eurityon-press.png","width":229,"height":46,"caption":"Eurytion Press"},"image":{"@id":"https:\/\/eurytionpress.com\/en\/#\/schema\/logo\/image\/"}}]}},"_links":{"self":[{"href":"https:\/\/eurytionpress.com\/en\/wp-json\/wp\/v2\/product\/23615","targetHints":{"allow":["GET"]}}],"collection":[{"href":"https:\/\/eurytionpress.com\/en\/wp-json\/wp\/v2\/product"}],"about":[{"href":"https:\/\/eurytionpress.com\/en\/wp-json\/wp\/v2\/types\/product"}],"replies":[{"embeddable":true,"href":"https:\/\/eurytionpress.com\/en\/wp-json\/wp\/v2\/comments?post=23615"}],"wp:featuredmedia":[{"embeddable":true,"href":"https:\/\/eurytionpress.com\/en\/wp-json\/wp\/v2\/media\/22792"}],"wp:attachment":[{"href":"https:\/\/eurytionpress.com\/en\/wp-json\/wp\/v2\/media?parent=23615"}],"wp:term":[{"taxonomy":"product_brand","embeddable":true,"href":"https:\/\/eurytionpress.com\/en\/wp-json\/wp\/v2\/product_brand?post=23615"},{"taxonomy":"product_cat","embeddable":true,"href":"https:\/\/eurytionpress.com\/en\/wp-json\/wp\/v2\/product_cat?post=23615"},{"taxonomy":"product_tag","embeddable":true,"href":"https:\/\/eurytionpress.com\/en\/wp-json\/wp\/v2\/product_tag?post=23615"}],"curies":[{"name":"wp","href":"https:\/\/api.w.org\/{rel}","templated":true}]}}