{"id":23623,"date":"2025-07-01T15:34:24","date_gmt":"2025-07-01T13:34:24","guid":{"rendered":"https:\/\/wpempresa.com\/eurytion\/unicism-pluralism-and-interreligious-dialogue\/"},"modified":"2025-07-01T15:34:24","modified_gmt":"2025-07-01T13:34:24","slug":"unicism-pluralism-and-interreligious-dialogue","status":"publish","type":"product","link":"https:\/\/eurytionpress.com\/en\/unicism-pluralism-and-interreligious-dialogue\/","title":{"rendered":"Unicism, Pluralism and Interreligious Dialogue"},"content":{"rendered":"<p>G\u00f3mez Gal\u00e1n, Jos\u00e9. Unicism, Pluralism and Interreligious Dialogue. 2\u00aa ed., San Juan: Universidad Metropolitana, 2015. (Ed. original, Oxford: Alden Press, 1996).<\/p>\n","protected":false},"excerpt":{"rendered":"<p>Esta obra pertenece a la serie \u201cFilosof\u00eda y Humanidades&#8221;, que se erige, en estos \u00e1mbitos del conocimiento, como un compendio de investigaciones de alto nivel destinadas a la comunidad acad\u00e9mica y cient\u00edfica. Esta serie aborda tem\u00e1ticas cruciales en la intersecci\u00f3n de la filosof\u00eda y las disciplinas human\u00edsticas, ofreciendo an\u00e1lisis rigurosos y perspectivas multidisciplinares. A trav\u00e9s de sus obras, como \u201cAntropolog\u00eda Filos\u00f3fica: Fundamentos y Perspectivas de Futuro\u201d, \u201cEstudios Multidisciplinarios en Humanidades: Aproximaci\u00f3n Epistemol\u00f3gica\u201d, \u201cPrimera Reflexi\u00f3n: Filosof\u00eda de los Or\u00edgenes\u201d o \u201cUnicism, Pluralism and Interreligious Dialogue\u201d, entre otras, analiza temas de gran relevancia y actualidad. Desde los fundamentos ontol\u00f3gicos y antropol\u00f3gicos de la filosof\u00eda hasta las complejidades epistemol\u00f3gicas inherentes a los estudios human\u00edsticos, son muchas y diversas las tem\u00e1ticas abordadas, siempre desde el rigor, la calidad cient\u00edfica y la innovaci\u00f3n en sus resultados. Adem\u00e1s, se adentra en problem\u00e1ticas contempor\u00e1neas de relevancia global, como es el caso del pluralismo y el di\u00e1logo interreligioso y la meta de fomentar una reflexi\u00f3n cr\u00edtica y avanzada sobre nuevos debates hoy presentes en los \u00e1mbitos de la filosof\u00eda y las humanidades. Todo ello se lleva a cabo desde los par\u00e1metros cient\u00edficos y acad\u00e9micos m\u00e1s exigentes y formales, siendo estas aportaciones no s\u00f3lo \u00fatiles en el \u00e1mbito de la investigaci\u00f3n, por los resultados que ofrecen o propuestas metodol\u00f3gicas que desarrollan, sino tambi\u00e9n de la docencia, pudiendo algunas de ellas convertirse perfectamente en manuales universitarios de determinadas asignaturas, talleres y seminarios.<\/p>\n","protected":false},"featured_media":22756,"comment_status":"closed","ping_status":"closed","template":"","meta":[],"product_brand":[],"product_cat":[689,925],"product_tag":[],"class_list":{"0":"post-23623","1":"product","2":"type-product","3":"status-publish","4":"has-post-thumbnail","6":"product_cat-international-en","7":"product_cat-printed-book","9":"first","10":"instock","11":"product-type-external"},"yoast_head":"<!-- This site is optimized with the Yoast SEO plugin v25.3.1 - https:\/\/yoast.com\/wordpress\/plugins\/seo\/ -->\n<title>Unicism, Pluralism and Interreligious Dialogue - Eurytion Press<\/title>\n<meta name=\"robots\" content=\"index, follow, max-snippet:-1, max-image-preview:large, max-video-preview:-1\" \/>\n<link rel=\"canonical\" href=\"https:\/\/eurytionpress.com\/en\/unicism-pluralism-and-interreligious-dialogue\/\" \/>\n<meta property=\"og:locale\" content=\"en_US\" \/>\n<meta property=\"og:type\" content=\"article\" \/>\n<meta property=\"og:title\" content=\"Unicism, Pluralism and Interreligious Dialogue - Eurytion Press\" \/>\n<meta property=\"og:description\" content=\"Esta obra pertenece a la serie \u201cFilosof\u00eda y Humanidades&quot;, que se erige, en estos \u00e1mbitos del conocimiento, como un compendio de investigaciones de alto nivel destinadas a la comunidad acad\u00e9mica y cient\u00edfica. Esta serie aborda tem\u00e1ticas cruciales en la intersecci\u00f3n de la filosof\u00eda y las disciplinas human\u00edsticas, ofreciendo an\u00e1lisis rigurosos y perspectivas multidisciplinares. A trav\u00e9s de sus obras, como \u201cAntropolog\u00eda Filos\u00f3fica: Fundamentos y Perspectivas de Futuro\u201d, \u201cEstudios Multidisciplinarios en Humanidades: Aproximaci\u00f3n Epistemol\u00f3gica\u201d, \u201cPrimera Reflexi\u00f3n: Filosof\u00eda de los Or\u00edgenes\u201d o \u201cUnicism, Pluralism and Interreligious Dialogue\u201d, entre otras, analiza temas de gran relevancia y actualidad. Desde los fundamentos ontol\u00f3gicos y antropol\u00f3gicos de la filosof\u00eda hasta las complejidades epistemol\u00f3gicas inherentes a los estudios human\u00edsticos, son muchas y diversas las tem\u00e1ticas abordadas, siempre desde el rigor, la calidad cient\u00edfica y la innovaci\u00f3n en sus resultados. Adem\u00e1s, se adentra en problem\u00e1ticas contempor\u00e1neas de relevancia global, como es el caso del pluralismo y el di\u00e1logo interreligioso y la meta de fomentar una reflexi\u00f3n cr\u00edtica y avanzada sobre nuevos debates hoy presentes en los \u00e1mbitos de la filosof\u00eda y las humanidades. Todo ello se lleva a cabo desde los par\u00e1metros cient\u00edficos y acad\u00e9micos m\u00e1s exigentes y formales, siendo estas aportaciones no s\u00f3lo \u00fatiles en el \u00e1mbito de la investigaci\u00f3n, por los resultados que ofrecen o propuestas metodol\u00f3gicas que desarrollan, sino tambi\u00e9n de la docencia, pudiendo algunas de ellas convertirse perfectamente en manuales universitarios de determinadas asignaturas, talleres y seminarios.\" \/>\n<meta property=\"og:url\" content=\"https:\/\/eurytionpress.com\/en\/unicism-pluralism-and-interreligious-dialogue\/\" \/>\n<meta property=\"og:site_name\" content=\"Eurytion Press\" \/>\n<meta property=\"og:image\" content=\"https:\/\/eurytionpress.com\/wp-content\/uploads\/2025\/07\/unicism.png\" \/>\n\t<meta property=\"og:image:width\" content=\"782\" \/>\n\t<meta property=\"og:image:height\" content=\"1170\" \/>\n\t<meta property=\"og:image:type\" content=\"image\/png\" \/>\n<meta name=\"twitter:card\" content=\"summary_large_image\" \/>\n<script type=\"application\/ld+json\" class=\"yoast-schema-graph\">{\"@context\":\"https:\/\/schema.org\",\"@graph\":[{\"@type\":\"WebPage\",\"@id\":\"https:\/\/eurytionpress.com\/en\/unicism-pluralism-and-interreligious-dialogue\/\",\"url\":\"https:\/\/eurytionpress.com\/en\/unicism-pluralism-and-interreligious-dialogue\/\",\"name\":\"Unicism, Pluralism and Interreligious Dialogue - Eurytion Press\",\"isPartOf\":{\"@id\":\"https:\/\/eurytionpress.com\/en\/#website\"},\"primaryImageOfPage\":{\"@id\":\"https:\/\/eurytionpress.com\/en\/unicism-pluralism-and-interreligious-dialogue\/#primaryimage\"},\"image\":{\"@id\":\"https:\/\/eurytionpress.com\/en\/unicism-pluralism-and-interreligious-dialogue\/#primaryimage\"},\"thumbnailUrl\":\"https:\/\/eurytionpress.com\/wp-content\/uploads\/2025\/07\/unicism.png\",\"datePublished\":\"2025-07-01T13:34:24+00:00\",\"breadcrumb\":{\"@id\":\"https:\/\/eurytionpress.com\/en\/unicism-pluralism-and-interreligious-dialogue\/#breadcrumb\"},\"inLanguage\":\"en-US\",\"potentialAction\":[{\"@type\":\"ReadAction\",\"target\":[\"https:\/\/eurytionpress.com\/en\/unicism-pluralism-and-interreligious-dialogue\/\"]}]},{\"@type\":\"ImageObject\",\"inLanguage\":\"en-US\",\"@id\":\"https:\/\/eurytionpress.com\/en\/unicism-pluralism-and-interreligious-dialogue\/#primaryimage\",\"url\":\"https:\/\/eurytionpress.com\/wp-content\/uploads\/2025\/07\/unicism.png\",\"contentUrl\":\"https:\/\/eurytionpress.com\/wp-content\/uploads\/2025\/07\/unicism.png\",\"width\":782,\"height\":1170},{\"@type\":\"BreadcrumbList\",\"@id\":\"https:\/\/eurytionpress.com\/en\/unicism-pluralism-and-interreligious-dialogue\/#breadcrumb\",\"itemListElement\":[{\"@type\":\"ListItem\",\"position\":1,\"name\":\"Portada\",\"item\":\"https:\/\/eurytionpress.com\/en\/\"},{\"@type\":\"ListItem\",\"position\":2,\"name\":\"Libros\",\"item\":\"https:\/\/eurytionpress.com\/libros-2\/\"},{\"@type\":\"ListItem\",\"position\":3,\"name\":\"Unicism, Pluralism and Interreligious Dialogue\"}]},{\"@type\":\"WebSite\",\"@id\":\"https:\/\/eurytionpress.com\/en\/#website\",\"url\":\"https:\/\/eurytionpress.com\/en\/\",\"name\":\"Eurytion Press\",\"description\":\"Editorial de libros cient\u00edficos y acad\u00e9micos\",\"publisher\":{\"@id\":\"https:\/\/eurytionpress.com\/en\/#organization\"},\"potentialAction\":[{\"@type\":\"SearchAction\",\"target\":{\"@type\":\"EntryPoint\",\"urlTemplate\":\"https:\/\/eurytionpress.com\/en\/?s={search_term_string}\"},\"query-input\":{\"@type\":\"PropertyValueSpecification\",\"valueRequired\":true,\"valueName\":\"search_term_string\"}}],\"inLanguage\":\"en-US\"},{\"@type\":\"Organization\",\"@id\":\"https:\/\/eurytionpress.com\/en\/#organization\",\"name\":\"Eurytion Press\",\"url\":\"https:\/\/eurytionpress.com\/en\/\",\"logo\":{\"@type\":\"ImageObject\",\"inLanguage\":\"en-US\",\"@id\":\"https:\/\/eurytionpress.com\/en\/#\/schema\/logo\/image\/\",\"url\":\"https:\/\/eurytionpress.com\/wp-content\/uploads\/2025\/07\/eurityon-press.png\",\"contentUrl\":\"https:\/\/eurytionpress.com\/wp-content\/uploads\/2025\/07\/eurityon-press.png\",\"width\":229,\"height\":46,\"caption\":\"Eurytion Press\"},\"image\":{\"@id\":\"https:\/\/eurytionpress.com\/en\/#\/schema\/logo\/image\/\"}}]}<\/script>\n<!-- \/ Yoast SEO plugin. -->","yoast_head_json":{"title":"Unicism, Pluralism and Interreligious Dialogue - Eurytion Press","robots":{"index":"index","follow":"follow","max-snippet":"max-snippet:-1","max-image-preview":"max-image-preview:large","max-video-preview":"max-video-preview:-1"},"canonical":"https:\/\/eurytionpress.com\/en\/unicism-pluralism-and-interreligious-dialogue\/","og_locale":"en_US","og_type":"article","og_title":"Unicism, Pluralism and Interreligious Dialogue - Eurytion Press","og_description":"Esta obra pertenece a la serie \u201cFilosof\u00eda y Humanidades\", que se erige, en estos \u00e1mbitos del conocimiento, como un compendio de investigaciones de alto nivel destinadas a la comunidad acad\u00e9mica y cient\u00edfica. Esta serie aborda tem\u00e1ticas cruciales en la intersecci\u00f3n de la filosof\u00eda y las disciplinas human\u00edsticas, ofreciendo an\u00e1lisis rigurosos y perspectivas multidisciplinares. A trav\u00e9s de sus obras, como \u201cAntropolog\u00eda Filos\u00f3fica: Fundamentos y Perspectivas de Futuro\u201d, \u201cEstudios Multidisciplinarios en Humanidades: Aproximaci\u00f3n Epistemol\u00f3gica\u201d, \u201cPrimera Reflexi\u00f3n: Filosof\u00eda de los Or\u00edgenes\u201d o \u201cUnicism, Pluralism and Interreligious Dialogue\u201d, entre otras, analiza temas de gran relevancia y actualidad. Desde los fundamentos ontol\u00f3gicos y antropol\u00f3gicos de la filosof\u00eda hasta las complejidades epistemol\u00f3gicas inherentes a los estudios human\u00edsticos, son muchas y diversas las tem\u00e1ticas abordadas, siempre desde el rigor, la calidad cient\u00edfica y la innovaci\u00f3n en sus resultados. Adem\u00e1s, se adentra en problem\u00e1ticas contempor\u00e1neas de relevancia global, como es el caso del pluralismo y el di\u00e1logo interreligioso y la meta de fomentar una reflexi\u00f3n cr\u00edtica y avanzada sobre nuevos debates hoy presentes en los \u00e1mbitos de la filosof\u00eda y las humanidades. Todo ello se lleva a cabo desde los par\u00e1metros cient\u00edficos y acad\u00e9micos m\u00e1s exigentes y formales, siendo estas aportaciones no s\u00f3lo \u00fatiles en el \u00e1mbito de la investigaci\u00f3n, por los resultados que ofrecen o propuestas metodol\u00f3gicas que desarrollan, sino tambi\u00e9n de la docencia, pudiendo algunas de ellas convertirse perfectamente en manuales universitarios de determinadas asignaturas, talleres y seminarios.","og_url":"https:\/\/eurytionpress.com\/en\/unicism-pluralism-and-interreligious-dialogue\/","og_site_name":"Eurytion Press","og_image":[{"width":782,"height":1170,"url":"https:\/\/eurytionpress.com\/wp-content\/uploads\/2025\/07\/unicism.png","type":"image\/png"}],"twitter_card":"summary_large_image","schema":{"@context":"https:\/\/schema.org","@graph":[{"@type":"WebPage","@id":"https:\/\/eurytionpress.com\/en\/unicism-pluralism-and-interreligious-dialogue\/","url":"https:\/\/eurytionpress.com\/en\/unicism-pluralism-and-interreligious-dialogue\/","name":"Unicism, Pluralism and Interreligious Dialogue - Eurytion Press","isPartOf":{"@id":"https:\/\/eurytionpress.com\/en\/#website"},"primaryImageOfPage":{"@id":"https:\/\/eurytionpress.com\/en\/unicism-pluralism-and-interreligious-dialogue\/#primaryimage"},"image":{"@id":"https:\/\/eurytionpress.com\/en\/unicism-pluralism-and-interreligious-dialogue\/#primaryimage"},"thumbnailUrl":"https:\/\/eurytionpress.com\/wp-content\/uploads\/2025\/07\/unicism.png","datePublished":"2025-07-01T13:34:24+00:00","breadcrumb":{"@id":"https:\/\/eurytionpress.com\/en\/unicism-pluralism-and-interreligious-dialogue\/#breadcrumb"},"inLanguage":"en-US","potentialAction":[{"@type":"ReadAction","target":["https:\/\/eurytionpress.com\/en\/unicism-pluralism-and-interreligious-dialogue\/"]}]},{"@type":"ImageObject","inLanguage":"en-US","@id":"https:\/\/eurytionpress.com\/en\/unicism-pluralism-and-interreligious-dialogue\/#primaryimage","url":"https:\/\/eurytionpress.com\/wp-content\/uploads\/2025\/07\/unicism.png","contentUrl":"https:\/\/eurytionpress.com\/wp-content\/uploads\/2025\/07\/unicism.png","width":782,"height":1170},{"@type":"BreadcrumbList","@id":"https:\/\/eurytionpress.com\/en\/unicism-pluralism-and-interreligious-dialogue\/#breadcrumb","itemListElement":[{"@type":"ListItem","position":1,"name":"Portada","item":"https:\/\/eurytionpress.com\/en\/"},{"@type":"ListItem","position":2,"name":"Libros","item":"https:\/\/eurytionpress.com\/libros-2\/"},{"@type":"ListItem","position":3,"name":"Unicism, Pluralism and Interreligious Dialogue"}]},{"@type":"WebSite","@id":"https:\/\/eurytionpress.com\/en\/#website","url":"https:\/\/eurytionpress.com\/en\/","name":"Eurytion Press","description":"Editorial de libros cient\u00edficos y acad\u00e9micos","publisher":{"@id":"https:\/\/eurytionpress.com\/en\/#organization"},"potentialAction":[{"@type":"SearchAction","target":{"@type":"EntryPoint","urlTemplate":"https:\/\/eurytionpress.com\/en\/?s={search_term_string}"},"query-input":{"@type":"PropertyValueSpecification","valueRequired":true,"valueName":"search_term_string"}}],"inLanguage":"en-US"},{"@type":"Organization","@id":"https:\/\/eurytionpress.com\/en\/#organization","name":"Eurytion Press","url":"https:\/\/eurytionpress.com\/en\/","logo":{"@type":"ImageObject","inLanguage":"en-US","@id":"https:\/\/eurytionpress.com\/en\/#\/schema\/logo\/image\/","url":"https:\/\/eurytionpress.com\/wp-content\/uploads\/2025\/07\/eurityon-press.png","contentUrl":"https:\/\/eurytionpress.com\/wp-content\/uploads\/2025\/07\/eurityon-press.png","width":229,"height":46,"caption":"Eurytion Press"},"image":{"@id":"https:\/\/eurytionpress.com\/en\/#\/schema\/logo\/image\/"}}]}},"_links":{"self":[{"href":"https:\/\/eurytionpress.com\/en\/wp-json\/wp\/v2\/product\/23623","targetHints":{"allow":["GET"]}}],"collection":[{"href":"https:\/\/eurytionpress.com\/en\/wp-json\/wp\/v2\/product"}],"about":[{"href":"https:\/\/eurytionpress.com\/en\/wp-json\/wp\/v2\/types\/product"}],"replies":[{"embeddable":true,"href":"https:\/\/eurytionpress.com\/en\/wp-json\/wp\/v2\/comments?post=23623"}],"wp:featuredmedia":[{"embeddable":true,"href":"https:\/\/eurytionpress.com\/en\/wp-json\/wp\/v2\/media\/22756"}],"wp:attachment":[{"href":"https:\/\/eurytionpress.com\/en\/wp-json\/wp\/v2\/media?parent=23623"}],"wp:term":[{"taxonomy":"product_brand","embeddable":true,"href":"https:\/\/eurytionpress.com\/en\/wp-json\/wp\/v2\/product_brand?post=23623"},{"taxonomy":"product_cat","embeddable":true,"href":"https:\/\/eurytionpress.com\/en\/wp-json\/wp\/v2\/product_cat?post=23623"},{"taxonomy":"product_tag","embeddable":true,"href":"https:\/\/eurytionpress.com\/en\/wp-json\/wp\/v2\/product_tag?post=23623"}],"curies":[{"name":"wp","href":"https:\/\/api.w.org\/{rel}","templated":true}]}}