{"id":23627,"date":"2025-07-01T15:33:15","date_gmt":"2025-07-01T13:33:15","guid":{"rendered":"https:\/\/wpempresa.com\/eurytion\/tutor-e-1\/"},"modified":"2025-07-01T15:33:15","modified_gmt":"2025-07-01T13:33:15","slug":"tutor-e-1","status":"publish","type":"product","link":"https:\/\/eurytionpress.com\/en\/tutor-e-1\/","title":{"rendered":"Tutor-e 1"},"content":{"rendered":"<p>L\u00f3pez Belmonte, Jes\u00fas, Santiago Pozo S\u00e1nchez, Gema Belmonte Le\u00f3n, y Arturo Fuentes Cabrera. Tutor-e 1. Badajoz: Eurytion Press, 2019.<\/p>\n","protected":false},"excerpt":{"rendered":"<p>Esta obra ha sido fruto de muchos a\u00f1os de trabajo dedicados a analizar los programas educativos y en los que se ha observado la necesidad de elaborar materiales pr\u00e1cticos para el alumnado y facilitadores de la tarea docente en todo lo concerniente a la tutor\u00eda y orientaci\u00f3n acad\u00e9mica de los discentes. En este libro se recogen determinados bloques de contenidos y actividades innovadoras basadas en los intereses de los estudiantes de la sociedad actual desde una perspectiva participativa y constructivista con el prop\u00f3sito de cubrir las necesidades del colectivo discente. Tutor-e 1 es el primer volumen de los cuatro preparados para este fin y que constituyen el conjunto de la obra. Por supuesto, cada volumen tambi\u00e9n puede ser usado de manera independiente, ser\u00e1 el profesional de la ense\u00f1anza el que utilice estos valiosos instrumentos en funci\u00f3n de sus necesidades.<\/p>\n","protected":false},"featured_media":22740,"comment_status":"closed","ping_status":"open","template":"","meta":[],"product_brand":[],"product_cat":[680],"product_tag":[],"class_list":{"0":"post-23627","1":"product","2":"type-product","3":"status-publish","4":"has-post-thumbnail","6":"product_cat-printedbook-en","8":"first","9":"instock","10":"product-type-external"},"yoast_head":"<!-- This site is optimized with the Yoast SEO plugin v25.3.1 - https:\/\/yoast.com\/wordpress\/plugins\/seo\/ -->\n<title>Tutor-e 1 - Eurytion Press<\/title>\n<meta name=\"robots\" content=\"index, follow, max-snippet:-1, max-image-preview:large, max-video-preview:-1\" \/>\n<link rel=\"canonical\" href=\"https:\/\/eurytionpress.com\/en\/tutor-e-1\/\" \/>\n<meta property=\"og:locale\" content=\"en_US\" \/>\n<meta property=\"og:type\" content=\"article\" \/>\n<meta property=\"og:title\" content=\"Tutor-e 1 - Eurytion Press\" \/>\n<meta property=\"og:description\" content=\"Esta obra ha sido fruto de muchos a\u00f1os de trabajo dedicados a analizar los programas educativos y en los que se ha observado la necesidad de elaborar materiales pr\u00e1cticos para el alumnado y facilitadores de la tarea docente en todo lo concerniente a la tutor\u00eda y orientaci\u00f3n acad\u00e9mica de los discentes. En este libro se recogen determinados bloques de contenidos y actividades innovadoras basadas en los intereses de los estudiantes de la sociedad actual desde una perspectiva participativa y constructivista con el prop\u00f3sito de cubrir las necesidades del colectivo discente. Tutor-e 1 es el primer volumen de los cuatro preparados para este fin y que constituyen el conjunto de la obra. Por supuesto, cada volumen tambi\u00e9n puede ser usado de manera independiente, ser\u00e1 el profesional de la ense\u00f1anza el que utilice estos valiosos instrumentos en funci\u00f3n de sus necesidades.\" \/>\n<meta property=\"og:url\" content=\"https:\/\/eurytionpress.com\/en\/tutor-e-1\/\" \/>\n<meta property=\"og:site_name\" content=\"Eurytion Press\" \/>\n<meta property=\"og:image\" content=\"https:\/\/eurytionpress.com\/wp-content\/uploads\/2025\/07\/tutor-1-cover.png\" \/>\n\t<meta property=\"og:image:width\" content=\"736\" \/>\n\t<meta property=\"og:image:height\" content=\"1170\" \/>\n\t<meta property=\"og:image:type\" content=\"image\/png\" \/>\n<meta name=\"twitter:card\" content=\"summary_large_image\" \/>\n<script type=\"application\/ld+json\" class=\"yoast-schema-graph\">{\"@context\":\"https:\/\/schema.org\",\"@graph\":[{\"@type\":\"WebPage\",\"@id\":\"https:\/\/eurytionpress.com\/en\/tutor-e-1\/\",\"url\":\"https:\/\/eurytionpress.com\/en\/tutor-e-1\/\",\"name\":\"Tutor-e 1 - Eurytion Press\",\"isPartOf\":{\"@id\":\"https:\/\/eurytionpress.com\/en\/#website\"},\"primaryImageOfPage\":{\"@id\":\"https:\/\/eurytionpress.com\/en\/tutor-e-1\/#primaryimage\"},\"image\":{\"@id\":\"https:\/\/eurytionpress.com\/en\/tutor-e-1\/#primaryimage\"},\"thumbnailUrl\":\"https:\/\/eurytionpress.com\/wp-content\/uploads\/2025\/07\/tutor-1-cover.png\",\"datePublished\":\"2025-07-01T13:33:15+00:00\",\"breadcrumb\":{\"@id\":\"https:\/\/eurytionpress.com\/en\/tutor-e-1\/#breadcrumb\"},\"inLanguage\":\"en-US\",\"potentialAction\":[{\"@type\":\"ReadAction\",\"target\":[\"https:\/\/eurytionpress.com\/en\/tutor-e-1\/\"]}]},{\"@type\":\"ImageObject\",\"inLanguage\":\"en-US\",\"@id\":\"https:\/\/eurytionpress.com\/en\/tutor-e-1\/#primaryimage\",\"url\":\"https:\/\/eurytionpress.com\/wp-content\/uploads\/2025\/07\/tutor-1-cover.png\",\"contentUrl\":\"https:\/\/eurytionpress.com\/wp-content\/uploads\/2025\/07\/tutor-1-cover.png\",\"width\":736,\"height\":1170},{\"@type\":\"BreadcrumbList\",\"@id\":\"https:\/\/eurytionpress.com\/en\/tutor-e-1\/#breadcrumb\",\"itemListElement\":[{\"@type\":\"ListItem\",\"position\":1,\"name\":\"Portada\",\"item\":\"https:\/\/eurytionpress.com\/en\/\"},{\"@type\":\"ListItem\",\"position\":2,\"name\":\"Libros\",\"item\":\"https:\/\/eurytionpress.com\/libros-2\/\"},{\"@type\":\"ListItem\",\"position\":3,\"name\":\"Tutor-e 1\"}]},{\"@type\":\"WebSite\",\"@id\":\"https:\/\/eurytionpress.com\/en\/#website\",\"url\":\"https:\/\/eurytionpress.com\/en\/\",\"name\":\"Eurytion Press\",\"description\":\"Editorial de libros cient\u00edficos y acad\u00e9micos\",\"publisher\":{\"@id\":\"https:\/\/eurytionpress.com\/en\/#organization\"},\"potentialAction\":[{\"@type\":\"SearchAction\",\"target\":{\"@type\":\"EntryPoint\",\"urlTemplate\":\"https:\/\/eurytionpress.com\/en\/?s={search_term_string}\"},\"query-input\":{\"@type\":\"PropertyValueSpecification\",\"valueRequired\":true,\"valueName\":\"search_term_string\"}}],\"inLanguage\":\"en-US\"},{\"@type\":\"Organization\",\"@id\":\"https:\/\/eurytionpress.com\/en\/#organization\",\"name\":\"Eurytion Press\",\"url\":\"https:\/\/eurytionpress.com\/en\/\",\"logo\":{\"@type\":\"ImageObject\",\"inLanguage\":\"en-US\",\"@id\":\"https:\/\/eurytionpress.com\/en\/#\/schema\/logo\/image\/\",\"url\":\"https:\/\/eurytionpress.com\/wp-content\/uploads\/2025\/07\/eurityon-press.png\",\"contentUrl\":\"https:\/\/eurytionpress.com\/wp-content\/uploads\/2025\/07\/eurityon-press.png\",\"width\":229,\"height\":46,\"caption\":\"Eurytion Press\"},\"image\":{\"@id\":\"https:\/\/eurytionpress.com\/en\/#\/schema\/logo\/image\/\"}}]}<\/script>\n<!-- \/ Yoast SEO plugin. -->","yoast_head_json":{"title":"Tutor-e 1 - Eurytion Press","robots":{"index":"index","follow":"follow","max-snippet":"max-snippet:-1","max-image-preview":"max-image-preview:large","max-video-preview":"max-video-preview:-1"},"canonical":"https:\/\/eurytionpress.com\/en\/tutor-e-1\/","og_locale":"en_US","og_type":"article","og_title":"Tutor-e 1 - Eurytion Press","og_description":"Esta obra ha sido fruto de muchos a\u00f1os de trabajo dedicados a analizar los programas educativos y en los que se ha observado la necesidad de elaborar materiales pr\u00e1cticos para el alumnado y facilitadores de la tarea docente en todo lo concerniente a la tutor\u00eda y orientaci\u00f3n acad\u00e9mica de los discentes. En este libro se recogen determinados bloques de contenidos y actividades innovadoras basadas en los intereses de los estudiantes de la sociedad actual desde una perspectiva participativa y constructivista con el prop\u00f3sito de cubrir las necesidades del colectivo discente. Tutor-e 1 es el primer volumen de los cuatro preparados para este fin y que constituyen el conjunto de la obra. Por supuesto, cada volumen tambi\u00e9n puede ser usado de manera independiente, ser\u00e1 el profesional de la ense\u00f1anza el que utilice estos valiosos instrumentos en funci\u00f3n de sus necesidades.","og_url":"https:\/\/eurytionpress.com\/en\/tutor-e-1\/","og_site_name":"Eurytion Press","og_image":[{"width":736,"height":1170,"url":"https:\/\/eurytionpress.com\/wp-content\/uploads\/2025\/07\/tutor-1-cover.png","type":"image\/png"}],"twitter_card":"summary_large_image","schema":{"@context":"https:\/\/schema.org","@graph":[{"@type":"WebPage","@id":"https:\/\/eurytionpress.com\/en\/tutor-e-1\/","url":"https:\/\/eurytionpress.com\/en\/tutor-e-1\/","name":"Tutor-e 1 - Eurytion Press","isPartOf":{"@id":"https:\/\/eurytionpress.com\/en\/#website"},"primaryImageOfPage":{"@id":"https:\/\/eurytionpress.com\/en\/tutor-e-1\/#primaryimage"},"image":{"@id":"https:\/\/eurytionpress.com\/en\/tutor-e-1\/#primaryimage"},"thumbnailUrl":"https:\/\/eurytionpress.com\/wp-content\/uploads\/2025\/07\/tutor-1-cover.png","datePublished":"2025-07-01T13:33:15+00:00","breadcrumb":{"@id":"https:\/\/eurytionpress.com\/en\/tutor-e-1\/#breadcrumb"},"inLanguage":"en-US","potentialAction":[{"@type":"ReadAction","target":["https:\/\/eurytionpress.com\/en\/tutor-e-1\/"]}]},{"@type":"ImageObject","inLanguage":"en-US","@id":"https:\/\/eurytionpress.com\/en\/tutor-e-1\/#primaryimage","url":"https:\/\/eurytionpress.com\/wp-content\/uploads\/2025\/07\/tutor-1-cover.png","contentUrl":"https:\/\/eurytionpress.com\/wp-content\/uploads\/2025\/07\/tutor-1-cover.png","width":736,"height":1170},{"@type":"BreadcrumbList","@id":"https:\/\/eurytionpress.com\/en\/tutor-e-1\/#breadcrumb","itemListElement":[{"@type":"ListItem","position":1,"name":"Portada","item":"https:\/\/eurytionpress.com\/en\/"},{"@type":"ListItem","position":2,"name":"Libros","item":"https:\/\/eurytionpress.com\/libros-2\/"},{"@type":"ListItem","position":3,"name":"Tutor-e 1"}]},{"@type":"WebSite","@id":"https:\/\/eurytionpress.com\/en\/#website","url":"https:\/\/eurytionpress.com\/en\/","name":"Eurytion Press","description":"Editorial de libros cient\u00edficos y acad\u00e9micos","publisher":{"@id":"https:\/\/eurytionpress.com\/en\/#organization"},"potentialAction":[{"@type":"SearchAction","target":{"@type":"EntryPoint","urlTemplate":"https:\/\/eurytionpress.com\/en\/?s={search_term_string}"},"query-input":{"@type":"PropertyValueSpecification","valueRequired":true,"valueName":"search_term_string"}}],"inLanguage":"en-US"},{"@type":"Organization","@id":"https:\/\/eurytionpress.com\/en\/#organization","name":"Eurytion Press","url":"https:\/\/eurytionpress.com\/en\/","logo":{"@type":"ImageObject","inLanguage":"en-US","@id":"https:\/\/eurytionpress.com\/en\/#\/schema\/logo\/image\/","url":"https:\/\/eurytionpress.com\/wp-content\/uploads\/2025\/07\/eurityon-press.png","contentUrl":"https:\/\/eurytionpress.com\/wp-content\/uploads\/2025\/07\/eurityon-press.png","width":229,"height":46,"caption":"Eurytion Press"},"image":{"@id":"https:\/\/eurytionpress.com\/en\/#\/schema\/logo\/image\/"}}]}},"_links":{"self":[{"href":"https:\/\/eurytionpress.com\/en\/wp-json\/wp\/v2\/product\/23627","targetHints":{"allow":["GET"]}}],"collection":[{"href":"https:\/\/eurytionpress.com\/en\/wp-json\/wp\/v2\/product"}],"about":[{"href":"https:\/\/eurytionpress.com\/en\/wp-json\/wp\/v2\/types\/product"}],"replies":[{"embeddable":true,"href":"https:\/\/eurytionpress.com\/en\/wp-json\/wp\/v2\/comments?post=23627"}],"wp:featuredmedia":[{"embeddable":true,"href":"https:\/\/eurytionpress.com\/en\/wp-json\/wp\/v2\/media\/22740"}],"wp:attachment":[{"href":"https:\/\/eurytionpress.com\/en\/wp-json\/wp\/v2\/media?parent=23627"}],"wp:term":[{"taxonomy":"product_brand","embeddable":true,"href":"https:\/\/eurytionpress.com\/en\/wp-json\/wp\/v2\/product_brand?post=23627"},{"taxonomy":"product_cat","embeddable":true,"href":"https:\/\/eurytionpress.com\/en\/wp-json\/wp\/v2\/product_cat?post=23627"},{"taxonomy":"product_tag","embeddable":true,"href":"https:\/\/eurytionpress.com\/en\/wp-json\/wp\/v2\/product_tag?post=23627"}],"curies":[{"name":"wp","href":"https:\/\/api.w.org\/{rel}","templated":true}]}}