{"id":23628,"date":"2025-07-01T15:33:04","date_gmt":"2025-07-01T13:33:04","guid":{"rendered":"https:\/\/wpempresa.com\/eurytion\/tics-na-formacao-de-professores-em-educacao-artistica-analise-das-primeiras-ferramentas-digitais-do-seculo-xxi\/"},"modified":"2025-07-01T15:33:04","modified_gmt":"2025-07-01T13:33:04","slug":"tics-na-formacao-de-professores-em-educacao-artistica-analise-das-primeiras-ferramentas-digitais-do-seculo-xxi","status":"publish","type":"product","link":"https:\/\/eurytionpress.com\/en\/tics-na-formacao-de-professores-em-educacao-artistica-analise-das-primeiras-ferramentas-digitais-do-seculo-xxi\/","title":{"rendered":"TICs na forma\u00e7\u00e3o de professores em educa\u00e7\u00e3o art\u00edstica: an\u00e1lise das primeiras ferramentas digitais do s\u00e9culo XXI"},"content":{"rendered":"<p>Alves dos Santos, Wanderley. TICs na forma\u00e7\u00e3o de professores em educa\u00e7\u00e3o art\u00edstica: an\u00e1lise das primeiras ferramentas digitais do s\u00e9culo XXI. Badajoz: Eurytion Press, 2020.<\/p>\n","protected":false},"excerpt":{"rendered":"<p>O grande desafio da atualidade \u00e9 a forma\u00e7\u00e3o adequada dos educadores art\u00edsticos em artes visuais. H\u00e1 aspectos importantes da forma\u00e7\u00e3o que devem ser analisados e estruturados, tendo em vista as novas conquistas tecnol\u00f3gicas contempor\u00e2neas. Mas, quais condi\u00e7\u00f5es s\u00e3o estas? Atualmente, diante das novas tecnologias de comunica\u00e7\u00e3o e informa\u00e7\u00e3o, deve-se repensar a forma\u00e7\u00e3o dos educadores art\u00edsticos, buscando integrar os novos recursos ao curr\u00edculo b\u00e1sico. Este livro est\u00e1 estruturado em tr\u00eas partes: Na primeira parte, observamos a vis\u00e3o de v\u00e1rios autores sobre o tema das TIC e da sociedade contempor\u00e2nea, onde s\u00e3o identificadas as principais ferramentas tecnol\u00f3gicas dispon\u00edveis. O objetivo \u00e9 ter uma vis\u00e3o das principais ferramentas tecnol\u00f3gicas digitais e sua integra\u00e7\u00e3o na atividade pedag\u00f3gica. A segunda parte s\u00e3o os dados coletados em estudos de caso. As possibilidades s\u00e3o experimentadas, tanto no ensino superior com graduados, quanto no ensino m\u00e9dio e fundamental com estudantes de escolas p\u00fablicas no Brasil. O resultado dos dados \u00e9 organizado para servir de apoio \u00e0 reflex\u00e3o final sobre o tema da forma\u00e7\u00e3o do educador de arte. Tamb\u00e9m \u00e9 analisado um curso experimental sobre TIC aplicado ao treinamento do educador de arte nas artes visuais, administrado com o apoio do SAP (Sistema de Apoio ao Professor). A terceira parte trata do uso e possibilidades das TIC no ensino das artes visuais, bem como exemplos do trabalho atual no uso das TIC. Um resumo exaustivo da aplica\u00e7\u00e3o das ferramentas tecnol\u00f3gicas \u00e9 dado, baseado na vis\u00e3o de um educador art\u00edstico e um registro visual abundante de todas essas ferramentas, considerando que elas trabalham com a cultura visual e digital. Esta obra destina-se principalmente a educadores art\u00edsticos (especialmente em artes visuais), formadores de professores, investigadores nas \u00e1reas de educa\u00e7\u00e3o art\u00edstica e tecnologia educacional. Gestores educacionais e estudantes de p\u00f3s-gradua\u00e7\u00e3o interessados na integra\u00e7\u00e3o curricular das TIC no ensino das artes encontrar\u00e3o tamb\u00e9m contributos valiosos neste livro.<\/p>\n","protected":false},"featured_media":22736,"comment_status":"closed","ping_status":"open","template":"","meta":[],"product_brand":[],"product_cat":[680],"product_tag":[],"class_list":{"0":"post-23628","1":"product","2":"type-product","3":"status-publish","4":"has-post-thumbnail","6":"product_cat-printedbook-en","8":"first","9":"instock","10":"product-type-external"},"yoast_head":"<!-- This site is optimized with the Yoast SEO plugin v25.3.1 - https:\/\/yoast.com\/wordpress\/plugins\/seo\/ -->\n<title>TICs na forma\u00e7\u00e3o de professores em educa\u00e7\u00e3o art\u00edstica: an\u00e1lise das primeiras ferramentas digitais do s\u00e9culo XXI - Eurytion Press<\/title>\n<meta name=\"robots\" content=\"index, follow, max-snippet:-1, max-image-preview:large, max-video-preview:-1\" \/>\n<link rel=\"canonical\" href=\"https:\/\/eurytionpress.com\/en\/tics-na-formacao-de-professores-em-educacao-artistica-analise-das-primeiras-ferramentas-digitais-do-seculo-xxi\/\" \/>\n<meta property=\"og:locale\" content=\"en_US\" \/>\n<meta property=\"og:type\" content=\"article\" \/>\n<meta property=\"og:title\" content=\"TICs na forma\u00e7\u00e3o de professores em educa\u00e7\u00e3o art\u00edstica: an\u00e1lise das primeiras ferramentas digitais do s\u00e9culo XXI - Eurytion Press\" \/>\n<meta property=\"og:description\" content=\"O grande desafio da atualidade \u00e9 a forma\u00e7\u00e3o adequada dos educadores art\u00edsticos em artes visuais. H\u00e1 aspectos importantes da forma\u00e7\u00e3o que devem ser analisados e estruturados, tendo em vista as novas conquistas tecnol\u00f3gicas contempor\u00e2neas. Mas, quais condi\u00e7\u00f5es s\u00e3o estas? Atualmente, diante das novas tecnologias de comunica\u00e7\u00e3o e informa\u00e7\u00e3o, deve-se repensar a forma\u00e7\u00e3o dos educadores art\u00edsticos, buscando integrar os novos recursos ao curr\u00edculo b\u00e1sico. Este livro est\u00e1 estruturado em tr\u00eas partes: Na primeira parte, observamos a vis\u00e3o de v\u00e1rios autores sobre o tema das TIC e da sociedade contempor\u00e2nea, onde s\u00e3o identificadas as principais ferramentas tecnol\u00f3gicas dispon\u00edveis. O objetivo \u00e9 ter uma vis\u00e3o das principais ferramentas tecnol\u00f3gicas digitais e sua integra\u00e7\u00e3o na atividade pedag\u00f3gica. A segunda parte s\u00e3o os dados coletados em estudos de caso. As possibilidades s\u00e3o experimentadas, tanto no ensino superior com graduados, quanto no ensino m\u00e9dio e fundamental com estudantes de escolas p\u00fablicas no Brasil. O resultado dos dados \u00e9 organizado para servir de apoio \u00e0 reflex\u00e3o final sobre o tema da forma\u00e7\u00e3o do educador de arte. Tamb\u00e9m \u00e9 analisado um curso experimental sobre TIC aplicado ao treinamento do educador de arte nas artes visuais, administrado com o apoio do SAP (Sistema de Apoio ao Professor). A terceira parte trata do uso e possibilidades das TIC no ensino das artes visuais, bem como exemplos do trabalho atual no uso das TIC. Um resumo exaustivo da aplica\u00e7\u00e3o das ferramentas tecnol\u00f3gicas \u00e9 dado, baseado na vis\u00e3o de um educador art\u00edstico e um registro visual abundante de todas essas ferramentas, considerando que elas trabalham com a cultura visual e digital. Esta obra destina-se principalmente a educadores art\u00edsticos (especialmente em artes visuais), formadores de professores, investigadores nas \u00e1reas de educa\u00e7\u00e3o art\u00edstica e tecnologia educacional. Gestores educacionais e estudantes de p\u00f3s-gradua\u00e7\u00e3o interessados na integra\u00e7\u00e3o curricular das TIC no ensino das artes encontrar\u00e3o tamb\u00e9m contributos valiosos neste livro.\" \/>\n<meta property=\"og:url\" content=\"https:\/\/eurytionpress.com\/en\/tics-na-formacao-de-professores-em-educacao-artistica-analise-das-primeiras-ferramentas-digitais-do-seculo-xxi\/\" \/>\n<meta property=\"og:site_name\" content=\"Eurytion Press\" \/>\n<meta property=\"og:image\" content=\"https:\/\/eurytionpress.com\/wp-content\/uploads\/2025\/07\/tics-na-formacao-cover.png\" \/>\n\t<meta property=\"og:image:width\" content=\"799\" \/>\n\t<meta property=\"og:image:height\" content=\"1170\" \/>\n\t<meta property=\"og:image:type\" content=\"image\/png\" \/>\n<meta name=\"twitter:card\" content=\"summary_large_image\" \/>\n<script type=\"application\/ld+json\" class=\"yoast-schema-graph\">{\"@context\":\"https:\/\/schema.org\",\"@graph\":[{\"@type\":\"WebPage\",\"@id\":\"https:\/\/eurytionpress.com\/en\/tics-na-formacao-de-professores-em-educacao-artistica-analise-das-primeiras-ferramentas-digitais-do-seculo-xxi\/\",\"url\":\"https:\/\/eurytionpress.com\/en\/tics-na-formacao-de-professores-em-educacao-artistica-analise-das-primeiras-ferramentas-digitais-do-seculo-xxi\/\",\"name\":\"TICs na forma\u00e7\u00e3o de professores em educa\u00e7\u00e3o art\u00edstica: an\u00e1lise das primeiras ferramentas digitais do s\u00e9culo XXI - Eurytion Press\",\"isPartOf\":{\"@id\":\"https:\/\/eurytionpress.com\/en\/#website\"},\"primaryImageOfPage\":{\"@id\":\"https:\/\/eurytionpress.com\/en\/tics-na-formacao-de-professores-em-educacao-artistica-analise-das-primeiras-ferramentas-digitais-do-seculo-xxi\/#primaryimage\"},\"image\":{\"@id\":\"https:\/\/eurytionpress.com\/en\/tics-na-formacao-de-professores-em-educacao-artistica-analise-das-primeiras-ferramentas-digitais-do-seculo-xxi\/#primaryimage\"},\"thumbnailUrl\":\"https:\/\/eurytionpress.com\/wp-content\/uploads\/2025\/07\/tics-na-formacao-cover.png\",\"datePublished\":\"2025-07-01T13:33:04+00:00\",\"breadcrumb\":{\"@id\":\"https:\/\/eurytionpress.com\/en\/tics-na-formacao-de-professores-em-educacao-artistica-analise-das-primeiras-ferramentas-digitais-do-seculo-xxi\/#breadcrumb\"},\"inLanguage\":\"en-US\",\"potentialAction\":[{\"@type\":\"ReadAction\",\"target\":[\"https:\/\/eurytionpress.com\/en\/tics-na-formacao-de-professores-em-educacao-artistica-analise-das-primeiras-ferramentas-digitais-do-seculo-xxi\/\"]}]},{\"@type\":\"ImageObject\",\"inLanguage\":\"en-US\",\"@id\":\"https:\/\/eurytionpress.com\/en\/tics-na-formacao-de-professores-em-educacao-artistica-analise-das-primeiras-ferramentas-digitais-do-seculo-xxi\/#primaryimage\",\"url\":\"https:\/\/eurytionpress.com\/wp-content\/uploads\/2025\/07\/tics-na-formacao-cover.png\",\"contentUrl\":\"https:\/\/eurytionpress.com\/wp-content\/uploads\/2025\/07\/tics-na-formacao-cover.png\",\"width\":799,\"height\":1170},{\"@type\":\"BreadcrumbList\",\"@id\":\"https:\/\/eurytionpress.com\/en\/tics-na-formacao-de-professores-em-educacao-artistica-analise-das-primeiras-ferramentas-digitais-do-seculo-xxi\/#breadcrumb\",\"itemListElement\":[{\"@type\":\"ListItem\",\"position\":1,\"name\":\"Portada\",\"item\":\"https:\/\/eurytionpress.com\/en\/\"},{\"@type\":\"ListItem\",\"position\":2,\"name\":\"Libros\",\"item\":\"https:\/\/eurytionpress.com\/libros-2\/\"},{\"@type\":\"ListItem\",\"position\":3,\"name\":\"TICs na forma\u00e7\u00e3o de professores em educa\u00e7\u00e3o art\u00edstica: an\u00e1lise das primeiras ferramentas digitais do s\u00e9culo XXI\"}]},{\"@type\":\"WebSite\",\"@id\":\"https:\/\/eurytionpress.com\/en\/#website\",\"url\":\"https:\/\/eurytionpress.com\/en\/\",\"name\":\"Eurytion Press\",\"description\":\"Editorial de libros cient\u00edficos y acad\u00e9micos\",\"publisher\":{\"@id\":\"https:\/\/eurytionpress.com\/en\/#organization\"},\"potentialAction\":[{\"@type\":\"SearchAction\",\"target\":{\"@type\":\"EntryPoint\",\"urlTemplate\":\"https:\/\/eurytionpress.com\/en\/?s={search_term_string}\"},\"query-input\":{\"@type\":\"PropertyValueSpecification\",\"valueRequired\":true,\"valueName\":\"search_term_string\"}}],\"inLanguage\":\"en-US\"},{\"@type\":\"Organization\",\"@id\":\"https:\/\/eurytionpress.com\/en\/#organization\",\"name\":\"Eurytion Press\",\"url\":\"https:\/\/eurytionpress.com\/en\/\",\"logo\":{\"@type\":\"ImageObject\",\"inLanguage\":\"en-US\",\"@id\":\"https:\/\/eurytionpress.com\/en\/#\/schema\/logo\/image\/\",\"url\":\"https:\/\/eurytionpress.com\/wp-content\/uploads\/2025\/07\/eurityon-press.png\",\"contentUrl\":\"https:\/\/eurytionpress.com\/wp-content\/uploads\/2025\/07\/eurityon-press.png\",\"width\":229,\"height\":46,\"caption\":\"Eurytion Press\"},\"image\":{\"@id\":\"https:\/\/eurytionpress.com\/en\/#\/schema\/logo\/image\/\"}}]}<\/script>\n<!-- \/ Yoast SEO plugin. -->","yoast_head_json":{"title":"TICs na forma\u00e7\u00e3o de professores em educa\u00e7\u00e3o art\u00edstica: an\u00e1lise das primeiras ferramentas digitais do s\u00e9culo XXI - Eurytion Press","robots":{"index":"index","follow":"follow","max-snippet":"max-snippet:-1","max-image-preview":"max-image-preview:large","max-video-preview":"max-video-preview:-1"},"canonical":"https:\/\/eurytionpress.com\/en\/tics-na-formacao-de-professores-em-educacao-artistica-analise-das-primeiras-ferramentas-digitais-do-seculo-xxi\/","og_locale":"en_US","og_type":"article","og_title":"TICs na forma\u00e7\u00e3o de professores em educa\u00e7\u00e3o art\u00edstica: an\u00e1lise das primeiras ferramentas digitais do s\u00e9culo XXI - Eurytion Press","og_description":"O grande desafio da atualidade \u00e9 a forma\u00e7\u00e3o adequada dos educadores art\u00edsticos em artes visuais. H\u00e1 aspectos importantes da forma\u00e7\u00e3o que devem ser analisados e estruturados, tendo em vista as novas conquistas tecnol\u00f3gicas contempor\u00e2neas. Mas, quais condi\u00e7\u00f5es s\u00e3o estas? Atualmente, diante das novas tecnologias de comunica\u00e7\u00e3o e informa\u00e7\u00e3o, deve-se repensar a forma\u00e7\u00e3o dos educadores art\u00edsticos, buscando integrar os novos recursos ao curr\u00edculo b\u00e1sico. Este livro est\u00e1 estruturado em tr\u00eas partes: Na primeira parte, observamos a vis\u00e3o de v\u00e1rios autores sobre o tema das TIC e da sociedade contempor\u00e2nea, onde s\u00e3o identificadas as principais ferramentas tecnol\u00f3gicas dispon\u00edveis. O objetivo \u00e9 ter uma vis\u00e3o das principais ferramentas tecnol\u00f3gicas digitais e sua integra\u00e7\u00e3o na atividade pedag\u00f3gica. A segunda parte s\u00e3o os dados coletados em estudos de caso. As possibilidades s\u00e3o experimentadas, tanto no ensino superior com graduados, quanto no ensino m\u00e9dio e fundamental com estudantes de escolas p\u00fablicas no Brasil. O resultado dos dados \u00e9 organizado para servir de apoio \u00e0 reflex\u00e3o final sobre o tema da forma\u00e7\u00e3o do educador de arte. Tamb\u00e9m \u00e9 analisado um curso experimental sobre TIC aplicado ao treinamento do educador de arte nas artes visuais, administrado com o apoio do SAP (Sistema de Apoio ao Professor). A terceira parte trata do uso e possibilidades das TIC no ensino das artes visuais, bem como exemplos do trabalho atual no uso das TIC. Um resumo exaustivo da aplica\u00e7\u00e3o das ferramentas tecnol\u00f3gicas \u00e9 dado, baseado na vis\u00e3o de um educador art\u00edstico e um registro visual abundante de todas essas ferramentas, considerando que elas trabalham com a cultura visual e digital. Esta obra destina-se principalmente a educadores art\u00edsticos (especialmente em artes visuais), formadores de professores, investigadores nas \u00e1reas de educa\u00e7\u00e3o art\u00edstica e tecnologia educacional. Gestores educacionais e estudantes de p\u00f3s-gradua\u00e7\u00e3o interessados na integra\u00e7\u00e3o curricular das TIC no ensino das artes encontrar\u00e3o tamb\u00e9m contributos valiosos neste livro.","og_url":"https:\/\/eurytionpress.com\/en\/tics-na-formacao-de-professores-em-educacao-artistica-analise-das-primeiras-ferramentas-digitais-do-seculo-xxi\/","og_site_name":"Eurytion Press","og_image":[{"width":799,"height":1170,"url":"https:\/\/eurytionpress.com\/wp-content\/uploads\/2025\/07\/tics-na-formacao-cover.png","type":"image\/png"}],"twitter_card":"summary_large_image","schema":{"@context":"https:\/\/schema.org","@graph":[{"@type":"WebPage","@id":"https:\/\/eurytionpress.com\/en\/tics-na-formacao-de-professores-em-educacao-artistica-analise-das-primeiras-ferramentas-digitais-do-seculo-xxi\/","url":"https:\/\/eurytionpress.com\/en\/tics-na-formacao-de-professores-em-educacao-artistica-analise-das-primeiras-ferramentas-digitais-do-seculo-xxi\/","name":"TICs na forma\u00e7\u00e3o de professores em educa\u00e7\u00e3o art\u00edstica: an\u00e1lise das primeiras ferramentas digitais do s\u00e9culo XXI - Eurytion Press","isPartOf":{"@id":"https:\/\/eurytionpress.com\/en\/#website"},"primaryImageOfPage":{"@id":"https:\/\/eurytionpress.com\/en\/tics-na-formacao-de-professores-em-educacao-artistica-analise-das-primeiras-ferramentas-digitais-do-seculo-xxi\/#primaryimage"},"image":{"@id":"https:\/\/eurytionpress.com\/en\/tics-na-formacao-de-professores-em-educacao-artistica-analise-das-primeiras-ferramentas-digitais-do-seculo-xxi\/#primaryimage"},"thumbnailUrl":"https:\/\/eurytionpress.com\/wp-content\/uploads\/2025\/07\/tics-na-formacao-cover.png","datePublished":"2025-07-01T13:33:04+00:00","breadcrumb":{"@id":"https:\/\/eurytionpress.com\/en\/tics-na-formacao-de-professores-em-educacao-artistica-analise-das-primeiras-ferramentas-digitais-do-seculo-xxi\/#breadcrumb"},"inLanguage":"en-US","potentialAction":[{"@type":"ReadAction","target":["https:\/\/eurytionpress.com\/en\/tics-na-formacao-de-professores-em-educacao-artistica-analise-das-primeiras-ferramentas-digitais-do-seculo-xxi\/"]}]},{"@type":"ImageObject","inLanguage":"en-US","@id":"https:\/\/eurytionpress.com\/en\/tics-na-formacao-de-professores-em-educacao-artistica-analise-das-primeiras-ferramentas-digitais-do-seculo-xxi\/#primaryimage","url":"https:\/\/eurytionpress.com\/wp-content\/uploads\/2025\/07\/tics-na-formacao-cover.png","contentUrl":"https:\/\/eurytionpress.com\/wp-content\/uploads\/2025\/07\/tics-na-formacao-cover.png","width":799,"height":1170},{"@type":"BreadcrumbList","@id":"https:\/\/eurytionpress.com\/en\/tics-na-formacao-de-professores-em-educacao-artistica-analise-das-primeiras-ferramentas-digitais-do-seculo-xxi\/#breadcrumb","itemListElement":[{"@type":"ListItem","position":1,"name":"Portada","item":"https:\/\/eurytionpress.com\/en\/"},{"@type":"ListItem","position":2,"name":"Libros","item":"https:\/\/eurytionpress.com\/libros-2\/"},{"@type":"ListItem","position":3,"name":"TICs na forma\u00e7\u00e3o de professores em educa\u00e7\u00e3o art\u00edstica: an\u00e1lise das primeiras ferramentas digitais do s\u00e9culo XXI"}]},{"@type":"WebSite","@id":"https:\/\/eurytionpress.com\/en\/#website","url":"https:\/\/eurytionpress.com\/en\/","name":"Eurytion Press","description":"Editorial de libros cient\u00edficos y acad\u00e9micos","publisher":{"@id":"https:\/\/eurytionpress.com\/en\/#organization"},"potentialAction":[{"@type":"SearchAction","target":{"@type":"EntryPoint","urlTemplate":"https:\/\/eurytionpress.com\/en\/?s={search_term_string}"},"query-input":{"@type":"PropertyValueSpecification","valueRequired":true,"valueName":"search_term_string"}}],"inLanguage":"en-US"},{"@type":"Organization","@id":"https:\/\/eurytionpress.com\/en\/#organization","name":"Eurytion Press","url":"https:\/\/eurytionpress.com\/en\/","logo":{"@type":"ImageObject","inLanguage":"en-US","@id":"https:\/\/eurytionpress.com\/en\/#\/schema\/logo\/image\/","url":"https:\/\/eurytionpress.com\/wp-content\/uploads\/2025\/07\/eurityon-press.png","contentUrl":"https:\/\/eurytionpress.com\/wp-content\/uploads\/2025\/07\/eurityon-press.png","width":229,"height":46,"caption":"Eurytion Press"},"image":{"@id":"https:\/\/eurytionpress.com\/en\/#\/schema\/logo\/image\/"}}]}},"_links":{"self":[{"href":"https:\/\/eurytionpress.com\/en\/wp-json\/wp\/v2\/product\/23628","targetHints":{"allow":["GET"]}}],"collection":[{"href":"https:\/\/eurytionpress.com\/en\/wp-json\/wp\/v2\/product"}],"about":[{"href":"https:\/\/eurytionpress.com\/en\/wp-json\/wp\/v2\/types\/product"}],"replies":[{"embeddable":true,"href":"https:\/\/eurytionpress.com\/en\/wp-json\/wp\/v2\/comments?post=23628"}],"wp:featuredmedia":[{"embeddable":true,"href":"https:\/\/eurytionpress.com\/en\/wp-json\/wp\/v2\/media\/22736"}],"wp:attachment":[{"href":"https:\/\/eurytionpress.com\/en\/wp-json\/wp\/v2\/media?parent=23628"}],"wp:term":[{"taxonomy":"product_brand","embeddable":true,"href":"https:\/\/eurytionpress.com\/en\/wp-json\/wp\/v2\/product_brand?post=23628"},{"taxonomy":"product_cat","embeddable":true,"href":"https:\/\/eurytionpress.com\/en\/wp-json\/wp\/v2\/product_cat?post=23628"},{"taxonomy":"product_tag","embeddable":true,"href":"https:\/\/eurytionpress.com\/en\/wp-json\/wp\/v2\/product_tag?post=23628"}],"curies":[{"name":"wp","href":"https:\/\/api.w.org\/{rel}","templated":true}]}}