{"id":23630,"date":"2025-07-01T15:31:42","date_gmt":"2025-07-01T13:31:42","guid":{"rendered":"https:\/\/wpempresa.com\/eurytion\/tecnologias-de-la-informacion-y-la-comunicacion-en-el-aula-cine-y-radio\/"},"modified":"2025-07-01T15:31:42","modified_gmt":"2025-07-01T13:31:42","slug":"tecnologias-de-la-informacion-y-la-comunicacion-en-el-aula-cine-y-radio","status":"publish","type":"product","link":"https:\/\/eurytionpress.com\/en\/tecnologias-de-la-informacion-y-la-comunicacion-en-el-aula-cine-y-radio\/","title":{"rendered":"Tecnolog\u00edas de la Informaci\u00f3n y la Comunicaci\u00f3n en el Aula: Cine y Radio"},"content":{"rendered":"<p>G\u00f3mez Gal\u00e1n, Jos\u00e9. Tecnologias de la Informaci\u00f3n y la Comunicaci\u00f3n en el Aula: Cine y Radio. Madrid: Seamer, 1999.<\/p>\n","protected":false},"excerpt":{"rendered":"<p>La importancia en el mundo actual de las tecnolog\u00edas de la informaci\u00f3n y la comunicaci\u00f3n (TIC) es incuestionable. La revoluci\u00f3n que hoy est\u00e1n desarrollando desembocar\u00e1, sin duda, en la creaci\u00f3n de una nueva sociedad. Sin embargo su protagonismo es sin\u00f3nimo de poder, y actualmente est\u00e1n al servicio de fuertes intereses medi\u00e1ticos que es necesario conocer y comprender. Es de vital importancia, por tanto, que se eduque en ellas, que se forme a nuestros ni\u00f1os y j\u00f3venes para que puedan adoptar actitudes cr\u00edticas ante la poderosa influencia de los medios de comunicaci\u00f3n, los principales clientes de estas tecnolog\u00edas. El autor de esta obra defiende que, para alcanzar estos objetivos, es imprescindible comenzar con las m\u00e1s tradicionales, aunque no por ello menos importantes e influyentes en la sociedad actual y \u2013en contra de lo que pueda parecer\u2013 ciertamente ignoradas en los diferentes contextos educativos, para, partiendo de estas bases, acceder posteriormente a otras m\u00e1s novedosas y complejas (como los sistemas inform\u00e1tico-multimedias o las redes de comunicaci\u00f3n como Internet). La radio es el mass media del sonido, quiz\u00e1s el medio informativo m\u00e1s extendido en todo el mundo; el cine es el espect\u00e1culo audiovisual, la tecnolog\u00eda de la comunicaci\u00f3n m\u00e1s atractiva e influyente. La presente obra, fruto de la investigaci\u00f3n y la experiencia, proporciona estrategias para conocerlos y analizarlos en los distintos niveles educativos, y crear s\u00f3lidas bases en los docentes y el alumnado para desarrollar el empleo y cr\u00edtica de las tecnolog\u00edas de la informaci\u00f3n y la comunicaci\u00f3n. Por otra parte, este libro puede resultar muy \u00fatil a todo aquel que se sienta atra\u00eddo por el mundo de la radio y el cine, y desee formarse como oyente y espectador o bien necesite comprender los mecanismos y t\u00e9cnicas con los que crear un programa de radio o, quiz\u00e1, una pel\u00edcula.<\/p>\n","protected":false},"featured_media":22728,"comment_status":"closed","ping_status":"closed","template":"","meta":[],"product_brand":[],"product_cat":[689,925],"product_tag":[],"class_list":{"0":"post-23630","1":"product","2":"type-product","3":"status-publish","4":"has-post-thumbnail","6":"product_cat-international-en","7":"product_cat-printed-book","9":"first","10":"instock","11":"product-type-external"},"yoast_head":"<!-- This site is optimized with the Yoast SEO plugin v25.3.1 - https:\/\/yoast.com\/wordpress\/plugins\/seo\/ -->\n<title>Tecnolog\u00edas de la Informaci\u00f3n y la Comunicaci\u00f3n en el Aula: Cine y Radio - Eurytion Press<\/title>\n<meta name=\"robots\" content=\"index, follow, max-snippet:-1, max-image-preview:large, max-video-preview:-1\" \/>\n<link rel=\"canonical\" href=\"https:\/\/eurytionpress.com\/en\/tecnologias-de-la-informacion-y-la-comunicacion-en-el-aula-cine-y-radio\/\" \/>\n<meta property=\"og:locale\" content=\"en_US\" \/>\n<meta property=\"og:type\" content=\"article\" \/>\n<meta property=\"og:title\" content=\"Tecnolog\u00edas de la Informaci\u00f3n y la Comunicaci\u00f3n en el Aula: Cine y Radio - Eurytion Press\" \/>\n<meta property=\"og:description\" content=\"La importancia en el mundo actual de las tecnolog\u00edas de la informaci\u00f3n y la comunicaci\u00f3n (TIC) es incuestionable. La revoluci\u00f3n que hoy est\u00e1n desarrollando desembocar\u00e1, sin duda, en la creaci\u00f3n de una nueva sociedad. Sin embargo su protagonismo es sin\u00f3nimo de poder, y actualmente est\u00e1n al servicio de fuertes intereses medi\u00e1ticos que es necesario conocer y comprender. Es de vital importancia, por tanto, que se eduque en ellas, que se forme a nuestros ni\u00f1os y j\u00f3venes para que puedan adoptar actitudes cr\u00edticas ante la poderosa influencia de los medios de comunicaci\u00f3n, los principales clientes de estas tecnolog\u00edas. El autor de esta obra defiende que, para alcanzar estos objetivos, es imprescindible comenzar con las m\u00e1s tradicionales, aunque no por ello menos importantes e influyentes en la sociedad actual y \u2013en contra de lo que pueda parecer\u2013 ciertamente ignoradas en los diferentes contextos educativos, para, partiendo de estas bases, acceder posteriormente a otras m\u00e1s novedosas y complejas (como los sistemas inform\u00e1tico-multimedias o las redes de comunicaci\u00f3n como Internet). La radio es el mass media del sonido, quiz\u00e1s el medio informativo m\u00e1s extendido en todo el mundo; el cine es el espect\u00e1culo audiovisual, la tecnolog\u00eda de la comunicaci\u00f3n m\u00e1s atractiva e influyente. La presente obra, fruto de la investigaci\u00f3n y la experiencia, proporciona estrategias para conocerlos y analizarlos en los distintos niveles educativos, y crear s\u00f3lidas bases en los docentes y el alumnado para desarrollar el empleo y cr\u00edtica de las tecnolog\u00edas de la informaci\u00f3n y la comunicaci\u00f3n. Por otra parte, este libro puede resultar muy \u00fatil a todo aquel que se sienta atra\u00eddo por el mundo de la radio y el cine, y desee formarse como oyente y espectador o bien necesite comprender los mecanismos y t\u00e9cnicas con los que crear un programa de radio o, quiz\u00e1, una pel\u00edcula.\" \/>\n<meta property=\"og:url\" content=\"https:\/\/eurytionpress.com\/en\/tecnologias-de-la-informacion-y-la-comunicacion-en-el-aula-cine-y-radio\/\" \/>\n<meta property=\"og:site_name\" content=\"Eurytion Press\" \/>\n<meta property=\"og:image\" content=\"https:\/\/eurytionpress.com\/wp-content\/uploads\/2025\/07\/tic-en-el-aula-cine-y-radio.png\" \/>\n\t<meta property=\"og:image:width\" content=\"766\" \/>\n\t<meta property=\"og:image:height\" content=\"1170\" \/>\n\t<meta property=\"og:image:type\" content=\"image\/png\" \/>\n<meta name=\"twitter:card\" content=\"summary_large_image\" \/>\n<script type=\"application\/ld+json\" class=\"yoast-schema-graph\">{\"@context\":\"https:\/\/schema.org\",\"@graph\":[{\"@type\":\"WebPage\",\"@id\":\"https:\/\/eurytionpress.com\/en\/tecnologias-de-la-informacion-y-la-comunicacion-en-el-aula-cine-y-radio\/\",\"url\":\"https:\/\/eurytionpress.com\/en\/tecnologias-de-la-informacion-y-la-comunicacion-en-el-aula-cine-y-radio\/\",\"name\":\"Tecnolog\u00edas de la Informaci\u00f3n y la Comunicaci\u00f3n en el Aula: Cine y Radio - Eurytion Press\",\"isPartOf\":{\"@id\":\"https:\/\/eurytionpress.com\/en\/#website\"},\"primaryImageOfPage\":{\"@id\":\"https:\/\/eurytionpress.com\/en\/tecnologias-de-la-informacion-y-la-comunicacion-en-el-aula-cine-y-radio\/#primaryimage\"},\"image\":{\"@id\":\"https:\/\/eurytionpress.com\/en\/tecnologias-de-la-informacion-y-la-comunicacion-en-el-aula-cine-y-radio\/#primaryimage\"},\"thumbnailUrl\":\"https:\/\/eurytionpress.com\/wp-content\/uploads\/2025\/07\/tic-en-el-aula-cine-y-radio.png\",\"datePublished\":\"2025-07-01T13:31:42+00:00\",\"breadcrumb\":{\"@id\":\"https:\/\/eurytionpress.com\/en\/tecnologias-de-la-informacion-y-la-comunicacion-en-el-aula-cine-y-radio\/#breadcrumb\"},\"inLanguage\":\"en-US\",\"potentialAction\":[{\"@type\":\"ReadAction\",\"target\":[\"https:\/\/eurytionpress.com\/en\/tecnologias-de-la-informacion-y-la-comunicacion-en-el-aula-cine-y-radio\/\"]}]},{\"@type\":\"ImageObject\",\"inLanguage\":\"en-US\",\"@id\":\"https:\/\/eurytionpress.com\/en\/tecnologias-de-la-informacion-y-la-comunicacion-en-el-aula-cine-y-radio\/#primaryimage\",\"url\":\"https:\/\/eurytionpress.com\/wp-content\/uploads\/2025\/07\/tic-en-el-aula-cine-y-radio.png\",\"contentUrl\":\"https:\/\/eurytionpress.com\/wp-content\/uploads\/2025\/07\/tic-en-el-aula-cine-y-radio.png\",\"width\":766,\"height\":1170},{\"@type\":\"BreadcrumbList\",\"@id\":\"https:\/\/eurytionpress.com\/en\/tecnologias-de-la-informacion-y-la-comunicacion-en-el-aula-cine-y-radio\/#breadcrumb\",\"itemListElement\":[{\"@type\":\"ListItem\",\"position\":1,\"name\":\"Portada\",\"item\":\"https:\/\/eurytionpress.com\/en\/\"},{\"@type\":\"ListItem\",\"position\":2,\"name\":\"Libros\",\"item\":\"https:\/\/eurytionpress.com\/libros-2\/\"},{\"@type\":\"ListItem\",\"position\":3,\"name\":\"Tecnolog\u00edas de la Informaci\u00f3n y la Comunicaci\u00f3n en el Aula: Cine y Radio\"}]},{\"@type\":\"WebSite\",\"@id\":\"https:\/\/eurytionpress.com\/en\/#website\",\"url\":\"https:\/\/eurytionpress.com\/en\/\",\"name\":\"Eurytion Press\",\"description\":\"Editorial de libros cient\u00edficos y acad\u00e9micos\",\"publisher\":{\"@id\":\"https:\/\/eurytionpress.com\/en\/#organization\"},\"potentialAction\":[{\"@type\":\"SearchAction\",\"target\":{\"@type\":\"EntryPoint\",\"urlTemplate\":\"https:\/\/eurytionpress.com\/en\/?s={search_term_string}\"},\"query-input\":{\"@type\":\"PropertyValueSpecification\",\"valueRequired\":true,\"valueName\":\"search_term_string\"}}],\"inLanguage\":\"en-US\"},{\"@type\":\"Organization\",\"@id\":\"https:\/\/eurytionpress.com\/en\/#organization\",\"name\":\"Eurytion Press\",\"url\":\"https:\/\/eurytionpress.com\/en\/\",\"logo\":{\"@type\":\"ImageObject\",\"inLanguage\":\"en-US\",\"@id\":\"https:\/\/eurytionpress.com\/en\/#\/schema\/logo\/image\/\",\"url\":\"https:\/\/eurytionpress.com\/wp-content\/uploads\/2025\/07\/eurityon-press.png\",\"contentUrl\":\"https:\/\/eurytionpress.com\/wp-content\/uploads\/2025\/07\/eurityon-press.png\",\"width\":229,\"height\":46,\"caption\":\"Eurytion Press\"},\"image\":{\"@id\":\"https:\/\/eurytionpress.com\/en\/#\/schema\/logo\/image\/\"}}]}<\/script>\n<!-- \/ Yoast SEO plugin. -->","yoast_head_json":{"title":"Tecnolog\u00edas de la Informaci\u00f3n y la Comunicaci\u00f3n en el Aula: Cine y Radio - Eurytion Press","robots":{"index":"index","follow":"follow","max-snippet":"max-snippet:-1","max-image-preview":"max-image-preview:large","max-video-preview":"max-video-preview:-1"},"canonical":"https:\/\/eurytionpress.com\/en\/tecnologias-de-la-informacion-y-la-comunicacion-en-el-aula-cine-y-radio\/","og_locale":"en_US","og_type":"article","og_title":"Tecnolog\u00edas de la Informaci\u00f3n y la Comunicaci\u00f3n en el Aula: Cine y Radio - Eurytion Press","og_description":"La importancia en el mundo actual de las tecnolog\u00edas de la informaci\u00f3n y la comunicaci\u00f3n (TIC) es incuestionable. La revoluci\u00f3n que hoy est\u00e1n desarrollando desembocar\u00e1, sin duda, en la creaci\u00f3n de una nueva sociedad. Sin embargo su protagonismo es sin\u00f3nimo de poder, y actualmente est\u00e1n al servicio de fuertes intereses medi\u00e1ticos que es necesario conocer y comprender. Es de vital importancia, por tanto, que se eduque en ellas, que se forme a nuestros ni\u00f1os y j\u00f3venes para que puedan adoptar actitudes cr\u00edticas ante la poderosa influencia de los medios de comunicaci\u00f3n, los principales clientes de estas tecnolog\u00edas. El autor de esta obra defiende que, para alcanzar estos objetivos, es imprescindible comenzar con las m\u00e1s tradicionales, aunque no por ello menos importantes e influyentes en la sociedad actual y \u2013en contra de lo que pueda parecer\u2013 ciertamente ignoradas en los diferentes contextos educativos, para, partiendo de estas bases, acceder posteriormente a otras m\u00e1s novedosas y complejas (como los sistemas inform\u00e1tico-multimedias o las redes de comunicaci\u00f3n como Internet). La radio es el mass media del sonido, quiz\u00e1s el medio informativo m\u00e1s extendido en todo el mundo; el cine es el espect\u00e1culo audiovisual, la tecnolog\u00eda de la comunicaci\u00f3n m\u00e1s atractiva e influyente. La presente obra, fruto de la investigaci\u00f3n y la experiencia, proporciona estrategias para conocerlos y analizarlos en los distintos niveles educativos, y crear s\u00f3lidas bases en los docentes y el alumnado para desarrollar el empleo y cr\u00edtica de las tecnolog\u00edas de la informaci\u00f3n y la comunicaci\u00f3n. Por otra parte, este libro puede resultar muy \u00fatil a todo aquel que se sienta atra\u00eddo por el mundo de la radio y el cine, y desee formarse como oyente y espectador o bien necesite comprender los mecanismos y t\u00e9cnicas con los que crear un programa de radio o, quiz\u00e1, una pel\u00edcula.","og_url":"https:\/\/eurytionpress.com\/en\/tecnologias-de-la-informacion-y-la-comunicacion-en-el-aula-cine-y-radio\/","og_site_name":"Eurytion Press","og_image":[{"width":766,"height":1170,"url":"https:\/\/eurytionpress.com\/wp-content\/uploads\/2025\/07\/tic-en-el-aula-cine-y-radio.png","type":"image\/png"}],"twitter_card":"summary_large_image","schema":{"@context":"https:\/\/schema.org","@graph":[{"@type":"WebPage","@id":"https:\/\/eurytionpress.com\/en\/tecnologias-de-la-informacion-y-la-comunicacion-en-el-aula-cine-y-radio\/","url":"https:\/\/eurytionpress.com\/en\/tecnologias-de-la-informacion-y-la-comunicacion-en-el-aula-cine-y-radio\/","name":"Tecnolog\u00edas de la Informaci\u00f3n y la Comunicaci\u00f3n en el Aula: Cine y Radio - Eurytion Press","isPartOf":{"@id":"https:\/\/eurytionpress.com\/en\/#website"},"primaryImageOfPage":{"@id":"https:\/\/eurytionpress.com\/en\/tecnologias-de-la-informacion-y-la-comunicacion-en-el-aula-cine-y-radio\/#primaryimage"},"image":{"@id":"https:\/\/eurytionpress.com\/en\/tecnologias-de-la-informacion-y-la-comunicacion-en-el-aula-cine-y-radio\/#primaryimage"},"thumbnailUrl":"https:\/\/eurytionpress.com\/wp-content\/uploads\/2025\/07\/tic-en-el-aula-cine-y-radio.png","datePublished":"2025-07-01T13:31:42+00:00","breadcrumb":{"@id":"https:\/\/eurytionpress.com\/en\/tecnologias-de-la-informacion-y-la-comunicacion-en-el-aula-cine-y-radio\/#breadcrumb"},"inLanguage":"en-US","potentialAction":[{"@type":"ReadAction","target":["https:\/\/eurytionpress.com\/en\/tecnologias-de-la-informacion-y-la-comunicacion-en-el-aula-cine-y-radio\/"]}]},{"@type":"ImageObject","inLanguage":"en-US","@id":"https:\/\/eurytionpress.com\/en\/tecnologias-de-la-informacion-y-la-comunicacion-en-el-aula-cine-y-radio\/#primaryimage","url":"https:\/\/eurytionpress.com\/wp-content\/uploads\/2025\/07\/tic-en-el-aula-cine-y-radio.png","contentUrl":"https:\/\/eurytionpress.com\/wp-content\/uploads\/2025\/07\/tic-en-el-aula-cine-y-radio.png","width":766,"height":1170},{"@type":"BreadcrumbList","@id":"https:\/\/eurytionpress.com\/en\/tecnologias-de-la-informacion-y-la-comunicacion-en-el-aula-cine-y-radio\/#breadcrumb","itemListElement":[{"@type":"ListItem","position":1,"name":"Portada","item":"https:\/\/eurytionpress.com\/en\/"},{"@type":"ListItem","position":2,"name":"Libros","item":"https:\/\/eurytionpress.com\/libros-2\/"},{"@type":"ListItem","position":3,"name":"Tecnolog\u00edas de la Informaci\u00f3n y la Comunicaci\u00f3n en el Aula: Cine y Radio"}]},{"@type":"WebSite","@id":"https:\/\/eurytionpress.com\/en\/#website","url":"https:\/\/eurytionpress.com\/en\/","name":"Eurytion Press","description":"Editorial de libros cient\u00edficos y acad\u00e9micos","publisher":{"@id":"https:\/\/eurytionpress.com\/en\/#organization"},"potentialAction":[{"@type":"SearchAction","target":{"@type":"EntryPoint","urlTemplate":"https:\/\/eurytionpress.com\/en\/?s={search_term_string}"},"query-input":{"@type":"PropertyValueSpecification","valueRequired":true,"valueName":"search_term_string"}}],"inLanguage":"en-US"},{"@type":"Organization","@id":"https:\/\/eurytionpress.com\/en\/#organization","name":"Eurytion Press","url":"https:\/\/eurytionpress.com\/en\/","logo":{"@type":"ImageObject","inLanguage":"en-US","@id":"https:\/\/eurytionpress.com\/en\/#\/schema\/logo\/image\/","url":"https:\/\/eurytionpress.com\/wp-content\/uploads\/2025\/07\/eurityon-press.png","contentUrl":"https:\/\/eurytionpress.com\/wp-content\/uploads\/2025\/07\/eurityon-press.png","width":229,"height":46,"caption":"Eurytion Press"},"image":{"@id":"https:\/\/eurytionpress.com\/en\/#\/schema\/logo\/image\/"}}]}},"_links":{"self":[{"href":"https:\/\/eurytionpress.com\/en\/wp-json\/wp\/v2\/product\/23630","targetHints":{"allow":["GET"]}}],"collection":[{"href":"https:\/\/eurytionpress.com\/en\/wp-json\/wp\/v2\/product"}],"about":[{"href":"https:\/\/eurytionpress.com\/en\/wp-json\/wp\/v2\/types\/product"}],"replies":[{"embeddable":true,"href":"https:\/\/eurytionpress.com\/en\/wp-json\/wp\/v2\/comments?post=23630"}],"wp:featuredmedia":[{"embeddable":true,"href":"https:\/\/eurytionpress.com\/en\/wp-json\/wp\/v2\/media\/22728"}],"wp:attachment":[{"href":"https:\/\/eurytionpress.com\/en\/wp-json\/wp\/v2\/media?parent=23630"}],"wp:term":[{"taxonomy":"product_brand","embeddable":true,"href":"https:\/\/eurytionpress.com\/en\/wp-json\/wp\/v2\/product_brand?post=23630"},{"taxonomy":"product_cat","embeddable":true,"href":"https:\/\/eurytionpress.com\/en\/wp-json\/wp\/v2\/product_cat?post=23630"},{"taxonomy":"product_tag","embeddable":true,"href":"https:\/\/eurytionpress.com\/en\/wp-json\/wp\/v2\/product_tag?post=23630"}],"curies":[{"name":"wp","href":"https:\/\/api.w.org\/{rel}","templated":true}]}}