{"id":23631,"date":"2025-07-01T15:31:07","date_gmt":"2025-07-01T13:31:07","guid":{"rendered":"https:\/\/wpempresa.com\/eurytion\/tecnologias-de-la-informacion-y-la-comunicacion-en-el-aula-television-e-internet\/"},"modified":"2025-07-01T15:31:07","modified_gmt":"2025-07-01T13:31:07","slug":"tecnologias-de-la-informacion-y-la-comunicacion-en-el-aula-television-e-internet","status":"publish","type":"product","link":"https:\/\/eurytionpress.com\/en\/tecnologias-de-la-informacion-y-la-comunicacion-en-el-aula-television-e-internet\/","title":{"rendered":"Tecnolog\u00edas de la Informaci\u00f3n y la Comunicaci\u00f3n en el Aula: Televisi\u00f3n e Internet"},"content":{"rendered":"<p>G\u00f3mez Gal\u00e1n, Jos\u00e9. Tecnologias de la Informaci\u00f3n y la Comunicaci\u00f3n en el Aula: Televisi\u00f3n e Internet. 2\u00aa ed., San Juan: Universidad Metropolitana, 2016. (Ed. original, Madrid: Seamer, 2001).<\/p>\n","protected":false},"excerpt":{"rendered":"<p>En este libro se ofrecen pautas de integraci\u00f3n de la televisi\u00f3n e Internet, como los m\u00e1s poderosos medios de comunicaci\u00f3n del presente y del futuro, en el aula. Se establece una profunda revisi\u00f3n te\u00f3rica de los principales estudios desarrollados al respecto, obteniendo las estrategias did\u00e1cticas que han sido empleadas con m\u00e1s \u00e9xito en este contexto, y asimismo se describen diferentes experiencias pr\u00e1cticas para varios niveles educativos. Al contrario de lo que muchos investigadores presentan en la actualidad, diferenciando entre medios de comunicaci\u00f3n tradicionales, por un lado, y las llamadas nuevas tecnolog\u00edas (inform\u00e1tica y telem\u00e1tica), por otro, el autor de este trabajo entiende que en la actualidad, debido al paradigma digital, hay que partir del hecho de que nos encontramos ante un \u00fanico medio global con, a\u00fan, diferentes lenguajes y formas, pero que paulatinamente ir\u00e1n fusion\u00e1ndose en en el futuro hasta estar presentes, todas ellas, en diversos dispositivos al servicio de los usuarios. Debido al poder de los medios hoy el enfoque en la educaci\u00f3n deber ser cr\u00edtico y anal\u00edtico por encima de instrumental, y lo ideal es que ambos usos se complementen. En la obra se presentan las caracter\u00edsticas de impacto e influencia de la televisi\u00f3n e Internet en el conjunto de los ciudadanos y, sobre todo, en el \u00e1mbito de la infancia y la juventud. Este trabajo constituye la segunda parte de un primer volumen dedicado a la radio y el cine, ofreci\u00e9ndose as\u00ed al profesional de la ense\u00f1anza un instrumento general de empleo de las tecnolog\u00edas de la informaci\u00f3n y la comunicaci\u00f3n (pues todas ellas lo son, TIC y medios ya deben ser entendidos como sin\u00f3nimos) en el aula, tanto para su empleo como recursos did\u00e1cticos como para el an\u00e1lisis cr\u00edtico de su influencia y poder para la creaci\u00f3n de h\u00e1bitos sociales al servicio de variados intereses comerciales, econ\u00f3micos, pol\u00edticos e ideol\u00f3gicos.<\/p>\n","protected":false},"featured_media":22724,"comment_status":"closed","ping_status":"closed","template":"","meta":[],"product_brand":[],"product_cat":[689,925],"product_tag":[],"class_list":{"0":"post-23631","1":"product","2":"type-product","3":"status-publish","4":"has-post-thumbnail","6":"product_cat-international-en","7":"product_cat-printed-book","9":"first","10":"instock","11":"product-type-external"},"yoast_head":"<!-- This site is optimized with the Yoast SEO plugin v25.3.1 - https:\/\/yoast.com\/wordpress\/plugins\/seo\/ -->\n<title>Tecnolog\u00edas de la Informaci\u00f3n y la Comunicaci\u00f3n en el Aula: Televisi\u00f3n e Internet - Eurytion Press<\/title>\n<meta name=\"robots\" content=\"index, follow, max-snippet:-1, max-image-preview:large, max-video-preview:-1\" \/>\n<link rel=\"canonical\" href=\"https:\/\/eurytionpress.com\/en\/tecnologias-de-la-informacion-y-la-comunicacion-en-el-aula-television-e-internet\/\" \/>\n<meta property=\"og:locale\" content=\"en_US\" \/>\n<meta property=\"og:type\" content=\"article\" \/>\n<meta property=\"og:title\" content=\"Tecnolog\u00edas de la Informaci\u00f3n y la Comunicaci\u00f3n en el Aula: Televisi\u00f3n e Internet - Eurytion Press\" \/>\n<meta property=\"og:description\" content=\"En este libro se ofrecen pautas de integraci\u00f3n de la televisi\u00f3n e Internet, como los m\u00e1s poderosos medios de comunicaci\u00f3n del presente y del futuro, en el aula. Se establece una profunda revisi\u00f3n te\u00f3rica de los principales estudios desarrollados al respecto, obteniendo las estrategias did\u00e1cticas que han sido empleadas con m\u00e1s \u00e9xito en este contexto, y asimismo se describen diferentes experiencias pr\u00e1cticas para varios niveles educativos. Al contrario de lo que muchos investigadores presentan en la actualidad, diferenciando entre medios de comunicaci\u00f3n tradicionales, por un lado, y las llamadas nuevas tecnolog\u00edas (inform\u00e1tica y telem\u00e1tica), por otro, el autor de este trabajo entiende que en la actualidad, debido al paradigma digital, hay que partir del hecho de que nos encontramos ante un \u00fanico medio global con, a\u00fan, diferentes lenguajes y formas, pero que paulatinamente ir\u00e1n fusion\u00e1ndose en en el futuro hasta estar presentes, todas ellas, en diversos dispositivos al servicio de los usuarios. Debido al poder de los medios hoy el enfoque en la educaci\u00f3n deber ser cr\u00edtico y anal\u00edtico por encima de instrumental, y lo ideal es que ambos usos se complementen. En la obra se presentan las caracter\u00edsticas de impacto e influencia de la televisi\u00f3n e Internet en el conjunto de los ciudadanos y, sobre todo, en el \u00e1mbito de la infancia y la juventud. Este trabajo constituye la segunda parte de un primer volumen dedicado a la radio y el cine, ofreci\u00e9ndose as\u00ed al profesional de la ense\u00f1anza un instrumento general de empleo de las tecnolog\u00edas de la informaci\u00f3n y la comunicaci\u00f3n (pues todas ellas lo son, TIC y medios ya deben ser entendidos como sin\u00f3nimos) en el aula, tanto para su empleo como recursos did\u00e1cticos como para el an\u00e1lisis cr\u00edtico de su influencia y poder para la creaci\u00f3n de h\u00e1bitos sociales al servicio de variados intereses comerciales, econ\u00f3micos, pol\u00edticos e ideol\u00f3gicos.\" \/>\n<meta property=\"og:url\" content=\"https:\/\/eurytionpress.com\/en\/tecnologias-de-la-informacion-y-la-comunicacion-en-el-aula-television-e-internet\/\" \/>\n<meta property=\"og:site_name\" content=\"Eurytion Press\" \/>\n<meta property=\"og:image\" content=\"https:\/\/eurytionpress.com\/wp-content\/uploads\/2025\/07\/tic-en-el-aula-tv-e-internet.png\" \/>\n\t<meta property=\"og:image:width\" content=\"766\" \/>\n\t<meta property=\"og:image:height\" content=\"1170\" \/>\n\t<meta property=\"og:image:type\" content=\"image\/png\" \/>\n<meta name=\"twitter:card\" content=\"summary_large_image\" \/>\n<script type=\"application\/ld+json\" class=\"yoast-schema-graph\">{\"@context\":\"https:\/\/schema.org\",\"@graph\":[{\"@type\":\"WebPage\",\"@id\":\"https:\/\/eurytionpress.com\/en\/tecnologias-de-la-informacion-y-la-comunicacion-en-el-aula-television-e-internet\/\",\"url\":\"https:\/\/eurytionpress.com\/en\/tecnologias-de-la-informacion-y-la-comunicacion-en-el-aula-television-e-internet\/\",\"name\":\"Tecnolog\u00edas de la Informaci\u00f3n y la Comunicaci\u00f3n en el Aula: Televisi\u00f3n e Internet - Eurytion Press\",\"isPartOf\":{\"@id\":\"https:\/\/eurytionpress.com\/en\/#website\"},\"primaryImageOfPage\":{\"@id\":\"https:\/\/eurytionpress.com\/en\/tecnologias-de-la-informacion-y-la-comunicacion-en-el-aula-television-e-internet\/#primaryimage\"},\"image\":{\"@id\":\"https:\/\/eurytionpress.com\/en\/tecnologias-de-la-informacion-y-la-comunicacion-en-el-aula-television-e-internet\/#primaryimage\"},\"thumbnailUrl\":\"https:\/\/eurytionpress.com\/wp-content\/uploads\/2025\/07\/tic-en-el-aula-tv-e-internet.png\",\"datePublished\":\"2025-07-01T13:31:07+00:00\",\"breadcrumb\":{\"@id\":\"https:\/\/eurytionpress.com\/en\/tecnologias-de-la-informacion-y-la-comunicacion-en-el-aula-television-e-internet\/#breadcrumb\"},\"inLanguage\":\"en-US\",\"potentialAction\":[{\"@type\":\"ReadAction\",\"target\":[\"https:\/\/eurytionpress.com\/en\/tecnologias-de-la-informacion-y-la-comunicacion-en-el-aula-television-e-internet\/\"]}]},{\"@type\":\"ImageObject\",\"inLanguage\":\"en-US\",\"@id\":\"https:\/\/eurytionpress.com\/en\/tecnologias-de-la-informacion-y-la-comunicacion-en-el-aula-television-e-internet\/#primaryimage\",\"url\":\"https:\/\/eurytionpress.com\/wp-content\/uploads\/2025\/07\/tic-en-el-aula-tv-e-internet.png\",\"contentUrl\":\"https:\/\/eurytionpress.com\/wp-content\/uploads\/2025\/07\/tic-en-el-aula-tv-e-internet.png\",\"width\":766,\"height\":1170},{\"@type\":\"BreadcrumbList\",\"@id\":\"https:\/\/eurytionpress.com\/en\/tecnologias-de-la-informacion-y-la-comunicacion-en-el-aula-television-e-internet\/#breadcrumb\",\"itemListElement\":[{\"@type\":\"ListItem\",\"position\":1,\"name\":\"Portada\",\"item\":\"https:\/\/eurytionpress.com\/en\/\"},{\"@type\":\"ListItem\",\"position\":2,\"name\":\"Libros\",\"item\":\"https:\/\/eurytionpress.com\/libros-2\/\"},{\"@type\":\"ListItem\",\"position\":3,\"name\":\"Tecnolog\u00edas de la Informaci\u00f3n y la Comunicaci\u00f3n en el Aula: Televisi\u00f3n e Internet\"}]},{\"@type\":\"WebSite\",\"@id\":\"https:\/\/eurytionpress.com\/en\/#website\",\"url\":\"https:\/\/eurytionpress.com\/en\/\",\"name\":\"Eurytion Press\",\"description\":\"Editorial de libros cient\u00edficos y acad\u00e9micos\",\"publisher\":{\"@id\":\"https:\/\/eurytionpress.com\/en\/#organization\"},\"potentialAction\":[{\"@type\":\"SearchAction\",\"target\":{\"@type\":\"EntryPoint\",\"urlTemplate\":\"https:\/\/eurytionpress.com\/en\/?s={search_term_string}\"},\"query-input\":{\"@type\":\"PropertyValueSpecification\",\"valueRequired\":true,\"valueName\":\"search_term_string\"}}],\"inLanguage\":\"en-US\"},{\"@type\":\"Organization\",\"@id\":\"https:\/\/eurytionpress.com\/en\/#organization\",\"name\":\"Eurytion Press\",\"url\":\"https:\/\/eurytionpress.com\/en\/\",\"logo\":{\"@type\":\"ImageObject\",\"inLanguage\":\"en-US\",\"@id\":\"https:\/\/eurytionpress.com\/en\/#\/schema\/logo\/image\/\",\"url\":\"https:\/\/eurytionpress.com\/wp-content\/uploads\/2025\/07\/eurityon-press.png\",\"contentUrl\":\"https:\/\/eurytionpress.com\/wp-content\/uploads\/2025\/07\/eurityon-press.png\",\"width\":229,\"height\":46,\"caption\":\"Eurytion Press\"},\"image\":{\"@id\":\"https:\/\/eurytionpress.com\/en\/#\/schema\/logo\/image\/\"}}]}<\/script>\n<!-- \/ Yoast SEO plugin. -->","yoast_head_json":{"title":"Tecnolog\u00edas de la Informaci\u00f3n y la Comunicaci\u00f3n en el Aula: Televisi\u00f3n e Internet - Eurytion Press","robots":{"index":"index","follow":"follow","max-snippet":"max-snippet:-1","max-image-preview":"max-image-preview:large","max-video-preview":"max-video-preview:-1"},"canonical":"https:\/\/eurytionpress.com\/en\/tecnologias-de-la-informacion-y-la-comunicacion-en-el-aula-television-e-internet\/","og_locale":"en_US","og_type":"article","og_title":"Tecnolog\u00edas de la Informaci\u00f3n y la Comunicaci\u00f3n en el Aula: Televisi\u00f3n e Internet - Eurytion Press","og_description":"En este libro se ofrecen pautas de integraci\u00f3n de la televisi\u00f3n e Internet, como los m\u00e1s poderosos medios de comunicaci\u00f3n del presente y del futuro, en el aula. Se establece una profunda revisi\u00f3n te\u00f3rica de los principales estudios desarrollados al respecto, obteniendo las estrategias did\u00e1cticas que han sido empleadas con m\u00e1s \u00e9xito en este contexto, y asimismo se describen diferentes experiencias pr\u00e1cticas para varios niveles educativos. Al contrario de lo que muchos investigadores presentan en la actualidad, diferenciando entre medios de comunicaci\u00f3n tradicionales, por un lado, y las llamadas nuevas tecnolog\u00edas (inform\u00e1tica y telem\u00e1tica), por otro, el autor de este trabajo entiende que en la actualidad, debido al paradigma digital, hay que partir del hecho de que nos encontramos ante un \u00fanico medio global con, a\u00fan, diferentes lenguajes y formas, pero que paulatinamente ir\u00e1n fusion\u00e1ndose en en el futuro hasta estar presentes, todas ellas, en diversos dispositivos al servicio de los usuarios. Debido al poder de los medios hoy el enfoque en la educaci\u00f3n deber ser cr\u00edtico y anal\u00edtico por encima de instrumental, y lo ideal es que ambos usos se complementen. En la obra se presentan las caracter\u00edsticas de impacto e influencia de la televisi\u00f3n e Internet en el conjunto de los ciudadanos y, sobre todo, en el \u00e1mbito de la infancia y la juventud. Este trabajo constituye la segunda parte de un primer volumen dedicado a la radio y el cine, ofreci\u00e9ndose as\u00ed al profesional de la ense\u00f1anza un instrumento general de empleo de las tecnolog\u00edas de la informaci\u00f3n y la comunicaci\u00f3n (pues todas ellas lo son, TIC y medios ya deben ser entendidos como sin\u00f3nimos) en el aula, tanto para su empleo como recursos did\u00e1cticos como para el an\u00e1lisis cr\u00edtico de su influencia y poder para la creaci\u00f3n de h\u00e1bitos sociales al servicio de variados intereses comerciales, econ\u00f3micos, pol\u00edticos e ideol\u00f3gicos.","og_url":"https:\/\/eurytionpress.com\/en\/tecnologias-de-la-informacion-y-la-comunicacion-en-el-aula-television-e-internet\/","og_site_name":"Eurytion Press","og_image":[{"width":766,"height":1170,"url":"https:\/\/eurytionpress.com\/wp-content\/uploads\/2025\/07\/tic-en-el-aula-tv-e-internet.png","type":"image\/png"}],"twitter_card":"summary_large_image","schema":{"@context":"https:\/\/schema.org","@graph":[{"@type":"WebPage","@id":"https:\/\/eurytionpress.com\/en\/tecnologias-de-la-informacion-y-la-comunicacion-en-el-aula-television-e-internet\/","url":"https:\/\/eurytionpress.com\/en\/tecnologias-de-la-informacion-y-la-comunicacion-en-el-aula-television-e-internet\/","name":"Tecnolog\u00edas de la Informaci\u00f3n y la Comunicaci\u00f3n en el Aula: Televisi\u00f3n e Internet - Eurytion Press","isPartOf":{"@id":"https:\/\/eurytionpress.com\/en\/#website"},"primaryImageOfPage":{"@id":"https:\/\/eurytionpress.com\/en\/tecnologias-de-la-informacion-y-la-comunicacion-en-el-aula-television-e-internet\/#primaryimage"},"image":{"@id":"https:\/\/eurytionpress.com\/en\/tecnologias-de-la-informacion-y-la-comunicacion-en-el-aula-television-e-internet\/#primaryimage"},"thumbnailUrl":"https:\/\/eurytionpress.com\/wp-content\/uploads\/2025\/07\/tic-en-el-aula-tv-e-internet.png","datePublished":"2025-07-01T13:31:07+00:00","breadcrumb":{"@id":"https:\/\/eurytionpress.com\/en\/tecnologias-de-la-informacion-y-la-comunicacion-en-el-aula-television-e-internet\/#breadcrumb"},"inLanguage":"en-US","potentialAction":[{"@type":"ReadAction","target":["https:\/\/eurytionpress.com\/en\/tecnologias-de-la-informacion-y-la-comunicacion-en-el-aula-television-e-internet\/"]}]},{"@type":"ImageObject","inLanguage":"en-US","@id":"https:\/\/eurytionpress.com\/en\/tecnologias-de-la-informacion-y-la-comunicacion-en-el-aula-television-e-internet\/#primaryimage","url":"https:\/\/eurytionpress.com\/wp-content\/uploads\/2025\/07\/tic-en-el-aula-tv-e-internet.png","contentUrl":"https:\/\/eurytionpress.com\/wp-content\/uploads\/2025\/07\/tic-en-el-aula-tv-e-internet.png","width":766,"height":1170},{"@type":"BreadcrumbList","@id":"https:\/\/eurytionpress.com\/en\/tecnologias-de-la-informacion-y-la-comunicacion-en-el-aula-television-e-internet\/#breadcrumb","itemListElement":[{"@type":"ListItem","position":1,"name":"Portada","item":"https:\/\/eurytionpress.com\/en\/"},{"@type":"ListItem","position":2,"name":"Libros","item":"https:\/\/eurytionpress.com\/libros-2\/"},{"@type":"ListItem","position":3,"name":"Tecnolog\u00edas de la Informaci\u00f3n y la Comunicaci\u00f3n en el Aula: Televisi\u00f3n e Internet"}]},{"@type":"WebSite","@id":"https:\/\/eurytionpress.com\/en\/#website","url":"https:\/\/eurytionpress.com\/en\/","name":"Eurytion Press","description":"Editorial de libros cient\u00edficos y acad\u00e9micos","publisher":{"@id":"https:\/\/eurytionpress.com\/en\/#organization"},"potentialAction":[{"@type":"SearchAction","target":{"@type":"EntryPoint","urlTemplate":"https:\/\/eurytionpress.com\/en\/?s={search_term_string}"},"query-input":{"@type":"PropertyValueSpecification","valueRequired":true,"valueName":"search_term_string"}}],"inLanguage":"en-US"},{"@type":"Organization","@id":"https:\/\/eurytionpress.com\/en\/#organization","name":"Eurytion Press","url":"https:\/\/eurytionpress.com\/en\/","logo":{"@type":"ImageObject","inLanguage":"en-US","@id":"https:\/\/eurytionpress.com\/en\/#\/schema\/logo\/image\/","url":"https:\/\/eurytionpress.com\/wp-content\/uploads\/2025\/07\/eurityon-press.png","contentUrl":"https:\/\/eurytionpress.com\/wp-content\/uploads\/2025\/07\/eurityon-press.png","width":229,"height":46,"caption":"Eurytion Press"},"image":{"@id":"https:\/\/eurytionpress.com\/en\/#\/schema\/logo\/image\/"}}]}},"_links":{"self":[{"href":"https:\/\/eurytionpress.com\/en\/wp-json\/wp\/v2\/product\/23631","targetHints":{"allow":["GET"]}}],"collection":[{"href":"https:\/\/eurytionpress.com\/en\/wp-json\/wp\/v2\/product"}],"about":[{"href":"https:\/\/eurytionpress.com\/en\/wp-json\/wp\/v2\/types\/product"}],"replies":[{"embeddable":true,"href":"https:\/\/eurytionpress.com\/en\/wp-json\/wp\/v2\/comments?post=23631"}],"wp:featuredmedia":[{"embeddable":true,"href":"https:\/\/eurytionpress.com\/en\/wp-json\/wp\/v2\/media\/22724"}],"wp:attachment":[{"href":"https:\/\/eurytionpress.com\/en\/wp-json\/wp\/v2\/media?parent=23631"}],"wp:term":[{"taxonomy":"product_brand","embeddable":true,"href":"https:\/\/eurytionpress.com\/en\/wp-json\/wp\/v2\/product_brand?post=23631"},{"taxonomy":"product_cat","embeddable":true,"href":"https:\/\/eurytionpress.com\/en\/wp-json\/wp\/v2\/product_cat?post=23631"},{"taxonomy":"product_tag","embeddable":true,"href":"https:\/\/eurytionpress.com\/en\/wp-json\/wp\/v2\/product_tag?post=23631"}],"curies":[{"name":"wp","href":"https:\/\/api.w.org\/{rel}","templated":true}]}}