{"id":23636,"date":"2025-07-01T15:26:38","date_gmt":"2025-07-01T13:26:38","guid":{"rendered":"https:\/\/wpempresa.com\/eurytion\/sintaxte-3-analisis-sintactico-y-comentario-de-textos-para-3-o-de-eso\/"},"modified":"2026-01-09T07:50:51","modified_gmt":"2026-01-09T06:50:51","slug":"sintaxte3-analisis-sintactico-y-comentario-de-textos","status":"publish","type":"product","link":"https:\/\/eurytionpress.com\/en\/sintaxte3-analisis-sintactico-y-comentario-de-textos\/","title":{"rendered":"Sintaxte 3: an\u00e1lisis sint\u00e1ctico y comentario de textos para 3.\u00ba de ESO"},"content":{"rendered":"<p>Pozo S\u00e1nchez, Santiago, Jes\u00fas L\u00f3pez Belmonte, Pilar Fuentes Cabrera, y Gema Belmonte Le\u00f3n. Sintaxte 3: an\u00e1lisis sint\u00e1ctico y comentario de textos para 3.\u00ba de ESO. Badajoz: Eurytion Press, 2019.<\/p>\n","protected":false},"excerpt":{"rendered":"<p>El trabajo de la competencia ling\u00fc\u00edstica requiere de un trabajo constante que en ocasiones se torna complicado de adaptar a las caracter\u00edsticas del alumnado actual. En este libro se recogen un conjunto de actividades organizadas en bloques de contenido para que el alumnado pueda reforzar la competencia ling\u00fc\u00edstica a partir de un plan progresivo que avanza desde lo simple a lo complejo. Para ello, se proponen actividades pr\u00e1cticas y din\u00e1micas en las que se fomenta la autonom\u00eda del alumnado a la vez que se refuerzan los contenidos relacionados con la lectoescritura, el an\u00e1lisis sint\u00e1ctico y el comentario de textos. Este volumen concreto est\u00e1 dise\u00f1ado para su empleo en 3.\u00ba de ESO.<\/p>\n","protected":false},"featured_media":22704,"comment_status":"closed","ping_status":"open","template":"","meta":[],"product_brand":[],"product_cat":[680],"product_tag":[],"class_list":{"0":"post-23636","1":"product","2":"type-product","3":"status-publish","4":"has-post-thumbnail","6":"product_cat-printedbook-en","8":"first","9":"instock","10":"product-type-external"},"yoast_head":"<!-- This site is optimized with the Yoast SEO plugin v25.3.1 - https:\/\/yoast.com\/wordpress\/plugins\/seo\/ -->\n<title>Sintaxte 3: an\u00e1lisis sint\u00e1ctico y comentario de textos para 3.\u00ba de ESO - Eurytion Press<\/title>\n<meta name=\"robots\" content=\"index, follow, max-snippet:-1, max-image-preview:large, max-video-preview:-1\" \/>\n<link rel=\"canonical\" href=\"https:\/\/eurytionpress.com\/en\/sintaxte3-analisis-sintactico-y-comentario-de-textos\/\" \/>\n<meta property=\"og:locale\" content=\"en_US\" \/>\n<meta property=\"og:type\" content=\"article\" \/>\n<meta property=\"og:title\" content=\"Sintaxte 3: an\u00e1lisis sint\u00e1ctico y comentario de textos para 3.\u00ba de ESO - Eurytion Press\" \/>\n<meta property=\"og:description\" content=\"El trabajo de la competencia ling\u00fc\u00edstica requiere de un trabajo constante que en ocasiones se torna complicado de adaptar a las caracter\u00edsticas del alumnado actual. En este libro se recogen un conjunto de actividades organizadas en bloques de contenido para que el alumnado pueda reforzar la competencia ling\u00fc\u00edstica a partir de un plan progresivo que avanza desde lo simple a lo complejo. Para ello, se proponen actividades pr\u00e1cticas y din\u00e1micas en las que se fomenta la autonom\u00eda del alumnado a la vez que se refuerzan los contenidos relacionados con la lectoescritura, el an\u00e1lisis sint\u00e1ctico y el comentario de textos. Este volumen concreto est\u00e1 dise\u00f1ado para su empleo en 3.\u00ba de ESO.\" \/>\n<meta property=\"og:url\" content=\"https:\/\/eurytionpress.com\/en\/sintaxte3-analisis-sintactico-y-comentario-de-textos\/\" \/>\n<meta property=\"og:site_name\" content=\"Eurytion Press\" \/>\n<meta property=\"article:modified_time\" content=\"2026-01-09T06:50:51+00:00\" \/>\n<meta property=\"og:image\" content=\"https:\/\/eurytionpress.com\/wp-content\/uploads\/2025\/07\/sintaxte-3-cover.png\" \/>\n\t<meta property=\"og:image:width\" content=\"736\" \/>\n\t<meta property=\"og:image:height\" content=\"1169\" \/>\n\t<meta property=\"og:image:type\" content=\"image\/png\" \/>\n<meta name=\"twitter:card\" content=\"summary_large_image\" \/>\n<script type=\"application\/ld+json\" class=\"yoast-schema-graph\">{\"@context\":\"https:\/\/schema.org\",\"@graph\":[{\"@type\":\"WebPage\",\"@id\":\"https:\/\/eurytionpress.com\/en\/sintaxte3-analisis-sintactico-y-comentario-de-textos\/\",\"url\":\"https:\/\/eurytionpress.com\/en\/sintaxte3-analisis-sintactico-y-comentario-de-textos\/\",\"name\":\"Sintaxte 3: an\u00e1lisis sint\u00e1ctico y comentario de textos para 3.\u00ba de ESO - Eurytion Press\",\"isPartOf\":{\"@id\":\"https:\/\/eurytionpress.com\/en\/#website\"},\"primaryImageOfPage\":{\"@id\":\"https:\/\/eurytionpress.com\/en\/sintaxte3-analisis-sintactico-y-comentario-de-textos\/#primaryimage\"},\"image\":{\"@id\":\"https:\/\/eurytionpress.com\/en\/sintaxte3-analisis-sintactico-y-comentario-de-textos\/#primaryimage\"},\"thumbnailUrl\":\"https:\/\/eurytionpress.com\/wp-content\/uploads\/2025\/07\/sintaxte-3-cover.png\",\"datePublished\":\"2025-07-01T13:26:38+00:00\",\"dateModified\":\"2026-01-09T06:50:51+00:00\",\"breadcrumb\":{\"@id\":\"https:\/\/eurytionpress.com\/en\/sintaxte3-analisis-sintactico-y-comentario-de-textos\/#breadcrumb\"},\"inLanguage\":\"en-US\",\"potentialAction\":[{\"@type\":\"ReadAction\",\"target\":[\"https:\/\/eurytionpress.com\/en\/sintaxte3-analisis-sintactico-y-comentario-de-textos\/\"]}]},{\"@type\":\"ImageObject\",\"inLanguage\":\"en-US\",\"@id\":\"https:\/\/eurytionpress.com\/en\/sintaxte3-analisis-sintactico-y-comentario-de-textos\/#primaryimage\",\"url\":\"https:\/\/eurytionpress.com\/wp-content\/uploads\/2025\/07\/sintaxte-3-cover.png\",\"contentUrl\":\"https:\/\/eurytionpress.com\/wp-content\/uploads\/2025\/07\/sintaxte-3-cover.png\",\"width\":736,\"height\":1169},{\"@type\":\"BreadcrumbList\",\"@id\":\"https:\/\/eurytionpress.com\/en\/sintaxte3-analisis-sintactico-y-comentario-de-textos\/#breadcrumb\",\"itemListElement\":[{\"@type\":\"ListItem\",\"position\":1,\"name\":\"Portada\",\"item\":\"https:\/\/eurytionpress.com\/en\/\"},{\"@type\":\"ListItem\",\"position\":2,\"name\":\"Libros\",\"item\":\"https:\/\/eurytionpress.com\/libros-2\/\"},{\"@type\":\"ListItem\",\"position\":3,\"name\":\"Sintaxte 3: an\u00e1lisis sint\u00e1ctico y comentario de textos para 3.\u00ba de ESO\"}]},{\"@type\":\"WebSite\",\"@id\":\"https:\/\/eurytionpress.com\/en\/#website\",\"url\":\"https:\/\/eurytionpress.com\/en\/\",\"name\":\"Eurytion Press\",\"description\":\"Editorial de libros cient\u00edficos y acad\u00e9micos\",\"publisher\":{\"@id\":\"https:\/\/eurytionpress.com\/en\/#organization\"},\"potentialAction\":[{\"@type\":\"SearchAction\",\"target\":{\"@type\":\"EntryPoint\",\"urlTemplate\":\"https:\/\/eurytionpress.com\/en\/?s={search_term_string}\"},\"query-input\":{\"@type\":\"PropertyValueSpecification\",\"valueRequired\":true,\"valueName\":\"search_term_string\"}}],\"inLanguage\":\"en-US\"},{\"@type\":\"Organization\",\"@id\":\"https:\/\/eurytionpress.com\/en\/#organization\",\"name\":\"Eurytion Press\",\"url\":\"https:\/\/eurytionpress.com\/en\/\",\"logo\":{\"@type\":\"ImageObject\",\"inLanguage\":\"en-US\",\"@id\":\"https:\/\/eurytionpress.com\/en\/#\/schema\/logo\/image\/\",\"url\":\"https:\/\/eurytionpress.com\/wp-content\/uploads\/2025\/07\/eurityon-press.png\",\"contentUrl\":\"https:\/\/eurytionpress.com\/wp-content\/uploads\/2025\/07\/eurityon-press.png\",\"width\":229,\"height\":46,\"caption\":\"Eurytion Press\"},\"image\":{\"@id\":\"https:\/\/eurytionpress.com\/en\/#\/schema\/logo\/image\/\"}}]}<\/script>\n<!-- \/ Yoast SEO plugin. -->","yoast_head_json":{"title":"Sintaxte 3: an\u00e1lisis sint\u00e1ctico y comentario de textos para 3.\u00ba de ESO - Eurytion Press","robots":{"index":"index","follow":"follow","max-snippet":"max-snippet:-1","max-image-preview":"max-image-preview:large","max-video-preview":"max-video-preview:-1"},"canonical":"https:\/\/eurytionpress.com\/en\/sintaxte3-analisis-sintactico-y-comentario-de-textos\/","og_locale":"en_US","og_type":"article","og_title":"Sintaxte 3: an\u00e1lisis sint\u00e1ctico y comentario de textos para 3.\u00ba de ESO - Eurytion Press","og_description":"El trabajo de la competencia ling\u00fc\u00edstica requiere de un trabajo constante que en ocasiones se torna complicado de adaptar a las caracter\u00edsticas del alumnado actual. En este libro se recogen un conjunto de actividades organizadas en bloques de contenido para que el alumnado pueda reforzar la competencia ling\u00fc\u00edstica a partir de un plan progresivo que avanza desde lo simple a lo complejo. Para ello, se proponen actividades pr\u00e1cticas y din\u00e1micas en las que se fomenta la autonom\u00eda del alumnado a la vez que se refuerzan los contenidos relacionados con la lectoescritura, el an\u00e1lisis sint\u00e1ctico y el comentario de textos. Este volumen concreto est\u00e1 dise\u00f1ado para su empleo en 3.\u00ba de ESO.","og_url":"https:\/\/eurytionpress.com\/en\/sintaxte3-analisis-sintactico-y-comentario-de-textos\/","og_site_name":"Eurytion Press","article_modified_time":"2026-01-09T06:50:51+00:00","og_image":[{"width":736,"height":1169,"url":"https:\/\/eurytionpress.com\/wp-content\/uploads\/2025\/07\/sintaxte-3-cover.png","type":"image\/png"}],"twitter_card":"summary_large_image","schema":{"@context":"https:\/\/schema.org","@graph":[{"@type":"WebPage","@id":"https:\/\/eurytionpress.com\/en\/sintaxte3-analisis-sintactico-y-comentario-de-textos\/","url":"https:\/\/eurytionpress.com\/en\/sintaxte3-analisis-sintactico-y-comentario-de-textos\/","name":"Sintaxte 3: an\u00e1lisis sint\u00e1ctico y comentario de textos para 3.\u00ba de ESO - Eurytion Press","isPartOf":{"@id":"https:\/\/eurytionpress.com\/en\/#website"},"primaryImageOfPage":{"@id":"https:\/\/eurytionpress.com\/en\/sintaxte3-analisis-sintactico-y-comentario-de-textos\/#primaryimage"},"image":{"@id":"https:\/\/eurytionpress.com\/en\/sintaxte3-analisis-sintactico-y-comentario-de-textos\/#primaryimage"},"thumbnailUrl":"https:\/\/eurytionpress.com\/wp-content\/uploads\/2025\/07\/sintaxte-3-cover.png","datePublished":"2025-07-01T13:26:38+00:00","dateModified":"2026-01-09T06:50:51+00:00","breadcrumb":{"@id":"https:\/\/eurytionpress.com\/en\/sintaxte3-analisis-sintactico-y-comentario-de-textos\/#breadcrumb"},"inLanguage":"en-US","potentialAction":[{"@type":"ReadAction","target":["https:\/\/eurytionpress.com\/en\/sintaxte3-analisis-sintactico-y-comentario-de-textos\/"]}]},{"@type":"ImageObject","inLanguage":"en-US","@id":"https:\/\/eurytionpress.com\/en\/sintaxte3-analisis-sintactico-y-comentario-de-textos\/#primaryimage","url":"https:\/\/eurytionpress.com\/wp-content\/uploads\/2025\/07\/sintaxte-3-cover.png","contentUrl":"https:\/\/eurytionpress.com\/wp-content\/uploads\/2025\/07\/sintaxte-3-cover.png","width":736,"height":1169},{"@type":"BreadcrumbList","@id":"https:\/\/eurytionpress.com\/en\/sintaxte3-analisis-sintactico-y-comentario-de-textos\/#breadcrumb","itemListElement":[{"@type":"ListItem","position":1,"name":"Portada","item":"https:\/\/eurytionpress.com\/en\/"},{"@type":"ListItem","position":2,"name":"Libros","item":"https:\/\/eurytionpress.com\/libros-2\/"},{"@type":"ListItem","position":3,"name":"Sintaxte 3: an\u00e1lisis sint\u00e1ctico y comentario de textos para 3.\u00ba de ESO"}]},{"@type":"WebSite","@id":"https:\/\/eurytionpress.com\/en\/#website","url":"https:\/\/eurytionpress.com\/en\/","name":"Eurytion Press","description":"Editorial de libros cient\u00edficos y acad\u00e9micos","publisher":{"@id":"https:\/\/eurytionpress.com\/en\/#organization"},"potentialAction":[{"@type":"SearchAction","target":{"@type":"EntryPoint","urlTemplate":"https:\/\/eurytionpress.com\/en\/?s={search_term_string}"},"query-input":{"@type":"PropertyValueSpecification","valueRequired":true,"valueName":"search_term_string"}}],"inLanguage":"en-US"},{"@type":"Organization","@id":"https:\/\/eurytionpress.com\/en\/#organization","name":"Eurytion Press","url":"https:\/\/eurytionpress.com\/en\/","logo":{"@type":"ImageObject","inLanguage":"en-US","@id":"https:\/\/eurytionpress.com\/en\/#\/schema\/logo\/image\/","url":"https:\/\/eurytionpress.com\/wp-content\/uploads\/2025\/07\/eurityon-press.png","contentUrl":"https:\/\/eurytionpress.com\/wp-content\/uploads\/2025\/07\/eurityon-press.png","width":229,"height":46,"caption":"Eurytion Press"},"image":{"@id":"https:\/\/eurytionpress.com\/en\/#\/schema\/logo\/image\/"}}]}},"_links":{"self":[{"href":"https:\/\/eurytionpress.com\/en\/wp-json\/wp\/v2\/product\/23636","targetHints":{"allow":["GET"]}}],"collection":[{"href":"https:\/\/eurytionpress.com\/en\/wp-json\/wp\/v2\/product"}],"about":[{"href":"https:\/\/eurytionpress.com\/en\/wp-json\/wp\/v2\/types\/product"}],"replies":[{"embeddable":true,"href":"https:\/\/eurytionpress.com\/en\/wp-json\/wp\/v2\/comments?post=23636"}],"wp:featuredmedia":[{"embeddable":true,"href":"https:\/\/eurytionpress.com\/en\/wp-json\/wp\/v2\/media\/22704"}],"wp:attachment":[{"href":"https:\/\/eurytionpress.com\/en\/wp-json\/wp\/v2\/media?parent=23636"}],"wp:term":[{"taxonomy":"product_brand","embeddable":true,"href":"https:\/\/eurytionpress.com\/en\/wp-json\/wp\/v2\/product_brand?post=23636"},{"taxonomy":"product_cat","embeddable":true,"href":"https:\/\/eurytionpress.com\/en\/wp-json\/wp\/v2\/product_cat?post=23636"},{"taxonomy":"product_tag","embeddable":true,"href":"https:\/\/eurytionpress.com\/en\/wp-json\/wp\/v2\/product_tag?post=23636"}],"curies":[{"name":"wp","href":"https:\/\/api.w.org\/{rel}","templated":true}]}}