{"id":23637,"date":"2025-07-01T15:25:49","date_gmt":"2025-07-01T13:25:49","guid":{"rendered":"https:\/\/wpempresa.com\/eurytion\/sitios-reales-y-territorio-en-la-corte-de-carlos-de-borbon\/"},"modified":"2026-01-09T07:50:52","modified_gmt":"2026-01-09T06:50:52","slug":"sitios-reales-y-territorio-en-la-corte-de-carlos-de-borbon-siglo-xviii","status":"publish","type":"product","link":"https:\/\/eurytionpress.com\/en\/sitios-reales-y-territorio-en-la-corte-de-carlos-de-borbon-siglo-xviii\/","title":{"rendered":"Sitios Reales y Territorio en la Corte de Carlos de Borb\u00f3n"},"content":{"rendered":"<p>Rossi, Pasquale. Sitios Reales y Territorio en la Corte de Carlos de Borb\u00f3n (Siglo XVIII). Badajoz: Eurytion Press, 2019.<\/p>\n","protected":false},"excerpt":{"rendered":"<p>Los enclaves conocidos como \u201cSitios Reales\u201d estaban constituidos a lo largo de la Edad Moderna por bosques, jardines, espacios agr\u00edcolas y forestales, industrias fabriles, n\u00facleos urbanos y residencias palaciegas. Hoy en d\u00eda, estos singulares espacios cuentan en Espa\u00f1a e Italia con relevantes y abundantes estudios desde el \u00e1mbito de la historia del arte. Sin embargo, estos trabajos pueden ser complementados a trav\u00e9s de la mirada interdisciplinar que aporta la metodolog\u00eda de los estudios de la corte, al insertar estos espacios en el contexto de la formaci\u00f3n y evoluci\u00f3n de las Monarqu\u00edas din\u00e1sticas europeas. Desde esta perspectiva, estos conjuntos geogr\u00e1ficos se convierten en un fiel reflejo de la evoluci\u00f3n de la organizaci\u00f3n pol\u00edtica, al mismo tiempo que componen un gran espacio cortesano que polariza territorios y transforma y reestructura paisajes. Los sitios reales no pueden ser entendidos \u00fanicamente como residencias reales, sino como n\u00facleos urbanos definidos y espacios rurales de aprovechamiento variado.En este trabajo, el profesor Pasquale Rossi analiza el papel de estos enclaves singulares en tiempos de Carlos de Borb\u00f3n, rey de N\u00e1poles y Sicilia desde 1734 hasta 1759, y despu\u00e9s soberano de Espa\u00f1a, hasta 1788, con el t\u00edtulo de Carlos III. Tambi\u00e9n estudia los aspectos art\u00edsticos comunes que se encuentran entre Madrid y N\u00e1poles. Pone de manifiesto que las construcciones arquitect\u00f3nicas, las intervenciones urban\u00edsticas circunscritas en el territorio, la configuraci\u00f3n del espacio y la ciudad ideal (m\u00e1s o menos traducida a la pr\u00e1ctica), llevadas a cabo por Carlos III, son parte integrante del ejercicio de su poder y no una ef\u00edmera representaci\u00f3n del mismo. El acto de \u201cconstruir\u201d y del actuar pol\u00edtico est\u00e1n siempre \u00edntimamente unidos.Los Sitios Reales eran, pese a su indiscutible singularidad, algo continuamente vinculado al entorno del que surg\u00edan, sobre todo desde un punto de vista geogr\u00e1fico-espacial y, por lo tanto, jurisdiccional; as\u00ed como a la manera y forma de gobernar. Por este y otros muchos motivos el libro del profesor Pasquale Rossi constituye un paso importante e innovador que, desde una aproximaci\u00f3n principalmente desde la arquitectura y la configuraci\u00f3n del territorio, ofrece m\u00faltiples perspectivas para futuras investigaciones. La obra est\u00e1 dirigida a historiadores modernistas y del arte, arquitectos, urbanistas, as\u00ed como a investigadores y estudiantes de los estudios de la corte y de la historia pol\u00edtica y territorial de Espa\u00f1a e Italia en el siglo XVIII. Tambi\u00e9n ser\u00e1 de inter\u00e9s para especialistas en patrimonio cultural y geograf\u00eda hist\u00f3rica.<\/p>\n","protected":false},"featured_media":22700,"comment_status":"closed","ping_status":"closed","template":"","meta":[],"product_brand":[],"product_cat":[689,925],"product_tag":[],"class_list":{"0":"post-23637","1":"product","2":"type-product","3":"status-publish","4":"has-post-thumbnail","6":"product_cat-international-en","7":"product_cat-printed-book","9":"first","10":"instock","11":"product-type-external"},"yoast_head":"<!-- This site is optimized with the Yoast SEO plugin v25.3.1 - https:\/\/yoast.com\/wordpress\/plugins\/seo\/ -->\n<title>Sitios Reales y Territorio en la Corte de Carlos de Borb\u00f3n - Eurytion Press<\/title>\n<meta name=\"robots\" content=\"index, follow, max-snippet:-1, max-image-preview:large, max-video-preview:-1\" \/>\n<link rel=\"canonical\" href=\"https:\/\/eurytionpress.com\/en\/sitios-reales-y-territorio-en-la-corte-de-carlos-de-borbon-siglo-xviii\/\" \/>\n<meta property=\"og:locale\" content=\"en_US\" \/>\n<meta property=\"og:type\" content=\"article\" \/>\n<meta property=\"og:title\" content=\"Sitios Reales y Territorio en la Corte de Carlos de Borb\u00f3n - Eurytion Press\" \/>\n<meta property=\"og:description\" content=\"Los enclaves conocidos como \u201cSitios Reales\u201d estaban constituidos a lo largo de la Edad Moderna por bosques, jardines, espacios agr\u00edcolas y forestales, industrias fabriles, n\u00facleos urbanos y residencias palaciegas. Hoy en d\u00eda, estos singulares espacios cuentan en Espa\u00f1a e Italia con relevantes y abundantes estudios desde el \u00e1mbito de la historia del arte. Sin embargo, estos trabajos pueden ser complementados a trav\u00e9s de la mirada interdisciplinar que aporta la metodolog\u00eda de los estudios de la corte, al insertar estos espacios en el contexto de la formaci\u00f3n y evoluci\u00f3n de las Monarqu\u00edas din\u00e1sticas europeas. Desde esta perspectiva, estos conjuntos geogr\u00e1ficos se convierten en un fiel reflejo de la evoluci\u00f3n de la organizaci\u00f3n pol\u00edtica, al mismo tiempo que componen un gran espacio cortesano que polariza territorios y transforma y reestructura paisajes. Los sitios reales no pueden ser entendidos \u00fanicamente como residencias reales, sino como n\u00facleos urbanos definidos y espacios rurales de aprovechamiento variado.En este trabajo, el profesor Pasquale Rossi analiza el papel de estos enclaves singulares en tiempos de Carlos de Borb\u00f3n, rey de N\u00e1poles y Sicilia desde 1734 hasta 1759, y despu\u00e9s soberano de Espa\u00f1a, hasta 1788, con el t\u00edtulo de Carlos III. Tambi\u00e9n estudia los aspectos art\u00edsticos comunes que se encuentran entre Madrid y N\u00e1poles. Pone de manifiesto que las construcciones arquitect\u00f3nicas, las intervenciones urban\u00edsticas circunscritas en el territorio, la configuraci\u00f3n del espacio y la ciudad ideal (m\u00e1s o menos traducida a la pr\u00e1ctica), llevadas a cabo por Carlos III, son parte integrante del ejercicio de su poder y no una ef\u00edmera representaci\u00f3n del mismo. El acto de \u201cconstruir\u201d y del actuar pol\u00edtico est\u00e1n siempre \u00edntimamente unidos.Los Sitios Reales eran, pese a su indiscutible singularidad, algo continuamente vinculado al entorno del que surg\u00edan, sobre todo desde un punto de vista geogr\u00e1fico-espacial y, por lo tanto, jurisdiccional; as\u00ed como a la manera y forma de gobernar. Por este y otros muchos motivos el libro del profesor Pasquale Rossi constituye un paso importante e innovador que, desde una aproximaci\u00f3n principalmente desde la arquitectura y la configuraci\u00f3n del territorio, ofrece m\u00faltiples perspectivas para futuras investigaciones. La obra est\u00e1 dirigida a historiadores modernistas y del arte, arquitectos, urbanistas, as\u00ed como a investigadores y estudiantes de los estudios de la corte y de la historia pol\u00edtica y territorial de Espa\u00f1a e Italia en el siglo XVIII. Tambi\u00e9n ser\u00e1 de inter\u00e9s para especialistas en patrimonio cultural y geograf\u00eda hist\u00f3rica.\" \/>\n<meta property=\"og:url\" content=\"https:\/\/eurytionpress.com\/en\/sitios-reales-y-territorio-en-la-corte-de-carlos-de-borbon-siglo-xviii\/\" \/>\n<meta property=\"og:site_name\" content=\"Eurytion Press\" \/>\n<meta property=\"article:modified_time\" content=\"2026-01-09T06:50:52+00:00\" \/>\n<meta property=\"og:image\" content=\"https:\/\/eurytionpress.com\/wp-content\/uploads\/2025\/07\/sitios-reales-cover.png\" \/>\n\t<meta property=\"og:image:width\" content=\"763\" \/>\n\t<meta property=\"og:image:height\" content=\"1169\" \/>\n\t<meta property=\"og:image:type\" content=\"image\/png\" \/>\n<meta name=\"twitter:card\" content=\"summary_large_image\" \/>\n<script type=\"application\/ld+json\" class=\"yoast-schema-graph\">{\"@context\":\"https:\/\/schema.org\",\"@graph\":[{\"@type\":\"WebPage\",\"@id\":\"https:\/\/eurytionpress.com\/en\/sitios-reales-y-territorio-en-la-corte-de-carlos-de-borbon-siglo-xviii\/\",\"url\":\"https:\/\/eurytionpress.com\/en\/sitios-reales-y-territorio-en-la-corte-de-carlos-de-borbon-siglo-xviii\/\",\"name\":\"Sitios Reales y Territorio en la Corte de Carlos de Borb\u00f3n - Eurytion Press\",\"isPartOf\":{\"@id\":\"https:\/\/eurytionpress.com\/en\/#website\"},\"primaryImageOfPage\":{\"@id\":\"https:\/\/eurytionpress.com\/en\/sitios-reales-y-territorio-en-la-corte-de-carlos-de-borbon-siglo-xviii\/#primaryimage\"},\"image\":{\"@id\":\"https:\/\/eurytionpress.com\/en\/sitios-reales-y-territorio-en-la-corte-de-carlos-de-borbon-siglo-xviii\/#primaryimage\"},\"thumbnailUrl\":\"https:\/\/eurytionpress.com\/wp-content\/uploads\/2025\/07\/sitios-reales-cover.png\",\"datePublished\":\"2025-07-01T13:25:49+00:00\",\"dateModified\":\"2026-01-09T06:50:52+00:00\",\"breadcrumb\":{\"@id\":\"https:\/\/eurytionpress.com\/en\/sitios-reales-y-territorio-en-la-corte-de-carlos-de-borbon-siglo-xviii\/#breadcrumb\"},\"inLanguage\":\"en-US\",\"potentialAction\":[{\"@type\":\"ReadAction\",\"target\":[\"https:\/\/eurytionpress.com\/en\/sitios-reales-y-territorio-en-la-corte-de-carlos-de-borbon-siglo-xviii\/\"]}]},{\"@type\":\"ImageObject\",\"inLanguage\":\"en-US\",\"@id\":\"https:\/\/eurytionpress.com\/en\/sitios-reales-y-territorio-en-la-corte-de-carlos-de-borbon-siglo-xviii\/#primaryimage\",\"url\":\"https:\/\/eurytionpress.com\/wp-content\/uploads\/2025\/07\/sitios-reales-cover.png\",\"contentUrl\":\"https:\/\/eurytionpress.com\/wp-content\/uploads\/2025\/07\/sitios-reales-cover.png\",\"width\":763,\"height\":1169},{\"@type\":\"BreadcrumbList\",\"@id\":\"https:\/\/eurytionpress.com\/en\/sitios-reales-y-territorio-en-la-corte-de-carlos-de-borbon-siglo-xviii\/#breadcrumb\",\"itemListElement\":[{\"@type\":\"ListItem\",\"position\":1,\"name\":\"Portada\",\"item\":\"https:\/\/eurytionpress.com\/en\/\"},{\"@type\":\"ListItem\",\"position\":2,\"name\":\"Libros\",\"item\":\"https:\/\/eurytionpress.com\/libros-2\/\"},{\"@type\":\"ListItem\",\"position\":3,\"name\":\"Sitios Reales y Territorio en la Corte de Carlos de Borb\u00f3n\"}]},{\"@type\":\"WebSite\",\"@id\":\"https:\/\/eurytionpress.com\/en\/#website\",\"url\":\"https:\/\/eurytionpress.com\/en\/\",\"name\":\"Eurytion Press\",\"description\":\"Editorial de libros cient\u00edficos y acad\u00e9micos\",\"publisher\":{\"@id\":\"https:\/\/eurytionpress.com\/en\/#organization\"},\"potentialAction\":[{\"@type\":\"SearchAction\",\"target\":{\"@type\":\"EntryPoint\",\"urlTemplate\":\"https:\/\/eurytionpress.com\/en\/?s={search_term_string}\"},\"query-input\":{\"@type\":\"PropertyValueSpecification\",\"valueRequired\":true,\"valueName\":\"search_term_string\"}}],\"inLanguage\":\"en-US\"},{\"@type\":\"Organization\",\"@id\":\"https:\/\/eurytionpress.com\/en\/#organization\",\"name\":\"Eurytion Press\",\"url\":\"https:\/\/eurytionpress.com\/en\/\",\"logo\":{\"@type\":\"ImageObject\",\"inLanguage\":\"en-US\",\"@id\":\"https:\/\/eurytionpress.com\/en\/#\/schema\/logo\/image\/\",\"url\":\"https:\/\/eurytionpress.com\/wp-content\/uploads\/2025\/07\/eurityon-press.png\",\"contentUrl\":\"https:\/\/eurytionpress.com\/wp-content\/uploads\/2025\/07\/eurityon-press.png\",\"width\":229,\"height\":46,\"caption\":\"Eurytion Press\"},\"image\":{\"@id\":\"https:\/\/eurytionpress.com\/en\/#\/schema\/logo\/image\/\"}}]}<\/script>\n<!-- \/ Yoast SEO plugin. -->","yoast_head_json":{"title":"Sitios Reales y Territorio en la Corte de Carlos de Borb\u00f3n - Eurytion Press","robots":{"index":"index","follow":"follow","max-snippet":"max-snippet:-1","max-image-preview":"max-image-preview:large","max-video-preview":"max-video-preview:-1"},"canonical":"https:\/\/eurytionpress.com\/en\/sitios-reales-y-territorio-en-la-corte-de-carlos-de-borbon-siglo-xviii\/","og_locale":"en_US","og_type":"article","og_title":"Sitios Reales y Territorio en la Corte de Carlos de Borb\u00f3n - Eurytion Press","og_description":"Los enclaves conocidos como \u201cSitios Reales\u201d estaban constituidos a lo largo de la Edad Moderna por bosques, jardines, espacios agr\u00edcolas y forestales, industrias fabriles, n\u00facleos urbanos y residencias palaciegas. Hoy en d\u00eda, estos singulares espacios cuentan en Espa\u00f1a e Italia con relevantes y abundantes estudios desde el \u00e1mbito de la historia del arte. Sin embargo, estos trabajos pueden ser complementados a trav\u00e9s de la mirada interdisciplinar que aporta la metodolog\u00eda de los estudios de la corte, al insertar estos espacios en el contexto de la formaci\u00f3n y evoluci\u00f3n de las Monarqu\u00edas din\u00e1sticas europeas. Desde esta perspectiva, estos conjuntos geogr\u00e1ficos se convierten en un fiel reflejo de la evoluci\u00f3n de la organizaci\u00f3n pol\u00edtica, al mismo tiempo que componen un gran espacio cortesano que polariza territorios y transforma y reestructura paisajes. Los sitios reales no pueden ser entendidos \u00fanicamente como residencias reales, sino como n\u00facleos urbanos definidos y espacios rurales de aprovechamiento variado.En este trabajo, el profesor Pasquale Rossi analiza el papel de estos enclaves singulares en tiempos de Carlos de Borb\u00f3n, rey de N\u00e1poles y Sicilia desde 1734 hasta 1759, y despu\u00e9s soberano de Espa\u00f1a, hasta 1788, con el t\u00edtulo de Carlos III. Tambi\u00e9n estudia los aspectos art\u00edsticos comunes que se encuentran entre Madrid y N\u00e1poles. Pone de manifiesto que las construcciones arquitect\u00f3nicas, las intervenciones urban\u00edsticas circunscritas en el territorio, la configuraci\u00f3n del espacio y la ciudad ideal (m\u00e1s o menos traducida a la pr\u00e1ctica), llevadas a cabo por Carlos III, son parte integrante del ejercicio de su poder y no una ef\u00edmera representaci\u00f3n del mismo. El acto de \u201cconstruir\u201d y del actuar pol\u00edtico est\u00e1n siempre \u00edntimamente unidos.Los Sitios Reales eran, pese a su indiscutible singularidad, algo continuamente vinculado al entorno del que surg\u00edan, sobre todo desde un punto de vista geogr\u00e1fico-espacial y, por lo tanto, jurisdiccional; as\u00ed como a la manera y forma de gobernar. Por este y otros muchos motivos el libro del profesor Pasquale Rossi constituye un paso importante e innovador que, desde una aproximaci\u00f3n principalmente desde la arquitectura y la configuraci\u00f3n del territorio, ofrece m\u00faltiples perspectivas para futuras investigaciones. La obra est\u00e1 dirigida a historiadores modernistas y del arte, arquitectos, urbanistas, as\u00ed como a investigadores y estudiantes de los estudios de la corte y de la historia pol\u00edtica y territorial de Espa\u00f1a e Italia en el siglo XVIII. Tambi\u00e9n ser\u00e1 de inter\u00e9s para especialistas en patrimonio cultural y geograf\u00eda hist\u00f3rica.","og_url":"https:\/\/eurytionpress.com\/en\/sitios-reales-y-territorio-en-la-corte-de-carlos-de-borbon-siglo-xviii\/","og_site_name":"Eurytion Press","article_modified_time":"2026-01-09T06:50:52+00:00","og_image":[{"width":763,"height":1169,"url":"https:\/\/eurytionpress.com\/wp-content\/uploads\/2025\/07\/sitios-reales-cover.png","type":"image\/png"}],"twitter_card":"summary_large_image","schema":{"@context":"https:\/\/schema.org","@graph":[{"@type":"WebPage","@id":"https:\/\/eurytionpress.com\/en\/sitios-reales-y-territorio-en-la-corte-de-carlos-de-borbon-siglo-xviii\/","url":"https:\/\/eurytionpress.com\/en\/sitios-reales-y-territorio-en-la-corte-de-carlos-de-borbon-siglo-xviii\/","name":"Sitios Reales y Territorio en la Corte de Carlos de Borb\u00f3n - Eurytion Press","isPartOf":{"@id":"https:\/\/eurytionpress.com\/en\/#website"},"primaryImageOfPage":{"@id":"https:\/\/eurytionpress.com\/en\/sitios-reales-y-territorio-en-la-corte-de-carlos-de-borbon-siglo-xviii\/#primaryimage"},"image":{"@id":"https:\/\/eurytionpress.com\/en\/sitios-reales-y-territorio-en-la-corte-de-carlos-de-borbon-siglo-xviii\/#primaryimage"},"thumbnailUrl":"https:\/\/eurytionpress.com\/wp-content\/uploads\/2025\/07\/sitios-reales-cover.png","datePublished":"2025-07-01T13:25:49+00:00","dateModified":"2026-01-09T06:50:52+00:00","breadcrumb":{"@id":"https:\/\/eurytionpress.com\/en\/sitios-reales-y-territorio-en-la-corte-de-carlos-de-borbon-siglo-xviii\/#breadcrumb"},"inLanguage":"en-US","potentialAction":[{"@type":"ReadAction","target":["https:\/\/eurytionpress.com\/en\/sitios-reales-y-territorio-en-la-corte-de-carlos-de-borbon-siglo-xviii\/"]}]},{"@type":"ImageObject","inLanguage":"en-US","@id":"https:\/\/eurytionpress.com\/en\/sitios-reales-y-territorio-en-la-corte-de-carlos-de-borbon-siglo-xviii\/#primaryimage","url":"https:\/\/eurytionpress.com\/wp-content\/uploads\/2025\/07\/sitios-reales-cover.png","contentUrl":"https:\/\/eurytionpress.com\/wp-content\/uploads\/2025\/07\/sitios-reales-cover.png","width":763,"height":1169},{"@type":"BreadcrumbList","@id":"https:\/\/eurytionpress.com\/en\/sitios-reales-y-territorio-en-la-corte-de-carlos-de-borbon-siglo-xviii\/#breadcrumb","itemListElement":[{"@type":"ListItem","position":1,"name":"Portada","item":"https:\/\/eurytionpress.com\/en\/"},{"@type":"ListItem","position":2,"name":"Libros","item":"https:\/\/eurytionpress.com\/libros-2\/"},{"@type":"ListItem","position":3,"name":"Sitios Reales y Territorio en la Corte de Carlos de Borb\u00f3n"}]},{"@type":"WebSite","@id":"https:\/\/eurytionpress.com\/en\/#website","url":"https:\/\/eurytionpress.com\/en\/","name":"Eurytion Press","description":"Editorial de libros cient\u00edficos y acad\u00e9micos","publisher":{"@id":"https:\/\/eurytionpress.com\/en\/#organization"},"potentialAction":[{"@type":"SearchAction","target":{"@type":"EntryPoint","urlTemplate":"https:\/\/eurytionpress.com\/en\/?s={search_term_string}"},"query-input":{"@type":"PropertyValueSpecification","valueRequired":true,"valueName":"search_term_string"}}],"inLanguage":"en-US"},{"@type":"Organization","@id":"https:\/\/eurytionpress.com\/en\/#organization","name":"Eurytion Press","url":"https:\/\/eurytionpress.com\/en\/","logo":{"@type":"ImageObject","inLanguage":"en-US","@id":"https:\/\/eurytionpress.com\/en\/#\/schema\/logo\/image\/","url":"https:\/\/eurytionpress.com\/wp-content\/uploads\/2025\/07\/eurityon-press.png","contentUrl":"https:\/\/eurytionpress.com\/wp-content\/uploads\/2025\/07\/eurityon-press.png","width":229,"height":46,"caption":"Eurytion Press"},"image":{"@id":"https:\/\/eurytionpress.com\/en\/#\/schema\/logo\/image\/"}}]}},"_links":{"self":[{"href":"https:\/\/eurytionpress.com\/en\/wp-json\/wp\/v2\/product\/23637","targetHints":{"allow":["GET"]}}],"collection":[{"href":"https:\/\/eurytionpress.com\/en\/wp-json\/wp\/v2\/product"}],"about":[{"href":"https:\/\/eurytionpress.com\/en\/wp-json\/wp\/v2\/types\/product"}],"replies":[{"embeddable":true,"href":"https:\/\/eurytionpress.com\/en\/wp-json\/wp\/v2\/comments?post=23637"}],"wp:featuredmedia":[{"embeddable":true,"href":"https:\/\/eurytionpress.com\/en\/wp-json\/wp\/v2\/media\/22700"}],"wp:attachment":[{"href":"https:\/\/eurytionpress.com\/en\/wp-json\/wp\/v2\/media?parent=23637"}],"wp:term":[{"taxonomy":"product_brand","embeddable":true,"href":"https:\/\/eurytionpress.com\/en\/wp-json\/wp\/v2\/product_brand?post=23637"},{"taxonomy":"product_cat","embeddable":true,"href":"https:\/\/eurytionpress.com\/en\/wp-json\/wp\/v2\/product_cat?post=23637"},{"taxonomy":"product_tag","embeddable":true,"href":"https:\/\/eurytionpress.com\/en\/wp-json\/wp\/v2\/product_tag?post=23637"}],"curies":[{"name":"wp","href":"https:\/\/api.w.org\/{rel}","templated":true}]}}