{"id":23638,"date":"2025-07-01T15:24:51","date_gmt":"2025-07-01T13:24:51","guid":{"rendered":"https:\/\/wpempresa.com\/eurytion\/research-and-training-experiences-in-social-sciences-2\/"},"modified":"2025-07-01T15:24:51","modified_gmt":"2025-07-01T13:24:51","slug":"research-and-training-experiences-in-social-sciences-2","status":"publish","type":"product","link":"https:\/\/eurytionpress.com\/en\/research-and-training-experiences-in-social-sciences-2\/","title":{"rendered":"Research and Training Experiences in Social Sciences"},"content":{"rendered":"<p>Burgos Videla, Carmen, Francisca Bernal, Jos\u00e9 G\u00f3mez Gal\u00e1n, y C\u00e9sar Bernal Bravo. Research and Training Experiences in Social Sciences. Edici\u00f3n digital. Badajoz: Eurytion Press, 2020.<\/p>\n","protected":false},"excerpt":{"rendered":"<p>Improving methodologies to achieve objective knowledge is one of the current challenges of the social sciences. It is not only a question of scientific information; this knowledge must also be used for quality university education. Naturally, it must be employed to create a more educated and cultured society. In this work, which results from the efforts of researchers from many universities in the Ibero-American sphere, different works are gathered around this important issue. Most of them are multidisciplinary and focus on issues related to research and training in the social sciences. They integrate information and communication technologies (ICT) and the digital paradigm into the methodological processes. The new society in which we live, dominated by technology, has completely transformed the traditional methods used in the disciplines that make up this set of sciences. This book is, therefore, useful for scientists, researchers, teachers, and students. It is worth noting that its chapters present interesting research with innovative methodologies and that all of them have a formative purpose. At the same time, they have didactic experiences in various fields of education: higher education, language teaching, digital platforms, science teaching, coaching, inclusive education, education in values, and others. This book is particularly relevant for social science researchers, educators, and postgraduate students interested in methodological advancements, ICT integration, and cross-disciplinary training approaches. Professionals working within the specific educational fields discussed will also find valuable research-informed experiences.<\/p>\n","protected":false},"featured_media":22696,"comment_status":"closed","ping_status":"open","template":"","meta":[],"product_brand":[],"product_cat":[690],"product_tag":[],"class_list":{"0":"post-23638","1":"product","2":"type-product","3":"status-publish","4":"has-post-thumbnail","6":"product_cat-ebook-en","8":"first","9":"instock","10":"product-type-external"},"yoast_head":"<!-- This site is optimized with the Yoast SEO plugin v25.3.1 - https:\/\/yoast.com\/wordpress\/plugins\/seo\/ -->\n<title>Research and Training Experiences in Social Sciences - Eurytion Press<\/title>\n<meta name=\"robots\" content=\"index, follow, max-snippet:-1, max-image-preview:large, max-video-preview:-1\" \/>\n<link rel=\"canonical\" href=\"https:\/\/eurytionpress.com\/en\/research-and-training-experiences-in-social-sciences-2\/\" \/>\n<meta property=\"og:locale\" content=\"en_US\" \/>\n<meta property=\"og:type\" content=\"article\" \/>\n<meta property=\"og:title\" content=\"Research and Training Experiences in Social Sciences - Eurytion Press\" \/>\n<meta property=\"og:description\" content=\"Improving methodologies to achieve objective knowledge is one of the current challenges of the social sciences. It is not only a question of scientific information; this knowledge must also be used for quality university education. Naturally, it must be employed to create a more educated and cultured society. In this work, which results from the efforts of researchers from many universities in the Ibero-American sphere, different works are gathered around this important issue. Most of them are multidisciplinary and focus on issues related to research and training in the social sciences. They integrate information and communication technologies (ICT) and the digital paradigm into the methodological processes. The new society in which we live, dominated by technology, has completely transformed the traditional methods used in the disciplines that make up this set of sciences. This book is, therefore, useful for scientists, researchers, teachers, and students. It is worth noting that its chapters present interesting research with innovative methodologies and that all of them have a formative purpose. At the same time, they have didactic experiences in various fields of education: higher education, language teaching, digital platforms, science teaching, coaching, inclusive education, education in values, and others. This book is particularly relevant for social science researchers, educators, and postgraduate students interested in methodological advancements, ICT integration, and cross-disciplinary training approaches. Professionals working within the specific educational fields discussed will also find valuable research-informed experiences.\" \/>\n<meta property=\"og:url\" content=\"https:\/\/eurytionpress.com\/en\/research-and-training-experiences-in-social-sciences-2\/\" \/>\n<meta property=\"og:site_name\" content=\"Eurytion Press\" \/>\n<meta property=\"og:image\" content=\"https:\/\/eurytionpress.com\/wp-content\/uploads\/2025\/07\/research-and-training-digital.png\" \/>\n\t<meta property=\"og:image:width\" content=\"802\" \/>\n\t<meta property=\"og:image:height\" content=\"1170\" \/>\n\t<meta property=\"og:image:type\" content=\"image\/png\" \/>\n<meta name=\"twitter:card\" content=\"summary_large_image\" \/>\n<script type=\"application\/ld+json\" class=\"yoast-schema-graph\">{\"@context\":\"https:\/\/schema.org\",\"@graph\":[{\"@type\":\"WebPage\",\"@id\":\"https:\/\/eurytionpress.com\/en\/research-and-training-experiences-in-social-sciences-2\/\",\"url\":\"https:\/\/eurytionpress.com\/en\/research-and-training-experiences-in-social-sciences-2\/\",\"name\":\"Research and Training Experiences in Social Sciences - Eurytion Press\",\"isPartOf\":{\"@id\":\"https:\/\/eurytionpress.com\/en\/#website\"},\"primaryImageOfPage\":{\"@id\":\"https:\/\/eurytionpress.com\/en\/research-and-training-experiences-in-social-sciences-2\/#primaryimage\"},\"image\":{\"@id\":\"https:\/\/eurytionpress.com\/en\/research-and-training-experiences-in-social-sciences-2\/#primaryimage\"},\"thumbnailUrl\":\"https:\/\/eurytionpress.com\/wp-content\/uploads\/2025\/07\/research-and-training-digital.png\",\"datePublished\":\"2025-07-01T13:24:51+00:00\",\"breadcrumb\":{\"@id\":\"https:\/\/eurytionpress.com\/en\/research-and-training-experiences-in-social-sciences-2\/#breadcrumb\"},\"inLanguage\":\"en-US\",\"potentialAction\":[{\"@type\":\"ReadAction\",\"target\":[\"https:\/\/eurytionpress.com\/en\/research-and-training-experiences-in-social-sciences-2\/\"]}]},{\"@type\":\"ImageObject\",\"inLanguage\":\"en-US\",\"@id\":\"https:\/\/eurytionpress.com\/en\/research-and-training-experiences-in-social-sciences-2\/#primaryimage\",\"url\":\"https:\/\/eurytionpress.com\/wp-content\/uploads\/2025\/07\/research-and-training-digital.png\",\"contentUrl\":\"https:\/\/eurytionpress.com\/wp-content\/uploads\/2025\/07\/research-and-training-digital.png\",\"width\":802,\"height\":1170},{\"@type\":\"BreadcrumbList\",\"@id\":\"https:\/\/eurytionpress.com\/en\/research-and-training-experiences-in-social-sciences-2\/#breadcrumb\",\"itemListElement\":[{\"@type\":\"ListItem\",\"position\":1,\"name\":\"Portada\",\"item\":\"https:\/\/eurytionpress.com\/en\/\"},{\"@type\":\"ListItem\",\"position\":2,\"name\":\"Libros\",\"item\":\"https:\/\/eurytionpress.com\/libros-2\/\"},{\"@type\":\"ListItem\",\"position\":3,\"name\":\"Research and Training Experiences in Social Sciences\"}]},{\"@type\":\"WebSite\",\"@id\":\"https:\/\/eurytionpress.com\/en\/#website\",\"url\":\"https:\/\/eurytionpress.com\/en\/\",\"name\":\"Eurytion Press\",\"description\":\"Editorial de libros cient\u00edficos y acad\u00e9micos\",\"publisher\":{\"@id\":\"https:\/\/eurytionpress.com\/en\/#organization\"},\"potentialAction\":[{\"@type\":\"SearchAction\",\"target\":{\"@type\":\"EntryPoint\",\"urlTemplate\":\"https:\/\/eurytionpress.com\/en\/?s={search_term_string}\"},\"query-input\":{\"@type\":\"PropertyValueSpecification\",\"valueRequired\":true,\"valueName\":\"search_term_string\"}}],\"inLanguage\":\"en-US\"},{\"@type\":\"Organization\",\"@id\":\"https:\/\/eurytionpress.com\/en\/#organization\",\"name\":\"Eurytion Press\",\"url\":\"https:\/\/eurytionpress.com\/en\/\",\"logo\":{\"@type\":\"ImageObject\",\"inLanguage\":\"en-US\",\"@id\":\"https:\/\/eurytionpress.com\/en\/#\/schema\/logo\/image\/\",\"url\":\"https:\/\/eurytionpress.com\/wp-content\/uploads\/2025\/07\/eurityon-press.png\",\"contentUrl\":\"https:\/\/eurytionpress.com\/wp-content\/uploads\/2025\/07\/eurityon-press.png\",\"width\":229,\"height\":46,\"caption\":\"Eurytion Press\"},\"image\":{\"@id\":\"https:\/\/eurytionpress.com\/en\/#\/schema\/logo\/image\/\"}}]}<\/script>\n<!-- \/ Yoast SEO plugin. -->","yoast_head_json":{"title":"Research and Training Experiences in Social Sciences - Eurytion Press","robots":{"index":"index","follow":"follow","max-snippet":"max-snippet:-1","max-image-preview":"max-image-preview:large","max-video-preview":"max-video-preview:-1"},"canonical":"https:\/\/eurytionpress.com\/en\/research-and-training-experiences-in-social-sciences-2\/","og_locale":"en_US","og_type":"article","og_title":"Research and Training Experiences in Social Sciences - Eurytion Press","og_description":"Improving methodologies to achieve objective knowledge is one of the current challenges of the social sciences. It is not only a question of scientific information; this knowledge must also be used for quality university education. Naturally, it must be employed to create a more educated and cultured society. In this work, which results from the efforts of researchers from many universities in the Ibero-American sphere, different works are gathered around this important issue. Most of them are multidisciplinary and focus on issues related to research and training in the social sciences. They integrate information and communication technologies (ICT) and the digital paradigm into the methodological processes. The new society in which we live, dominated by technology, has completely transformed the traditional methods used in the disciplines that make up this set of sciences. This book is, therefore, useful for scientists, researchers, teachers, and students. It is worth noting that its chapters present interesting research with innovative methodologies and that all of them have a formative purpose. At the same time, they have didactic experiences in various fields of education: higher education, language teaching, digital platforms, science teaching, coaching, inclusive education, education in values, and others. This book is particularly relevant for social science researchers, educators, and postgraduate students interested in methodological advancements, ICT integration, and cross-disciplinary training approaches. Professionals working within the specific educational fields discussed will also find valuable research-informed experiences.","og_url":"https:\/\/eurytionpress.com\/en\/research-and-training-experiences-in-social-sciences-2\/","og_site_name":"Eurytion Press","og_image":[{"width":802,"height":1170,"url":"https:\/\/eurytionpress.com\/wp-content\/uploads\/2025\/07\/research-and-training-digital.png","type":"image\/png"}],"twitter_card":"summary_large_image","schema":{"@context":"https:\/\/schema.org","@graph":[{"@type":"WebPage","@id":"https:\/\/eurytionpress.com\/en\/research-and-training-experiences-in-social-sciences-2\/","url":"https:\/\/eurytionpress.com\/en\/research-and-training-experiences-in-social-sciences-2\/","name":"Research and Training Experiences in Social Sciences - Eurytion Press","isPartOf":{"@id":"https:\/\/eurytionpress.com\/en\/#website"},"primaryImageOfPage":{"@id":"https:\/\/eurytionpress.com\/en\/research-and-training-experiences-in-social-sciences-2\/#primaryimage"},"image":{"@id":"https:\/\/eurytionpress.com\/en\/research-and-training-experiences-in-social-sciences-2\/#primaryimage"},"thumbnailUrl":"https:\/\/eurytionpress.com\/wp-content\/uploads\/2025\/07\/research-and-training-digital.png","datePublished":"2025-07-01T13:24:51+00:00","breadcrumb":{"@id":"https:\/\/eurytionpress.com\/en\/research-and-training-experiences-in-social-sciences-2\/#breadcrumb"},"inLanguage":"en-US","potentialAction":[{"@type":"ReadAction","target":["https:\/\/eurytionpress.com\/en\/research-and-training-experiences-in-social-sciences-2\/"]}]},{"@type":"ImageObject","inLanguage":"en-US","@id":"https:\/\/eurytionpress.com\/en\/research-and-training-experiences-in-social-sciences-2\/#primaryimage","url":"https:\/\/eurytionpress.com\/wp-content\/uploads\/2025\/07\/research-and-training-digital.png","contentUrl":"https:\/\/eurytionpress.com\/wp-content\/uploads\/2025\/07\/research-and-training-digital.png","width":802,"height":1170},{"@type":"BreadcrumbList","@id":"https:\/\/eurytionpress.com\/en\/research-and-training-experiences-in-social-sciences-2\/#breadcrumb","itemListElement":[{"@type":"ListItem","position":1,"name":"Portada","item":"https:\/\/eurytionpress.com\/en\/"},{"@type":"ListItem","position":2,"name":"Libros","item":"https:\/\/eurytionpress.com\/libros-2\/"},{"@type":"ListItem","position":3,"name":"Research and Training Experiences in Social Sciences"}]},{"@type":"WebSite","@id":"https:\/\/eurytionpress.com\/en\/#website","url":"https:\/\/eurytionpress.com\/en\/","name":"Eurytion Press","description":"Editorial de libros cient\u00edficos y acad\u00e9micos","publisher":{"@id":"https:\/\/eurytionpress.com\/en\/#organization"},"potentialAction":[{"@type":"SearchAction","target":{"@type":"EntryPoint","urlTemplate":"https:\/\/eurytionpress.com\/en\/?s={search_term_string}"},"query-input":{"@type":"PropertyValueSpecification","valueRequired":true,"valueName":"search_term_string"}}],"inLanguage":"en-US"},{"@type":"Organization","@id":"https:\/\/eurytionpress.com\/en\/#organization","name":"Eurytion Press","url":"https:\/\/eurytionpress.com\/en\/","logo":{"@type":"ImageObject","inLanguage":"en-US","@id":"https:\/\/eurytionpress.com\/en\/#\/schema\/logo\/image\/","url":"https:\/\/eurytionpress.com\/wp-content\/uploads\/2025\/07\/eurityon-press.png","contentUrl":"https:\/\/eurytionpress.com\/wp-content\/uploads\/2025\/07\/eurityon-press.png","width":229,"height":46,"caption":"Eurytion Press"},"image":{"@id":"https:\/\/eurytionpress.com\/en\/#\/schema\/logo\/image\/"}}]}},"_links":{"self":[{"href":"https:\/\/eurytionpress.com\/en\/wp-json\/wp\/v2\/product\/23638","targetHints":{"allow":["GET"]}}],"collection":[{"href":"https:\/\/eurytionpress.com\/en\/wp-json\/wp\/v2\/product"}],"about":[{"href":"https:\/\/eurytionpress.com\/en\/wp-json\/wp\/v2\/types\/product"}],"replies":[{"embeddable":true,"href":"https:\/\/eurytionpress.com\/en\/wp-json\/wp\/v2\/comments?post=23638"}],"wp:featuredmedia":[{"embeddable":true,"href":"https:\/\/eurytionpress.com\/en\/wp-json\/wp\/v2\/media\/22696"}],"wp:attachment":[{"href":"https:\/\/eurytionpress.com\/en\/wp-json\/wp\/v2\/media?parent=23638"}],"wp:term":[{"taxonomy":"product_brand","embeddable":true,"href":"https:\/\/eurytionpress.com\/en\/wp-json\/wp\/v2\/product_brand?post=23638"},{"taxonomy":"product_cat","embeddable":true,"href":"https:\/\/eurytionpress.com\/en\/wp-json\/wp\/v2\/product_cat?post=23638"},{"taxonomy":"product_tag","embeddable":true,"href":"https:\/\/eurytionpress.com\/en\/wp-json\/wp\/v2\/product_tag?post=23638"}],"curies":[{"name":"wp","href":"https:\/\/api.w.org\/{rel}","templated":true}]}}