{"id":23642,"date":"2025-07-01T15:22:48","date_gmt":"2025-07-01T13:22:48","guid":{"rendered":"https:\/\/wpempresa.com\/eurytion\/reflexiones-de-la-universidad-en-la-era-digital\/"},"modified":"2025-07-01T15:22:48","modified_gmt":"2025-07-01T13:22:48","slug":"reflexiones-de-la-universidad-en-la-era-digital","status":"publish","type":"product","link":"https:\/\/eurytionpress.com\/en\/reflexiones-de-la-universidad-en-la-era-digital\/","title":{"rendered":"Reflexiones de la Universidad en la Era Digital"},"content":{"rendered":"<p>Benhayon Benarroch, Miriam, y Miguel Albujas Dorta. Reflexiones de la Universidad en la Era Digital. Badajoz: Eurytion Press, 2024.<\/p>\n","protected":false},"excerpt":{"rendered":"<p>Esta obra colectiva ofrece una visi\u00f3n panor\u00e1mica y multidisciplinaria de los retos y oportunidades que enfrenta la educaci\u00f3n superior en la era digital. Re\u00fane un amplio conjunto de estudios que, desde diversas perspectivas acad\u00e9micas, abordan temas cruciales tratados hoy en la universidad contempor\u00e1nea. Los autores, destacados investigadores y docentes en sus respectivos campos, presentan an\u00e1lisis innovadores que abarcan desde la pedagog\u00eda y la tecnolog\u00eda educativa hasta la ingenier\u00eda y las humanidades. Cada cap\u00edtulo aporta nuevas perspectivas metodol\u00f3gicas y te\u00f3ricas, contribuyendo al avance del conocimiento en \u00e1reas clave para el futuro de la educaci\u00f3n universitaria. Se recogen, adem\u00e1s, l\u00edneas de investigaci\u00f3n de gran relevancia en el contexto de la docencia universitaria. Entre otras se incluyen las relacionadas con la implementaci\u00f3n de estrategias de gamificaci\u00f3n en la ense\u00f1anza, el desarrollo de competencias digitales, la adaptaci\u00f3n de modelos pedag\u00f3gicos tradicionales a entornos virtuales, y la integraci\u00f3n de tecnolog\u00edas emergentes en el aula. Los lectores encontrar\u00e1n an\u00e1lisis rigurosos, basados en experiencias pr\u00e1cticas, estudios de caso, y novedosas reflexiones, sobre el papel de la universidad en la formaci\u00f3n de profesionales para un mundo cada vez m\u00e1s digitalizado. La obra destaca por su enfoque interdisciplinario, combinando m\u00e9todos de investigaci\u00f3n educativa, tecnol\u00f3gica, sociol\u00f3gica y experimental, entre otros. Este volumen no solo contribuye al debate acad\u00e9mico actual sobre la transformaci\u00f3n digital de la educaci\u00f3n superior y las l\u00edneas emergentes de investigaci\u00f3n, sino que tambi\u00e9n ofrece valiosas perspectivas para estudiantes, docentes, cient\u00edficos y administradores universitarios. \u201cReflexiones de la Universidad en la Era Digital\u201d representa una lectura muy recomendable para todos aquellos involucrados en la educaci\u00f3n superior y comprometidos con su evoluci\u00f3n en el contexto de la revoluci\u00f3n digital. Esta obra colectiva no solo analiza el presente de la universidad, sino que tambi\u00e9n proyecta una visi\u00f3n del futuro de esta instituci\u00f3n en un mundo cada vez m\u00e1s interconectado y tecnol\u00f3gicamente avanzado.<\/p>\n","protected":false},"featured_media":22680,"comment_status":"closed","ping_status":"open","template":"","meta":[],"product_brand":[],"product_cat":[680],"product_tag":[],"class_list":{"0":"post-23642","1":"product","2":"type-product","3":"status-publish","4":"has-post-thumbnail","6":"product_cat-printedbook-en","8":"first","9":"instock","10":"product-type-external"},"yoast_head":"<!-- This site is optimized with the Yoast SEO plugin v25.3.1 - https:\/\/yoast.com\/wordpress\/plugins\/seo\/ -->\n<title>Reflexiones de la Universidad en la Era Digital - Eurytion Press<\/title>\n<meta name=\"robots\" content=\"index, follow, max-snippet:-1, max-image-preview:large, max-video-preview:-1\" \/>\n<link rel=\"canonical\" href=\"https:\/\/eurytionpress.com\/en\/reflexiones-de-la-universidad-en-la-era-digital\/\" \/>\n<meta property=\"og:locale\" content=\"en_US\" \/>\n<meta property=\"og:type\" content=\"article\" \/>\n<meta property=\"og:title\" content=\"Reflexiones de la Universidad en la Era Digital - Eurytion Press\" \/>\n<meta property=\"og:description\" content=\"Esta obra colectiva ofrece una visi\u00f3n panor\u00e1mica y multidisciplinaria de los retos y oportunidades que enfrenta la educaci\u00f3n superior en la era digital. Re\u00fane un amplio conjunto de estudios que, desde diversas perspectivas acad\u00e9micas, abordan temas cruciales tratados hoy en la universidad contempor\u00e1nea. Los autores, destacados investigadores y docentes en sus respectivos campos, presentan an\u00e1lisis innovadores que abarcan desde la pedagog\u00eda y la tecnolog\u00eda educativa hasta la ingenier\u00eda y las humanidades. Cada cap\u00edtulo aporta nuevas perspectivas metodol\u00f3gicas y te\u00f3ricas, contribuyendo al avance del conocimiento en \u00e1reas clave para el futuro de la educaci\u00f3n universitaria. Se recogen, adem\u00e1s, l\u00edneas de investigaci\u00f3n de gran relevancia en el contexto de la docencia universitaria. Entre otras se incluyen las relacionadas con la implementaci\u00f3n de estrategias de gamificaci\u00f3n en la ense\u00f1anza, el desarrollo de competencias digitales, la adaptaci\u00f3n de modelos pedag\u00f3gicos tradicionales a entornos virtuales, y la integraci\u00f3n de tecnolog\u00edas emergentes en el aula. Los lectores encontrar\u00e1n an\u00e1lisis rigurosos, basados en experiencias pr\u00e1cticas, estudios de caso, y novedosas reflexiones, sobre el papel de la universidad en la formaci\u00f3n de profesionales para un mundo cada vez m\u00e1s digitalizado. La obra destaca por su enfoque interdisciplinario, combinando m\u00e9todos de investigaci\u00f3n educativa, tecnol\u00f3gica, sociol\u00f3gica y experimental, entre otros. Este volumen no solo contribuye al debate acad\u00e9mico actual sobre la transformaci\u00f3n digital de la educaci\u00f3n superior y las l\u00edneas emergentes de investigaci\u00f3n, sino que tambi\u00e9n ofrece valiosas perspectivas para estudiantes, docentes, cient\u00edficos y administradores universitarios. \u201cReflexiones de la Universidad en la Era Digital\u201d representa una lectura muy recomendable para todos aquellos involucrados en la educaci\u00f3n superior y comprometidos con su evoluci\u00f3n en el contexto de la revoluci\u00f3n digital. Esta obra colectiva no solo analiza el presente de la universidad, sino que tambi\u00e9n proyecta una visi\u00f3n del futuro de esta instituci\u00f3n en un mundo cada vez m\u00e1s interconectado y tecnol\u00f3gicamente avanzado.\" \/>\n<meta property=\"og:url\" content=\"https:\/\/eurytionpress.com\/en\/reflexiones-de-la-universidad-en-la-era-digital\/\" \/>\n<meta property=\"og:site_name\" content=\"Eurytion Press\" \/>\n<meta property=\"og:image\" content=\"https:\/\/eurytionpress.com\/wp-content\/uploads\/2025\/07\/reflexiones-de-la-universidad-cover.png\" \/>\n\t<meta property=\"og:image:width\" content=\"794\" \/>\n\t<meta property=\"og:image:height\" content=\"1169\" \/>\n\t<meta property=\"og:image:type\" content=\"image\/png\" \/>\n<meta name=\"twitter:card\" content=\"summary_large_image\" \/>\n<script type=\"application\/ld+json\" class=\"yoast-schema-graph\">{\"@context\":\"https:\/\/schema.org\",\"@graph\":[{\"@type\":\"WebPage\",\"@id\":\"https:\/\/eurytionpress.com\/en\/reflexiones-de-la-universidad-en-la-era-digital\/\",\"url\":\"https:\/\/eurytionpress.com\/en\/reflexiones-de-la-universidad-en-la-era-digital\/\",\"name\":\"Reflexiones de la Universidad en la Era Digital - Eurytion Press\",\"isPartOf\":{\"@id\":\"https:\/\/eurytionpress.com\/en\/#website\"},\"primaryImageOfPage\":{\"@id\":\"https:\/\/eurytionpress.com\/en\/reflexiones-de-la-universidad-en-la-era-digital\/#primaryimage\"},\"image\":{\"@id\":\"https:\/\/eurytionpress.com\/en\/reflexiones-de-la-universidad-en-la-era-digital\/#primaryimage\"},\"thumbnailUrl\":\"https:\/\/eurytionpress.com\/wp-content\/uploads\/2025\/07\/reflexiones-de-la-universidad-cover.png\",\"datePublished\":\"2025-07-01T13:22:48+00:00\",\"breadcrumb\":{\"@id\":\"https:\/\/eurytionpress.com\/en\/reflexiones-de-la-universidad-en-la-era-digital\/#breadcrumb\"},\"inLanguage\":\"en-US\",\"potentialAction\":[{\"@type\":\"ReadAction\",\"target\":[\"https:\/\/eurytionpress.com\/en\/reflexiones-de-la-universidad-en-la-era-digital\/\"]}]},{\"@type\":\"ImageObject\",\"inLanguage\":\"en-US\",\"@id\":\"https:\/\/eurytionpress.com\/en\/reflexiones-de-la-universidad-en-la-era-digital\/#primaryimage\",\"url\":\"https:\/\/eurytionpress.com\/wp-content\/uploads\/2025\/07\/reflexiones-de-la-universidad-cover.png\",\"contentUrl\":\"https:\/\/eurytionpress.com\/wp-content\/uploads\/2025\/07\/reflexiones-de-la-universidad-cover.png\",\"width\":794,\"height\":1169},{\"@type\":\"BreadcrumbList\",\"@id\":\"https:\/\/eurytionpress.com\/en\/reflexiones-de-la-universidad-en-la-era-digital\/#breadcrumb\",\"itemListElement\":[{\"@type\":\"ListItem\",\"position\":1,\"name\":\"Portada\",\"item\":\"https:\/\/eurytionpress.com\/en\/\"},{\"@type\":\"ListItem\",\"position\":2,\"name\":\"Libros\",\"item\":\"https:\/\/eurytionpress.com\/libros-2\/\"},{\"@type\":\"ListItem\",\"position\":3,\"name\":\"Reflexiones de la Universidad en la Era Digital\"}]},{\"@type\":\"WebSite\",\"@id\":\"https:\/\/eurytionpress.com\/en\/#website\",\"url\":\"https:\/\/eurytionpress.com\/en\/\",\"name\":\"Eurytion Press\",\"description\":\"Editorial de libros cient\u00edficos y acad\u00e9micos\",\"publisher\":{\"@id\":\"https:\/\/eurytionpress.com\/en\/#organization\"},\"potentialAction\":[{\"@type\":\"SearchAction\",\"target\":{\"@type\":\"EntryPoint\",\"urlTemplate\":\"https:\/\/eurytionpress.com\/en\/?s={search_term_string}\"},\"query-input\":{\"@type\":\"PropertyValueSpecification\",\"valueRequired\":true,\"valueName\":\"search_term_string\"}}],\"inLanguage\":\"en-US\"},{\"@type\":\"Organization\",\"@id\":\"https:\/\/eurytionpress.com\/en\/#organization\",\"name\":\"Eurytion Press\",\"url\":\"https:\/\/eurytionpress.com\/en\/\",\"logo\":{\"@type\":\"ImageObject\",\"inLanguage\":\"en-US\",\"@id\":\"https:\/\/eurytionpress.com\/en\/#\/schema\/logo\/image\/\",\"url\":\"https:\/\/eurytionpress.com\/wp-content\/uploads\/2025\/07\/eurityon-press.png\",\"contentUrl\":\"https:\/\/eurytionpress.com\/wp-content\/uploads\/2025\/07\/eurityon-press.png\",\"width\":229,\"height\":46,\"caption\":\"Eurytion Press\"},\"image\":{\"@id\":\"https:\/\/eurytionpress.com\/en\/#\/schema\/logo\/image\/\"}}]}<\/script>\n<!-- \/ Yoast SEO plugin. -->","yoast_head_json":{"title":"Reflexiones de la Universidad en la Era Digital - Eurytion Press","robots":{"index":"index","follow":"follow","max-snippet":"max-snippet:-1","max-image-preview":"max-image-preview:large","max-video-preview":"max-video-preview:-1"},"canonical":"https:\/\/eurytionpress.com\/en\/reflexiones-de-la-universidad-en-la-era-digital\/","og_locale":"en_US","og_type":"article","og_title":"Reflexiones de la Universidad en la Era Digital - Eurytion Press","og_description":"Esta obra colectiva ofrece una visi\u00f3n panor\u00e1mica y multidisciplinaria de los retos y oportunidades que enfrenta la educaci\u00f3n superior en la era digital. Re\u00fane un amplio conjunto de estudios que, desde diversas perspectivas acad\u00e9micas, abordan temas cruciales tratados hoy en la universidad contempor\u00e1nea. Los autores, destacados investigadores y docentes en sus respectivos campos, presentan an\u00e1lisis innovadores que abarcan desde la pedagog\u00eda y la tecnolog\u00eda educativa hasta la ingenier\u00eda y las humanidades. Cada cap\u00edtulo aporta nuevas perspectivas metodol\u00f3gicas y te\u00f3ricas, contribuyendo al avance del conocimiento en \u00e1reas clave para el futuro de la educaci\u00f3n universitaria. Se recogen, adem\u00e1s, l\u00edneas de investigaci\u00f3n de gran relevancia en el contexto de la docencia universitaria. Entre otras se incluyen las relacionadas con la implementaci\u00f3n de estrategias de gamificaci\u00f3n en la ense\u00f1anza, el desarrollo de competencias digitales, la adaptaci\u00f3n de modelos pedag\u00f3gicos tradicionales a entornos virtuales, y la integraci\u00f3n de tecnolog\u00edas emergentes en el aula. Los lectores encontrar\u00e1n an\u00e1lisis rigurosos, basados en experiencias pr\u00e1cticas, estudios de caso, y novedosas reflexiones, sobre el papel de la universidad en la formaci\u00f3n de profesionales para un mundo cada vez m\u00e1s digitalizado. La obra destaca por su enfoque interdisciplinario, combinando m\u00e9todos de investigaci\u00f3n educativa, tecnol\u00f3gica, sociol\u00f3gica y experimental, entre otros. Este volumen no solo contribuye al debate acad\u00e9mico actual sobre la transformaci\u00f3n digital de la educaci\u00f3n superior y las l\u00edneas emergentes de investigaci\u00f3n, sino que tambi\u00e9n ofrece valiosas perspectivas para estudiantes, docentes, cient\u00edficos y administradores universitarios. \u201cReflexiones de la Universidad en la Era Digital\u201d representa una lectura muy recomendable para todos aquellos involucrados en la educaci\u00f3n superior y comprometidos con su evoluci\u00f3n en el contexto de la revoluci\u00f3n digital. Esta obra colectiva no solo analiza el presente de la universidad, sino que tambi\u00e9n proyecta una visi\u00f3n del futuro de esta instituci\u00f3n en un mundo cada vez m\u00e1s interconectado y tecnol\u00f3gicamente avanzado.","og_url":"https:\/\/eurytionpress.com\/en\/reflexiones-de-la-universidad-en-la-era-digital\/","og_site_name":"Eurytion Press","og_image":[{"width":794,"height":1169,"url":"https:\/\/eurytionpress.com\/wp-content\/uploads\/2025\/07\/reflexiones-de-la-universidad-cover.png","type":"image\/png"}],"twitter_card":"summary_large_image","schema":{"@context":"https:\/\/schema.org","@graph":[{"@type":"WebPage","@id":"https:\/\/eurytionpress.com\/en\/reflexiones-de-la-universidad-en-la-era-digital\/","url":"https:\/\/eurytionpress.com\/en\/reflexiones-de-la-universidad-en-la-era-digital\/","name":"Reflexiones de la Universidad en la Era Digital - Eurytion Press","isPartOf":{"@id":"https:\/\/eurytionpress.com\/en\/#website"},"primaryImageOfPage":{"@id":"https:\/\/eurytionpress.com\/en\/reflexiones-de-la-universidad-en-la-era-digital\/#primaryimage"},"image":{"@id":"https:\/\/eurytionpress.com\/en\/reflexiones-de-la-universidad-en-la-era-digital\/#primaryimage"},"thumbnailUrl":"https:\/\/eurytionpress.com\/wp-content\/uploads\/2025\/07\/reflexiones-de-la-universidad-cover.png","datePublished":"2025-07-01T13:22:48+00:00","breadcrumb":{"@id":"https:\/\/eurytionpress.com\/en\/reflexiones-de-la-universidad-en-la-era-digital\/#breadcrumb"},"inLanguage":"en-US","potentialAction":[{"@type":"ReadAction","target":["https:\/\/eurytionpress.com\/en\/reflexiones-de-la-universidad-en-la-era-digital\/"]}]},{"@type":"ImageObject","inLanguage":"en-US","@id":"https:\/\/eurytionpress.com\/en\/reflexiones-de-la-universidad-en-la-era-digital\/#primaryimage","url":"https:\/\/eurytionpress.com\/wp-content\/uploads\/2025\/07\/reflexiones-de-la-universidad-cover.png","contentUrl":"https:\/\/eurytionpress.com\/wp-content\/uploads\/2025\/07\/reflexiones-de-la-universidad-cover.png","width":794,"height":1169},{"@type":"BreadcrumbList","@id":"https:\/\/eurytionpress.com\/en\/reflexiones-de-la-universidad-en-la-era-digital\/#breadcrumb","itemListElement":[{"@type":"ListItem","position":1,"name":"Portada","item":"https:\/\/eurytionpress.com\/en\/"},{"@type":"ListItem","position":2,"name":"Libros","item":"https:\/\/eurytionpress.com\/libros-2\/"},{"@type":"ListItem","position":3,"name":"Reflexiones de la Universidad en la Era Digital"}]},{"@type":"WebSite","@id":"https:\/\/eurytionpress.com\/en\/#website","url":"https:\/\/eurytionpress.com\/en\/","name":"Eurytion Press","description":"Editorial de libros cient\u00edficos y acad\u00e9micos","publisher":{"@id":"https:\/\/eurytionpress.com\/en\/#organization"},"potentialAction":[{"@type":"SearchAction","target":{"@type":"EntryPoint","urlTemplate":"https:\/\/eurytionpress.com\/en\/?s={search_term_string}"},"query-input":{"@type":"PropertyValueSpecification","valueRequired":true,"valueName":"search_term_string"}}],"inLanguage":"en-US"},{"@type":"Organization","@id":"https:\/\/eurytionpress.com\/en\/#organization","name":"Eurytion Press","url":"https:\/\/eurytionpress.com\/en\/","logo":{"@type":"ImageObject","inLanguage":"en-US","@id":"https:\/\/eurytionpress.com\/en\/#\/schema\/logo\/image\/","url":"https:\/\/eurytionpress.com\/wp-content\/uploads\/2025\/07\/eurityon-press.png","contentUrl":"https:\/\/eurytionpress.com\/wp-content\/uploads\/2025\/07\/eurityon-press.png","width":229,"height":46,"caption":"Eurytion Press"},"image":{"@id":"https:\/\/eurytionpress.com\/en\/#\/schema\/logo\/image\/"}}]}},"_links":{"self":[{"href":"https:\/\/eurytionpress.com\/en\/wp-json\/wp\/v2\/product\/23642","targetHints":{"allow":["GET"]}}],"collection":[{"href":"https:\/\/eurytionpress.com\/en\/wp-json\/wp\/v2\/product"}],"about":[{"href":"https:\/\/eurytionpress.com\/en\/wp-json\/wp\/v2\/types\/product"}],"replies":[{"embeddable":true,"href":"https:\/\/eurytionpress.com\/en\/wp-json\/wp\/v2\/comments?post=23642"}],"wp:featuredmedia":[{"embeddable":true,"href":"https:\/\/eurytionpress.com\/en\/wp-json\/wp\/v2\/media\/22680"}],"wp:attachment":[{"href":"https:\/\/eurytionpress.com\/en\/wp-json\/wp\/v2\/media?parent=23642"}],"wp:term":[{"taxonomy":"product_brand","embeddable":true,"href":"https:\/\/eurytionpress.com\/en\/wp-json\/wp\/v2\/product_brand?post=23642"},{"taxonomy":"product_cat","embeddable":true,"href":"https:\/\/eurytionpress.com\/en\/wp-json\/wp\/v2\/product_cat?post=23642"},{"taxonomy":"product_tag","embeddable":true,"href":"https:\/\/eurytionpress.com\/en\/wp-json\/wp\/v2\/product_tag?post=23642"}],"curies":[{"name":"wp","href":"https:\/\/api.w.org\/{rel}","templated":true}]}}