{"id":23643,"date":"2025-07-01T15:22:38","date_gmt":"2025-07-01T13:22:38","guid":{"rendered":"https:\/\/wpempresa.com\/eurytion\/reflections-on-investigating-the-complexity-of-social-cohesion-in-the-era-of-globalization\/"},"modified":"2025-07-01T15:22:38","modified_gmt":"2025-07-01T13:22:38","slug":"reflections-on-investigating-the-complexity-of-social-cohesion-in-the-era-of-globalization","status":"publish","type":"product","link":"https:\/\/eurytionpress.com\/en\/reflections-on-investigating-the-complexity-of-social-cohesion-in-the-era-of-globalization\/","title":{"rendered":"Reflections on Investigating the Complexity of Social Cohesion in the Era of Globalization"},"content":{"rendered":"<p>Mac Fadden, Isotta, Eloy L\u00f3pez Meneses, Jos\u00e9 Luis Sarasola S\u00e1nchez-Serrano, y Jos\u00e9 G\u00f3mez Gal\u00e1n. Reflections on Investigating the Complexity of Social Cohesion in the Era of Globalization. Badajoz: Eurytion Press, 2020.<\/p>\n","protected":false},"excerpt":{"rendered":"<p>The sustainable development of global citizenship needs to prioritize the growth and empowerment of its social network to promote social inclusion and equal opportunities, especially for groups at risk of social exclusion. Thus, the aim of this book, &#8220;Reflections on Investigating the Complexity of Social Cohesion in the Era of Globalization&#8221; is to describe and analyze the effects of globalization on social cohesion and to emphasize the need for a change in social intervention under the auspices of the human development paradigm in symbiosis with the new concept of locally advanced marginality that from a polyhedral perspective allows the analysis of contexts of social vulnerabilities. Likewise, this work intends to stimulate and promote an eco-social space for the development of social welfare and the individual&#8217;s quality of life. On the other hand, the educational intention of this research study lies in analyzing how the construction of social spaces influences the reproduction of advanced marginality. This concept expresses the increase in inequality in urban contexts, indicating a functional disconnection at the macro-economic level. The main characteristics of marginality are conceived as a multidimensional phenomenon, taking as reference the political, economic, and social axes along with the levels (macro-meso and micro), that is, the macro-level of the social and economic structure showing the effects of post-Fordist transformation processes and globalization. Starting from an in-depth analysis of how marginality is constructed \u2013-and deconstructed\u2013 tools for constructing places are proposed and starting points for creating new cohesion models. In short, the book is based on five chapters, in which the theme of social cohesion is glimpsed through the advanced marginality approach to offer methodological tools for research and intervention in vulnerable and collective neighborhoods at risk of social exclusion. This scientific work is embedded in SDG 10 (Reduction of inequalities). The present book is primarily aimed at researchers, postgraduate students, and practitioners in sociology, social work, urban planning, public policy, and development studies.<\/p>\n","protected":false},"featured_media":22676,"comment_status":"closed","ping_status":"open","template":"","meta":[],"product_brand":[],"product_cat":[680],"product_tag":[],"class_list":{"0":"post-23643","1":"product","2":"type-product","3":"status-publish","4":"has-post-thumbnail","6":"product_cat-printedbook-en","8":"first","9":"instock","10":"product-type-external"},"yoast_head":"<!-- This site is optimized with the Yoast SEO plugin v25.3.1 - https:\/\/yoast.com\/wordpress\/plugins\/seo\/ -->\n<title>Reflections on Investigating the Complexity of Social Cohesion in the Era of Globalization - Eurytion Press<\/title>\n<meta name=\"robots\" content=\"index, follow, max-snippet:-1, max-image-preview:large, max-video-preview:-1\" \/>\n<link rel=\"canonical\" href=\"https:\/\/eurytionpress.com\/en\/reflections-on-investigating-the-complexity-of-social-cohesion-in-the-era-of-globalization\/\" \/>\n<meta property=\"og:locale\" content=\"en_US\" \/>\n<meta property=\"og:type\" content=\"article\" \/>\n<meta property=\"og:title\" content=\"Reflections on Investigating the Complexity of Social Cohesion in the Era of Globalization - Eurytion Press\" \/>\n<meta property=\"og:description\" content=\"The sustainable development of global citizenship needs to prioritize the growth and empowerment of its social network to promote social inclusion and equal opportunities, especially for groups at risk of social exclusion. Thus, the aim of this book, &quot;Reflections on Investigating the Complexity of Social Cohesion in the Era of Globalization&quot; is to describe and analyze the effects of globalization on social cohesion and to emphasize the need for a change in social intervention under the auspices of the human development paradigm in symbiosis with the new concept of locally advanced marginality that from a polyhedral perspective allows the analysis of contexts of social vulnerabilities. Likewise, this work intends to stimulate and promote an eco-social space for the development of social welfare and the individual&#039;s quality of life. On the other hand, the educational intention of this research study lies in analyzing how the construction of social spaces influences the reproduction of advanced marginality. This concept expresses the increase in inequality in urban contexts, indicating a functional disconnection at the macro-economic level. The main characteristics of marginality are conceived as a multidimensional phenomenon, taking as reference the political, economic, and social axes along with the levels (macro-meso and micro), that is, the macro-level of the social and economic structure showing the effects of post-Fordist transformation processes and globalization. Starting from an in-depth analysis of how marginality is constructed \u2013-and deconstructed\u2013 tools for constructing places are proposed and starting points for creating new cohesion models. In short, the book is based on five chapters, in which the theme of social cohesion is glimpsed through the advanced marginality approach to offer methodological tools for research and intervention in vulnerable and collective neighborhoods at risk of social exclusion. This scientific work is embedded in SDG 10 (Reduction of inequalities). The present book is primarily aimed at researchers, postgraduate students, and practitioners in sociology, social work, urban planning, public policy, and development studies.\" \/>\n<meta property=\"og:url\" content=\"https:\/\/eurytionpress.com\/en\/reflections-on-investigating-the-complexity-of-social-cohesion-in-the-era-of-globalization\/\" \/>\n<meta property=\"og:site_name\" content=\"Eurytion Press\" \/>\n<meta property=\"og:image\" content=\"https:\/\/eurytionpress.com\/wp-content\/uploads\/2025\/07\/reflections-social-cohesion-cover.png\" \/>\n\t<meta property=\"og:image:width\" content=\"764\" \/>\n\t<meta property=\"og:image:height\" content=\"1170\" \/>\n\t<meta property=\"og:image:type\" content=\"image\/png\" \/>\n<meta name=\"twitter:card\" content=\"summary_large_image\" \/>\n<script type=\"application\/ld+json\" class=\"yoast-schema-graph\">{\"@context\":\"https:\/\/schema.org\",\"@graph\":[{\"@type\":\"WebPage\",\"@id\":\"https:\/\/eurytionpress.com\/en\/reflections-on-investigating-the-complexity-of-social-cohesion-in-the-era-of-globalization\/\",\"url\":\"https:\/\/eurytionpress.com\/en\/reflections-on-investigating-the-complexity-of-social-cohesion-in-the-era-of-globalization\/\",\"name\":\"Reflections on Investigating the Complexity of Social Cohesion in the Era of Globalization - Eurytion Press\",\"isPartOf\":{\"@id\":\"https:\/\/eurytionpress.com\/en\/#website\"},\"primaryImageOfPage\":{\"@id\":\"https:\/\/eurytionpress.com\/en\/reflections-on-investigating-the-complexity-of-social-cohesion-in-the-era-of-globalization\/#primaryimage\"},\"image\":{\"@id\":\"https:\/\/eurytionpress.com\/en\/reflections-on-investigating-the-complexity-of-social-cohesion-in-the-era-of-globalization\/#primaryimage\"},\"thumbnailUrl\":\"https:\/\/eurytionpress.com\/wp-content\/uploads\/2025\/07\/reflections-social-cohesion-cover.png\",\"datePublished\":\"2025-07-01T13:22:38+00:00\",\"breadcrumb\":{\"@id\":\"https:\/\/eurytionpress.com\/en\/reflections-on-investigating-the-complexity-of-social-cohesion-in-the-era-of-globalization\/#breadcrumb\"},\"inLanguage\":\"en-US\",\"potentialAction\":[{\"@type\":\"ReadAction\",\"target\":[\"https:\/\/eurytionpress.com\/en\/reflections-on-investigating-the-complexity-of-social-cohesion-in-the-era-of-globalization\/\"]}]},{\"@type\":\"ImageObject\",\"inLanguage\":\"en-US\",\"@id\":\"https:\/\/eurytionpress.com\/en\/reflections-on-investigating-the-complexity-of-social-cohesion-in-the-era-of-globalization\/#primaryimage\",\"url\":\"https:\/\/eurytionpress.com\/wp-content\/uploads\/2025\/07\/reflections-social-cohesion-cover.png\",\"contentUrl\":\"https:\/\/eurytionpress.com\/wp-content\/uploads\/2025\/07\/reflections-social-cohesion-cover.png\",\"width\":764,\"height\":1170},{\"@type\":\"BreadcrumbList\",\"@id\":\"https:\/\/eurytionpress.com\/en\/reflections-on-investigating-the-complexity-of-social-cohesion-in-the-era-of-globalization\/#breadcrumb\",\"itemListElement\":[{\"@type\":\"ListItem\",\"position\":1,\"name\":\"Portada\",\"item\":\"https:\/\/eurytionpress.com\/en\/\"},{\"@type\":\"ListItem\",\"position\":2,\"name\":\"Libros\",\"item\":\"https:\/\/eurytionpress.com\/libros-2\/\"},{\"@type\":\"ListItem\",\"position\":3,\"name\":\"Reflections on Investigating the Complexity of Social Cohesion in the Era of Globalization\"}]},{\"@type\":\"WebSite\",\"@id\":\"https:\/\/eurytionpress.com\/en\/#website\",\"url\":\"https:\/\/eurytionpress.com\/en\/\",\"name\":\"Eurytion Press\",\"description\":\"Editorial de libros cient\u00edficos y acad\u00e9micos\",\"publisher\":{\"@id\":\"https:\/\/eurytionpress.com\/en\/#organization\"},\"potentialAction\":[{\"@type\":\"SearchAction\",\"target\":{\"@type\":\"EntryPoint\",\"urlTemplate\":\"https:\/\/eurytionpress.com\/en\/?s={search_term_string}\"},\"query-input\":{\"@type\":\"PropertyValueSpecification\",\"valueRequired\":true,\"valueName\":\"search_term_string\"}}],\"inLanguage\":\"en-US\"},{\"@type\":\"Organization\",\"@id\":\"https:\/\/eurytionpress.com\/en\/#organization\",\"name\":\"Eurytion Press\",\"url\":\"https:\/\/eurytionpress.com\/en\/\",\"logo\":{\"@type\":\"ImageObject\",\"inLanguage\":\"en-US\",\"@id\":\"https:\/\/eurytionpress.com\/en\/#\/schema\/logo\/image\/\",\"url\":\"https:\/\/eurytionpress.com\/wp-content\/uploads\/2025\/07\/eurityon-press.png\",\"contentUrl\":\"https:\/\/eurytionpress.com\/wp-content\/uploads\/2025\/07\/eurityon-press.png\",\"width\":229,\"height\":46,\"caption\":\"Eurytion Press\"},\"image\":{\"@id\":\"https:\/\/eurytionpress.com\/en\/#\/schema\/logo\/image\/\"}}]}<\/script>\n<!-- \/ Yoast SEO plugin. -->","yoast_head_json":{"title":"Reflections on Investigating the Complexity of Social Cohesion in the Era of Globalization - Eurytion Press","robots":{"index":"index","follow":"follow","max-snippet":"max-snippet:-1","max-image-preview":"max-image-preview:large","max-video-preview":"max-video-preview:-1"},"canonical":"https:\/\/eurytionpress.com\/en\/reflections-on-investigating-the-complexity-of-social-cohesion-in-the-era-of-globalization\/","og_locale":"en_US","og_type":"article","og_title":"Reflections on Investigating the Complexity of Social Cohesion in the Era of Globalization - Eurytion Press","og_description":"The sustainable development of global citizenship needs to prioritize the growth and empowerment of its social network to promote social inclusion and equal opportunities, especially for groups at risk of social exclusion. Thus, the aim of this book, \"Reflections on Investigating the Complexity of Social Cohesion in the Era of Globalization\" is to describe and analyze the effects of globalization on social cohesion and to emphasize the need for a change in social intervention under the auspices of the human development paradigm in symbiosis with the new concept of locally advanced marginality that from a polyhedral perspective allows the analysis of contexts of social vulnerabilities. Likewise, this work intends to stimulate and promote an eco-social space for the development of social welfare and the individual's quality of life. On the other hand, the educational intention of this research study lies in analyzing how the construction of social spaces influences the reproduction of advanced marginality. This concept expresses the increase in inequality in urban contexts, indicating a functional disconnection at the macro-economic level. The main characteristics of marginality are conceived as a multidimensional phenomenon, taking as reference the political, economic, and social axes along with the levels (macro-meso and micro), that is, the macro-level of the social and economic structure showing the effects of post-Fordist transformation processes and globalization. Starting from an in-depth analysis of how marginality is constructed \u2013-and deconstructed\u2013 tools for constructing places are proposed and starting points for creating new cohesion models. In short, the book is based on five chapters, in which the theme of social cohesion is glimpsed through the advanced marginality approach to offer methodological tools for research and intervention in vulnerable and collective neighborhoods at risk of social exclusion. This scientific work is embedded in SDG 10 (Reduction of inequalities). The present book is primarily aimed at researchers, postgraduate students, and practitioners in sociology, social work, urban planning, public policy, and development studies.","og_url":"https:\/\/eurytionpress.com\/en\/reflections-on-investigating-the-complexity-of-social-cohesion-in-the-era-of-globalization\/","og_site_name":"Eurytion Press","og_image":[{"width":764,"height":1170,"url":"https:\/\/eurytionpress.com\/wp-content\/uploads\/2025\/07\/reflections-social-cohesion-cover.png","type":"image\/png"}],"twitter_card":"summary_large_image","schema":{"@context":"https:\/\/schema.org","@graph":[{"@type":"WebPage","@id":"https:\/\/eurytionpress.com\/en\/reflections-on-investigating-the-complexity-of-social-cohesion-in-the-era-of-globalization\/","url":"https:\/\/eurytionpress.com\/en\/reflections-on-investigating-the-complexity-of-social-cohesion-in-the-era-of-globalization\/","name":"Reflections on Investigating the Complexity of Social Cohesion in the Era of Globalization - Eurytion Press","isPartOf":{"@id":"https:\/\/eurytionpress.com\/en\/#website"},"primaryImageOfPage":{"@id":"https:\/\/eurytionpress.com\/en\/reflections-on-investigating-the-complexity-of-social-cohesion-in-the-era-of-globalization\/#primaryimage"},"image":{"@id":"https:\/\/eurytionpress.com\/en\/reflections-on-investigating-the-complexity-of-social-cohesion-in-the-era-of-globalization\/#primaryimage"},"thumbnailUrl":"https:\/\/eurytionpress.com\/wp-content\/uploads\/2025\/07\/reflections-social-cohesion-cover.png","datePublished":"2025-07-01T13:22:38+00:00","breadcrumb":{"@id":"https:\/\/eurytionpress.com\/en\/reflections-on-investigating-the-complexity-of-social-cohesion-in-the-era-of-globalization\/#breadcrumb"},"inLanguage":"en-US","potentialAction":[{"@type":"ReadAction","target":["https:\/\/eurytionpress.com\/en\/reflections-on-investigating-the-complexity-of-social-cohesion-in-the-era-of-globalization\/"]}]},{"@type":"ImageObject","inLanguage":"en-US","@id":"https:\/\/eurytionpress.com\/en\/reflections-on-investigating-the-complexity-of-social-cohesion-in-the-era-of-globalization\/#primaryimage","url":"https:\/\/eurytionpress.com\/wp-content\/uploads\/2025\/07\/reflections-social-cohesion-cover.png","contentUrl":"https:\/\/eurytionpress.com\/wp-content\/uploads\/2025\/07\/reflections-social-cohesion-cover.png","width":764,"height":1170},{"@type":"BreadcrumbList","@id":"https:\/\/eurytionpress.com\/en\/reflections-on-investigating-the-complexity-of-social-cohesion-in-the-era-of-globalization\/#breadcrumb","itemListElement":[{"@type":"ListItem","position":1,"name":"Portada","item":"https:\/\/eurytionpress.com\/en\/"},{"@type":"ListItem","position":2,"name":"Libros","item":"https:\/\/eurytionpress.com\/libros-2\/"},{"@type":"ListItem","position":3,"name":"Reflections on Investigating the Complexity of Social Cohesion in the Era of Globalization"}]},{"@type":"WebSite","@id":"https:\/\/eurytionpress.com\/en\/#website","url":"https:\/\/eurytionpress.com\/en\/","name":"Eurytion Press","description":"Editorial de libros cient\u00edficos y acad\u00e9micos","publisher":{"@id":"https:\/\/eurytionpress.com\/en\/#organization"},"potentialAction":[{"@type":"SearchAction","target":{"@type":"EntryPoint","urlTemplate":"https:\/\/eurytionpress.com\/en\/?s={search_term_string}"},"query-input":{"@type":"PropertyValueSpecification","valueRequired":true,"valueName":"search_term_string"}}],"inLanguage":"en-US"},{"@type":"Organization","@id":"https:\/\/eurytionpress.com\/en\/#organization","name":"Eurytion Press","url":"https:\/\/eurytionpress.com\/en\/","logo":{"@type":"ImageObject","inLanguage":"en-US","@id":"https:\/\/eurytionpress.com\/en\/#\/schema\/logo\/image\/","url":"https:\/\/eurytionpress.com\/wp-content\/uploads\/2025\/07\/eurityon-press.png","contentUrl":"https:\/\/eurytionpress.com\/wp-content\/uploads\/2025\/07\/eurityon-press.png","width":229,"height":46,"caption":"Eurytion Press"},"image":{"@id":"https:\/\/eurytionpress.com\/en\/#\/schema\/logo\/image\/"}}]}},"_links":{"self":[{"href":"https:\/\/eurytionpress.com\/en\/wp-json\/wp\/v2\/product\/23643","targetHints":{"allow":["GET"]}}],"collection":[{"href":"https:\/\/eurytionpress.com\/en\/wp-json\/wp\/v2\/product"}],"about":[{"href":"https:\/\/eurytionpress.com\/en\/wp-json\/wp\/v2\/types\/product"}],"replies":[{"embeddable":true,"href":"https:\/\/eurytionpress.com\/en\/wp-json\/wp\/v2\/comments?post=23643"}],"wp:featuredmedia":[{"embeddable":true,"href":"https:\/\/eurytionpress.com\/en\/wp-json\/wp\/v2\/media\/22676"}],"wp:attachment":[{"href":"https:\/\/eurytionpress.com\/en\/wp-json\/wp\/v2\/media?parent=23643"}],"wp:term":[{"taxonomy":"product_brand","embeddable":true,"href":"https:\/\/eurytionpress.com\/en\/wp-json\/wp\/v2\/product_brand?post=23643"},{"taxonomy":"product_cat","embeddable":true,"href":"https:\/\/eurytionpress.com\/en\/wp-json\/wp\/v2\/product_cat?post=23643"},{"taxonomy":"product_tag","embeddable":true,"href":"https:\/\/eurytionpress.com\/en\/wp-json\/wp\/v2\/product_tag?post=23643"}],"curies":[{"name":"wp","href":"https:\/\/api.w.org\/{rel}","templated":true}]}}