{"id":23644,"date":"2025-07-01T15:22:28","date_gmt":"2025-07-01T13:22:28","guid":{"rendered":"https:\/\/wpempresa.com\/eurytion\/preparacion-de-profesionales-en-terapias-respiratorias-retos-y-oportunidades\/"},"modified":"2025-07-01T15:22:28","modified_gmt":"2025-07-01T13:22:28","slug":"preparacion-de-profesionales-en-terapias-respiratorias-retos-y-oportunidades","status":"publish","type":"product","link":"https:\/\/eurytionpress.com\/en\/preparacion-de-profesionales-en-terapias-respiratorias-retos-y-oportunidades\/","title":{"rendered":"Preparaci\u00f3n de Profesionales en Terapias Respiratorias: Retos y Oportunidades"},"content":{"rendered":"<p>Claudio Campos, Linette. Preparaci\u00f3n de Profesionales en Terapias Respiratorias: Retos y Oportunidades. Badajoz: Eurytion Press, 2022.<\/p>\n","protected":false},"excerpt":{"rendered":"<p>Esta obra, \u201cPreparaci\u00f3n de Profesionales en Terapias Respiratorias: Retos y Oportunidades\u201d, basada en la tesis doctoral de la autora, desarrollada en Puerto Rico y para la que se emple\u00f3 una innovadora metodolog\u00eda cualitativa, tiene como objetivo identificar tanto las fortalezas como los retos y oportunidades de la profesi\u00f3n de la terapia respiratoria. Como fortalezas se destaca que es la \u00fanica que cuenta con la pericia en ventilaci\u00f3n mec\u00e1nica, ejerce varias funciones en los hospitales como proveer servicio directo al paciente mientras se educa y orienta a este, y apoya las funciones de los dem\u00e1s profesionales de la salud. En cuanto a los resultados, centrados en los retos y oportunidades, se se\u00f1ala que se trata de una profesi\u00f3n escasamente remunerada y poco valorada en relaci\u00f3n con otras profesiones de la salud; se caracteriza por una emigraci\u00f3n de los terapistas respiratorios hacia otros \u00e1mbitos laborales; un dominio de lo t\u00e9cnico en su capacitaci\u00f3n acad\u00e9mica; escasez de estos profesionales en los hospitales y una necesidad de profesorado cualificado y de especializaciones que respondan a los avances de la salud pulmonar. En este libro se ofrecen estrategias para abordar estos retos de manera eficaz y efectiva. La obra est\u00e1 dirigida fundamentalmente a terapeutas respiratorios en ejercicio y en formaci\u00f3n, administradores hospitalarios y de sistemas de salud, as\u00ed como a docentes e investigadores de programas de terapia respiratoria. Tambi\u00e9n resultar\u00e1 de inter\u00e9s para responsables de la planificaci\u00f3n y las pol\u00edticas sanitarias y contextos sociosanitarios similares.<\/p>\n","protected":false},"featured_media":22672,"comment_status":"closed","ping_status":"open","template":"","meta":[],"product_brand":[],"product_cat":[680],"product_tag":[],"class_list":{"0":"post-23644","1":"product","2":"type-product","3":"status-publish","4":"has-post-thumbnail","6":"product_cat-printedbook-en","8":"first","9":"instock","10":"product-type-external"},"yoast_head":"<!-- This site is optimized with the Yoast SEO plugin v25.3.1 - https:\/\/yoast.com\/wordpress\/plugins\/seo\/ -->\n<title>Preparaci\u00f3n de Profesionales en Terapias Respiratorias: Retos y Oportunidades - Eurytion Press<\/title>\n<meta name=\"robots\" content=\"index, follow, max-snippet:-1, max-image-preview:large, max-video-preview:-1\" \/>\n<link rel=\"canonical\" href=\"https:\/\/eurytionpress.com\/en\/preparacion-de-profesionales-en-terapias-respiratorias-retos-y-oportunidades\/\" \/>\n<meta property=\"og:locale\" content=\"en_US\" \/>\n<meta property=\"og:type\" content=\"article\" \/>\n<meta property=\"og:title\" content=\"Preparaci\u00f3n de Profesionales en Terapias Respiratorias: Retos y Oportunidades - Eurytion Press\" \/>\n<meta property=\"og:description\" content=\"Esta obra, \u201cPreparaci\u00f3n de Profesionales en Terapias Respiratorias: Retos y Oportunidades\u201d, basada en la tesis doctoral de la autora, desarrollada en Puerto Rico y para la que se emple\u00f3 una innovadora metodolog\u00eda cualitativa, tiene como objetivo identificar tanto las fortalezas como los retos y oportunidades de la profesi\u00f3n de la terapia respiratoria. Como fortalezas se destaca que es la \u00fanica que cuenta con la pericia en ventilaci\u00f3n mec\u00e1nica, ejerce varias funciones en los hospitales como proveer servicio directo al paciente mientras se educa y orienta a este, y apoya las funciones de los dem\u00e1s profesionales de la salud. En cuanto a los resultados, centrados en los retos y oportunidades, se se\u00f1ala que se trata de una profesi\u00f3n escasamente remunerada y poco valorada en relaci\u00f3n con otras profesiones de la salud; se caracteriza por una emigraci\u00f3n de los terapistas respiratorios hacia otros \u00e1mbitos laborales; un dominio de lo t\u00e9cnico en su capacitaci\u00f3n acad\u00e9mica; escasez de estos profesionales en los hospitales y una necesidad de profesorado cualificado y de especializaciones que respondan a los avances de la salud pulmonar. En este libro se ofrecen estrategias para abordar estos retos de manera eficaz y efectiva. La obra est\u00e1 dirigida fundamentalmente a terapeutas respiratorios en ejercicio y en formaci\u00f3n, administradores hospitalarios y de sistemas de salud, as\u00ed como a docentes e investigadores de programas de terapia respiratoria. Tambi\u00e9n resultar\u00e1 de inter\u00e9s para responsables de la planificaci\u00f3n y las pol\u00edticas sanitarias y contextos sociosanitarios similares.\" \/>\n<meta property=\"og:url\" content=\"https:\/\/eurytionpress.com\/en\/preparacion-de-profesionales-en-terapias-respiratorias-retos-y-oportunidades\/\" \/>\n<meta property=\"og:site_name\" content=\"Eurytion Press\" \/>\n<meta property=\"og:image\" content=\"https:\/\/eurytionpress.com\/wp-content\/uploads\/2025\/07\/preparacion-de-profesionales-cover.png\" \/>\n\t<meta property=\"og:image:width\" content=\"820\" \/>\n\t<meta property=\"og:image:height\" content=\"1170\" \/>\n\t<meta property=\"og:image:type\" content=\"image\/png\" \/>\n<meta name=\"twitter:card\" content=\"summary_large_image\" \/>\n<script type=\"application\/ld+json\" class=\"yoast-schema-graph\">{\"@context\":\"https:\/\/schema.org\",\"@graph\":[{\"@type\":\"WebPage\",\"@id\":\"https:\/\/eurytionpress.com\/en\/preparacion-de-profesionales-en-terapias-respiratorias-retos-y-oportunidades\/\",\"url\":\"https:\/\/eurytionpress.com\/en\/preparacion-de-profesionales-en-terapias-respiratorias-retos-y-oportunidades\/\",\"name\":\"Preparaci\u00f3n de Profesionales en Terapias Respiratorias: Retos y Oportunidades - Eurytion Press\",\"isPartOf\":{\"@id\":\"https:\/\/eurytionpress.com\/en\/#website\"},\"primaryImageOfPage\":{\"@id\":\"https:\/\/eurytionpress.com\/en\/preparacion-de-profesionales-en-terapias-respiratorias-retos-y-oportunidades\/#primaryimage\"},\"image\":{\"@id\":\"https:\/\/eurytionpress.com\/en\/preparacion-de-profesionales-en-terapias-respiratorias-retos-y-oportunidades\/#primaryimage\"},\"thumbnailUrl\":\"https:\/\/eurytionpress.com\/wp-content\/uploads\/2025\/07\/preparacion-de-profesionales-cover.png\",\"datePublished\":\"2025-07-01T13:22:28+00:00\",\"breadcrumb\":{\"@id\":\"https:\/\/eurytionpress.com\/en\/preparacion-de-profesionales-en-terapias-respiratorias-retos-y-oportunidades\/#breadcrumb\"},\"inLanguage\":\"en-US\",\"potentialAction\":[{\"@type\":\"ReadAction\",\"target\":[\"https:\/\/eurytionpress.com\/en\/preparacion-de-profesionales-en-terapias-respiratorias-retos-y-oportunidades\/\"]}]},{\"@type\":\"ImageObject\",\"inLanguage\":\"en-US\",\"@id\":\"https:\/\/eurytionpress.com\/en\/preparacion-de-profesionales-en-terapias-respiratorias-retos-y-oportunidades\/#primaryimage\",\"url\":\"https:\/\/eurytionpress.com\/wp-content\/uploads\/2025\/07\/preparacion-de-profesionales-cover.png\",\"contentUrl\":\"https:\/\/eurytionpress.com\/wp-content\/uploads\/2025\/07\/preparacion-de-profesionales-cover.png\",\"width\":820,\"height\":1170},{\"@type\":\"BreadcrumbList\",\"@id\":\"https:\/\/eurytionpress.com\/en\/preparacion-de-profesionales-en-terapias-respiratorias-retos-y-oportunidades\/#breadcrumb\",\"itemListElement\":[{\"@type\":\"ListItem\",\"position\":1,\"name\":\"Portada\",\"item\":\"https:\/\/eurytionpress.com\/en\/\"},{\"@type\":\"ListItem\",\"position\":2,\"name\":\"Libros\",\"item\":\"https:\/\/eurytionpress.com\/libros-2\/\"},{\"@type\":\"ListItem\",\"position\":3,\"name\":\"Preparaci\u00f3n de Profesionales en Terapias Respiratorias: Retos y Oportunidades\"}]},{\"@type\":\"WebSite\",\"@id\":\"https:\/\/eurytionpress.com\/en\/#website\",\"url\":\"https:\/\/eurytionpress.com\/en\/\",\"name\":\"Eurytion Press\",\"description\":\"Editorial de libros cient\u00edficos y acad\u00e9micos\",\"publisher\":{\"@id\":\"https:\/\/eurytionpress.com\/en\/#organization\"},\"potentialAction\":[{\"@type\":\"SearchAction\",\"target\":{\"@type\":\"EntryPoint\",\"urlTemplate\":\"https:\/\/eurytionpress.com\/en\/?s={search_term_string}\"},\"query-input\":{\"@type\":\"PropertyValueSpecification\",\"valueRequired\":true,\"valueName\":\"search_term_string\"}}],\"inLanguage\":\"en-US\"},{\"@type\":\"Organization\",\"@id\":\"https:\/\/eurytionpress.com\/en\/#organization\",\"name\":\"Eurytion Press\",\"url\":\"https:\/\/eurytionpress.com\/en\/\",\"logo\":{\"@type\":\"ImageObject\",\"inLanguage\":\"en-US\",\"@id\":\"https:\/\/eurytionpress.com\/en\/#\/schema\/logo\/image\/\",\"url\":\"https:\/\/eurytionpress.com\/wp-content\/uploads\/2025\/07\/eurityon-press.png\",\"contentUrl\":\"https:\/\/eurytionpress.com\/wp-content\/uploads\/2025\/07\/eurityon-press.png\",\"width\":229,\"height\":46,\"caption\":\"Eurytion Press\"},\"image\":{\"@id\":\"https:\/\/eurytionpress.com\/en\/#\/schema\/logo\/image\/\"}}]}<\/script>\n<!-- \/ Yoast SEO plugin. -->","yoast_head_json":{"title":"Preparaci\u00f3n de Profesionales en Terapias Respiratorias: Retos y Oportunidades - Eurytion Press","robots":{"index":"index","follow":"follow","max-snippet":"max-snippet:-1","max-image-preview":"max-image-preview:large","max-video-preview":"max-video-preview:-1"},"canonical":"https:\/\/eurytionpress.com\/en\/preparacion-de-profesionales-en-terapias-respiratorias-retos-y-oportunidades\/","og_locale":"en_US","og_type":"article","og_title":"Preparaci\u00f3n de Profesionales en Terapias Respiratorias: Retos y Oportunidades - Eurytion Press","og_description":"Esta obra, \u201cPreparaci\u00f3n de Profesionales en Terapias Respiratorias: Retos y Oportunidades\u201d, basada en la tesis doctoral de la autora, desarrollada en Puerto Rico y para la que se emple\u00f3 una innovadora metodolog\u00eda cualitativa, tiene como objetivo identificar tanto las fortalezas como los retos y oportunidades de la profesi\u00f3n de la terapia respiratoria. Como fortalezas se destaca que es la \u00fanica que cuenta con la pericia en ventilaci\u00f3n mec\u00e1nica, ejerce varias funciones en los hospitales como proveer servicio directo al paciente mientras se educa y orienta a este, y apoya las funciones de los dem\u00e1s profesionales de la salud. En cuanto a los resultados, centrados en los retos y oportunidades, se se\u00f1ala que se trata de una profesi\u00f3n escasamente remunerada y poco valorada en relaci\u00f3n con otras profesiones de la salud; se caracteriza por una emigraci\u00f3n de los terapistas respiratorios hacia otros \u00e1mbitos laborales; un dominio de lo t\u00e9cnico en su capacitaci\u00f3n acad\u00e9mica; escasez de estos profesionales en los hospitales y una necesidad de profesorado cualificado y de especializaciones que respondan a los avances de la salud pulmonar. En este libro se ofrecen estrategias para abordar estos retos de manera eficaz y efectiva. La obra est\u00e1 dirigida fundamentalmente a terapeutas respiratorios en ejercicio y en formaci\u00f3n, administradores hospitalarios y de sistemas de salud, as\u00ed como a docentes e investigadores de programas de terapia respiratoria. Tambi\u00e9n resultar\u00e1 de inter\u00e9s para responsables de la planificaci\u00f3n y las pol\u00edticas sanitarias y contextos sociosanitarios similares.","og_url":"https:\/\/eurytionpress.com\/en\/preparacion-de-profesionales-en-terapias-respiratorias-retos-y-oportunidades\/","og_site_name":"Eurytion Press","og_image":[{"width":820,"height":1170,"url":"https:\/\/eurytionpress.com\/wp-content\/uploads\/2025\/07\/preparacion-de-profesionales-cover.png","type":"image\/png"}],"twitter_card":"summary_large_image","schema":{"@context":"https:\/\/schema.org","@graph":[{"@type":"WebPage","@id":"https:\/\/eurytionpress.com\/en\/preparacion-de-profesionales-en-terapias-respiratorias-retos-y-oportunidades\/","url":"https:\/\/eurytionpress.com\/en\/preparacion-de-profesionales-en-terapias-respiratorias-retos-y-oportunidades\/","name":"Preparaci\u00f3n de Profesionales en Terapias Respiratorias: Retos y Oportunidades - Eurytion Press","isPartOf":{"@id":"https:\/\/eurytionpress.com\/en\/#website"},"primaryImageOfPage":{"@id":"https:\/\/eurytionpress.com\/en\/preparacion-de-profesionales-en-terapias-respiratorias-retos-y-oportunidades\/#primaryimage"},"image":{"@id":"https:\/\/eurytionpress.com\/en\/preparacion-de-profesionales-en-terapias-respiratorias-retos-y-oportunidades\/#primaryimage"},"thumbnailUrl":"https:\/\/eurytionpress.com\/wp-content\/uploads\/2025\/07\/preparacion-de-profesionales-cover.png","datePublished":"2025-07-01T13:22:28+00:00","breadcrumb":{"@id":"https:\/\/eurytionpress.com\/en\/preparacion-de-profesionales-en-terapias-respiratorias-retos-y-oportunidades\/#breadcrumb"},"inLanguage":"en-US","potentialAction":[{"@type":"ReadAction","target":["https:\/\/eurytionpress.com\/en\/preparacion-de-profesionales-en-terapias-respiratorias-retos-y-oportunidades\/"]}]},{"@type":"ImageObject","inLanguage":"en-US","@id":"https:\/\/eurytionpress.com\/en\/preparacion-de-profesionales-en-terapias-respiratorias-retos-y-oportunidades\/#primaryimage","url":"https:\/\/eurytionpress.com\/wp-content\/uploads\/2025\/07\/preparacion-de-profesionales-cover.png","contentUrl":"https:\/\/eurytionpress.com\/wp-content\/uploads\/2025\/07\/preparacion-de-profesionales-cover.png","width":820,"height":1170},{"@type":"BreadcrumbList","@id":"https:\/\/eurytionpress.com\/en\/preparacion-de-profesionales-en-terapias-respiratorias-retos-y-oportunidades\/#breadcrumb","itemListElement":[{"@type":"ListItem","position":1,"name":"Portada","item":"https:\/\/eurytionpress.com\/en\/"},{"@type":"ListItem","position":2,"name":"Libros","item":"https:\/\/eurytionpress.com\/libros-2\/"},{"@type":"ListItem","position":3,"name":"Preparaci\u00f3n de Profesionales en Terapias Respiratorias: Retos y Oportunidades"}]},{"@type":"WebSite","@id":"https:\/\/eurytionpress.com\/en\/#website","url":"https:\/\/eurytionpress.com\/en\/","name":"Eurytion Press","description":"Editorial de libros cient\u00edficos y acad\u00e9micos","publisher":{"@id":"https:\/\/eurytionpress.com\/en\/#organization"},"potentialAction":[{"@type":"SearchAction","target":{"@type":"EntryPoint","urlTemplate":"https:\/\/eurytionpress.com\/en\/?s={search_term_string}"},"query-input":{"@type":"PropertyValueSpecification","valueRequired":true,"valueName":"search_term_string"}}],"inLanguage":"en-US"},{"@type":"Organization","@id":"https:\/\/eurytionpress.com\/en\/#organization","name":"Eurytion Press","url":"https:\/\/eurytionpress.com\/en\/","logo":{"@type":"ImageObject","inLanguage":"en-US","@id":"https:\/\/eurytionpress.com\/en\/#\/schema\/logo\/image\/","url":"https:\/\/eurytionpress.com\/wp-content\/uploads\/2025\/07\/eurityon-press.png","contentUrl":"https:\/\/eurytionpress.com\/wp-content\/uploads\/2025\/07\/eurityon-press.png","width":229,"height":46,"caption":"Eurytion Press"},"image":{"@id":"https:\/\/eurytionpress.com\/en\/#\/schema\/logo\/image\/"}}]}},"_links":{"self":[{"href":"https:\/\/eurytionpress.com\/en\/wp-json\/wp\/v2\/product\/23644","targetHints":{"allow":["GET"]}}],"collection":[{"href":"https:\/\/eurytionpress.com\/en\/wp-json\/wp\/v2\/product"}],"about":[{"href":"https:\/\/eurytionpress.com\/en\/wp-json\/wp\/v2\/types\/product"}],"replies":[{"embeddable":true,"href":"https:\/\/eurytionpress.com\/en\/wp-json\/wp\/v2\/comments?post=23644"}],"wp:featuredmedia":[{"embeddable":true,"href":"https:\/\/eurytionpress.com\/en\/wp-json\/wp\/v2\/media\/22672"}],"wp:attachment":[{"href":"https:\/\/eurytionpress.com\/en\/wp-json\/wp\/v2\/media?parent=23644"}],"wp:term":[{"taxonomy":"product_brand","embeddable":true,"href":"https:\/\/eurytionpress.com\/en\/wp-json\/wp\/v2\/product_brand?post=23644"},{"taxonomy":"product_cat","embeddable":true,"href":"https:\/\/eurytionpress.com\/en\/wp-json\/wp\/v2\/product_cat?post=23644"},{"taxonomy":"product_tag","embeddable":true,"href":"https:\/\/eurytionpress.com\/en\/wp-json\/wp\/v2\/product_tag?post=23644"}],"curies":[{"name":"wp","href":"https:\/\/api.w.org\/{rel}","templated":true}]}}