{"id":23651,"date":"2025-07-01T15:20:29","date_gmt":"2025-07-01T13:20:29","guid":{"rendered":"https:\/\/wpempresa.com\/eurytion\/naturaleza-humana-y-biocompasion-ii-influencia-del-pensamiento-politico-y-religioso-en-la-actitud-del-homo-sapiens-ante-la-biosfera-y-los-animales\/"},"modified":"2025-07-01T15:20:29","modified_gmt":"2025-07-01T13:20:29","slug":"naturaleza-humana-y-biocompasion-ii-influencia-del-pensamiento-politico-y-religioso-en-la-actitud-del-homo-sapiens-ante-la-biosfera-y-los-animales","status":"publish","type":"product","link":"https:\/\/eurytionpress.com\/en\/naturaleza-humana-y-biocompasion-ii-influencia-del-pensamiento-politico-y-religioso-en-la-actitud-del-homo-sapiens-ante-la-biosfera-y-los-animales\/","title":{"rendered":"Naturaleza Humana y Biocompasi\u00f3n II: Influencia del Pensamiento Pol\u00edtico y Religioso en la Actitud del Homo Sapiens ante la Biosfera y los Animales"},"content":{"rendered":"<p>G\u00f3mez Gal\u00e1n, Jos\u00e9. Naturaleza Humana y Biocompasi\u00f3n II: Influencia del Pensamiento Pol\u00edtico y Religioso en la Actitud del Homo Sapiens ante la Biosfera y los Animales. Cupey: UMET, 2018.<\/p>\n","protected":false},"excerpt":{"rendered":"<p>La obra \u201cNaturaleza Humana y Biocompasi\u00f3n\u201d est\u00e1 compuesta por tres densos vol\u00famenes que representan un innovador cambio de paradigma en nuestra comprensi\u00f3n de las relaciones entre el ser humano y la naturaleza. Va m\u00e1s all\u00e1 de las nociones tradicionales de conciencia o preocupaci\u00f3n por el medio ambiente y la protecci\u00f3n animal, defendiendo la existencia de una conexi\u00f3n m\u00e1s profunda e instintiva con el mundo natural. La biocompasi\u00f3n puede definirse como una capacidad innata de empat\u00eda, preocupaci\u00f3n y cuidado por la vida no humana y la biosfera, que estar\u00eda arraigada en el n\u00facleo cognitivo-emocional de nuestro interior y que puede ser despertada y desarrollada. El primer volumen, &#8220;Ra\u00edces Evolutivas y Fundamentos Neurocient\u00edficos de la Conexi\u00f3n y Conductas del Ser Humano con el Medio Ambiente&#8221;, sienta las bases biol\u00f3gicas de este concepto. Explora los or\u00edgenes evolutivos de la biocompasi\u00f3n como rasgo adaptativo \u2013cuidar del medio vital es preservar la existencia\u2013, sus fundamentos neurobiol\u00f3gicos \u2013estructuras cerebrales, neurotransmisores\u2013, las diferencias individuales \u2013gen\u00e9tica, epigen\u00e9tica, experiencias tempranas\u2013, su desarrollo a lo largo de la vida y su relaci\u00f3n con la salud y la conservaci\u00f3n. En este volumen tambi\u00e9n se aborda la ausencia y supresi\u00f3n de la biocompasi\u00f3n en determinados individuos y\/o situaciones, lo que supone tambi\u00e9n uno de los pilares del estudio de las ra\u00edces de la cognici\u00f3n moral y la existencia paralela de la maldad humana. Extrema en algunos casos y espec\u00edfica de nuestra especie, tiene consecuente y parad\u00f3jicamente similar origen. El segundo volumen, \u201cInfluencia del Pensamiento Pol\u00edtico y Religioso en la Actitud del Homo Sapiens ante la Biosfera y los Animales\u201d, desaf\u00eda la noci\u00f3n convencional de que las ideolog\u00edas pol\u00edticas y religiosas determinan las actitudes humanas hacia la naturaleza y los animales. La investigaci\u00f3n, apoyada en un complejo trabajo de campo mediante el empleo de una metodolog\u00eda mixta \u2013cuantitativa y cualitativa\u2013, revela que su origen est\u00e1 en una fuente m\u00e1s profunda e innata, descrita en el primer volumen: el n\u00facleo cognitivo-emocional personal. Esa capacidad de conexi\u00f3n emp\u00e1tica y los sentimientos que genera no estar\u00eda determinada por su procedencia ideol\u00f3gica o credo religioso, sino que es una caracter\u00edstica intr\u00ednseca que var\u00eda de un individuo a otro. Esta novedosa perspectiva sugiere que nuestra relaci\u00f3n con el entorno hunde sus ra\u00edces en aspectos fundamentales de la naturaleza humana que trascienden las influencias culturales y doctrinales. Ello nos llevar\u00eda a reconsiderar c\u00f3mo entendemos y fomentamos la conciencia en protecci\u00f3n ambiental y animal en la sociedad, lo que se despliega en el tercer volumen, &#8220;La Educaci\u00f3n en el Desarrollo de la Empat\u00eda hacia el Mundo Animal&#8221;. Se enfoca l\u00f3gicamente en las implicaciones pr\u00e1cticas de los hallazgos anteriores. Dado que la biocompasi\u00f3n se considera innata pero variable, conforme a los resultados obtenidos \u2013que han sugerido que el respeto y la preocupaci\u00f3n por los animales no-humanos est\u00e1n estrechamente ligados a conexiones emocionales y experiencias personales por encima de otros factores\u2013 son presentadas estrategias educativas que se orientan a cultivar y potenciar esta empat\u00eda fundamental. Adem\u00e1s de ofrecer una s\u00f3lida formaci\u00f3n cient\u00edfica y filos\u00f3fica, son muy experienciales, para que el estudiante tenga la oportunidad de ver \u2013y consecuentemente sentir\u2013 la aut\u00e9ntica dimensi\u00f3n del problema y fomentar, de este modo, una conexi\u00f3n sensible y respetuosa con el mundo animal. Est\u00e1n basadas en los m\u00e1s avanzados principios did\u00e1cticos y fueron adaptadas, y validadas, en distintos niveles educativos. En conjunto, la trilog\u00eda ofrece una exploraci\u00f3n exhaustiva y multifac\u00e9tica de la biocompasi\u00f3n, desde sus ra\u00edces biol\u00f3gicas y su naturaleza intr\u00ednseca hasta su fomento a trav\u00e9s de la educaci\u00f3n, proponiendo un cambio de paradigma fundamental de c\u00f3mo entendemos nuestra conexi\u00f3n con la vida en la Tierra.<\/p>\n","protected":false},"featured_media":22644,"comment_status":"closed","ping_status":"closed","template":"","meta":[],"product_brand":[],"product_cat":[689,925],"product_tag":[],"class_list":{"0":"post-23651","1":"product","2":"type-product","3":"status-publish","4":"has-post-thumbnail","6":"product_cat-international-en","7":"product_cat-printed-book","9":"first","10":"instock","11":"product-type-external"},"yoast_head":"<!-- This site is optimized with the Yoast SEO plugin v25.3.1 - https:\/\/yoast.com\/wordpress\/plugins\/seo\/ -->\n<title>Naturaleza Humana y Biocompasi\u00f3n II: Influencia del Pensamiento Pol\u00edtico y Religioso en la Actitud del Homo Sapiens ante la Biosfera y los Animales - Eurytion Press<\/title>\n<meta name=\"robots\" content=\"index, follow, max-snippet:-1, max-image-preview:large, max-video-preview:-1\" \/>\n<link rel=\"canonical\" href=\"https:\/\/eurytionpress.com\/en\/naturaleza-humana-y-biocompasion-ii-influencia-del-pensamiento-politico-y-religioso-en-la-actitud-del-homo-sapiens-ante-la-biosfera-y-los-animales\/\" \/>\n<meta property=\"og:locale\" content=\"en_US\" \/>\n<meta property=\"og:type\" content=\"article\" \/>\n<meta property=\"og:title\" content=\"Naturaleza Humana y Biocompasi\u00f3n II: Influencia del Pensamiento Pol\u00edtico y Religioso en la Actitud del Homo Sapiens ante la Biosfera y los Animales - Eurytion Press\" \/>\n<meta property=\"og:description\" content=\"La obra \u201cNaturaleza Humana y Biocompasi\u00f3n\u201d est\u00e1 compuesta por tres densos vol\u00famenes que representan un innovador cambio de paradigma en nuestra comprensi\u00f3n de las relaciones entre el ser humano y la naturaleza. Va m\u00e1s all\u00e1 de las nociones tradicionales de conciencia o preocupaci\u00f3n por el medio ambiente y la protecci\u00f3n animal, defendiendo la existencia de una conexi\u00f3n m\u00e1s profunda e instintiva con el mundo natural. La biocompasi\u00f3n puede definirse como una capacidad innata de empat\u00eda, preocupaci\u00f3n y cuidado por la vida no humana y la biosfera, que estar\u00eda arraigada en el n\u00facleo cognitivo-emocional de nuestro interior y que puede ser despertada y desarrollada. El primer volumen, &quot;Ra\u00edces Evolutivas y Fundamentos Neurocient\u00edficos de la Conexi\u00f3n y Conductas del Ser Humano con el Medio Ambiente&quot;, sienta las bases biol\u00f3gicas de este concepto. Explora los or\u00edgenes evolutivos de la biocompasi\u00f3n como rasgo adaptativo \u2013cuidar del medio vital es preservar la existencia\u2013, sus fundamentos neurobiol\u00f3gicos \u2013estructuras cerebrales, neurotransmisores\u2013, las diferencias individuales \u2013gen\u00e9tica, epigen\u00e9tica, experiencias tempranas\u2013, su desarrollo a lo largo de la vida y su relaci\u00f3n con la salud y la conservaci\u00f3n. En este volumen tambi\u00e9n se aborda la ausencia y supresi\u00f3n de la biocompasi\u00f3n en determinados individuos y\/o situaciones, lo que supone tambi\u00e9n uno de los pilares del estudio de las ra\u00edces de la cognici\u00f3n moral y la existencia paralela de la maldad humana. Extrema en algunos casos y espec\u00edfica de nuestra especie, tiene consecuente y parad\u00f3jicamente similar origen. El segundo volumen, \u201cInfluencia del Pensamiento Pol\u00edtico y Religioso en la Actitud del Homo Sapiens ante la Biosfera y los Animales\u201d, desaf\u00eda la noci\u00f3n convencional de que las ideolog\u00edas pol\u00edticas y religiosas determinan las actitudes humanas hacia la naturaleza y los animales. La investigaci\u00f3n, apoyada en un complejo trabajo de campo mediante el empleo de una metodolog\u00eda mixta \u2013cuantitativa y cualitativa\u2013, revela que su origen est\u00e1 en una fuente m\u00e1s profunda e innata, descrita en el primer volumen: el n\u00facleo cognitivo-emocional personal. Esa capacidad de conexi\u00f3n emp\u00e1tica y los sentimientos que genera no estar\u00eda determinada por su procedencia ideol\u00f3gica o credo religioso, sino que es una caracter\u00edstica intr\u00ednseca que var\u00eda de un individuo a otro. Esta novedosa perspectiva sugiere que nuestra relaci\u00f3n con el entorno hunde sus ra\u00edces en aspectos fundamentales de la naturaleza humana que trascienden las influencias culturales y doctrinales. Ello nos llevar\u00eda a reconsiderar c\u00f3mo entendemos y fomentamos la conciencia en protecci\u00f3n ambiental y animal en la sociedad, lo que se despliega en el tercer volumen, &quot;La Educaci\u00f3n en el Desarrollo de la Empat\u00eda hacia el Mundo Animal&quot;. Se enfoca l\u00f3gicamente en las implicaciones pr\u00e1cticas de los hallazgos anteriores. Dado que la biocompasi\u00f3n se considera innata pero variable, conforme a los resultados obtenidos \u2013que han sugerido que el respeto y la preocupaci\u00f3n por los animales no-humanos est\u00e1n estrechamente ligados a conexiones emocionales y experiencias personales por encima de otros factores\u2013 son presentadas estrategias educativas que se orientan a cultivar y potenciar esta empat\u00eda fundamental. Adem\u00e1s de ofrecer una s\u00f3lida formaci\u00f3n cient\u00edfica y filos\u00f3fica, son muy experienciales, para que el estudiante tenga la oportunidad de ver \u2013y consecuentemente sentir\u2013 la aut\u00e9ntica dimensi\u00f3n del problema y fomentar, de este modo, una conexi\u00f3n sensible y respetuosa con el mundo animal. Est\u00e1n basadas en los m\u00e1s avanzados principios did\u00e1cticos y fueron adaptadas, y validadas, en distintos niveles educativos. En conjunto, la trilog\u00eda ofrece una exploraci\u00f3n exhaustiva y multifac\u00e9tica de la biocompasi\u00f3n, desde sus ra\u00edces biol\u00f3gicas y su naturaleza intr\u00ednseca hasta su fomento a trav\u00e9s de la educaci\u00f3n, proponiendo un cambio de paradigma fundamental de c\u00f3mo entendemos nuestra conexi\u00f3n con la vida en la Tierra.\" \/>\n<meta property=\"og:url\" content=\"https:\/\/eurytionpress.com\/en\/naturaleza-humana-y-biocompasion-ii-influencia-del-pensamiento-politico-y-religioso-en-la-actitud-del-homo-sapiens-ante-la-biosfera-y-los-animales\/\" \/>\n<meta property=\"og:site_name\" content=\"Eurytion Press\" \/>\n<meta property=\"og:image\" content=\"https:\/\/eurytionpress.com\/wp-content\/uploads\/2025\/07\/naturaleza-humana-portada-ii-1.png\" \/>\n\t<meta property=\"og:image:width\" content=\"787\" \/>\n\t<meta property=\"og:image:height\" content=\"1170\" \/>\n\t<meta property=\"og:image:type\" content=\"image\/png\" \/>\n<meta name=\"twitter:card\" content=\"summary_large_image\" \/>\n<script type=\"application\/ld+json\" class=\"yoast-schema-graph\">{\"@context\":\"https:\/\/schema.org\",\"@graph\":[{\"@type\":\"WebPage\",\"@id\":\"https:\/\/eurytionpress.com\/en\/naturaleza-humana-y-biocompasion-ii-influencia-del-pensamiento-politico-y-religioso-en-la-actitud-del-homo-sapiens-ante-la-biosfera-y-los-animales\/\",\"url\":\"https:\/\/eurytionpress.com\/en\/naturaleza-humana-y-biocompasion-ii-influencia-del-pensamiento-politico-y-religioso-en-la-actitud-del-homo-sapiens-ante-la-biosfera-y-los-animales\/\",\"name\":\"Naturaleza Humana y Biocompasi\u00f3n II: Influencia del Pensamiento Pol\u00edtico y Religioso en la Actitud del Homo Sapiens ante la Biosfera y los Animales - Eurytion Press\",\"isPartOf\":{\"@id\":\"https:\/\/eurytionpress.com\/en\/#website\"},\"primaryImageOfPage\":{\"@id\":\"https:\/\/eurytionpress.com\/en\/naturaleza-humana-y-biocompasion-ii-influencia-del-pensamiento-politico-y-religioso-en-la-actitud-del-homo-sapiens-ante-la-biosfera-y-los-animales\/#primaryimage\"},\"image\":{\"@id\":\"https:\/\/eurytionpress.com\/en\/naturaleza-humana-y-biocompasion-ii-influencia-del-pensamiento-politico-y-religioso-en-la-actitud-del-homo-sapiens-ante-la-biosfera-y-los-animales\/#primaryimage\"},\"thumbnailUrl\":\"https:\/\/eurytionpress.com\/wp-content\/uploads\/2025\/07\/naturaleza-humana-portada-ii-1.png\",\"datePublished\":\"2025-07-01T13:20:29+00:00\",\"breadcrumb\":{\"@id\":\"https:\/\/eurytionpress.com\/en\/naturaleza-humana-y-biocompasion-ii-influencia-del-pensamiento-politico-y-religioso-en-la-actitud-del-homo-sapiens-ante-la-biosfera-y-los-animales\/#breadcrumb\"},\"inLanguage\":\"en-US\",\"potentialAction\":[{\"@type\":\"ReadAction\",\"target\":[\"https:\/\/eurytionpress.com\/en\/naturaleza-humana-y-biocompasion-ii-influencia-del-pensamiento-politico-y-religioso-en-la-actitud-del-homo-sapiens-ante-la-biosfera-y-los-animales\/\"]}]},{\"@type\":\"ImageObject\",\"inLanguage\":\"en-US\",\"@id\":\"https:\/\/eurytionpress.com\/en\/naturaleza-humana-y-biocompasion-ii-influencia-del-pensamiento-politico-y-religioso-en-la-actitud-del-homo-sapiens-ante-la-biosfera-y-los-animales\/#primaryimage\",\"url\":\"https:\/\/eurytionpress.com\/wp-content\/uploads\/2025\/07\/naturaleza-humana-portada-ii-1.png\",\"contentUrl\":\"https:\/\/eurytionpress.com\/wp-content\/uploads\/2025\/07\/naturaleza-humana-portada-ii-1.png\",\"width\":787,\"height\":1170},{\"@type\":\"BreadcrumbList\",\"@id\":\"https:\/\/eurytionpress.com\/en\/naturaleza-humana-y-biocompasion-ii-influencia-del-pensamiento-politico-y-religioso-en-la-actitud-del-homo-sapiens-ante-la-biosfera-y-los-animales\/#breadcrumb\",\"itemListElement\":[{\"@type\":\"ListItem\",\"position\":1,\"name\":\"Portada\",\"item\":\"https:\/\/eurytionpress.com\/en\/\"},{\"@type\":\"ListItem\",\"position\":2,\"name\":\"Libros\",\"item\":\"https:\/\/eurytionpress.com\/libros-2\/\"},{\"@type\":\"ListItem\",\"position\":3,\"name\":\"Naturaleza Humana y Biocompasi\u00f3n II: Influencia del Pensamiento Pol\u00edtico y Religioso en la Actitud del Homo Sapiens ante la Biosfera y los Animales\"}]},{\"@type\":\"WebSite\",\"@id\":\"https:\/\/eurytionpress.com\/en\/#website\",\"url\":\"https:\/\/eurytionpress.com\/en\/\",\"name\":\"Eurytion Press\",\"description\":\"Editorial de libros cient\u00edficos y acad\u00e9micos\",\"publisher\":{\"@id\":\"https:\/\/eurytionpress.com\/en\/#organization\"},\"potentialAction\":[{\"@type\":\"SearchAction\",\"target\":{\"@type\":\"EntryPoint\",\"urlTemplate\":\"https:\/\/eurytionpress.com\/en\/?s={search_term_string}\"},\"query-input\":{\"@type\":\"PropertyValueSpecification\",\"valueRequired\":true,\"valueName\":\"search_term_string\"}}],\"inLanguage\":\"en-US\"},{\"@type\":\"Organization\",\"@id\":\"https:\/\/eurytionpress.com\/en\/#organization\",\"name\":\"Eurytion Press\",\"url\":\"https:\/\/eurytionpress.com\/en\/\",\"logo\":{\"@type\":\"ImageObject\",\"inLanguage\":\"en-US\",\"@id\":\"https:\/\/eurytionpress.com\/en\/#\/schema\/logo\/image\/\",\"url\":\"https:\/\/eurytionpress.com\/wp-content\/uploads\/2025\/07\/eurityon-press.png\",\"contentUrl\":\"https:\/\/eurytionpress.com\/wp-content\/uploads\/2025\/07\/eurityon-press.png\",\"width\":229,\"height\":46,\"caption\":\"Eurytion Press\"},\"image\":{\"@id\":\"https:\/\/eurytionpress.com\/en\/#\/schema\/logo\/image\/\"}}]}<\/script>\n<!-- \/ Yoast SEO plugin. -->","yoast_head_json":{"title":"Naturaleza Humana y Biocompasi\u00f3n II: Influencia del Pensamiento Pol\u00edtico y Religioso en la Actitud del Homo Sapiens ante la Biosfera y los Animales - Eurytion Press","robots":{"index":"index","follow":"follow","max-snippet":"max-snippet:-1","max-image-preview":"max-image-preview:large","max-video-preview":"max-video-preview:-1"},"canonical":"https:\/\/eurytionpress.com\/en\/naturaleza-humana-y-biocompasion-ii-influencia-del-pensamiento-politico-y-religioso-en-la-actitud-del-homo-sapiens-ante-la-biosfera-y-los-animales\/","og_locale":"en_US","og_type":"article","og_title":"Naturaleza Humana y Biocompasi\u00f3n II: Influencia del Pensamiento Pol\u00edtico y Religioso en la Actitud del Homo Sapiens ante la Biosfera y los Animales - Eurytion Press","og_description":"La obra \u201cNaturaleza Humana y Biocompasi\u00f3n\u201d est\u00e1 compuesta por tres densos vol\u00famenes que representan un innovador cambio de paradigma en nuestra comprensi\u00f3n de las relaciones entre el ser humano y la naturaleza. Va m\u00e1s all\u00e1 de las nociones tradicionales de conciencia o preocupaci\u00f3n por el medio ambiente y la protecci\u00f3n animal, defendiendo la existencia de una conexi\u00f3n m\u00e1s profunda e instintiva con el mundo natural. La biocompasi\u00f3n puede definirse como una capacidad innata de empat\u00eda, preocupaci\u00f3n y cuidado por la vida no humana y la biosfera, que estar\u00eda arraigada en el n\u00facleo cognitivo-emocional de nuestro interior y que puede ser despertada y desarrollada. El primer volumen, \"Ra\u00edces Evolutivas y Fundamentos Neurocient\u00edficos de la Conexi\u00f3n y Conductas del Ser Humano con el Medio Ambiente\", sienta las bases biol\u00f3gicas de este concepto. Explora los or\u00edgenes evolutivos de la biocompasi\u00f3n como rasgo adaptativo \u2013cuidar del medio vital es preservar la existencia\u2013, sus fundamentos neurobiol\u00f3gicos \u2013estructuras cerebrales, neurotransmisores\u2013, las diferencias individuales \u2013gen\u00e9tica, epigen\u00e9tica, experiencias tempranas\u2013, su desarrollo a lo largo de la vida y su relaci\u00f3n con la salud y la conservaci\u00f3n. En este volumen tambi\u00e9n se aborda la ausencia y supresi\u00f3n de la biocompasi\u00f3n en determinados individuos y\/o situaciones, lo que supone tambi\u00e9n uno de los pilares del estudio de las ra\u00edces de la cognici\u00f3n moral y la existencia paralela de la maldad humana. Extrema en algunos casos y espec\u00edfica de nuestra especie, tiene consecuente y parad\u00f3jicamente similar origen. El segundo volumen, \u201cInfluencia del Pensamiento Pol\u00edtico y Religioso en la Actitud del Homo Sapiens ante la Biosfera y los Animales\u201d, desaf\u00eda la noci\u00f3n convencional de que las ideolog\u00edas pol\u00edticas y religiosas determinan las actitudes humanas hacia la naturaleza y los animales. La investigaci\u00f3n, apoyada en un complejo trabajo de campo mediante el empleo de una metodolog\u00eda mixta \u2013cuantitativa y cualitativa\u2013, revela que su origen est\u00e1 en una fuente m\u00e1s profunda e innata, descrita en el primer volumen: el n\u00facleo cognitivo-emocional personal. Esa capacidad de conexi\u00f3n emp\u00e1tica y los sentimientos que genera no estar\u00eda determinada por su procedencia ideol\u00f3gica o credo religioso, sino que es una caracter\u00edstica intr\u00ednseca que var\u00eda de un individuo a otro. Esta novedosa perspectiva sugiere que nuestra relaci\u00f3n con el entorno hunde sus ra\u00edces en aspectos fundamentales de la naturaleza humana que trascienden las influencias culturales y doctrinales. Ello nos llevar\u00eda a reconsiderar c\u00f3mo entendemos y fomentamos la conciencia en protecci\u00f3n ambiental y animal en la sociedad, lo que se despliega en el tercer volumen, \"La Educaci\u00f3n en el Desarrollo de la Empat\u00eda hacia el Mundo Animal\". Se enfoca l\u00f3gicamente en las implicaciones pr\u00e1cticas de los hallazgos anteriores. Dado que la biocompasi\u00f3n se considera innata pero variable, conforme a los resultados obtenidos \u2013que han sugerido que el respeto y la preocupaci\u00f3n por los animales no-humanos est\u00e1n estrechamente ligados a conexiones emocionales y experiencias personales por encima de otros factores\u2013 son presentadas estrategias educativas que se orientan a cultivar y potenciar esta empat\u00eda fundamental. Adem\u00e1s de ofrecer una s\u00f3lida formaci\u00f3n cient\u00edfica y filos\u00f3fica, son muy experienciales, para que el estudiante tenga la oportunidad de ver \u2013y consecuentemente sentir\u2013 la aut\u00e9ntica dimensi\u00f3n del problema y fomentar, de este modo, una conexi\u00f3n sensible y respetuosa con el mundo animal. Est\u00e1n basadas en los m\u00e1s avanzados principios did\u00e1cticos y fueron adaptadas, y validadas, en distintos niveles educativos. En conjunto, la trilog\u00eda ofrece una exploraci\u00f3n exhaustiva y multifac\u00e9tica de la biocompasi\u00f3n, desde sus ra\u00edces biol\u00f3gicas y su naturaleza intr\u00ednseca hasta su fomento a trav\u00e9s de la educaci\u00f3n, proponiendo un cambio de paradigma fundamental de c\u00f3mo entendemos nuestra conexi\u00f3n con la vida en la Tierra.","og_url":"https:\/\/eurytionpress.com\/en\/naturaleza-humana-y-biocompasion-ii-influencia-del-pensamiento-politico-y-religioso-en-la-actitud-del-homo-sapiens-ante-la-biosfera-y-los-animales\/","og_site_name":"Eurytion Press","og_image":[{"width":787,"height":1170,"url":"https:\/\/eurytionpress.com\/wp-content\/uploads\/2025\/07\/naturaleza-humana-portada-ii-1.png","type":"image\/png"}],"twitter_card":"summary_large_image","schema":{"@context":"https:\/\/schema.org","@graph":[{"@type":"WebPage","@id":"https:\/\/eurytionpress.com\/en\/naturaleza-humana-y-biocompasion-ii-influencia-del-pensamiento-politico-y-religioso-en-la-actitud-del-homo-sapiens-ante-la-biosfera-y-los-animales\/","url":"https:\/\/eurytionpress.com\/en\/naturaleza-humana-y-biocompasion-ii-influencia-del-pensamiento-politico-y-religioso-en-la-actitud-del-homo-sapiens-ante-la-biosfera-y-los-animales\/","name":"Naturaleza Humana y Biocompasi\u00f3n II: Influencia del Pensamiento Pol\u00edtico y Religioso en la Actitud del Homo Sapiens ante la Biosfera y los Animales - Eurytion Press","isPartOf":{"@id":"https:\/\/eurytionpress.com\/en\/#website"},"primaryImageOfPage":{"@id":"https:\/\/eurytionpress.com\/en\/naturaleza-humana-y-biocompasion-ii-influencia-del-pensamiento-politico-y-religioso-en-la-actitud-del-homo-sapiens-ante-la-biosfera-y-los-animales\/#primaryimage"},"image":{"@id":"https:\/\/eurytionpress.com\/en\/naturaleza-humana-y-biocompasion-ii-influencia-del-pensamiento-politico-y-religioso-en-la-actitud-del-homo-sapiens-ante-la-biosfera-y-los-animales\/#primaryimage"},"thumbnailUrl":"https:\/\/eurytionpress.com\/wp-content\/uploads\/2025\/07\/naturaleza-humana-portada-ii-1.png","datePublished":"2025-07-01T13:20:29+00:00","breadcrumb":{"@id":"https:\/\/eurytionpress.com\/en\/naturaleza-humana-y-biocompasion-ii-influencia-del-pensamiento-politico-y-religioso-en-la-actitud-del-homo-sapiens-ante-la-biosfera-y-los-animales\/#breadcrumb"},"inLanguage":"en-US","potentialAction":[{"@type":"ReadAction","target":["https:\/\/eurytionpress.com\/en\/naturaleza-humana-y-biocompasion-ii-influencia-del-pensamiento-politico-y-religioso-en-la-actitud-del-homo-sapiens-ante-la-biosfera-y-los-animales\/"]}]},{"@type":"ImageObject","inLanguage":"en-US","@id":"https:\/\/eurytionpress.com\/en\/naturaleza-humana-y-biocompasion-ii-influencia-del-pensamiento-politico-y-religioso-en-la-actitud-del-homo-sapiens-ante-la-biosfera-y-los-animales\/#primaryimage","url":"https:\/\/eurytionpress.com\/wp-content\/uploads\/2025\/07\/naturaleza-humana-portada-ii-1.png","contentUrl":"https:\/\/eurytionpress.com\/wp-content\/uploads\/2025\/07\/naturaleza-humana-portada-ii-1.png","width":787,"height":1170},{"@type":"BreadcrumbList","@id":"https:\/\/eurytionpress.com\/en\/naturaleza-humana-y-biocompasion-ii-influencia-del-pensamiento-politico-y-religioso-en-la-actitud-del-homo-sapiens-ante-la-biosfera-y-los-animales\/#breadcrumb","itemListElement":[{"@type":"ListItem","position":1,"name":"Portada","item":"https:\/\/eurytionpress.com\/en\/"},{"@type":"ListItem","position":2,"name":"Libros","item":"https:\/\/eurytionpress.com\/libros-2\/"},{"@type":"ListItem","position":3,"name":"Naturaleza Humana y Biocompasi\u00f3n II: Influencia del Pensamiento Pol\u00edtico y Religioso en la Actitud del Homo Sapiens ante la Biosfera y los Animales"}]},{"@type":"WebSite","@id":"https:\/\/eurytionpress.com\/en\/#website","url":"https:\/\/eurytionpress.com\/en\/","name":"Eurytion Press","description":"Editorial de libros cient\u00edficos y acad\u00e9micos","publisher":{"@id":"https:\/\/eurytionpress.com\/en\/#organization"},"potentialAction":[{"@type":"SearchAction","target":{"@type":"EntryPoint","urlTemplate":"https:\/\/eurytionpress.com\/en\/?s={search_term_string}"},"query-input":{"@type":"PropertyValueSpecification","valueRequired":true,"valueName":"search_term_string"}}],"inLanguage":"en-US"},{"@type":"Organization","@id":"https:\/\/eurytionpress.com\/en\/#organization","name":"Eurytion Press","url":"https:\/\/eurytionpress.com\/en\/","logo":{"@type":"ImageObject","inLanguage":"en-US","@id":"https:\/\/eurytionpress.com\/en\/#\/schema\/logo\/image\/","url":"https:\/\/eurytionpress.com\/wp-content\/uploads\/2025\/07\/eurityon-press.png","contentUrl":"https:\/\/eurytionpress.com\/wp-content\/uploads\/2025\/07\/eurityon-press.png","width":229,"height":46,"caption":"Eurytion Press"},"image":{"@id":"https:\/\/eurytionpress.com\/en\/#\/schema\/logo\/image\/"}}]}},"_links":{"self":[{"href":"https:\/\/eurytionpress.com\/en\/wp-json\/wp\/v2\/product\/23651","targetHints":{"allow":["GET"]}}],"collection":[{"href":"https:\/\/eurytionpress.com\/en\/wp-json\/wp\/v2\/product"}],"about":[{"href":"https:\/\/eurytionpress.com\/en\/wp-json\/wp\/v2\/types\/product"}],"replies":[{"embeddable":true,"href":"https:\/\/eurytionpress.com\/en\/wp-json\/wp\/v2\/comments?post=23651"}],"wp:featuredmedia":[{"embeddable":true,"href":"https:\/\/eurytionpress.com\/en\/wp-json\/wp\/v2\/media\/22644"}],"wp:attachment":[{"href":"https:\/\/eurytionpress.com\/en\/wp-json\/wp\/v2\/media?parent=23651"}],"wp:term":[{"taxonomy":"product_brand","embeddable":true,"href":"https:\/\/eurytionpress.com\/en\/wp-json\/wp\/v2\/product_brand?post=23651"},{"taxonomy":"product_cat","embeddable":true,"href":"https:\/\/eurytionpress.com\/en\/wp-json\/wp\/v2\/product_cat?post=23651"},{"taxonomy":"product_tag","embeddable":true,"href":"https:\/\/eurytionpress.com\/en\/wp-json\/wp\/v2\/product_tag?post=23651"}],"curies":[{"name":"wp","href":"https:\/\/api.w.org\/{rel}","templated":true}]}}