{"id":23653,"date":"2025-07-01T15:20:01","date_gmt":"2025-07-01T13:20:01","guid":{"rendered":"https:\/\/wpempresa.com\/eurytion\/modello-curricolare-per-linsegnamento-della-storia-delle-religioni\/"},"modified":"2026-01-09T07:50:51","modified_gmt":"2026-01-09T06:50:51","slug":"modello-curricolare-per-linsegnamento-della-storia-delle-religioni","status":"publish","type":"product","link":"https:\/\/eurytionpress.com\/en\/modello-curricolare-per-linsegnamento-della-storia-delle-religioni\/","title":{"rendered":"Modello Curricolare per l&#8217;Insegnamento della Storia delle Religioni"},"content":{"rendered":"<p>G\u00f3mez Gal\u00e1n, Jos\u00e9. Modello Curriculare per l&#8217;Insegnamento delle Storia delle Religioni. 2\u00aa ed., Cupey: UMET Press, 2015. (Ed. original, Roma: CISADU, U. Sapienza, 2001).<\/p>\n","protected":false},"excerpt":{"rendered":"<p>L&#8217;insegnamento della Storia delle Religioni \u00e8 fondamentale in qualsiasi programma accademico. La sua presenza nei contesti educativi non dovrebbe essere messa in discussione: la religione \u00e8 un elemento essenziale in ogni dimensione umana e ancora di pi\u00f9 al giorno d&#8217;oggi, data la crescente importanza che assume in un mondo globalizzato e multiculturale. La Storia delle Religioni analizza, da una prospettiva scientifica, aconfessionale e interdisciplinare, il fenomeno religioso nel corso della storia dell&#8217;umanit\u00e0. In linea di principio, e anche solo per questo motivo, se ne potrebbe difendere la validit\u00e0 all&#8217;interno del sistema educativo, in quanto eccellente alternativa o complemento alla religione confessionale, di fondamenti essenzialmente teologici. Ma le possibilit\u00e0 formative della Storia delle Religioni sono enormi. Conoscere il fenomeno religioso e le sue diverse manifestazioni, cio\u00e8 le religioni del mondo, \u00e8 innanzitutto un ottimo mezzo per sviluppare nei bambini e nei giovani atteggiamenti di tolleranza, comprensione, rispetto e valori democratici, che consentono di superare atteggiamenti etnocentrici e xenofobi. Allo stesso modo, pu\u00f2 rivelarsi un efficace strumento di prevenzione contro gruppi religiosi distruttivi o fenomeni settari potenzialmente dannosi. D&#8217;altra parte, nessuno pu\u00f2 negarne l&#8217;importanza nella formazione culturale di qualsiasi persona. \u00c8 impossibile comprendere la storia, e in generale la societ\u00e0, senza considerare il fenomeno religioso. E l&#8217;influenza decisiva che ha avuto e continua ad avere, in modo indissolubile, sulle creazioni artistiche, letterarie e\/o musicali. Fa senza dubbio parte dell&#8217;educazione integrale che i sistemi educativi devono perseguire oggi. In quest&#8217;opera, in cui vengono analizzate con rigore tutte queste questioni, viene offerto un nuovo modello curricolare per l&#8217;insegnamento della Storia delle Religioni nei diversi livelli educativi. La struttura scientifica della materia proposta contempla elementi essenziali per facilitarne la comprensione, quali lo spazio, il fattore tempo, le relazioni con le manifestazioni culturali, l&#8217;evoluzione delle correnti religiose e molti altri. Dallo studio teorico delle basi epistemologiche ed educative, al fine di elaborare un processo di intervento costruttivista, fino agli orientamenti didattici e ai criteri di valutazione che spiegano come insegnare e come valutare questa disciplina accademica, in questo lavoro viene offerto un modello formale innovativo di progettazione pedagogica che si basa sulle nuove teorie dell&#8217;apprendimento.<\/p>\n","protected":false},"featured_media":22636,"comment_status":"closed","ping_status":"closed","template":"","meta":[],"product_brand":[],"product_cat":[689,925],"product_tag":[],"class_list":{"0":"post-23653","1":"product","2":"type-product","3":"status-publish","4":"has-post-thumbnail","6":"product_cat-international-en","7":"product_cat-printed-book","9":"first","10":"instock","11":"product-type-external"},"yoast_head":"<!-- This site is optimized with the Yoast SEO plugin v25.3.1 - https:\/\/yoast.com\/wordpress\/plugins\/seo\/ -->\n<title>Modello Curricolare per l&#039;Insegnamento della Storia delle Religioni - Eurytion Press<\/title>\n<meta name=\"robots\" content=\"index, follow, max-snippet:-1, max-image-preview:large, max-video-preview:-1\" \/>\n<link rel=\"canonical\" href=\"https:\/\/eurytionpress.com\/en\/modello-curricolare-per-linsegnamento-della-storia-delle-religioni\/\" \/>\n<meta property=\"og:locale\" content=\"en_US\" \/>\n<meta property=\"og:type\" content=\"article\" \/>\n<meta property=\"og:title\" content=\"Modello Curricolare per l&#039;Insegnamento della Storia delle Religioni - Eurytion Press\" \/>\n<meta property=\"og:description\" content=\"L&#039;insegnamento della Storia delle Religioni \u00e8 fondamentale in qualsiasi programma accademico. La sua presenza nei contesti educativi non dovrebbe essere messa in discussione: la religione \u00e8 un elemento essenziale in ogni dimensione umana e ancora di pi\u00f9 al giorno d&#039;oggi, data la crescente importanza che assume in un mondo globalizzato e multiculturale. La Storia delle Religioni analizza, da una prospettiva scientifica, aconfessionale e interdisciplinare, il fenomeno religioso nel corso della storia dell&#039;umanit\u00e0. In linea di principio, e anche solo per questo motivo, se ne potrebbe difendere la validit\u00e0 all&#039;interno del sistema educativo, in quanto eccellente alternativa o complemento alla religione confessionale, di fondamenti essenzialmente teologici. Ma le possibilit\u00e0 formative della Storia delle Religioni sono enormi. Conoscere il fenomeno religioso e le sue diverse manifestazioni, cio\u00e8 le religioni del mondo, \u00e8 innanzitutto un ottimo mezzo per sviluppare nei bambini e nei giovani atteggiamenti di tolleranza, comprensione, rispetto e valori democratici, che consentono di superare atteggiamenti etnocentrici e xenofobi. Allo stesso modo, pu\u00f2 rivelarsi un efficace strumento di prevenzione contro gruppi religiosi distruttivi o fenomeni settari potenzialmente dannosi. D&#039;altra parte, nessuno pu\u00f2 negarne l&#039;importanza nella formazione culturale di qualsiasi persona. \u00c8 impossibile comprendere la storia, e in generale la societ\u00e0, senza considerare il fenomeno religioso. E l&#039;influenza decisiva che ha avuto e continua ad avere, in modo indissolubile, sulle creazioni artistiche, letterarie e\/o musicali. Fa senza dubbio parte dell&#039;educazione integrale che i sistemi educativi devono perseguire oggi. In quest&#039;opera, in cui vengono analizzate con rigore tutte queste questioni, viene offerto un nuovo modello curricolare per l&#039;insegnamento della Storia delle Religioni nei diversi livelli educativi. La struttura scientifica della materia proposta contempla elementi essenziali per facilitarne la comprensione, quali lo spazio, il fattore tempo, le relazioni con le manifestazioni culturali, l&#039;evoluzione delle correnti religiose e molti altri. Dallo studio teorico delle basi epistemologiche ed educative, al fine di elaborare un processo di intervento costruttivista, fino agli orientamenti didattici e ai criteri di valutazione che spiegano come insegnare e come valutare questa disciplina accademica, in questo lavoro viene offerto un modello formale innovativo di progettazione pedagogica che si basa sulle nuove teorie dell&#039;apprendimento.\" \/>\n<meta property=\"og:url\" content=\"https:\/\/eurytionpress.com\/en\/modello-curricolare-per-linsegnamento-della-storia-delle-religioni\/\" \/>\n<meta property=\"og:site_name\" content=\"Eurytion Press\" \/>\n<meta property=\"article:modified_time\" content=\"2026-01-09T06:50:51+00:00\" \/>\n<meta property=\"og:image\" content=\"https:\/\/eurytionpress.com\/wp-content\/uploads\/2025\/07\/modello-curricolare.png\" \/>\n\t<meta property=\"og:image:width\" content=\"739\" \/>\n\t<meta property=\"og:image:height\" content=\"1170\" \/>\n\t<meta property=\"og:image:type\" content=\"image\/png\" \/>\n<meta name=\"twitter:card\" content=\"summary_large_image\" \/>\n<script type=\"application\/ld+json\" class=\"yoast-schema-graph\">{\"@context\":\"https:\/\/schema.org\",\"@graph\":[{\"@type\":\"WebPage\",\"@id\":\"https:\/\/eurytionpress.com\/en\/modello-curricolare-per-linsegnamento-della-storia-delle-religioni\/\",\"url\":\"https:\/\/eurytionpress.com\/en\/modello-curricolare-per-linsegnamento-della-storia-delle-religioni\/\",\"name\":\"Modello Curricolare per l'Insegnamento della Storia delle Religioni - Eurytion Press\",\"isPartOf\":{\"@id\":\"https:\/\/eurytionpress.com\/en\/#website\"},\"primaryImageOfPage\":{\"@id\":\"https:\/\/eurytionpress.com\/en\/modello-curricolare-per-linsegnamento-della-storia-delle-religioni\/#primaryimage\"},\"image\":{\"@id\":\"https:\/\/eurytionpress.com\/en\/modello-curricolare-per-linsegnamento-della-storia-delle-religioni\/#primaryimage\"},\"thumbnailUrl\":\"https:\/\/eurytionpress.com\/wp-content\/uploads\/2025\/07\/modello-curricolare.png\",\"datePublished\":\"2025-07-01T13:20:01+00:00\",\"dateModified\":\"2026-01-09T06:50:51+00:00\",\"breadcrumb\":{\"@id\":\"https:\/\/eurytionpress.com\/en\/modello-curricolare-per-linsegnamento-della-storia-delle-religioni\/#breadcrumb\"},\"inLanguage\":\"en-US\",\"potentialAction\":[{\"@type\":\"ReadAction\",\"target\":[\"https:\/\/eurytionpress.com\/en\/modello-curricolare-per-linsegnamento-della-storia-delle-religioni\/\"]}]},{\"@type\":\"ImageObject\",\"inLanguage\":\"en-US\",\"@id\":\"https:\/\/eurytionpress.com\/en\/modello-curricolare-per-linsegnamento-della-storia-delle-religioni\/#primaryimage\",\"url\":\"https:\/\/eurytionpress.com\/wp-content\/uploads\/2025\/07\/modello-curricolare.png\",\"contentUrl\":\"https:\/\/eurytionpress.com\/wp-content\/uploads\/2025\/07\/modello-curricolare.png\",\"width\":739,\"height\":1170},{\"@type\":\"BreadcrumbList\",\"@id\":\"https:\/\/eurytionpress.com\/en\/modello-curricolare-per-linsegnamento-della-storia-delle-religioni\/#breadcrumb\",\"itemListElement\":[{\"@type\":\"ListItem\",\"position\":1,\"name\":\"Portada\",\"item\":\"https:\/\/eurytionpress.com\/en\/\"},{\"@type\":\"ListItem\",\"position\":2,\"name\":\"Libros\",\"item\":\"https:\/\/eurytionpress.com\/libros-2\/\"},{\"@type\":\"ListItem\",\"position\":3,\"name\":\"Modello Curricolare per l&#8217;Insegnamento della Storia delle Religioni\"}]},{\"@type\":\"WebSite\",\"@id\":\"https:\/\/eurytionpress.com\/en\/#website\",\"url\":\"https:\/\/eurytionpress.com\/en\/\",\"name\":\"Eurytion Press\",\"description\":\"Editorial de libros cient\u00edficos y acad\u00e9micos\",\"publisher\":{\"@id\":\"https:\/\/eurytionpress.com\/en\/#organization\"},\"potentialAction\":[{\"@type\":\"SearchAction\",\"target\":{\"@type\":\"EntryPoint\",\"urlTemplate\":\"https:\/\/eurytionpress.com\/en\/?s={search_term_string}\"},\"query-input\":{\"@type\":\"PropertyValueSpecification\",\"valueRequired\":true,\"valueName\":\"search_term_string\"}}],\"inLanguage\":\"en-US\"},{\"@type\":\"Organization\",\"@id\":\"https:\/\/eurytionpress.com\/en\/#organization\",\"name\":\"Eurytion Press\",\"url\":\"https:\/\/eurytionpress.com\/en\/\",\"logo\":{\"@type\":\"ImageObject\",\"inLanguage\":\"en-US\",\"@id\":\"https:\/\/eurytionpress.com\/en\/#\/schema\/logo\/image\/\",\"url\":\"https:\/\/eurytionpress.com\/wp-content\/uploads\/2025\/07\/eurityon-press.png\",\"contentUrl\":\"https:\/\/eurytionpress.com\/wp-content\/uploads\/2025\/07\/eurityon-press.png\",\"width\":229,\"height\":46,\"caption\":\"Eurytion Press\"},\"image\":{\"@id\":\"https:\/\/eurytionpress.com\/en\/#\/schema\/logo\/image\/\"}}]}<\/script>\n<!-- \/ Yoast SEO plugin. -->","yoast_head_json":{"title":"Modello Curricolare per l'Insegnamento della Storia delle Religioni - Eurytion Press","robots":{"index":"index","follow":"follow","max-snippet":"max-snippet:-1","max-image-preview":"max-image-preview:large","max-video-preview":"max-video-preview:-1"},"canonical":"https:\/\/eurytionpress.com\/en\/modello-curricolare-per-linsegnamento-della-storia-delle-religioni\/","og_locale":"en_US","og_type":"article","og_title":"Modello Curricolare per l'Insegnamento della Storia delle Religioni - Eurytion Press","og_description":"L'insegnamento della Storia delle Religioni \u00e8 fondamentale in qualsiasi programma accademico. La sua presenza nei contesti educativi non dovrebbe essere messa in discussione: la religione \u00e8 un elemento essenziale in ogni dimensione umana e ancora di pi\u00f9 al giorno d'oggi, data la crescente importanza che assume in un mondo globalizzato e multiculturale. La Storia delle Religioni analizza, da una prospettiva scientifica, aconfessionale e interdisciplinare, il fenomeno religioso nel corso della storia dell'umanit\u00e0. In linea di principio, e anche solo per questo motivo, se ne potrebbe difendere la validit\u00e0 all'interno del sistema educativo, in quanto eccellente alternativa o complemento alla religione confessionale, di fondamenti essenzialmente teologici. Ma le possibilit\u00e0 formative della Storia delle Religioni sono enormi. Conoscere il fenomeno religioso e le sue diverse manifestazioni, cio\u00e8 le religioni del mondo, \u00e8 innanzitutto un ottimo mezzo per sviluppare nei bambini e nei giovani atteggiamenti di tolleranza, comprensione, rispetto e valori democratici, che consentono di superare atteggiamenti etnocentrici e xenofobi. Allo stesso modo, pu\u00f2 rivelarsi un efficace strumento di prevenzione contro gruppi religiosi distruttivi o fenomeni settari potenzialmente dannosi. D'altra parte, nessuno pu\u00f2 negarne l'importanza nella formazione culturale di qualsiasi persona. \u00c8 impossibile comprendere la storia, e in generale la societ\u00e0, senza considerare il fenomeno religioso. E l'influenza decisiva che ha avuto e continua ad avere, in modo indissolubile, sulle creazioni artistiche, letterarie e\/o musicali. Fa senza dubbio parte dell'educazione integrale che i sistemi educativi devono perseguire oggi. In quest'opera, in cui vengono analizzate con rigore tutte queste questioni, viene offerto un nuovo modello curricolare per l'insegnamento della Storia delle Religioni nei diversi livelli educativi. La struttura scientifica della materia proposta contempla elementi essenziali per facilitarne la comprensione, quali lo spazio, il fattore tempo, le relazioni con le manifestazioni culturali, l'evoluzione delle correnti religiose e molti altri. Dallo studio teorico delle basi epistemologiche ed educative, al fine di elaborare un processo di intervento costruttivista, fino agli orientamenti didattici e ai criteri di valutazione che spiegano come insegnare e come valutare questa disciplina accademica, in questo lavoro viene offerto un modello formale innovativo di progettazione pedagogica che si basa sulle nuove teorie dell'apprendimento.","og_url":"https:\/\/eurytionpress.com\/en\/modello-curricolare-per-linsegnamento-della-storia-delle-religioni\/","og_site_name":"Eurytion Press","article_modified_time":"2026-01-09T06:50:51+00:00","og_image":[{"width":739,"height":1170,"url":"https:\/\/eurytionpress.com\/wp-content\/uploads\/2025\/07\/modello-curricolare.png","type":"image\/png"}],"twitter_card":"summary_large_image","schema":{"@context":"https:\/\/schema.org","@graph":[{"@type":"WebPage","@id":"https:\/\/eurytionpress.com\/en\/modello-curricolare-per-linsegnamento-della-storia-delle-religioni\/","url":"https:\/\/eurytionpress.com\/en\/modello-curricolare-per-linsegnamento-della-storia-delle-religioni\/","name":"Modello Curricolare per l'Insegnamento della Storia delle Religioni - Eurytion Press","isPartOf":{"@id":"https:\/\/eurytionpress.com\/en\/#website"},"primaryImageOfPage":{"@id":"https:\/\/eurytionpress.com\/en\/modello-curricolare-per-linsegnamento-della-storia-delle-religioni\/#primaryimage"},"image":{"@id":"https:\/\/eurytionpress.com\/en\/modello-curricolare-per-linsegnamento-della-storia-delle-religioni\/#primaryimage"},"thumbnailUrl":"https:\/\/eurytionpress.com\/wp-content\/uploads\/2025\/07\/modello-curricolare.png","datePublished":"2025-07-01T13:20:01+00:00","dateModified":"2026-01-09T06:50:51+00:00","breadcrumb":{"@id":"https:\/\/eurytionpress.com\/en\/modello-curricolare-per-linsegnamento-della-storia-delle-religioni\/#breadcrumb"},"inLanguage":"en-US","potentialAction":[{"@type":"ReadAction","target":["https:\/\/eurytionpress.com\/en\/modello-curricolare-per-linsegnamento-della-storia-delle-religioni\/"]}]},{"@type":"ImageObject","inLanguage":"en-US","@id":"https:\/\/eurytionpress.com\/en\/modello-curricolare-per-linsegnamento-della-storia-delle-religioni\/#primaryimage","url":"https:\/\/eurytionpress.com\/wp-content\/uploads\/2025\/07\/modello-curricolare.png","contentUrl":"https:\/\/eurytionpress.com\/wp-content\/uploads\/2025\/07\/modello-curricolare.png","width":739,"height":1170},{"@type":"BreadcrumbList","@id":"https:\/\/eurytionpress.com\/en\/modello-curricolare-per-linsegnamento-della-storia-delle-religioni\/#breadcrumb","itemListElement":[{"@type":"ListItem","position":1,"name":"Portada","item":"https:\/\/eurytionpress.com\/en\/"},{"@type":"ListItem","position":2,"name":"Libros","item":"https:\/\/eurytionpress.com\/libros-2\/"},{"@type":"ListItem","position":3,"name":"Modello Curricolare per l&#8217;Insegnamento della Storia delle Religioni"}]},{"@type":"WebSite","@id":"https:\/\/eurytionpress.com\/en\/#website","url":"https:\/\/eurytionpress.com\/en\/","name":"Eurytion Press","description":"Editorial de libros cient\u00edficos y acad\u00e9micos","publisher":{"@id":"https:\/\/eurytionpress.com\/en\/#organization"},"potentialAction":[{"@type":"SearchAction","target":{"@type":"EntryPoint","urlTemplate":"https:\/\/eurytionpress.com\/en\/?s={search_term_string}"},"query-input":{"@type":"PropertyValueSpecification","valueRequired":true,"valueName":"search_term_string"}}],"inLanguage":"en-US"},{"@type":"Organization","@id":"https:\/\/eurytionpress.com\/en\/#organization","name":"Eurytion Press","url":"https:\/\/eurytionpress.com\/en\/","logo":{"@type":"ImageObject","inLanguage":"en-US","@id":"https:\/\/eurytionpress.com\/en\/#\/schema\/logo\/image\/","url":"https:\/\/eurytionpress.com\/wp-content\/uploads\/2025\/07\/eurityon-press.png","contentUrl":"https:\/\/eurytionpress.com\/wp-content\/uploads\/2025\/07\/eurityon-press.png","width":229,"height":46,"caption":"Eurytion Press"},"image":{"@id":"https:\/\/eurytionpress.com\/en\/#\/schema\/logo\/image\/"}}]}},"_links":{"self":[{"href":"https:\/\/eurytionpress.com\/en\/wp-json\/wp\/v2\/product\/23653","targetHints":{"allow":["GET"]}}],"collection":[{"href":"https:\/\/eurytionpress.com\/en\/wp-json\/wp\/v2\/product"}],"about":[{"href":"https:\/\/eurytionpress.com\/en\/wp-json\/wp\/v2\/types\/product"}],"replies":[{"embeddable":true,"href":"https:\/\/eurytionpress.com\/en\/wp-json\/wp\/v2\/comments?post=23653"}],"wp:featuredmedia":[{"embeddable":true,"href":"https:\/\/eurytionpress.com\/en\/wp-json\/wp\/v2\/media\/22636"}],"wp:attachment":[{"href":"https:\/\/eurytionpress.com\/en\/wp-json\/wp\/v2\/media?parent=23653"}],"wp:term":[{"taxonomy":"product_brand","embeddable":true,"href":"https:\/\/eurytionpress.com\/en\/wp-json\/wp\/v2\/product_brand?post=23653"},{"taxonomy":"product_cat","embeddable":true,"href":"https:\/\/eurytionpress.com\/en\/wp-json\/wp\/v2\/product_cat?post=23653"},{"taxonomy":"product_tag","embeddable":true,"href":"https:\/\/eurytionpress.com\/en\/wp-json\/wp\/v2\/product_tag?post=23653"}],"curies":[{"name":"wp","href":"https:\/\/api.w.org\/{rel}","templated":true}]}}