{"id":23654,"date":"2025-07-01T15:19:51","date_gmt":"2025-07-01T13:19:51","guid":{"rendered":"https:\/\/wpempresa.com\/eurytion\/modelos-metodologicos-de-investigacion-en-ciencias-sociales\/"},"modified":"2025-07-01T15:19:51","modified_gmt":"2025-07-01T13:19:51","slug":"modelos-metodologicos-de-investigacion-en-ciencias-sociales","status":"publish","type":"product","link":"https:\/\/eurytionpress.com\/en\/modelos-metodologicos-de-investigacion-en-ciencias-sociales\/","title":{"rendered":"Modelos Metodol\u00f3gicos de Investigaci\u00f3n en Ciencias Sociales"},"content":{"rendered":"<p>G\u00f3mez Gal\u00e1n, Jos\u00e9, y Eloy L\u00f3pez Meneses. Modelos Metodol\u00f3gicos de Investigaci\u00f3n en Ciencias Sociales. Cupey: UAGM; Badajoz: Eurytion Press, 2019.<\/p>\n","protected":false},"excerpt":{"rendered":"<p>Este libro pertenece a la colecci\u00f3n &#8220;Methodos: Paradigmas y Fronteras en la Investigaci\u00f3n Cient\u00edfica&#8221;, entendida como un foro de referencia centrado en las metodolog\u00edas cient\u00edficas y destinado a la comunidad cient\u00edfica internacional, en especial a investigadores, acad\u00e9micos y profesionales que buscan profundizar en la teor\u00eda y la pr\u00e1ctica de la investigaci\u00f3n. Esta colecci\u00f3n publica trabajos de vanguardia que exploran cr\u00edticamente tanto los fundamentos epistemol\u00f3gicos y los modelos metodol\u00f3gicos consolidados en diversas disciplinas \u2013como es el caso de la presente obra, &#8220;Modelos Metodol\u00f3gicos de Investigaci\u00f3n en Ciencias Sociales&#8221;\u2013 como aquellas propuestas innovadoras y enfoques alternativos que desaf\u00edan los l\u00edmites convencionales del conocimiento cient\u00edfico. Son muchas las caracter\u00edsticas atractivas de esta colecci\u00f3n y de los trabajos que la componen, presentando an\u00e1lisis rigurosos sobre m\u00e9todos cuantitativos, cualitativos y mixtos, desarrollos en dise\u00f1o de investigaci\u00f3n, t\u00e9cnicas avanzadas de an\u00e1lisis de datos, reflexiones sobre \u00e9tica en la investigaci\u00f3n y la aplicaci\u00f3n de metodolog\u00edas en contextos interdisciplinares complejos. No s\u00f3lo est\u00e1n presentes contribuciones que ofrecen descripciones t\u00e9cnicas, sino tambi\u00e9n debates conceptuales profundos y aplicaciones pr\u00e1cticas ilustrativas. &#8220;Methodos&#8221; busca fomentar el di\u00e1logo entre tradiciones epistemol\u00f3gicas publicando contribuciones que no solo presentan nuevas herramientas o t\u00e9cnicas, sino que tambi\u00e9n reflexionan cr\u00edticamente sobre sus fundamentos, limitaciones y el potencial impacto social del conocimiento generado. Destacan, sobre todo, aquellos trabajos que muestran c\u00f3mo la innovaci\u00f3n metodol\u00f3gica puede abrir nuevas v\u00edas para comprender los principales problemas globales m\u00e1s relevantes. Se presta especial atenci\u00f3n a las metodolog\u00edas emergentes que han sido dise\u00f1adas para abordar la creciente complejidad de los nuevos fen\u00f3menos estudiados y los tipos de datos que ofrecen. En definitiva, esta colecci\u00f3n busca ser un recurso esencial para potenciar la excelencia metodol\u00f3gica, presentar como modelos distintos dise\u00f1os de investigaci\u00f3n innovadores y ofrecer a los cient\u00edficos herramientas ante la complejidad del conocimiento en el siglo XXI, consolid\u00e1ndose como un espacio destacado para el avance y la reflexi\u00f3n cr\u00edtica sobre el arte y la ciencia de investigar.<\/p>\n","protected":false},"featured_media":22632,"comment_status":"closed","ping_status":"closed","template":"","meta":[],"product_brand":[],"product_cat":[689,925],"product_tag":[],"class_list":{"0":"post-23654","1":"product","2":"type-product","3":"status-publish","4":"has-post-thumbnail","6":"product_cat-international-en","7":"product_cat-printed-book","9":"first","10":"instock","11":"product-type-external"},"yoast_head":"<!-- This site is optimized with the Yoast SEO plugin v25.3.1 - https:\/\/yoast.com\/wordpress\/plugins\/seo\/ -->\n<title>Modelos Metodol\u00f3gicos de Investigaci\u00f3n en Ciencias Sociales - Eurytion Press<\/title>\n<meta name=\"robots\" content=\"index, follow, max-snippet:-1, max-image-preview:large, max-video-preview:-1\" \/>\n<link rel=\"canonical\" href=\"https:\/\/eurytionpress.com\/en\/modelos-metodologicos-de-investigacion-en-ciencias-sociales\/\" \/>\n<meta property=\"og:locale\" content=\"en_US\" \/>\n<meta property=\"og:type\" content=\"article\" \/>\n<meta property=\"og:title\" content=\"Modelos Metodol\u00f3gicos de Investigaci\u00f3n en Ciencias Sociales - Eurytion Press\" \/>\n<meta property=\"og:description\" content=\"Este libro pertenece a la colecci\u00f3n &quot;Methodos: Paradigmas y Fronteras en la Investigaci\u00f3n Cient\u00edfica&quot;, entendida como un foro de referencia centrado en las metodolog\u00edas cient\u00edficas y destinado a la comunidad cient\u00edfica internacional, en especial a investigadores, acad\u00e9micos y profesionales que buscan profundizar en la teor\u00eda y la pr\u00e1ctica de la investigaci\u00f3n. Esta colecci\u00f3n publica trabajos de vanguardia que exploran cr\u00edticamente tanto los fundamentos epistemol\u00f3gicos y los modelos metodol\u00f3gicos consolidados en diversas disciplinas \u2013como es el caso de la presente obra, &quot;Modelos Metodol\u00f3gicos de Investigaci\u00f3n en Ciencias Sociales&quot;\u2013 como aquellas propuestas innovadoras y enfoques alternativos que desaf\u00edan los l\u00edmites convencionales del conocimiento cient\u00edfico. Son muchas las caracter\u00edsticas atractivas de esta colecci\u00f3n y de los trabajos que la componen, presentando an\u00e1lisis rigurosos sobre m\u00e9todos cuantitativos, cualitativos y mixtos, desarrollos en dise\u00f1o de investigaci\u00f3n, t\u00e9cnicas avanzadas de an\u00e1lisis de datos, reflexiones sobre \u00e9tica en la investigaci\u00f3n y la aplicaci\u00f3n de metodolog\u00edas en contextos interdisciplinares complejos. No s\u00f3lo est\u00e1n presentes contribuciones que ofrecen descripciones t\u00e9cnicas, sino tambi\u00e9n debates conceptuales profundos y aplicaciones pr\u00e1cticas ilustrativas. &quot;Methodos&quot; busca fomentar el di\u00e1logo entre tradiciones epistemol\u00f3gicas publicando contribuciones que no solo presentan nuevas herramientas o t\u00e9cnicas, sino que tambi\u00e9n reflexionan cr\u00edticamente sobre sus fundamentos, limitaciones y el potencial impacto social del conocimiento generado. Destacan, sobre todo, aquellos trabajos que muestran c\u00f3mo la innovaci\u00f3n metodol\u00f3gica puede abrir nuevas v\u00edas para comprender los principales problemas globales m\u00e1s relevantes. Se presta especial atenci\u00f3n a las metodolog\u00edas emergentes que han sido dise\u00f1adas para abordar la creciente complejidad de los nuevos fen\u00f3menos estudiados y los tipos de datos que ofrecen. En definitiva, esta colecci\u00f3n busca ser un recurso esencial para potenciar la excelencia metodol\u00f3gica, presentar como modelos distintos dise\u00f1os de investigaci\u00f3n innovadores y ofrecer a los cient\u00edficos herramientas ante la complejidad del conocimiento en el siglo XXI, consolid\u00e1ndose como un espacio destacado para el avance y la reflexi\u00f3n cr\u00edtica sobre el arte y la ciencia de investigar.\" \/>\n<meta property=\"og:url\" content=\"https:\/\/eurytionpress.com\/en\/modelos-metodologicos-de-investigacion-en-ciencias-sociales\/\" \/>\n<meta property=\"og:site_name\" content=\"Eurytion Press\" \/>\n<meta property=\"og:image\" content=\"https:\/\/eurytionpress.com\/wp-content\/uploads\/2025\/07\/modelos-metodologicos-cover.png\" \/>\n\t<meta property=\"og:image:width\" content=\"775\" \/>\n\t<meta property=\"og:image:height\" content=\"1170\" \/>\n\t<meta property=\"og:image:type\" content=\"image\/png\" \/>\n<meta name=\"twitter:card\" content=\"summary_large_image\" \/>\n<script type=\"application\/ld+json\" class=\"yoast-schema-graph\">{\"@context\":\"https:\/\/schema.org\",\"@graph\":[{\"@type\":\"WebPage\",\"@id\":\"https:\/\/eurytionpress.com\/en\/modelos-metodologicos-de-investigacion-en-ciencias-sociales\/\",\"url\":\"https:\/\/eurytionpress.com\/en\/modelos-metodologicos-de-investigacion-en-ciencias-sociales\/\",\"name\":\"Modelos Metodol\u00f3gicos de Investigaci\u00f3n en Ciencias Sociales - Eurytion Press\",\"isPartOf\":{\"@id\":\"https:\/\/eurytionpress.com\/en\/#website\"},\"primaryImageOfPage\":{\"@id\":\"https:\/\/eurytionpress.com\/en\/modelos-metodologicos-de-investigacion-en-ciencias-sociales\/#primaryimage\"},\"image\":{\"@id\":\"https:\/\/eurytionpress.com\/en\/modelos-metodologicos-de-investigacion-en-ciencias-sociales\/#primaryimage\"},\"thumbnailUrl\":\"https:\/\/eurytionpress.com\/wp-content\/uploads\/2025\/07\/modelos-metodologicos-cover.png\",\"datePublished\":\"2025-07-01T13:19:51+00:00\",\"breadcrumb\":{\"@id\":\"https:\/\/eurytionpress.com\/en\/modelos-metodologicos-de-investigacion-en-ciencias-sociales\/#breadcrumb\"},\"inLanguage\":\"en-US\",\"potentialAction\":[{\"@type\":\"ReadAction\",\"target\":[\"https:\/\/eurytionpress.com\/en\/modelos-metodologicos-de-investigacion-en-ciencias-sociales\/\"]}]},{\"@type\":\"ImageObject\",\"inLanguage\":\"en-US\",\"@id\":\"https:\/\/eurytionpress.com\/en\/modelos-metodologicos-de-investigacion-en-ciencias-sociales\/#primaryimage\",\"url\":\"https:\/\/eurytionpress.com\/wp-content\/uploads\/2025\/07\/modelos-metodologicos-cover.png\",\"contentUrl\":\"https:\/\/eurytionpress.com\/wp-content\/uploads\/2025\/07\/modelos-metodologicos-cover.png\",\"width\":775,\"height\":1170},{\"@type\":\"BreadcrumbList\",\"@id\":\"https:\/\/eurytionpress.com\/en\/modelos-metodologicos-de-investigacion-en-ciencias-sociales\/#breadcrumb\",\"itemListElement\":[{\"@type\":\"ListItem\",\"position\":1,\"name\":\"Portada\",\"item\":\"https:\/\/eurytionpress.com\/en\/\"},{\"@type\":\"ListItem\",\"position\":2,\"name\":\"Libros\",\"item\":\"https:\/\/eurytionpress.com\/libros-2\/\"},{\"@type\":\"ListItem\",\"position\":3,\"name\":\"Modelos Metodol\u00f3gicos de Investigaci\u00f3n en Ciencias Sociales\"}]},{\"@type\":\"WebSite\",\"@id\":\"https:\/\/eurytionpress.com\/en\/#website\",\"url\":\"https:\/\/eurytionpress.com\/en\/\",\"name\":\"Eurytion Press\",\"description\":\"Editorial de libros cient\u00edficos y acad\u00e9micos\",\"publisher\":{\"@id\":\"https:\/\/eurytionpress.com\/en\/#organization\"},\"potentialAction\":[{\"@type\":\"SearchAction\",\"target\":{\"@type\":\"EntryPoint\",\"urlTemplate\":\"https:\/\/eurytionpress.com\/en\/?s={search_term_string}\"},\"query-input\":{\"@type\":\"PropertyValueSpecification\",\"valueRequired\":true,\"valueName\":\"search_term_string\"}}],\"inLanguage\":\"en-US\"},{\"@type\":\"Organization\",\"@id\":\"https:\/\/eurytionpress.com\/en\/#organization\",\"name\":\"Eurytion Press\",\"url\":\"https:\/\/eurytionpress.com\/en\/\",\"logo\":{\"@type\":\"ImageObject\",\"inLanguage\":\"en-US\",\"@id\":\"https:\/\/eurytionpress.com\/en\/#\/schema\/logo\/image\/\",\"url\":\"https:\/\/eurytionpress.com\/wp-content\/uploads\/2025\/07\/eurityon-press.png\",\"contentUrl\":\"https:\/\/eurytionpress.com\/wp-content\/uploads\/2025\/07\/eurityon-press.png\",\"width\":229,\"height\":46,\"caption\":\"Eurytion Press\"},\"image\":{\"@id\":\"https:\/\/eurytionpress.com\/en\/#\/schema\/logo\/image\/\"}}]}<\/script>\n<!-- \/ Yoast SEO plugin. -->","yoast_head_json":{"title":"Modelos Metodol\u00f3gicos de Investigaci\u00f3n en Ciencias Sociales - Eurytion Press","robots":{"index":"index","follow":"follow","max-snippet":"max-snippet:-1","max-image-preview":"max-image-preview:large","max-video-preview":"max-video-preview:-1"},"canonical":"https:\/\/eurytionpress.com\/en\/modelos-metodologicos-de-investigacion-en-ciencias-sociales\/","og_locale":"en_US","og_type":"article","og_title":"Modelos Metodol\u00f3gicos de Investigaci\u00f3n en Ciencias Sociales - Eurytion Press","og_description":"Este libro pertenece a la colecci\u00f3n \"Methodos: Paradigmas y Fronteras en la Investigaci\u00f3n Cient\u00edfica\", entendida como un foro de referencia centrado en las metodolog\u00edas cient\u00edficas y destinado a la comunidad cient\u00edfica internacional, en especial a investigadores, acad\u00e9micos y profesionales que buscan profundizar en la teor\u00eda y la pr\u00e1ctica de la investigaci\u00f3n. Esta colecci\u00f3n publica trabajos de vanguardia que exploran cr\u00edticamente tanto los fundamentos epistemol\u00f3gicos y los modelos metodol\u00f3gicos consolidados en diversas disciplinas \u2013como es el caso de la presente obra, \"Modelos Metodol\u00f3gicos de Investigaci\u00f3n en Ciencias Sociales\"\u2013 como aquellas propuestas innovadoras y enfoques alternativos que desaf\u00edan los l\u00edmites convencionales del conocimiento cient\u00edfico. Son muchas las caracter\u00edsticas atractivas de esta colecci\u00f3n y de los trabajos que la componen, presentando an\u00e1lisis rigurosos sobre m\u00e9todos cuantitativos, cualitativos y mixtos, desarrollos en dise\u00f1o de investigaci\u00f3n, t\u00e9cnicas avanzadas de an\u00e1lisis de datos, reflexiones sobre \u00e9tica en la investigaci\u00f3n y la aplicaci\u00f3n de metodolog\u00edas en contextos interdisciplinares complejos. No s\u00f3lo est\u00e1n presentes contribuciones que ofrecen descripciones t\u00e9cnicas, sino tambi\u00e9n debates conceptuales profundos y aplicaciones pr\u00e1cticas ilustrativas. \"Methodos\" busca fomentar el di\u00e1logo entre tradiciones epistemol\u00f3gicas publicando contribuciones que no solo presentan nuevas herramientas o t\u00e9cnicas, sino que tambi\u00e9n reflexionan cr\u00edticamente sobre sus fundamentos, limitaciones y el potencial impacto social del conocimiento generado. Destacan, sobre todo, aquellos trabajos que muestran c\u00f3mo la innovaci\u00f3n metodol\u00f3gica puede abrir nuevas v\u00edas para comprender los principales problemas globales m\u00e1s relevantes. Se presta especial atenci\u00f3n a las metodolog\u00edas emergentes que han sido dise\u00f1adas para abordar la creciente complejidad de los nuevos fen\u00f3menos estudiados y los tipos de datos que ofrecen. En definitiva, esta colecci\u00f3n busca ser un recurso esencial para potenciar la excelencia metodol\u00f3gica, presentar como modelos distintos dise\u00f1os de investigaci\u00f3n innovadores y ofrecer a los cient\u00edficos herramientas ante la complejidad del conocimiento en el siglo XXI, consolid\u00e1ndose como un espacio destacado para el avance y la reflexi\u00f3n cr\u00edtica sobre el arte y la ciencia de investigar.","og_url":"https:\/\/eurytionpress.com\/en\/modelos-metodologicos-de-investigacion-en-ciencias-sociales\/","og_site_name":"Eurytion Press","og_image":[{"width":775,"height":1170,"url":"https:\/\/eurytionpress.com\/wp-content\/uploads\/2025\/07\/modelos-metodologicos-cover.png","type":"image\/png"}],"twitter_card":"summary_large_image","schema":{"@context":"https:\/\/schema.org","@graph":[{"@type":"WebPage","@id":"https:\/\/eurytionpress.com\/en\/modelos-metodologicos-de-investigacion-en-ciencias-sociales\/","url":"https:\/\/eurytionpress.com\/en\/modelos-metodologicos-de-investigacion-en-ciencias-sociales\/","name":"Modelos Metodol\u00f3gicos de Investigaci\u00f3n en Ciencias Sociales - Eurytion Press","isPartOf":{"@id":"https:\/\/eurytionpress.com\/en\/#website"},"primaryImageOfPage":{"@id":"https:\/\/eurytionpress.com\/en\/modelos-metodologicos-de-investigacion-en-ciencias-sociales\/#primaryimage"},"image":{"@id":"https:\/\/eurytionpress.com\/en\/modelos-metodologicos-de-investigacion-en-ciencias-sociales\/#primaryimage"},"thumbnailUrl":"https:\/\/eurytionpress.com\/wp-content\/uploads\/2025\/07\/modelos-metodologicos-cover.png","datePublished":"2025-07-01T13:19:51+00:00","breadcrumb":{"@id":"https:\/\/eurytionpress.com\/en\/modelos-metodologicos-de-investigacion-en-ciencias-sociales\/#breadcrumb"},"inLanguage":"en-US","potentialAction":[{"@type":"ReadAction","target":["https:\/\/eurytionpress.com\/en\/modelos-metodologicos-de-investigacion-en-ciencias-sociales\/"]}]},{"@type":"ImageObject","inLanguage":"en-US","@id":"https:\/\/eurytionpress.com\/en\/modelos-metodologicos-de-investigacion-en-ciencias-sociales\/#primaryimage","url":"https:\/\/eurytionpress.com\/wp-content\/uploads\/2025\/07\/modelos-metodologicos-cover.png","contentUrl":"https:\/\/eurytionpress.com\/wp-content\/uploads\/2025\/07\/modelos-metodologicos-cover.png","width":775,"height":1170},{"@type":"BreadcrumbList","@id":"https:\/\/eurytionpress.com\/en\/modelos-metodologicos-de-investigacion-en-ciencias-sociales\/#breadcrumb","itemListElement":[{"@type":"ListItem","position":1,"name":"Portada","item":"https:\/\/eurytionpress.com\/en\/"},{"@type":"ListItem","position":2,"name":"Libros","item":"https:\/\/eurytionpress.com\/libros-2\/"},{"@type":"ListItem","position":3,"name":"Modelos Metodol\u00f3gicos de Investigaci\u00f3n en Ciencias Sociales"}]},{"@type":"WebSite","@id":"https:\/\/eurytionpress.com\/en\/#website","url":"https:\/\/eurytionpress.com\/en\/","name":"Eurytion Press","description":"Editorial de libros cient\u00edficos y acad\u00e9micos","publisher":{"@id":"https:\/\/eurytionpress.com\/en\/#organization"},"potentialAction":[{"@type":"SearchAction","target":{"@type":"EntryPoint","urlTemplate":"https:\/\/eurytionpress.com\/en\/?s={search_term_string}"},"query-input":{"@type":"PropertyValueSpecification","valueRequired":true,"valueName":"search_term_string"}}],"inLanguage":"en-US"},{"@type":"Organization","@id":"https:\/\/eurytionpress.com\/en\/#organization","name":"Eurytion Press","url":"https:\/\/eurytionpress.com\/en\/","logo":{"@type":"ImageObject","inLanguage":"en-US","@id":"https:\/\/eurytionpress.com\/en\/#\/schema\/logo\/image\/","url":"https:\/\/eurytionpress.com\/wp-content\/uploads\/2025\/07\/eurityon-press.png","contentUrl":"https:\/\/eurytionpress.com\/wp-content\/uploads\/2025\/07\/eurityon-press.png","width":229,"height":46,"caption":"Eurytion Press"},"image":{"@id":"https:\/\/eurytionpress.com\/en\/#\/schema\/logo\/image\/"}}]}},"_links":{"self":[{"href":"https:\/\/eurytionpress.com\/en\/wp-json\/wp\/v2\/product\/23654","targetHints":{"allow":["GET"]}}],"collection":[{"href":"https:\/\/eurytionpress.com\/en\/wp-json\/wp\/v2\/product"}],"about":[{"href":"https:\/\/eurytionpress.com\/en\/wp-json\/wp\/v2\/types\/product"}],"replies":[{"embeddable":true,"href":"https:\/\/eurytionpress.com\/en\/wp-json\/wp\/v2\/comments?post=23654"}],"wp:featuredmedia":[{"embeddable":true,"href":"https:\/\/eurytionpress.com\/en\/wp-json\/wp\/v2\/media\/22632"}],"wp:attachment":[{"href":"https:\/\/eurytionpress.com\/en\/wp-json\/wp\/v2\/media?parent=23654"}],"wp:term":[{"taxonomy":"product_brand","embeddable":true,"href":"https:\/\/eurytionpress.com\/en\/wp-json\/wp\/v2\/product_brand?post=23654"},{"taxonomy":"product_cat","embeddable":true,"href":"https:\/\/eurytionpress.com\/en\/wp-json\/wp\/v2\/product_cat?post=23654"},{"taxonomy":"product_tag","embeddable":true,"href":"https:\/\/eurytionpress.com\/en\/wp-json\/wp\/v2\/product_tag?post=23654"}],"curies":[{"name":"wp","href":"https:\/\/api.w.org\/{rel}","templated":true}]}}