{"id":23657,"date":"2025-07-01T15:18:48","date_gmt":"2025-07-01T13:18:48","guid":{"rendered":"https:\/\/wpempresa.com\/eurytion\/metodos-de-investigacion-en-la-practica-educativa-universitaria-enfoque-desde-contextos-digitales-innovadores\/"},"modified":"2026-01-09T07:50:51","modified_gmt":"2026-01-09T06:50:51","slug":"metodos-de-investigaci%c3%b3n-en-la-practica-educativa-universitaria","status":"publish","type":"product","link":"https:\/\/eurytionpress.com\/en\/metodos-de-investigaci%c3%b3n-en-la-practica-educativa-universitaria\/","title":{"rendered":"M\u00e9todos de Investigaci\u00f3n en la Pr\u00e1ctica Educativa Universitaria: Enfoque desde Contextos Digitales Innovadores"},"content":{"rendered":"<p>G\u00f3mez Gal\u00e1n, Jos\u00e9, Zaida Vega Lugo, Eloy L\u00f3pez Meneses, y Jos\u00e9 Angel Mart\u00ednez L\u00f3pez. M\u00e9todos de Investigaci\u00f3n en la Pr\u00e1ctica Educativa Universitaria: Enfoque desde Contextos Digitales Innovadores. Cupey: UAGM; Badajoz: Eurytion Press, 2019.<\/p>\n","protected":false},"excerpt":{"rendered":"<p>Este libro pertenece a la serie &#8220;Educaci\u00f3n Superior y Sociedad Digital: Investigaci\u00f3n y Pr\u00e1cticas Innovadoras&#8221;, que entendemos como un referente acad\u00e9mico fundamental para investigadores y docentes universitarios inmersos en la transformaci\u00f3n del panorama educativo contempor\u00e1neo. Agrupa una selecci\u00f3n rigurosa de estudios que abordan las complejas interrelaciones entre la educaci\u00f3n superior, la sociedad digital y las metodolog\u00edas de investigaci\u00f3n emergentes. Las obras incluidas en ella, como, entre otras, \u201cDigital Skills in Ubiquitous University Settings\u201d; \u201cEducational Studies and Innovative Practices in Higher Education: An International Perspective\u201d; \u201cModelos Metodol\u00f3gicos de Investigaci\u00f3n en Ciencias Sociales\u201d, \u201cM\u00e9todos de Investigaci\u00f3n en la Pr\u00e1ctica Educativa Universitaria: Enfoque desde Contextos Digitales Innovadores\u201d; \u201cSociedad Digital y Educaci\u00f3n en Valores: Nuevos Escenarios Pedag\u00f3gicos\u201d, \u201cState-of-the-Art Studies on Methodologies and Interdisciplinary Approaches: Models and Proposals\u201d o \u201cValues Education in the Digital Age: An Action Training and Research Approach\u201d, reflejan la naturaleza internacional e interdisciplinar de esta serie, en la que se presentan contribuciones tanto en ingl\u00e9s como en espa\u00f1ol de reconocidos expertos. Los vol\u00famenes profundizan en aspectos cruciales como el desarrollo de competencias digitales, la implementaci\u00f3n de pr\u00e1cticas pedag\u00f3gicas innovadoras en contextos universitarios, la aplicaci\u00f3n de enfoques metodol\u00f3gicos avanzados en ciencias sociales y educativas, o los retos de la educaci\u00f3n en valores en la era digital. A trav\u00e9s de an\u00e1lisis de vanguardia, modelos metodol\u00f3gicos innovadores y estudios de caso, todas sus obras ofrecen perspectivas cr\u00edticas y propuestas s\u00f3lidadmente fundamentadas, constituyendo un recurso indispensable para la investigaci\u00f3n de alto impacto y la reflexi\u00f3n sobre la pr\u00e1ctica cient\u00edfica y docente en la universidad actual.<\/p>\n","protected":false},"featured_media":22620,"comment_status":"closed","ping_status":"closed","template":"","meta":[],"product_brand":[],"product_cat":[689,925],"product_tag":[],"class_list":{"0":"post-23657","1":"product","2":"type-product","3":"status-publish","4":"has-post-thumbnail","6":"product_cat-international-en","7":"product_cat-printed-book","9":"first","10":"instock","11":"product-type-external"},"yoast_head":"<!-- This site is optimized with the Yoast SEO plugin v25.3.1 - https:\/\/yoast.com\/wordpress\/plugins\/seo\/ -->\n<title>M\u00e9todos de Investigaci\u00f3n en la Pr\u00e1ctica Educativa Universitaria: Enfoque desde Contextos Digitales Innovadores - Eurytion Press<\/title>\n<meta name=\"robots\" content=\"index, follow, max-snippet:-1, max-image-preview:large, max-video-preview:-1\" \/>\n<link rel=\"canonical\" href=\"https:\/\/eurytionpress.com\/en\/metodos-de-investigaci%c3%b3n-en-la-practica-educativa-universitaria\/\" \/>\n<meta property=\"og:locale\" content=\"en_US\" \/>\n<meta property=\"og:type\" content=\"article\" \/>\n<meta property=\"og:title\" content=\"M\u00e9todos de Investigaci\u00f3n en la Pr\u00e1ctica Educativa Universitaria: Enfoque desde Contextos Digitales Innovadores - Eurytion Press\" \/>\n<meta property=\"og:description\" content=\"Este libro pertenece a la serie &quot;Educaci\u00f3n Superior y Sociedad Digital: Investigaci\u00f3n y Pr\u00e1cticas Innovadoras&quot;, que entendemos como un referente acad\u00e9mico fundamental para investigadores y docentes universitarios inmersos en la transformaci\u00f3n del panorama educativo contempor\u00e1neo. Agrupa una selecci\u00f3n rigurosa de estudios que abordan las complejas interrelaciones entre la educaci\u00f3n superior, la sociedad digital y las metodolog\u00edas de investigaci\u00f3n emergentes. Las obras incluidas en ella, como, entre otras, \u201cDigital Skills in Ubiquitous University Settings\u201d; \u201cEducational Studies and Innovative Practices in Higher Education: An International Perspective\u201d; \u201cModelos Metodol\u00f3gicos de Investigaci\u00f3n en Ciencias Sociales\u201d, \u201cM\u00e9todos de Investigaci\u00f3n en la Pr\u00e1ctica Educativa Universitaria: Enfoque desde Contextos Digitales Innovadores\u201d; \u201cSociedad Digital y Educaci\u00f3n en Valores: Nuevos Escenarios Pedag\u00f3gicos\u201d, \u201cState-of-the-Art Studies on Methodologies and Interdisciplinary Approaches: Models and Proposals\u201d o \u201cValues Education in the Digital Age: An Action Training and Research Approach\u201d, reflejan la naturaleza internacional e interdisciplinar de esta serie, en la que se presentan contribuciones tanto en ingl\u00e9s como en espa\u00f1ol de reconocidos expertos. Los vol\u00famenes profundizan en aspectos cruciales como el desarrollo de competencias digitales, la implementaci\u00f3n de pr\u00e1cticas pedag\u00f3gicas innovadoras en contextos universitarios, la aplicaci\u00f3n de enfoques metodol\u00f3gicos avanzados en ciencias sociales y educativas, o los retos de la educaci\u00f3n en valores en la era digital. A trav\u00e9s de an\u00e1lisis de vanguardia, modelos metodol\u00f3gicos innovadores y estudios de caso, todas sus obras ofrecen perspectivas cr\u00edticas y propuestas s\u00f3lidadmente fundamentadas, constituyendo un recurso indispensable para la investigaci\u00f3n de alto impacto y la reflexi\u00f3n sobre la pr\u00e1ctica cient\u00edfica y docente en la universidad actual.\" \/>\n<meta property=\"og:url\" content=\"https:\/\/eurytionpress.com\/en\/metodos-de-investigaci%c3%b3n-en-la-practica-educativa-universitaria\/\" \/>\n<meta property=\"og:site_name\" content=\"Eurytion Press\" \/>\n<meta property=\"article:modified_time\" content=\"2026-01-09T06:50:51+00:00\" \/>\n<meta property=\"og:image\" content=\"https:\/\/eurytionpress.com\/wp-content\/uploads\/2025\/07\/metodos-de-investigacion-en-la-practica-cover.png\" \/>\n\t<meta property=\"og:image:width\" content=\"767\" \/>\n\t<meta property=\"og:image:height\" content=\"1170\" \/>\n\t<meta property=\"og:image:type\" content=\"image\/png\" \/>\n<meta name=\"twitter:card\" content=\"summary_large_image\" \/>\n<script type=\"application\/ld+json\" class=\"yoast-schema-graph\">{\"@context\":\"https:\/\/schema.org\",\"@graph\":[{\"@type\":\"WebPage\",\"@id\":\"https:\/\/eurytionpress.com\/en\/metodos-de-investigaci%c3%b3n-en-la-practica-educativa-universitaria\/\",\"url\":\"https:\/\/eurytionpress.com\/en\/metodos-de-investigaci%c3%b3n-en-la-practica-educativa-universitaria\/\",\"name\":\"M\u00e9todos de Investigaci\u00f3n en la Pr\u00e1ctica Educativa Universitaria: Enfoque desde Contextos Digitales Innovadores - Eurytion Press\",\"isPartOf\":{\"@id\":\"https:\/\/eurytionpress.com\/en\/#website\"},\"primaryImageOfPage\":{\"@id\":\"https:\/\/eurytionpress.com\/en\/metodos-de-investigaci%c3%b3n-en-la-practica-educativa-universitaria\/#primaryimage\"},\"image\":{\"@id\":\"https:\/\/eurytionpress.com\/en\/metodos-de-investigaci%c3%b3n-en-la-practica-educativa-universitaria\/#primaryimage\"},\"thumbnailUrl\":\"https:\/\/eurytionpress.com\/wp-content\/uploads\/2025\/07\/metodos-de-investigacion-en-la-practica-cover.png\",\"datePublished\":\"2025-07-01T13:18:48+00:00\",\"dateModified\":\"2026-01-09T06:50:51+00:00\",\"breadcrumb\":{\"@id\":\"https:\/\/eurytionpress.com\/en\/metodos-de-investigaci%c3%b3n-en-la-practica-educativa-universitaria\/#breadcrumb\"},\"inLanguage\":\"en-US\",\"potentialAction\":[{\"@type\":\"ReadAction\",\"target\":[\"https:\/\/eurytionpress.com\/en\/metodos-de-investigaci%c3%b3n-en-la-practica-educativa-universitaria\/\"]}]},{\"@type\":\"ImageObject\",\"inLanguage\":\"en-US\",\"@id\":\"https:\/\/eurytionpress.com\/en\/metodos-de-investigaci%c3%b3n-en-la-practica-educativa-universitaria\/#primaryimage\",\"url\":\"https:\/\/eurytionpress.com\/wp-content\/uploads\/2025\/07\/metodos-de-investigacion-en-la-practica-cover.png\",\"contentUrl\":\"https:\/\/eurytionpress.com\/wp-content\/uploads\/2025\/07\/metodos-de-investigacion-en-la-practica-cover.png\",\"width\":767,\"height\":1170},{\"@type\":\"BreadcrumbList\",\"@id\":\"https:\/\/eurytionpress.com\/en\/metodos-de-investigaci%c3%b3n-en-la-practica-educativa-universitaria\/#breadcrumb\",\"itemListElement\":[{\"@type\":\"ListItem\",\"position\":1,\"name\":\"Portada\",\"item\":\"https:\/\/eurytionpress.com\/en\/\"},{\"@type\":\"ListItem\",\"position\":2,\"name\":\"Libros\",\"item\":\"https:\/\/eurytionpress.com\/libros-2\/\"},{\"@type\":\"ListItem\",\"position\":3,\"name\":\"M\u00e9todos de Investigaci\u00f3n en la Pr\u00e1ctica Educativa Universitaria: Enfoque desde Contextos Digitales Innovadores\"}]},{\"@type\":\"WebSite\",\"@id\":\"https:\/\/eurytionpress.com\/en\/#website\",\"url\":\"https:\/\/eurytionpress.com\/en\/\",\"name\":\"Eurytion Press\",\"description\":\"Editorial de libros cient\u00edficos y acad\u00e9micos\",\"publisher\":{\"@id\":\"https:\/\/eurytionpress.com\/en\/#organization\"},\"potentialAction\":[{\"@type\":\"SearchAction\",\"target\":{\"@type\":\"EntryPoint\",\"urlTemplate\":\"https:\/\/eurytionpress.com\/en\/?s={search_term_string}\"},\"query-input\":{\"@type\":\"PropertyValueSpecification\",\"valueRequired\":true,\"valueName\":\"search_term_string\"}}],\"inLanguage\":\"en-US\"},{\"@type\":\"Organization\",\"@id\":\"https:\/\/eurytionpress.com\/en\/#organization\",\"name\":\"Eurytion Press\",\"url\":\"https:\/\/eurytionpress.com\/en\/\",\"logo\":{\"@type\":\"ImageObject\",\"inLanguage\":\"en-US\",\"@id\":\"https:\/\/eurytionpress.com\/en\/#\/schema\/logo\/image\/\",\"url\":\"https:\/\/eurytionpress.com\/wp-content\/uploads\/2025\/07\/eurityon-press.png\",\"contentUrl\":\"https:\/\/eurytionpress.com\/wp-content\/uploads\/2025\/07\/eurityon-press.png\",\"width\":229,\"height\":46,\"caption\":\"Eurytion Press\"},\"image\":{\"@id\":\"https:\/\/eurytionpress.com\/en\/#\/schema\/logo\/image\/\"}}]}<\/script>\n<!-- \/ Yoast SEO plugin. -->","yoast_head_json":{"title":"M\u00e9todos de Investigaci\u00f3n en la Pr\u00e1ctica Educativa Universitaria: Enfoque desde Contextos Digitales Innovadores - Eurytion Press","robots":{"index":"index","follow":"follow","max-snippet":"max-snippet:-1","max-image-preview":"max-image-preview:large","max-video-preview":"max-video-preview:-1"},"canonical":"https:\/\/eurytionpress.com\/en\/metodos-de-investigaci%c3%b3n-en-la-practica-educativa-universitaria\/","og_locale":"en_US","og_type":"article","og_title":"M\u00e9todos de Investigaci\u00f3n en la Pr\u00e1ctica Educativa Universitaria: Enfoque desde Contextos Digitales Innovadores - Eurytion Press","og_description":"Este libro pertenece a la serie \"Educaci\u00f3n Superior y Sociedad Digital: Investigaci\u00f3n y Pr\u00e1cticas Innovadoras\", que entendemos como un referente acad\u00e9mico fundamental para investigadores y docentes universitarios inmersos en la transformaci\u00f3n del panorama educativo contempor\u00e1neo. Agrupa una selecci\u00f3n rigurosa de estudios que abordan las complejas interrelaciones entre la educaci\u00f3n superior, la sociedad digital y las metodolog\u00edas de investigaci\u00f3n emergentes. Las obras incluidas en ella, como, entre otras, \u201cDigital Skills in Ubiquitous University Settings\u201d; \u201cEducational Studies and Innovative Practices in Higher Education: An International Perspective\u201d; \u201cModelos Metodol\u00f3gicos de Investigaci\u00f3n en Ciencias Sociales\u201d, \u201cM\u00e9todos de Investigaci\u00f3n en la Pr\u00e1ctica Educativa Universitaria: Enfoque desde Contextos Digitales Innovadores\u201d; \u201cSociedad Digital y Educaci\u00f3n en Valores: Nuevos Escenarios Pedag\u00f3gicos\u201d, \u201cState-of-the-Art Studies on Methodologies and Interdisciplinary Approaches: Models and Proposals\u201d o \u201cValues Education in the Digital Age: An Action Training and Research Approach\u201d, reflejan la naturaleza internacional e interdisciplinar de esta serie, en la que se presentan contribuciones tanto en ingl\u00e9s como en espa\u00f1ol de reconocidos expertos. Los vol\u00famenes profundizan en aspectos cruciales como el desarrollo de competencias digitales, la implementaci\u00f3n de pr\u00e1cticas pedag\u00f3gicas innovadoras en contextos universitarios, la aplicaci\u00f3n de enfoques metodol\u00f3gicos avanzados en ciencias sociales y educativas, o los retos de la educaci\u00f3n en valores en la era digital. A trav\u00e9s de an\u00e1lisis de vanguardia, modelos metodol\u00f3gicos innovadores y estudios de caso, todas sus obras ofrecen perspectivas cr\u00edticas y propuestas s\u00f3lidadmente fundamentadas, constituyendo un recurso indispensable para la investigaci\u00f3n de alto impacto y la reflexi\u00f3n sobre la pr\u00e1ctica cient\u00edfica y docente en la universidad actual.","og_url":"https:\/\/eurytionpress.com\/en\/metodos-de-investigaci%c3%b3n-en-la-practica-educativa-universitaria\/","og_site_name":"Eurytion Press","article_modified_time":"2026-01-09T06:50:51+00:00","og_image":[{"width":767,"height":1170,"url":"https:\/\/eurytionpress.com\/wp-content\/uploads\/2025\/07\/metodos-de-investigacion-en-la-practica-cover.png","type":"image\/png"}],"twitter_card":"summary_large_image","schema":{"@context":"https:\/\/schema.org","@graph":[{"@type":"WebPage","@id":"https:\/\/eurytionpress.com\/en\/metodos-de-investigaci%c3%b3n-en-la-practica-educativa-universitaria\/","url":"https:\/\/eurytionpress.com\/en\/metodos-de-investigaci%c3%b3n-en-la-practica-educativa-universitaria\/","name":"M\u00e9todos de Investigaci\u00f3n en la Pr\u00e1ctica Educativa Universitaria: Enfoque desde Contextos Digitales Innovadores - Eurytion Press","isPartOf":{"@id":"https:\/\/eurytionpress.com\/en\/#website"},"primaryImageOfPage":{"@id":"https:\/\/eurytionpress.com\/en\/metodos-de-investigaci%c3%b3n-en-la-practica-educativa-universitaria\/#primaryimage"},"image":{"@id":"https:\/\/eurytionpress.com\/en\/metodos-de-investigaci%c3%b3n-en-la-practica-educativa-universitaria\/#primaryimage"},"thumbnailUrl":"https:\/\/eurytionpress.com\/wp-content\/uploads\/2025\/07\/metodos-de-investigacion-en-la-practica-cover.png","datePublished":"2025-07-01T13:18:48+00:00","dateModified":"2026-01-09T06:50:51+00:00","breadcrumb":{"@id":"https:\/\/eurytionpress.com\/en\/metodos-de-investigaci%c3%b3n-en-la-practica-educativa-universitaria\/#breadcrumb"},"inLanguage":"en-US","potentialAction":[{"@type":"ReadAction","target":["https:\/\/eurytionpress.com\/en\/metodos-de-investigaci%c3%b3n-en-la-practica-educativa-universitaria\/"]}]},{"@type":"ImageObject","inLanguage":"en-US","@id":"https:\/\/eurytionpress.com\/en\/metodos-de-investigaci%c3%b3n-en-la-practica-educativa-universitaria\/#primaryimage","url":"https:\/\/eurytionpress.com\/wp-content\/uploads\/2025\/07\/metodos-de-investigacion-en-la-practica-cover.png","contentUrl":"https:\/\/eurytionpress.com\/wp-content\/uploads\/2025\/07\/metodos-de-investigacion-en-la-practica-cover.png","width":767,"height":1170},{"@type":"BreadcrumbList","@id":"https:\/\/eurytionpress.com\/en\/metodos-de-investigaci%c3%b3n-en-la-practica-educativa-universitaria\/#breadcrumb","itemListElement":[{"@type":"ListItem","position":1,"name":"Portada","item":"https:\/\/eurytionpress.com\/en\/"},{"@type":"ListItem","position":2,"name":"Libros","item":"https:\/\/eurytionpress.com\/libros-2\/"},{"@type":"ListItem","position":3,"name":"M\u00e9todos de Investigaci\u00f3n en la Pr\u00e1ctica Educativa Universitaria: Enfoque desde Contextos Digitales Innovadores"}]},{"@type":"WebSite","@id":"https:\/\/eurytionpress.com\/en\/#website","url":"https:\/\/eurytionpress.com\/en\/","name":"Eurytion Press","description":"Editorial de libros cient\u00edficos y acad\u00e9micos","publisher":{"@id":"https:\/\/eurytionpress.com\/en\/#organization"},"potentialAction":[{"@type":"SearchAction","target":{"@type":"EntryPoint","urlTemplate":"https:\/\/eurytionpress.com\/en\/?s={search_term_string}"},"query-input":{"@type":"PropertyValueSpecification","valueRequired":true,"valueName":"search_term_string"}}],"inLanguage":"en-US"},{"@type":"Organization","@id":"https:\/\/eurytionpress.com\/en\/#organization","name":"Eurytion Press","url":"https:\/\/eurytionpress.com\/en\/","logo":{"@type":"ImageObject","inLanguage":"en-US","@id":"https:\/\/eurytionpress.com\/en\/#\/schema\/logo\/image\/","url":"https:\/\/eurytionpress.com\/wp-content\/uploads\/2025\/07\/eurityon-press.png","contentUrl":"https:\/\/eurytionpress.com\/wp-content\/uploads\/2025\/07\/eurityon-press.png","width":229,"height":46,"caption":"Eurytion Press"},"image":{"@id":"https:\/\/eurytionpress.com\/en\/#\/schema\/logo\/image\/"}}]}},"_links":{"self":[{"href":"https:\/\/eurytionpress.com\/en\/wp-json\/wp\/v2\/product\/23657","targetHints":{"allow":["GET"]}}],"collection":[{"href":"https:\/\/eurytionpress.com\/en\/wp-json\/wp\/v2\/product"}],"about":[{"href":"https:\/\/eurytionpress.com\/en\/wp-json\/wp\/v2\/types\/product"}],"replies":[{"embeddable":true,"href":"https:\/\/eurytionpress.com\/en\/wp-json\/wp\/v2\/comments?post=23657"}],"wp:featuredmedia":[{"embeddable":true,"href":"https:\/\/eurytionpress.com\/en\/wp-json\/wp\/v2\/media\/22620"}],"wp:attachment":[{"href":"https:\/\/eurytionpress.com\/en\/wp-json\/wp\/v2\/media?parent=23657"}],"wp:term":[{"taxonomy":"product_brand","embeddable":true,"href":"https:\/\/eurytionpress.com\/en\/wp-json\/wp\/v2\/product_brand?post=23657"},{"taxonomy":"product_cat","embeddable":true,"href":"https:\/\/eurytionpress.com\/en\/wp-json\/wp\/v2\/product_cat?post=23657"},{"taxonomy":"product_tag","embeddable":true,"href":"https:\/\/eurytionpress.com\/en\/wp-json\/wp\/v2\/product_tag?post=23657"}],"curies":[{"name":"wp","href":"https:\/\/api.w.org\/{rel}","templated":true}]}}