{"id":23659,"date":"2025-07-01T15:16:41","date_gmt":"2025-07-01T13:16:41","guid":{"rendered":"https:\/\/wpempresa.com\/eurytion\/los-origenes-del-movimiento-franciscano-recuperando-las-raices-del-cristianismo-primitivo\/"},"modified":"2025-07-01T15:16:41","modified_gmt":"2025-07-01T13:16:41","slug":"los-origenes-del-movimiento-franciscano-recuperando-las-raices-del-cristianismo-primitivo","status":"publish","type":"product","link":"https:\/\/eurytionpress.com\/en\/los-origenes-del-movimiento-franciscano-recuperando-las-raices-del-cristianismo-primitivo\/","title":{"rendered":"Los Or\u00edgenes del Movimiento Franciscano: Recuperando las Ra\u00edces del Cristianismo Primitivo"},"content":{"rendered":"<p>G\u00f3mez Gal\u00e1n, Jos\u00e9. Los Or\u00edgenes del Movimiento Franciscano: Nuevo Enfoque Hist\u00f3rico, Filos\u00f3fico y Teol\u00f3gico. Badajoz: Eurytion Press, 2020.<\/p>\n","protected":false},"excerpt":{"rendered":"<p>La presente obra se articula como una investigaci\u00f3n exhaustiva sobre la g\u00e9nesis y naturaleza primordial del movimiento franciscano, postulando como eje hermen\u00e9utico central su conexi\u00f3n intr\u00ednseca con los ideales y praxis del cristianismo primitivo. La obra parte de una meticulosa contextualizaci\u00f3n sociohist\u00f3rica y eclesial de los siglos XII y XIII, donde se subrayan las condiciones de vida marcadas por la dureza clim\u00e1tica \u2013final del Periodo C\u00e1lido Medieval\u2013, la prevalencia de enfermedades, las din\u00e1micas urbanas incipientes, la inestabilidad econ\u00f3mica y la desigualdad social, y se explora la cultura material y la b\u00fasqueda de sentido en un contexto de incertidumbre generalizada. Adem\u00e1s, se describen las caracter\u00edsticas de la Iglesia medieval, no solo como poder hegem\u00f3nico, sino tambi\u00e9n como un espacio de tensiones, evidenciado por los movimientos de reforma, las nuevas corrientes espirituales, las respuestas doctrinales a las heterodoxias, el florecimiento de la religiosidad laica y el complejo rol sociocultural de la Iglesia (poder, cultura, caridad). En este marco general es donde surge la enorme figura de Francisco de As\u00eds, de gran sensibilidad e inteligencia, y la conformaci\u00f3n de la primera fraternidad evang\u00e9lica. Se incide especialmente en el retrato fundacional de este hombre, explorando su biograf\u00eda temprana y, crucialmente, su proceso de conversi\u00f3n y vocaci\u00f3n religiosa, eventos catalizadores del movimiento. El n\u00facleo de la investigaci\u00f3n reside en la tesis central que explora la autopercepci\u00f3n franciscana como un retorno deliberado a la vita apostolica y a la pureza del cristianismo primitivo, examinando la hermen\u00e9utica especial de Francisco sobre el mensaje percibido del evangelio y otras fuentes \u2013y c\u00f3mo pudo desarrollarse\u2013, para lo que se lleva a cabo un profundo an\u00e1lisis textual. En ese escenario se configuran elementos definitorios del franciscanismo, con un estudio axiol\u00f3gico de sus ideales cardinales \u2013como la adhesi\u00f3n radical a la paupertas (santa pobreza), la humilitas (humildad) y la simplicitas (sencillez)\u2013 que derivan, principalmente, en un servicio apasionado a los sectores marginados de la sociedad, en imitaci\u00f3n de Cristo, y una innovadora forma de predicaci\u00f3n evang\u00e9lica que conten\u00eda semillas de reforma eclesial, a pesar de las tensiones y controversias iniciales que gener\u00f3 la Orden. Los resultados obtenidos han resultado muy innovadores, ofreciendo interpretaciones in\u00e9ditas desde el nuevo prisma ofrecido. Entre ellos, como ejemplo representativo, el original enfoque sobre el profundo amor que Francisco sent\u00eda por los animales y que llamar\u00e1 la atenci\u00f3n de muchos lectores. O que, realmente, la esencia del cristianismo primitivo llegara a la Iglesia medieval \u2013que hab\u00eda adoptado muchas de las estructuras de una poderosa monarqu\u00eda feudal opacando la buena nueva de Jes\u00fas\u2013 con plena intensidad a trav\u00e9s del movimiento franciscano: Francisco mostr\u00f3 la naturaleza y realidad del mensaje que transmit\u00edan los primeros textos en toda su grandeza. En general, consideramos que este estudio representa una contribuci\u00f3n esencial para comprender el franciscanismo temprano. No debe entenderse como una hagiograf\u00eda, se trata de un complejo an\u00e1lisis multidimensional que interpreta, desde el contexto de la Baja Edad Media, las causas del retorno consciente de Francisco a las fuentes evang\u00e9licas y la recuperaci\u00f3n de las aut\u00e9nticas ra\u00edces del cristianismo primitivo. Hablamos, por tanto, de una lectura relevante para historiadores medievalistas, te\u00f3logos, especialistas en estudios franciscanos y religiosos, as\u00ed como acad\u00e9micos interesados en la historia del cristianismo, movimientos de reforma y la interacci\u00f3n religi\u00f3n-sociedad.<\/p>\n","protected":false},"featured_media":22612,"comment_status":"closed","ping_status":"open","template":"","meta":[],"product_brand":[],"product_cat":[680],"product_tag":[],"class_list":{"0":"post-23659","1":"product","2":"type-product","3":"status-publish","4":"has-post-thumbnail","6":"product_cat-printedbook-en","8":"first","9":"instock","10":"product-type-external"},"yoast_head":"<!-- This site is optimized with the Yoast SEO plugin v25.3.1 - https:\/\/yoast.com\/wordpress\/plugins\/seo\/ -->\n<title>Los Or\u00edgenes del Movimiento Franciscano: Recuperando las Ra\u00edces del Cristianismo Primitivo - Eurytion Press<\/title>\n<meta name=\"robots\" content=\"index, follow, max-snippet:-1, max-image-preview:large, max-video-preview:-1\" \/>\n<link rel=\"canonical\" href=\"https:\/\/eurytionpress.com\/en\/los-origenes-del-movimiento-franciscano-recuperando-las-raices-del-cristianismo-primitivo\/\" \/>\n<meta property=\"og:locale\" content=\"en_US\" \/>\n<meta property=\"og:type\" content=\"article\" \/>\n<meta property=\"og:title\" content=\"Los Or\u00edgenes del Movimiento Franciscano: Recuperando las Ra\u00edces del Cristianismo Primitivo - Eurytion Press\" \/>\n<meta property=\"og:description\" content=\"La presente obra se articula como una investigaci\u00f3n exhaustiva sobre la g\u00e9nesis y naturaleza primordial del movimiento franciscano, postulando como eje hermen\u00e9utico central su conexi\u00f3n intr\u00ednseca con los ideales y praxis del cristianismo primitivo. La obra parte de una meticulosa contextualizaci\u00f3n sociohist\u00f3rica y eclesial de los siglos XII y XIII, donde se subrayan las condiciones de vida marcadas por la dureza clim\u00e1tica \u2013final del Periodo C\u00e1lido Medieval\u2013, la prevalencia de enfermedades, las din\u00e1micas urbanas incipientes, la inestabilidad econ\u00f3mica y la desigualdad social, y se explora la cultura material y la b\u00fasqueda de sentido en un contexto de incertidumbre generalizada. Adem\u00e1s, se describen las caracter\u00edsticas de la Iglesia medieval, no solo como poder hegem\u00f3nico, sino tambi\u00e9n como un espacio de tensiones, evidenciado por los movimientos de reforma, las nuevas corrientes espirituales, las respuestas doctrinales a las heterodoxias, el florecimiento de la religiosidad laica y el complejo rol sociocultural de la Iglesia (poder, cultura, caridad). En este marco general es donde surge la enorme figura de Francisco de As\u00eds, de gran sensibilidad e inteligencia, y la conformaci\u00f3n de la primera fraternidad evang\u00e9lica. Se incide especialmente en el retrato fundacional de este hombre, explorando su biograf\u00eda temprana y, crucialmente, su proceso de conversi\u00f3n y vocaci\u00f3n religiosa, eventos catalizadores del movimiento. El n\u00facleo de la investigaci\u00f3n reside en la tesis central que explora la autopercepci\u00f3n franciscana como un retorno deliberado a la vita apostolica y a la pureza del cristianismo primitivo, examinando la hermen\u00e9utica especial de Francisco sobre el mensaje percibido del evangelio y otras fuentes \u2013y c\u00f3mo pudo desarrollarse\u2013, para lo que se lleva a cabo un profundo an\u00e1lisis textual. En ese escenario se configuran elementos definitorios del franciscanismo, con un estudio axiol\u00f3gico de sus ideales cardinales \u2013como la adhesi\u00f3n radical a la paupertas (santa pobreza), la humilitas (humildad) y la simplicitas (sencillez)\u2013 que derivan, principalmente, en un servicio apasionado a los sectores marginados de la sociedad, en imitaci\u00f3n de Cristo, y una innovadora forma de predicaci\u00f3n evang\u00e9lica que conten\u00eda semillas de reforma eclesial, a pesar de las tensiones y controversias iniciales que gener\u00f3 la Orden. Los resultados obtenidos han resultado muy innovadores, ofreciendo interpretaciones in\u00e9ditas desde el nuevo prisma ofrecido. Entre ellos, como ejemplo representativo, el original enfoque sobre el profundo amor que Francisco sent\u00eda por los animales y que llamar\u00e1 la atenci\u00f3n de muchos lectores. O que, realmente, la esencia del cristianismo primitivo llegara a la Iglesia medieval \u2013que hab\u00eda adoptado muchas de las estructuras de una poderosa monarqu\u00eda feudal opacando la buena nueva de Jes\u00fas\u2013 con plena intensidad a trav\u00e9s del movimiento franciscano: Francisco mostr\u00f3 la naturaleza y realidad del mensaje que transmit\u00edan los primeros textos en toda su grandeza. En general, consideramos que este estudio representa una contribuci\u00f3n esencial para comprender el franciscanismo temprano. No debe entenderse como una hagiograf\u00eda, se trata de un complejo an\u00e1lisis multidimensional que interpreta, desde el contexto de la Baja Edad Media, las causas del retorno consciente de Francisco a las fuentes evang\u00e9licas y la recuperaci\u00f3n de las aut\u00e9nticas ra\u00edces del cristianismo primitivo. Hablamos, por tanto, de una lectura relevante para historiadores medievalistas, te\u00f3logos, especialistas en estudios franciscanos y religiosos, as\u00ed como acad\u00e9micos interesados en la historia del cristianismo, movimientos de reforma y la interacci\u00f3n religi\u00f3n-sociedad.\" \/>\n<meta property=\"og:url\" content=\"https:\/\/eurytionpress.com\/en\/los-origenes-del-movimiento-franciscano-recuperando-las-raices-del-cristianismo-primitivo\/\" \/>\n<meta property=\"og:site_name\" content=\"Eurytion Press\" \/>\n<meta property=\"og:image\" content=\"https:\/\/eurytionpress.com\/wp-content\/uploads\/2025\/07\/los-origenes-del-movimiento-franciscano-cover.png\" \/>\n\t<meta property=\"og:image:width\" content=\"793\" \/>\n\t<meta property=\"og:image:height\" content=\"1170\" \/>\n\t<meta property=\"og:image:type\" content=\"image\/png\" \/>\n<meta name=\"twitter:card\" content=\"summary_large_image\" \/>\n<script type=\"application\/ld+json\" class=\"yoast-schema-graph\">{\"@context\":\"https:\/\/schema.org\",\"@graph\":[{\"@type\":\"WebPage\",\"@id\":\"https:\/\/eurytionpress.com\/en\/los-origenes-del-movimiento-franciscano-recuperando-las-raices-del-cristianismo-primitivo\/\",\"url\":\"https:\/\/eurytionpress.com\/en\/los-origenes-del-movimiento-franciscano-recuperando-las-raices-del-cristianismo-primitivo\/\",\"name\":\"Los Or\u00edgenes del Movimiento Franciscano: Recuperando las Ra\u00edces del Cristianismo Primitivo - Eurytion Press\",\"isPartOf\":{\"@id\":\"https:\/\/eurytionpress.com\/en\/#website\"},\"primaryImageOfPage\":{\"@id\":\"https:\/\/eurytionpress.com\/en\/los-origenes-del-movimiento-franciscano-recuperando-las-raices-del-cristianismo-primitivo\/#primaryimage\"},\"image\":{\"@id\":\"https:\/\/eurytionpress.com\/en\/los-origenes-del-movimiento-franciscano-recuperando-las-raices-del-cristianismo-primitivo\/#primaryimage\"},\"thumbnailUrl\":\"https:\/\/eurytionpress.com\/wp-content\/uploads\/2025\/07\/los-origenes-del-movimiento-franciscano-cover.png\",\"datePublished\":\"2025-07-01T13:16:41+00:00\",\"breadcrumb\":{\"@id\":\"https:\/\/eurytionpress.com\/en\/los-origenes-del-movimiento-franciscano-recuperando-las-raices-del-cristianismo-primitivo\/#breadcrumb\"},\"inLanguage\":\"en-US\",\"potentialAction\":[{\"@type\":\"ReadAction\",\"target\":[\"https:\/\/eurytionpress.com\/en\/los-origenes-del-movimiento-franciscano-recuperando-las-raices-del-cristianismo-primitivo\/\"]}]},{\"@type\":\"ImageObject\",\"inLanguage\":\"en-US\",\"@id\":\"https:\/\/eurytionpress.com\/en\/los-origenes-del-movimiento-franciscano-recuperando-las-raices-del-cristianismo-primitivo\/#primaryimage\",\"url\":\"https:\/\/eurytionpress.com\/wp-content\/uploads\/2025\/07\/los-origenes-del-movimiento-franciscano-cover.png\",\"contentUrl\":\"https:\/\/eurytionpress.com\/wp-content\/uploads\/2025\/07\/los-origenes-del-movimiento-franciscano-cover.png\",\"width\":793,\"height\":1170},{\"@type\":\"BreadcrumbList\",\"@id\":\"https:\/\/eurytionpress.com\/en\/los-origenes-del-movimiento-franciscano-recuperando-las-raices-del-cristianismo-primitivo\/#breadcrumb\",\"itemListElement\":[{\"@type\":\"ListItem\",\"position\":1,\"name\":\"Portada\",\"item\":\"https:\/\/eurytionpress.com\/en\/\"},{\"@type\":\"ListItem\",\"position\":2,\"name\":\"Libros\",\"item\":\"https:\/\/eurytionpress.com\/libros-2\/\"},{\"@type\":\"ListItem\",\"position\":3,\"name\":\"Los Or\u00edgenes del Movimiento Franciscano: Recuperando las Ra\u00edces del Cristianismo Primitivo\"}]},{\"@type\":\"WebSite\",\"@id\":\"https:\/\/eurytionpress.com\/en\/#website\",\"url\":\"https:\/\/eurytionpress.com\/en\/\",\"name\":\"Eurytion Press\",\"description\":\"Editorial de libros cient\u00edficos y acad\u00e9micos\",\"publisher\":{\"@id\":\"https:\/\/eurytionpress.com\/en\/#organization\"},\"potentialAction\":[{\"@type\":\"SearchAction\",\"target\":{\"@type\":\"EntryPoint\",\"urlTemplate\":\"https:\/\/eurytionpress.com\/en\/?s={search_term_string}\"},\"query-input\":{\"@type\":\"PropertyValueSpecification\",\"valueRequired\":true,\"valueName\":\"search_term_string\"}}],\"inLanguage\":\"en-US\"},{\"@type\":\"Organization\",\"@id\":\"https:\/\/eurytionpress.com\/en\/#organization\",\"name\":\"Eurytion Press\",\"url\":\"https:\/\/eurytionpress.com\/en\/\",\"logo\":{\"@type\":\"ImageObject\",\"inLanguage\":\"en-US\",\"@id\":\"https:\/\/eurytionpress.com\/en\/#\/schema\/logo\/image\/\",\"url\":\"https:\/\/eurytionpress.com\/wp-content\/uploads\/2025\/07\/eurityon-press.png\",\"contentUrl\":\"https:\/\/eurytionpress.com\/wp-content\/uploads\/2025\/07\/eurityon-press.png\",\"width\":229,\"height\":46,\"caption\":\"Eurytion Press\"},\"image\":{\"@id\":\"https:\/\/eurytionpress.com\/en\/#\/schema\/logo\/image\/\"}}]}<\/script>\n<!-- \/ Yoast SEO plugin. -->","yoast_head_json":{"title":"Los Or\u00edgenes del Movimiento Franciscano: Recuperando las Ra\u00edces del Cristianismo Primitivo - Eurytion Press","robots":{"index":"index","follow":"follow","max-snippet":"max-snippet:-1","max-image-preview":"max-image-preview:large","max-video-preview":"max-video-preview:-1"},"canonical":"https:\/\/eurytionpress.com\/en\/los-origenes-del-movimiento-franciscano-recuperando-las-raices-del-cristianismo-primitivo\/","og_locale":"en_US","og_type":"article","og_title":"Los Or\u00edgenes del Movimiento Franciscano: Recuperando las Ra\u00edces del Cristianismo Primitivo - Eurytion Press","og_description":"La presente obra se articula como una investigaci\u00f3n exhaustiva sobre la g\u00e9nesis y naturaleza primordial del movimiento franciscano, postulando como eje hermen\u00e9utico central su conexi\u00f3n intr\u00ednseca con los ideales y praxis del cristianismo primitivo. La obra parte de una meticulosa contextualizaci\u00f3n sociohist\u00f3rica y eclesial de los siglos XII y XIII, donde se subrayan las condiciones de vida marcadas por la dureza clim\u00e1tica \u2013final del Periodo C\u00e1lido Medieval\u2013, la prevalencia de enfermedades, las din\u00e1micas urbanas incipientes, la inestabilidad econ\u00f3mica y la desigualdad social, y se explora la cultura material y la b\u00fasqueda de sentido en un contexto de incertidumbre generalizada. Adem\u00e1s, se describen las caracter\u00edsticas de la Iglesia medieval, no solo como poder hegem\u00f3nico, sino tambi\u00e9n como un espacio de tensiones, evidenciado por los movimientos de reforma, las nuevas corrientes espirituales, las respuestas doctrinales a las heterodoxias, el florecimiento de la religiosidad laica y el complejo rol sociocultural de la Iglesia (poder, cultura, caridad). En este marco general es donde surge la enorme figura de Francisco de As\u00eds, de gran sensibilidad e inteligencia, y la conformaci\u00f3n de la primera fraternidad evang\u00e9lica. Se incide especialmente en el retrato fundacional de este hombre, explorando su biograf\u00eda temprana y, crucialmente, su proceso de conversi\u00f3n y vocaci\u00f3n religiosa, eventos catalizadores del movimiento. El n\u00facleo de la investigaci\u00f3n reside en la tesis central que explora la autopercepci\u00f3n franciscana como un retorno deliberado a la vita apostolica y a la pureza del cristianismo primitivo, examinando la hermen\u00e9utica especial de Francisco sobre el mensaje percibido del evangelio y otras fuentes \u2013y c\u00f3mo pudo desarrollarse\u2013, para lo que se lleva a cabo un profundo an\u00e1lisis textual. En ese escenario se configuran elementos definitorios del franciscanismo, con un estudio axiol\u00f3gico de sus ideales cardinales \u2013como la adhesi\u00f3n radical a la paupertas (santa pobreza), la humilitas (humildad) y la simplicitas (sencillez)\u2013 que derivan, principalmente, en un servicio apasionado a los sectores marginados de la sociedad, en imitaci\u00f3n de Cristo, y una innovadora forma de predicaci\u00f3n evang\u00e9lica que conten\u00eda semillas de reforma eclesial, a pesar de las tensiones y controversias iniciales que gener\u00f3 la Orden. Los resultados obtenidos han resultado muy innovadores, ofreciendo interpretaciones in\u00e9ditas desde el nuevo prisma ofrecido. Entre ellos, como ejemplo representativo, el original enfoque sobre el profundo amor que Francisco sent\u00eda por los animales y que llamar\u00e1 la atenci\u00f3n de muchos lectores. O que, realmente, la esencia del cristianismo primitivo llegara a la Iglesia medieval \u2013que hab\u00eda adoptado muchas de las estructuras de una poderosa monarqu\u00eda feudal opacando la buena nueva de Jes\u00fas\u2013 con plena intensidad a trav\u00e9s del movimiento franciscano: Francisco mostr\u00f3 la naturaleza y realidad del mensaje que transmit\u00edan los primeros textos en toda su grandeza. En general, consideramos que este estudio representa una contribuci\u00f3n esencial para comprender el franciscanismo temprano. No debe entenderse como una hagiograf\u00eda, se trata de un complejo an\u00e1lisis multidimensional que interpreta, desde el contexto de la Baja Edad Media, las causas del retorno consciente de Francisco a las fuentes evang\u00e9licas y la recuperaci\u00f3n de las aut\u00e9nticas ra\u00edces del cristianismo primitivo. Hablamos, por tanto, de una lectura relevante para historiadores medievalistas, te\u00f3logos, especialistas en estudios franciscanos y religiosos, as\u00ed como acad\u00e9micos interesados en la historia del cristianismo, movimientos de reforma y la interacci\u00f3n religi\u00f3n-sociedad.","og_url":"https:\/\/eurytionpress.com\/en\/los-origenes-del-movimiento-franciscano-recuperando-las-raices-del-cristianismo-primitivo\/","og_site_name":"Eurytion Press","og_image":[{"width":793,"height":1170,"url":"https:\/\/eurytionpress.com\/wp-content\/uploads\/2025\/07\/los-origenes-del-movimiento-franciscano-cover.png","type":"image\/png"}],"twitter_card":"summary_large_image","schema":{"@context":"https:\/\/schema.org","@graph":[{"@type":"WebPage","@id":"https:\/\/eurytionpress.com\/en\/los-origenes-del-movimiento-franciscano-recuperando-las-raices-del-cristianismo-primitivo\/","url":"https:\/\/eurytionpress.com\/en\/los-origenes-del-movimiento-franciscano-recuperando-las-raices-del-cristianismo-primitivo\/","name":"Los Or\u00edgenes del Movimiento Franciscano: Recuperando las Ra\u00edces del Cristianismo Primitivo - Eurytion Press","isPartOf":{"@id":"https:\/\/eurytionpress.com\/en\/#website"},"primaryImageOfPage":{"@id":"https:\/\/eurytionpress.com\/en\/los-origenes-del-movimiento-franciscano-recuperando-las-raices-del-cristianismo-primitivo\/#primaryimage"},"image":{"@id":"https:\/\/eurytionpress.com\/en\/los-origenes-del-movimiento-franciscano-recuperando-las-raices-del-cristianismo-primitivo\/#primaryimage"},"thumbnailUrl":"https:\/\/eurytionpress.com\/wp-content\/uploads\/2025\/07\/los-origenes-del-movimiento-franciscano-cover.png","datePublished":"2025-07-01T13:16:41+00:00","breadcrumb":{"@id":"https:\/\/eurytionpress.com\/en\/los-origenes-del-movimiento-franciscano-recuperando-las-raices-del-cristianismo-primitivo\/#breadcrumb"},"inLanguage":"en-US","potentialAction":[{"@type":"ReadAction","target":["https:\/\/eurytionpress.com\/en\/los-origenes-del-movimiento-franciscano-recuperando-las-raices-del-cristianismo-primitivo\/"]}]},{"@type":"ImageObject","inLanguage":"en-US","@id":"https:\/\/eurytionpress.com\/en\/los-origenes-del-movimiento-franciscano-recuperando-las-raices-del-cristianismo-primitivo\/#primaryimage","url":"https:\/\/eurytionpress.com\/wp-content\/uploads\/2025\/07\/los-origenes-del-movimiento-franciscano-cover.png","contentUrl":"https:\/\/eurytionpress.com\/wp-content\/uploads\/2025\/07\/los-origenes-del-movimiento-franciscano-cover.png","width":793,"height":1170},{"@type":"BreadcrumbList","@id":"https:\/\/eurytionpress.com\/en\/los-origenes-del-movimiento-franciscano-recuperando-las-raices-del-cristianismo-primitivo\/#breadcrumb","itemListElement":[{"@type":"ListItem","position":1,"name":"Portada","item":"https:\/\/eurytionpress.com\/en\/"},{"@type":"ListItem","position":2,"name":"Libros","item":"https:\/\/eurytionpress.com\/libros-2\/"},{"@type":"ListItem","position":3,"name":"Los Or\u00edgenes del Movimiento Franciscano: Recuperando las Ra\u00edces del Cristianismo Primitivo"}]},{"@type":"WebSite","@id":"https:\/\/eurytionpress.com\/en\/#website","url":"https:\/\/eurytionpress.com\/en\/","name":"Eurytion Press","description":"Editorial de libros cient\u00edficos y acad\u00e9micos","publisher":{"@id":"https:\/\/eurytionpress.com\/en\/#organization"},"potentialAction":[{"@type":"SearchAction","target":{"@type":"EntryPoint","urlTemplate":"https:\/\/eurytionpress.com\/en\/?s={search_term_string}"},"query-input":{"@type":"PropertyValueSpecification","valueRequired":true,"valueName":"search_term_string"}}],"inLanguage":"en-US"},{"@type":"Organization","@id":"https:\/\/eurytionpress.com\/en\/#organization","name":"Eurytion Press","url":"https:\/\/eurytionpress.com\/en\/","logo":{"@type":"ImageObject","inLanguage":"en-US","@id":"https:\/\/eurytionpress.com\/en\/#\/schema\/logo\/image\/","url":"https:\/\/eurytionpress.com\/wp-content\/uploads\/2025\/07\/eurityon-press.png","contentUrl":"https:\/\/eurytionpress.com\/wp-content\/uploads\/2025\/07\/eurityon-press.png","width":229,"height":46,"caption":"Eurytion Press"},"image":{"@id":"https:\/\/eurytionpress.com\/en\/#\/schema\/logo\/image\/"}}]}},"_links":{"self":[{"href":"https:\/\/eurytionpress.com\/en\/wp-json\/wp\/v2\/product\/23659","targetHints":{"allow":["GET"]}}],"collection":[{"href":"https:\/\/eurytionpress.com\/en\/wp-json\/wp\/v2\/product"}],"about":[{"href":"https:\/\/eurytionpress.com\/en\/wp-json\/wp\/v2\/types\/product"}],"replies":[{"embeddable":true,"href":"https:\/\/eurytionpress.com\/en\/wp-json\/wp\/v2\/comments?post=23659"}],"wp:featuredmedia":[{"embeddable":true,"href":"https:\/\/eurytionpress.com\/en\/wp-json\/wp\/v2\/media\/22612"}],"wp:attachment":[{"href":"https:\/\/eurytionpress.com\/en\/wp-json\/wp\/v2\/media?parent=23659"}],"wp:term":[{"taxonomy":"product_brand","embeddable":true,"href":"https:\/\/eurytionpress.com\/en\/wp-json\/wp\/v2\/product_brand?post=23659"},{"taxonomy":"product_cat","embeddable":true,"href":"https:\/\/eurytionpress.com\/en\/wp-json\/wp\/v2\/product_cat?post=23659"},{"taxonomy":"product_tag","embeddable":true,"href":"https:\/\/eurytionpress.com\/en\/wp-json\/wp\/v2\/product_tag?post=23659"}],"curies":[{"name":"wp","href":"https:\/\/api.w.org\/{rel}","templated":true}]}}