{"id":23686,"date":"2025-07-01T15:00:00","date_gmt":"2025-07-01T13:00:00","guid":{"rendered":"https:\/\/wpempresa.com\/eurytion\/lenguas-del-mundo-vol-6-lenguas-lenguas-sino-tibetanas\/"},"modified":"2026-01-09T07:50:38","modified_gmt":"2026-01-09T06:50:38","slug":"lenguas-del-mundo-volumen-6-lenguas-sino-tibetanas-2","status":"publish","type":"product","link":"https:\/\/eurytionpress.com\/en\/lenguas-del-mundo-volumen-6-lenguas-sino-tibetanas-2\/","title":{"rendered":"Lenguas del Mundo Vol. 6. Lenguas Lenguas Sino-Tibetanas"},"content":{"rendered":"<p>Velasco Sol, Santiago. Lenguas del Mundo Vol. 6. Lenguas Sino-Tibetanas. Edici\u00f3n digital. Badajoz: Eurytion Press, 2020.<\/p>\n","protected":false},"excerpt":{"rendered":"<p>LAS LENGUAS DEL MUNDO (LM) es una monumental obra en diez vol\u00famenes que clasifica y describe todas las lenguas conocidas, tanto en uso como ya desaparecidas, empleadas como instrumentos de comunicaci\u00f3n humana. El objetivo fundamental de LM es ofrecer una imagen global y exhaustiva de todos los idiomas conocidos en su contexto ling\u00fc\u00edstico, sociocultural y geogr\u00e1fico. Frente a las tradicionales descripciones de familias ling\u00fc\u00edsticas independientes y las listas alfab\u00e9ticas de lenguas, LM aporta como principal novedad una visi\u00f3n general e interrelacionada no s\u00f3lo de las variedades individuales dentro de su agrupaci\u00f3n ling\u00fc\u00edstica, sino tambi\u00e9n de las distintas familias dentro de su continuo geogr\u00e1fico y cultural, as\u00ed como un cuidadoso proceso de identificaci\u00f3n y estandarizaci\u00f3n ortogr\u00e1fica de la abundante y en muchas ocasiones confusa y redundante terminolog\u00eda internacional y una distinci\u00f3n met\u00f3dica y razonada entre lengua y dialecto. Cada uno de los vol\u00famenes que componen LM se acompa\u00f1a de un ap\u00e9ndice de sistemas de escritura que describe (al tiempo que justifica) la representaci\u00f3n ortogr\u00e1fica particular de cada lengua. Los diez vol\u00famenes que componen LM identifican las regiones geoculturales en las que se distribuyen todas las lenguas del mundo en funci\u00f3n de su afinidad ling\u00fc\u00edstica y su evoluci\u00f3n filogen\u00e9tica: Volumen 1: Lenguas indoeuropeas \/ Volumen 2: Lenguas egeas e iberocauc\u00e1sicas \/ Volumen 3: Lenguas eur\u00e1sicas \/ Volumen 4: Lenguas drav\u00eddicas \/ Volumen 5: Lenguas austroasi\u00e1ticas \/ Volumen 6: Lenguas sino-tibetanas \/ Volumen 7: Lenguas \u00e1ustricas \/ Volumen 8: Lenguas pap\u00faes, indopac\u00edficas y australianas \/ Volumen 9: Lenguas de Am\u00e9rica y la regi\u00f3n circumpolar \/ Volumen 10: Lenguas de \u00c1frica. VOLUMEN 6. Las lenguas sino-tibetanas constituyen una de las mayores familias ling\u00fc\u00edsticas del planeta, con 486 idiomas hablados por 1.300 millones de personas en una inmensa regi\u00f3n asi\u00e1tica que se extiende desde el noreste de China hasta Pakist\u00e1n. Esta macroagrupaci\u00f3n est\u00e1 compuesta por dos grandes ramas: china formada por un conjunto de variedades afines, aunque no mutuamente inteligibles, habladas en China, entre las que el chino mandar\u00edn (la lengua con m\u00e1s hablantes nativos del mundo) representa la base del idioma nacional y tibetano-birmana compuesta por el tibetano, el birmano y varios cientos de lenguas m\u00e1s que se extienden desde el T\u00edbet hasta el norte de la Pen\u00ednsula \u00cdndica (subrama tibetana) y desde el norte de Birmania hasta el sur de Tailandia (subrama birmana).<\/p>\n","protected":false},"featured_media":22504,"comment_status":"closed","ping_status":"open","template":"","meta":[],"product_brand":[],"product_cat":[690],"product_tag":[],"class_list":{"0":"post-23686","1":"product","2":"type-product","3":"status-publish","4":"has-post-thumbnail","6":"product_cat-ebook-en","8":"first","9":"instock","10":"product-type-external"},"yoast_head":"<!-- This site is optimized with the Yoast SEO plugin v25.3.1 - https:\/\/yoast.com\/wordpress\/plugins\/seo\/ -->\n<title>Lenguas del Mundo Vol. 6. Lenguas Lenguas Sino-Tibetanas - Eurytion Press<\/title>\n<meta name=\"robots\" content=\"index, follow, max-snippet:-1, max-image-preview:large, max-video-preview:-1\" \/>\n<link rel=\"canonical\" href=\"https:\/\/eurytionpress.com\/en\/lenguas-del-mundo-volumen-6-lenguas-sino-tibetanas-2\/\" \/>\n<meta property=\"og:locale\" content=\"en_US\" \/>\n<meta property=\"og:type\" content=\"article\" \/>\n<meta property=\"og:title\" content=\"Lenguas del Mundo Vol. 6. Lenguas Lenguas Sino-Tibetanas - Eurytion Press\" \/>\n<meta property=\"og:description\" content=\"LAS LENGUAS DEL MUNDO (LM) es una monumental obra en diez vol\u00famenes que clasifica y describe todas las lenguas conocidas, tanto en uso como ya desaparecidas, empleadas como instrumentos de comunicaci\u00f3n humana. El objetivo fundamental de LM es ofrecer una imagen global y exhaustiva de todos los idiomas conocidos en su contexto ling\u00fc\u00edstico, sociocultural y geogr\u00e1fico. Frente a las tradicionales descripciones de familias ling\u00fc\u00edsticas independientes y las listas alfab\u00e9ticas de lenguas, LM aporta como principal novedad una visi\u00f3n general e interrelacionada no s\u00f3lo de las variedades individuales dentro de su agrupaci\u00f3n ling\u00fc\u00edstica, sino tambi\u00e9n de las distintas familias dentro de su continuo geogr\u00e1fico y cultural, as\u00ed como un cuidadoso proceso de identificaci\u00f3n y estandarizaci\u00f3n ortogr\u00e1fica de la abundante y en muchas ocasiones confusa y redundante terminolog\u00eda internacional y una distinci\u00f3n met\u00f3dica y razonada entre lengua y dialecto. Cada uno de los vol\u00famenes que componen LM se acompa\u00f1a de un ap\u00e9ndice de sistemas de escritura que describe (al tiempo que justifica) la representaci\u00f3n ortogr\u00e1fica particular de cada lengua. Los diez vol\u00famenes que componen LM identifican las regiones geoculturales en las que se distribuyen todas las lenguas del mundo en funci\u00f3n de su afinidad ling\u00fc\u00edstica y su evoluci\u00f3n filogen\u00e9tica: Volumen 1: Lenguas indoeuropeas \/ Volumen 2: Lenguas egeas e iberocauc\u00e1sicas \/ Volumen 3: Lenguas eur\u00e1sicas \/ Volumen 4: Lenguas drav\u00eddicas \/ Volumen 5: Lenguas austroasi\u00e1ticas \/ Volumen 6: Lenguas sino-tibetanas \/ Volumen 7: Lenguas \u00e1ustricas \/ Volumen 8: Lenguas pap\u00faes, indopac\u00edficas y australianas \/ Volumen 9: Lenguas de Am\u00e9rica y la regi\u00f3n circumpolar \/ Volumen 10: Lenguas de \u00c1frica. VOLUMEN 6. Las lenguas sino-tibetanas constituyen una de las mayores familias ling\u00fc\u00edsticas del planeta, con 486 idiomas hablados por 1.300 millones de personas en una inmensa regi\u00f3n asi\u00e1tica que se extiende desde el noreste de China hasta Pakist\u00e1n. Esta macroagrupaci\u00f3n est\u00e1 compuesta por dos grandes ramas: china formada por un conjunto de variedades afines, aunque no mutuamente inteligibles, habladas en China, entre las que el chino mandar\u00edn (la lengua con m\u00e1s hablantes nativos del mundo) representa la base del idioma nacional y tibetano-birmana compuesta por el tibetano, el birmano y varios cientos de lenguas m\u00e1s que se extienden desde el T\u00edbet hasta el norte de la Pen\u00ednsula \u00cdndica (subrama tibetana) y desde el norte de Birmania hasta el sur de Tailandia (subrama birmana).\" \/>\n<meta property=\"og:url\" content=\"https:\/\/eurytionpress.com\/en\/lenguas-del-mundo-volumen-6-lenguas-sino-tibetanas-2\/\" \/>\n<meta property=\"og:site_name\" content=\"Eurytion Press\" \/>\n<meta property=\"article:modified_time\" content=\"2026-01-09T06:50:38+00:00\" \/>\n<meta property=\"og:image\" content=\"https:\/\/eurytionpress.com\/wp-content\/uploads\/2025\/07\/lm-6-digital.png\" \/>\n\t<meta property=\"og:image:width\" content=\"802\" \/>\n\t<meta property=\"og:image:height\" content=\"1170\" \/>\n\t<meta property=\"og:image:type\" content=\"image\/png\" \/>\n<meta name=\"twitter:card\" content=\"summary_large_image\" \/>\n<script type=\"application\/ld+json\" class=\"yoast-schema-graph\">{\"@context\":\"https:\/\/schema.org\",\"@graph\":[{\"@type\":\"WebPage\",\"@id\":\"https:\/\/eurytionpress.com\/en\/lenguas-del-mundo-volumen-6-lenguas-sino-tibetanas-2\/\",\"url\":\"https:\/\/eurytionpress.com\/en\/lenguas-del-mundo-volumen-6-lenguas-sino-tibetanas-2\/\",\"name\":\"Lenguas del Mundo Vol. 6. Lenguas Lenguas Sino-Tibetanas - Eurytion Press\",\"isPartOf\":{\"@id\":\"https:\/\/eurytionpress.com\/en\/#website\"},\"primaryImageOfPage\":{\"@id\":\"https:\/\/eurytionpress.com\/en\/lenguas-del-mundo-volumen-6-lenguas-sino-tibetanas-2\/#primaryimage\"},\"image\":{\"@id\":\"https:\/\/eurytionpress.com\/en\/lenguas-del-mundo-volumen-6-lenguas-sino-tibetanas-2\/#primaryimage\"},\"thumbnailUrl\":\"https:\/\/eurytionpress.com\/wp-content\/uploads\/2025\/07\/lm-6-digital.png\",\"datePublished\":\"2025-07-01T13:00:00+00:00\",\"dateModified\":\"2026-01-09T06:50:38+00:00\",\"breadcrumb\":{\"@id\":\"https:\/\/eurytionpress.com\/en\/lenguas-del-mundo-volumen-6-lenguas-sino-tibetanas-2\/#breadcrumb\"},\"inLanguage\":\"en-US\",\"potentialAction\":[{\"@type\":\"ReadAction\",\"target\":[\"https:\/\/eurytionpress.com\/en\/lenguas-del-mundo-volumen-6-lenguas-sino-tibetanas-2\/\"]}]},{\"@type\":\"ImageObject\",\"inLanguage\":\"en-US\",\"@id\":\"https:\/\/eurytionpress.com\/en\/lenguas-del-mundo-volumen-6-lenguas-sino-tibetanas-2\/#primaryimage\",\"url\":\"https:\/\/eurytionpress.com\/wp-content\/uploads\/2025\/07\/lm-6-digital.png\",\"contentUrl\":\"https:\/\/eurytionpress.com\/wp-content\/uploads\/2025\/07\/lm-6-digital.png\",\"width\":802,\"height\":1170},{\"@type\":\"BreadcrumbList\",\"@id\":\"https:\/\/eurytionpress.com\/en\/lenguas-del-mundo-volumen-6-lenguas-sino-tibetanas-2\/#breadcrumb\",\"itemListElement\":[{\"@type\":\"ListItem\",\"position\":1,\"name\":\"Portada\",\"item\":\"https:\/\/eurytionpress.com\/en\/\"},{\"@type\":\"ListItem\",\"position\":2,\"name\":\"Libros\",\"item\":\"https:\/\/eurytionpress.com\/libros-2\/\"},{\"@type\":\"ListItem\",\"position\":3,\"name\":\"Lenguas del Mundo Vol. 6. Lenguas Lenguas Sino-Tibetanas\"}]},{\"@type\":\"WebSite\",\"@id\":\"https:\/\/eurytionpress.com\/en\/#website\",\"url\":\"https:\/\/eurytionpress.com\/en\/\",\"name\":\"Eurytion Press\",\"description\":\"Editorial de libros cient\u00edficos y acad\u00e9micos\",\"publisher\":{\"@id\":\"https:\/\/eurytionpress.com\/en\/#organization\"},\"potentialAction\":[{\"@type\":\"SearchAction\",\"target\":{\"@type\":\"EntryPoint\",\"urlTemplate\":\"https:\/\/eurytionpress.com\/en\/?s={search_term_string}\"},\"query-input\":{\"@type\":\"PropertyValueSpecification\",\"valueRequired\":true,\"valueName\":\"search_term_string\"}}],\"inLanguage\":\"en-US\"},{\"@type\":\"Organization\",\"@id\":\"https:\/\/eurytionpress.com\/en\/#organization\",\"name\":\"Eurytion Press\",\"url\":\"https:\/\/eurytionpress.com\/en\/\",\"logo\":{\"@type\":\"ImageObject\",\"inLanguage\":\"en-US\",\"@id\":\"https:\/\/eurytionpress.com\/en\/#\/schema\/logo\/image\/\",\"url\":\"https:\/\/eurytionpress.com\/wp-content\/uploads\/2025\/07\/eurityon-press.png\",\"contentUrl\":\"https:\/\/eurytionpress.com\/wp-content\/uploads\/2025\/07\/eurityon-press.png\",\"width\":229,\"height\":46,\"caption\":\"Eurytion Press\"},\"image\":{\"@id\":\"https:\/\/eurytionpress.com\/en\/#\/schema\/logo\/image\/\"}}]}<\/script>\n<!-- \/ Yoast SEO plugin. -->","yoast_head_json":{"title":"Lenguas del Mundo Vol. 6. Lenguas Lenguas Sino-Tibetanas - Eurytion Press","robots":{"index":"index","follow":"follow","max-snippet":"max-snippet:-1","max-image-preview":"max-image-preview:large","max-video-preview":"max-video-preview:-1"},"canonical":"https:\/\/eurytionpress.com\/en\/lenguas-del-mundo-volumen-6-lenguas-sino-tibetanas-2\/","og_locale":"en_US","og_type":"article","og_title":"Lenguas del Mundo Vol. 6. Lenguas Lenguas Sino-Tibetanas - Eurytion Press","og_description":"LAS LENGUAS DEL MUNDO (LM) es una monumental obra en diez vol\u00famenes que clasifica y describe todas las lenguas conocidas, tanto en uso como ya desaparecidas, empleadas como instrumentos de comunicaci\u00f3n humana. El objetivo fundamental de LM es ofrecer una imagen global y exhaustiva de todos los idiomas conocidos en su contexto ling\u00fc\u00edstico, sociocultural y geogr\u00e1fico. Frente a las tradicionales descripciones de familias ling\u00fc\u00edsticas independientes y las listas alfab\u00e9ticas de lenguas, LM aporta como principal novedad una visi\u00f3n general e interrelacionada no s\u00f3lo de las variedades individuales dentro de su agrupaci\u00f3n ling\u00fc\u00edstica, sino tambi\u00e9n de las distintas familias dentro de su continuo geogr\u00e1fico y cultural, as\u00ed como un cuidadoso proceso de identificaci\u00f3n y estandarizaci\u00f3n ortogr\u00e1fica de la abundante y en muchas ocasiones confusa y redundante terminolog\u00eda internacional y una distinci\u00f3n met\u00f3dica y razonada entre lengua y dialecto. Cada uno de los vol\u00famenes que componen LM se acompa\u00f1a de un ap\u00e9ndice de sistemas de escritura que describe (al tiempo que justifica) la representaci\u00f3n ortogr\u00e1fica particular de cada lengua. Los diez vol\u00famenes que componen LM identifican las regiones geoculturales en las que se distribuyen todas las lenguas del mundo en funci\u00f3n de su afinidad ling\u00fc\u00edstica y su evoluci\u00f3n filogen\u00e9tica: Volumen 1: Lenguas indoeuropeas \/ Volumen 2: Lenguas egeas e iberocauc\u00e1sicas \/ Volumen 3: Lenguas eur\u00e1sicas \/ Volumen 4: Lenguas drav\u00eddicas \/ Volumen 5: Lenguas austroasi\u00e1ticas \/ Volumen 6: Lenguas sino-tibetanas \/ Volumen 7: Lenguas \u00e1ustricas \/ Volumen 8: Lenguas pap\u00faes, indopac\u00edficas y australianas \/ Volumen 9: Lenguas de Am\u00e9rica y la regi\u00f3n circumpolar \/ Volumen 10: Lenguas de \u00c1frica. VOLUMEN 6. Las lenguas sino-tibetanas constituyen una de las mayores familias ling\u00fc\u00edsticas del planeta, con 486 idiomas hablados por 1.300 millones de personas en una inmensa regi\u00f3n asi\u00e1tica que se extiende desde el noreste de China hasta Pakist\u00e1n. Esta macroagrupaci\u00f3n est\u00e1 compuesta por dos grandes ramas: china formada por un conjunto de variedades afines, aunque no mutuamente inteligibles, habladas en China, entre las que el chino mandar\u00edn (la lengua con m\u00e1s hablantes nativos del mundo) representa la base del idioma nacional y tibetano-birmana compuesta por el tibetano, el birmano y varios cientos de lenguas m\u00e1s que se extienden desde el T\u00edbet hasta el norte de la Pen\u00ednsula \u00cdndica (subrama tibetana) y desde el norte de Birmania hasta el sur de Tailandia (subrama birmana).","og_url":"https:\/\/eurytionpress.com\/en\/lenguas-del-mundo-volumen-6-lenguas-sino-tibetanas-2\/","og_site_name":"Eurytion Press","article_modified_time":"2026-01-09T06:50:38+00:00","og_image":[{"width":802,"height":1170,"url":"https:\/\/eurytionpress.com\/wp-content\/uploads\/2025\/07\/lm-6-digital.png","type":"image\/png"}],"twitter_card":"summary_large_image","schema":{"@context":"https:\/\/schema.org","@graph":[{"@type":"WebPage","@id":"https:\/\/eurytionpress.com\/en\/lenguas-del-mundo-volumen-6-lenguas-sino-tibetanas-2\/","url":"https:\/\/eurytionpress.com\/en\/lenguas-del-mundo-volumen-6-lenguas-sino-tibetanas-2\/","name":"Lenguas del Mundo Vol. 6. Lenguas Lenguas Sino-Tibetanas - Eurytion Press","isPartOf":{"@id":"https:\/\/eurytionpress.com\/en\/#website"},"primaryImageOfPage":{"@id":"https:\/\/eurytionpress.com\/en\/lenguas-del-mundo-volumen-6-lenguas-sino-tibetanas-2\/#primaryimage"},"image":{"@id":"https:\/\/eurytionpress.com\/en\/lenguas-del-mundo-volumen-6-lenguas-sino-tibetanas-2\/#primaryimage"},"thumbnailUrl":"https:\/\/eurytionpress.com\/wp-content\/uploads\/2025\/07\/lm-6-digital.png","datePublished":"2025-07-01T13:00:00+00:00","dateModified":"2026-01-09T06:50:38+00:00","breadcrumb":{"@id":"https:\/\/eurytionpress.com\/en\/lenguas-del-mundo-volumen-6-lenguas-sino-tibetanas-2\/#breadcrumb"},"inLanguage":"en-US","potentialAction":[{"@type":"ReadAction","target":["https:\/\/eurytionpress.com\/en\/lenguas-del-mundo-volumen-6-lenguas-sino-tibetanas-2\/"]}]},{"@type":"ImageObject","inLanguage":"en-US","@id":"https:\/\/eurytionpress.com\/en\/lenguas-del-mundo-volumen-6-lenguas-sino-tibetanas-2\/#primaryimage","url":"https:\/\/eurytionpress.com\/wp-content\/uploads\/2025\/07\/lm-6-digital.png","contentUrl":"https:\/\/eurytionpress.com\/wp-content\/uploads\/2025\/07\/lm-6-digital.png","width":802,"height":1170},{"@type":"BreadcrumbList","@id":"https:\/\/eurytionpress.com\/en\/lenguas-del-mundo-volumen-6-lenguas-sino-tibetanas-2\/#breadcrumb","itemListElement":[{"@type":"ListItem","position":1,"name":"Portada","item":"https:\/\/eurytionpress.com\/en\/"},{"@type":"ListItem","position":2,"name":"Libros","item":"https:\/\/eurytionpress.com\/libros-2\/"},{"@type":"ListItem","position":3,"name":"Lenguas del Mundo Vol. 6. Lenguas Lenguas Sino-Tibetanas"}]},{"@type":"WebSite","@id":"https:\/\/eurytionpress.com\/en\/#website","url":"https:\/\/eurytionpress.com\/en\/","name":"Eurytion Press","description":"Editorial de libros cient\u00edficos y acad\u00e9micos","publisher":{"@id":"https:\/\/eurytionpress.com\/en\/#organization"},"potentialAction":[{"@type":"SearchAction","target":{"@type":"EntryPoint","urlTemplate":"https:\/\/eurytionpress.com\/en\/?s={search_term_string}"},"query-input":{"@type":"PropertyValueSpecification","valueRequired":true,"valueName":"search_term_string"}}],"inLanguage":"en-US"},{"@type":"Organization","@id":"https:\/\/eurytionpress.com\/en\/#organization","name":"Eurytion Press","url":"https:\/\/eurytionpress.com\/en\/","logo":{"@type":"ImageObject","inLanguage":"en-US","@id":"https:\/\/eurytionpress.com\/en\/#\/schema\/logo\/image\/","url":"https:\/\/eurytionpress.com\/wp-content\/uploads\/2025\/07\/eurityon-press.png","contentUrl":"https:\/\/eurytionpress.com\/wp-content\/uploads\/2025\/07\/eurityon-press.png","width":229,"height":46,"caption":"Eurytion Press"},"image":{"@id":"https:\/\/eurytionpress.com\/en\/#\/schema\/logo\/image\/"}}]}},"_links":{"self":[{"href":"https:\/\/eurytionpress.com\/en\/wp-json\/wp\/v2\/product\/23686","targetHints":{"allow":["GET"]}}],"collection":[{"href":"https:\/\/eurytionpress.com\/en\/wp-json\/wp\/v2\/product"}],"about":[{"href":"https:\/\/eurytionpress.com\/en\/wp-json\/wp\/v2\/types\/product"}],"replies":[{"embeddable":true,"href":"https:\/\/eurytionpress.com\/en\/wp-json\/wp\/v2\/comments?post=23686"}],"wp:featuredmedia":[{"embeddable":true,"href":"https:\/\/eurytionpress.com\/en\/wp-json\/wp\/v2\/media\/22504"}],"wp:attachment":[{"href":"https:\/\/eurytionpress.com\/en\/wp-json\/wp\/v2\/media?parent=23686"}],"wp:term":[{"taxonomy":"product_brand","embeddable":true,"href":"https:\/\/eurytionpress.com\/en\/wp-json\/wp\/v2\/product_brand?post=23686"},{"taxonomy":"product_cat","embeddable":true,"href":"https:\/\/eurytionpress.com\/en\/wp-json\/wp\/v2\/product_cat?post=23686"},{"taxonomy":"product_tag","embeddable":true,"href":"https:\/\/eurytionpress.com\/en\/wp-json\/wp\/v2\/product_tag?post=23686"}],"curies":[{"name":"wp","href":"https:\/\/api.w.org\/{rel}","templated":true}]}}