{"id":23700,"date":"2025-07-01T14:54:50","date_gmt":"2025-07-01T12:54:50","guid":{"rendered":"https:\/\/wpempresa.com\/eurytion\/lenguajes-informaticos-para-la-creacion-de-paginas-web-educativas-en-internet\/"},"modified":"2025-07-01T14:54:50","modified_gmt":"2025-07-01T12:54:50","slug":"lenguajes-informaticos-para-la-creacion-de-paginas-web-educativas-en-internet","status":"publish","type":"product","link":"https:\/\/eurytionpress.com\/en\/lenguajes-informaticos-para-la-creacion-de-paginas-web-educativas-en-internet\/","title":{"rendered":"Lenguajes Inform\u00e1ticos para la Creaci\u00f3n de P\u00e1ginas Web Educativas en Internet"},"content":{"rendered":"<p>G\u00f3mez Gal\u00e1n, Jos\u00e9. Lenguajes Inform\u00e1ticos para la Creaci\u00f3n de P\u00e1ginas Web Educativas en Internet. 2\u00aa ed., San Juan: Universidad Metropolitana, 2015. (Ed. original, Sevilla: Dto. An\u00e1lisis Matem\u00e1tico, Facultad de Inform\u00e1tica y Estad\u00edstica, US, 2000).<\/p>\n","protected":false},"excerpt":{"rendered":"<p>Aunque inicialmente elaborada en el a\u00f1o 2000, la obra &#8220;Lenguajes Inform\u00e1ticos para la Creaci\u00f3n de P\u00e1ginas Web Educativas en Internet&#8221; resulta vigente en muchos aspectos, tanto como documento educativo hist\u00f3rico como, sobre todo, por sus fundamentos pedag\u00f3gicos. Sigue representando una contribuci\u00f3n significativa al campo de la tecnolog\u00eda educativa aplicada al entorno web. El trabajo aborda la problem\u00e1tica fundamental que enfrenta el profesorado ante la necesidad de desarrollar recursos did\u00e1cticos en l\u00ednea: la complejidad inherente a los lenguajes de programaci\u00f3n web (son descritos con detalle los predominantes en esa \u00e9poca, tales como HTML, Perl, Java, JavaScript, DHTML, XML, ActiveX, o ASP), y el desconocimiento de estrategias did\u00e1cticas para el empleo de p\u00e1ginas web en los procesos de ense\u00f1anza aprendizaje. El enfoque del libro es pragm\u00e1tico y pedag\u00f3gicamente orientado. Se argumenta que la competencia esencial del educador no reside en el dominio exhaustivo de estos c\u00f3digos, sino en la capacidad para dise\u00f1ar experiencias de aprendizaje significativas y efectivas. Por ello, la obra explora alternativas viables para la creaci\u00f3n de p\u00e1ginas web educativas, destacando dos v\u00edas principales: la colaboraci\u00f3n interdisciplinar con programadores profesionales y, de manera crucial para la autonom\u00eda docente, el empleo de las herramientas de software de autor\u00eda visual (WYSIWYG) que comenzaban a popularizarse (citando ejemplos relevantes como FrontPage, HotMetal Pro, DreamWeaver, Flash e incluso las funcionalidades para el dise\u00f1o web, muy sencillo, que permit\u00eda Microsoft Word 2000). Como parte actualmente de mayor relevancia, el texto subraya, a lo largo de casi toda la segunda parte del mismo, la importancia de trasladar los principios de la tecnolog\u00eda educativa y las teor\u00edas cognitivas y constructivistas del aprendizaje al dise\u00f1o web, enfatizando la interactividad, el uso de hipermedia y la estructuraci\u00f3n del contenido para facilitar un aprendizaje activo y significativo. En este sentido, diferencia claramente las p\u00e1ginas con prop\u00f3sito educativo de los simples repositorios de informaci\u00f3n, ofreciendo orientaci\u00f3n pr\u00e1ctica y estrategias efectivas para hacer que los entornos web resulten pedag\u00f3gicamente adecuadas. La obra, as\u00ed, se posiciona como una gu\u00eda educativa de inter\u00e9s para los profesionales de la educaci\u00f3n que buscan integrar Internet como recurso did\u00e1ctico en la sociedad digital actual, tanto por la valiosa perspectiva hist\u00f3rica que ofrece como por sus perdurables bases pedag\u00f3gicas.<\/p>\n","protected":false},"featured_media":22464,"comment_status":"closed","ping_status":"closed","template":"","meta":[],"product_brand":[],"product_cat":[689,925],"product_tag":[],"class_list":{"0":"post-23700","1":"product","2":"type-product","3":"status-publish","4":"has-post-thumbnail","6":"product_cat-international-en","7":"product_cat-printed-book","9":"first","10":"instock","11":"product-type-external"},"yoast_head":"<!-- This site is optimized with the Yoast SEO plugin v25.3.1 - https:\/\/yoast.com\/wordpress\/plugins\/seo\/ -->\n<title>Lenguajes Inform\u00e1ticos para la Creaci\u00f3n de P\u00e1ginas Web Educativas en Internet - Eurytion Press<\/title>\n<meta name=\"robots\" content=\"index, follow, max-snippet:-1, max-image-preview:large, max-video-preview:-1\" \/>\n<link rel=\"canonical\" href=\"https:\/\/eurytionpress.com\/en\/lenguajes-informaticos-para-la-creacion-de-paginas-web-educativas-en-internet\/\" \/>\n<meta property=\"og:locale\" content=\"en_US\" \/>\n<meta property=\"og:type\" content=\"article\" \/>\n<meta property=\"og:title\" content=\"Lenguajes Inform\u00e1ticos para la Creaci\u00f3n de P\u00e1ginas Web Educativas en Internet - Eurytion Press\" \/>\n<meta property=\"og:description\" content=\"Aunque inicialmente elaborada en el a\u00f1o 2000, la obra &quot;Lenguajes Inform\u00e1ticos para la Creaci\u00f3n de P\u00e1ginas Web Educativas en Internet&quot; resulta vigente en muchos aspectos, tanto como documento educativo hist\u00f3rico como, sobre todo, por sus fundamentos pedag\u00f3gicos. Sigue representando una contribuci\u00f3n significativa al campo de la tecnolog\u00eda educativa aplicada al entorno web. El trabajo aborda la problem\u00e1tica fundamental que enfrenta el profesorado ante la necesidad de desarrollar recursos did\u00e1cticos en l\u00ednea: la complejidad inherente a los lenguajes de programaci\u00f3n web (son descritos con detalle los predominantes en esa \u00e9poca, tales como HTML, Perl, Java, JavaScript, DHTML, XML, ActiveX, o ASP), y el desconocimiento de estrategias did\u00e1cticas para el empleo de p\u00e1ginas web en los procesos de ense\u00f1anza aprendizaje. El enfoque del libro es pragm\u00e1tico y pedag\u00f3gicamente orientado. Se argumenta que la competencia esencial del educador no reside en el dominio exhaustivo de estos c\u00f3digos, sino en la capacidad para dise\u00f1ar experiencias de aprendizaje significativas y efectivas. Por ello, la obra explora alternativas viables para la creaci\u00f3n de p\u00e1ginas web educativas, destacando dos v\u00edas principales: la colaboraci\u00f3n interdisciplinar con programadores profesionales y, de manera crucial para la autonom\u00eda docente, el empleo de las herramientas de software de autor\u00eda visual (WYSIWYG) que comenzaban a popularizarse (citando ejemplos relevantes como FrontPage, HotMetal Pro, DreamWeaver, Flash e incluso las funcionalidades para el dise\u00f1o web, muy sencillo, que permit\u00eda Microsoft Word 2000). Como parte actualmente de mayor relevancia, el texto subraya, a lo largo de casi toda la segunda parte del mismo, la importancia de trasladar los principios de la tecnolog\u00eda educativa y las teor\u00edas cognitivas y constructivistas del aprendizaje al dise\u00f1o web, enfatizando la interactividad, el uso de hipermedia y la estructuraci\u00f3n del contenido para facilitar un aprendizaje activo y significativo. En este sentido, diferencia claramente las p\u00e1ginas con prop\u00f3sito educativo de los simples repositorios de informaci\u00f3n, ofreciendo orientaci\u00f3n pr\u00e1ctica y estrategias efectivas para hacer que los entornos web resulten pedag\u00f3gicamente adecuadas. La obra, as\u00ed, se posiciona como una gu\u00eda educativa de inter\u00e9s para los profesionales de la educaci\u00f3n que buscan integrar Internet como recurso did\u00e1ctico en la sociedad digital actual, tanto por la valiosa perspectiva hist\u00f3rica que ofrece como por sus perdurables bases pedag\u00f3gicas.\" \/>\n<meta property=\"og:url\" content=\"https:\/\/eurytionpress.com\/en\/lenguajes-informaticos-para-la-creacion-de-paginas-web-educativas-en-internet\/\" \/>\n<meta property=\"og:site_name\" content=\"Eurytion Press\" \/>\n<meta property=\"og:image\" content=\"https:\/\/eurytionpress.com\/wp-content\/uploads\/2025\/07\/lenguajes-informaticos-para-la-creacion.png\" \/>\n\t<meta property=\"og:image:width\" content=\"782\" \/>\n\t<meta property=\"og:image:height\" content=\"1170\" \/>\n\t<meta property=\"og:image:type\" content=\"image\/png\" \/>\n<meta name=\"twitter:card\" content=\"summary_large_image\" \/>\n<script type=\"application\/ld+json\" class=\"yoast-schema-graph\">{\"@context\":\"https:\/\/schema.org\",\"@graph\":[{\"@type\":\"WebPage\",\"@id\":\"https:\/\/eurytionpress.com\/en\/lenguajes-informaticos-para-la-creacion-de-paginas-web-educativas-en-internet\/\",\"url\":\"https:\/\/eurytionpress.com\/en\/lenguajes-informaticos-para-la-creacion-de-paginas-web-educativas-en-internet\/\",\"name\":\"Lenguajes Inform\u00e1ticos para la Creaci\u00f3n de P\u00e1ginas Web Educativas en Internet - Eurytion Press\",\"isPartOf\":{\"@id\":\"https:\/\/eurytionpress.com\/en\/#website\"},\"primaryImageOfPage\":{\"@id\":\"https:\/\/eurytionpress.com\/en\/lenguajes-informaticos-para-la-creacion-de-paginas-web-educativas-en-internet\/#primaryimage\"},\"image\":{\"@id\":\"https:\/\/eurytionpress.com\/en\/lenguajes-informaticos-para-la-creacion-de-paginas-web-educativas-en-internet\/#primaryimage\"},\"thumbnailUrl\":\"https:\/\/eurytionpress.com\/wp-content\/uploads\/2025\/07\/lenguajes-informaticos-para-la-creacion.png\",\"datePublished\":\"2025-07-01T12:54:50+00:00\",\"breadcrumb\":{\"@id\":\"https:\/\/eurytionpress.com\/en\/lenguajes-informaticos-para-la-creacion-de-paginas-web-educativas-en-internet\/#breadcrumb\"},\"inLanguage\":\"en-US\",\"potentialAction\":[{\"@type\":\"ReadAction\",\"target\":[\"https:\/\/eurytionpress.com\/en\/lenguajes-informaticos-para-la-creacion-de-paginas-web-educativas-en-internet\/\"]}]},{\"@type\":\"ImageObject\",\"inLanguage\":\"en-US\",\"@id\":\"https:\/\/eurytionpress.com\/en\/lenguajes-informaticos-para-la-creacion-de-paginas-web-educativas-en-internet\/#primaryimage\",\"url\":\"https:\/\/eurytionpress.com\/wp-content\/uploads\/2025\/07\/lenguajes-informaticos-para-la-creacion.png\",\"contentUrl\":\"https:\/\/eurytionpress.com\/wp-content\/uploads\/2025\/07\/lenguajes-informaticos-para-la-creacion.png\",\"width\":782,\"height\":1170},{\"@type\":\"BreadcrumbList\",\"@id\":\"https:\/\/eurytionpress.com\/en\/lenguajes-informaticos-para-la-creacion-de-paginas-web-educativas-en-internet\/#breadcrumb\",\"itemListElement\":[{\"@type\":\"ListItem\",\"position\":1,\"name\":\"Portada\",\"item\":\"https:\/\/eurytionpress.com\/en\/\"},{\"@type\":\"ListItem\",\"position\":2,\"name\":\"Libros\",\"item\":\"https:\/\/eurytionpress.com\/libros-2\/\"},{\"@type\":\"ListItem\",\"position\":3,\"name\":\"Lenguajes Inform\u00e1ticos para la Creaci\u00f3n de P\u00e1ginas Web Educativas en Internet\"}]},{\"@type\":\"WebSite\",\"@id\":\"https:\/\/eurytionpress.com\/en\/#website\",\"url\":\"https:\/\/eurytionpress.com\/en\/\",\"name\":\"Eurytion Press\",\"description\":\"Editorial de libros cient\u00edficos y acad\u00e9micos\",\"publisher\":{\"@id\":\"https:\/\/eurytionpress.com\/en\/#organization\"},\"potentialAction\":[{\"@type\":\"SearchAction\",\"target\":{\"@type\":\"EntryPoint\",\"urlTemplate\":\"https:\/\/eurytionpress.com\/en\/?s={search_term_string}\"},\"query-input\":{\"@type\":\"PropertyValueSpecification\",\"valueRequired\":true,\"valueName\":\"search_term_string\"}}],\"inLanguage\":\"en-US\"},{\"@type\":\"Organization\",\"@id\":\"https:\/\/eurytionpress.com\/en\/#organization\",\"name\":\"Eurytion Press\",\"url\":\"https:\/\/eurytionpress.com\/en\/\",\"logo\":{\"@type\":\"ImageObject\",\"inLanguage\":\"en-US\",\"@id\":\"https:\/\/eurytionpress.com\/en\/#\/schema\/logo\/image\/\",\"url\":\"https:\/\/eurytionpress.com\/wp-content\/uploads\/2025\/07\/eurityon-press.png\",\"contentUrl\":\"https:\/\/eurytionpress.com\/wp-content\/uploads\/2025\/07\/eurityon-press.png\",\"width\":229,\"height\":46,\"caption\":\"Eurytion Press\"},\"image\":{\"@id\":\"https:\/\/eurytionpress.com\/en\/#\/schema\/logo\/image\/\"}}]}<\/script>\n<!-- \/ Yoast SEO plugin. -->","yoast_head_json":{"title":"Lenguajes Inform\u00e1ticos para la Creaci\u00f3n de P\u00e1ginas Web Educativas en Internet - Eurytion Press","robots":{"index":"index","follow":"follow","max-snippet":"max-snippet:-1","max-image-preview":"max-image-preview:large","max-video-preview":"max-video-preview:-1"},"canonical":"https:\/\/eurytionpress.com\/en\/lenguajes-informaticos-para-la-creacion-de-paginas-web-educativas-en-internet\/","og_locale":"en_US","og_type":"article","og_title":"Lenguajes Inform\u00e1ticos para la Creaci\u00f3n de P\u00e1ginas Web Educativas en Internet - Eurytion Press","og_description":"Aunque inicialmente elaborada en el a\u00f1o 2000, la obra \"Lenguajes Inform\u00e1ticos para la Creaci\u00f3n de P\u00e1ginas Web Educativas en Internet\" resulta vigente en muchos aspectos, tanto como documento educativo hist\u00f3rico como, sobre todo, por sus fundamentos pedag\u00f3gicos. Sigue representando una contribuci\u00f3n significativa al campo de la tecnolog\u00eda educativa aplicada al entorno web. El trabajo aborda la problem\u00e1tica fundamental que enfrenta el profesorado ante la necesidad de desarrollar recursos did\u00e1cticos en l\u00ednea: la complejidad inherente a los lenguajes de programaci\u00f3n web (son descritos con detalle los predominantes en esa \u00e9poca, tales como HTML, Perl, Java, JavaScript, DHTML, XML, ActiveX, o ASP), y el desconocimiento de estrategias did\u00e1cticas para el empleo de p\u00e1ginas web en los procesos de ense\u00f1anza aprendizaje. El enfoque del libro es pragm\u00e1tico y pedag\u00f3gicamente orientado. Se argumenta que la competencia esencial del educador no reside en el dominio exhaustivo de estos c\u00f3digos, sino en la capacidad para dise\u00f1ar experiencias de aprendizaje significativas y efectivas. Por ello, la obra explora alternativas viables para la creaci\u00f3n de p\u00e1ginas web educativas, destacando dos v\u00edas principales: la colaboraci\u00f3n interdisciplinar con programadores profesionales y, de manera crucial para la autonom\u00eda docente, el empleo de las herramientas de software de autor\u00eda visual (WYSIWYG) que comenzaban a popularizarse (citando ejemplos relevantes como FrontPage, HotMetal Pro, DreamWeaver, Flash e incluso las funcionalidades para el dise\u00f1o web, muy sencillo, que permit\u00eda Microsoft Word 2000). Como parte actualmente de mayor relevancia, el texto subraya, a lo largo de casi toda la segunda parte del mismo, la importancia de trasladar los principios de la tecnolog\u00eda educativa y las teor\u00edas cognitivas y constructivistas del aprendizaje al dise\u00f1o web, enfatizando la interactividad, el uso de hipermedia y la estructuraci\u00f3n del contenido para facilitar un aprendizaje activo y significativo. En este sentido, diferencia claramente las p\u00e1ginas con prop\u00f3sito educativo de los simples repositorios de informaci\u00f3n, ofreciendo orientaci\u00f3n pr\u00e1ctica y estrategias efectivas para hacer que los entornos web resulten pedag\u00f3gicamente adecuadas. La obra, as\u00ed, se posiciona como una gu\u00eda educativa de inter\u00e9s para los profesionales de la educaci\u00f3n que buscan integrar Internet como recurso did\u00e1ctico en la sociedad digital actual, tanto por la valiosa perspectiva hist\u00f3rica que ofrece como por sus perdurables bases pedag\u00f3gicas.","og_url":"https:\/\/eurytionpress.com\/en\/lenguajes-informaticos-para-la-creacion-de-paginas-web-educativas-en-internet\/","og_site_name":"Eurytion Press","og_image":[{"width":782,"height":1170,"url":"https:\/\/eurytionpress.com\/wp-content\/uploads\/2025\/07\/lenguajes-informaticos-para-la-creacion.png","type":"image\/png"}],"twitter_card":"summary_large_image","schema":{"@context":"https:\/\/schema.org","@graph":[{"@type":"WebPage","@id":"https:\/\/eurytionpress.com\/en\/lenguajes-informaticos-para-la-creacion-de-paginas-web-educativas-en-internet\/","url":"https:\/\/eurytionpress.com\/en\/lenguajes-informaticos-para-la-creacion-de-paginas-web-educativas-en-internet\/","name":"Lenguajes Inform\u00e1ticos para la Creaci\u00f3n de P\u00e1ginas Web Educativas en Internet - Eurytion Press","isPartOf":{"@id":"https:\/\/eurytionpress.com\/en\/#website"},"primaryImageOfPage":{"@id":"https:\/\/eurytionpress.com\/en\/lenguajes-informaticos-para-la-creacion-de-paginas-web-educativas-en-internet\/#primaryimage"},"image":{"@id":"https:\/\/eurytionpress.com\/en\/lenguajes-informaticos-para-la-creacion-de-paginas-web-educativas-en-internet\/#primaryimage"},"thumbnailUrl":"https:\/\/eurytionpress.com\/wp-content\/uploads\/2025\/07\/lenguajes-informaticos-para-la-creacion.png","datePublished":"2025-07-01T12:54:50+00:00","breadcrumb":{"@id":"https:\/\/eurytionpress.com\/en\/lenguajes-informaticos-para-la-creacion-de-paginas-web-educativas-en-internet\/#breadcrumb"},"inLanguage":"en-US","potentialAction":[{"@type":"ReadAction","target":["https:\/\/eurytionpress.com\/en\/lenguajes-informaticos-para-la-creacion-de-paginas-web-educativas-en-internet\/"]}]},{"@type":"ImageObject","inLanguage":"en-US","@id":"https:\/\/eurytionpress.com\/en\/lenguajes-informaticos-para-la-creacion-de-paginas-web-educativas-en-internet\/#primaryimage","url":"https:\/\/eurytionpress.com\/wp-content\/uploads\/2025\/07\/lenguajes-informaticos-para-la-creacion.png","contentUrl":"https:\/\/eurytionpress.com\/wp-content\/uploads\/2025\/07\/lenguajes-informaticos-para-la-creacion.png","width":782,"height":1170},{"@type":"BreadcrumbList","@id":"https:\/\/eurytionpress.com\/en\/lenguajes-informaticos-para-la-creacion-de-paginas-web-educativas-en-internet\/#breadcrumb","itemListElement":[{"@type":"ListItem","position":1,"name":"Portada","item":"https:\/\/eurytionpress.com\/en\/"},{"@type":"ListItem","position":2,"name":"Libros","item":"https:\/\/eurytionpress.com\/libros-2\/"},{"@type":"ListItem","position":3,"name":"Lenguajes Inform\u00e1ticos para la Creaci\u00f3n de P\u00e1ginas Web Educativas en Internet"}]},{"@type":"WebSite","@id":"https:\/\/eurytionpress.com\/en\/#website","url":"https:\/\/eurytionpress.com\/en\/","name":"Eurytion Press","description":"Editorial de libros cient\u00edficos y acad\u00e9micos","publisher":{"@id":"https:\/\/eurytionpress.com\/en\/#organization"},"potentialAction":[{"@type":"SearchAction","target":{"@type":"EntryPoint","urlTemplate":"https:\/\/eurytionpress.com\/en\/?s={search_term_string}"},"query-input":{"@type":"PropertyValueSpecification","valueRequired":true,"valueName":"search_term_string"}}],"inLanguage":"en-US"},{"@type":"Organization","@id":"https:\/\/eurytionpress.com\/en\/#organization","name":"Eurytion Press","url":"https:\/\/eurytionpress.com\/en\/","logo":{"@type":"ImageObject","inLanguage":"en-US","@id":"https:\/\/eurytionpress.com\/en\/#\/schema\/logo\/image\/","url":"https:\/\/eurytionpress.com\/wp-content\/uploads\/2025\/07\/eurityon-press.png","contentUrl":"https:\/\/eurytionpress.com\/wp-content\/uploads\/2025\/07\/eurityon-press.png","width":229,"height":46,"caption":"Eurytion Press"},"image":{"@id":"https:\/\/eurytionpress.com\/en\/#\/schema\/logo\/image\/"}}]}},"_links":{"self":[{"href":"https:\/\/eurytionpress.com\/en\/wp-json\/wp\/v2\/product\/23700","targetHints":{"allow":["GET"]}}],"collection":[{"href":"https:\/\/eurytionpress.com\/en\/wp-json\/wp\/v2\/product"}],"about":[{"href":"https:\/\/eurytionpress.com\/en\/wp-json\/wp\/v2\/types\/product"}],"replies":[{"embeddable":true,"href":"https:\/\/eurytionpress.com\/en\/wp-json\/wp\/v2\/comments?post=23700"}],"wp:featuredmedia":[{"embeddable":true,"href":"https:\/\/eurytionpress.com\/en\/wp-json\/wp\/v2\/media\/22464"}],"wp:attachment":[{"href":"https:\/\/eurytionpress.com\/en\/wp-json\/wp\/v2\/media?parent=23700"}],"wp:term":[{"taxonomy":"product_brand","embeddable":true,"href":"https:\/\/eurytionpress.com\/en\/wp-json\/wp\/v2\/product_brand?post=23700"},{"taxonomy":"product_cat","embeddable":true,"href":"https:\/\/eurytionpress.com\/en\/wp-json\/wp\/v2\/product_cat?post=23700"},{"taxonomy":"product_tag","embeddable":true,"href":"https:\/\/eurytionpress.com\/en\/wp-json\/wp\/v2\/product_tag?post=23700"}],"curies":[{"name":"wp","href":"https:\/\/api.w.org\/{rel}","templated":true}]}}