{"id":23703,"date":"2025-07-01T14:53:50","date_gmt":"2025-07-01T12:53:50","guid":{"rendered":"https:\/\/wpempresa.com\/eurytion\/la-nueva-economia-digital-y-financiera-casos-innovadores-de-aplicacion-de-las-nuevas-tecnologias-globales\/"},"modified":"2025-07-01T14:53:50","modified_gmt":"2025-07-01T12:53:50","slug":"la-nueva-economia-digital-y-financiera-casos-innovadores-de-aplicacion-de-las-nuevas-tecnologias-globales","status":"publish","type":"product","link":"https:\/\/eurytionpress.com\/en\/la-nueva-economia-digital-y-financiera-casos-innovadores-de-aplicacion-de-las-nuevas-tecnologias-globales\/","title":{"rendered":"La Nueva Econom\u00eda Digital y Financiera: Casos Innovadores de Aplicaci\u00f3n de las Nuevas Tecnolog\u00edas Globales"},"content":{"rendered":"<p>Forradellas, Ricardo, Sergio Luis Reier, Javier Jorge N\u00e1\u00f1ez Alonso, y Esteban V\u00e1zquez Cano. La Nueva Economia Digital y Financiera: Casos Innovadores de Aplicaci\u00f3n de las Nuevas Tecnolog\u00edas Globales. Badajoz: Eurytion Press, 2021.<\/p>\n","protected":false},"excerpt":{"rendered":"<p>Los cambios y transformaciones que se est\u00e1n produciendo en la econom\u00eda digital y financiera con la irrupci\u00f3n de las nuevas tecnolog\u00edas emergentes tienen un impacto directo tanto en la forma de concebir los modelos de negocios como en la nueva estructuraci\u00f3n de los puestos de trabajo. En los pr\u00f3ximos a\u00f1os veremos c\u00f3mo la nueva fuerza laboral nativa digital completar\u00e1 el proceso para definir unas nuevas reglas de juego en el mercado. El\u00a0machine learning\u00a0y los datos masivos, el internet de las cosas, la tecnolog\u00eda\u00a0blockchain, las nuevas formas de organizaci\u00f3n y los nuevos canales de comunicaci\u00f3n y distribuci\u00f3n van a resultar imprescindibles para poder aplicar el cambio eficazmente en la cadena de valor. Un apartado especial merecen los aspectos ligados a las posibilidades que ofrecer\u00e1 la inteligencia artificial, que incluir\u00e1 capacidades tales como la creaci\u00f3n de modelos de simulaci\u00f3n o propensi\u00f3n a la compra, la personalizaci\u00f3n estos procesos mediante sistemas de recomendaci\u00f3n basados en tecnolog\u00edas de\u00a0machine learning, y tambi\u00e9n la interacci\u00f3n con asistentes virtuales de ayuda. En esta obra se han escogido de forma espec\u00edfica aplicaciones pr\u00e1cticas de estas tecnolog\u00edas analizando las posibilidades de la transformaci\u00f3n digital y la inteligencia artificial desde distintos \u00e1mbitos. Algunos de ellos est\u00e1n m\u00e1s ligados a la propia realidad empresarial \u2013se presenta un caso concreto referido al sector bancario y otro analizando una compa\u00f1\u00eda dedicada al \u00e1mbito de la energ\u00eda renovable\u2013, otros ofrecen la oportunidad de aplicar estas tecnolog\u00edas al conjunto de la sociedad \u2013en aspectos como la predicci\u00f3n de delitos o en la automatizaci\u00f3n a la hora de realizar tareas de reciclaje\u2013, mientras que otros se adentran en posibilidades tecnol\u00f3gicas que se podr\u00edan desarrollar a partir de estos conceptos -como mejorar la resoluci\u00f3n en im\u00e1genes de sat\u00e9lite mediante redes neuronales o realizar un procesamiento del lenguaje natural aplicado a neuroventas\u2013. Esperemos que el lector disfrute con estos trabajos y le sirvan de aliciente para poder desarrollar todas las alternativas que se nos abren en un futuro apasionante.<\/p>\n","protected":false},"featured_media":22452,"comment_status":"closed","ping_status":"open","template":"","meta":[],"product_brand":[],"product_cat":[680],"product_tag":[],"class_list":{"0":"post-23703","1":"product","2":"type-product","3":"status-publish","4":"has-post-thumbnail","6":"product_cat-printedbook-en","8":"first","9":"instock","10":"product-type-external"},"yoast_head":"<!-- This site is optimized with the Yoast SEO plugin v25.3.1 - https:\/\/yoast.com\/wordpress\/plugins\/seo\/ -->\n<title>La Nueva Econom\u00eda Digital y Financiera: Casos Innovadores de Aplicaci\u00f3n de las Nuevas Tecnolog\u00edas Globales - Eurytion Press<\/title>\n<meta name=\"robots\" content=\"index, follow, max-snippet:-1, max-image-preview:large, max-video-preview:-1\" \/>\n<link rel=\"canonical\" href=\"https:\/\/eurytionpress.com\/en\/la-nueva-economia-digital-y-financiera-casos-innovadores-de-aplicacion-de-las-nuevas-tecnologias-globales\/\" \/>\n<meta property=\"og:locale\" content=\"en_US\" \/>\n<meta property=\"og:type\" content=\"article\" \/>\n<meta property=\"og:title\" content=\"La Nueva Econom\u00eda Digital y Financiera: Casos Innovadores de Aplicaci\u00f3n de las Nuevas Tecnolog\u00edas Globales - Eurytion Press\" \/>\n<meta property=\"og:description\" content=\"Los cambios y transformaciones que se est\u00e1n produciendo en la econom\u00eda digital y financiera con la irrupci\u00f3n de las nuevas tecnolog\u00edas emergentes tienen un impacto directo tanto en la forma de concebir los modelos de negocios como en la nueva estructuraci\u00f3n de los puestos de trabajo. En los pr\u00f3ximos a\u00f1os veremos c\u00f3mo la nueva fuerza laboral nativa digital completar\u00e1 el proceso para definir unas nuevas reglas de juego en el mercado. El\u00a0machine learning\u00a0y los datos masivos, el internet de las cosas, la tecnolog\u00eda\u00a0blockchain, las nuevas formas de organizaci\u00f3n y los nuevos canales de comunicaci\u00f3n y distribuci\u00f3n van a resultar imprescindibles para poder aplicar el cambio eficazmente en la cadena de valor. Un apartado especial merecen los aspectos ligados a las posibilidades que ofrecer\u00e1 la inteligencia artificial, que incluir\u00e1 capacidades tales como la creaci\u00f3n de modelos de simulaci\u00f3n o propensi\u00f3n a la compra, la personalizaci\u00f3n estos procesos mediante sistemas de recomendaci\u00f3n basados en tecnolog\u00edas de\u00a0machine learning, y tambi\u00e9n la interacci\u00f3n con asistentes virtuales de ayuda. En esta obra se han escogido de forma espec\u00edfica aplicaciones pr\u00e1cticas de estas tecnolog\u00edas analizando las posibilidades de la transformaci\u00f3n digital y la inteligencia artificial desde distintos \u00e1mbitos. Algunos de ellos est\u00e1n m\u00e1s ligados a la propia realidad empresarial \u2013se presenta un caso concreto referido al sector bancario y otro analizando una compa\u00f1\u00eda dedicada al \u00e1mbito de la energ\u00eda renovable\u2013, otros ofrecen la oportunidad de aplicar estas tecnolog\u00edas al conjunto de la sociedad \u2013en aspectos como la predicci\u00f3n de delitos o en la automatizaci\u00f3n a la hora de realizar tareas de reciclaje\u2013, mientras que otros se adentran en posibilidades tecnol\u00f3gicas que se podr\u00edan desarrollar a partir de estos conceptos -como mejorar la resoluci\u00f3n en im\u00e1genes de sat\u00e9lite mediante redes neuronales o realizar un procesamiento del lenguaje natural aplicado a neuroventas\u2013. Esperemos que el lector disfrute con estos trabajos y le sirvan de aliciente para poder desarrollar todas las alternativas que se nos abren en un futuro apasionante.\" \/>\n<meta property=\"og:url\" content=\"https:\/\/eurytionpress.com\/en\/la-nueva-economia-digital-y-financiera-casos-innovadores-de-aplicacion-de-las-nuevas-tecnologias-globales\/\" \/>\n<meta property=\"og:site_name\" content=\"Eurytion Press\" \/>\n<meta property=\"og:image\" content=\"https:\/\/eurytionpress.com\/wp-content\/uploads\/2025\/07\/la-nueva-economia-cover.png\" \/>\n\t<meta property=\"og:image:width\" content=\"808\" \/>\n\t<meta property=\"og:image:height\" content=\"1170\" \/>\n\t<meta property=\"og:image:type\" content=\"image\/png\" \/>\n<meta name=\"twitter:card\" content=\"summary_large_image\" \/>\n<script type=\"application\/ld+json\" class=\"yoast-schema-graph\">{\"@context\":\"https:\/\/schema.org\",\"@graph\":[{\"@type\":\"WebPage\",\"@id\":\"https:\/\/eurytionpress.com\/en\/la-nueva-economia-digital-y-financiera-casos-innovadores-de-aplicacion-de-las-nuevas-tecnologias-globales\/\",\"url\":\"https:\/\/eurytionpress.com\/en\/la-nueva-economia-digital-y-financiera-casos-innovadores-de-aplicacion-de-las-nuevas-tecnologias-globales\/\",\"name\":\"La Nueva Econom\u00eda Digital y Financiera: Casos Innovadores de Aplicaci\u00f3n de las Nuevas Tecnolog\u00edas Globales - Eurytion Press\",\"isPartOf\":{\"@id\":\"https:\/\/eurytionpress.com\/en\/#website\"},\"primaryImageOfPage\":{\"@id\":\"https:\/\/eurytionpress.com\/en\/la-nueva-economia-digital-y-financiera-casos-innovadores-de-aplicacion-de-las-nuevas-tecnologias-globales\/#primaryimage\"},\"image\":{\"@id\":\"https:\/\/eurytionpress.com\/en\/la-nueva-economia-digital-y-financiera-casos-innovadores-de-aplicacion-de-las-nuevas-tecnologias-globales\/#primaryimage\"},\"thumbnailUrl\":\"https:\/\/eurytionpress.com\/wp-content\/uploads\/2025\/07\/la-nueva-economia-cover.png\",\"datePublished\":\"2025-07-01T12:53:50+00:00\",\"breadcrumb\":{\"@id\":\"https:\/\/eurytionpress.com\/en\/la-nueva-economia-digital-y-financiera-casos-innovadores-de-aplicacion-de-las-nuevas-tecnologias-globales\/#breadcrumb\"},\"inLanguage\":\"en-US\",\"potentialAction\":[{\"@type\":\"ReadAction\",\"target\":[\"https:\/\/eurytionpress.com\/en\/la-nueva-economia-digital-y-financiera-casos-innovadores-de-aplicacion-de-las-nuevas-tecnologias-globales\/\"]}]},{\"@type\":\"ImageObject\",\"inLanguage\":\"en-US\",\"@id\":\"https:\/\/eurytionpress.com\/en\/la-nueva-economia-digital-y-financiera-casos-innovadores-de-aplicacion-de-las-nuevas-tecnologias-globales\/#primaryimage\",\"url\":\"https:\/\/eurytionpress.com\/wp-content\/uploads\/2025\/07\/la-nueva-economia-cover.png\",\"contentUrl\":\"https:\/\/eurytionpress.com\/wp-content\/uploads\/2025\/07\/la-nueva-economia-cover.png\",\"width\":808,\"height\":1170},{\"@type\":\"BreadcrumbList\",\"@id\":\"https:\/\/eurytionpress.com\/en\/la-nueva-economia-digital-y-financiera-casos-innovadores-de-aplicacion-de-las-nuevas-tecnologias-globales\/#breadcrumb\",\"itemListElement\":[{\"@type\":\"ListItem\",\"position\":1,\"name\":\"Portada\",\"item\":\"https:\/\/eurytionpress.com\/en\/\"},{\"@type\":\"ListItem\",\"position\":2,\"name\":\"Libros\",\"item\":\"https:\/\/eurytionpress.com\/libros-2\/\"},{\"@type\":\"ListItem\",\"position\":3,\"name\":\"La Nueva Econom\u00eda Digital y Financiera: Casos Innovadores de Aplicaci\u00f3n de las Nuevas Tecnolog\u00edas Globales\"}]},{\"@type\":\"WebSite\",\"@id\":\"https:\/\/eurytionpress.com\/en\/#website\",\"url\":\"https:\/\/eurytionpress.com\/en\/\",\"name\":\"Eurytion Press\",\"description\":\"Editorial de libros cient\u00edficos y acad\u00e9micos\",\"publisher\":{\"@id\":\"https:\/\/eurytionpress.com\/en\/#organization\"},\"potentialAction\":[{\"@type\":\"SearchAction\",\"target\":{\"@type\":\"EntryPoint\",\"urlTemplate\":\"https:\/\/eurytionpress.com\/en\/?s={search_term_string}\"},\"query-input\":{\"@type\":\"PropertyValueSpecification\",\"valueRequired\":true,\"valueName\":\"search_term_string\"}}],\"inLanguage\":\"en-US\"},{\"@type\":\"Organization\",\"@id\":\"https:\/\/eurytionpress.com\/en\/#organization\",\"name\":\"Eurytion Press\",\"url\":\"https:\/\/eurytionpress.com\/en\/\",\"logo\":{\"@type\":\"ImageObject\",\"inLanguage\":\"en-US\",\"@id\":\"https:\/\/eurytionpress.com\/en\/#\/schema\/logo\/image\/\",\"url\":\"https:\/\/eurytionpress.com\/wp-content\/uploads\/2025\/07\/eurityon-press.png\",\"contentUrl\":\"https:\/\/eurytionpress.com\/wp-content\/uploads\/2025\/07\/eurityon-press.png\",\"width\":229,\"height\":46,\"caption\":\"Eurytion Press\"},\"image\":{\"@id\":\"https:\/\/eurytionpress.com\/en\/#\/schema\/logo\/image\/\"}}]}<\/script>\n<!-- \/ Yoast SEO plugin. -->","yoast_head_json":{"title":"La Nueva Econom\u00eda Digital y Financiera: Casos Innovadores de Aplicaci\u00f3n de las Nuevas Tecnolog\u00edas Globales - Eurytion Press","robots":{"index":"index","follow":"follow","max-snippet":"max-snippet:-1","max-image-preview":"max-image-preview:large","max-video-preview":"max-video-preview:-1"},"canonical":"https:\/\/eurytionpress.com\/en\/la-nueva-economia-digital-y-financiera-casos-innovadores-de-aplicacion-de-las-nuevas-tecnologias-globales\/","og_locale":"en_US","og_type":"article","og_title":"La Nueva Econom\u00eda Digital y Financiera: Casos Innovadores de Aplicaci\u00f3n de las Nuevas Tecnolog\u00edas Globales - Eurytion Press","og_description":"Los cambios y transformaciones que se est\u00e1n produciendo en la econom\u00eda digital y financiera con la irrupci\u00f3n de las nuevas tecnolog\u00edas emergentes tienen un impacto directo tanto en la forma de concebir los modelos de negocios como en la nueva estructuraci\u00f3n de los puestos de trabajo. En los pr\u00f3ximos a\u00f1os veremos c\u00f3mo la nueva fuerza laboral nativa digital completar\u00e1 el proceso para definir unas nuevas reglas de juego en el mercado. El\u00a0machine learning\u00a0y los datos masivos, el internet de las cosas, la tecnolog\u00eda\u00a0blockchain, las nuevas formas de organizaci\u00f3n y los nuevos canales de comunicaci\u00f3n y distribuci\u00f3n van a resultar imprescindibles para poder aplicar el cambio eficazmente en la cadena de valor. Un apartado especial merecen los aspectos ligados a las posibilidades que ofrecer\u00e1 la inteligencia artificial, que incluir\u00e1 capacidades tales como la creaci\u00f3n de modelos de simulaci\u00f3n o propensi\u00f3n a la compra, la personalizaci\u00f3n estos procesos mediante sistemas de recomendaci\u00f3n basados en tecnolog\u00edas de\u00a0machine learning, y tambi\u00e9n la interacci\u00f3n con asistentes virtuales de ayuda. En esta obra se han escogido de forma espec\u00edfica aplicaciones pr\u00e1cticas de estas tecnolog\u00edas analizando las posibilidades de la transformaci\u00f3n digital y la inteligencia artificial desde distintos \u00e1mbitos. Algunos de ellos est\u00e1n m\u00e1s ligados a la propia realidad empresarial \u2013se presenta un caso concreto referido al sector bancario y otro analizando una compa\u00f1\u00eda dedicada al \u00e1mbito de la energ\u00eda renovable\u2013, otros ofrecen la oportunidad de aplicar estas tecnolog\u00edas al conjunto de la sociedad \u2013en aspectos como la predicci\u00f3n de delitos o en la automatizaci\u00f3n a la hora de realizar tareas de reciclaje\u2013, mientras que otros se adentran en posibilidades tecnol\u00f3gicas que se podr\u00edan desarrollar a partir de estos conceptos -como mejorar la resoluci\u00f3n en im\u00e1genes de sat\u00e9lite mediante redes neuronales o realizar un procesamiento del lenguaje natural aplicado a neuroventas\u2013. Esperemos que el lector disfrute con estos trabajos y le sirvan de aliciente para poder desarrollar todas las alternativas que se nos abren en un futuro apasionante.","og_url":"https:\/\/eurytionpress.com\/en\/la-nueva-economia-digital-y-financiera-casos-innovadores-de-aplicacion-de-las-nuevas-tecnologias-globales\/","og_site_name":"Eurytion Press","og_image":[{"width":808,"height":1170,"url":"https:\/\/eurytionpress.com\/wp-content\/uploads\/2025\/07\/la-nueva-economia-cover.png","type":"image\/png"}],"twitter_card":"summary_large_image","schema":{"@context":"https:\/\/schema.org","@graph":[{"@type":"WebPage","@id":"https:\/\/eurytionpress.com\/en\/la-nueva-economia-digital-y-financiera-casos-innovadores-de-aplicacion-de-las-nuevas-tecnologias-globales\/","url":"https:\/\/eurytionpress.com\/en\/la-nueva-economia-digital-y-financiera-casos-innovadores-de-aplicacion-de-las-nuevas-tecnologias-globales\/","name":"La Nueva Econom\u00eda Digital y Financiera: Casos Innovadores de Aplicaci\u00f3n de las Nuevas Tecnolog\u00edas Globales - Eurytion Press","isPartOf":{"@id":"https:\/\/eurytionpress.com\/en\/#website"},"primaryImageOfPage":{"@id":"https:\/\/eurytionpress.com\/en\/la-nueva-economia-digital-y-financiera-casos-innovadores-de-aplicacion-de-las-nuevas-tecnologias-globales\/#primaryimage"},"image":{"@id":"https:\/\/eurytionpress.com\/en\/la-nueva-economia-digital-y-financiera-casos-innovadores-de-aplicacion-de-las-nuevas-tecnologias-globales\/#primaryimage"},"thumbnailUrl":"https:\/\/eurytionpress.com\/wp-content\/uploads\/2025\/07\/la-nueva-economia-cover.png","datePublished":"2025-07-01T12:53:50+00:00","breadcrumb":{"@id":"https:\/\/eurytionpress.com\/en\/la-nueva-economia-digital-y-financiera-casos-innovadores-de-aplicacion-de-las-nuevas-tecnologias-globales\/#breadcrumb"},"inLanguage":"en-US","potentialAction":[{"@type":"ReadAction","target":["https:\/\/eurytionpress.com\/en\/la-nueva-economia-digital-y-financiera-casos-innovadores-de-aplicacion-de-las-nuevas-tecnologias-globales\/"]}]},{"@type":"ImageObject","inLanguage":"en-US","@id":"https:\/\/eurytionpress.com\/en\/la-nueva-economia-digital-y-financiera-casos-innovadores-de-aplicacion-de-las-nuevas-tecnologias-globales\/#primaryimage","url":"https:\/\/eurytionpress.com\/wp-content\/uploads\/2025\/07\/la-nueva-economia-cover.png","contentUrl":"https:\/\/eurytionpress.com\/wp-content\/uploads\/2025\/07\/la-nueva-economia-cover.png","width":808,"height":1170},{"@type":"BreadcrumbList","@id":"https:\/\/eurytionpress.com\/en\/la-nueva-economia-digital-y-financiera-casos-innovadores-de-aplicacion-de-las-nuevas-tecnologias-globales\/#breadcrumb","itemListElement":[{"@type":"ListItem","position":1,"name":"Portada","item":"https:\/\/eurytionpress.com\/en\/"},{"@type":"ListItem","position":2,"name":"Libros","item":"https:\/\/eurytionpress.com\/libros-2\/"},{"@type":"ListItem","position":3,"name":"La Nueva Econom\u00eda Digital y Financiera: Casos Innovadores de Aplicaci\u00f3n de las Nuevas Tecnolog\u00edas Globales"}]},{"@type":"WebSite","@id":"https:\/\/eurytionpress.com\/en\/#website","url":"https:\/\/eurytionpress.com\/en\/","name":"Eurytion Press","description":"Editorial de libros cient\u00edficos y acad\u00e9micos","publisher":{"@id":"https:\/\/eurytionpress.com\/en\/#organization"},"potentialAction":[{"@type":"SearchAction","target":{"@type":"EntryPoint","urlTemplate":"https:\/\/eurytionpress.com\/en\/?s={search_term_string}"},"query-input":{"@type":"PropertyValueSpecification","valueRequired":true,"valueName":"search_term_string"}}],"inLanguage":"en-US"},{"@type":"Organization","@id":"https:\/\/eurytionpress.com\/en\/#organization","name":"Eurytion Press","url":"https:\/\/eurytionpress.com\/en\/","logo":{"@type":"ImageObject","inLanguage":"en-US","@id":"https:\/\/eurytionpress.com\/en\/#\/schema\/logo\/image\/","url":"https:\/\/eurytionpress.com\/wp-content\/uploads\/2025\/07\/eurityon-press.png","contentUrl":"https:\/\/eurytionpress.com\/wp-content\/uploads\/2025\/07\/eurityon-press.png","width":229,"height":46,"caption":"Eurytion Press"},"image":{"@id":"https:\/\/eurytionpress.com\/en\/#\/schema\/logo\/image\/"}}]}},"_links":{"self":[{"href":"https:\/\/eurytionpress.com\/en\/wp-json\/wp\/v2\/product\/23703","targetHints":{"allow":["GET"]}}],"collection":[{"href":"https:\/\/eurytionpress.com\/en\/wp-json\/wp\/v2\/product"}],"about":[{"href":"https:\/\/eurytionpress.com\/en\/wp-json\/wp\/v2\/types\/product"}],"replies":[{"embeddable":true,"href":"https:\/\/eurytionpress.com\/en\/wp-json\/wp\/v2\/comments?post=23703"}],"wp:featuredmedia":[{"embeddable":true,"href":"https:\/\/eurytionpress.com\/en\/wp-json\/wp\/v2\/media\/22452"}],"wp:attachment":[{"href":"https:\/\/eurytionpress.com\/en\/wp-json\/wp\/v2\/media?parent=23703"}],"wp:term":[{"taxonomy":"product_brand","embeddable":true,"href":"https:\/\/eurytionpress.com\/en\/wp-json\/wp\/v2\/product_brand?post=23703"},{"taxonomy":"product_cat","embeddable":true,"href":"https:\/\/eurytionpress.com\/en\/wp-json\/wp\/v2\/product_cat?post=23703"},{"taxonomy":"product_tag","embeddable":true,"href":"https:\/\/eurytionpress.com\/en\/wp-json\/wp\/v2\/product_tag?post=23703"}],"curies":[{"name":"wp","href":"https:\/\/api.w.org\/{rel}","templated":true}]}}