{"id":23704,"date":"2025-07-01T14:53:07","date_gmt":"2025-07-01T12:53:07","guid":{"rendered":"https:\/\/wpempresa.com\/eurytion\/la-fuente-q-en-la-genesis-de-los-evangelios-testimonios-primitivos-sobre-el-jesus-historico\/"},"modified":"2025-07-01T14:53:07","modified_gmt":"2025-07-01T12:53:07","slug":"la-fuente-q-en-la-genesis-de-los-evangelios-testimonios-primitivos-sobre-el-jesus-historico","status":"publish","type":"product","link":"https:\/\/eurytionpress.com\/en\/la-fuente-q-en-la-genesis-de-los-evangelios-testimonios-primitivos-sobre-el-jesus-historico\/","title":{"rendered":"La Fuente Q en la G\u00e9nesis de los Evangelios: Testimonios Primitivos sobre el Jes\u00fas Hist\u00f3rico"},"content":{"rendered":"<p>G\u00f3mez Gal\u00e1n, Jos\u00e9. La Fuente Q en la G\u00e9nesis de los Evangelios: Testimonios Primitivos sobre el Jes\u00fas Hist\u00f3rico. Badajoz: Eurytion Press, 2018.<\/p>\n","protected":false},"excerpt":{"rendered":"<p>El presente libro pertenece a la colecci\u00f3n &#8220;Estudios B\u00edblicos&#8221;. La misma constituye un compendio de investigaci\u00f3n avanzada dise\u00f1ado para catalizar el progreso en la ex\u00e9gesis y el an\u00e1lisis cr\u00edtico de los textos b\u00edblicos y su contexto hist\u00f3rico-cultural. Con un marcado \u00e9nfasis en la innovaci\u00f3n metodol\u00f3gica, esta colecci\u00f3n trasciende los enfoques hermen\u00e9uticos tradicionales al integrar, de un modo preciso e innovador, paradigmas y herramientas cuantitativas y cualitativas provenientes de diversas disciplinas cient\u00edficas tradicionalmente alejadas de los estudios b\u00edblicos y que, en varios de sus vol\u00famenes, han sido utilizadas por primera vez. Las tem\u00e1ticas abordadas en la colecci\u00f3n son \u2013dentro de una homogeneidad en cuanto a que todas presentan innovaciones metodol\u00f3gicas\u2013 variadas. Hay desde investigaciones dedicadas al estudio de fuentes hipot\u00e9ticas y misteriosas como el Documento Q (como es el caso de la obra \u201cLa Fuente Q en la G\u00e9nesis de los Evangelios\u201d), por medio de nuevos enfoques en los an\u00e1lisis filol\u00f3gicos neotestamentarios, hasta aquellas basadas en la aplicaci\u00f3n de diversas metodolog\u00edas provenientes de las ciencias de la educaci\u00f3n y empleadas para la ex\u00e9gesis de los textos del Nuevo Testamento (desarrolladas en el libro \u201cM\u00e9todos de las Ciencias de la Educaci\u00f3n en la Cr\u00edtica Neotestamentaria\u201d), lo cual no se hab\u00eda realizado antes y que ofrece resultados sumamente originales y llamativos. Tambi\u00e9n ha resultado muy innovador el uso de la cienciometr\u00eda para mapear el panorama de la investigaci\u00f3n b\u00edblica en su conjunto, tanto en \u00e1reas tem\u00e1ticas distintas (Antiguo Testamento, Nuevo Testamento, la biblioteca de Nag Hammadi, Qumr\u00e1n, arqueolog\u00eda b\u00edblica, el Jes\u00fas hist\u00f3rico, o la cr\u00edtica textual, entre otras) tal y como se aplica en la obra \u201cLa Cienciometr\u00eda como Herramienta para el An\u00e1lisis de la Investigaci\u00f3n B\u00edblica\u201d, con t\u00e9cnicas b\u00e1sicamente cuantitativas, como en combinaci\u00f3n con revisiones sistem\u00e1ticas cualitativas en las que se integran an\u00e1lisis diacr\u00f3nicos cuantitativos, con el fin de evaluar la evoluci\u00f3n de la propia disciplina b\u00edblica, como sucede en el trabajo \u201cLa Investigaci\u00f3n B\u00edblica en los \u00daltimos 75 A\u00f1os (1945-2020)\u201d. En la colecci\u00f3n hay tambi\u00e9n vol\u00famenes que, a su vez, pueden ser considerados manuales universitarios, como sucede con la obra \u201cT\u00e9cnicas y Procedimientos Cuantitativos en la Investigaci\u00f3n del Nuevo Testamento\u201d, que establece una sistematizaci\u00f3n de t\u00e9cnicas cuantitativas espec\u00edficas que reflejan un compromiso fundamental con la robustez procedimental y la b\u00fasqueda de nuevas v\u00edas heur\u00edsticas. Dirigida a investigadores y acad\u00e9micos universitarios, esta colecci\u00f3n ofrece contribuciones sustanciales que no solo iluminan aspectos concretos y novedosos de las problem\u00e1ticas abordadas, sino que asimismo promueven una reflexi\u00f3n profunda sobre los fundamentos epistemol\u00f3gicos y las pr\u00e1cticas metodol\u00f3gicas de la investigaci\u00f3n b\u00edblica contempor\u00e1nea, impulsando la interdisciplinariedad y el rigor anal\u00edtico.<\/p>\n","protected":false},"featured_media":22448,"comment_status":"closed","ping_status":"open","template":"","meta":[],"product_brand":[],"product_cat":[680],"product_tag":[],"class_list":{"0":"post-23704","1":"product","2":"type-product","3":"status-publish","4":"has-post-thumbnail","6":"product_cat-printedbook-en","8":"first","9":"instock","10":"product-type-external"},"yoast_head":"<!-- This site is optimized with the Yoast SEO plugin v25.3.1 - https:\/\/yoast.com\/wordpress\/plugins\/seo\/ -->\n<title>La Fuente Q en la G\u00e9nesis de los Evangelios: Testimonios Primitivos sobre el Jes\u00fas Hist\u00f3rico - Eurytion Press<\/title>\n<meta name=\"robots\" content=\"index, follow, max-snippet:-1, max-image-preview:large, max-video-preview:-1\" \/>\n<link rel=\"canonical\" href=\"https:\/\/eurytionpress.com\/en\/la-fuente-q-en-la-genesis-de-los-evangelios-testimonios-primitivos-sobre-el-jesus-historico\/\" \/>\n<meta property=\"og:locale\" content=\"en_US\" \/>\n<meta property=\"og:type\" content=\"article\" \/>\n<meta property=\"og:title\" content=\"La Fuente Q en la G\u00e9nesis de los Evangelios: Testimonios Primitivos sobre el Jes\u00fas Hist\u00f3rico - Eurytion Press\" \/>\n<meta property=\"og:description\" content=\"El presente libro pertenece a la colecci\u00f3n &quot;Estudios B\u00edblicos&quot;. La misma constituye un compendio de investigaci\u00f3n avanzada dise\u00f1ado para catalizar el progreso en la ex\u00e9gesis y el an\u00e1lisis cr\u00edtico de los textos b\u00edblicos y su contexto hist\u00f3rico-cultural. Con un marcado \u00e9nfasis en la innovaci\u00f3n metodol\u00f3gica, esta colecci\u00f3n trasciende los enfoques hermen\u00e9uticos tradicionales al integrar, de un modo preciso e innovador, paradigmas y herramientas cuantitativas y cualitativas provenientes de diversas disciplinas cient\u00edficas tradicionalmente alejadas de los estudios b\u00edblicos y que, en varios de sus vol\u00famenes, han sido utilizadas por primera vez. Las tem\u00e1ticas abordadas en la colecci\u00f3n son \u2013dentro de una homogeneidad en cuanto a que todas presentan innovaciones metodol\u00f3gicas\u2013 variadas. Hay desde investigaciones dedicadas al estudio de fuentes hipot\u00e9ticas y misteriosas como el Documento Q (como es el caso de la obra \u201cLa Fuente Q en la G\u00e9nesis de los Evangelios\u201d), por medio de nuevos enfoques en los an\u00e1lisis filol\u00f3gicos neotestamentarios, hasta aquellas basadas en la aplicaci\u00f3n de diversas metodolog\u00edas provenientes de las ciencias de la educaci\u00f3n y empleadas para la ex\u00e9gesis de los textos del Nuevo Testamento (desarrolladas en el libro \u201cM\u00e9todos de las Ciencias de la Educaci\u00f3n en la Cr\u00edtica Neotestamentaria\u201d), lo cual no se hab\u00eda realizado antes y que ofrece resultados sumamente originales y llamativos. Tambi\u00e9n ha resultado muy innovador el uso de la cienciometr\u00eda para mapear el panorama de la investigaci\u00f3n b\u00edblica en su conjunto, tanto en \u00e1reas tem\u00e1ticas distintas (Antiguo Testamento, Nuevo Testamento, la biblioteca de Nag Hammadi, Qumr\u00e1n, arqueolog\u00eda b\u00edblica, el Jes\u00fas hist\u00f3rico, o la cr\u00edtica textual, entre otras) tal y como se aplica en la obra \u201cLa Cienciometr\u00eda como Herramienta para el An\u00e1lisis de la Investigaci\u00f3n B\u00edblica\u201d, con t\u00e9cnicas b\u00e1sicamente cuantitativas, como en combinaci\u00f3n con revisiones sistem\u00e1ticas cualitativas en las que se integran an\u00e1lisis diacr\u00f3nicos cuantitativos, con el fin de evaluar la evoluci\u00f3n de la propia disciplina b\u00edblica, como sucede en el trabajo \u201cLa Investigaci\u00f3n B\u00edblica en los \u00daltimos 75 A\u00f1os (1945-2020)\u201d. En la colecci\u00f3n hay tambi\u00e9n vol\u00famenes que, a su vez, pueden ser considerados manuales universitarios, como sucede con la obra \u201cT\u00e9cnicas y Procedimientos Cuantitativos en la Investigaci\u00f3n del Nuevo Testamento\u201d, que establece una sistematizaci\u00f3n de t\u00e9cnicas cuantitativas espec\u00edficas que reflejan un compromiso fundamental con la robustez procedimental y la b\u00fasqueda de nuevas v\u00edas heur\u00edsticas. Dirigida a investigadores y acad\u00e9micos universitarios, esta colecci\u00f3n ofrece contribuciones sustanciales que no solo iluminan aspectos concretos y novedosos de las problem\u00e1ticas abordadas, sino que asimismo promueven una reflexi\u00f3n profunda sobre los fundamentos epistemol\u00f3gicos y las pr\u00e1cticas metodol\u00f3gicas de la investigaci\u00f3n b\u00edblica contempor\u00e1nea, impulsando la interdisciplinariedad y el rigor anal\u00edtico.\" \/>\n<meta property=\"og:url\" content=\"https:\/\/eurytionpress.com\/en\/la-fuente-q-en-la-genesis-de-los-evangelios-testimonios-primitivos-sobre-el-jesus-historico\/\" \/>\n<meta property=\"og:site_name\" content=\"Eurytion Press\" \/>\n<meta property=\"og:image\" content=\"https:\/\/eurytionpress.com\/wp-content\/uploads\/2025\/07\/la-fuente-q-cover.png\" \/>\n\t<meta property=\"og:image:width\" content=\"839\" \/>\n\t<meta property=\"og:image:height\" content=\"1170\" \/>\n\t<meta property=\"og:image:type\" content=\"image\/png\" \/>\n<meta name=\"twitter:card\" content=\"summary_large_image\" \/>\n<script type=\"application\/ld+json\" class=\"yoast-schema-graph\">{\"@context\":\"https:\/\/schema.org\",\"@graph\":[{\"@type\":\"WebPage\",\"@id\":\"https:\/\/eurytionpress.com\/en\/la-fuente-q-en-la-genesis-de-los-evangelios-testimonios-primitivos-sobre-el-jesus-historico\/\",\"url\":\"https:\/\/eurytionpress.com\/en\/la-fuente-q-en-la-genesis-de-los-evangelios-testimonios-primitivos-sobre-el-jesus-historico\/\",\"name\":\"La Fuente Q en la G\u00e9nesis de los Evangelios: Testimonios Primitivos sobre el Jes\u00fas Hist\u00f3rico - Eurytion Press\",\"isPartOf\":{\"@id\":\"https:\/\/eurytionpress.com\/en\/#website\"},\"primaryImageOfPage\":{\"@id\":\"https:\/\/eurytionpress.com\/en\/la-fuente-q-en-la-genesis-de-los-evangelios-testimonios-primitivos-sobre-el-jesus-historico\/#primaryimage\"},\"image\":{\"@id\":\"https:\/\/eurytionpress.com\/en\/la-fuente-q-en-la-genesis-de-los-evangelios-testimonios-primitivos-sobre-el-jesus-historico\/#primaryimage\"},\"thumbnailUrl\":\"https:\/\/eurytionpress.com\/wp-content\/uploads\/2025\/07\/la-fuente-q-cover.png\",\"datePublished\":\"2025-07-01T12:53:07+00:00\",\"breadcrumb\":{\"@id\":\"https:\/\/eurytionpress.com\/en\/la-fuente-q-en-la-genesis-de-los-evangelios-testimonios-primitivos-sobre-el-jesus-historico\/#breadcrumb\"},\"inLanguage\":\"en-US\",\"potentialAction\":[{\"@type\":\"ReadAction\",\"target\":[\"https:\/\/eurytionpress.com\/en\/la-fuente-q-en-la-genesis-de-los-evangelios-testimonios-primitivos-sobre-el-jesus-historico\/\"]}]},{\"@type\":\"ImageObject\",\"inLanguage\":\"en-US\",\"@id\":\"https:\/\/eurytionpress.com\/en\/la-fuente-q-en-la-genesis-de-los-evangelios-testimonios-primitivos-sobre-el-jesus-historico\/#primaryimage\",\"url\":\"https:\/\/eurytionpress.com\/wp-content\/uploads\/2025\/07\/la-fuente-q-cover.png\",\"contentUrl\":\"https:\/\/eurytionpress.com\/wp-content\/uploads\/2025\/07\/la-fuente-q-cover.png\",\"width\":839,\"height\":1170},{\"@type\":\"BreadcrumbList\",\"@id\":\"https:\/\/eurytionpress.com\/en\/la-fuente-q-en-la-genesis-de-los-evangelios-testimonios-primitivos-sobre-el-jesus-historico\/#breadcrumb\",\"itemListElement\":[{\"@type\":\"ListItem\",\"position\":1,\"name\":\"Portada\",\"item\":\"https:\/\/eurytionpress.com\/en\/\"},{\"@type\":\"ListItem\",\"position\":2,\"name\":\"Libros\",\"item\":\"https:\/\/eurytionpress.com\/libros-2\/\"},{\"@type\":\"ListItem\",\"position\":3,\"name\":\"La Fuente Q en la G\u00e9nesis de los Evangelios: Testimonios Primitivos sobre el Jes\u00fas Hist\u00f3rico\"}]},{\"@type\":\"WebSite\",\"@id\":\"https:\/\/eurytionpress.com\/en\/#website\",\"url\":\"https:\/\/eurytionpress.com\/en\/\",\"name\":\"Eurytion Press\",\"description\":\"Editorial de libros cient\u00edficos y acad\u00e9micos\",\"publisher\":{\"@id\":\"https:\/\/eurytionpress.com\/en\/#organization\"},\"potentialAction\":[{\"@type\":\"SearchAction\",\"target\":{\"@type\":\"EntryPoint\",\"urlTemplate\":\"https:\/\/eurytionpress.com\/en\/?s={search_term_string}\"},\"query-input\":{\"@type\":\"PropertyValueSpecification\",\"valueRequired\":true,\"valueName\":\"search_term_string\"}}],\"inLanguage\":\"en-US\"},{\"@type\":\"Organization\",\"@id\":\"https:\/\/eurytionpress.com\/en\/#organization\",\"name\":\"Eurytion Press\",\"url\":\"https:\/\/eurytionpress.com\/en\/\",\"logo\":{\"@type\":\"ImageObject\",\"inLanguage\":\"en-US\",\"@id\":\"https:\/\/eurytionpress.com\/en\/#\/schema\/logo\/image\/\",\"url\":\"https:\/\/eurytionpress.com\/wp-content\/uploads\/2025\/07\/eurityon-press.png\",\"contentUrl\":\"https:\/\/eurytionpress.com\/wp-content\/uploads\/2025\/07\/eurityon-press.png\",\"width\":229,\"height\":46,\"caption\":\"Eurytion Press\"},\"image\":{\"@id\":\"https:\/\/eurytionpress.com\/en\/#\/schema\/logo\/image\/\"}}]}<\/script>\n<!-- \/ Yoast SEO plugin. -->","yoast_head_json":{"title":"La Fuente Q en la G\u00e9nesis de los Evangelios: Testimonios Primitivos sobre el Jes\u00fas Hist\u00f3rico - Eurytion Press","robots":{"index":"index","follow":"follow","max-snippet":"max-snippet:-1","max-image-preview":"max-image-preview:large","max-video-preview":"max-video-preview:-1"},"canonical":"https:\/\/eurytionpress.com\/en\/la-fuente-q-en-la-genesis-de-los-evangelios-testimonios-primitivos-sobre-el-jesus-historico\/","og_locale":"en_US","og_type":"article","og_title":"La Fuente Q en la G\u00e9nesis de los Evangelios: Testimonios Primitivos sobre el Jes\u00fas Hist\u00f3rico - Eurytion Press","og_description":"El presente libro pertenece a la colecci\u00f3n \"Estudios B\u00edblicos\". La misma constituye un compendio de investigaci\u00f3n avanzada dise\u00f1ado para catalizar el progreso en la ex\u00e9gesis y el an\u00e1lisis cr\u00edtico de los textos b\u00edblicos y su contexto hist\u00f3rico-cultural. Con un marcado \u00e9nfasis en la innovaci\u00f3n metodol\u00f3gica, esta colecci\u00f3n trasciende los enfoques hermen\u00e9uticos tradicionales al integrar, de un modo preciso e innovador, paradigmas y herramientas cuantitativas y cualitativas provenientes de diversas disciplinas cient\u00edficas tradicionalmente alejadas de los estudios b\u00edblicos y que, en varios de sus vol\u00famenes, han sido utilizadas por primera vez. Las tem\u00e1ticas abordadas en la colecci\u00f3n son \u2013dentro de una homogeneidad en cuanto a que todas presentan innovaciones metodol\u00f3gicas\u2013 variadas. Hay desde investigaciones dedicadas al estudio de fuentes hipot\u00e9ticas y misteriosas como el Documento Q (como es el caso de la obra \u201cLa Fuente Q en la G\u00e9nesis de los Evangelios\u201d), por medio de nuevos enfoques en los an\u00e1lisis filol\u00f3gicos neotestamentarios, hasta aquellas basadas en la aplicaci\u00f3n de diversas metodolog\u00edas provenientes de las ciencias de la educaci\u00f3n y empleadas para la ex\u00e9gesis de los textos del Nuevo Testamento (desarrolladas en el libro \u201cM\u00e9todos de las Ciencias de la Educaci\u00f3n en la Cr\u00edtica Neotestamentaria\u201d), lo cual no se hab\u00eda realizado antes y que ofrece resultados sumamente originales y llamativos. Tambi\u00e9n ha resultado muy innovador el uso de la cienciometr\u00eda para mapear el panorama de la investigaci\u00f3n b\u00edblica en su conjunto, tanto en \u00e1reas tem\u00e1ticas distintas (Antiguo Testamento, Nuevo Testamento, la biblioteca de Nag Hammadi, Qumr\u00e1n, arqueolog\u00eda b\u00edblica, el Jes\u00fas hist\u00f3rico, o la cr\u00edtica textual, entre otras) tal y como se aplica en la obra \u201cLa Cienciometr\u00eda como Herramienta para el An\u00e1lisis de la Investigaci\u00f3n B\u00edblica\u201d, con t\u00e9cnicas b\u00e1sicamente cuantitativas, como en combinaci\u00f3n con revisiones sistem\u00e1ticas cualitativas en las que se integran an\u00e1lisis diacr\u00f3nicos cuantitativos, con el fin de evaluar la evoluci\u00f3n de la propia disciplina b\u00edblica, como sucede en el trabajo \u201cLa Investigaci\u00f3n B\u00edblica en los \u00daltimos 75 A\u00f1os (1945-2020)\u201d. En la colecci\u00f3n hay tambi\u00e9n vol\u00famenes que, a su vez, pueden ser considerados manuales universitarios, como sucede con la obra \u201cT\u00e9cnicas y Procedimientos Cuantitativos en la Investigaci\u00f3n del Nuevo Testamento\u201d, que establece una sistematizaci\u00f3n de t\u00e9cnicas cuantitativas espec\u00edficas que reflejan un compromiso fundamental con la robustez procedimental y la b\u00fasqueda de nuevas v\u00edas heur\u00edsticas. Dirigida a investigadores y acad\u00e9micos universitarios, esta colecci\u00f3n ofrece contribuciones sustanciales que no solo iluminan aspectos concretos y novedosos de las problem\u00e1ticas abordadas, sino que asimismo promueven una reflexi\u00f3n profunda sobre los fundamentos epistemol\u00f3gicos y las pr\u00e1cticas metodol\u00f3gicas de la investigaci\u00f3n b\u00edblica contempor\u00e1nea, impulsando la interdisciplinariedad y el rigor anal\u00edtico.","og_url":"https:\/\/eurytionpress.com\/en\/la-fuente-q-en-la-genesis-de-los-evangelios-testimonios-primitivos-sobre-el-jesus-historico\/","og_site_name":"Eurytion Press","og_image":[{"width":839,"height":1170,"url":"https:\/\/eurytionpress.com\/wp-content\/uploads\/2025\/07\/la-fuente-q-cover.png","type":"image\/png"}],"twitter_card":"summary_large_image","schema":{"@context":"https:\/\/schema.org","@graph":[{"@type":"WebPage","@id":"https:\/\/eurytionpress.com\/en\/la-fuente-q-en-la-genesis-de-los-evangelios-testimonios-primitivos-sobre-el-jesus-historico\/","url":"https:\/\/eurytionpress.com\/en\/la-fuente-q-en-la-genesis-de-los-evangelios-testimonios-primitivos-sobre-el-jesus-historico\/","name":"La Fuente Q en la G\u00e9nesis de los Evangelios: Testimonios Primitivos sobre el Jes\u00fas Hist\u00f3rico - Eurytion Press","isPartOf":{"@id":"https:\/\/eurytionpress.com\/en\/#website"},"primaryImageOfPage":{"@id":"https:\/\/eurytionpress.com\/en\/la-fuente-q-en-la-genesis-de-los-evangelios-testimonios-primitivos-sobre-el-jesus-historico\/#primaryimage"},"image":{"@id":"https:\/\/eurytionpress.com\/en\/la-fuente-q-en-la-genesis-de-los-evangelios-testimonios-primitivos-sobre-el-jesus-historico\/#primaryimage"},"thumbnailUrl":"https:\/\/eurytionpress.com\/wp-content\/uploads\/2025\/07\/la-fuente-q-cover.png","datePublished":"2025-07-01T12:53:07+00:00","breadcrumb":{"@id":"https:\/\/eurytionpress.com\/en\/la-fuente-q-en-la-genesis-de-los-evangelios-testimonios-primitivos-sobre-el-jesus-historico\/#breadcrumb"},"inLanguage":"en-US","potentialAction":[{"@type":"ReadAction","target":["https:\/\/eurytionpress.com\/en\/la-fuente-q-en-la-genesis-de-los-evangelios-testimonios-primitivos-sobre-el-jesus-historico\/"]}]},{"@type":"ImageObject","inLanguage":"en-US","@id":"https:\/\/eurytionpress.com\/en\/la-fuente-q-en-la-genesis-de-los-evangelios-testimonios-primitivos-sobre-el-jesus-historico\/#primaryimage","url":"https:\/\/eurytionpress.com\/wp-content\/uploads\/2025\/07\/la-fuente-q-cover.png","contentUrl":"https:\/\/eurytionpress.com\/wp-content\/uploads\/2025\/07\/la-fuente-q-cover.png","width":839,"height":1170},{"@type":"BreadcrumbList","@id":"https:\/\/eurytionpress.com\/en\/la-fuente-q-en-la-genesis-de-los-evangelios-testimonios-primitivos-sobre-el-jesus-historico\/#breadcrumb","itemListElement":[{"@type":"ListItem","position":1,"name":"Portada","item":"https:\/\/eurytionpress.com\/en\/"},{"@type":"ListItem","position":2,"name":"Libros","item":"https:\/\/eurytionpress.com\/libros-2\/"},{"@type":"ListItem","position":3,"name":"La Fuente Q en la G\u00e9nesis de los Evangelios: Testimonios Primitivos sobre el Jes\u00fas Hist\u00f3rico"}]},{"@type":"WebSite","@id":"https:\/\/eurytionpress.com\/en\/#website","url":"https:\/\/eurytionpress.com\/en\/","name":"Eurytion Press","description":"Editorial de libros cient\u00edficos y acad\u00e9micos","publisher":{"@id":"https:\/\/eurytionpress.com\/en\/#organization"},"potentialAction":[{"@type":"SearchAction","target":{"@type":"EntryPoint","urlTemplate":"https:\/\/eurytionpress.com\/en\/?s={search_term_string}"},"query-input":{"@type":"PropertyValueSpecification","valueRequired":true,"valueName":"search_term_string"}}],"inLanguage":"en-US"},{"@type":"Organization","@id":"https:\/\/eurytionpress.com\/en\/#organization","name":"Eurytion Press","url":"https:\/\/eurytionpress.com\/en\/","logo":{"@type":"ImageObject","inLanguage":"en-US","@id":"https:\/\/eurytionpress.com\/en\/#\/schema\/logo\/image\/","url":"https:\/\/eurytionpress.com\/wp-content\/uploads\/2025\/07\/eurityon-press.png","contentUrl":"https:\/\/eurytionpress.com\/wp-content\/uploads\/2025\/07\/eurityon-press.png","width":229,"height":46,"caption":"Eurytion Press"},"image":{"@id":"https:\/\/eurytionpress.com\/en\/#\/schema\/logo\/image\/"}}]}},"_links":{"self":[{"href":"https:\/\/eurytionpress.com\/en\/wp-json\/wp\/v2\/product\/23704","targetHints":{"allow":["GET"]}}],"collection":[{"href":"https:\/\/eurytionpress.com\/en\/wp-json\/wp\/v2\/product"}],"about":[{"href":"https:\/\/eurytionpress.com\/en\/wp-json\/wp\/v2\/types\/product"}],"replies":[{"embeddable":true,"href":"https:\/\/eurytionpress.com\/en\/wp-json\/wp\/v2\/comments?post=23704"}],"wp:featuredmedia":[{"embeddable":true,"href":"https:\/\/eurytionpress.com\/en\/wp-json\/wp\/v2\/media\/22448"}],"wp:attachment":[{"href":"https:\/\/eurytionpress.com\/en\/wp-json\/wp\/v2\/media?parent=23704"}],"wp:term":[{"taxonomy":"product_brand","embeddable":true,"href":"https:\/\/eurytionpress.com\/en\/wp-json\/wp\/v2\/product_brand?post=23704"},{"taxonomy":"product_cat","embeddable":true,"href":"https:\/\/eurytionpress.com\/en\/wp-json\/wp\/v2\/product_cat?post=23704"},{"taxonomy":"product_tag","embeddable":true,"href":"https:\/\/eurytionpress.com\/en\/wp-json\/wp\/v2\/product_tag?post=23704"}],"curies":[{"name":"wp","href":"https:\/\/api.w.org\/{rel}","templated":true}]}}