{"id":23705,"date":"2025-07-01T14:52:50","date_gmt":"2025-07-01T12:52:50","guid":{"rendered":"https:\/\/wpempresa.com\/eurytion\/la-esencia-de-la-materia-en-la-historia-de-las-religiones-iii-vacio-y-materia-en-el-budismo-zen-marco-fenomenologico-y-metafisico\/"},"modified":"2026-01-09T07:50:50","modified_gmt":"2026-01-09T06:50:50","slug":"vacio-y-materia-en-el-budismo-zen-marco-fenomenologico-y-metafisico","status":"publish","type":"product","link":"https:\/\/eurytionpress.com\/en\/vacio-y-materia-en-el-budismo-zen-marco-fenomenologico-y-metafisico\/","title":{"rendered":"La Esencia de la Materia en la Historia de las Religiones III. Vac\u00edo y Materia en el Budismo Zen: Marco Fenomenol\u00f3gico y Metaf\u00edsico"},"content":{"rendered":"<p>G\u00f3mez Gal\u00e1n, Jos\u00e9. La Esencia de la Materia en la Historia de las Religiones III. Vac\u00edo y Materia en el Budismo Zen: Marco Fenomenol\u00f3gico y Metaf\u00edsico. Cupey: UMET, 2017.<\/p>\n","protected":false},"excerpt":{"rendered":"<p>Esta extensa obra en tres vol\u00famenes, &#8220;La Esencia de la Materia en la Historia de las Religiones&#8221;, representa una investigaci\u00f3n comparativa y profundamente interdisciplinar, que se sit\u00faa en la intersecci\u00f3n entre la filosof\u00eda, la historia de las religiones y el di\u00e1logo con la ciencia contempor\u00e1nea. El objetivo central es llevar a cabo un an\u00e1lisis riguroso de c\u00f3mo distintas tradiciones axiales de pensamiento han conceptualizado la naturaleza fundamental de la materia y su relaci\u00f3n con la conciencia y la realidad \u00faltima, y c\u00f3mo, a pesar de haberse producido importantes influencias entre ellas, se han configurado finalmente distintos paradigmas de pensamiento en relaci\u00f3n con estos conceptos. Se han buscado las causas de este fen\u00f3meno y la importancia de converger en el conocimiento teniendo presente el caudal que emana de todas las fuentes del saber humano, desde el originado en la sabidur\u00eda de las m\u00e1s antiguas religiones hasta los descubrimientos emp\u00edricos m\u00e1s recientes de la ciencia. A trav\u00e9s de un meticuloso an\u00e1lisis de fuentes textuales primarias y contextos hist\u00f3rico-culturales espec\u00edficos, cada volumen se adentra en un marco ontol\u00f3gico distinto. El volumen I, \u201cEl Sentido de Prakriti en la Filosof\u00eda Hind\u00fa\u201c, examina e interpreta la noci\u00f3n hind\u00fa de prakriti y los gunas en el Mah\u00e3bh\u00e3r\u00e3ta y el Bhagavad Git\u00e3, textos religiosos cumbre, desvelando una sofisticada cosmolog\u00eda donde la esencia de la materialidad se vincula primordialmente a estados afectivos y espirituales, en un paradigma opuesto a las ontolog\u00edas occidentales cl\u00e1sicas. El volumen II, \u201cEl Origen de la Materia en el Pensamiento Cristiano Primitivo\u201d, indaga en las concepciones de la materia (hyl\u0113) en las primeras comunidades cristianas, trazando la compleja interacci\u00f3n entre las cosmogon\u00edas sem\u00edticas, la filosof\u00eda grecorromana y el desarrollo de doctrinas clave como la creatio ex nihilo. Por su parte, el volumen III, \u201cVac\u00edo y Materia en el Budismo Zen\u201d analiza la dial\u00e9ctica Zen budista entre vac\u00edo (\u015b\u016bnyat\u0101) y forma\/materia (r\u016bpa), explorando su marco fenomenol\u00f3gico y metaf\u00edsico no-dualista y sus implicaciones para la experiencia vivida. Colectivamente, la obra no solo ilumina la riqueza y diversidad de estas perspectivas no-occidentales (o pre-modernas occidentales, defendiendo tambi\u00e9n la influencia oriental en el pensamiento cristiano primitivo) sobre la materialidad, sino que las sit\u00faa en di\u00e1logo cr\u00edtico con debates filos\u00f3ficos y cient\u00edficos actuales \u2013desde la f\u00edsica cu\u00e1ntica y la filosof\u00eda del proceso hasta la \u00e9tica medioambiental y los estudios sobre la conciencia\u2013. Al hacerlo, &#8220;La Esencia de la Materia en la Historia de las Religiones&#8221; busca ofrecer un nuevo marco conceptual valioso para desafiar fundamentalmente los paradigmas dominantes hoy en el \u00e1mbito del pensamiento occidental, abriendo con ello nuevas v\u00edas para comprender la intrincada relaci\u00f3n entre la materia, la mente y el cosmos. Este es el primer volumen de esta importante obra.<\/p>\n","protected":false},"featured_media":22444,"comment_status":"closed","ping_status":"closed","template":"","meta":[],"product_brand":[],"product_cat":[689,925],"product_tag":[],"class_list":{"0":"post-23705","1":"product","2":"type-product","3":"status-publish","4":"has-post-thumbnail","6":"product_cat-international-en","7":"product_cat-printed-book","9":"first","10":"instock","11":"product-type-external"},"yoast_head":"<!-- This site is optimized with the Yoast SEO plugin v25.3.1 - https:\/\/yoast.com\/wordpress\/plugins\/seo\/ -->\n<title>La Esencia de la Materia en la Historia de las Religiones III. Vac\u00edo y Materia en el Budismo Zen: Marco Fenomenol\u00f3gico y Metaf\u00edsico - Eurytion Press<\/title>\n<meta name=\"robots\" content=\"index, follow, max-snippet:-1, max-image-preview:large, max-video-preview:-1\" \/>\n<link rel=\"canonical\" href=\"https:\/\/eurytionpress.com\/en\/vacio-y-materia-en-el-budismo-zen-marco-fenomenologico-y-metafisico\/\" \/>\n<meta property=\"og:locale\" content=\"en_US\" \/>\n<meta property=\"og:type\" content=\"article\" \/>\n<meta property=\"og:title\" content=\"La Esencia de la Materia en la Historia de las Religiones III. Vac\u00edo y Materia en el Budismo Zen: Marco Fenomenol\u00f3gico y Metaf\u00edsico - Eurytion Press\" \/>\n<meta property=\"og:description\" content=\"Esta extensa obra en tres vol\u00famenes, &quot;La Esencia de la Materia en la Historia de las Religiones&quot;, representa una investigaci\u00f3n comparativa y profundamente interdisciplinar, que se sit\u00faa en la intersecci\u00f3n entre la filosof\u00eda, la historia de las religiones y el di\u00e1logo con la ciencia contempor\u00e1nea. El objetivo central es llevar a cabo un an\u00e1lisis riguroso de c\u00f3mo distintas tradiciones axiales de pensamiento han conceptualizado la naturaleza fundamental de la materia y su relaci\u00f3n con la conciencia y la realidad \u00faltima, y c\u00f3mo, a pesar de haberse producido importantes influencias entre ellas, se han configurado finalmente distintos paradigmas de pensamiento en relaci\u00f3n con estos conceptos. Se han buscado las causas de este fen\u00f3meno y la importancia de converger en el conocimiento teniendo presente el caudal que emana de todas las fuentes del saber humano, desde el originado en la sabidur\u00eda de las m\u00e1s antiguas religiones hasta los descubrimientos emp\u00edricos m\u00e1s recientes de la ciencia. A trav\u00e9s de un meticuloso an\u00e1lisis de fuentes textuales primarias y contextos hist\u00f3rico-culturales espec\u00edficos, cada volumen se adentra en un marco ontol\u00f3gico distinto. El volumen I, \u201cEl Sentido de Prakriti en la Filosof\u00eda Hind\u00fa\u201c, examina e interpreta la noci\u00f3n hind\u00fa de prakriti y los gunas en el Mah\u00e3bh\u00e3r\u00e3ta y el Bhagavad Git\u00e3, textos religiosos cumbre, desvelando una sofisticada cosmolog\u00eda donde la esencia de la materialidad se vincula primordialmente a estados afectivos y espirituales, en un paradigma opuesto a las ontolog\u00edas occidentales cl\u00e1sicas. El volumen II, \u201cEl Origen de la Materia en el Pensamiento Cristiano Primitivo\u201d, indaga en las concepciones de la materia (hyl\u0113) en las primeras comunidades cristianas, trazando la compleja interacci\u00f3n entre las cosmogon\u00edas sem\u00edticas, la filosof\u00eda grecorromana y el desarrollo de doctrinas clave como la creatio ex nihilo. Por su parte, el volumen III, \u201cVac\u00edo y Materia en el Budismo Zen\u201d analiza la dial\u00e9ctica Zen budista entre vac\u00edo (\u015b\u016bnyat\u0101) y forma\/materia (r\u016bpa), explorando su marco fenomenol\u00f3gico y metaf\u00edsico no-dualista y sus implicaciones para la experiencia vivida. Colectivamente, la obra no solo ilumina la riqueza y diversidad de estas perspectivas no-occidentales (o pre-modernas occidentales, defendiendo tambi\u00e9n la influencia oriental en el pensamiento cristiano primitivo) sobre la materialidad, sino que las sit\u00faa en di\u00e1logo cr\u00edtico con debates filos\u00f3ficos y cient\u00edficos actuales \u2013desde la f\u00edsica cu\u00e1ntica y la filosof\u00eda del proceso hasta la \u00e9tica medioambiental y los estudios sobre la conciencia\u2013. Al hacerlo, &quot;La Esencia de la Materia en la Historia de las Religiones&quot; busca ofrecer un nuevo marco conceptual valioso para desafiar fundamentalmente los paradigmas dominantes hoy en el \u00e1mbito del pensamiento occidental, abriendo con ello nuevas v\u00edas para comprender la intrincada relaci\u00f3n entre la materia, la mente y el cosmos. Este es el primer volumen de esta importante obra.\" \/>\n<meta property=\"og:url\" content=\"https:\/\/eurytionpress.com\/en\/vacio-y-materia-en-el-budismo-zen-marco-fenomenologico-y-metafisico\/\" \/>\n<meta property=\"og:site_name\" content=\"Eurytion Press\" \/>\n<meta property=\"article:modified_time\" content=\"2026-01-09T06:50:50+00:00\" \/>\n<meta property=\"og:image\" content=\"https:\/\/eurytionpress.com\/wp-content\/uploads\/2025\/07\/la-esencia-de-la-materia-iii-4.png\" \/>\n\t<meta property=\"og:image:width\" content=\"835\" \/>\n\t<meta property=\"og:image:height\" content=\"1170\" \/>\n\t<meta property=\"og:image:type\" content=\"image\/png\" \/>\n<meta name=\"twitter:card\" content=\"summary_large_image\" \/>\n<script type=\"application\/ld+json\" class=\"yoast-schema-graph\">{\"@context\":\"https:\/\/schema.org\",\"@graph\":[{\"@type\":\"WebPage\",\"@id\":\"https:\/\/eurytionpress.com\/en\/vacio-y-materia-en-el-budismo-zen-marco-fenomenologico-y-metafisico\/\",\"url\":\"https:\/\/eurytionpress.com\/en\/vacio-y-materia-en-el-budismo-zen-marco-fenomenologico-y-metafisico\/\",\"name\":\"La Esencia de la Materia en la Historia de las Religiones III. Vac\u00edo y Materia en el Budismo Zen: Marco Fenomenol\u00f3gico y Metaf\u00edsico - Eurytion Press\",\"isPartOf\":{\"@id\":\"https:\/\/eurytionpress.com\/en\/#website\"},\"primaryImageOfPage\":{\"@id\":\"https:\/\/eurytionpress.com\/en\/vacio-y-materia-en-el-budismo-zen-marco-fenomenologico-y-metafisico\/#primaryimage\"},\"image\":{\"@id\":\"https:\/\/eurytionpress.com\/en\/vacio-y-materia-en-el-budismo-zen-marco-fenomenologico-y-metafisico\/#primaryimage\"},\"thumbnailUrl\":\"https:\/\/eurytionpress.com\/wp-content\/uploads\/2025\/07\/la-esencia-de-la-materia-iii-4.png\",\"datePublished\":\"2025-07-01T12:52:50+00:00\",\"dateModified\":\"2026-01-09T06:50:50+00:00\",\"breadcrumb\":{\"@id\":\"https:\/\/eurytionpress.com\/en\/vacio-y-materia-en-el-budismo-zen-marco-fenomenologico-y-metafisico\/#breadcrumb\"},\"inLanguage\":\"en-US\",\"potentialAction\":[{\"@type\":\"ReadAction\",\"target\":[\"https:\/\/eurytionpress.com\/en\/vacio-y-materia-en-el-budismo-zen-marco-fenomenologico-y-metafisico\/\"]}]},{\"@type\":\"ImageObject\",\"inLanguage\":\"en-US\",\"@id\":\"https:\/\/eurytionpress.com\/en\/vacio-y-materia-en-el-budismo-zen-marco-fenomenologico-y-metafisico\/#primaryimage\",\"url\":\"https:\/\/eurytionpress.com\/wp-content\/uploads\/2025\/07\/la-esencia-de-la-materia-iii-4.png\",\"contentUrl\":\"https:\/\/eurytionpress.com\/wp-content\/uploads\/2025\/07\/la-esencia-de-la-materia-iii-4.png\",\"width\":835,\"height\":1170},{\"@type\":\"BreadcrumbList\",\"@id\":\"https:\/\/eurytionpress.com\/en\/vacio-y-materia-en-el-budismo-zen-marco-fenomenologico-y-metafisico\/#breadcrumb\",\"itemListElement\":[{\"@type\":\"ListItem\",\"position\":1,\"name\":\"Portada\",\"item\":\"https:\/\/eurytionpress.com\/en\/\"},{\"@type\":\"ListItem\",\"position\":2,\"name\":\"Libros\",\"item\":\"https:\/\/eurytionpress.com\/libros-2\/\"},{\"@type\":\"ListItem\",\"position\":3,\"name\":\"La Esencia de la Materia en la Historia de las Religiones III. Vac\u00edo y Materia en el Budismo Zen: Marco Fenomenol\u00f3gico y Metaf\u00edsico\"}]},{\"@type\":\"WebSite\",\"@id\":\"https:\/\/eurytionpress.com\/en\/#website\",\"url\":\"https:\/\/eurytionpress.com\/en\/\",\"name\":\"Eurytion Press\",\"description\":\"Editorial de libros cient\u00edficos y acad\u00e9micos\",\"publisher\":{\"@id\":\"https:\/\/eurytionpress.com\/en\/#organization\"},\"potentialAction\":[{\"@type\":\"SearchAction\",\"target\":{\"@type\":\"EntryPoint\",\"urlTemplate\":\"https:\/\/eurytionpress.com\/en\/?s={search_term_string}\"},\"query-input\":{\"@type\":\"PropertyValueSpecification\",\"valueRequired\":true,\"valueName\":\"search_term_string\"}}],\"inLanguage\":\"en-US\"},{\"@type\":\"Organization\",\"@id\":\"https:\/\/eurytionpress.com\/en\/#organization\",\"name\":\"Eurytion Press\",\"url\":\"https:\/\/eurytionpress.com\/en\/\",\"logo\":{\"@type\":\"ImageObject\",\"inLanguage\":\"en-US\",\"@id\":\"https:\/\/eurytionpress.com\/en\/#\/schema\/logo\/image\/\",\"url\":\"https:\/\/eurytionpress.com\/wp-content\/uploads\/2025\/07\/eurityon-press.png\",\"contentUrl\":\"https:\/\/eurytionpress.com\/wp-content\/uploads\/2025\/07\/eurityon-press.png\",\"width\":229,\"height\":46,\"caption\":\"Eurytion Press\"},\"image\":{\"@id\":\"https:\/\/eurytionpress.com\/en\/#\/schema\/logo\/image\/\"}}]}<\/script>\n<!-- \/ Yoast SEO plugin. -->","yoast_head_json":{"title":"La Esencia de la Materia en la Historia de las Religiones III. Vac\u00edo y Materia en el Budismo Zen: Marco Fenomenol\u00f3gico y Metaf\u00edsico - Eurytion Press","robots":{"index":"index","follow":"follow","max-snippet":"max-snippet:-1","max-image-preview":"max-image-preview:large","max-video-preview":"max-video-preview:-1"},"canonical":"https:\/\/eurytionpress.com\/en\/vacio-y-materia-en-el-budismo-zen-marco-fenomenologico-y-metafisico\/","og_locale":"en_US","og_type":"article","og_title":"La Esencia de la Materia en la Historia de las Religiones III. Vac\u00edo y Materia en el Budismo Zen: Marco Fenomenol\u00f3gico y Metaf\u00edsico - Eurytion Press","og_description":"Esta extensa obra en tres vol\u00famenes, \"La Esencia de la Materia en la Historia de las Religiones\", representa una investigaci\u00f3n comparativa y profundamente interdisciplinar, que se sit\u00faa en la intersecci\u00f3n entre la filosof\u00eda, la historia de las religiones y el di\u00e1logo con la ciencia contempor\u00e1nea. El objetivo central es llevar a cabo un an\u00e1lisis riguroso de c\u00f3mo distintas tradiciones axiales de pensamiento han conceptualizado la naturaleza fundamental de la materia y su relaci\u00f3n con la conciencia y la realidad \u00faltima, y c\u00f3mo, a pesar de haberse producido importantes influencias entre ellas, se han configurado finalmente distintos paradigmas de pensamiento en relaci\u00f3n con estos conceptos. Se han buscado las causas de este fen\u00f3meno y la importancia de converger en el conocimiento teniendo presente el caudal que emana de todas las fuentes del saber humano, desde el originado en la sabidur\u00eda de las m\u00e1s antiguas religiones hasta los descubrimientos emp\u00edricos m\u00e1s recientes de la ciencia. A trav\u00e9s de un meticuloso an\u00e1lisis de fuentes textuales primarias y contextos hist\u00f3rico-culturales espec\u00edficos, cada volumen se adentra en un marco ontol\u00f3gico distinto. El volumen I, \u201cEl Sentido de Prakriti en la Filosof\u00eda Hind\u00fa\u201c, examina e interpreta la noci\u00f3n hind\u00fa de prakriti y los gunas en el Mah\u00e3bh\u00e3r\u00e3ta y el Bhagavad Git\u00e3, textos religiosos cumbre, desvelando una sofisticada cosmolog\u00eda donde la esencia de la materialidad se vincula primordialmente a estados afectivos y espirituales, en un paradigma opuesto a las ontolog\u00edas occidentales cl\u00e1sicas. El volumen II, \u201cEl Origen de la Materia en el Pensamiento Cristiano Primitivo\u201d, indaga en las concepciones de la materia (hyl\u0113) en las primeras comunidades cristianas, trazando la compleja interacci\u00f3n entre las cosmogon\u00edas sem\u00edticas, la filosof\u00eda grecorromana y el desarrollo de doctrinas clave como la creatio ex nihilo. Por su parte, el volumen III, \u201cVac\u00edo y Materia en el Budismo Zen\u201d analiza la dial\u00e9ctica Zen budista entre vac\u00edo (\u015b\u016bnyat\u0101) y forma\/materia (r\u016bpa), explorando su marco fenomenol\u00f3gico y metaf\u00edsico no-dualista y sus implicaciones para la experiencia vivida. Colectivamente, la obra no solo ilumina la riqueza y diversidad de estas perspectivas no-occidentales (o pre-modernas occidentales, defendiendo tambi\u00e9n la influencia oriental en el pensamiento cristiano primitivo) sobre la materialidad, sino que las sit\u00faa en di\u00e1logo cr\u00edtico con debates filos\u00f3ficos y cient\u00edficos actuales \u2013desde la f\u00edsica cu\u00e1ntica y la filosof\u00eda del proceso hasta la \u00e9tica medioambiental y los estudios sobre la conciencia\u2013. Al hacerlo, \"La Esencia de la Materia en la Historia de las Religiones\" busca ofrecer un nuevo marco conceptual valioso para desafiar fundamentalmente los paradigmas dominantes hoy en el \u00e1mbito del pensamiento occidental, abriendo con ello nuevas v\u00edas para comprender la intrincada relaci\u00f3n entre la materia, la mente y el cosmos. Este es el primer volumen de esta importante obra.","og_url":"https:\/\/eurytionpress.com\/en\/vacio-y-materia-en-el-budismo-zen-marco-fenomenologico-y-metafisico\/","og_site_name":"Eurytion Press","article_modified_time":"2026-01-09T06:50:50+00:00","og_image":[{"width":835,"height":1170,"url":"https:\/\/eurytionpress.com\/wp-content\/uploads\/2025\/07\/la-esencia-de-la-materia-iii-4.png","type":"image\/png"}],"twitter_card":"summary_large_image","schema":{"@context":"https:\/\/schema.org","@graph":[{"@type":"WebPage","@id":"https:\/\/eurytionpress.com\/en\/vacio-y-materia-en-el-budismo-zen-marco-fenomenologico-y-metafisico\/","url":"https:\/\/eurytionpress.com\/en\/vacio-y-materia-en-el-budismo-zen-marco-fenomenologico-y-metafisico\/","name":"La Esencia de la Materia en la Historia de las Religiones III. Vac\u00edo y Materia en el Budismo Zen: Marco Fenomenol\u00f3gico y Metaf\u00edsico - Eurytion Press","isPartOf":{"@id":"https:\/\/eurytionpress.com\/en\/#website"},"primaryImageOfPage":{"@id":"https:\/\/eurytionpress.com\/en\/vacio-y-materia-en-el-budismo-zen-marco-fenomenologico-y-metafisico\/#primaryimage"},"image":{"@id":"https:\/\/eurytionpress.com\/en\/vacio-y-materia-en-el-budismo-zen-marco-fenomenologico-y-metafisico\/#primaryimage"},"thumbnailUrl":"https:\/\/eurytionpress.com\/wp-content\/uploads\/2025\/07\/la-esencia-de-la-materia-iii-4.png","datePublished":"2025-07-01T12:52:50+00:00","dateModified":"2026-01-09T06:50:50+00:00","breadcrumb":{"@id":"https:\/\/eurytionpress.com\/en\/vacio-y-materia-en-el-budismo-zen-marco-fenomenologico-y-metafisico\/#breadcrumb"},"inLanguage":"en-US","potentialAction":[{"@type":"ReadAction","target":["https:\/\/eurytionpress.com\/en\/vacio-y-materia-en-el-budismo-zen-marco-fenomenologico-y-metafisico\/"]}]},{"@type":"ImageObject","inLanguage":"en-US","@id":"https:\/\/eurytionpress.com\/en\/vacio-y-materia-en-el-budismo-zen-marco-fenomenologico-y-metafisico\/#primaryimage","url":"https:\/\/eurytionpress.com\/wp-content\/uploads\/2025\/07\/la-esencia-de-la-materia-iii-4.png","contentUrl":"https:\/\/eurytionpress.com\/wp-content\/uploads\/2025\/07\/la-esencia-de-la-materia-iii-4.png","width":835,"height":1170},{"@type":"BreadcrumbList","@id":"https:\/\/eurytionpress.com\/en\/vacio-y-materia-en-el-budismo-zen-marco-fenomenologico-y-metafisico\/#breadcrumb","itemListElement":[{"@type":"ListItem","position":1,"name":"Portada","item":"https:\/\/eurytionpress.com\/en\/"},{"@type":"ListItem","position":2,"name":"Libros","item":"https:\/\/eurytionpress.com\/libros-2\/"},{"@type":"ListItem","position":3,"name":"La Esencia de la Materia en la Historia de las Religiones III. Vac\u00edo y Materia en el Budismo Zen: Marco Fenomenol\u00f3gico y Metaf\u00edsico"}]},{"@type":"WebSite","@id":"https:\/\/eurytionpress.com\/en\/#website","url":"https:\/\/eurytionpress.com\/en\/","name":"Eurytion Press","description":"Editorial de libros cient\u00edficos y acad\u00e9micos","publisher":{"@id":"https:\/\/eurytionpress.com\/en\/#organization"},"potentialAction":[{"@type":"SearchAction","target":{"@type":"EntryPoint","urlTemplate":"https:\/\/eurytionpress.com\/en\/?s={search_term_string}"},"query-input":{"@type":"PropertyValueSpecification","valueRequired":true,"valueName":"search_term_string"}}],"inLanguage":"en-US"},{"@type":"Organization","@id":"https:\/\/eurytionpress.com\/en\/#organization","name":"Eurytion Press","url":"https:\/\/eurytionpress.com\/en\/","logo":{"@type":"ImageObject","inLanguage":"en-US","@id":"https:\/\/eurytionpress.com\/en\/#\/schema\/logo\/image\/","url":"https:\/\/eurytionpress.com\/wp-content\/uploads\/2025\/07\/eurityon-press.png","contentUrl":"https:\/\/eurytionpress.com\/wp-content\/uploads\/2025\/07\/eurityon-press.png","width":229,"height":46,"caption":"Eurytion Press"},"image":{"@id":"https:\/\/eurytionpress.com\/en\/#\/schema\/logo\/image\/"}}]}},"_links":{"self":[{"href":"https:\/\/eurytionpress.com\/en\/wp-json\/wp\/v2\/product\/23705","targetHints":{"allow":["GET"]}}],"collection":[{"href":"https:\/\/eurytionpress.com\/en\/wp-json\/wp\/v2\/product"}],"about":[{"href":"https:\/\/eurytionpress.com\/en\/wp-json\/wp\/v2\/types\/product"}],"replies":[{"embeddable":true,"href":"https:\/\/eurytionpress.com\/en\/wp-json\/wp\/v2\/comments?post=23705"}],"wp:featuredmedia":[{"embeddable":true,"href":"https:\/\/eurytionpress.com\/en\/wp-json\/wp\/v2\/media\/22444"}],"wp:attachment":[{"href":"https:\/\/eurytionpress.com\/en\/wp-json\/wp\/v2\/media?parent=23705"}],"wp:term":[{"taxonomy":"product_brand","embeddable":true,"href":"https:\/\/eurytionpress.com\/en\/wp-json\/wp\/v2\/product_brand?post=23705"},{"taxonomy":"product_cat","embeddable":true,"href":"https:\/\/eurytionpress.com\/en\/wp-json\/wp\/v2\/product_cat?post=23705"},{"taxonomy":"product_tag","embeddable":true,"href":"https:\/\/eurytionpress.com\/en\/wp-json\/wp\/v2\/product_tag?post=23705"}],"curies":[{"name":"wp","href":"https:\/\/api.w.org\/{rel}","templated":true}]}}