{"id":23710,"date":"2025-07-01T14:49:15","date_gmt":"2025-07-01T12:49:15","guid":{"rendered":"https:\/\/wpempresa.com\/eurytion\/la-educacion-superior-en-el-siglo-xxi-una-reflexion-desde-y-para-el-profesorado\/"},"modified":"2025-07-01T14:49:15","modified_gmt":"2025-07-01T12:49:15","slug":"la-educacion-superior-en-el-siglo-xxi-una-reflexion-desde-y-para-el-profesorado","status":"publish","type":"product","link":"https:\/\/eurytionpress.com\/en\/la-educacion-superior-en-el-siglo-xxi-una-reflexion-desde-y-para-el-profesorado\/","title":{"rendered":"La Educaci\u00f3n Superior en el Siglo XXI: Una Reflexi\u00f3n desde y para el Profesorado"},"content":{"rendered":"<p>L\u00f3pez Meneses, Eloy, David Cobos Sanchiz, y Jos\u00e9 G\u00f3mez Gal\u00e1n. La Educaci\u00f3n Superior en el Siglo XXI: Una Reflexi\u00f3n desde y para el Profesorado. Cupey: UMET Press; Sevilla: Innovagog\u00eda, 2016.<\/p>\n","protected":false},"excerpt":{"rendered":"<p>Este importante proyecto cient\u00edfico \u201cLa Educaci\u00f3n Superior en el Siglo XXI\u201d, publicado en cinco vol\u00famenes tem\u00e1ticos, es fruto de la colaboraci\u00f3n del colectivo Innovagog\u00eda y la Universidad Metropolitana (SUAGM), resultado de un esfuerzo internacional que ha permitido reunir aportaciones acad\u00e9micas de excelencia que pueden servir como modelos de investigaci\u00f3n y reflejo de las m\u00e1s importantes problem\u00e1ticas que actualmente est\u00e1n presentes en la Educaci\u00f3n Superior. La formaci\u00f3n, la investigaci\u00f3n y la innovaci\u00f3n tecnol\u00f3gica son ejes vertebradores para la mejora de la calidad y la competitividad de un pa\u00eds, adem\u00e1s del desarrollo sostenible de la ciudadan\u00eda. Y en este contexto el mundo universitario resulta esencial para el progreso y avance de la sociedad, para mejorar las condiciones de vida y bienestar del conjunto de la poblaci\u00f3n. Desde el colectivo Innovagog\u00eda, grupo de profesionales preocupados por la innovaci\u00f3n desde su inicio en el 2011, resulta de vital importancia la implementaci\u00f3n de acciones de formaci\u00f3n para la democratizaci\u00f3n del conocimiento global y el desarrollo de la sociedad. Por su parte la Universidad Metropolitana (SUAGM) contribuye al progreso de la ciencia ofreciendo iniciativas de gran calidad acad\u00e9mica, en el contexto de su sello editorial UMET Press, poni\u00e9ndolas as\u00ed a disposici\u00f3n de la comunidad cient\u00edfica internacional. Todos los cap\u00edtulos constituyentes de esta serie ser\u00e1n de gran ayuda al lector e investigador que a ellos se acerquen. Reflejan, asimismo, la mayor\u00eda de las principales l\u00edneas de investigaci\u00f3n que, en la actualidad, se ocupan de las problem\u00e1ticas internacionales presentes en el desarrollo educativo, formativo, did\u00e1ctico y pr\u00e1ctico de los procesos de ense\u00f1anza-aprendizaje en la Educaci\u00f3n Superior. Estos vol\u00famenes muestran las m\u00e1s variadas b\u00fasquedas de respuestas a tan importantes retos, realizadas todas ellas por expertos en cada tem\u00e1tica: sus autores son cient\u00edficos educativos de primer nivel. En esencia hablamos, por tanto, de una obra de gran alcance que invita a la reflexi\u00f3n colectiva sobre la innovaci\u00f3n y la praxis educativa de la Educaci\u00f3n Superior en el siglo XXI.<\/p>\n","protected":false},"featured_media":22424,"comment_status":"closed","ping_status":"closed","template":"","meta":[],"product_brand":[],"product_cat":[924,689],"product_tag":[],"class_list":{"0":"post-23710","1":"product","2":"type-product","3":"status-publish","4":"has-post-thumbnail","6":"product_cat-digital-books","7":"product_cat-international-en","9":"first","10":"instock","11":"product-type-external"},"yoast_head":"<!-- This site is optimized with the Yoast SEO plugin v25.3.1 - https:\/\/yoast.com\/wordpress\/plugins\/seo\/ -->\n<title>La Educaci\u00f3n Superior en el Siglo XXI: Una Reflexi\u00f3n desde y para el Profesorado - Eurytion Press<\/title>\n<meta name=\"robots\" content=\"index, follow, max-snippet:-1, max-image-preview:large, max-video-preview:-1\" \/>\n<link rel=\"canonical\" href=\"https:\/\/eurytionpress.com\/en\/la-educacion-superior-en-el-siglo-xxi-una-reflexion-desde-y-para-el-profesorado\/\" \/>\n<meta property=\"og:locale\" content=\"en_US\" \/>\n<meta property=\"og:type\" content=\"article\" \/>\n<meta property=\"og:title\" content=\"La Educaci\u00f3n Superior en el Siglo XXI: Una Reflexi\u00f3n desde y para el Profesorado - Eurytion Press\" \/>\n<meta property=\"og:description\" content=\"Este importante proyecto cient\u00edfico \u201cLa Educaci\u00f3n Superior en el Siglo XXI\u201d, publicado en cinco vol\u00famenes tem\u00e1ticos, es fruto de la colaboraci\u00f3n del colectivo Innovagog\u00eda y la Universidad Metropolitana (SUAGM), resultado de un esfuerzo internacional que ha permitido reunir aportaciones acad\u00e9micas de excelencia que pueden servir como modelos de investigaci\u00f3n y reflejo de las m\u00e1s importantes problem\u00e1ticas que actualmente est\u00e1n presentes en la Educaci\u00f3n Superior. La formaci\u00f3n, la investigaci\u00f3n y la innovaci\u00f3n tecnol\u00f3gica son ejes vertebradores para la mejora de la calidad y la competitividad de un pa\u00eds, adem\u00e1s del desarrollo sostenible de la ciudadan\u00eda. Y en este contexto el mundo universitario resulta esencial para el progreso y avance de la sociedad, para mejorar las condiciones de vida y bienestar del conjunto de la poblaci\u00f3n. Desde el colectivo Innovagog\u00eda, grupo de profesionales preocupados por la innovaci\u00f3n desde su inicio en el 2011, resulta de vital importancia la implementaci\u00f3n de acciones de formaci\u00f3n para la democratizaci\u00f3n del conocimiento global y el desarrollo de la sociedad. Por su parte la Universidad Metropolitana (SUAGM) contribuye al progreso de la ciencia ofreciendo iniciativas de gran calidad acad\u00e9mica, en el contexto de su sello editorial UMET Press, poni\u00e9ndolas as\u00ed a disposici\u00f3n de la comunidad cient\u00edfica internacional. Todos los cap\u00edtulos constituyentes de esta serie ser\u00e1n de gran ayuda al lector e investigador que a ellos se acerquen. Reflejan, asimismo, la mayor\u00eda de las principales l\u00edneas de investigaci\u00f3n que, en la actualidad, se ocupan de las problem\u00e1ticas internacionales presentes en el desarrollo educativo, formativo, did\u00e1ctico y pr\u00e1ctico de los procesos de ense\u00f1anza-aprendizaje en la Educaci\u00f3n Superior. Estos vol\u00famenes muestran las m\u00e1s variadas b\u00fasquedas de respuestas a tan importantes retos, realizadas todas ellas por expertos en cada tem\u00e1tica: sus autores son cient\u00edficos educativos de primer nivel. En esencia hablamos, por tanto, de una obra de gran alcance que invita a la reflexi\u00f3n colectiva sobre la innovaci\u00f3n y la praxis educativa de la Educaci\u00f3n Superior en el siglo XXI.\" \/>\n<meta property=\"og:url\" content=\"https:\/\/eurytionpress.com\/en\/la-educacion-superior-en-el-siglo-xxi-una-reflexion-desde-y-para-el-profesorado\/\" \/>\n<meta property=\"og:site_name\" content=\"Eurytion Press\" \/>\n<meta property=\"og:image\" content=\"https:\/\/eurytionpress.com\/wp-content\/uploads\/2025\/07\/la-educacion-en-el-siglo-xxi-una-reflexion-digital-2.png\" \/>\n\t<meta property=\"og:image:width\" content=\"802\" \/>\n\t<meta property=\"og:image:height\" content=\"1170\" \/>\n\t<meta property=\"og:image:type\" content=\"image\/png\" \/>\n<meta name=\"twitter:card\" content=\"summary_large_image\" \/>\n<script type=\"application\/ld+json\" class=\"yoast-schema-graph\">{\"@context\":\"https:\/\/schema.org\",\"@graph\":[{\"@type\":\"WebPage\",\"@id\":\"https:\/\/eurytionpress.com\/en\/la-educacion-superior-en-el-siglo-xxi-una-reflexion-desde-y-para-el-profesorado\/\",\"url\":\"https:\/\/eurytionpress.com\/en\/la-educacion-superior-en-el-siglo-xxi-una-reflexion-desde-y-para-el-profesorado\/\",\"name\":\"La Educaci\u00f3n Superior en el Siglo XXI: Una Reflexi\u00f3n desde y para el Profesorado - Eurytion Press\",\"isPartOf\":{\"@id\":\"https:\/\/eurytionpress.com\/en\/#website\"},\"primaryImageOfPage\":{\"@id\":\"https:\/\/eurytionpress.com\/en\/la-educacion-superior-en-el-siglo-xxi-una-reflexion-desde-y-para-el-profesorado\/#primaryimage\"},\"image\":{\"@id\":\"https:\/\/eurytionpress.com\/en\/la-educacion-superior-en-el-siglo-xxi-una-reflexion-desde-y-para-el-profesorado\/#primaryimage\"},\"thumbnailUrl\":\"https:\/\/eurytionpress.com\/wp-content\/uploads\/2025\/07\/la-educacion-en-el-siglo-xxi-una-reflexion-digital-2.png\",\"datePublished\":\"2025-07-01T12:49:15+00:00\",\"breadcrumb\":{\"@id\":\"https:\/\/eurytionpress.com\/en\/la-educacion-superior-en-el-siglo-xxi-una-reflexion-desde-y-para-el-profesorado\/#breadcrumb\"},\"inLanguage\":\"en-US\",\"potentialAction\":[{\"@type\":\"ReadAction\",\"target\":[\"https:\/\/eurytionpress.com\/en\/la-educacion-superior-en-el-siglo-xxi-una-reflexion-desde-y-para-el-profesorado\/\"]}]},{\"@type\":\"ImageObject\",\"inLanguage\":\"en-US\",\"@id\":\"https:\/\/eurytionpress.com\/en\/la-educacion-superior-en-el-siglo-xxi-una-reflexion-desde-y-para-el-profesorado\/#primaryimage\",\"url\":\"https:\/\/eurytionpress.com\/wp-content\/uploads\/2025\/07\/la-educacion-en-el-siglo-xxi-una-reflexion-digital-2.png\",\"contentUrl\":\"https:\/\/eurytionpress.com\/wp-content\/uploads\/2025\/07\/la-educacion-en-el-siglo-xxi-una-reflexion-digital-2.png\",\"width\":802,\"height\":1170},{\"@type\":\"BreadcrumbList\",\"@id\":\"https:\/\/eurytionpress.com\/en\/la-educacion-superior-en-el-siglo-xxi-una-reflexion-desde-y-para-el-profesorado\/#breadcrumb\",\"itemListElement\":[{\"@type\":\"ListItem\",\"position\":1,\"name\":\"Portada\",\"item\":\"https:\/\/eurytionpress.com\/en\/\"},{\"@type\":\"ListItem\",\"position\":2,\"name\":\"Libros\",\"item\":\"https:\/\/eurytionpress.com\/libros-2\/\"},{\"@type\":\"ListItem\",\"position\":3,\"name\":\"La Educaci\u00f3n Superior en el Siglo XXI: Una Reflexi\u00f3n desde y para el Profesorado\"}]},{\"@type\":\"WebSite\",\"@id\":\"https:\/\/eurytionpress.com\/en\/#website\",\"url\":\"https:\/\/eurytionpress.com\/en\/\",\"name\":\"Eurytion Press\",\"description\":\"Editorial de libros cient\u00edficos y acad\u00e9micos\",\"publisher\":{\"@id\":\"https:\/\/eurytionpress.com\/en\/#organization\"},\"potentialAction\":[{\"@type\":\"SearchAction\",\"target\":{\"@type\":\"EntryPoint\",\"urlTemplate\":\"https:\/\/eurytionpress.com\/en\/?s={search_term_string}\"},\"query-input\":{\"@type\":\"PropertyValueSpecification\",\"valueRequired\":true,\"valueName\":\"search_term_string\"}}],\"inLanguage\":\"en-US\"},{\"@type\":\"Organization\",\"@id\":\"https:\/\/eurytionpress.com\/en\/#organization\",\"name\":\"Eurytion Press\",\"url\":\"https:\/\/eurytionpress.com\/en\/\",\"logo\":{\"@type\":\"ImageObject\",\"inLanguage\":\"en-US\",\"@id\":\"https:\/\/eurytionpress.com\/en\/#\/schema\/logo\/image\/\",\"url\":\"https:\/\/eurytionpress.com\/wp-content\/uploads\/2025\/07\/eurityon-press.png\",\"contentUrl\":\"https:\/\/eurytionpress.com\/wp-content\/uploads\/2025\/07\/eurityon-press.png\",\"width\":229,\"height\":46,\"caption\":\"Eurytion Press\"},\"image\":{\"@id\":\"https:\/\/eurytionpress.com\/en\/#\/schema\/logo\/image\/\"}}]}<\/script>\n<!-- \/ Yoast SEO plugin. -->","yoast_head_json":{"title":"La Educaci\u00f3n Superior en el Siglo XXI: Una Reflexi\u00f3n desde y para el Profesorado - Eurytion Press","robots":{"index":"index","follow":"follow","max-snippet":"max-snippet:-1","max-image-preview":"max-image-preview:large","max-video-preview":"max-video-preview:-1"},"canonical":"https:\/\/eurytionpress.com\/en\/la-educacion-superior-en-el-siglo-xxi-una-reflexion-desde-y-para-el-profesorado\/","og_locale":"en_US","og_type":"article","og_title":"La Educaci\u00f3n Superior en el Siglo XXI: Una Reflexi\u00f3n desde y para el Profesorado - Eurytion Press","og_description":"Este importante proyecto cient\u00edfico \u201cLa Educaci\u00f3n Superior en el Siglo XXI\u201d, publicado en cinco vol\u00famenes tem\u00e1ticos, es fruto de la colaboraci\u00f3n del colectivo Innovagog\u00eda y la Universidad Metropolitana (SUAGM), resultado de un esfuerzo internacional que ha permitido reunir aportaciones acad\u00e9micas de excelencia que pueden servir como modelos de investigaci\u00f3n y reflejo de las m\u00e1s importantes problem\u00e1ticas que actualmente est\u00e1n presentes en la Educaci\u00f3n Superior. La formaci\u00f3n, la investigaci\u00f3n y la innovaci\u00f3n tecnol\u00f3gica son ejes vertebradores para la mejora de la calidad y la competitividad de un pa\u00eds, adem\u00e1s del desarrollo sostenible de la ciudadan\u00eda. Y en este contexto el mundo universitario resulta esencial para el progreso y avance de la sociedad, para mejorar las condiciones de vida y bienestar del conjunto de la poblaci\u00f3n. Desde el colectivo Innovagog\u00eda, grupo de profesionales preocupados por la innovaci\u00f3n desde su inicio en el 2011, resulta de vital importancia la implementaci\u00f3n de acciones de formaci\u00f3n para la democratizaci\u00f3n del conocimiento global y el desarrollo de la sociedad. Por su parte la Universidad Metropolitana (SUAGM) contribuye al progreso de la ciencia ofreciendo iniciativas de gran calidad acad\u00e9mica, en el contexto de su sello editorial UMET Press, poni\u00e9ndolas as\u00ed a disposici\u00f3n de la comunidad cient\u00edfica internacional. Todos los cap\u00edtulos constituyentes de esta serie ser\u00e1n de gran ayuda al lector e investigador que a ellos se acerquen. Reflejan, asimismo, la mayor\u00eda de las principales l\u00edneas de investigaci\u00f3n que, en la actualidad, se ocupan de las problem\u00e1ticas internacionales presentes en el desarrollo educativo, formativo, did\u00e1ctico y pr\u00e1ctico de los procesos de ense\u00f1anza-aprendizaje en la Educaci\u00f3n Superior. Estos vol\u00famenes muestran las m\u00e1s variadas b\u00fasquedas de respuestas a tan importantes retos, realizadas todas ellas por expertos en cada tem\u00e1tica: sus autores son cient\u00edficos educativos de primer nivel. En esencia hablamos, por tanto, de una obra de gran alcance que invita a la reflexi\u00f3n colectiva sobre la innovaci\u00f3n y la praxis educativa de la Educaci\u00f3n Superior en el siglo XXI.","og_url":"https:\/\/eurytionpress.com\/en\/la-educacion-superior-en-el-siglo-xxi-una-reflexion-desde-y-para-el-profesorado\/","og_site_name":"Eurytion Press","og_image":[{"width":802,"height":1170,"url":"https:\/\/eurytionpress.com\/wp-content\/uploads\/2025\/07\/la-educacion-en-el-siglo-xxi-una-reflexion-digital-2.png","type":"image\/png"}],"twitter_card":"summary_large_image","schema":{"@context":"https:\/\/schema.org","@graph":[{"@type":"WebPage","@id":"https:\/\/eurytionpress.com\/en\/la-educacion-superior-en-el-siglo-xxi-una-reflexion-desde-y-para-el-profesorado\/","url":"https:\/\/eurytionpress.com\/en\/la-educacion-superior-en-el-siglo-xxi-una-reflexion-desde-y-para-el-profesorado\/","name":"La Educaci\u00f3n Superior en el Siglo XXI: Una Reflexi\u00f3n desde y para el Profesorado - Eurytion Press","isPartOf":{"@id":"https:\/\/eurytionpress.com\/en\/#website"},"primaryImageOfPage":{"@id":"https:\/\/eurytionpress.com\/en\/la-educacion-superior-en-el-siglo-xxi-una-reflexion-desde-y-para-el-profesorado\/#primaryimage"},"image":{"@id":"https:\/\/eurytionpress.com\/en\/la-educacion-superior-en-el-siglo-xxi-una-reflexion-desde-y-para-el-profesorado\/#primaryimage"},"thumbnailUrl":"https:\/\/eurytionpress.com\/wp-content\/uploads\/2025\/07\/la-educacion-en-el-siglo-xxi-una-reflexion-digital-2.png","datePublished":"2025-07-01T12:49:15+00:00","breadcrumb":{"@id":"https:\/\/eurytionpress.com\/en\/la-educacion-superior-en-el-siglo-xxi-una-reflexion-desde-y-para-el-profesorado\/#breadcrumb"},"inLanguage":"en-US","potentialAction":[{"@type":"ReadAction","target":["https:\/\/eurytionpress.com\/en\/la-educacion-superior-en-el-siglo-xxi-una-reflexion-desde-y-para-el-profesorado\/"]}]},{"@type":"ImageObject","inLanguage":"en-US","@id":"https:\/\/eurytionpress.com\/en\/la-educacion-superior-en-el-siglo-xxi-una-reflexion-desde-y-para-el-profesorado\/#primaryimage","url":"https:\/\/eurytionpress.com\/wp-content\/uploads\/2025\/07\/la-educacion-en-el-siglo-xxi-una-reflexion-digital-2.png","contentUrl":"https:\/\/eurytionpress.com\/wp-content\/uploads\/2025\/07\/la-educacion-en-el-siglo-xxi-una-reflexion-digital-2.png","width":802,"height":1170},{"@type":"BreadcrumbList","@id":"https:\/\/eurytionpress.com\/en\/la-educacion-superior-en-el-siglo-xxi-una-reflexion-desde-y-para-el-profesorado\/#breadcrumb","itemListElement":[{"@type":"ListItem","position":1,"name":"Portada","item":"https:\/\/eurytionpress.com\/en\/"},{"@type":"ListItem","position":2,"name":"Libros","item":"https:\/\/eurytionpress.com\/libros-2\/"},{"@type":"ListItem","position":3,"name":"La Educaci\u00f3n Superior en el Siglo XXI: Una Reflexi\u00f3n desde y para el Profesorado"}]},{"@type":"WebSite","@id":"https:\/\/eurytionpress.com\/en\/#website","url":"https:\/\/eurytionpress.com\/en\/","name":"Eurytion Press","description":"Editorial de libros cient\u00edficos y acad\u00e9micos","publisher":{"@id":"https:\/\/eurytionpress.com\/en\/#organization"},"potentialAction":[{"@type":"SearchAction","target":{"@type":"EntryPoint","urlTemplate":"https:\/\/eurytionpress.com\/en\/?s={search_term_string}"},"query-input":{"@type":"PropertyValueSpecification","valueRequired":true,"valueName":"search_term_string"}}],"inLanguage":"en-US"},{"@type":"Organization","@id":"https:\/\/eurytionpress.com\/en\/#organization","name":"Eurytion Press","url":"https:\/\/eurytionpress.com\/en\/","logo":{"@type":"ImageObject","inLanguage":"en-US","@id":"https:\/\/eurytionpress.com\/en\/#\/schema\/logo\/image\/","url":"https:\/\/eurytionpress.com\/wp-content\/uploads\/2025\/07\/eurityon-press.png","contentUrl":"https:\/\/eurytionpress.com\/wp-content\/uploads\/2025\/07\/eurityon-press.png","width":229,"height":46,"caption":"Eurytion Press"},"image":{"@id":"https:\/\/eurytionpress.com\/en\/#\/schema\/logo\/image\/"}}]}},"_links":{"self":[{"href":"https:\/\/eurytionpress.com\/en\/wp-json\/wp\/v2\/product\/23710","targetHints":{"allow":["GET"]}}],"collection":[{"href":"https:\/\/eurytionpress.com\/en\/wp-json\/wp\/v2\/product"}],"about":[{"href":"https:\/\/eurytionpress.com\/en\/wp-json\/wp\/v2\/types\/product"}],"replies":[{"embeddable":true,"href":"https:\/\/eurytionpress.com\/en\/wp-json\/wp\/v2\/comments?post=23710"}],"wp:featuredmedia":[{"embeddable":true,"href":"https:\/\/eurytionpress.com\/en\/wp-json\/wp\/v2\/media\/22424"}],"wp:attachment":[{"href":"https:\/\/eurytionpress.com\/en\/wp-json\/wp\/v2\/media?parent=23710"}],"wp:term":[{"taxonomy":"product_brand","embeddable":true,"href":"https:\/\/eurytionpress.com\/en\/wp-json\/wp\/v2\/product_brand?post=23710"},{"taxonomy":"product_cat","embeddable":true,"href":"https:\/\/eurytionpress.com\/en\/wp-json\/wp\/v2\/product_cat?post=23710"},{"taxonomy":"product_tag","embeddable":true,"href":"https:\/\/eurytionpress.com\/en\/wp-json\/wp\/v2\/product_tag?post=23710"}],"curies":[{"name":"wp","href":"https:\/\/api.w.org\/{rel}","templated":true}]}}