{"id":23722,"date":"2025-07-01T14:43:10","date_gmt":"2025-07-01T12:43:10","guid":{"rendered":"https:\/\/wpempresa.com\/eurytion\/innovacion-y-conocimiento-horizontes-de-investigacion-en-la-educacion-superior\/"},"modified":"2025-07-01T14:43:10","modified_gmt":"2025-07-01T12:43:10","slug":"innovacion-y-conocimiento-horizontes-de-investigacion-en-la-educacion-superior","status":"publish","type":"product","link":"https:\/\/eurytionpress.com\/en\/innovacion-y-conocimiento-horizontes-de-investigacion-en-la-educacion-superior\/","title":{"rendered":"Innovaci\u00f3n y Conocimiento: Horizontes de Investigaci\u00f3n en la Educaci\u00f3n Superior"},"content":{"rendered":"<p>Ni\u00f1o de Virtuoso, Lida, y Alfredo Rodr\u00edguez Iranzo. Innovaci\u00f3n y Conocimiento: Horizontes de Investigaci\u00f3n en la Educaci\u00f3n Superior. Badajoz: Eurytion Press, 2024.<\/p>\n","protected":false},"excerpt":{"rendered":"<p>La presente obra \u201cInnovaci\u00f3n y Conocimiento: Horizontes de Investigaci\u00f3n en la Educaci\u00f3n Superior\u201d, fruto del trabajo de muchos especialistas universitarios, ofrece una visi\u00f3n panor\u00e1mica y multidisciplinaria de la investigaci\u00f3n acad\u00e9mica actual y su di\u00e1logo con la generaci\u00f3n del conocimiento. Contempla m\u00faltiples \u00e1reas de las ciencias e ingenier\u00edas, las ciencias sociales y las humanidades, reuniendo un conjunto de estudios que, desde diversas disciplinas, abordan temas de gran relevancia para la comprensi\u00f3n y el avance de nuestro conocimiento cient\u00edfico y cultural. Los autores, destacados acad\u00e9micos en sus respectivos campos, presentan investigaciones innovadoras que abarcan desde el estudio de los yacimientos de gas y la din\u00e1mica de fluidos computacional hasta el an\u00e1lisis econ\u00f3mico, la responsabilidad social empresarial y los estudios literarios. Cada cap\u00edtulo aporta nuevas perspectivas metodol\u00f3gicas y te\u00f3ricas, contribuyendo al progreso del conocimiento en sus respectivas \u00e1reas. Los lectores encontrar\u00e1n an\u00e1lisis rigurosos basados en m\u00e9todos cient\u00edficos avanzados, nuevas interpretaciones de fen\u00f3menos sociales y econ\u00f3micos, y reflexiones profundas sobre el papel de la cultura y el pensamiento en la sociedad. La obra destaca por su enfoque interdisciplinario, combinando m\u00e9todos de investigaci\u00f3n de las ciencias naturales, sociales y human\u00edsticas. Estos variados temas se entrelazan para ofrecer una visi\u00f3n hol\u00edstica de los retos y logros presentes en el amplio espectro de la investigaci\u00f3n acad\u00e9mica contempor\u00e1nea. Este volumen no solo contribuye al debate acad\u00e9mico en m\u00faltiples campos, sino que tambi\u00e9n ofrece valiosas perspectivas para comprender mejor nuestro entorno tecnol\u00f3gico, social y cultural. Supone, en general o en cada uno de sus cap\u00edtulos, una lectura muy recomendable para estudiantes, investigadores y cient\u00edficos interesados en las m\u00faltiples facetas de la investigaci\u00f3n que se desarrolla en los \u00e1mbitos universitarios. Adem\u00e1s, al incluir contribuciones de colaboraci\u00f3n internacional, permite percibir tambi\u00e9n la importancia de potenciar la variedad y heterogeneidad de los grupos de investigaci\u00f3n, lo que puede contribuir a incrementar la relevancia de los mismos en el contexto de la comunidad cient\u00edfica. Cabe destacarse, asimismo, que esta obra puede ayudar a aquellos que est\u00e9n interesados en el dise\u00f1o de metodolog\u00edas cient\u00edficas, pues estos trabajos presentan nuevos e innovadores modelos. Hablamos en conjunto de una novedosa aportaci\u00f3n que muestra algunos de los m\u00e1s destacados horizontes de la investigaci\u00f3n en el contexto de la educaci\u00f3n superior. La cual forma parte hoy de las vanguardias del conocimiento.<\/p>\n","protected":false},"featured_media":22376,"comment_status":"closed","ping_status":"open","template":"","meta":[],"product_brand":[],"product_cat":[680],"product_tag":[],"class_list":{"0":"post-23722","1":"product","2":"type-product","3":"status-publish","4":"has-post-thumbnail","6":"product_cat-printedbook-en","8":"first","9":"instock","10":"product-type-external"},"yoast_head":"<!-- This site is optimized with the Yoast SEO plugin v25.3.1 - https:\/\/yoast.com\/wordpress\/plugins\/seo\/ -->\n<title>Innovaci\u00f3n y Conocimiento: Horizontes de Investigaci\u00f3n en la Educaci\u00f3n Superior - Eurytion Press<\/title>\n<meta name=\"robots\" content=\"index, follow, max-snippet:-1, max-image-preview:large, max-video-preview:-1\" \/>\n<link rel=\"canonical\" href=\"https:\/\/eurytionpress.com\/en\/innovacion-y-conocimiento-horizontes-de-investigacion-en-la-educacion-superior\/\" \/>\n<meta property=\"og:locale\" content=\"en_US\" \/>\n<meta property=\"og:type\" content=\"article\" \/>\n<meta property=\"og:title\" content=\"Innovaci\u00f3n y Conocimiento: Horizontes de Investigaci\u00f3n en la Educaci\u00f3n Superior - Eurytion Press\" \/>\n<meta property=\"og:description\" content=\"La presente obra \u201cInnovaci\u00f3n y Conocimiento: Horizontes de Investigaci\u00f3n en la Educaci\u00f3n Superior\u201d, fruto del trabajo de muchos especialistas universitarios, ofrece una visi\u00f3n panor\u00e1mica y multidisciplinaria de la investigaci\u00f3n acad\u00e9mica actual y su di\u00e1logo con la generaci\u00f3n del conocimiento. Contempla m\u00faltiples \u00e1reas de las ciencias e ingenier\u00edas, las ciencias sociales y las humanidades, reuniendo un conjunto de estudios que, desde diversas disciplinas, abordan temas de gran relevancia para la comprensi\u00f3n y el avance de nuestro conocimiento cient\u00edfico y cultural. Los autores, destacados acad\u00e9micos en sus respectivos campos, presentan investigaciones innovadoras que abarcan desde el estudio de los yacimientos de gas y la din\u00e1mica de fluidos computacional hasta el an\u00e1lisis econ\u00f3mico, la responsabilidad social empresarial y los estudios literarios. Cada cap\u00edtulo aporta nuevas perspectivas metodol\u00f3gicas y te\u00f3ricas, contribuyendo al progreso del conocimiento en sus respectivas \u00e1reas. Los lectores encontrar\u00e1n an\u00e1lisis rigurosos basados en m\u00e9todos cient\u00edficos avanzados, nuevas interpretaciones de fen\u00f3menos sociales y econ\u00f3micos, y reflexiones profundas sobre el papel de la cultura y el pensamiento en la sociedad. La obra destaca por su enfoque interdisciplinario, combinando m\u00e9todos de investigaci\u00f3n de las ciencias naturales, sociales y human\u00edsticas. Estos variados temas se entrelazan para ofrecer una visi\u00f3n hol\u00edstica de los retos y logros presentes en el amplio espectro de la investigaci\u00f3n acad\u00e9mica contempor\u00e1nea. Este volumen no solo contribuye al debate acad\u00e9mico en m\u00faltiples campos, sino que tambi\u00e9n ofrece valiosas perspectivas para comprender mejor nuestro entorno tecnol\u00f3gico, social y cultural. Supone, en general o en cada uno de sus cap\u00edtulos, una lectura muy recomendable para estudiantes, investigadores y cient\u00edficos interesados en las m\u00faltiples facetas de la investigaci\u00f3n que se desarrolla en los \u00e1mbitos universitarios. Adem\u00e1s, al incluir contribuciones de colaboraci\u00f3n internacional, permite percibir tambi\u00e9n la importancia de potenciar la variedad y heterogeneidad de los grupos de investigaci\u00f3n, lo que puede contribuir a incrementar la relevancia de los mismos en el contexto de la comunidad cient\u00edfica. Cabe destacarse, asimismo, que esta obra puede ayudar a aquellos que est\u00e9n interesados en el dise\u00f1o de metodolog\u00edas cient\u00edficas, pues estos trabajos presentan nuevos e innovadores modelos. Hablamos en conjunto de una novedosa aportaci\u00f3n que muestra algunos de los m\u00e1s destacados horizontes de la investigaci\u00f3n en el contexto de la educaci\u00f3n superior. La cual forma parte hoy de las vanguardias del conocimiento.\" \/>\n<meta property=\"og:url\" content=\"https:\/\/eurytionpress.com\/en\/innovacion-y-conocimiento-horizontes-de-investigacion-en-la-educacion-superior\/\" \/>\n<meta property=\"og:site_name\" content=\"Eurytion Press\" \/>\n<meta property=\"og:image\" content=\"https:\/\/eurytionpress.com\/wp-content\/uploads\/2025\/07\/innovacion-y-conocimiento-cover.png\" \/>\n\t<meta property=\"og:image:width\" content=\"789\" \/>\n\t<meta property=\"og:image:height\" content=\"1170\" \/>\n\t<meta property=\"og:image:type\" content=\"image\/png\" \/>\n<meta name=\"twitter:card\" content=\"summary_large_image\" \/>\n<script type=\"application\/ld+json\" class=\"yoast-schema-graph\">{\"@context\":\"https:\/\/schema.org\",\"@graph\":[{\"@type\":\"WebPage\",\"@id\":\"https:\/\/eurytionpress.com\/en\/innovacion-y-conocimiento-horizontes-de-investigacion-en-la-educacion-superior\/\",\"url\":\"https:\/\/eurytionpress.com\/en\/innovacion-y-conocimiento-horizontes-de-investigacion-en-la-educacion-superior\/\",\"name\":\"Innovaci\u00f3n y Conocimiento: Horizontes de Investigaci\u00f3n en la Educaci\u00f3n Superior - Eurytion Press\",\"isPartOf\":{\"@id\":\"https:\/\/eurytionpress.com\/en\/#website\"},\"primaryImageOfPage\":{\"@id\":\"https:\/\/eurytionpress.com\/en\/innovacion-y-conocimiento-horizontes-de-investigacion-en-la-educacion-superior\/#primaryimage\"},\"image\":{\"@id\":\"https:\/\/eurytionpress.com\/en\/innovacion-y-conocimiento-horizontes-de-investigacion-en-la-educacion-superior\/#primaryimage\"},\"thumbnailUrl\":\"https:\/\/eurytionpress.com\/wp-content\/uploads\/2025\/07\/innovacion-y-conocimiento-cover.png\",\"datePublished\":\"2025-07-01T12:43:10+00:00\",\"breadcrumb\":{\"@id\":\"https:\/\/eurytionpress.com\/en\/innovacion-y-conocimiento-horizontes-de-investigacion-en-la-educacion-superior\/#breadcrumb\"},\"inLanguage\":\"en-US\",\"potentialAction\":[{\"@type\":\"ReadAction\",\"target\":[\"https:\/\/eurytionpress.com\/en\/innovacion-y-conocimiento-horizontes-de-investigacion-en-la-educacion-superior\/\"]}]},{\"@type\":\"ImageObject\",\"inLanguage\":\"en-US\",\"@id\":\"https:\/\/eurytionpress.com\/en\/innovacion-y-conocimiento-horizontes-de-investigacion-en-la-educacion-superior\/#primaryimage\",\"url\":\"https:\/\/eurytionpress.com\/wp-content\/uploads\/2025\/07\/innovacion-y-conocimiento-cover.png\",\"contentUrl\":\"https:\/\/eurytionpress.com\/wp-content\/uploads\/2025\/07\/innovacion-y-conocimiento-cover.png\",\"width\":789,\"height\":1170},{\"@type\":\"BreadcrumbList\",\"@id\":\"https:\/\/eurytionpress.com\/en\/innovacion-y-conocimiento-horizontes-de-investigacion-en-la-educacion-superior\/#breadcrumb\",\"itemListElement\":[{\"@type\":\"ListItem\",\"position\":1,\"name\":\"Portada\",\"item\":\"https:\/\/eurytionpress.com\/en\/\"},{\"@type\":\"ListItem\",\"position\":2,\"name\":\"Libros\",\"item\":\"https:\/\/eurytionpress.com\/libros-2\/\"},{\"@type\":\"ListItem\",\"position\":3,\"name\":\"Innovaci\u00f3n y Conocimiento: Horizontes de Investigaci\u00f3n en la Educaci\u00f3n Superior\"}]},{\"@type\":\"WebSite\",\"@id\":\"https:\/\/eurytionpress.com\/en\/#website\",\"url\":\"https:\/\/eurytionpress.com\/en\/\",\"name\":\"Eurytion Press\",\"description\":\"Editorial de libros cient\u00edficos y acad\u00e9micos\",\"publisher\":{\"@id\":\"https:\/\/eurytionpress.com\/en\/#organization\"},\"potentialAction\":[{\"@type\":\"SearchAction\",\"target\":{\"@type\":\"EntryPoint\",\"urlTemplate\":\"https:\/\/eurytionpress.com\/en\/?s={search_term_string}\"},\"query-input\":{\"@type\":\"PropertyValueSpecification\",\"valueRequired\":true,\"valueName\":\"search_term_string\"}}],\"inLanguage\":\"en-US\"},{\"@type\":\"Organization\",\"@id\":\"https:\/\/eurytionpress.com\/en\/#organization\",\"name\":\"Eurytion Press\",\"url\":\"https:\/\/eurytionpress.com\/en\/\",\"logo\":{\"@type\":\"ImageObject\",\"inLanguage\":\"en-US\",\"@id\":\"https:\/\/eurytionpress.com\/en\/#\/schema\/logo\/image\/\",\"url\":\"https:\/\/eurytionpress.com\/wp-content\/uploads\/2025\/07\/eurityon-press.png\",\"contentUrl\":\"https:\/\/eurytionpress.com\/wp-content\/uploads\/2025\/07\/eurityon-press.png\",\"width\":229,\"height\":46,\"caption\":\"Eurytion Press\"},\"image\":{\"@id\":\"https:\/\/eurytionpress.com\/en\/#\/schema\/logo\/image\/\"}}]}<\/script>\n<!-- \/ Yoast SEO plugin. -->","yoast_head_json":{"title":"Innovaci\u00f3n y Conocimiento: Horizontes de Investigaci\u00f3n en la Educaci\u00f3n Superior - Eurytion Press","robots":{"index":"index","follow":"follow","max-snippet":"max-snippet:-1","max-image-preview":"max-image-preview:large","max-video-preview":"max-video-preview:-1"},"canonical":"https:\/\/eurytionpress.com\/en\/innovacion-y-conocimiento-horizontes-de-investigacion-en-la-educacion-superior\/","og_locale":"en_US","og_type":"article","og_title":"Innovaci\u00f3n y Conocimiento: Horizontes de Investigaci\u00f3n en la Educaci\u00f3n Superior - Eurytion Press","og_description":"La presente obra \u201cInnovaci\u00f3n y Conocimiento: Horizontes de Investigaci\u00f3n en la Educaci\u00f3n Superior\u201d, fruto del trabajo de muchos especialistas universitarios, ofrece una visi\u00f3n panor\u00e1mica y multidisciplinaria de la investigaci\u00f3n acad\u00e9mica actual y su di\u00e1logo con la generaci\u00f3n del conocimiento. Contempla m\u00faltiples \u00e1reas de las ciencias e ingenier\u00edas, las ciencias sociales y las humanidades, reuniendo un conjunto de estudios que, desde diversas disciplinas, abordan temas de gran relevancia para la comprensi\u00f3n y el avance de nuestro conocimiento cient\u00edfico y cultural. Los autores, destacados acad\u00e9micos en sus respectivos campos, presentan investigaciones innovadoras que abarcan desde el estudio de los yacimientos de gas y la din\u00e1mica de fluidos computacional hasta el an\u00e1lisis econ\u00f3mico, la responsabilidad social empresarial y los estudios literarios. Cada cap\u00edtulo aporta nuevas perspectivas metodol\u00f3gicas y te\u00f3ricas, contribuyendo al progreso del conocimiento en sus respectivas \u00e1reas. Los lectores encontrar\u00e1n an\u00e1lisis rigurosos basados en m\u00e9todos cient\u00edficos avanzados, nuevas interpretaciones de fen\u00f3menos sociales y econ\u00f3micos, y reflexiones profundas sobre el papel de la cultura y el pensamiento en la sociedad. La obra destaca por su enfoque interdisciplinario, combinando m\u00e9todos de investigaci\u00f3n de las ciencias naturales, sociales y human\u00edsticas. Estos variados temas se entrelazan para ofrecer una visi\u00f3n hol\u00edstica de los retos y logros presentes en el amplio espectro de la investigaci\u00f3n acad\u00e9mica contempor\u00e1nea. Este volumen no solo contribuye al debate acad\u00e9mico en m\u00faltiples campos, sino que tambi\u00e9n ofrece valiosas perspectivas para comprender mejor nuestro entorno tecnol\u00f3gico, social y cultural. Supone, en general o en cada uno de sus cap\u00edtulos, una lectura muy recomendable para estudiantes, investigadores y cient\u00edficos interesados en las m\u00faltiples facetas de la investigaci\u00f3n que se desarrolla en los \u00e1mbitos universitarios. Adem\u00e1s, al incluir contribuciones de colaboraci\u00f3n internacional, permite percibir tambi\u00e9n la importancia de potenciar la variedad y heterogeneidad de los grupos de investigaci\u00f3n, lo que puede contribuir a incrementar la relevancia de los mismos en el contexto de la comunidad cient\u00edfica. Cabe destacarse, asimismo, que esta obra puede ayudar a aquellos que est\u00e9n interesados en el dise\u00f1o de metodolog\u00edas cient\u00edficas, pues estos trabajos presentan nuevos e innovadores modelos. Hablamos en conjunto de una novedosa aportaci\u00f3n que muestra algunos de los m\u00e1s destacados horizontes de la investigaci\u00f3n en el contexto de la educaci\u00f3n superior. La cual forma parte hoy de las vanguardias del conocimiento.","og_url":"https:\/\/eurytionpress.com\/en\/innovacion-y-conocimiento-horizontes-de-investigacion-en-la-educacion-superior\/","og_site_name":"Eurytion Press","og_image":[{"width":789,"height":1170,"url":"https:\/\/eurytionpress.com\/wp-content\/uploads\/2025\/07\/innovacion-y-conocimiento-cover.png","type":"image\/png"}],"twitter_card":"summary_large_image","schema":{"@context":"https:\/\/schema.org","@graph":[{"@type":"WebPage","@id":"https:\/\/eurytionpress.com\/en\/innovacion-y-conocimiento-horizontes-de-investigacion-en-la-educacion-superior\/","url":"https:\/\/eurytionpress.com\/en\/innovacion-y-conocimiento-horizontes-de-investigacion-en-la-educacion-superior\/","name":"Innovaci\u00f3n y Conocimiento: Horizontes de Investigaci\u00f3n en la Educaci\u00f3n Superior - Eurytion Press","isPartOf":{"@id":"https:\/\/eurytionpress.com\/en\/#website"},"primaryImageOfPage":{"@id":"https:\/\/eurytionpress.com\/en\/innovacion-y-conocimiento-horizontes-de-investigacion-en-la-educacion-superior\/#primaryimage"},"image":{"@id":"https:\/\/eurytionpress.com\/en\/innovacion-y-conocimiento-horizontes-de-investigacion-en-la-educacion-superior\/#primaryimage"},"thumbnailUrl":"https:\/\/eurytionpress.com\/wp-content\/uploads\/2025\/07\/innovacion-y-conocimiento-cover.png","datePublished":"2025-07-01T12:43:10+00:00","breadcrumb":{"@id":"https:\/\/eurytionpress.com\/en\/innovacion-y-conocimiento-horizontes-de-investigacion-en-la-educacion-superior\/#breadcrumb"},"inLanguage":"en-US","potentialAction":[{"@type":"ReadAction","target":["https:\/\/eurytionpress.com\/en\/innovacion-y-conocimiento-horizontes-de-investigacion-en-la-educacion-superior\/"]}]},{"@type":"ImageObject","inLanguage":"en-US","@id":"https:\/\/eurytionpress.com\/en\/innovacion-y-conocimiento-horizontes-de-investigacion-en-la-educacion-superior\/#primaryimage","url":"https:\/\/eurytionpress.com\/wp-content\/uploads\/2025\/07\/innovacion-y-conocimiento-cover.png","contentUrl":"https:\/\/eurytionpress.com\/wp-content\/uploads\/2025\/07\/innovacion-y-conocimiento-cover.png","width":789,"height":1170},{"@type":"BreadcrumbList","@id":"https:\/\/eurytionpress.com\/en\/innovacion-y-conocimiento-horizontes-de-investigacion-en-la-educacion-superior\/#breadcrumb","itemListElement":[{"@type":"ListItem","position":1,"name":"Portada","item":"https:\/\/eurytionpress.com\/en\/"},{"@type":"ListItem","position":2,"name":"Libros","item":"https:\/\/eurytionpress.com\/libros-2\/"},{"@type":"ListItem","position":3,"name":"Innovaci\u00f3n y Conocimiento: Horizontes de Investigaci\u00f3n en la Educaci\u00f3n Superior"}]},{"@type":"WebSite","@id":"https:\/\/eurytionpress.com\/en\/#website","url":"https:\/\/eurytionpress.com\/en\/","name":"Eurytion Press","description":"Editorial de libros cient\u00edficos y acad\u00e9micos","publisher":{"@id":"https:\/\/eurytionpress.com\/en\/#organization"},"potentialAction":[{"@type":"SearchAction","target":{"@type":"EntryPoint","urlTemplate":"https:\/\/eurytionpress.com\/en\/?s={search_term_string}"},"query-input":{"@type":"PropertyValueSpecification","valueRequired":true,"valueName":"search_term_string"}}],"inLanguage":"en-US"},{"@type":"Organization","@id":"https:\/\/eurytionpress.com\/en\/#organization","name":"Eurytion Press","url":"https:\/\/eurytionpress.com\/en\/","logo":{"@type":"ImageObject","inLanguage":"en-US","@id":"https:\/\/eurytionpress.com\/en\/#\/schema\/logo\/image\/","url":"https:\/\/eurytionpress.com\/wp-content\/uploads\/2025\/07\/eurityon-press.png","contentUrl":"https:\/\/eurytionpress.com\/wp-content\/uploads\/2025\/07\/eurityon-press.png","width":229,"height":46,"caption":"Eurytion Press"},"image":{"@id":"https:\/\/eurytionpress.com\/en\/#\/schema\/logo\/image\/"}}]}},"_links":{"self":[{"href":"https:\/\/eurytionpress.com\/en\/wp-json\/wp\/v2\/product\/23722","targetHints":{"allow":["GET"]}}],"collection":[{"href":"https:\/\/eurytionpress.com\/en\/wp-json\/wp\/v2\/product"}],"about":[{"href":"https:\/\/eurytionpress.com\/en\/wp-json\/wp\/v2\/types\/product"}],"replies":[{"embeddable":true,"href":"https:\/\/eurytionpress.com\/en\/wp-json\/wp\/v2\/comments?post=23722"}],"wp:featuredmedia":[{"embeddable":true,"href":"https:\/\/eurytionpress.com\/en\/wp-json\/wp\/v2\/media\/22376"}],"wp:attachment":[{"href":"https:\/\/eurytionpress.com\/en\/wp-json\/wp\/v2\/media?parent=23722"}],"wp:term":[{"taxonomy":"product_brand","embeddable":true,"href":"https:\/\/eurytionpress.com\/en\/wp-json\/wp\/v2\/product_brand?post=23722"},{"taxonomy":"product_cat","embeddable":true,"href":"https:\/\/eurytionpress.com\/en\/wp-json\/wp\/v2\/product_cat?post=23722"},{"taxonomy":"product_tag","embeddable":true,"href":"https:\/\/eurytionpress.com\/en\/wp-json\/wp\/v2\/product_tag?post=23722"}],"curies":[{"name":"wp","href":"https:\/\/api.w.org\/{rel}","templated":true}]}}