{"id":23726,"date":"2025-07-01T14:41:47","date_gmt":"2025-07-01T12:41:47","guid":{"rendered":"https:\/\/wpempresa.com\/eurytion\/fraude-de-ley-tributaria-y-delito-fiscal\/"},"modified":"2025-07-01T14:41:47","modified_gmt":"2025-07-01T12:41:47","slug":"fraude-de-ley-tributaria-y-delito-fiscal","status":"publish","type":"product","link":"https:\/\/eurytionpress.com\/en\/fraude-de-ley-tributaria-y-delito-fiscal\/","title":{"rendered":"Fraude de Ley Tributaria y Delito Fiscal"},"content":{"rendered":"<p>Guti\u00e9rrez, Antonio. Fraude de Ley Tributaria y Delito Fiscal. Badajoz: Eurytion Press, 2020.<\/p>\n","protected":false},"excerpt":{"rendered":"<p>Cumplimiento tributario y fraude fiscal son dos caras de una \u00fanica realidad ineludible y fundamento jur\u00eddico \u00faltimo del sistema tributario, la capacidad econ\u00f3mica, cuya definici\u00f3n legal se recoge en el art\u00edculo 2.1 de la nueva Ley General Tributaria, Ley 58\/2003, y que ya fue elevada a la condici\u00f3n de principio constitucionalizado en el art\u00edculo 31.1 de nuestra Carta Magna. En los estudios que en el campo de la Hacienda P\u00fablica se ocupan del fraude fiscal se suele distinguir dos formas de comportamiento il\u00edcito para las que el ordenamiento jur\u00eddico prev\u00e9 distinto grado de reprochabilidad: la evasi\u00f3n pura y simple, que incluye toda confrontaci\u00f3n directa, burda y sin paliativos con la norma tributaria, y que en la generalidad de los supuestos consiste en la ocultaci\u00f3n de bases o hechos imponibles o en la indebida aplicaci\u00f3n de beneficios fiscales, y la llamada elusi\u00f3n fiscal o abuso de formas jur\u00eddicas utilizadas para beneficiarse de un trato fiscal m\u00e1s favorable s\u00f3lo pensado por el legislador para situaciones a las que se accede habitualmente de modo diverso. Para estas \u00faltimas conductas la norma tributaria prev\u00e9 como \u00fanica consecuencia la eliminaci\u00f3n de la ventaja fiscal que se pretend\u00eda consolidar, para lo cual se proceder\u00e1 a practicar la correspondiente regularizaci\u00f3n tributaria de oficio, que incluir\u00e1 la liquidaci\u00f3n de intereses de demora, quedando excluida la imposici\u00f3n de sanciones. La evasi\u00f3n, en cambio, salvo concurrencia de causa exoneratoria de responsabilidad, constituir\u00e1 infracci\u00f3n tributaria sancionable y, en su caso, delito punible. Esta diversidad de consecuencias jur\u00eddicas para conductas que presentando formas de comisi\u00f3n distintas pueden, sin embargo, responder a la voluntad de sustraer a la detracci\u00f3n tributaria capacidades econ\u00f3micas an\u00e1logas ser\u00eda la idea que da hilo argumental a las reflexiones que se vierten en este trabajo.<\/p>\n","protected":false},"featured_media":22360,"comment_status":"closed","ping_status":"open","template":"","meta":[],"product_brand":[],"product_cat":[680],"product_tag":[],"class_list":{"0":"post-23726","1":"product","2":"type-product","3":"status-publish","4":"has-post-thumbnail","6":"product_cat-printedbook-en","8":"first","9":"instock","10":"product-type-external"},"yoast_head":"<!-- This site is optimized with the Yoast SEO plugin v25.3.1 - https:\/\/yoast.com\/wordpress\/plugins\/seo\/ -->\n<title>Fraude de Ley Tributaria y Delito Fiscal - Eurytion Press<\/title>\n<meta name=\"robots\" content=\"index, follow, max-snippet:-1, max-image-preview:large, max-video-preview:-1\" \/>\n<link rel=\"canonical\" href=\"https:\/\/eurytionpress.com\/en\/fraude-de-ley-tributaria-y-delito-fiscal\/\" \/>\n<meta property=\"og:locale\" content=\"en_US\" \/>\n<meta property=\"og:type\" content=\"article\" \/>\n<meta property=\"og:title\" content=\"Fraude de Ley Tributaria y Delito Fiscal - Eurytion Press\" \/>\n<meta property=\"og:description\" content=\"Cumplimiento tributario y fraude fiscal son dos caras de una \u00fanica realidad ineludible y fundamento jur\u00eddico \u00faltimo del sistema tributario, la capacidad econ\u00f3mica, cuya definici\u00f3n legal se recoge en el art\u00edculo 2.1 de la nueva Ley General Tributaria, Ley 58\/2003, y que ya fue elevada a la condici\u00f3n de principio constitucionalizado en el art\u00edculo 31.1 de nuestra Carta Magna. En los estudios que en el campo de la Hacienda P\u00fablica se ocupan del fraude fiscal se suele distinguir dos formas de comportamiento il\u00edcito para las que el ordenamiento jur\u00eddico prev\u00e9 distinto grado de reprochabilidad: la evasi\u00f3n pura y simple, que incluye toda confrontaci\u00f3n directa, burda y sin paliativos con la norma tributaria, y que en la generalidad de los supuestos consiste en la ocultaci\u00f3n de bases o hechos imponibles o en la indebida aplicaci\u00f3n de beneficios fiscales, y la llamada elusi\u00f3n fiscal o abuso de formas jur\u00eddicas utilizadas para beneficiarse de un trato fiscal m\u00e1s favorable s\u00f3lo pensado por el legislador para situaciones a las que se accede habitualmente de modo diverso. Para estas \u00faltimas conductas la norma tributaria prev\u00e9 como \u00fanica consecuencia la eliminaci\u00f3n de la ventaja fiscal que se pretend\u00eda consolidar, para lo cual se proceder\u00e1 a practicar la correspondiente regularizaci\u00f3n tributaria de oficio, que incluir\u00e1 la liquidaci\u00f3n de intereses de demora, quedando excluida la imposici\u00f3n de sanciones. La evasi\u00f3n, en cambio, salvo concurrencia de causa exoneratoria de responsabilidad, constituir\u00e1 infracci\u00f3n tributaria sancionable y, en su caso, delito punible. Esta diversidad de consecuencias jur\u00eddicas para conductas que presentando formas de comisi\u00f3n distintas pueden, sin embargo, responder a la voluntad de sustraer a la detracci\u00f3n tributaria capacidades econ\u00f3micas an\u00e1logas ser\u00eda la idea que da hilo argumental a las reflexiones que se vierten en este trabajo.\" \/>\n<meta property=\"og:url\" content=\"https:\/\/eurytionpress.com\/en\/fraude-de-ley-tributaria-y-delito-fiscal\/\" \/>\n<meta property=\"og:site_name\" content=\"Eurytion Press\" \/>\n<meta property=\"og:image\" content=\"https:\/\/eurytionpress.com\/wp-content\/uploads\/2025\/07\/fraude-de-ley-cover.png\" \/>\n\t<meta property=\"og:image:width\" content=\"780\" \/>\n\t<meta property=\"og:image:height\" content=\"1169\" \/>\n\t<meta property=\"og:image:type\" content=\"image\/png\" \/>\n<meta name=\"twitter:card\" content=\"summary_large_image\" \/>\n<script type=\"application\/ld+json\" class=\"yoast-schema-graph\">{\"@context\":\"https:\/\/schema.org\",\"@graph\":[{\"@type\":\"WebPage\",\"@id\":\"https:\/\/eurytionpress.com\/en\/fraude-de-ley-tributaria-y-delito-fiscal\/\",\"url\":\"https:\/\/eurytionpress.com\/en\/fraude-de-ley-tributaria-y-delito-fiscal\/\",\"name\":\"Fraude de Ley Tributaria y Delito Fiscal - Eurytion Press\",\"isPartOf\":{\"@id\":\"https:\/\/eurytionpress.com\/en\/#website\"},\"primaryImageOfPage\":{\"@id\":\"https:\/\/eurytionpress.com\/en\/fraude-de-ley-tributaria-y-delito-fiscal\/#primaryimage\"},\"image\":{\"@id\":\"https:\/\/eurytionpress.com\/en\/fraude-de-ley-tributaria-y-delito-fiscal\/#primaryimage\"},\"thumbnailUrl\":\"https:\/\/eurytionpress.com\/wp-content\/uploads\/2025\/07\/fraude-de-ley-cover.png\",\"datePublished\":\"2025-07-01T12:41:47+00:00\",\"breadcrumb\":{\"@id\":\"https:\/\/eurytionpress.com\/en\/fraude-de-ley-tributaria-y-delito-fiscal\/#breadcrumb\"},\"inLanguage\":\"en-US\",\"potentialAction\":[{\"@type\":\"ReadAction\",\"target\":[\"https:\/\/eurytionpress.com\/en\/fraude-de-ley-tributaria-y-delito-fiscal\/\"]}]},{\"@type\":\"ImageObject\",\"inLanguage\":\"en-US\",\"@id\":\"https:\/\/eurytionpress.com\/en\/fraude-de-ley-tributaria-y-delito-fiscal\/#primaryimage\",\"url\":\"https:\/\/eurytionpress.com\/wp-content\/uploads\/2025\/07\/fraude-de-ley-cover.png\",\"contentUrl\":\"https:\/\/eurytionpress.com\/wp-content\/uploads\/2025\/07\/fraude-de-ley-cover.png\",\"width\":780,\"height\":1169},{\"@type\":\"BreadcrumbList\",\"@id\":\"https:\/\/eurytionpress.com\/en\/fraude-de-ley-tributaria-y-delito-fiscal\/#breadcrumb\",\"itemListElement\":[{\"@type\":\"ListItem\",\"position\":1,\"name\":\"Portada\",\"item\":\"https:\/\/eurytionpress.com\/en\/\"},{\"@type\":\"ListItem\",\"position\":2,\"name\":\"Libros\",\"item\":\"https:\/\/eurytionpress.com\/libros-2\/\"},{\"@type\":\"ListItem\",\"position\":3,\"name\":\"Fraude de Ley Tributaria y Delito Fiscal\"}]},{\"@type\":\"WebSite\",\"@id\":\"https:\/\/eurytionpress.com\/en\/#website\",\"url\":\"https:\/\/eurytionpress.com\/en\/\",\"name\":\"Eurytion Press\",\"description\":\"Editorial de libros cient\u00edficos y acad\u00e9micos\",\"publisher\":{\"@id\":\"https:\/\/eurytionpress.com\/en\/#organization\"},\"potentialAction\":[{\"@type\":\"SearchAction\",\"target\":{\"@type\":\"EntryPoint\",\"urlTemplate\":\"https:\/\/eurytionpress.com\/en\/?s={search_term_string}\"},\"query-input\":{\"@type\":\"PropertyValueSpecification\",\"valueRequired\":true,\"valueName\":\"search_term_string\"}}],\"inLanguage\":\"en-US\"},{\"@type\":\"Organization\",\"@id\":\"https:\/\/eurytionpress.com\/en\/#organization\",\"name\":\"Eurytion Press\",\"url\":\"https:\/\/eurytionpress.com\/en\/\",\"logo\":{\"@type\":\"ImageObject\",\"inLanguage\":\"en-US\",\"@id\":\"https:\/\/eurytionpress.com\/en\/#\/schema\/logo\/image\/\",\"url\":\"https:\/\/eurytionpress.com\/wp-content\/uploads\/2025\/07\/eurityon-press.png\",\"contentUrl\":\"https:\/\/eurytionpress.com\/wp-content\/uploads\/2025\/07\/eurityon-press.png\",\"width\":229,\"height\":46,\"caption\":\"Eurytion Press\"},\"image\":{\"@id\":\"https:\/\/eurytionpress.com\/en\/#\/schema\/logo\/image\/\"}}]}<\/script>\n<!-- \/ Yoast SEO plugin. -->","yoast_head_json":{"title":"Fraude de Ley Tributaria y Delito Fiscal - Eurytion Press","robots":{"index":"index","follow":"follow","max-snippet":"max-snippet:-1","max-image-preview":"max-image-preview:large","max-video-preview":"max-video-preview:-1"},"canonical":"https:\/\/eurytionpress.com\/en\/fraude-de-ley-tributaria-y-delito-fiscal\/","og_locale":"en_US","og_type":"article","og_title":"Fraude de Ley Tributaria y Delito Fiscal - Eurytion Press","og_description":"Cumplimiento tributario y fraude fiscal son dos caras de una \u00fanica realidad ineludible y fundamento jur\u00eddico \u00faltimo del sistema tributario, la capacidad econ\u00f3mica, cuya definici\u00f3n legal se recoge en el art\u00edculo 2.1 de la nueva Ley General Tributaria, Ley 58\/2003, y que ya fue elevada a la condici\u00f3n de principio constitucionalizado en el art\u00edculo 31.1 de nuestra Carta Magna. En los estudios que en el campo de la Hacienda P\u00fablica se ocupan del fraude fiscal se suele distinguir dos formas de comportamiento il\u00edcito para las que el ordenamiento jur\u00eddico prev\u00e9 distinto grado de reprochabilidad: la evasi\u00f3n pura y simple, que incluye toda confrontaci\u00f3n directa, burda y sin paliativos con la norma tributaria, y que en la generalidad de los supuestos consiste en la ocultaci\u00f3n de bases o hechos imponibles o en la indebida aplicaci\u00f3n de beneficios fiscales, y la llamada elusi\u00f3n fiscal o abuso de formas jur\u00eddicas utilizadas para beneficiarse de un trato fiscal m\u00e1s favorable s\u00f3lo pensado por el legislador para situaciones a las que se accede habitualmente de modo diverso. Para estas \u00faltimas conductas la norma tributaria prev\u00e9 como \u00fanica consecuencia la eliminaci\u00f3n de la ventaja fiscal que se pretend\u00eda consolidar, para lo cual se proceder\u00e1 a practicar la correspondiente regularizaci\u00f3n tributaria de oficio, que incluir\u00e1 la liquidaci\u00f3n de intereses de demora, quedando excluida la imposici\u00f3n de sanciones. La evasi\u00f3n, en cambio, salvo concurrencia de causa exoneratoria de responsabilidad, constituir\u00e1 infracci\u00f3n tributaria sancionable y, en su caso, delito punible. Esta diversidad de consecuencias jur\u00eddicas para conductas que presentando formas de comisi\u00f3n distintas pueden, sin embargo, responder a la voluntad de sustraer a la detracci\u00f3n tributaria capacidades econ\u00f3micas an\u00e1logas ser\u00eda la idea que da hilo argumental a las reflexiones que se vierten en este trabajo.","og_url":"https:\/\/eurytionpress.com\/en\/fraude-de-ley-tributaria-y-delito-fiscal\/","og_site_name":"Eurytion Press","og_image":[{"width":780,"height":1169,"url":"https:\/\/eurytionpress.com\/wp-content\/uploads\/2025\/07\/fraude-de-ley-cover.png","type":"image\/png"}],"twitter_card":"summary_large_image","schema":{"@context":"https:\/\/schema.org","@graph":[{"@type":"WebPage","@id":"https:\/\/eurytionpress.com\/en\/fraude-de-ley-tributaria-y-delito-fiscal\/","url":"https:\/\/eurytionpress.com\/en\/fraude-de-ley-tributaria-y-delito-fiscal\/","name":"Fraude de Ley Tributaria y Delito Fiscal - Eurytion Press","isPartOf":{"@id":"https:\/\/eurytionpress.com\/en\/#website"},"primaryImageOfPage":{"@id":"https:\/\/eurytionpress.com\/en\/fraude-de-ley-tributaria-y-delito-fiscal\/#primaryimage"},"image":{"@id":"https:\/\/eurytionpress.com\/en\/fraude-de-ley-tributaria-y-delito-fiscal\/#primaryimage"},"thumbnailUrl":"https:\/\/eurytionpress.com\/wp-content\/uploads\/2025\/07\/fraude-de-ley-cover.png","datePublished":"2025-07-01T12:41:47+00:00","breadcrumb":{"@id":"https:\/\/eurytionpress.com\/en\/fraude-de-ley-tributaria-y-delito-fiscal\/#breadcrumb"},"inLanguage":"en-US","potentialAction":[{"@type":"ReadAction","target":["https:\/\/eurytionpress.com\/en\/fraude-de-ley-tributaria-y-delito-fiscal\/"]}]},{"@type":"ImageObject","inLanguage":"en-US","@id":"https:\/\/eurytionpress.com\/en\/fraude-de-ley-tributaria-y-delito-fiscal\/#primaryimage","url":"https:\/\/eurytionpress.com\/wp-content\/uploads\/2025\/07\/fraude-de-ley-cover.png","contentUrl":"https:\/\/eurytionpress.com\/wp-content\/uploads\/2025\/07\/fraude-de-ley-cover.png","width":780,"height":1169},{"@type":"BreadcrumbList","@id":"https:\/\/eurytionpress.com\/en\/fraude-de-ley-tributaria-y-delito-fiscal\/#breadcrumb","itemListElement":[{"@type":"ListItem","position":1,"name":"Portada","item":"https:\/\/eurytionpress.com\/en\/"},{"@type":"ListItem","position":2,"name":"Libros","item":"https:\/\/eurytionpress.com\/libros-2\/"},{"@type":"ListItem","position":3,"name":"Fraude de Ley Tributaria y Delito Fiscal"}]},{"@type":"WebSite","@id":"https:\/\/eurytionpress.com\/en\/#website","url":"https:\/\/eurytionpress.com\/en\/","name":"Eurytion Press","description":"Editorial de libros cient\u00edficos y acad\u00e9micos","publisher":{"@id":"https:\/\/eurytionpress.com\/en\/#organization"},"potentialAction":[{"@type":"SearchAction","target":{"@type":"EntryPoint","urlTemplate":"https:\/\/eurytionpress.com\/en\/?s={search_term_string}"},"query-input":{"@type":"PropertyValueSpecification","valueRequired":true,"valueName":"search_term_string"}}],"inLanguage":"en-US"},{"@type":"Organization","@id":"https:\/\/eurytionpress.com\/en\/#organization","name":"Eurytion Press","url":"https:\/\/eurytionpress.com\/en\/","logo":{"@type":"ImageObject","inLanguage":"en-US","@id":"https:\/\/eurytionpress.com\/en\/#\/schema\/logo\/image\/","url":"https:\/\/eurytionpress.com\/wp-content\/uploads\/2025\/07\/eurityon-press.png","contentUrl":"https:\/\/eurytionpress.com\/wp-content\/uploads\/2025\/07\/eurityon-press.png","width":229,"height":46,"caption":"Eurytion Press"},"image":{"@id":"https:\/\/eurytionpress.com\/en\/#\/schema\/logo\/image\/"}}]}},"_links":{"self":[{"href":"https:\/\/eurytionpress.com\/en\/wp-json\/wp\/v2\/product\/23726","targetHints":{"allow":["GET"]}}],"collection":[{"href":"https:\/\/eurytionpress.com\/en\/wp-json\/wp\/v2\/product"}],"about":[{"href":"https:\/\/eurytionpress.com\/en\/wp-json\/wp\/v2\/types\/product"}],"replies":[{"embeddable":true,"href":"https:\/\/eurytionpress.com\/en\/wp-json\/wp\/v2\/comments?post=23726"}],"wp:featuredmedia":[{"embeddable":true,"href":"https:\/\/eurytionpress.com\/en\/wp-json\/wp\/v2\/media\/22360"}],"wp:attachment":[{"href":"https:\/\/eurytionpress.com\/en\/wp-json\/wp\/v2\/media?parent=23726"}],"wp:term":[{"taxonomy":"product_brand","embeddable":true,"href":"https:\/\/eurytionpress.com\/en\/wp-json\/wp\/v2\/product_brand?post=23726"},{"taxonomy":"product_cat","embeddable":true,"href":"https:\/\/eurytionpress.com\/en\/wp-json\/wp\/v2\/product_cat?post=23726"},{"taxonomy":"product_tag","embeddable":true,"href":"https:\/\/eurytionpress.com\/en\/wp-json\/wp\/v2\/product_tag?post=23726"}],"curies":[{"name":"wp","href":"https:\/\/api.w.org\/{rel}","templated":true}]}}