{"id":23727,"date":"2025-07-01T14:41:38","date_gmt":"2025-07-01T12:41:38","guid":{"rendered":"https:\/\/wpempresa.com\/eurytion\/filosofia-de-la-investigacion-educativa-la-busqueda-de-la-efectividad-cientifica\/"},"modified":"2025-07-01T14:41:38","modified_gmt":"2025-07-01T12:41:38","slug":"filosofia-de-la-investigacion-educativa-la-busqueda-de-la-efectividad-cientifica","status":"publish","type":"product","link":"https:\/\/eurytionpress.com\/en\/filosofia-de-la-investigacion-educativa-la-busqueda-de-la-efectividad-cientifica\/","title":{"rendered":"Filosof\u00eda de la Investigaci\u00f3n Educativa: La B\u00fasqueda de la Efectividad Cient\u00edfica"},"content":{"rendered":"<p>Ponce, Omar \u0391., Jos\u00e9 G\u00f3mez Gal\u00e1n, y Linette Claudio Chaves. Filosof\u00eda de la Investigaci\u00f3n Educativa: La B\u00fasqueda de la Efectividad Cient\u00edfica. Badajoz: Eurytion Press, 2020.<\/p>\n","protected":false},"excerpt":{"rendered":"<p>La aspiraci\u00f3n de la investigaci\u00f3n educativa es mejorar la educaci\u00f3n y hacerla una profesi\u00f3n efectiva y de calidad. En este sentido, una investigaci\u00f3n educativa cient\u00edfica tiende a conceptualizarse como el ejercicio sistem\u00e1tico y riguroso de recopilaci\u00f3n, an\u00e1lisis e interpretaci\u00f3n de datos sobre un problema de la educaci\u00f3n. Esta actividad es hoy el coraz\u00f3n de toda metodolog\u00eda cient\u00edfica aplicada a lo educativo. Pero, en este momento hist\u00f3rico en el desarrollo de la investigaci\u00f3n educativa, resulta imperante una discusi\u00f3n al respecto. Desde principios del presente siglo, en la misma medida que la evidencia empez\u00f3 a adoptar un rol primordial en la investigaci\u00f3n educativa apoyada institucionalmente, este hecho tuvo un importante impacto en la formulaci\u00f3n de pol\u00edticas educativas. Se hace necesario, por tanto, entender el rol y los efectos del dise\u00f1o de investigaci\u00f3n para generar datos, adem\u00e1s de conocer las consecuencias que esto est\u00e1 produciendo. \u00bfEs la base de lo que necesita hoy la educaci\u00f3n? \u00bfEs el mejor camino para su mejora? La posibilidad de una pr\u00e1ctica basada en evidencias captur\u00f3 la imaginaci\u00f3n de muchos pol\u00edticos e investigadores. Como consecuencia, se hacen preguntas complejas y dif\u00edciles sobre los dise\u00f1os de investigaci\u00f3n. Por ejemplo, \u00bfcu\u00e1l es la esencia del saber que abraza este dise\u00f1o? Esta cuesti\u00f3n es distinta a las preguntas del pasado acerca de si podemos creer en los hallazgos de un determinado estudio. El debate con el dise\u00f1o de investigaci\u00f3n, en estas primeras d\u00e9cadas del siglo, es la reflexi\u00f3n sincera sobre las pr\u00e1cticas de investigaci\u00f3n, los m\u00e9todos que se utilizan y las teor\u00edas que se generan. Y en la base de todo ello estar\u00eda en la validez de los datos. El mundo pol\u00edtico busca estudios que pongan a prueba teor\u00edas y que confronten la realidad educativa para mejorarla, pero los investigadores educativos desean generar las evidencias para guiar la pr\u00e1ctica en las escuelas. En este libro se presentan siete ensayos cr\u00edticos sobre la efectividad metodol\u00f3gica actual de la investigaci\u00f3n educativa. Nuestro objetivo no es prescribir modelos f\u00e9rreos, en modo alguno, sino provocar la reflexi\u00f3n que debe producirse entre los investigadores sobre las metodolog\u00edas que utilizamos para investigar. La presente obra completamente lo abordado en el libro &#8220;Filosof\u00eda de la Investigaci\u00f3n Educativa: Evoluciones Metodol\u00f3gicas&#8221;, publicado tambi\u00e9n por esta editorial, y en el que era presentada una detallada evoluci\u00f3n de la investigaci\u00f3n educativa desde sus or\u00edgenes hasta hoy. Ambas aportaciones constituyen, en su conjunto, un manual imprescindible para el conocimiento de lo que, en el momento presente, supone y debe aportar toda investigaci\u00f3n educativa de calidad. E invitar a reflexionar al respecto.<\/p>\n","protected":false},"featured_media":23275,"comment_status":"closed","ping_status":"closed","template":"","meta":[],"product_brand":[],"product_cat":[680],"product_tag":[],"class_list":{"0":"post-23727","1":"product","2":"type-product","3":"status-publish","4":"has-post-thumbnail","6":"product_cat-printedbook-en","8":"first","9":"instock","10":"product-type-external"},"yoast_head":"<!-- This site is optimized with the Yoast SEO plugin v25.3.1 - https:\/\/yoast.com\/wordpress\/plugins\/seo\/ -->\n<title>Filosof\u00eda de la Investigaci\u00f3n Educativa: La B\u00fasqueda de la Efectividad Cient\u00edfica - Eurytion Press<\/title>\n<meta name=\"robots\" content=\"index, follow, max-snippet:-1, max-image-preview:large, max-video-preview:-1\" \/>\n<link rel=\"canonical\" href=\"https:\/\/eurytionpress.com\/en\/filosofia-de-la-investigacion-educativa-la-busqueda-de-la-efectividad-cientifica\/\" \/>\n<meta property=\"og:locale\" content=\"en_US\" \/>\n<meta property=\"og:type\" content=\"article\" \/>\n<meta property=\"og:title\" content=\"Filosof\u00eda de la Investigaci\u00f3n Educativa: La B\u00fasqueda de la Efectividad Cient\u00edfica - Eurytion Press\" \/>\n<meta property=\"og:description\" content=\"La aspiraci\u00f3n de la investigaci\u00f3n educativa es mejorar la educaci\u00f3n y hacerla una profesi\u00f3n efectiva y de calidad. En este sentido, una investigaci\u00f3n educativa cient\u00edfica tiende a conceptualizarse como el ejercicio sistem\u00e1tico y riguroso de recopilaci\u00f3n, an\u00e1lisis e interpretaci\u00f3n de datos sobre un problema de la educaci\u00f3n. Esta actividad es hoy el coraz\u00f3n de toda metodolog\u00eda cient\u00edfica aplicada a lo educativo. Pero, en este momento hist\u00f3rico en el desarrollo de la investigaci\u00f3n educativa, resulta imperante una discusi\u00f3n al respecto. Desde principios del presente siglo, en la misma medida que la evidencia empez\u00f3 a adoptar un rol primordial en la investigaci\u00f3n educativa apoyada institucionalmente, este hecho tuvo un importante impacto en la formulaci\u00f3n de pol\u00edticas educativas. Se hace necesario, por tanto, entender el rol y los efectos del dise\u00f1o de investigaci\u00f3n para generar datos, adem\u00e1s de conocer las consecuencias que esto est\u00e1 produciendo. \u00bfEs la base de lo que necesita hoy la educaci\u00f3n? \u00bfEs el mejor camino para su mejora? La posibilidad de una pr\u00e1ctica basada en evidencias captur\u00f3 la imaginaci\u00f3n de muchos pol\u00edticos e investigadores. Como consecuencia, se hacen preguntas complejas y dif\u00edciles sobre los dise\u00f1os de investigaci\u00f3n. Por ejemplo, \u00bfcu\u00e1l es la esencia del saber que abraza este dise\u00f1o? Esta cuesti\u00f3n es distinta a las preguntas del pasado acerca de si podemos creer en los hallazgos de un determinado estudio. El debate con el dise\u00f1o de investigaci\u00f3n, en estas primeras d\u00e9cadas del siglo, es la reflexi\u00f3n sincera sobre las pr\u00e1cticas de investigaci\u00f3n, los m\u00e9todos que se utilizan y las teor\u00edas que se generan. Y en la base de todo ello estar\u00eda en la validez de los datos. El mundo pol\u00edtico busca estudios que pongan a prueba teor\u00edas y que confronten la realidad educativa para mejorarla, pero los investigadores educativos desean generar las evidencias para guiar la pr\u00e1ctica en las escuelas. En este libro se presentan siete ensayos cr\u00edticos sobre la efectividad metodol\u00f3gica actual de la investigaci\u00f3n educativa. Nuestro objetivo no es prescribir modelos f\u00e9rreos, en modo alguno, sino provocar la reflexi\u00f3n que debe producirse entre los investigadores sobre las metodolog\u00edas que utilizamos para investigar. La presente obra completamente lo abordado en el libro &quot;Filosof\u00eda de la Investigaci\u00f3n Educativa: Evoluciones Metodol\u00f3gicas&quot;, publicado tambi\u00e9n por esta editorial, y en el que era presentada una detallada evoluci\u00f3n de la investigaci\u00f3n educativa desde sus or\u00edgenes hasta hoy. Ambas aportaciones constituyen, en su conjunto, un manual imprescindible para el conocimiento de lo que, en el momento presente, supone y debe aportar toda investigaci\u00f3n educativa de calidad. E invitar a reflexionar al respecto.\" \/>\n<meta property=\"og:url\" content=\"https:\/\/eurytionpress.com\/en\/filosofia-de-la-investigacion-educativa-la-busqueda-de-la-efectividad-cientifica\/\" \/>\n<meta property=\"og:site_name\" content=\"Eurytion Press\" \/>\n<meta property=\"og:image\" content=\"https:\/\/eurytionpress.com\/wp-content\/uploads\/2025\/07\/Filosofia-de-la-Investigacion-Educativa-La-Busqueda-Cover.png\" \/>\n\t<meta property=\"og:image:width\" content=\"777\" \/>\n\t<meta property=\"og:image:height\" content=\"1169\" \/>\n\t<meta property=\"og:image:type\" content=\"image\/png\" \/>\n<meta name=\"twitter:card\" content=\"summary_large_image\" \/>\n<meta name=\"twitter:label1\" content=\"Est. reading time\" \/>\n\t<meta name=\"twitter:data1\" content=\"1 minute\" \/>\n<script type=\"application\/ld+json\" class=\"yoast-schema-graph\">{\"@context\":\"https:\/\/schema.org\",\"@graph\":[{\"@type\":\"WebPage\",\"@id\":\"https:\/\/eurytionpress.com\/en\/filosofia-de-la-investigacion-educativa-la-busqueda-de-la-efectividad-cientifica\/\",\"url\":\"https:\/\/eurytionpress.com\/en\/filosofia-de-la-investigacion-educativa-la-busqueda-de-la-efectividad-cientifica\/\",\"name\":\"Filosof\u00eda de la Investigaci\u00f3n Educativa: La B\u00fasqueda de la Efectividad Cient\u00edfica - Eurytion Press\",\"isPartOf\":{\"@id\":\"https:\/\/eurytionpress.com\/en\/#website\"},\"primaryImageOfPage\":{\"@id\":\"https:\/\/eurytionpress.com\/en\/filosofia-de-la-investigacion-educativa-la-busqueda-de-la-efectividad-cientifica\/#primaryimage\"},\"image\":{\"@id\":\"https:\/\/eurytionpress.com\/en\/filosofia-de-la-investigacion-educativa-la-busqueda-de-la-efectividad-cientifica\/#primaryimage\"},\"thumbnailUrl\":\"https:\/\/eurytionpress.com\/wp-content\/uploads\/2025\/07\/Filosofia-de-la-Investigacion-Educativa-La-Busqueda-Cover.png\",\"datePublished\":\"2025-07-01T12:41:38+00:00\",\"breadcrumb\":{\"@id\":\"https:\/\/eurytionpress.com\/en\/filosofia-de-la-investigacion-educativa-la-busqueda-de-la-efectividad-cientifica\/#breadcrumb\"},\"inLanguage\":\"en-US\",\"potentialAction\":[{\"@type\":\"ReadAction\",\"target\":[\"https:\/\/eurytionpress.com\/en\/filosofia-de-la-investigacion-educativa-la-busqueda-de-la-efectividad-cientifica\/\"]}]},{\"@type\":\"ImageObject\",\"inLanguage\":\"en-US\",\"@id\":\"https:\/\/eurytionpress.com\/en\/filosofia-de-la-investigacion-educativa-la-busqueda-de-la-efectividad-cientifica\/#primaryimage\",\"url\":\"https:\/\/eurytionpress.com\/wp-content\/uploads\/2025\/07\/Filosofia-de-la-Investigacion-Educativa-La-Busqueda-Cover.png\",\"contentUrl\":\"https:\/\/eurytionpress.com\/wp-content\/uploads\/2025\/07\/Filosofia-de-la-Investigacion-Educativa-La-Busqueda-Cover.png\",\"width\":777,\"height\":1169},{\"@type\":\"BreadcrumbList\",\"@id\":\"https:\/\/eurytionpress.com\/en\/filosofia-de-la-investigacion-educativa-la-busqueda-de-la-efectividad-cientifica\/#breadcrumb\",\"itemListElement\":[{\"@type\":\"ListItem\",\"position\":1,\"name\":\"Portada\",\"item\":\"https:\/\/eurytionpress.com\/en\/\"},{\"@type\":\"ListItem\",\"position\":2,\"name\":\"Libros\",\"item\":\"https:\/\/eurytionpress.com\/libros-2\/\"},{\"@type\":\"ListItem\",\"position\":3,\"name\":\"Filosof\u00eda de la Investigaci\u00f3n Educativa: La B\u00fasqueda de la Efectividad Cient\u00edfica\"}]},{\"@type\":\"WebSite\",\"@id\":\"https:\/\/eurytionpress.com\/en\/#website\",\"url\":\"https:\/\/eurytionpress.com\/en\/\",\"name\":\"Eurytion Press\",\"description\":\"Editorial de libros cient\u00edficos y acad\u00e9micos\",\"publisher\":{\"@id\":\"https:\/\/eurytionpress.com\/en\/#organization\"},\"potentialAction\":[{\"@type\":\"SearchAction\",\"target\":{\"@type\":\"EntryPoint\",\"urlTemplate\":\"https:\/\/eurytionpress.com\/en\/?s={search_term_string}\"},\"query-input\":{\"@type\":\"PropertyValueSpecification\",\"valueRequired\":true,\"valueName\":\"search_term_string\"}}],\"inLanguage\":\"en-US\"},{\"@type\":\"Organization\",\"@id\":\"https:\/\/eurytionpress.com\/en\/#organization\",\"name\":\"Eurytion Press\",\"url\":\"https:\/\/eurytionpress.com\/en\/\",\"logo\":{\"@type\":\"ImageObject\",\"inLanguage\":\"en-US\",\"@id\":\"https:\/\/eurytionpress.com\/en\/#\/schema\/logo\/image\/\",\"url\":\"https:\/\/eurytionpress.com\/wp-content\/uploads\/2025\/07\/eurityon-press.png\",\"contentUrl\":\"https:\/\/eurytionpress.com\/wp-content\/uploads\/2025\/07\/eurityon-press.png\",\"width\":229,\"height\":46,\"caption\":\"Eurytion Press\"},\"image\":{\"@id\":\"https:\/\/eurytionpress.com\/en\/#\/schema\/logo\/image\/\"}}]}<\/script>\n<!-- \/ Yoast SEO plugin. -->","yoast_head_json":{"title":"Filosof\u00eda de la Investigaci\u00f3n Educativa: La B\u00fasqueda de la Efectividad Cient\u00edfica - Eurytion Press","robots":{"index":"index","follow":"follow","max-snippet":"max-snippet:-1","max-image-preview":"max-image-preview:large","max-video-preview":"max-video-preview:-1"},"canonical":"https:\/\/eurytionpress.com\/en\/filosofia-de-la-investigacion-educativa-la-busqueda-de-la-efectividad-cientifica\/","og_locale":"en_US","og_type":"article","og_title":"Filosof\u00eda de la Investigaci\u00f3n Educativa: La B\u00fasqueda de la Efectividad Cient\u00edfica - Eurytion Press","og_description":"La aspiraci\u00f3n de la investigaci\u00f3n educativa es mejorar la educaci\u00f3n y hacerla una profesi\u00f3n efectiva y de calidad. En este sentido, una investigaci\u00f3n educativa cient\u00edfica tiende a conceptualizarse como el ejercicio sistem\u00e1tico y riguroso de recopilaci\u00f3n, an\u00e1lisis e interpretaci\u00f3n de datos sobre un problema de la educaci\u00f3n. Esta actividad es hoy el coraz\u00f3n de toda metodolog\u00eda cient\u00edfica aplicada a lo educativo. Pero, en este momento hist\u00f3rico en el desarrollo de la investigaci\u00f3n educativa, resulta imperante una discusi\u00f3n al respecto. Desde principios del presente siglo, en la misma medida que la evidencia empez\u00f3 a adoptar un rol primordial en la investigaci\u00f3n educativa apoyada institucionalmente, este hecho tuvo un importante impacto en la formulaci\u00f3n de pol\u00edticas educativas. Se hace necesario, por tanto, entender el rol y los efectos del dise\u00f1o de investigaci\u00f3n para generar datos, adem\u00e1s de conocer las consecuencias que esto est\u00e1 produciendo. \u00bfEs la base de lo que necesita hoy la educaci\u00f3n? \u00bfEs el mejor camino para su mejora? La posibilidad de una pr\u00e1ctica basada en evidencias captur\u00f3 la imaginaci\u00f3n de muchos pol\u00edticos e investigadores. Como consecuencia, se hacen preguntas complejas y dif\u00edciles sobre los dise\u00f1os de investigaci\u00f3n. Por ejemplo, \u00bfcu\u00e1l es la esencia del saber que abraza este dise\u00f1o? Esta cuesti\u00f3n es distinta a las preguntas del pasado acerca de si podemos creer en los hallazgos de un determinado estudio. El debate con el dise\u00f1o de investigaci\u00f3n, en estas primeras d\u00e9cadas del siglo, es la reflexi\u00f3n sincera sobre las pr\u00e1cticas de investigaci\u00f3n, los m\u00e9todos que se utilizan y las teor\u00edas que se generan. Y en la base de todo ello estar\u00eda en la validez de los datos. El mundo pol\u00edtico busca estudios que pongan a prueba teor\u00edas y que confronten la realidad educativa para mejorarla, pero los investigadores educativos desean generar las evidencias para guiar la pr\u00e1ctica en las escuelas. En este libro se presentan siete ensayos cr\u00edticos sobre la efectividad metodol\u00f3gica actual de la investigaci\u00f3n educativa. Nuestro objetivo no es prescribir modelos f\u00e9rreos, en modo alguno, sino provocar la reflexi\u00f3n que debe producirse entre los investigadores sobre las metodolog\u00edas que utilizamos para investigar. La presente obra completamente lo abordado en el libro \"Filosof\u00eda de la Investigaci\u00f3n Educativa: Evoluciones Metodol\u00f3gicas\", publicado tambi\u00e9n por esta editorial, y en el que era presentada una detallada evoluci\u00f3n de la investigaci\u00f3n educativa desde sus or\u00edgenes hasta hoy. Ambas aportaciones constituyen, en su conjunto, un manual imprescindible para el conocimiento de lo que, en el momento presente, supone y debe aportar toda investigaci\u00f3n educativa de calidad. E invitar a reflexionar al respecto.","og_url":"https:\/\/eurytionpress.com\/en\/filosofia-de-la-investigacion-educativa-la-busqueda-de-la-efectividad-cientifica\/","og_site_name":"Eurytion Press","og_image":[{"width":777,"height":1169,"url":"https:\/\/eurytionpress.com\/wp-content\/uploads\/2025\/07\/Filosofia-de-la-Investigacion-Educativa-La-Busqueda-Cover.png","type":"image\/png"}],"twitter_card":"summary_large_image","twitter_misc":{"Est. reading time":"1 minute"},"schema":{"@context":"https:\/\/schema.org","@graph":[{"@type":"WebPage","@id":"https:\/\/eurytionpress.com\/en\/filosofia-de-la-investigacion-educativa-la-busqueda-de-la-efectividad-cientifica\/","url":"https:\/\/eurytionpress.com\/en\/filosofia-de-la-investigacion-educativa-la-busqueda-de-la-efectividad-cientifica\/","name":"Filosof\u00eda de la Investigaci\u00f3n Educativa: La B\u00fasqueda de la Efectividad Cient\u00edfica - Eurytion Press","isPartOf":{"@id":"https:\/\/eurytionpress.com\/en\/#website"},"primaryImageOfPage":{"@id":"https:\/\/eurytionpress.com\/en\/filosofia-de-la-investigacion-educativa-la-busqueda-de-la-efectividad-cientifica\/#primaryimage"},"image":{"@id":"https:\/\/eurytionpress.com\/en\/filosofia-de-la-investigacion-educativa-la-busqueda-de-la-efectividad-cientifica\/#primaryimage"},"thumbnailUrl":"https:\/\/eurytionpress.com\/wp-content\/uploads\/2025\/07\/Filosofia-de-la-Investigacion-Educativa-La-Busqueda-Cover.png","datePublished":"2025-07-01T12:41:38+00:00","breadcrumb":{"@id":"https:\/\/eurytionpress.com\/en\/filosofia-de-la-investigacion-educativa-la-busqueda-de-la-efectividad-cientifica\/#breadcrumb"},"inLanguage":"en-US","potentialAction":[{"@type":"ReadAction","target":["https:\/\/eurytionpress.com\/en\/filosofia-de-la-investigacion-educativa-la-busqueda-de-la-efectividad-cientifica\/"]}]},{"@type":"ImageObject","inLanguage":"en-US","@id":"https:\/\/eurytionpress.com\/en\/filosofia-de-la-investigacion-educativa-la-busqueda-de-la-efectividad-cientifica\/#primaryimage","url":"https:\/\/eurytionpress.com\/wp-content\/uploads\/2025\/07\/Filosofia-de-la-Investigacion-Educativa-La-Busqueda-Cover.png","contentUrl":"https:\/\/eurytionpress.com\/wp-content\/uploads\/2025\/07\/Filosofia-de-la-Investigacion-Educativa-La-Busqueda-Cover.png","width":777,"height":1169},{"@type":"BreadcrumbList","@id":"https:\/\/eurytionpress.com\/en\/filosofia-de-la-investigacion-educativa-la-busqueda-de-la-efectividad-cientifica\/#breadcrumb","itemListElement":[{"@type":"ListItem","position":1,"name":"Portada","item":"https:\/\/eurytionpress.com\/en\/"},{"@type":"ListItem","position":2,"name":"Libros","item":"https:\/\/eurytionpress.com\/libros-2\/"},{"@type":"ListItem","position":3,"name":"Filosof\u00eda de la Investigaci\u00f3n Educativa: La B\u00fasqueda de la Efectividad Cient\u00edfica"}]},{"@type":"WebSite","@id":"https:\/\/eurytionpress.com\/en\/#website","url":"https:\/\/eurytionpress.com\/en\/","name":"Eurytion Press","description":"Editorial de libros cient\u00edficos y acad\u00e9micos","publisher":{"@id":"https:\/\/eurytionpress.com\/en\/#organization"},"potentialAction":[{"@type":"SearchAction","target":{"@type":"EntryPoint","urlTemplate":"https:\/\/eurytionpress.com\/en\/?s={search_term_string}"},"query-input":{"@type":"PropertyValueSpecification","valueRequired":true,"valueName":"search_term_string"}}],"inLanguage":"en-US"},{"@type":"Organization","@id":"https:\/\/eurytionpress.com\/en\/#organization","name":"Eurytion Press","url":"https:\/\/eurytionpress.com\/en\/","logo":{"@type":"ImageObject","inLanguage":"en-US","@id":"https:\/\/eurytionpress.com\/en\/#\/schema\/logo\/image\/","url":"https:\/\/eurytionpress.com\/wp-content\/uploads\/2025\/07\/eurityon-press.png","contentUrl":"https:\/\/eurytionpress.com\/wp-content\/uploads\/2025\/07\/eurityon-press.png","width":229,"height":46,"caption":"Eurytion Press"},"image":{"@id":"https:\/\/eurytionpress.com\/en\/#\/schema\/logo\/image\/"}}]}},"_links":{"self":[{"href":"https:\/\/eurytionpress.com\/en\/wp-json\/wp\/v2\/product\/23727","targetHints":{"allow":["GET"]}}],"collection":[{"href":"https:\/\/eurytionpress.com\/en\/wp-json\/wp\/v2\/product"}],"about":[{"href":"https:\/\/eurytionpress.com\/en\/wp-json\/wp\/v2\/types\/product"}],"replies":[{"embeddable":true,"href":"https:\/\/eurytionpress.com\/en\/wp-json\/wp\/v2\/comments?post=23727"}],"wp:featuredmedia":[{"embeddable":true,"href":"https:\/\/eurytionpress.com\/en\/wp-json\/wp\/v2\/media\/23275"}],"wp:attachment":[{"href":"https:\/\/eurytionpress.com\/en\/wp-json\/wp\/v2\/media?parent=23727"}],"wp:term":[{"taxonomy":"product_brand","embeddable":true,"href":"https:\/\/eurytionpress.com\/en\/wp-json\/wp\/v2\/product_brand?post=23727"},{"taxonomy":"product_cat","embeddable":true,"href":"https:\/\/eurytionpress.com\/en\/wp-json\/wp\/v2\/product_cat?post=23727"},{"taxonomy":"product_tag","embeddable":true,"href":"https:\/\/eurytionpress.com\/en\/wp-json\/wp\/v2\/product_tag?post=23727"}],"curies":[{"name":"wp","href":"https:\/\/api.w.org\/{rel}","templated":true}]}}