{"id":23728,"date":"2025-07-01T14:41:29","date_gmt":"2025-07-01T12:41:29","guid":{"rendered":"https:\/\/wpempresa.com\/eurytion\/filosofia-de-la-investigacion-educativa-evoluciones-metodologicas\/"},"modified":"2025-07-01T14:41:29","modified_gmt":"2025-07-01T12:41:29","slug":"filosofia-de-la-investigacion-educativa-evoluciones-metodologicas","status":"publish","type":"product","link":"https:\/\/eurytionpress.com\/en\/filosofia-de-la-investigacion-educativa-evoluciones-metodologicas\/","title":{"rendered":"Filosof\u00eda de la Investigaci\u00f3n Educativa: Evoluciones Metodol\u00f3gicas"},"content":{"rendered":"<p>Ponce, Omar \u0391., Nellie Pag\u00e1n-Maldonado, Jos\u00e9 G\u00f3mez Gal\u00e1n, y Angel Omar \u0391. Canales. Filosof\u00eda de la Investigaci\u00f3n Educativa: Evoluciones Metodol\u00f3gicas. Badajoz: Eurytion Press, 2020.<\/p>\n","protected":false},"excerpt":{"rendered":"<p>La educaci\u00f3n constituye un componente esencial en la pol\u00edtica p\u00fablica de la mayor\u00eda de los pa\u00edses del mundo. Es un instrumento de desarrollo social y econ\u00f3mico. Desde la antigua Grecia y las sociedades agr\u00edcolas, m\u00e1s tarde las industriales y ahora las tecnol\u00f3gicas en las que vivimos, la educaci\u00f3n resulta esencial en la capacitaci\u00f3n de las nuevas generaciones de ciudadanos del mundo. Cada nueva generaci\u00f3n necesita estar equipada con las herramientas que les permitan enfrentar las realidades de la vida que heredan de las pasadas generaciones y las nuevas que se crean con sus ilusiones. A trav\u00e9s de la educaci\u00f3n se espera que cada generaci\u00f3n solucione y genere el desarrollo personal, social y econ\u00f3mico que le ha tocado vivir. Investigar la educaci\u00f3n para entender sus efectos en las personas y en la sociedad, para hacerla m\u00e1s efectiva, constituye el fundamento de la investigaci\u00f3n educativa. Este libro ofrece una mirada hist\u00f3rica-filos\u00f3fica al desarrollo de los m\u00e9todos de investigaci\u00f3n educativa y c\u00f3mo han influido en su efectividad cient\u00edfica. Se organiza en ocho cap\u00edtulos que ubican en contexto la teor\u00eda y la pr\u00e1ctica de la investigaci\u00f3n educativa, su origen y desarrollo como disciplina de investigaci\u00f3n cient\u00edfica y los eventos hist\u00f3ricos que definen su evoluci\u00f3n metodol\u00f3gica. Cada hito o evento hist\u00f3rico es utilizado para reflexionar sobre el efecto que ha tenido en el desarrollo metodol\u00f3gico de la investigaci\u00f3n educativa contempor\u00e1nea y en su efectividad cient\u00edfica. Entendemos que esta lectura representa una forma de introducir al lector en la investigaci\u00f3n educativa. Sin muchos tecnicismos, se exponen de manera asequible sus bases tanto en sus conceptos o visiones filos\u00f3ficas como en sus metodolog\u00edas. Cada uno de estos hitos presenta el contexto que explica el origen y el el desarrollo conceptual, as\u00ed como el metodol\u00f3gico, de la investigaci\u00f3n educativa. El libro se orienta a estudiantes de educaci\u00f3n que se inician en la investigaci\u00f3n educativa. En algunas universidades, la capacitaci\u00f3n de educadores e investigadores educativos en este \u00e1mbito comienza a nivel de bachillerato-grado y en otras en programas de maestr\u00eda-m\u00e1ster. Este libro puede ser adem\u00e1s tema de discusi\u00f3n en cursos de m\u00e9todos de investigaci\u00f3n educativa, filosof\u00eda educativa y pol\u00e9micas de la educaci\u00f3n. Tambi\u00e9n puede resultar muy \u00fatil para profesores universitarios en ciencias sociales, humanidades, ciencias naturales y enfermer\u00eda, etc., que en ocasiones participan como miembros de comit\u00e9s de tesis o disertaciones. Aspiramos a que constituya una herramienta valiosa para el desarrollo y un mejor conocimiento de la investigaci\u00f3n educativa.<\/p>\n","protected":false},"featured_media":22352,"comment_status":"closed","ping_status":"open","template":"","meta":[],"product_brand":[],"product_cat":[680],"product_tag":[],"class_list":{"0":"post-23728","1":"product","2":"type-product","3":"status-publish","4":"has-post-thumbnail","6":"product_cat-printedbook-en","8":"first","9":"instock","10":"product-type-external"},"yoast_head":"<!-- This site is optimized with the Yoast SEO plugin v25.3.1 - https:\/\/yoast.com\/wordpress\/plugins\/seo\/ -->\n<title>Filosof\u00eda de la Investigaci\u00f3n Educativa: Evoluciones Metodol\u00f3gicas - Eurytion Press<\/title>\n<meta name=\"robots\" content=\"index, follow, max-snippet:-1, max-image-preview:large, max-video-preview:-1\" \/>\n<link rel=\"canonical\" href=\"https:\/\/eurytionpress.com\/en\/filosofia-de-la-investigacion-educativa-evoluciones-metodologicas\/\" \/>\n<meta property=\"og:locale\" content=\"en_US\" \/>\n<meta property=\"og:type\" content=\"article\" \/>\n<meta property=\"og:title\" content=\"Filosof\u00eda de la Investigaci\u00f3n Educativa: Evoluciones Metodol\u00f3gicas - Eurytion Press\" \/>\n<meta property=\"og:description\" content=\"La educaci\u00f3n constituye un componente esencial en la pol\u00edtica p\u00fablica de la mayor\u00eda de los pa\u00edses del mundo. Es un instrumento de desarrollo social y econ\u00f3mico. Desde la antigua Grecia y las sociedades agr\u00edcolas, m\u00e1s tarde las industriales y ahora las tecnol\u00f3gicas en las que vivimos, la educaci\u00f3n resulta esencial en la capacitaci\u00f3n de las nuevas generaciones de ciudadanos del mundo. Cada nueva generaci\u00f3n necesita estar equipada con las herramientas que les permitan enfrentar las realidades de la vida que heredan de las pasadas generaciones y las nuevas que se crean con sus ilusiones. A trav\u00e9s de la educaci\u00f3n se espera que cada generaci\u00f3n solucione y genere el desarrollo personal, social y econ\u00f3mico que le ha tocado vivir. Investigar la educaci\u00f3n para entender sus efectos en las personas y en la sociedad, para hacerla m\u00e1s efectiva, constituye el fundamento de la investigaci\u00f3n educativa. Este libro ofrece una mirada hist\u00f3rica-filos\u00f3fica al desarrollo de los m\u00e9todos de investigaci\u00f3n educativa y c\u00f3mo han influido en su efectividad cient\u00edfica. Se organiza en ocho cap\u00edtulos que ubican en contexto la teor\u00eda y la pr\u00e1ctica de la investigaci\u00f3n educativa, su origen y desarrollo como disciplina de investigaci\u00f3n cient\u00edfica y los eventos hist\u00f3ricos que definen su evoluci\u00f3n metodol\u00f3gica. Cada hito o evento hist\u00f3rico es utilizado para reflexionar sobre el efecto que ha tenido en el desarrollo metodol\u00f3gico de la investigaci\u00f3n educativa contempor\u00e1nea y en su efectividad cient\u00edfica. Entendemos que esta lectura representa una forma de introducir al lector en la investigaci\u00f3n educativa. Sin muchos tecnicismos, se exponen de manera asequible sus bases tanto en sus conceptos o visiones filos\u00f3ficas como en sus metodolog\u00edas. Cada uno de estos hitos presenta el contexto que explica el origen y el el desarrollo conceptual, as\u00ed como el metodol\u00f3gico, de la investigaci\u00f3n educativa. El libro se orienta a estudiantes de educaci\u00f3n que se inician en la investigaci\u00f3n educativa. En algunas universidades, la capacitaci\u00f3n de educadores e investigadores educativos en este \u00e1mbito comienza a nivel de bachillerato-grado y en otras en programas de maestr\u00eda-m\u00e1ster. Este libro puede ser adem\u00e1s tema de discusi\u00f3n en cursos de m\u00e9todos de investigaci\u00f3n educativa, filosof\u00eda educativa y pol\u00e9micas de la educaci\u00f3n. Tambi\u00e9n puede resultar muy \u00fatil para profesores universitarios en ciencias sociales, humanidades, ciencias naturales y enfermer\u00eda, etc., que en ocasiones participan como miembros de comit\u00e9s de tesis o disertaciones. Aspiramos a que constituya una herramienta valiosa para el desarrollo y un mejor conocimiento de la investigaci\u00f3n educativa.\" \/>\n<meta property=\"og:url\" content=\"https:\/\/eurytionpress.com\/en\/filosofia-de-la-investigacion-educativa-evoluciones-metodologicas\/\" \/>\n<meta property=\"og:site_name\" content=\"Eurytion Press\" \/>\n<meta property=\"og:image\" content=\"https:\/\/eurytionpress.com\/wp-content\/uploads\/2025\/07\/filosofia-de-la-investigacion-educativa-evoluciones-cover.png\" \/>\n\t<meta property=\"og:image:width\" content=\"742\" \/>\n\t<meta property=\"og:image:height\" content=\"1169\" \/>\n\t<meta property=\"og:image:type\" content=\"image\/png\" \/>\n<meta name=\"twitter:card\" content=\"summary_large_image\" \/>\n<script type=\"application\/ld+json\" class=\"yoast-schema-graph\">{\"@context\":\"https:\/\/schema.org\",\"@graph\":[{\"@type\":\"WebPage\",\"@id\":\"https:\/\/eurytionpress.com\/en\/filosofia-de-la-investigacion-educativa-evoluciones-metodologicas\/\",\"url\":\"https:\/\/eurytionpress.com\/en\/filosofia-de-la-investigacion-educativa-evoluciones-metodologicas\/\",\"name\":\"Filosof\u00eda de la Investigaci\u00f3n Educativa: Evoluciones Metodol\u00f3gicas - Eurytion Press\",\"isPartOf\":{\"@id\":\"https:\/\/eurytionpress.com\/en\/#website\"},\"primaryImageOfPage\":{\"@id\":\"https:\/\/eurytionpress.com\/en\/filosofia-de-la-investigacion-educativa-evoluciones-metodologicas\/#primaryimage\"},\"image\":{\"@id\":\"https:\/\/eurytionpress.com\/en\/filosofia-de-la-investigacion-educativa-evoluciones-metodologicas\/#primaryimage\"},\"thumbnailUrl\":\"https:\/\/eurytionpress.com\/wp-content\/uploads\/2025\/07\/filosofia-de-la-investigacion-educativa-evoluciones-cover.png\",\"datePublished\":\"2025-07-01T12:41:29+00:00\",\"breadcrumb\":{\"@id\":\"https:\/\/eurytionpress.com\/en\/filosofia-de-la-investigacion-educativa-evoluciones-metodologicas\/#breadcrumb\"},\"inLanguage\":\"en-US\",\"potentialAction\":[{\"@type\":\"ReadAction\",\"target\":[\"https:\/\/eurytionpress.com\/en\/filosofia-de-la-investigacion-educativa-evoluciones-metodologicas\/\"]}]},{\"@type\":\"ImageObject\",\"inLanguage\":\"en-US\",\"@id\":\"https:\/\/eurytionpress.com\/en\/filosofia-de-la-investigacion-educativa-evoluciones-metodologicas\/#primaryimage\",\"url\":\"https:\/\/eurytionpress.com\/wp-content\/uploads\/2025\/07\/filosofia-de-la-investigacion-educativa-evoluciones-cover.png\",\"contentUrl\":\"https:\/\/eurytionpress.com\/wp-content\/uploads\/2025\/07\/filosofia-de-la-investigacion-educativa-evoluciones-cover.png\",\"width\":742,\"height\":1169},{\"@type\":\"BreadcrumbList\",\"@id\":\"https:\/\/eurytionpress.com\/en\/filosofia-de-la-investigacion-educativa-evoluciones-metodologicas\/#breadcrumb\",\"itemListElement\":[{\"@type\":\"ListItem\",\"position\":1,\"name\":\"Portada\",\"item\":\"https:\/\/eurytionpress.com\/en\/\"},{\"@type\":\"ListItem\",\"position\":2,\"name\":\"Libros\",\"item\":\"https:\/\/eurytionpress.com\/libros-2\/\"},{\"@type\":\"ListItem\",\"position\":3,\"name\":\"Filosof\u00eda de la Investigaci\u00f3n Educativa: Evoluciones Metodol\u00f3gicas\"}]},{\"@type\":\"WebSite\",\"@id\":\"https:\/\/eurytionpress.com\/en\/#website\",\"url\":\"https:\/\/eurytionpress.com\/en\/\",\"name\":\"Eurytion Press\",\"description\":\"Editorial de libros cient\u00edficos y acad\u00e9micos\",\"publisher\":{\"@id\":\"https:\/\/eurytionpress.com\/en\/#organization\"},\"potentialAction\":[{\"@type\":\"SearchAction\",\"target\":{\"@type\":\"EntryPoint\",\"urlTemplate\":\"https:\/\/eurytionpress.com\/en\/?s={search_term_string}\"},\"query-input\":{\"@type\":\"PropertyValueSpecification\",\"valueRequired\":true,\"valueName\":\"search_term_string\"}}],\"inLanguage\":\"en-US\"},{\"@type\":\"Organization\",\"@id\":\"https:\/\/eurytionpress.com\/en\/#organization\",\"name\":\"Eurytion Press\",\"url\":\"https:\/\/eurytionpress.com\/en\/\",\"logo\":{\"@type\":\"ImageObject\",\"inLanguage\":\"en-US\",\"@id\":\"https:\/\/eurytionpress.com\/en\/#\/schema\/logo\/image\/\",\"url\":\"https:\/\/eurytionpress.com\/wp-content\/uploads\/2025\/07\/eurityon-press.png\",\"contentUrl\":\"https:\/\/eurytionpress.com\/wp-content\/uploads\/2025\/07\/eurityon-press.png\",\"width\":229,\"height\":46,\"caption\":\"Eurytion Press\"},\"image\":{\"@id\":\"https:\/\/eurytionpress.com\/en\/#\/schema\/logo\/image\/\"}}]}<\/script>\n<!-- \/ Yoast SEO plugin. -->","yoast_head_json":{"title":"Filosof\u00eda de la Investigaci\u00f3n Educativa: Evoluciones Metodol\u00f3gicas - Eurytion Press","robots":{"index":"index","follow":"follow","max-snippet":"max-snippet:-1","max-image-preview":"max-image-preview:large","max-video-preview":"max-video-preview:-1"},"canonical":"https:\/\/eurytionpress.com\/en\/filosofia-de-la-investigacion-educativa-evoluciones-metodologicas\/","og_locale":"en_US","og_type":"article","og_title":"Filosof\u00eda de la Investigaci\u00f3n Educativa: Evoluciones Metodol\u00f3gicas - Eurytion Press","og_description":"La educaci\u00f3n constituye un componente esencial en la pol\u00edtica p\u00fablica de la mayor\u00eda de los pa\u00edses del mundo. Es un instrumento de desarrollo social y econ\u00f3mico. Desde la antigua Grecia y las sociedades agr\u00edcolas, m\u00e1s tarde las industriales y ahora las tecnol\u00f3gicas en las que vivimos, la educaci\u00f3n resulta esencial en la capacitaci\u00f3n de las nuevas generaciones de ciudadanos del mundo. Cada nueva generaci\u00f3n necesita estar equipada con las herramientas que les permitan enfrentar las realidades de la vida que heredan de las pasadas generaciones y las nuevas que se crean con sus ilusiones. A trav\u00e9s de la educaci\u00f3n se espera que cada generaci\u00f3n solucione y genere el desarrollo personal, social y econ\u00f3mico que le ha tocado vivir. Investigar la educaci\u00f3n para entender sus efectos en las personas y en la sociedad, para hacerla m\u00e1s efectiva, constituye el fundamento de la investigaci\u00f3n educativa. Este libro ofrece una mirada hist\u00f3rica-filos\u00f3fica al desarrollo de los m\u00e9todos de investigaci\u00f3n educativa y c\u00f3mo han influido en su efectividad cient\u00edfica. Se organiza en ocho cap\u00edtulos que ubican en contexto la teor\u00eda y la pr\u00e1ctica de la investigaci\u00f3n educativa, su origen y desarrollo como disciplina de investigaci\u00f3n cient\u00edfica y los eventos hist\u00f3ricos que definen su evoluci\u00f3n metodol\u00f3gica. Cada hito o evento hist\u00f3rico es utilizado para reflexionar sobre el efecto que ha tenido en el desarrollo metodol\u00f3gico de la investigaci\u00f3n educativa contempor\u00e1nea y en su efectividad cient\u00edfica. Entendemos que esta lectura representa una forma de introducir al lector en la investigaci\u00f3n educativa. Sin muchos tecnicismos, se exponen de manera asequible sus bases tanto en sus conceptos o visiones filos\u00f3ficas como en sus metodolog\u00edas. Cada uno de estos hitos presenta el contexto que explica el origen y el el desarrollo conceptual, as\u00ed como el metodol\u00f3gico, de la investigaci\u00f3n educativa. El libro se orienta a estudiantes de educaci\u00f3n que se inician en la investigaci\u00f3n educativa. En algunas universidades, la capacitaci\u00f3n de educadores e investigadores educativos en este \u00e1mbito comienza a nivel de bachillerato-grado y en otras en programas de maestr\u00eda-m\u00e1ster. Este libro puede ser adem\u00e1s tema de discusi\u00f3n en cursos de m\u00e9todos de investigaci\u00f3n educativa, filosof\u00eda educativa y pol\u00e9micas de la educaci\u00f3n. Tambi\u00e9n puede resultar muy \u00fatil para profesores universitarios en ciencias sociales, humanidades, ciencias naturales y enfermer\u00eda, etc., que en ocasiones participan como miembros de comit\u00e9s de tesis o disertaciones. Aspiramos a que constituya una herramienta valiosa para el desarrollo y un mejor conocimiento de la investigaci\u00f3n educativa.","og_url":"https:\/\/eurytionpress.com\/en\/filosofia-de-la-investigacion-educativa-evoluciones-metodologicas\/","og_site_name":"Eurytion Press","og_image":[{"width":742,"height":1169,"url":"https:\/\/eurytionpress.com\/wp-content\/uploads\/2025\/07\/filosofia-de-la-investigacion-educativa-evoluciones-cover.png","type":"image\/png"}],"twitter_card":"summary_large_image","schema":{"@context":"https:\/\/schema.org","@graph":[{"@type":"WebPage","@id":"https:\/\/eurytionpress.com\/en\/filosofia-de-la-investigacion-educativa-evoluciones-metodologicas\/","url":"https:\/\/eurytionpress.com\/en\/filosofia-de-la-investigacion-educativa-evoluciones-metodologicas\/","name":"Filosof\u00eda de la Investigaci\u00f3n Educativa: Evoluciones Metodol\u00f3gicas - Eurytion Press","isPartOf":{"@id":"https:\/\/eurytionpress.com\/en\/#website"},"primaryImageOfPage":{"@id":"https:\/\/eurytionpress.com\/en\/filosofia-de-la-investigacion-educativa-evoluciones-metodologicas\/#primaryimage"},"image":{"@id":"https:\/\/eurytionpress.com\/en\/filosofia-de-la-investigacion-educativa-evoluciones-metodologicas\/#primaryimage"},"thumbnailUrl":"https:\/\/eurytionpress.com\/wp-content\/uploads\/2025\/07\/filosofia-de-la-investigacion-educativa-evoluciones-cover.png","datePublished":"2025-07-01T12:41:29+00:00","breadcrumb":{"@id":"https:\/\/eurytionpress.com\/en\/filosofia-de-la-investigacion-educativa-evoluciones-metodologicas\/#breadcrumb"},"inLanguage":"en-US","potentialAction":[{"@type":"ReadAction","target":["https:\/\/eurytionpress.com\/en\/filosofia-de-la-investigacion-educativa-evoluciones-metodologicas\/"]}]},{"@type":"ImageObject","inLanguage":"en-US","@id":"https:\/\/eurytionpress.com\/en\/filosofia-de-la-investigacion-educativa-evoluciones-metodologicas\/#primaryimage","url":"https:\/\/eurytionpress.com\/wp-content\/uploads\/2025\/07\/filosofia-de-la-investigacion-educativa-evoluciones-cover.png","contentUrl":"https:\/\/eurytionpress.com\/wp-content\/uploads\/2025\/07\/filosofia-de-la-investigacion-educativa-evoluciones-cover.png","width":742,"height":1169},{"@type":"BreadcrumbList","@id":"https:\/\/eurytionpress.com\/en\/filosofia-de-la-investigacion-educativa-evoluciones-metodologicas\/#breadcrumb","itemListElement":[{"@type":"ListItem","position":1,"name":"Portada","item":"https:\/\/eurytionpress.com\/en\/"},{"@type":"ListItem","position":2,"name":"Libros","item":"https:\/\/eurytionpress.com\/libros-2\/"},{"@type":"ListItem","position":3,"name":"Filosof\u00eda de la Investigaci\u00f3n Educativa: Evoluciones Metodol\u00f3gicas"}]},{"@type":"WebSite","@id":"https:\/\/eurytionpress.com\/en\/#website","url":"https:\/\/eurytionpress.com\/en\/","name":"Eurytion Press","description":"Editorial de libros cient\u00edficos y acad\u00e9micos","publisher":{"@id":"https:\/\/eurytionpress.com\/en\/#organization"},"potentialAction":[{"@type":"SearchAction","target":{"@type":"EntryPoint","urlTemplate":"https:\/\/eurytionpress.com\/en\/?s={search_term_string}"},"query-input":{"@type":"PropertyValueSpecification","valueRequired":true,"valueName":"search_term_string"}}],"inLanguage":"en-US"},{"@type":"Organization","@id":"https:\/\/eurytionpress.com\/en\/#organization","name":"Eurytion Press","url":"https:\/\/eurytionpress.com\/en\/","logo":{"@type":"ImageObject","inLanguage":"en-US","@id":"https:\/\/eurytionpress.com\/en\/#\/schema\/logo\/image\/","url":"https:\/\/eurytionpress.com\/wp-content\/uploads\/2025\/07\/eurityon-press.png","contentUrl":"https:\/\/eurytionpress.com\/wp-content\/uploads\/2025\/07\/eurityon-press.png","width":229,"height":46,"caption":"Eurytion Press"},"image":{"@id":"https:\/\/eurytionpress.com\/en\/#\/schema\/logo\/image\/"}}]}},"_links":{"self":[{"href":"https:\/\/eurytionpress.com\/en\/wp-json\/wp\/v2\/product\/23728","targetHints":{"allow":["GET"]}}],"collection":[{"href":"https:\/\/eurytionpress.com\/en\/wp-json\/wp\/v2\/product"}],"about":[{"href":"https:\/\/eurytionpress.com\/en\/wp-json\/wp\/v2\/types\/product"}],"replies":[{"embeddable":true,"href":"https:\/\/eurytionpress.com\/en\/wp-json\/wp\/v2\/comments?post=23728"}],"wp:featuredmedia":[{"embeddable":true,"href":"https:\/\/eurytionpress.com\/en\/wp-json\/wp\/v2\/media\/22352"}],"wp:attachment":[{"href":"https:\/\/eurytionpress.com\/en\/wp-json\/wp\/v2\/media?parent=23728"}],"wp:term":[{"taxonomy":"product_brand","embeddable":true,"href":"https:\/\/eurytionpress.com\/en\/wp-json\/wp\/v2\/product_brand?post=23728"},{"taxonomy":"product_cat","embeddable":true,"href":"https:\/\/eurytionpress.com\/en\/wp-json\/wp\/v2\/product_cat?post=23728"},{"taxonomy":"product_tag","embeddable":true,"href":"https:\/\/eurytionpress.com\/en\/wp-json\/wp\/v2\/product_tag?post=23728"}],"curies":[{"name":"wp","href":"https:\/\/api.w.org\/{rel}","templated":true}]}}