{"id":23731,"date":"2025-07-01T14:39:53","date_gmt":"2025-07-01T12:39:53","guid":{"rendered":"https:\/\/wpempresa.com\/eurytion\/entre-lineas-y-epocas-reflexiones-academicas-en-el-ambito-de-las-humanidades-2\/"},"modified":"2025-07-01T14:39:53","modified_gmt":"2025-07-01T12:39:53","slug":"entre-lineas-y-epocas-reflexiones-academicas-en-el-ambito-de-las-humanidades-2","status":"publish","type":"product","link":"https:\/\/eurytionpress.com\/en\/entre-lineas-y-epocas-reflexiones-academicas-en-el-ambito-de-las-humanidades-2\/","title":{"rendered":"Entre L\u00edneas y \u00c9pocas. Reflexiones Acad\u00e9micas en el \u00c1mbito de las Humanidades"},"content":{"rendered":"<p>Levison Ollarves, Yolibet, Jos\u00e9 Olivar, Alfredo Rodr\u00edguez Iranzo, Germ\u00e1n Gu\u00eda Caripe, y Roversi M\u00f3naco Trujillo. Entre L\u00edneas y \u00c9pocas. Reflexiones Acad\u00e9micas en el \u00c1mbito de las Humanidades. Edici\u00f3n digital. Badajoz: Eurytion Press, 2024.<\/p>\n","protected":false},"excerpt":{"rendered":"<p>Esta obra colectiva ofrece una muestra del panorama diverso y enriquecedor de varias l\u00edneas de investigaci\u00f3n actuales en el campo de las ciencias humanas. Re\u00fane cinco estudios que, desde diferentes disciplinas, abordan temas de gran relevancia para una mejor comprensi\u00f3n de nuestra sociedad y su historia. Los autores, reconocidos acad\u00e9micos en sus respectivas \u00e1reas, presentan investigaciones innovadoras que abarcan desde la educaci\u00f3n universitaria y la filosof\u00eda hasta la historia pol\u00edtica y de la cultura. Cada cap\u00edtulo aporta nuevas perspectivas metodol\u00f3gicas y te\u00f3ricas, contribuyendo al avance del conocimiento en las humanidades. Las l\u00edneas de investigaci\u00f3n abordadas exploran la calidad en la educaci\u00f3n superior, analizan d\u00e9cadas de procesos democr\u00e1ticos y su relaci\u00f3n con las obras p\u00fablicas, ofrecen una revisi\u00f3n del legado filos\u00f3fico de Nietzsche, examinan operaciones militares hist\u00f3ricas y profundizan en la relaci\u00f3n entre las concepciones de identidad, patrimonio y cultura tomando como modelo un referente concreto. Estos diversos temas se entrelazan para ofrecer una visi\u00f3n hol\u00edstica de los retos y logros hoy presentes en el \u00e1rea cient\u00edfica de las ciencias humanas. Los lectores encontrar\u00e1n an\u00e1lisis rigurosos basados en fuentes primarias, nuevas interpretaciones de eventos hist\u00f3ricos y reflexiones profundas sobre el papel de la cultura y el pensamiento en la sociedad. La obra destaca por su enfoque interdisciplinario, combinando m\u00e9todos de investigaci\u00f3n hist\u00f3rica, filos\u00f3fica, educativa y sociol\u00f3gica. Este volumen no solo contribuye al debate acad\u00e9mico actual, sino que tambi\u00e9n ofrece valiosas perspectivas para comprender mejor el pasado y el presente. Supone, en general o en cada uno de sus cap\u00edtulos, una lectura muy recomendable para estudiantes, investigadores, acad\u00e9micos y profesionales interesados en las m\u00faltiples facetas de las humanidades y su relevancia en el mundo contempor\u00e1neo.<\/p>\n","protected":false},"featured_media":22340,"comment_status":"closed","ping_status":"open","template":"","meta":[],"product_brand":[],"product_cat":[690],"product_tag":[],"class_list":{"0":"post-23731","1":"product","2":"type-product","3":"status-publish","4":"has-post-thumbnail","6":"product_cat-ebook-en","8":"first","9":"instock","10":"product-type-external"},"yoast_head":"<!-- This site is optimized with the Yoast SEO plugin v25.3.1 - https:\/\/yoast.com\/wordpress\/plugins\/seo\/ -->\n<title>Entre L\u00edneas y \u00c9pocas. Reflexiones Acad\u00e9micas en el \u00c1mbito de las Humanidades - Eurytion Press<\/title>\n<meta name=\"robots\" content=\"index, follow, max-snippet:-1, max-image-preview:large, max-video-preview:-1\" \/>\n<link rel=\"canonical\" href=\"https:\/\/eurytionpress.com\/en\/entre-lineas-y-epocas-reflexiones-academicas-en-el-ambito-de-las-humanidades-2\/\" \/>\n<meta property=\"og:locale\" content=\"en_US\" \/>\n<meta property=\"og:type\" content=\"article\" \/>\n<meta property=\"og:title\" content=\"Entre L\u00edneas y \u00c9pocas. Reflexiones Acad\u00e9micas en el \u00c1mbito de las Humanidades - Eurytion Press\" \/>\n<meta property=\"og:description\" content=\"Esta obra colectiva ofrece una muestra del panorama diverso y enriquecedor de varias l\u00edneas de investigaci\u00f3n actuales en el campo de las ciencias humanas. Re\u00fane cinco estudios que, desde diferentes disciplinas, abordan temas de gran relevancia para una mejor comprensi\u00f3n de nuestra sociedad y su historia. Los autores, reconocidos acad\u00e9micos en sus respectivas \u00e1reas, presentan investigaciones innovadoras que abarcan desde la educaci\u00f3n universitaria y la filosof\u00eda hasta la historia pol\u00edtica y de la cultura. Cada cap\u00edtulo aporta nuevas perspectivas metodol\u00f3gicas y te\u00f3ricas, contribuyendo al avance del conocimiento en las humanidades. Las l\u00edneas de investigaci\u00f3n abordadas exploran la calidad en la educaci\u00f3n superior, analizan d\u00e9cadas de procesos democr\u00e1ticos y su relaci\u00f3n con las obras p\u00fablicas, ofrecen una revisi\u00f3n del legado filos\u00f3fico de Nietzsche, examinan operaciones militares hist\u00f3ricas y profundizan en la relaci\u00f3n entre las concepciones de identidad, patrimonio y cultura tomando como modelo un referente concreto. Estos diversos temas se entrelazan para ofrecer una visi\u00f3n hol\u00edstica de los retos y logros hoy presentes en el \u00e1rea cient\u00edfica de las ciencias humanas. Los lectores encontrar\u00e1n an\u00e1lisis rigurosos basados en fuentes primarias, nuevas interpretaciones de eventos hist\u00f3ricos y reflexiones profundas sobre el papel de la cultura y el pensamiento en la sociedad. La obra destaca por su enfoque interdisciplinario, combinando m\u00e9todos de investigaci\u00f3n hist\u00f3rica, filos\u00f3fica, educativa y sociol\u00f3gica. Este volumen no solo contribuye al debate acad\u00e9mico actual, sino que tambi\u00e9n ofrece valiosas perspectivas para comprender mejor el pasado y el presente. Supone, en general o en cada uno de sus cap\u00edtulos, una lectura muy recomendable para estudiantes, investigadores, acad\u00e9micos y profesionales interesados en las m\u00faltiples facetas de las humanidades y su relevancia en el mundo contempor\u00e1neo.\" \/>\n<meta property=\"og:url\" content=\"https:\/\/eurytionpress.com\/en\/entre-lineas-y-epocas-reflexiones-academicas-en-el-ambito-de-las-humanidades-2\/\" \/>\n<meta property=\"og:site_name\" content=\"Eurytion Press\" \/>\n<meta property=\"og:image\" content=\"https:\/\/eurytionpress.com\/wp-content\/uploads\/2025\/07\/entre-lineas-digital.png\" \/>\n\t<meta property=\"og:image:width\" content=\"802\" \/>\n\t<meta property=\"og:image:height\" content=\"1170\" \/>\n\t<meta property=\"og:image:type\" content=\"image\/png\" \/>\n<meta name=\"twitter:card\" content=\"summary_large_image\" \/>\n<script type=\"application\/ld+json\" class=\"yoast-schema-graph\">{\"@context\":\"https:\/\/schema.org\",\"@graph\":[{\"@type\":\"WebPage\",\"@id\":\"https:\/\/eurytionpress.com\/en\/entre-lineas-y-epocas-reflexiones-academicas-en-el-ambito-de-las-humanidades-2\/\",\"url\":\"https:\/\/eurytionpress.com\/en\/entre-lineas-y-epocas-reflexiones-academicas-en-el-ambito-de-las-humanidades-2\/\",\"name\":\"Entre L\u00edneas y \u00c9pocas. Reflexiones Acad\u00e9micas en el \u00c1mbito de las Humanidades - Eurytion Press\",\"isPartOf\":{\"@id\":\"https:\/\/eurytionpress.com\/en\/#website\"},\"primaryImageOfPage\":{\"@id\":\"https:\/\/eurytionpress.com\/en\/entre-lineas-y-epocas-reflexiones-academicas-en-el-ambito-de-las-humanidades-2\/#primaryimage\"},\"image\":{\"@id\":\"https:\/\/eurytionpress.com\/en\/entre-lineas-y-epocas-reflexiones-academicas-en-el-ambito-de-las-humanidades-2\/#primaryimage\"},\"thumbnailUrl\":\"https:\/\/eurytionpress.com\/wp-content\/uploads\/2025\/07\/entre-lineas-digital.png\",\"datePublished\":\"2025-07-01T12:39:53+00:00\",\"breadcrumb\":{\"@id\":\"https:\/\/eurytionpress.com\/en\/entre-lineas-y-epocas-reflexiones-academicas-en-el-ambito-de-las-humanidades-2\/#breadcrumb\"},\"inLanguage\":\"en-US\",\"potentialAction\":[{\"@type\":\"ReadAction\",\"target\":[\"https:\/\/eurytionpress.com\/en\/entre-lineas-y-epocas-reflexiones-academicas-en-el-ambito-de-las-humanidades-2\/\"]}]},{\"@type\":\"ImageObject\",\"inLanguage\":\"en-US\",\"@id\":\"https:\/\/eurytionpress.com\/en\/entre-lineas-y-epocas-reflexiones-academicas-en-el-ambito-de-las-humanidades-2\/#primaryimage\",\"url\":\"https:\/\/eurytionpress.com\/wp-content\/uploads\/2025\/07\/entre-lineas-digital.png\",\"contentUrl\":\"https:\/\/eurytionpress.com\/wp-content\/uploads\/2025\/07\/entre-lineas-digital.png\",\"width\":802,\"height\":1170},{\"@type\":\"BreadcrumbList\",\"@id\":\"https:\/\/eurytionpress.com\/en\/entre-lineas-y-epocas-reflexiones-academicas-en-el-ambito-de-las-humanidades-2\/#breadcrumb\",\"itemListElement\":[{\"@type\":\"ListItem\",\"position\":1,\"name\":\"Portada\",\"item\":\"https:\/\/eurytionpress.com\/en\/\"},{\"@type\":\"ListItem\",\"position\":2,\"name\":\"Libros\",\"item\":\"https:\/\/eurytionpress.com\/libros-2\/\"},{\"@type\":\"ListItem\",\"position\":3,\"name\":\"Entre L\u00edneas y \u00c9pocas. Reflexiones Acad\u00e9micas en el \u00c1mbito de las Humanidades\"}]},{\"@type\":\"WebSite\",\"@id\":\"https:\/\/eurytionpress.com\/en\/#website\",\"url\":\"https:\/\/eurytionpress.com\/en\/\",\"name\":\"Eurytion Press\",\"description\":\"Editorial de libros cient\u00edficos y acad\u00e9micos\",\"publisher\":{\"@id\":\"https:\/\/eurytionpress.com\/en\/#organization\"},\"potentialAction\":[{\"@type\":\"SearchAction\",\"target\":{\"@type\":\"EntryPoint\",\"urlTemplate\":\"https:\/\/eurytionpress.com\/en\/?s={search_term_string}\"},\"query-input\":{\"@type\":\"PropertyValueSpecification\",\"valueRequired\":true,\"valueName\":\"search_term_string\"}}],\"inLanguage\":\"en-US\"},{\"@type\":\"Organization\",\"@id\":\"https:\/\/eurytionpress.com\/en\/#organization\",\"name\":\"Eurytion Press\",\"url\":\"https:\/\/eurytionpress.com\/en\/\",\"logo\":{\"@type\":\"ImageObject\",\"inLanguage\":\"en-US\",\"@id\":\"https:\/\/eurytionpress.com\/en\/#\/schema\/logo\/image\/\",\"url\":\"https:\/\/eurytionpress.com\/wp-content\/uploads\/2025\/07\/eurityon-press.png\",\"contentUrl\":\"https:\/\/eurytionpress.com\/wp-content\/uploads\/2025\/07\/eurityon-press.png\",\"width\":229,\"height\":46,\"caption\":\"Eurytion Press\"},\"image\":{\"@id\":\"https:\/\/eurytionpress.com\/en\/#\/schema\/logo\/image\/\"}}]}<\/script>\n<!-- \/ Yoast SEO plugin. -->","yoast_head_json":{"title":"Entre L\u00edneas y \u00c9pocas. Reflexiones Acad\u00e9micas en el \u00c1mbito de las Humanidades - Eurytion Press","robots":{"index":"index","follow":"follow","max-snippet":"max-snippet:-1","max-image-preview":"max-image-preview:large","max-video-preview":"max-video-preview:-1"},"canonical":"https:\/\/eurytionpress.com\/en\/entre-lineas-y-epocas-reflexiones-academicas-en-el-ambito-de-las-humanidades-2\/","og_locale":"en_US","og_type":"article","og_title":"Entre L\u00edneas y \u00c9pocas. Reflexiones Acad\u00e9micas en el \u00c1mbito de las Humanidades - Eurytion Press","og_description":"Esta obra colectiva ofrece una muestra del panorama diverso y enriquecedor de varias l\u00edneas de investigaci\u00f3n actuales en el campo de las ciencias humanas. Re\u00fane cinco estudios que, desde diferentes disciplinas, abordan temas de gran relevancia para una mejor comprensi\u00f3n de nuestra sociedad y su historia. Los autores, reconocidos acad\u00e9micos en sus respectivas \u00e1reas, presentan investigaciones innovadoras que abarcan desde la educaci\u00f3n universitaria y la filosof\u00eda hasta la historia pol\u00edtica y de la cultura. Cada cap\u00edtulo aporta nuevas perspectivas metodol\u00f3gicas y te\u00f3ricas, contribuyendo al avance del conocimiento en las humanidades. Las l\u00edneas de investigaci\u00f3n abordadas exploran la calidad en la educaci\u00f3n superior, analizan d\u00e9cadas de procesos democr\u00e1ticos y su relaci\u00f3n con las obras p\u00fablicas, ofrecen una revisi\u00f3n del legado filos\u00f3fico de Nietzsche, examinan operaciones militares hist\u00f3ricas y profundizan en la relaci\u00f3n entre las concepciones de identidad, patrimonio y cultura tomando como modelo un referente concreto. Estos diversos temas se entrelazan para ofrecer una visi\u00f3n hol\u00edstica de los retos y logros hoy presentes en el \u00e1rea cient\u00edfica de las ciencias humanas. Los lectores encontrar\u00e1n an\u00e1lisis rigurosos basados en fuentes primarias, nuevas interpretaciones de eventos hist\u00f3ricos y reflexiones profundas sobre el papel de la cultura y el pensamiento en la sociedad. La obra destaca por su enfoque interdisciplinario, combinando m\u00e9todos de investigaci\u00f3n hist\u00f3rica, filos\u00f3fica, educativa y sociol\u00f3gica. Este volumen no solo contribuye al debate acad\u00e9mico actual, sino que tambi\u00e9n ofrece valiosas perspectivas para comprender mejor el pasado y el presente. Supone, en general o en cada uno de sus cap\u00edtulos, una lectura muy recomendable para estudiantes, investigadores, acad\u00e9micos y profesionales interesados en las m\u00faltiples facetas de las humanidades y su relevancia en el mundo contempor\u00e1neo.","og_url":"https:\/\/eurytionpress.com\/en\/entre-lineas-y-epocas-reflexiones-academicas-en-el-ambito-de-las-humanidades-2\/","og_site_name":"Eurytion Press","og_image":[{"width":802,"height":1170,"url":"https:\/\/eurytionpress.com\/wp-content\/uploads\/2025\/07\/entre-lineas-digital.png","type":"image\/png"}],"twitter_card":"summary_large_image","schema":{"@context":"https:\/\/schema.org","@graph":[{"@type":"WebPage","@id":"https:\/\/eurytionpress.com\/en\/entre-lineas-y-epocas-reflexiones-academicas-en-el-ambito-de-las-humanidades-2\/","url":"https:\/\/eurytionpress.com\/en\/entre-lineas-y-epocas-reflexiones-academicas-en-el-ambito-de-las-humanidades-2\/","name":"Entre L\u00edneas y \u00c9pocas. Reflexiones Acad\u00e9micas en el \u00c1mbito de las Humanidades - Eurytion Press","isPartOf":{"@id":"https:\/\/eurytionpress.com\/en\/#website"},"primaryImageOfPage":{"@id":"https:\/\/eurytionpress.com\/en\/entre-lineas-y-epocas-reflexiones-academicas-en-el-ambito-de-las-humanidades-2\/#primaryimage"},"image":{"@id":"https:\/\/eurytionpress.com\/en\/entre-lineas-y-epocas-reflexiones-academicas-en-el-ambito-de-las-humanidades-2\/#primaryimage"},"thumbnailUrl":"https:\/\/eurytionpress.com\/wp-content\/uploads\/2025\/07\/entre-lineas-digital.png","datePublished":"2025-07-01T12:39:53+00:00","breadcrumb":{"@id":"https:\/\/eurytionpress.com\/en\/entre-lineas-y-epocas-reflexiones-academicas-en-el-ambito-de-las-humanidades-2\/#breadcrumb"},"inLanguage":"en-US","potentialAction":[{"@type":"ReadAction","target":["https:\/\/eurytionpress.com\/en\/entre-lineas-y-epocas-reflexiones-academicas-en-el-ambito-de-las-humanidades-2\/"]}]},{"@type":"ImageObject","inLanguage":"en-US","@id":"https:\/\/eurytionpress.com\/en\/entre-lineas-y-epocas-reflexiones-academicas-en-el-ambito-de-las-humanidades-2\/#primaryimage","url":"https:\/\/eurytionpress.com\/wp-content\/uploads\/2025\/07\/entre-lineas-digital.png","contentUrl":"https:\/\/eurytionpress.com\/wp-content\/uploads\/2025\/07\/entre-lineas-digital.png","width":802,"height":1170},{"@type":"BreadcrumbList","@id":"https:\/\/eurytionpress.com\/en\/entre-lineas-y-epocas-reflexiones-academicas-en-el-ambito-de-las-humanidades-2\/#breadcrumb","itemListElement":[{"@type":"ListItem","position":1,"name":"Portada","item":"https:\/\/eurytionpress.com\/en\/"},{"@type":"ListItem","position":2,"name":"Libros","item":"https:\/\/eurytionpress.com\/libros-2\/"},{"@type":"ListItem","position":3,"name":"Entre L\u00edneas y \u00c9pocas. Reflexiones Acad\u00e9micas en el \u00c1mbito de las Humanidades"}]},{"@type":"WebSite","@id":"https:\/\/eurytionpress.com\/en\/#website","url":"https:\/\/eurytionpress.com\/en\/","name":"Eurytion Press","description":"Editorial de libros cient\u00edficos y acad\u00e9micos","publisher":{"@id":"https:\/\/eurytionpress.com\/en\/#organization"},"potentialAction":[{"@type":"SearchAction","target":{"@type":"EntryPoint","urlTemplate":"https:\/\/eurytionpress.com\/en\/?s={search_term_string}"},"query-input":{"@type":"PropertyValueSpecification","valueRequired":true,"valueName":"search_term_string"}}],"inLanguage":"en-US"},{"@type":"Organization","@id":"https:\/\/eurytionpress.com\/en\/#organization","name":"Eurytion Press","url":"https:\/\/eurytionpress.com\/en\/","logo":{"@type":"ImageObject","inLanguage":"en-US","@id":"https:\/\/eurytionpress.com\/en\/#\/schema\/logo\/image\/","url":"https:\/\/eurytionpress.com\/wp-content\/uploads\/2025\/07\/eurityon-press.png","contentUrl":"https:\/\/eurytionpress.com\/wp-content\/uploads\/2025\/07\/eurityon-press.png","width":229,"height":46,"caption":"Eurytion Press"},"image":{"@id":"https:\/\/eurytionpress.com\/en\/#\/schema\/logo\/image\/"}}]}},"_links":{"self":[{"href":"https:\/\/eurytionpress.com\/en\/wp-json\/wp\/v2\/product\/23731","targetHints":{"allow":["GET"]}}],"collection":[{"href":"https:\/\/eurytionpress.com\/en\/wp-json\/wp\/v2\/product"}],"about":[{"href":"https:\/\/eurytionpress.com\/en\/wp-json\/wp\/v2\/types\/product"}],"replies":[{"embeddable":true,"href":"https:\/\/eurytionpress.com\/en\/wp-json\/wp\/v2\/comments?post=23731"}],"wp:featuredmedia":[{"embeddable":true,"href":"https:\/\/eurytionpress.com\/en\/wp-json\/wp\/v2\/media\/22340"}],"wp:attachment":[{"href":"https:\/\/eurytionpress.com\/en\/wp-json\/wp\/v2\/media?parent=23731"}],"wp:term":[{"taxonomy":"product_brand","embeddable":true,"href":"https:\/\/eurytionpress.com\/en\/wp-json\/wp\/v2\/product_brand?post=23731"},{"taxonomy":"product_cat","embeddable":true,"href":"https:\/\/eurytionpress.com\/en\/wp-json\/wp\/v2\/product_cat?post=23731"},{"taxonomy":"product_tag","embeddable":true,"href":"https:\/\/eurytionpress.com\/en\/wp-json\/wp\/v2\/product_tag?post=23731"}],"curies":[{"name":"wp","href":"https:\/\/api.w.org\/{rel}","templated":true}]}}