{"id":23739,"date":"2025-07-01T14:34:46","date_gmt":"2025-07-01T12:34:46","guid":{"rendered":"https:\/\/wpempresa.com\/eurytion\/enciclopedia-de-sistemas-de-escritura-volumen-1-alfabetos-y-consonantarios\/"},"modified":"2026-01-21T12:20:12","modified_gmt":"2026-01-21T11:20:12","slug":"enciclopedia-de-sistemas-de-escritura-volumen-1-alfabetos-enciclopedia-de-sistemas-de-escritura-ese","status":"publish","type":"product","link":"https:\/\/eurytionpress.com\/en\/enciclopedia-de-sistemas-de-escritura-volumen-1-alfabetos-enciclopedia-de-sistemas-de-escritura-ese\/","title":{"rendered":"Enciclopedia de sistemas de escritura (volumen 1): alfabetos y consonantarios"},"content":{"rendered":"<p>Velasco Sol, Santiago. Enciclopedia de sistemas de escritura (volumen 1): alfabetos y consonantarios. Edici\u00f3n digital. Badajoz: Eurytion Press, 2019.<\/p>\n","protected":false},"excerpt":{"rendered":"<p>La ENCICLOPEDIA DE SISTEMAS DE ESCRITURA (ESE) es una obra \u00fanica en su g\u00e9nero que por primera vez identifica, clasifica y describe todos los repertorios gr\u00e1ficos conocidos (y tambi\u00e9n los desconocidos) empleados para la representaci\u00f3n de las lenguas naturales y artificiales, tanto en uso como ya desaparecidos. Los 1.588 sistemas de escritura identificados en el presente volumen incluyen 334 naturales, 1.118 artificiales y 136 auxiliares, clasificados de forma razonada y justificada dentro de siete categor\u00edas estructurales: alfabetos, consonantarios, alfasilabarios, silabarios, semisilabarios, logograf\u00edas y pictograf\u00edas. Cada uno de los 334 sistemas gr\u00e1ficos naturales se acompa\u00f1a de una pr\u00e1ctica tabla ortofon\u00e9tica que incluye su repertorio completo de caracteres y su valor fon\u00e9tico (o l\u00e9xico), as\u00ed como un texto ilustrativo que muestra el empleo real de sus reglas ortogr\u00e1ficas. Los contenidos de ESE se hallan perfectamente organizados y estructurados mediante diversos \u00edndices alfab\u00e9ticos, categoriales, funcionales y ling\u00fc\u00edsticos que permiten la localizaci\u00f3n r\u00e1pida y precisa de cualquier sistema de escritura (o la lengua que lo utiliza). De esta forma, el presente volumen es al mismo tiempo un pr\u00e1ctico y accesible manual de referencia y una valiosa herramienta ling\u00fc\u00edstica que permitir\u00e1 no s\u00f3lo conocer los distintos sistemas gr\u00e1ficos de las lenguas del mundo y entender su funcionamiento, sino incluso leer y producir textos en cada uno de ellos. VOLUMEN 1 (edici\u00f3n digital): Los alfasilabarios (o abugidas), alfabetos sil\u00e1bicos en los que cada car\u00e1cter representa una consonante asociada a una vocal inherente y el resto de sonidos voc\u00e1licos se indican mediante diacr\u00edticos de modificaci\u00f3n gr\u00e1fica, constituyen el principal sistema de escritura vern\u00e1culo de la Pen\u00ednsula \u00cdndica y el sureste asi\u00e1tico. De AHOM a WARANG CHITI, ESE presenta y describe detalladamente los 75 alfasilabarios empleados para la representaci\u00f3n de las lenguas naturales (adem\u00e1s de sus variantes ortogr\u00e1ficas y las m\u00faltiples escrituras artificiales y auxiliares a las que han servido de inspiraci\u00f3n). Cada uno de los anteriores sistemas gr\u00e1ficos se acompa\u00f1a de su repertorio completo de caracteres (junto con su valor fon\u00e9tico), reglas ortogr\u00e1ficas de formaci\u00f3n, numerosos ejemplos de uso y un texto ilustrativo que muestra su empleo real y pr\u00e1ctico como forma de comunicaci\u00f3n escrita dentro de su comunidad ling\u00fc\u00edstica.<\/p>\n","protected":false},"featured_media":22308,"comment_status":"closed","ping_status":"closed","template":"","meta":[],"product_brand":[],"product_cat":[690],"product_tag":[],"class_list":{"0":"post-23739","1":"product","2":"type-product","3":"status-publish","4":"has-post-thumbnail","6":"product_cat-ebook-en","8":"first","9":"instock","10":"product-type-external"},"yoast_head":"<!-- This site is optimized with the Yoast SEO plugin v25.3.1 - https:\/\/yoast.com\/wordpress\/plugins\/seo\/ -->\n<title>Enciclopedia de sistemas de escritura (volumen 1): alfabetos y consonantarios - Eurytion Press<\/title>\n<meta name=\"robots\" content=\"index, follow, max-snippet:-1, max-image-preview:large, max-video-preview:-1\" \/>\n<link rel=\"canonical\" href=\"https:\/\/eurytionpress.com\/en\/enciclopedia-de-sistemas-de-escritura-volumen-1-alfabetos-enciclopedia-de-sistemas-de-escritura-ese\/\" \/>\n<meta property=\"og:locale\" content=\"en_US\" \/>\n<meta property=\"og:type\" content=\"article\" \/>\n<meta property=\"og:title\" content=\"Enciclopedia de sistemas de escritura (volumen 1): alfabetos y consonantarios - Eurytion Press\" \/>\n<meta property=\"og:description\" content=\"La ENCICLOPEDIA DE SISTEMAS DE ESCRITURA (ESE) es una obra \u00fanica en su g\u00e9nero que por primera vez identifica, clasifica y describe todos los repertorios gr\u00e1ficos conocidos (y tambi\u00e9n los desconocidos) empleados para la representaci\u00f3n de las lenguas naturales y artificiales, tanto en uso como ya desaparecidos. Los 1.588 sistemas de escritura identificados en el presente volumen incluyen 334 naturales, 1.118 artificiales y 136 auxiliares, clasificados de forma razonada y justificada dentro de siete categor\u00edas estructurales: alfabetos, consonantarios, alfasilabarios, silabarios, semisilabarios, logograf\u00edas y pictograf\u00edas. Cada uno de los 334 sistemas gr\u00e1ficos naturales se acompa\u00f1a de una pr\u00e1ctica tabla ortofon\u00e9tica que incluye su repertorio completo de caracteres y su valor fon\u00e9tico (o l\u00e9xico), as\u00ed como un texto ilustrativo que muestra el empleo real de sus reglas ortogr\u00e1ficas. Los contenidos de ESE se hallan perfectamente organizados y estructurados mediante diversos \u00edndices alfab\u00e9ticos, categoriales, funcionales y ling\u00fc\u00edsticos que permiten la localizaci\u00f3n r\u00e1pida y precisa de cualquier sistema de escritura (o la lengua que lo utiliza). De esta forma, el presente volumen es al mismo tiempo un pr\u00e1ctico y accesible manual de referencia y una valiosa herramienta ling\u00fc\u00edstica que permitir\u00e1 no s\u00f3lo conocer los distintos sistemas gr\u00e1ficos de las lenguas del mundo y entender su funcionamiento, sino incluso leer y producir textos en cada uno de ellos. VOLUMEN 1 (edici\u00f3n digital): Los alfasilabarios (o abugidas), alfabetos sil\u00e1bicos en los que cada car\u00e1cter representa una consonante asociada a una vocal inherente y el resto de sonidos voc\u00e1licos se indican mediante diacr\u00edticos de modificaci\u00f3n gr\u00e1fica, constituyen el principal sistema de escritura vern\u00e1culo de la Pen\u00ednsula \u00cdndica y el sureste asi\u00e1tico. De AHOM a WARANG CHITI, ESE presenta y describe detalladamente los 75 alfasilabarios empleados para la representaci\u00f3n de las lenguas naturales (adem\u00e1s de sus variantes ortogr\u00e1ficas y las m\u00faltiples escrituras artificiales y auxiliares a las que han servido de inspiraci\u00f3n). Cada uno de los anteriores sistemas gr\u00e1ficos se acompa\u00f1a de su repertorio completo de caracteres (junto con su valor fon\u00e9tico), reglas ortogr\u00e1ficas de formaci\u00f3n, numerosos ejemplos de uso y un texto ilustrativo que muestra su empleo real y pr\u00e1ctico como forma de comunicaci\u00f3n escrita dentro de su comunidad ling\u00fc\u00edstica.\" \/>\n<meta property=\"og:url\" content=\"https:\/\/eurytionpress.com\/en\/enciclopedia-de-sistemas-de-escritura-volumen-1-alfabetos-enciclopedia-de-sistemas-de-escritura-ese\/\" \/>\n<meta property=\"og:site_name\" content=\"Eurytion Press\" \/>\n<meta property=\"article:modified_time\" content=\"2026-01-21T11:20:12+00:00\" \/>\n<meta property=\"og:image\" content=\"https:\/\/eurytionpress.com\/wp-content\/uploads\/2025\/07\/ese-1-digital.png\" \/>\n\t<meta property=\"og:image:width\" content=\"802\" \/>\n\t<meta property=\"og:image:height\" content=\"1170\" \/>\n\t<meta property=\"og:image:type\" content=\"image\/png\" \/>\n<meta name=\"twitter:card\" content=\"summary_large_image\" \/>\n<script type=\"application\/ld+json\" class=\"yoast-schema-graph\">{\"@context\":\"https:\/\/schema.org\",\"@graph\":[{\"@type\":\"WebPage\",\"@id\":\"https:\/\/eurytionpress.com\/en\/enciclopedia-de-sistemas-de-escritura-volumen-1-alfabetos-enciclopedia-de-sistemas-de-escritura-ese\/\",\"url\":\"https:\/\/eurytionpress.com\/en\/enciclopedia-de-sistemas-de-escritura-volumen-1-alfabetos-enciclopedia-de-sistemas-de-escritura-ese\/\",\"name\":\"Enciclopedia de sistemas de escritura (volumen 1): alfabetos y consonantarios - Eurytion Press\",\"isPartOf\":{\"@id\":\"https:\/\/eurytionpress.com\/en\/#website\"},\"primaryImageOfPage\":{\"@id\":\"https:\/\/eurytionpress.com\/en\/enciclopedia-de-sistemas-de-escritura-volumen-1-alfabetos-enciclopedia-de-sistemas-de-escritura-ese\/#primaryimage\"},\"image\":{\"@id\":\"https:\/\/eurytionpress.com\/en\/enciclopedia-de-sistemas-de-escritura-volumen-1-alfabetos-enciclopedia-de-sistemas-de-escritura-ese\/#primaryimage\"},\"thumbnailUrl\":\"https:\/\/eurytionpress.com\/wp-content\/uploads\/2025\/07\/ese-1-digital.png\",\"datePublished\":\"2025-07-01T12:34:46+00:00\",\"dateModified\":\"2026-01-21T11:20:12+00:00\",\"breadcrumb\":{\"@id\":\"https:\/\/eurytionpress.com\/en\/enciclopedia-de-sistemas-de-escritura-volumen-1-alfabetos-enciclopedia-de-sistemas-de-escritura-ese\/#breadcrumb\"},\"inLanguage\":\"en-US\",\"potentialAction\":[{\"@type\":\"ReadAction\",\"target\":[\"https:\/\/eurytionpress.com\/en\/enciclopedia-de-sistemas-de-escritura-volumen-1-alfabetos-enciclopedia-de-sistemas-de-escritura-ese\/\"]}]},{\"@type\":\"ImageObject\",\"inLanguage\":\"en-US\",\"@id\":\"https:\/\/eurytionpress.com\/en\/enciclopedia-de-sistemas-de-escritura-volumen-1-alfabetos-enciclopedia-de-sistemas-de-escritura-ese\/#primaryimage\",\"url\":\"https:\/\/eurytionpress.com\/wp-content\/uploads\/2025\/07\/ese-1-digital.png\",\"contentUrl\":\"https:\/\/eurytionpress.com\/wp-content\/uploads\/2025\/07\/ese-1-digital.png\",\"width\":802,\"height\":1170},{\"@type\":\"BreadcrumbList\",\"@id\":\"https:\/\/eurytionpress.com\/en\/enciclopedia-de-sistemas-de-escritura-volumen-1-alfabetos-enciclopedia-de-sistemas-de-escritura-ese\/#breadcrumb\",\"itemListElement\":[{\"@type\":\"ListItem\",\"position\":1,\"name\":\"Portada\",\"item\":\"https:\/\/eurytionpress.com\/en\/\"},{\"@type\":\"ListItem\",\"position\":2,\"name\":\"Libros\",\"item\":\"https:\/\/eurytionpress.com\/libros-2\/\"},{\"@type\":\"ListItem\",\"position\":3,\"name\":\"Enciclopedia de sistemas de escritura (volumen 1): alfabetos y consonantarios\"}]},{\"@type\":\"WebSite\",\"@id\":\"https:\/\/eurytionpress.com\/en\/#website\",\"url\":\"https:\/\/eurytionpress.com\/en\/\",\"name\":\"Eurytion Press\",\"description\":\"Editorial de libros cient\u00edficos y acad\u00e9micos\",\"publisher\":{\"@id\":\"https:\/\/eurytionpress.com\/en\/#organization\"},\"potentialAction\":[{\"@type\":\"SearchAction\",\"target\":{\"@type\":\"EntryPoint\",\"urlTemplate\":\"https:\/\/eurytionpress.com\/en\/?s={search_term_string}\"},\"query-input\":{\"@type\":\"PropertyValueSpecification\",\"valueRequired\":true,\"valueName\":\"search_term_string\"}}],\"inLanguage\":\"en-US\"},{\"@type\":\"Organization\",\"@id\":\"https:\/\/eurytionpress.com\/en\/#organization\",\"name\":\"Eurytion Press\",\"url\":\"https:\/\/eurytionpress.com\/en\/\",\"logo\":{\"@type\":\"ImageObject\",\"inLanguage\":\"en-US\",\"@id\":\"https:\/\/eurytionpress.com\/en\/#\/schema\/logo\/image\/\",\"url\":\"https:\/\/eurytionpress.com\/wp-content\/uploads\/2025\/07\/eurityon-press.png\",\"contentUrl\":\"https:\/\/eurytionpress.com\/wp-content\/uploads\/2025\/07\/eurityon-press.png\",\"width\":229,\"height\":46,\"caption\":\"Eurytion Press\"},\"image\":{\"@id\":\"https:\/\/eurytionpress.com\/en\/#\/schema\/logo\/image\/\"}}]}<\/script>\n<!-- \/ Yoast SEO plugin. -->","yoast_head_json":{"title":"Enciclopedia de sistemas de escritura (volumen 1): alfabetos y consonantarios - Eurytion Press","robots":{"index":"index","follow":"follow","max-snippet":"max-snippet:-1","max-image-preview":"max-image-preview:large","max-video-preview":"max-video-preview:-1"},"canonical":"https:\/\/eurytionpress.com\/en\/enciclopedia-de-sistemas-de-escritura-volumen-1-alfabetos-enciclopedia-de-sistemas-de-escritura-ese\/","og_locale":"en_US","og_type":"article","og_title":"Enciclopedia de sistemas de escritura (volumen 1): alfabetos y consonantarios - Eurytion Press","og_description":"La ENCICLOPEDIA DE SISTEMAS DE ESCRITURA (ESE) es una obra \u00fanica en su g\u00e9nero que por primera vez identifica, clasifica y describe todos los repertorios gr\u00e1ficos conocidos (y tambi\u00e9n los desconocidos) empleados para la representaci\u00f3n de las lenguas naturales y artificiales, tanto en uso como ya desaparecidos. Los 1.588 sistemas de escritura identificados en el presente volumen incluyen 334 naturales, 1.118 artificiales y 136 auxiliares, clasificados de forma razonada y justificada dentro de siete categor\u00edas estructurales: alfabetos, consonantarios, alfasilabarios, silabarios, semisilabarios, logograf\u00edas y pictograf\u00edas. Cada uno de los 334 sistemas gr\u00e1ficos naturales se acompa\u00f1a de una pr\u00e1ctica tabla ortofon\u00e9tica que incluye su repertorio completo de caracteres y su valor fon\u00e9tico (o l\u00e9xico), as\u00ed como un texto ilustrativo que muestra el empleo real de sus reglas ortogr\u00e1ficas. Los contenidos de ESE se hallan perfectamente organizados y estructurados mediante diversos \u00edndices alfab\u00e9ticos, categoriales, funcionales y ling\u00fc\u00edsticos que permiten la localizaci\u00f3n r\u00e1pida y precisa de cualquier sistema de escritura (o la lengua que lo utiliza). De esta forma, el presente volumen es al mismo tiempo un pr\u00e1ctico y accesible manual de referencia y una valiosa herramienta ling\u00fc\u00edstica que permitir\u00e1 no s\u00f3lo conocer los distintos sistemas gr\u00e1ficos de las lenguas del mundo y entender su funcionamiento, sino incluso leer y producir textos en cada uno de ellos. VOLUMEN 1 (edici\u00f3n digital): Los alfasilabarios (o abugidas), alfabetos sil\u00e1bicos en los que cada car\u00e1cter representa una consonante asociada a una vocal inherente y el resto de sonidos voc\u00e1licos se indican mediante diacr\u00edticos de modificaci\u00f3n gr\u00e1fica, constituyen el principal sistema de escritura vern\u00e1culo de la Pen\u00ednsula \u00cdndica y el sureste asi\u00e1tico. De AHOM a WARANG CHITI, ESE presenta y describe detalladamente los 75 alfasilabarios empleados para la representaci\u00f3n de las lenguas naturales (adem\u00e1s de sus variantes ortogr\u00e1ficas y las m\u00faltiples escrituras artificiales y auxiliares a las que han servido de inspiraci\u00f3n). Cada uno de los anteriores sistemas gr\u00e1ficos se acompa\u00f1a de su repertorio completo de caracteres (junto con su valor fon\u00e9tico), reglas ortogr\u00e1ficas de formaci\u00f3n, numerosos ejemplos de uso y un texto ilustrativo que muestra su empleo real y pr\u00e1ctico como forma de comunicaci\u00f3n escrita dentro de su comunidad ling\u00fc\u00edstica.","og_url":"https:\/\/eurytionpress.com\/en\/enciclopedia-de-sistemas-de-escritura-volumen-1-alfabetos-enciclopedia-de-sistemas-de-escritura-ese\/","og_site_name":"Eurytion Press","article_modified_time":"2026-01-21T11:20:12+00:00","og_image":[{"width":802,"height":1170,"url":"https:\/\/eurytionpress.com\/wp-content\/uploads\/2025\/07\/ese-1-digital.png","type":"image\/png"}],"twitter_card":"summary_large_image","schema":{"@context":"https:\/\/schema.org","@graph":[{"@type":"WebPage","@id":"https:\/\/eurytionpress.com\/en\/enciclopedia-de-sistemas-de-escritura-volumen-1-alfabetos-enciclopedia-de-sistemas-de-escritura-ese\/","url":"https:\/\/eurytionpress.com\/en\/enciclopedia-de-sistemas-de-escritura-volumen-1-alfabetos-enciclopedia-de-sistemas-de-escritura-ese\/","name":"Enciclopedia de sistemas de escritura (volumen 1): alfabetos y consonantarios - Eurytion Press","isPartOf":{"@id":"https:\/\/eurytionpress.com\/en\/#website"},"primaryImageOfPage":{"@id":"https:\/\/eurytionpress.com\/en\/enciclopedia-de-sistemas-de-escritura-volumen-1-alfabetos-enciclopedia-de-sistemas-de-escritura-ese\/#primaryimage"},"image":{"@id":"https:\/\/eurytionpress.com\/en\/enciclopedia-de-sistemas-de-escritura-volumen-1-alfabetos-enciclopedia-de-sistemas-de-escritura-ese\/#primaryimage"},"thumbnailUrl":"https:\/\/eurytionpress.com\/wp-content\/uploads\/2025\/07\/ese-1-digital.png","datePublished":"2025-07-01T12:34:46+00:00","dateModified":"2026-01-21T11:20:12+00:00","breadcrumb":{"@id":"https:\/\/eurytionpress.com\/en\/enciclopedia-de-sistemas-de-escritura-volumen-1-alfabetos-enciclopedia-de-sistemas-de-escritura-ese\/#breadcrumb"},"inLanguage":"en-US","potentialAction":[{"@type":"ReadAction","target":["https:\/\/eurytionpress.com\/en\/enciclopedia-de-sistemas-de-escritura-volumen-1-alfabetos-enciclopedia-de-sistemas-de-escritura-ese\/"]}]},{"@type":"ImageObject","inLanguage":"en-US","@id":"https:\/\/eurytionpress.com\/en\/enciclopedia-de-sistemas-de-escritura-volumen-1-alfabetos-enciclopedia-de-sistemas-de-escritura-ese\/#primaryimage","url":"https:\/\/eurytionpress.com\/wp-content\/uploads\/2025\/07\/ese-1-digital.png","contentUrl":"https:\/\/eurytionpress.com\/wp-content\/uploads\/2025\/07\/ese-1-digital.png","width":802,"height":1170},{"@type":"BreadcrumbList","@id":"https:\/\/eurytionpress.com\/en\/enciclopedia-de-sistemas-de-escritura-volumen-1-alfabetos-enciclopedia-de-sistemas-de-escritura-ese\/#breadcrumb","itemListElement":[{"@type":"ListItem","position":1,"name":"Portada","item":"https:\/\/eurytionpress.com\/en\/"},{"@type":"ListItem","position":2,"name":"Libros","item":"https:\/\/eurytionpress.com\/libros-2\/"},{"@type":"ListItem","position":3,"name":"Enciclopedia de sistemas de escritura (volumen 1): alfabetos y consonantarios"}]},{"@type":"WebSite","@id":"https:\/\/eurytionpress.com\/en\/#website","url":"https:\/\/eurytionpress.com\/en\/","name":"Eurytion Press","description":"Editorial de libros cient\u00edficos y acad\u00e9micos","publisher":{"@id":"https:\/\/eurytionpress.com\/en\/#organization"},"potentialAction":[{"@type":"SearchAction","target":{"@type":"EntryPoint","urlTemplate":"https:\/\/eurytionpress.com\/en\/?s={search_term_string}"},"query-input":{"@type":"PropertyValueSpecification","valueRequired":true,"valueName":"search_term_string"}}],"inLanguage":"en-US"},{"@type":"Organization","@id":"https:\/\/eurytionpress.com\/en\/#organization","name":"Eurytion Press","url":"https:\/\/eurytionpress.com\/en\/","logo":{"@type":"ImageObject","inLanguage":"en-US","@id":"https:\/\/eurytionpress.com\/en\/#\/schema\/logo\/image\/","url":"https:\/\/eurytionpress.com\/wp-content\/uploads\/2025\/07\/eurityon-press.png","contentUrl":"https:\/\/eurytionpress.com\/wp-content\/uploads\/2025\/07\/eurityon-press.png","width":229,"height":46,"caption":"Eurytion Press"},"image":{"@id":"https:\/\/eurytionpress.com\/en\/#\/schema\/logo\/image\/"}}]}},"_links":{"self":[{"href":"https:\/\/eurytionpress.com\/en\/wp-json\/wp\/v2\/product\/23739","targetHints":{"allow":["GET"]}}],"collection":[{"href":"https:\/\/eurytionpress.com\/en\/wp-json\/wp\/v2\/product"}],"about":[{"href":"https:\/\/eurytionpress.com\/en\/wp-json\/wp\/v2\/types\/product"}],"replies":[{"embeddable":true,"href":"https:\/\/eurytionpress.com\/en\/wp-json\/wp\/v2\/comments?post=23739"}],"wp:featuredmedia":[{"embeddable":true,"href":"https:\/\/eurytionpress.com\/en\/wp-json\/wp\/v2\/media\/22308"}],"wp:attachment":[{"href":"https:\/\/eurytionpress.com\/en\/wp-json\/wp\/v2\/media?parent=23739"}],"wp:term":[{"taxonomy":"product_brand","embeddable":true,"href":"https:\/\/eurytionpress.com\/en\/wp-json\/wp\/v2\/product_brand?post=23739"},{"taxonomy":"product_cat","embeddable":true,"href":"https:\/\/eurytionpress.com\/en\/wp-json\/wp\/v2\/product_cat?post=23739"},{"taxonomy":"product_tag","embeddable":true,"href":"https:\/\/eurytionpress.com\/en\/wp-json\/wp\/v2\/product_tag?post=23739"}],"curies":[{"name":"wp","href":"https:\/\/api.w.org\/{rel}","templated":true}]}}