{"id":23747,"date":"2025-07-01T14:33:19","date_gmt":"2025-07-01T12:33:19","guid":{"rendered":"https:\/\/wpempresa.com\/eurytion\/educational-system-evaluation-and-quality\/"},"modified":"2025-07-01T14:33:19","modified_gmt":"2025-07-01T12:33:19","slug":"educational-system-evaluation-and-quality","status":"publish","type":"product","link":"https:\/\/eurytionpress.com\/en\/educational-system-evaluation-and-quality\/","title":{"rendered":"Educational System Evaluation and Quality"},"content":{"rendered":"<p>G\u00f3mez Gal\u00e1n, Jos\u00e9. Educational System Evaluation and Quality. 2\u00aa ed., Cupey: UMET Press, 2015. (Ed. original, Minneapolis, MN: College of Education, UMN, 1998).<\/p>\n","protected":false},"excerpt":{"rendered":"<p>This book belongs to the Educational Series collection, which combines studies whose central theme lies in the broad field of Education Sciences. Its fundamental objective is to disseminate academic works that represent important contributions to knowledge in this field from both a theoretical and practical perspective. All of them help to understand and improve educational processes in various contexts. It mainly consists of monographs, edited volumes, and critical essays that address, with conceptual and methodological rigor, crucial topics such as teaching, educational policy, the psychology of learning, educational technology, and assessment. Within this structure, the \u201cResearch Methods\u201d subseries is specifically dedicated to the study and in-depth analysis of research methodologies applied to the field of education. It aims to offer researchers, teachers, and graduate students a rigorous analysis of the various approaches (quantitative, qualitative, mixed), research designs, data collection, analysis techniques, and the ethical and epistemological considerations inherent in scientific inquiry in education. These works explore both general methodological frameworks and specific approaches to particular areas. Among them is this contribution, \u201cEducational System Evaluation and Quality,\u201d a high-quality work that offers a new theoretical construct on educational evaluation, focusing on the most methodologically complex type of evaluation: the evaluation of an educational system. The work offers a detailed guide to what this evaluation should mean today, considering it the best instrument and driving force for improving the quality of teaching. This work can be valuable to many education professionals, from education managers and researchers to teachers at different academic levels, who will find it rigorously scientific, useful, and innovative work.<\/p>\n","protected":false},"featured_media":22276,"comment_status":"closed","ping_status":"closed","template":"","meta":[],"product_brand":[],"product_cat":[689,925],"product_tag":[],"class_list":{"0":"post-23747","1":"product","2":"type-product","3":"status-publish","4":"has-post-thumbnail","6":"product_cat-international-en","7":"product_cat-printed-book","9":"first","10":"instock","11":"product-type-external"},"yoast_head":"<!-- This site is optimized with the Yoast SEO plugin v25.3.1 - https:\/\/yoast.com\/wordpress\/plugins\/seo\/ -->\n<title>Educational System Evaluation and Quality - Eurytion Press<\/title>\n<meta name=\"robots\" content=\"index, follow, max-snippet:-1, max-image-preview:large, max-video-preview:-1\" \/>\n<link rel=\"canonical\" href=\"https:\/\/eurytionpress.com\/en\/educational-system-evaluation-and-quality\/\" \/>\n<meta property=\"og:locale\" content=\"en_US\" \/>\n<meta property=\"og:type\" content=\"article\" \/>\n<meta property=\"og:title\" content=\"Educational System Evaluation and Quality - Eurytion Press\" \/>\n<meta property=\"og:description\" content=\"This book belongs to the Educational Series collection, which combines studies whose central theme lies in the broad field of Education Sciences. Its fundamental objective is to disseminate academic works that represent important contributions to knowledge in this field from both a theoretical and practical perspective. All of them help to understand and improve educational processes in various contexts. It mainly consists of monographs, edited volumes, and critical essays that address, with conceptual and methodological rigor, crucial topics such as teaching, educational policy, the psychology of learning, educational technology, and assessment. Within this structure, the \u201cResearch Methods\u201d subseries is specifically dedicated to the study and in-depth analysis of research methodologies applied to the field of education. It aims to offer researchers, teachers, and graduate students a rigorous analysis of the various approaches (quantitative, qualitative, mixed), research designs, data collection, analysis techniques, and the ethical and epistemological considerations inherent in scientific inquiry in education. These works explore both general methodological frameworks and specific approaches to particular areas. Among them is this contribution, \u201cEducational System Evaluation and Quality,\u201d a high-quality work that offers a new theoretical construct on educational evaluation, focusing on the most methodologically complex type of evaluation: the evaluation of an educational system. The work offers a detailed guide to what this evaluation should mean today, considering it the best instrument and driving force for improving the quality of teaching. This work can be valuable to many education professionals, from education managers and researchers to teachers at different academic levels, who will find it rigorously scientific, useful, and innovative work.\" \/>\n<meta property=\"og:url\" content=\"https:\/\/eurytionpress.com\/en\/educational-system-evaluation-and-quality\/\" \/>\n<meta property=\"og:site_name\" content=\"Eurytion Press\" \/>\n<meta property=\"og:image\" content=\"https:\/\/eurytionpress.com\/wp-content\/uploads\/2025\/07\/educational-system-evaluation.png\" \/>\n\t<meta property=\"og:image:width\" content=\"782\" \/>\n\t<meta property=\"og:image:height\" content=\"1169\" \/>\n\t<meta property=\"og:image:type\" content=\"image\/png\" \/>\n<meta name=\"twitter:card\" content=\"summary_large_image\" \/>\n<script type=\"application\/ld+json\" class=\"yoast-schema-graph\">{\"@context\":\"https:\/\/schema.org\",\"@graph\":[{\"@type\":\"WebPage\",\"@id\":\"https:\/\/eurytionpress.com\/en\/educational-system-evaluation-and-quality\/\",\"url\":\"https:\/\/eurytionpress.com\/en\/educational-system-evaluation-and-quality\/\",\"name\":\"Educational System Evaluation and Quality - Eurytion Press\",\"isPartOf\":{\"@id\":\"https:\/\/eurytionpress.com\/en\/#website\"},\"primaryImageOfPage\":{\"@id\":\"https:\/\/eurytionpress.com\/en\/educational-system-evaluation-and-quality\/#primaryimage\"},\"image\":{\"@id\":\"https:\/\/eurytionpress.com\/en\/educational-system-evaluation-and-quality\/#primaryimage\"},\"thumbnailUrl\":\"https:\/\/eurytionpress.com\/wp-content\/uploads\/2025\/07\/educational-system-evaluation.png\",\"datePublished\":\"2025-07-01T12:33:19+00:00\",\"breadcrumb\":{\"@id\":\"https:\/\/eurytionpress.com\/en\/educational-system-evaluation-and-quality\/#breadcrumb\"},\"inLanguage\":\"en-US\",\"potentialAction\":[{\"@type\":\"ReadAction\",\"target\":[\"https:\/\/eurytionpress.com\/en\/educational-system-evaluation-and-quality\/\"]}]},{\"@type\":\"ImageObject\",\"inLanguage\":\"en-US\",\"@id\":\"https:\/\/eurytionpress.com\/en\/educational-system-evaluation-and-quality\/#primaryimage\",\"url\":\"https:\/\/eurytionpress.com\/wp-content\/uploads\/2025\/07\/educational-system-evaluation.png\",\"contentUrl\":\"https:\/\/eurytionpress.com\/wp-content\/uploads\/2025\/07\/educational-system-evaluation.png\",\"width\":782,\"height\":1169},{\"@type\":\"BreadcrumbList\",\"@id\":\"https:\/\/eurytionpress.com\/en\/educational-system-evaluation-and-quality\/#breadcrumb\",\"itemListElement\":[{\"@type\":\"ListItem\",\"position\":1,\"name\":\"Portada\",\"item\":\"https:\/\/eurytionpress.com\/en\/\"},{\"@type\":\"ListItem\",\"position\":2,\"name\":\"Libros\",\"item\":\"https:\/\/eurytionpress.com\/libros-2\/\"},{\"@type\":\"ListItem\",\"position\":3,\"name\":\"Educational System Evaluation and Quality\"}]},{\"@type\":\"WebSite\",\"@id\":\"https:\/\/eurytionpress.com\/en\/#website\",\"url\":\"https:\/\/eurytionpress.com\/en\/\",\"name\":\"Eurytion Press\",\"description\":\"Editorial de libros cient\u00edficos y acad\u00e9micos\",\"publisher\":{\"@id\":\"https:\/\/eurytionpress.com\/en\/#organization\"},\"potentialAction\":[{\"@type\":\"SearchAction\",\"target\":{\"@type\":\"EntryPoint\",\"urlTemplate\":\"https:\/\/eurytionpress.com\/en\/?s={search_term_string}\"},\"query-input\":{\"@type\":\"PropertyValueSpecification\",\"valueRequired\":true,\"valueName\":\"search_term_string\"}}],\"inLanguage\":\"en-US\"},{\"@type\":\"Organization\",\"@id\":\"https:\/\/eurytionpress.com\/en\/#organization\",\"name\":\"Eurytion Press\",\"url\":\"https:\/\/eurytionpress.com\/en\/\",\"logo\":{\"@type\":\"ImageObject\",\"inLanguage\":\"en-US\",\"@id\":\"https:\/\/eurytionpress.com\/en\/#\/schema\/logo\/image\/\",\"url\":\"https:\/\/eurytionpress.com\/wp-content\/uploads\/2025\/07\/eurityon-press.png\",\"contentUrl\":\"https:\/\/eurytionpress.com\/wp-content\/uploads\/2025\/07\/eurityon-press.png\",\"width\":229,\"height\":46,\"caption\":\"Eurytion Press\"},\"image\":{\"@id\":\"https:\/\/eurytionpress.com\/en\/#\/schema\/logo\/image\/\"}}]}<\/script>\n<!-- \/ Yoast SEO plugin. -->","yoast_head_json":{"title":"Educational System Evaluation and Quality - Eurytion Press","robots":{"index":"index","follow":"follow","max-snippet":"max-snippet:-1","max-image-preview":"max-image-preview:large","max-video-preview":"max-video-preview:-1"},"canonical":"https:\/\/eurytionpress.com\/en\/educational-system-evaluation-and-quality\/","og_locale":"en_US","og_type":"article","og_title":"Educational System Evaluation and Quality - Eurytion Press","og_description":"This book belongs to the Educational Series collection, which combines studies whose central theme lies in the broad field of Education Sciences. Its fundamental objective is to disseminate academic works that represent important contributions to knowledge in this field from both a theoretical and practical perspective. All of them help to understand and improve educational processes in various contexts. It mainly consists of monographs, edited volumes, and critical essays that address, with conceptual and methodological rigor, crucial topics such as teaching, educational policy, the psychology of learning, educational technology, and assessment. Within this structure, the \u201cResearch Methods\u201d subseries is specifically dedicated to the study and in-depth analysis of research methodologies applied to the field of education. It aims to offer researchers, teachers, and graduate students a rigorous analysis of the various approaches (quantitative, qualitative, mixed), research designs, data collection, analysis techniques, and the ethical and epistemological considerations inherent in scientific inquiry in education. These works explore both general methodological frameworks and specific approaches to particular areas. Among them is this contribution, \u201cEducational System Evaluation and Quality,\u201d a high-quality work that offers a new theoretical construct on educational evaluation, focusing on the most methodologically complex type of evaluation: the evaluation of an educational system. The work offers a detailed guide to what this evaluation should mean today, considering it the best instrument and driving force for improving the quality of teaching. This work can be valuable to many education professionals, from education managers and researchers to teachers at different academic levels, who will find it rigorously scientific, useful, and innovative work.","og_url":"https:\/\/eurytionpress.com\/en\/educational-system-evaluation-and-quality\/","og_site_name":"Eurytion Press","og_image":[{"width":782,"height":1169,"url":"https:\/\/eurytionpress.com\/wp-content\/uploads\/2025\/07\/educational-system-evaluation.png","type":"image\/png"}],"twitter_card":"summary_large_image","schema":{"@context":"https:\/\/schema.org","@graph":[{"@type":"WebPage","@id":"https:\/\/eurytionpress.com\/en\/educational-system-evaluation-and-quality\/","url":"https:\/\/eurytionpress.com\/en\/educational-system-evaluation-and-quality\/","name":"Educational System Evaluation and Quality - Eurytion Press","isPartOf":{"@id":"https:\/\/eurytionpress.com\/en\/#website"},"primaryImageOfPage":{"@id":"https:\/\/eurytionpress.com\/en\/educational-system-evaluation-and-quality\/#primaryimage"},"image":{"@id":"https:\/\/eurytionpress.com\/en\/educational-system-evaluation-and-quality\/#primaryimage"},"thumbnailUrl":"https:\/\/eurytionpress.com\/wp-content\/uploads\/2025\/07\/educational-system-evaluation.png","datePublished":"2025-07-01T12:33:19+00:00","breadcrumb":{"@id":"https:\/\/eurytionpress.com\/en\/educational-system-evaluation-and-quality\/#breadcrumb"},"inLanguage":"en-US","potentialAction":[{"@type":"ReadAction","target":["https:\/\/eurytionpress.com\/en\/educational-system-evaluation-and-quality\/"]}]},{"@type":"ImageObject","inLanguage":"en-US","@id":"https:\/\/eurytionpress.com\/en\/educational-system-evaluation-and-quality\/#primaryimage","url":"https:\/\/eurytionpress.com\/wp-content\/uploads\/2025\/07\/educational-system-evaluation.png","contentUrl":"https:\/\/eurytionpress.com\/wp-content\/uploads\/2025\/07\/educational-system-evaluation.png","width":782,"height":1169},{"@type":"BreadcrumbList","@id":"https:\/\/eurytionpress.com\/en\/educational-system-evaluation-and-quality\/#breadcrumb","itemListElement":[{"@type":"ListItem","position":1,"name":"Portada","item":"https:\/\/eurytionpress.com\/en\/"},{"@type":"ListItem","position":2,"name":"Libros","item":"https:\/\/eurytionpress.com\/libros-2\/"},{"@type":"ListItem","position":3,"name":"Educational System Evaluation and Quality"}]},{"@type":"WebSite","@id":"https:\/\/eurytionpress.com\/en\/#website","url":"https:\/\/eurytionpress.com\/en\/","name":"Eurytion Press","description":"Editorial de libros cient\u00edficos y acad\u00e9micos","publisher":{"@id":"https:\/\/eurytionpress.com\/en\/#organization"},"potentialAction":[{"@type":"SearchAction","target":{"@type":"EntryPoint","urlTemplate":"https:\/\/eurytionpress.com\/en\/?s={search_term_string}"},"query-input":{"@type":"PropertyValueSpecification","valueRequired":true,"valueName":"search_term_string"}}],"inLanguage":"en-US"},{"@type":"Organization","@id":"https:\/\/eurytionpress.com\/en\/#organization","name":"Eurytion Press","url":"https:\/\/eurytionpress.com\/en\/","logo":{"@type":"ImageObject","inLanguage":"en-US","@id":"https:\/\/eurytionpress.com\/en\/#\/schema\/logo\/image\/","url":"https:\/\/eurytionpress.com\/wp-content\/uploads\/2025\/07\/eurityon-press.png","contentUrl":"https:\/\/eurytionpress.com\/wp-content\/uploads\/2025\/07\/eurityon-press.png","width":229,"height":46,"caption":"Eurytion Press"},"image":{"@id":"https:\/\/eurytionpress.com\/en\/#\/schema\/logo\/image\/"}}]}},"_links":{"self":[{"href":"https:\/\/eurytionpress.com\/en\/wp-json\/wp\/v2\/product\/23747","targetHints":{"allow":["GET"]}}],"collection":[{"href":"https:\/\/eurytionpress.com\/en\/wp-json\/wp\/v2\/product"}],"about":[{"href":"https:\/\/eurytionpress.com\/en\/wp-json\/wp\/v2\/types\/product"}],"replies":[{"embeddable":true,"href":"https:\/\/eurytionpress.com\/en\/wp-json\/wp\/v2\/comments?post=23747"}],"wp:featuredmedia":[{"embeddable":true,"href":"https:\/\/eurytionpress.com\/en\/wp-json\/wp\/v2\/media\/22276"}],"wp:attachment":[{"href":"https:\/\/eurytionpress.com\/en\/wp-json\/wp\/v2\/media?parent=23747"}],"wp:term":[{"taxonomy":"product_brand","embeddable":true,"href":"https:\/\/eurytionpress.com\/en\/wp-json\/wp\/v2\/product_brand?post=23747"},{"taxonomy":"product_cat","embeddable":true,"href":"https:\/\/eurytionpress.com\/en\/wp-json\/wp\/v2\/product_cat?post=23747"},{"taxonomy":"product_tag","embeddable":true,"href":"https:\/\/eurytionpress.com\/en\/wp-json\/wp\/v2\/product_tag?post=23747"}],"curies":[{"name":"wp","href":"https:\/\/api.w.org\/{rel}","templated":true}]}}