{"id":23749,"date":"2025-07-01T14:32:54","date_gmt":"2025-07-01T12:32:54","guid":{"rendered":"https:\/\/wpempresa.com\/eurytion\/education-for-interreligious-dialogue\/"},"modified":"2025-07-01T14:32:54","modified_gmt":"2025-07-01T12:32:54","slug":"education-for-interreligious-dialogue","status":"publish","type":"product","link":"https:\/\/eurytionpress.com\/en\/education-for-interreligious-dialogue\/","title":{"rendered":"Education for Interreligious Dialogue"},"content":{"rendered":"<p>G\u00f3mez Gal\u00e1n, Jos\u00e9. Education for Interreligious Dialogue. Cupey: UMET Press, 2017.<\/p>\n","protected":false},"excerpt":{"rendered":"<p>This work belongs to the \u201cEducation Collection\u201d series, a key compendium of academic research that addresses fundamental areas within contemporary educational theory and practice. The books that make up this series cover a broad and complex spectrum of research, delving into specific pedagogical strategies, innovative teaching tools, debates on curricular content, and critically examining pressing social, ethical, and philosophical issues at their intersection with educational environments. Each volume deals monographically with an educational issue of great interest, whether theoretical or practical and offers rigorous analysis to increase knowledge about it while proposing effective strategies to address it. The results obtained in each of them, always through methodical research processes, position the collection as an essential resource for university academics, researchers, educators, and social leaders who seek to gain an in-depth understanding of the most innovative educational topics and original teaching approaches. This series, as a whole, helps to understand the complexities and advances that shape the field of education today at a global level and is a response to the need for updating in a changing society with new challenges in which the dialogue between education and society is fundamental.<\/p>\n","protected":false},"featured_media":22268,"comment_status":"closed","ping_status":"closed","template":"","meta":[],"product_brand":[],"product_cat":[689,925],"product_tag":[],"class_list":{"0":"post-23749","1":"product","2":"type-product","3":"status-publish","4":"has-post-thumbnail","6":"product_cat-international-en","7":"product_cat-printed-book","9":"first","10":"instock","11":"product-type-external"},"yoast_head":"<!-- This site is optimized with the Yoast SEO plugin v25.3.1 - https:\/\/yoast.com\/wordpress\/plugins\/seo\/ -->\n<title>Education for Interreligious Dialogue - Eurytion Press<\/title>\n<meta name=\"robots\" content=\"index, follow, max-snippet:-1, max-image-preview:large, max-video-preview:-1\" \/>\n<link rel=\"canonical\" href=\"https:\/\/eurytionpress.com\/en\/education-for-interreligious-dialogue\/\" \/>\n<meta property=\"og:locale\" content=\"en_US\" \/>\n<meta property=\"og:type\" content=\"article\" \/>\n<meta property=\"og:title\" content=\"Education for Interreligious Dialogue - Eurytion Press\" \/>\n<meta property=\"og:description\" content=\"This work belongs to the \u201cEducation Collection\u201d series, a key compendium of academic research that addresses fundamental areas within contemporary educational theory and practice. The books that make up this series cover a broad and complex spectrum of research, delving into specific pedagogical strategies, innovative teaching tools, debates on curricular content, and critically examining pressing social, ethical, and philosophical issues at their intersection with educational environments. Each volume deals monographically with an educational issue of great interest, whether theoretical or practical and offers rigorous analysis to increase knowledge about it while proposing effective strategies to address it. The results obtained in each of them, always through methodical research processes, position the collection as an essential resource for university academics, researchers, educators, and social leaders who seek to gain an in-depth understanding of the most innovative educational topics and original teaching approaches. This series, as a whole, helps to understand the complexities and advances that shape the field of education today at a global level and is a response to the need for updating in a changing society with new challenges in which the dialogue between education and society is fundamental.\" \/>\n<meta property=\"og:url\" content=\"https:\/\/eurytionpress.com\/en\/education-for-interreligious-dialogue\/\" \/>\n<meta property=\"og:site_name\" content=\"Eurytion Press\" \/>\n<meta property=\"og:image\" content=\"https:\/\/eurytionpress.com\/wp-content\/uploads\/2025\/07\/education-for-interreligious-dialogue-cover.png\" \/>\n\t<meta property=\"og:image:width\" content=\"745\" \/>\n\t<meta property=\"og:image:height\" content=\"1170\" \/>\n\t<meta property=\"og:image:type\" content=\"image\/png\" \/>\n<meta name=\"twitter:card\" content=\"summary_large_image\" \/>\n<script type=\"application\/ld+json\" class=\"yoast-schema-graph\">{\"@context\":\"https:\/\/schema.org\",\"@graph\":[{\"@type\":\"WebPage\",\"@id\":\"https:\/\/eurytionpress.com\/en\/education-for-interreligious-dialogue\/\",\"url\":\"https:\/\/eurytionpress.com\/en\/education-for-interreligious-dialogue\/\",\"name\":\"Education for Interreligious Dialogue - Eurytion Press\",\"isPartOf\":{\"@id\":\"https:\/\/eurytionpress.com\/en\/#website\"},\"primaryImageOfPage\":{\"@id\":\"https:\/\/eurytionpress.com\/en\/education-for-interreligious-dialogue\/#primaryimage\"},\"image\":{\"@id\":\"https:\/\/eurytionpress.com\/en\/education-for-interreligious-dialogue\/#primaryimage\"},\"thumbnailUrl\":\"https:\/\/eurytionpress.com\/wp-content\/uploads\/2025\/07\/education-for-interreligious-dialogue-cover.png\",\"datePublished\":\"2025-07-01T12:32:54+00:00\",\"breadcrumb\":{\"@id\":\"https:\/\/eurytionpress.com\/en\/education-for-interreligious-dialogue\/#breadcrumb\"},\"inLanguage\":\"en-US\",\"potentialAction\":[{\"@type\":\"ReadAction\",\"target\":[\"https:\/\/eurytionpress.com\/en\/education-for-interreligious-dialogue\/\"]}]},{\"@type\":\"ImageObject\",\"inLanguage\":\"en-US\",\"@id\":\"https:\/\/eurytionpress.com\/en\/education-for-interreligious-dialogue\/#primaryimage\",\"url\":\"https:\/\/eurytionpress.com\/wp-content\/uploads\/2025\/07\/education-for-interreligious-dialogue-cover.png\",\"contentUrl\":\"https:\/\/eurytionpress.com\/wp-content\/uploads\/2025\/07\/education-for-interreligious-dialogue-cover.png\",\"width\":745,\"height\":1170},{\"@type\":\"BreadcrumbList\",\"@id\":\"https:\/\/eurytionpress.com\/en\/education-for-interreligious-dialogue\/#breadcrumb\",\"itemListElement\":[{\"@type\":\"ListItem\",\"position\":1,\"name\":\"Portada\",\"item\":\"https:\/\/eurytionpress.com\/en\/\"},{\"@type\":\"ListItem\",\"position\":2,\"name\":\"Libros\",\"item\":\"https:\/\/eurytionpress.com\/libros-2\/\"},{\"@type\":\"ListItem\",\"position\":3,\"name\":\"Education for Interreligious Dialogue\"}]},{\"@type\":\"WebSite\",\"@id\":\"https:\/\/eurytionpress.com\/en\/#website\",\"url\":\"https:\/\/eurytionpress.com\/en\/\",\"name\":\"Eurytion Press\",\"description\":\"Editorial de libros cient\u00edficos y acad\u00e9micos\",\"publisher\":{\"@id\":\"https:\/\/eurytionpress.com\/en\/#organization\"},\"potentialAction\":[{\"@type\":\"SearchAction\",\"target\":{\"@type\":\"EntryPoint\",\"urlTemplate\":\"https:\/\/eurytionpress.com\/en\/?s={search_term_string}\"},\"query-input\":{\"@type\":\"PropertyValueSpecification\",\"valueRequired\":true,\"valueName\":\"search_term_string\"}}],\"inLanguage\":\"en-US\"},{\"@type\":\"Organization\",\"@id\":\"https:\/\/eurytionpress.com\/en\/#organization\",\"name\":\"Eurytion Press\",\"url\":\"https:\/\/eurytionpress.com\/en\/\",\"logo\":{\"@type\":\"ImageObject\",\"inLanguage\":\"en-US\",\"@id\":\"https:\/\/eurytionpress.com\/en\/#\/schema\/logo\/image\/\",\"url\":\"https:\/\/eurytionpress.com\/wp-content\/uploads\/2025\/07\/eurityon-press.png\",\"contentUrl\":\"https:\/\/eurytionpress.com\/wp-content\/uploads\/2025\/07\/eurityon-press.png\",\"width\":229,\"height\":46,\"caption\":\"Eurytion Press\"},\"image\":{\"@id\":\"https:\/\/eurytionpress.com\/en\/#\/schema\/logo\/image\/\"}}]}<\/script>\n<!-- \/ Yoast SEO plugin. -->","yoast_head_json":{"title":"Education for Interreligious Dialogue - Eurytion Press","robots":{"index":"index","follow":"follow","max-snippet":"max-snippet:-1","max-image-preview":"max-image-preview:large","max-video-preview":"max-video-preview:-1"},"canonical":"https:\/\/eurytionpress.com\/en\/education-for-interreligious-dialogue\/","og_locale":"en_US","og_type":"article","og_title":"Education for Interreligious Dialogue - Eurytion Press","og_description":"This work belongs to the \u201cEducation Collection\u201d series, a key compendium of academic research that addresses fundamental areas within contemporary educational theory and practice. The books that make up this series cover a broad and complex spectrum of research, delving into specific pedagogical strategies, innovative teaching tools, debates on curricular content, and critically examining pressing social, ethical, and philosophical issues at their intersection with educational environments. Each volume deals monographically with an educational issue of great interest, whether theoretical or practical and offers rigorous analysis to increase knowledge about it while proposing effective strategies to address it. The results obtained in each of them, always through methodical research processes, position the collection as an essential resource for university academics, researchers, educators, and social leaders who seek to gain an in-depth understanding of the most innovative educational topics and original teaching approaches. This series, as a whole, helps to understand the complexities and advances that shape the field of education today at a global level and is a response to the need for updating in a changing society with new challenges in which the dialogue between education and society is fundamental.","og_url":"https:\/\/eurytionpress.com\/en\/education-for-interreligious-dialogue\/","og_site_name":"Eurytion Press","og_image":[{"width":745,"height":1170,"url":"https:\/\/eurytionpress.com\/wp-content\/uploads\/2025\/07\/education-for-interreligious-dialogue-cover.png","type":"image\/png"}],"twitter_card":"summary_large_image","schema":{"@context":"https:\/\/schema.org","@graph":[{"@type":"WebPage","@id":"https:\/\/eurytionpress.com\/en\/education-for-interreligious-dialogue\/","url":"https:\/\/eurytionpress.com\/en\/education-for-interreligious-dialogue\/","name":"Education for Interreligious Dialogue - Eurytion Press","isPartOf":{"@id":"https:\/\/eurytionpress.com\/en\/#website"},"primaryImageOfPage":{"@id":"https:\/\/eurytionpress.com\/en\/education-for-interreligious-dialogue\/#primaryimage"},"image":{"@id":"https:\/\/eurytionpress.com\/en\/education-for-interreligious-dialogue\/#primaryimage"},"thumbnailUrl":"https:\/\/eurytionpress.com\/wp-content\/uploads\/2025\/07\/education-for-interreligious-dialogue-cover.png","datePublished":"2025-07-01T12:32:54+00:00","breadcrumb":{"@id":"https:\/\/eurytionpress.com\/en\/education-for-interreligious-dialogue\/#breadcrumb"},"inLanguage":"en-US","potentialAction":[{"@type":"ReadAction","target":["https:\/\/eurytionpress.com\/en\/education-for-interreligious-dialogue\/"]}]},{"@type":"ImageObject","inLanguage":"en-US","@id":"https:\/\/eurytionpress.com\/en\/education-for-interreligious-dialogue\/#primaryimage","url":"https:\/\/eurytionpress.com\/wp-content\/uploads\/2025\/07\/education-for-interreligious-dialogue-cover.png","contentUrl":"https:\/\/eurytionpress.com\/wp-content\/uploads\/2025\/07\/education-for-interreligious-dialogue-cover.png","width":745,"height":1170},{"@type":"BreadcrumbList","@id":"https:\/\/eurytionpress.com\/en\/education-for-interreligious-dialogue\/#breadcrumb","itemListElement":[{"@type":"ListItem","position":1,"name":"Portada","item":"https:\/\/eurytionpress.com\/en\/"},{"@type":"ListItem","position":2,"name":"Libros","item":"https:\/\/eurytionpress.com\/libros-2\/"},{"@type":"ListItem","position":3,"name":"Education for Interreligious Dialogue"}]},{"@type":"WebSite","@id":"https:\/\/eurytionpress.com\/en\/#website","url":"https:\/\/eurytionpress.com\/en\/","name":"Eurytion Press","description":"Editorial de libros cient\u00edficos y acad\u00e9micos","publisher":{"@id":"https:\/\/eurytionpress.com\/en\/#organization"},"potentialAction":[{"@type":"SearchAction","target":{"@type":"EntryPoint","urlTemplate":"https:\/\/eurytionpress.com\/en\/?s={search_term_string}"},"query-input":{"@type":"PropertyValueSpecification","valueRequired":true,"valueName":"search_term_string"}}],"inLanguage":"en-US"},{"@type":"Organization","@id":"https:\/\/eurytionpress.com\/en\/#organization","name":"Eurytion Press","url":"https:\/\/eurytionpress.com\/en\/","logo":{"@type":"ImageObject","inLanguage":"en-US","@id":"https:\/\/eurytionpress.com\/en\/#\/schema\/logo\/image\/","url":"https:\/\/eurytionpress.com\/wp-content\/uploads\/2025\/07\/eurityon-press.png","contentUrl":"https:\/\/eurytionpress.com\/wp-content\/uploads\/2025\/07\/eurityon-press.png","width":229,"height":46,"caption":"Eurytion Press"},"image":{"@id":"https:\/\/eurytionpress.com\/en\/#\/schema\/logo\/image\/"}}]}},"_links":{"self":[{"href":"https:\/\/eurytionpress.com\/en\/wp-json\/wp\/v2\/product\/23749","targetHints":{"allow":["GET"]}}],"collection":[{"href":"https:\/\/eurytionpress.com\/en\/wp-json\/wp\/v2\/product"}],"about":[{"href":"https:\/\/eurytionpress.com\/en\/wp-json\/wp\/v2\/types\/product"}],"replies":[{"embeddable":true,"href":"https:\/\/eurytionpress.com\/en\/wp-json\/wp\/v2\/comments?post=23749"}],"wp:featuredmedia":[{"embeddable":true,"href":"https:\/\/eurytionpress.com\/en\/wp-json\/wp\/v2\/media\/22268"}],"wp:attachment":[{"href":"https:\/\/eurytionpress.com\/en\/wp-json\/wp\/v2\/media?parent=23749"}],"wp:term":[{"taxonomy":"product_brand","embeddable":true,"href":"https:\/\/eurytionpress.com\/en\/wp-json\/wp\/v2\/product_brand?post=23749"},{"taxonomy":"product_cat","embeddable":true,"href":"https:\/\/eurytionpress.com\/en\/wp-json\/wp\/v2\/product_cat?post=23749"},{"taxonomy":"product_tag","embeddable":true,"href":"https:\/\/eurytionpress.com\/en\/wp-json\/wp\/v2\/product_tag?post=23749"}],"curies":[{"name":"wp","href":"https:\/\/api.w.org\/{rel}","templated":true}]}}