{"id":23750,"date":"2025-07-01T14:32:33","date_gmt":"2025-07-01T12:32:33","guid":{"rendered":"https:\/\/wpempresa.com\/eurytion\/educacion-proteccion-animal-y-bioetica\/"},"modified":"2025-07-01T14:32:33","modified_gmt":"2025-07-01T12:32:33","slug":"educacion-proteccion-animal-y-bioetica","status":"publish","type":"product","link":"https:\/\/eurytionpress.com\/en\/educacion-proteccion-animal-y-bioetica\/","title":{"rendered":"Educaci\u00f3n, Protecci\u00f3n Animal y Bio\u00e9tica"},"content":{"rendered":"<p>G\u00f3mez Gal\u00e1n, Jos\u00e9. Educaci\u00f3n, Protecci\u00f3n Animal y Bio\u00e9tica. 2\u00aa ed., San Juan: Universidad Metropolitana, 2015. (Ed. original, Badajoz: Dto. Educaci\u00f3n, UEx, 2010).<\/p>\n","protected":false},"excerpt":{"rendered":"<p>La obra &#8220;Educaci\u00f3n, Protecci\u00f3n Animal y Bio\u00e9tica&#8221; constituye un manual universitario derivado de una asignatura hom\u00f3nima, pionera cuando se dise\u00f1\u00f3 e imparti\u00f3 tanto a nivel nacional como internacional. El texto articula una fundamentaci\u00f3n multidisciplinar que integra la bio\u00e9tica, la ciencia y la pedagog\u00eda para abordar la protecci\u00f3n animal como un imperativo educativo contempor\u00e1neo. Estructurado en unidades tem\u00e1ticas que abarcan desde las bases epistemol\u00f3gicas y terminol\u00f3gicas hasta el an\u00e1lisis cr\u00edtico del antropocentrismo y el especismo, el libro profundiza en las \u00e9ticas de la naturaleza y de la vida, argumentando cient\u00edficamente sobre la sintiencia animal y la necesidad de extender el c\u00edrculo de consideraci\u00f3n moral y jur\u00eddica. Se subraya la importancia de una educaci\u00f3n integral que transcienda lo cognitivo \u2013que, por supuesto, resulta imprescindible\u2013 para incidir tambi\u00e9n en las dimensiones procedimental y, fundamentalmente, actitudinal, promoviendo la empat\u00eda y el respeto hacia los animales no humanos. El autor postula que la superaci\u00f3n del especismo resulta clave en el progreso moral humano, siendo una frontera que debe superarse, an\u00e1loga a otras conquistas que se emprendieron en su momento en otros \u00e1mbitos. El libro defiende la inclusi\u00f3n curricular de la protecci\u00f3n animal en todos los niveles formativos como herramienta esencial para formar una ciudadan\u00eda responsable y avanzar hacia una sociedad \u00e9ticamente m\u00e1s evolucionada. Pero la obra no s\u00f3lo perfila un marco te\u00f3rico, sino que establece su aplicaci\u00f3n pr\u00e1ctiva. Se presentan estrategias did\u00e1cticas y modelos de actividades muy innovadores, tanto con el uso de materiales educativos tradicionales \u2013creados espec\u00edficamente para este fin\u2013 como sobre todo multimedia, relacionados todos ellos con las problem\u00e1ticas abordadas en el trabajo y que han sido aplicados con \u00e9xito en distintos niveles educativos adaptados a los mismos. Este manual es, por tanto, un recurso fundamental para investigadores y docentes interesados en la intersecci\u00f3n cr\u00edtica entre educaci\u00f3n, \u00e9tica y bienestar animal, y el desarrollo de programas formativos para la defensa y protecci\u00f3n de los animales.<\/p>\n","protected":false},"featured_media":22264,"comment_status":"closed","ping_status":"closed","template":"","meta":[],"product_brand":[],"product_cat":[689,925],"product_tag":[],"class_list":{"0":"post-23750","1":"product","2":"type-product","3":"status-publish","4":"has-post-thumbnail","6":"product_cat-international-en","7":"product_cat-printed-book","9":"first","10":"instock","11":"product-type-external"},"yoast_head":"<!-- This site is optimized with the Yoast SEO plugin v25.3.1 - https:\/\/yoast.com\/wordpress\/plugins\/seo\/ -->\n<title>Educaci\u00f3n, Protecci\u00f3n Animal y Bio\u00e9tica - Eurytion Press<\/title>\n<meta name=\"robots\" content=\"index, follow, max-snippet:-1, max-image-preview:large, max-video-preview:-1\" \/>\n<link rel=\"canonical\" href=\"https:\/\/eurytionpress.com\/en\/educacion-proteccion-animal-y-bioetica\/\" \/>\n<meta property=\"og:locale\" content=\"en_US\" \/>\n<meta property=\"og:type\" content=\"article\" \/>\n<meta property=\"og:title\" content=\"Educaci\u00f3n, Protecci\u00f3n Animal y Bio\u00e9tica - Eurytion Press\" \/>\n<meta property=\"og:description\" content=\"La obra &quot;Educaci\u00f3n, Protecci\u00f3n Animal y Bio\u00e9tica&quot; constituye un manual universitario derivado de una asignatura hom\u00f3nima, pionera cuando se dise\u00f1\u00f3 e imparti\u00f3 tanto a nivel nacional como internacional. El texto articula una fundamentaci\u00f3n multidisciplinar que integra la bio\u00e9tica, la ciencia y la pedagog\u00eda para abordar la protecci\u00f3n animal como un imperativo educativo contempor\u00e1neo. Estructurado en unidades tem\u00e1ticas que abarcan desde las bases epistemol\u00f3gicas y terminol\u00f3gicas hasta el an\u00e1lisis cr\u00edtico del antropocentrismo y el especismo, el libro profundiza en las \u00e9ticas de la naturaleza y de la vida, argumentando cient\u00edficamente sobre la sintiencia animal y la necesidad de extender el c\u00edrculo de consideraci\u00f3n moral y jur\u00eddica. Se subraya la importancia de una educaci\u00f3n integral que transcienda lo cognitivo \u2013que, por supuesto, resulta imprescindible\u2013 para incidir tambi\u00e9n en las dimensiones procedimental y, fundamentalmente, actitudinal, promoviendo la empat\u00eda y el respeto hacia los animales no humanos. El autor postula que la superaci\u00f3n del especismo resulta clave en el progreso moral humano, siendo una frontera que debe superarse, an\u00e1loga a otras conquistas que se emprendieron en su momento en otros \u00e1mbitos. El libro defiende la inclusi\u00f3n curricular de la protecci\u00f3n animal en todos los niveles formativos como herramienta esencial para formar una ciudadan\u00eda responsable y avanzar hacia una sociedad \u00e9ticamente m\u00e1s evolucionada. Pero la obra no s\u00f3lo perfila un marco te\u00f3rico, sino que establece su aplicaci\u00f3n pr\u00e1ctiva. Se presentan estrategias did\u00e1cticas y modelos de actividades muy innovadores, tanto con el uso de materiales educativos tradicionales \u2013creados espec\u00edficamente para este fin\u2013 como sobre todo multimedia, relacionados todos ellos con las problem\u00e1ticas abordadas en el trabajo y que han sido aplicados con \u00e9xito en distintos niveles educativos adaptados a los mismos. Este manual es, por tanto, un recurso fundamental para investigadores y docentes interesados en la intersecci\u00f3n cr\u00edtica entre educaci\u00f3n, \u00e9tica y bienestar animal, y el desarrollo de programas formativos para la defensa y protecci\u00f3n de los animales.\" \/>\n<meta property=\"og:url\" content=\"https:\/\/eurytionpress.com\/en\/educacion-proteccion-animal-y-bioetica\/\" \/>\n<meta property=\"og:site_name\" content=\"Eurytion Press\" \/>\n<meta property=\"og:image\" content=\"https:\/\/eurytionpress.com\/wp-content\/uploads\/2025\/07\/educacion-proteccion-animal-y-bioetica-cover.png\" \/>\n\t<meta property=\"og:image:width\" content=\"861\" \/>\n\t<meta property=\"og:image:height\" content=\"1170\" \/>\n\t<meta property=\"og:image:type\" content=\"image\/png\" \/>\n<meta name=\"twitter:card\" content=\"summary_large_image\" \/>\n<script type=\"application\/ld+json\" class=\"yoast-schema-graph\">{\"@context\":\"https:\/\/schema.org\",\"@graph\":[{\"@type\":\"WebPage\",\"@id\":\"https:\/\/eurytionpress.com\/en\/educacion-proteccion-animal-y-bioetica\/\",\"url\":\"https:\/\/eurytionpress.com\/en\/educacion-proteccion-animal-y-bioetica\/\",\"name\":\"Educaci\u00f3n, Protecci\u00f3n Animal y Bio\u00e9tica - Eurytion Press\",\"isPartOf\":{\"@id\":\"https:\/\/eurytionpress.com\/en\/#website\"},\"primaryImageOfPage\":{\"@id\":\"https:\/\/eurytionpress.com\/en\/educacion-proteccion-animal-y-bioetica\/#primaryimage\"},\"image\":{\"@id\":\"https:\/\/eurytionpress.com\/en\/educacion-proteccion-animal-y-bioetica\/#primaryimage\"},\"thumbnailUrl\":\"https:\/\/eurytionpress.com\/wp-content\/uploads\/2025\/07\/educacion-proteccion-animal-y-bioetica-cover.png\",\"datePublished\":\"2025-07-01T12:32:33+00:00\",\"breadcrumb\":{\"@id\":\"https:\/\/eurytionpress.com\/en\/educacion-proteccion-animal-y-bioetica\/#breadcrumb\"},\"inLanguage\":\"en-US\",\"potentialAction\":[{\"@type\":\"ReadAction\",\"target\":[\"https:\/\/eurytionpress.com\/en\/educacion-proteccion-animal-y-bioetica\/\"]}]},{\"@type\":\"ImageObject\",\"inLanguage\":\"en-US\",\"@id\":\"https:\/\/eurytionpress.com\/en\/educacion-proteccion-animal-y-bioetica\/#primaryimage\",\"url\":\"https:\/\/eurytionpress.com\/wp-content\/uploads\/2025\/07\/educacion-proteccion-animal-y-bioetica-cover.png\",\"contentUrl\":\"https:\/\/eurytionpress.com\/wp-content\/uploads\/2025\/07\/educacion-proteccion-animal-y-bioetica-cover.png\",\"width\":861,\"height\":1170},{\"@type\":\"BreadcrumbList\",\"@id\":\"https:\/\/eurytionpress.com\/en\/educacion-proteccion-animal-y-bioetica\/#breadcrumb\",\"itemListElement\":[{\"@type\":\"ListItem\",\"position\":1,\"name\":\"Portada\",\"item\":\"https:\/\/eurytionpress.com\/en\/\"},{\"@type\":\"ListItem\",\"position\":2,\"name\":\"Libros\",\"item\":\"https:\/\/eurytionpress.com\/libros-2\/\"},{\"@type\":\"ListItem\",\"position\":3,\"name\":\"Educaci\u00f3n, Protecci\u00f3n Animal y Bio\u00e9tica\"}]},{\"@type\":\"WebSite\",\"@id\":\"https:\/\/eurytionpress.com\/en\/#website\",\"url\":\"https:\/\/eurytionpress.com\/en\/\",\"name\":\"Eurytion Press\",\"description\":\"Editorial de libros cient\u00edficos y acad\u00e9micos\",\"publisher\":{\"@id\":\"https:\/\/eurytionpress.com\/en\/#organization\"},\"potentialAction\":[{\"@type\":\"SearchAction\",\"target\":{\"@type\":\"EntryPoint\",\"urlTemplate\":\"https:\/\/eurytionpress.com\/en\/?s={search_term_string}\"},\"query-input\":{\"@type\":\"PropertyValueSpecification\",\"valueRequired\":true,\"valueName\":\"search_term_string\"}}],\"inLanguage\":\"en-US\"},{\"@type\":\"Organization\",\"@id\":\"https:\/\/eurytionpress.com\/en\/#organization\",\"name\":\"Eurytion Press\",\"url\":\"https:\/\/eurytionpress.com\/en\/\",\"logo\":{\"@type\":\"ImageObject\",\"inLanguage\":\"en-US\",\"@id\":\"https:\/\/eurytionpress.com\/en\/#\/schema\/logo\/image\/\",\"url\":\"https:\/\/eurytionpress.com\/wp-content\/uploads\/2025\/07\/eurityon-press.png\",\"contentUrl\":\"https:\/\/eurytionpress.com\/wp-content\/uploads\/2025\/07\/eurityon-press.png\",\"width\":229,\"height\":46,\"caption\":\"Eurytion Press\"},\"image\":{\"@id\":\"https:\/\/eurytionpress.com\/en\/#\/schema\/logo\/image\/\"}}]}<\/script>\n<!-- \/ Yoast SEO plugin. -->","yoast_head_json":{"title":"Educaci\u00f3n, Protecci\u00f3n Animal y Bio\u00e9tica - Eurytion Press","robots":{"index":"index","follow":"follow","max-snippet":"max-snippet:-1","max-image-preview":"max-image-preview:large","max-video-preview":"max-video-preview:-1"},"canonical":"https:\/\/eurytionpress.com\/en\/educacion-proteccion-animal-y-bioetica\/","og_locale":"en_US","og_type":"article","og_title":"Educaci\u00f3n, Protecci\u00f3n Animal y Bio\u00e9tica - Eurytion Press","og_description":"La obra \"Educaci\u00f3n, Protecci\u00f3n Animal y Bio\u00e9tica\" constituye un manual universitario derivado de una asignatura hom\u00f3nima, pionera cuando se dise\u00f1\u00f3 e imparti\u00f3 tanto a nivel nacional como internacional. El texto articula una fundamentaci\u00f3n multidisciplinar que integra la bio\u00e9tica, la ciencia y la pedagog\u00eda para abordar la protecci\u00f3n animal como un imperativo educativo contempor\u00e1neo. Estructurado en unidades tem\u00e1ticas que abarcan desde las bases epistemol\u00f3gicas y terminol\u00f3gicas hasta el an\u00e1lisis cr\u00edtico del antropocentrismo y el especismo, el libro profundiza en las \u00e9ticas de la naturaleza y de la vida, argumentando cient\u00edficamente sobre la sintiencia animal y la necesidad de extender el c\u00edrculo de consideraci\u00f3n moral y jur\u00eddica. Se subraya la importancia de una educaci\u00f3n integral que transcienda lo cognitivo \u2013que, por supuesto, resulta imprescindible\u2013 para incidir tambi\u00e9n en las dimensiones procedimental y, fundamentalmente, actitudinal, promoviendo la empat\u00eda y el respeto hacia los animales no humanos. El autor postula que la superaci\u00f3n del especismo resulta clave en el progreso moral humano, siendo una frontera que debe superarse, an\u00e1loga a otras conquistas que se emprendieron en su momento en otros \u00e1mbitos. El libro defiende la inclusi\u00f3n curricular de la protecci\u00f3n animal en todos los niveles formativos como herramienta esencial para formar una ciudadan\u00eda responsable y avanzar hacia una sociedad \u00e9ticamente m\u00e1s evolucionada. Pero la obra no s\u00f3lo perfila un marco te\u00f3rico, sino que establece su aplicaci\u00f3n pr\u00e1ctiva. Se presentan estrategias did\u00e1cticas y modelos de actividades muy innovadores, tanto con el uso de materiales educativos tradicionales \u2013creados espec\u00edficamente para este fin\u2013 como sobre todo multimedia, relacionados todos ellos con las problem\u00e1ticas abordadas en el trabajo y que han sido aplicados con \u00e9xito en distintos niveles educativos adaptados a los mismos. Este manual es, por tanto, un recurso fundamental para investigadores y docentes interesados en la intersecci\u00f3n cr\u00edtica entre educaci\u00f3n, \u00e9tica y bienestar animal, y el desarrollo de programas formativos para la defensa y protecci\u00f3n de los animales.","og_url":"https:\/\/eurytionpress.com\/en\/educacion-proteccion-animal-y-bioetica\/","og_site_name":"Eurytion Press","og_image":[{"width":861,"height":1170,"url":"https:\/\/eurytionpress.com\/wp-content\/uploads\/2025\/07\/educacion-proteccion-animal-y-bioetica-cover.png","type":"image\/png"}],"twitter_card":"summary_large_image","schema":{"@context":"https:\/\/schema.org","@graph":[{"@type":"WebPage","@id":"https:\/\/eurytionpress.com\/en\/educacion-proteccion-animal-y-bioetica\/","url":"https:\/\/eurytionpress.com\/en\/educacion-proteccion-animal-y-bioetica\/","name":"Educaci\u00f3n, Protecci\u00f3n Animal y Bio\u00e9tica - Eurytion Press","isPartOf":{"@id":"https:\/\/eurytionpress.com\/en\/#website"},"primaryImageOfPage":{"@id":"https:\/\/eurytionpress.com\/en\/educacion-proteccion-animal-y-bioetica\/#primaryimage"},"image":{"@id":"https:\/\/eurytionpress.com\/en\/educacion-proteccion-animal-y-bioetica\/#primaryimage"},"thumbnailUrl":"https:\/\/eurytionpress.com\/wp-content\/uploads\/2025\/07\/educacion-proteccion-animal-y-bioetica-cover.png","datePublished":"2025-07-01T12:32:33+00:00","breadcrumb":{"@id":"https:\/\/eurytionpress.com\/en\/educacion-proteccion-animal-y-bioetica\/#breadcrumb"},"inLanguage":"en-US","potentialAction":[{"@type":"ReadAction","target":["https:\/\/eurytionpress.com\/en\/educacion-proteccion-animal-y-bioetica\/"]}]},{"@type":"ImageObject","inLanguage":"en-US","@id":"https:\/\/eurytionpress.com\/en\/educacion-proteccion-animal-y-bioetica\/#primaryimage","url":"https:\/\/eurytionpress.com\/wp-content\/uploads\/2025\/07\/educacion-proteccion-animal-y-bioetica-cover.png","contentUrl":"https:\/\/eurytionpress.com\/wp-content\/uploads\/2025\/07\/educacion-proteccion-animal-y-bioetica-cover.png","width":861,"height":1170},{"@type":"BreadcrumbList","@id":"https:\/\/eurytionpress.com\/en\/educacion-proteccion-animal-y-bioetica\/#breadcrumb","itemListElement":[{"@type":"ListItem","position":1,"name":"Portada","item":"https:\/\/eurytionpress.com\/en\/"},{"@type":"ListItem","position":2,"name":"Libros","item":"https:\/\/eurytionpress.com\/libros-2\/"},{"@type":"ListItem","position":3,"name":"Educaci\u00f3n, Protecci\u00f3n Animal y Bio\u00e9tica"}]},{"@type":"WebSite","@id":"https:\/\/eurytionpress.com\/en\/#website","url":"https:\/\/eurytionpress.com\/en\/","name":"Eurytion Press","description":"Editorial de libros cient\u00edficos y acad\u00e9micos","publisher":{"@id":"https:\/\/eurytionpress.com\/en\/#organization"},"potentialAction":[{"@type":"SearchAction","target":{"@type":"EntryPoint","urlTemplate":"https:\/\/eurytionpress.com\/en\/?s={search_term_string}"},"query-input":{"@type":"PropertyValueSpecification","valueRequired":true,"valueName":"search_term_string"}}],"inLanguage":"en-US"},{"@type":"Organization","@id":"https:\/\/eurytionpress.com\/en\/#organization","name":"Eurytion Press","url":"https:\/\/eurytionpress.com\/en\/","logo":{"@type":"ImageObject","inLanguage":"en-US","@id":"https:\/\/eurytionpress.com\/en\/#\/schema\/logo\/image\/","url":"https:\/\/eurytionpress.com\/wp-content\/uploads\/2025\/07\/eurityon-press.png","contentUrl":"https:\/\/eurytionpress.com\/wp-content\/uploads\/2025\/07\/eurityon-press.png","width":229,"height":46,"caption":"Eurytion Press"},"image":{"@id":"https:\/\/eurytionpress.com\/en\/#\/schema\/logo\/image\/"}}]}},"_links":{"self":[{"href":"https:\/\/eurytionpress.com\/en\/wp-json\/wp\/v2\/product\/23750","targetHints":{"allow":["GET"]}}],"collection":[{"href":"https:\/\/eurytionpress.com\/en\/wp-json\/wp\/v2\/product"}],"about":[{"href":"https:\/\/eurytionpress.com\/en\/wp-json\/wp\/v2\/types\/product"}],"replies":[{"embeddable":true,"href":"https:\/\/eurytionpress.com\/en\/wp-json\/wp\/v2\/comments?post=23750"}],"wp:featuredmedia":[{"embeddable":true,"href":"https:\/\/eurytionpress.com\/en\/wp-json\/wp\/v2\/media\/22264"}],"wp:attachment":[{"href":"https:\/\/eurytionpress.com\/en\/wp-json\/wp\/v2\/media?parent=23750"}],"wp:term":[{"taxonomy":"product_brand","embeddable":true,"href":"https:\/\/eurytionpress.com\/en\/wp-json\/wp\/v2\/product_brand?post=23750"},{"taxonomy":"product_cat","embeddable":true,"href":"https:\/\/eurytionpress.com\/en\/wp-json\/wp\/v2\/product_cat?post=23750"},{"taxonomy":"product_tag","embeddable":true,"href":"https:\/\/eurytionpress.com\/en\/wp-json\/wp\/v2\/product_tag?post=23750"}],"curies":[{"name":"wp","href":"https:\/\/api.w.org\/{rel}","templated":true}]}}