{"id":23752,"date":"2025-07-01T14:31:40","date_gmt":"2025-07-01T12:31:40","guid":{"rendered":"https:\/\/wpempresa.com\/eurytion\/economia-digital-y-colaborativa-cuestiones-economicas-y-juridicas\/"},"modified":"2025-07-01T14:31:40","modified_gmt":"2025-07-01T12:31:40","slug":"economia-digital-y-colaborativa-cuestiones-economicas-y-juridicas","status":"publish","type":"product","link":"https:\/\/eurytionpress.com\/en\/economia-digital-y-colaborativa-cuestiones-economicas-y-juridicas\/","title":{"rendered":"Econom\u00eda digital y colaborativa: Cuestiones econ\u00f3micas y jur\u00eddicas"},"content":{"rendered":"<p>N\u00e1\u00f1ez Alonso, Sergio Luis. Econom\u00eda digital y colaborativa: Cuestiones econ\u00f3micas y jur\u00eddicas. N\u00e1poles: UNISOB; Badajoz: Eurytion Press, 2020.<\/p>\n","protected":false},"excerpt":{"rendered":"<p>La econom\u00eda digital, tambi\u00e9n conocida como econom\u00eda de internet, nueva econom\u00eda o econom\u00eda web, se refiere a una econom\u00eda basada en la tecnolog\u00eda digital. En la actualidad, la econom\u00eda digital se ha ido fusionando de tal manera con la econom\u00eda tradicional que hoy resulta dif\u00edcil entender la diferencia entre ellas. Por otro lado, y en este marco, el consumo colaborativo o econom\u00eda colaborativa se define como una interacci\u00f3n entre dos o m\u00e1s sujetos, a trav\u00e9s de medios digitalizados o no, que satisface una necesidad (no necesariamente real), de una o m\u00e1s personas. Las plataformas digitales establecen un marco donde los usuarios pueden interactuar entre s\u00ed y\/o con la misma plataforma. Los usuarios seleccionan el rol que desean en este momento, o varios roles simult\u00e1neamente (por ejemplo, vendedor y comprador) en un sistema abierto y din\u00e1mico. Normalmente, existe un sistema de evaluaci\u00f3n entre los usuarios, a trav\u00e9s del cual adquieren una reputaci\u00f3n, y con ello, la confianza necesaria para seguir desarrollando la actividad que desean. Cuanto mayor sea el n\u00famero de usuarios que exista en la plataforma digital, mayor ser\u00e1 el valor que tendr\u00e1, y los usuarios dispondr\u00e1n de m\u00e1s posibilidades de elecci\u00f3n y\/o desarrollo, ser\u00e1n mejor evaluados y la confianza ser\u00e1 m\u00e1s contrastada. La revoluci\u00f3n de la econom\u00eda colaborativa ha transformado completamente nuestra sociedad. Ha surgido una nueva tendencia que busca la colaboraci\u00f3n entre personas conocidas y desconocidas, dise\u00f1ando soluciones innovadoras para resolver los problemas cotidianos, uniendo intereses y medios. En esta obra se analizan las implicaciones de las cuestiones econ\u00f3micas y legales que surgen de este tipo de econom\u00eda y el uso de aplicaciones de econom\u00eda colaborativa. Analiza desde la perspectiva penal, fiscal, civil, mercantil, etc., la respuesta que el ordenamiento jur\u00eddico espa\u00f1ol est\u00e1 dando a estas situaciones. Las leyes (en algunos casos) est\u00e1n desfasadas con la realidad, lo que plantea problemas desconocidos hasta ahora. Por ello, es interesante analizar c\u00f3mo la regulaci\u00f3n regula los derechos y obligaciones de los ciudadanos, en relaci\u00f3n con el uso de las plataformas de econom\u00eda colaborativa y las empresas digitales; en esta novedosa forma de relacionarse con nosotros. Este libro afronta de manera original e innovadora este nuevo escenario.<\/p>\n","protected":false},"featured_media":22256,"comment_status":"closed","ping_status":"closed","template":"","meta":[],"product_brand":[],"product_cat":[689,925],"product_tag":[],"class_list":{"0":"post-23752","1":"product","2":"type-product","3":"status-publish","4":"has-post-thumbnail","6":"product_cat-international-en","7":"product_cat-printed-book","9":"first","10":"instock","11":"product-type-external"},"yoast_head":"<!-- This site is optimized with the Yoast SEO plugin v25.3.1 - https:\/\/yoast.com\/wordpress\/plugins\/seo\/ -->\n<title>Econom\u00eda digital y colaborativa: Cuestiones econ\u00f3micas y jur\u00eddicas - Eurytion Press<\/title>\n<meta name=\"robots\" content=\"index, follow, max-snippet:-1, max-image-preview:large, max-video-preview:-1\" \/>\n<link rel=\"canonical\" href=\"https:\/\/eurytionpress.com\/en\/economia-digital-y-colaborativa-cuestiones-economicas-y-juridicas\/\" \/>\n<meta property=\"og:locale\" content=\"en_US\" \/>\n<meta property=\"og:type\" content=\"article\" \/>\n<meta property=\"og:title\" content=\"Econom\u00eda digital y colaborativa: Cuestiones econ\u00f3micas y jur\u00eddicas - Eurytion Press\" \/>\n<meta property=\"og:description\" content=\"La econom\u00eda digital, tambi\u00e9n conocida como econom\u00eda de internet, nueva econom\u00eda o econom\u00eda web, se refiere a una econom\u00eda basada en la tecnolog\u00eda digital. En la actualidad, la econom\u00eda digital se ha ido fusionando de tal manera con la econom\u00eda tradicional que hoy resulta dif\u00edcil entender la diferencia entre ellas. Por otro lado, y en este marco, el consumo colaborativo o econom\u00eda colaborativa se define como una interacci\u00f3n entre dos o m\u00e1s sujetos, a trav\u00e9s de medios digitalizados o no, que satisface una necesidad (no necesariamente real), de una o m\u00e1s personas. Las plataformas digitales establecen un marco donde los usuarios pueden interactuar entre s\u00ed y\/o con la misma plataforma. Los usuarios seleccionan el rol que desean en este momento, o varios roles simult\u00e1neamente (por ejemplo, vendedor y comprador) en un sistema abierto y din\u00e1mico. Normalmente, existe un sistema de evaluaci\u00f3n entre los usuarios, a trav\u00e9s del cual adquieren una reputaci\u00f3n, y con ello, la confianza necesaria para seguir desarrollando la actividad que desean. Cuanto mayor sea el n\u00famero de usuarios que exista en la plataforma digital, mayor ser\u00e1 el valor que tendr\u00e1, y los usuarios dispondr\u00e1n de m\u00e1s posibilidades de elecci\u00f3n y\/o desarrollo, ser\u00e1n mejor evaluados y la confianza ser\u00e1 m\u00e1s contrastada. La revoluci\u00f3n de la econom\u00eda colaborativa ha transformado completamente nuestra sociedad. Ha surgido una nueva tendencia que busca la colaboraci\u00f3n entre personas conocidas y desconocidas, dise\u00f1ando soluciones innovadoras para resolver los problemas cotidianos, uniendo intereses y medios. En esta obra se analizan las implicaciones de las cuestiones econ\u00f3micas y legales que surgen de este tipo de econom\u00eda y el uso de aplicaciones de econom\u00eda colaborativa. Analiza desde la perspectiva penal, fiscal, civil, mercantil, etc., la respuesta que el ordenamiento jur\u00eddico espa\u00f1ol est\u00e1 dando a estas situaciones. Las leyes (en algunos casos) est\u00e1n desfasadas con la realidad, lo que plantea problemas desconocidos hasta ahora. Por ello, es interesante analizar c\u00f3mo la regulaci\u00f3n regula los derechos y obligaciones de los ciudadanos, en relaci\u00f3n con el uso de las plataformas de econom\u00eda colaborativa y las empresas digitales; en esta novedosa forma de relacionarse con nosotros. Este libro afronta de manera original e innovadora este nuevo escenario.\" \/>\n<meta property=\"og:url\" content=\"https:\/\/eurytionpress.com\/en\/economia-digital-y-colaborativa-cuestiones-economicas-y-juridicas\/\" \/>\n<meta property=\"og:site_name\" content=\"Eurytion Press\" \/>\n<meta property=\"og:image\" content=\"https:\/\/eurytionpress.com\/wp-content\/uploads\/2025\/07\/economia-digital-cover-1.png\" \/>\n\t<meta property=\"og:image:width\" content=\"726\" \/>\n\t<meta property=\"og:image:height\" content=\"1170\" \/>\n\t<meta property=\"og:image:type\" content=\"image\/png\" \/>\n<meta name=\"twitter:card\" content=\"summary_large_image\" \/>\n<script type=\"application\/ld+json\" class=\"yoast-schema-graph\">{\"@context\":\"https:\/\/schema.org\",\"@graph\":[{\"@type\":\"WebPage\",\"@id\":\"https:\/\/eurytionpress.com\/en\/economia-digital-y-colaborativa-cuestiones-economicas-y-juridicas\/\",\"url\":\"https:\/\/eurytionpress.com\/en\/economia-digital-y-colaborativa-cuestiones-economicas-y-juridicas\/\",\"name\":\"Econom\u00eda digital y colaborativa: Cuestiones econ\u00f3micas y jur\u00eddicas - Eurytion Press\",\"isPartOf\":{\"@id\":\"https:\/\/eurytionpress.com\/en\/#website\"},\"primaryImageOfPage\":{\"@id\":\"https:\/\/eurytionpress.com\/en\/economia-digital-y-colaborativa-cuestiones-economicas-y-juridicas\/#primaryimage\"},\"image\":{\"@id\":\"https:\/\/eurytionpress.com\/en\/economia-digital-y-colaborativa-cuestiones-economicas-y-juridicas\/#primaryimage\"},\"thumbnailUrl\":\"https:\/\/eurytionpress.com\/wp-content\/uploads\/2025\/07\/economia-digital-cover-1.png\",\"datePublished\":\"2025-07-01T12:31:40+00:00\",\"breadcrumb\":{\"@id\":\"https:\/\/eurytionpress.com\/en\/economia-digital-y-colaborativa-cuestiones-economicas-y-juridicas\/#breadcrumb\"},\"inLanguage\":\"en-US\",\"potentialAction\":[{\"@type\":\"ReadAction\",\"target\":[\"https:\/\/eurytionpress.com\/en\/economia-digital-y-colaborativa-cuestiones-economicas-y-juridicas\/\"]}]},{\"@type\":\"ImageObject\",\"inLanguage\":\"en-US\",\"@id\":\"https:\/\/eurytionpress.com\/en\/economia-digital-y-colaborativa-cuestiones-economicas-y-juridicas\/#primaryimage\",\"url\":\"https:\/\/eurytionpress.com\/wp-content\/uploads\/2025\/07\/economia-digital-cover-1.png\",\"contentUrl\":\"https:\/\/eurytionpress.com\/wp-content\/uploads\/2025\/07\/economia-digital-cover-1.png\",\"width\":726,\"height\":1170},{\"@type\":\"BreadcrumbList\",\"@id\":\"https:\/\/eurytionpress.com\/en\/economia-digital-y-colaborativa-cuestiones-economicas-y-juridicas\/#breadcrumb\",\"itemListElement\":[{\"@type\":\"ListItem\",\"position\":1,\"name\":\"Portada\",\"item\":\"https:\/\/eurytionpress.com\/en\/\"},{\"@type\":\"ListItem\",\"position\":2,\"name\":\"Libros\",\"item\":\"https:\/\/eurytionpress.com\/libros-2\/\"},{\"@type\":\"ListItem\",\"position\":3,\"name\":\"Econom\u00eda digital y colaborativa: Cuestiones econ\u00f3micas y jur\u00eddicas\"}]},{\"@type\":\"WebSite\",\"@id\":\"https:\/\/eurytionpress.com\/en\/#website\",\"url\":\"https:\/\/eurytionpress.com\/en\/\",\"name\":\"Eurytion Press\",\"description\":\"Editorial de libros cient\u00edficos y acad\u00e9micos\",\"publisher\":{\"@id\":\"https:\/\/eurytionpress.com\/en\/#organization\"},\"potentialAction\":[{\"@type\":\"SearchAction\",\"target\":{\"@type\":\"EntryPoint\",\"urlTemplate\":\"https:\/\/eurytionpress.com\/en\/?s={search_term_string}\"},\"query-input\":{\"@type\":\"PropertyValueSpecification\",\"valueRequired\":true,\"valueName\":\"search_term_string\"}}],\"inLanguage\":\"en-US\"},{\"@type\":\"Organization\",\"@id\":\"https:\/\/eurytionpress.com\/en\/#organization\",\"name\":\"Eurytion Press\",\"url\":\"https:\/\/eurytionpress.com\/en\/\",\"logo\":{\"@type\":\"ImageObject\",\"inLanguage\":\"en-US\",\"@id\":\"https:\/\/eurytionpress.com\/en\/#\/schema\/logo\/image\/\",\"url\":\"https:\/\/eurytionpress.com\/wp-content\/uploads\/2025\/07\/eurityon-press.png\",\"contentUrl\":\"https:\/\/eurytionpress.com\/wp-content\/uploads\/2025\/07\/eurityon-press.png\",\"width\":229,\"height\":46,\"caption\":\"Eurytion Press\"},\"image\":{\"@id\":\"https:\/\/eurytionpress.com\/en\/#\/schema\/logo\/image\/\"}}]}<\/script>\n<!-- \/ Yoast SEO plugin. -->","yoast_head_json":{"title":"Econom\u00eda digital y colaborativa: Cuestiones econ\u00f3micas y jur\u00eddicas - Eurytion Press","robots":{"index":"index","follow":"follow","max-snippet":"max-snippet:-1","max-image-preview":"max-image-preview:large","max-video-preview":"max-video-preview:-1"},"canonical":"https:\/\/eurytionpress.com\/en\/economia-digital-y-colaborativa-cuestiones-economicas-y-juridicas\/","og_locale":"en_US","og_type":"article","og_title":"Econom\u00eda digital y colaborativa: Cuestiones econ\u00f3micas y jur\u00eddicas - Eurytion Press","og_description":"La econom\u00eda digital, tambi\u00e9n conocida como econom\u00eda de internet, nueva econom\u00eda o econom\u00eda web, se refiere a una econom\u00eda basada en la tecnolog\u00eda digital. En la actualidad, la econom\u00eda digital se ha ido fusionando de tal manera con la econom\u00eda tradicional que hoy resulta dif\u00edcil entender la diferencia entre ellas. Por otro lado, y en este marco, el consumo colaborativo o econom\u00eda colaborativa se define como una interacci\u00f3n entre dos o m\u00e1s sujetos, a trav\u00e9s de medios digitalizados o no, que satisface una necesidad (no necesariamente real), de una o m\u00e1s personas. Las plataformas digitales establecen un marco donde los usuarios pueden interactuar entre s\u00ed y\/o con la misma plataforma. Los usuarios seleccionan el rol que desean en este momento, o varios roles simult\u00e1neamente (por ejemplo, vendedor y comprador) en un sistema abierto y din\u00e1mico. Normalmente, existe un sistema de evaluaci\u00f3n entre los usuarios, a trav\u00e9s del cual adquieren una reputaci\u00f3n, y con ello, la confianza necesaria para seguir desarrollando la actividad que desean. Cuanto mayor sea el n\u00famero de usuarios que exista en la plataforma digital, mayor ser\u00e1 el valor que tendr\u00e1, y los usuarios dispondr\u00e1n de m\u00e1s posibilidades de elecci\u00f3n y\/o desarrollo, ser\u00e1n mejor evaluados y la confianza ser\u00e1 m\u00e1s contrastada. La revoluci\u00f3n de la econom\u00eda colaborativa ha transformado completamente nuestra sociedad. Ha surgido una nueva tendencia que busca la colaboraci\u00f3n entre personas conocidas y desconocidas, dise\u00f1ando soluciones innovadoras para resolver los problemas cotidianos, uniendo intereses y medios. En esta obra se analizan las implicaciones de las cuestiones econ\u00f3micas y legales que surgen de este tipo de econom\u00eda y el uso de aplicaciones de econom\u00eda colaborativa. Analiza desde la perspectiva penal, fiscal, civil, mercantil, etc., la respuesta que el ordenamiento jur\u00eddico espa\u00f1ol est\u00e1 dando a estas situaciones. Las leyes (en algunos casos) est\u00e1n desfasadas con la realidad, lo que plantea problemas desconocidos hasta ahora. Por ello, es interesante analizar c\u00f3mo la regulaci\u00f3n regula los derechos y obligaciones de los ciudadanos, en relaci\u00f3n con el uso de las plataformas de econom\u00eda colaborativa y las empresas digitales; en esta novedosa forma de relacionarse con nosotros. Este libro afronta de manera original e innovadora este nuevo escenario.","og_url":"https:\/\/eurytionpress.com\/en\/economia-digital-y-colaborativa-cuestiones-economicas-y-juridicas\/","og_site_name":"Eurytion Press","og_image":[{"width":726,"height":1170,"url":"https:\/\/eurytionpress.com\/wp-content\/uploads\/2025\/07\/economia-digital-cover-1.png","type":"image\/png"}],"twitter_card":"summary_large_image","schema":{"@context":"https:\/\/schema.org","@graph":[{"@type":"WebPage","@id":"https:\/\/eurytionpress.com\/en\/economia-digital-y-colaborativa-cuestiones-economicas-y-juridicas\/","url":"https:\/\/eurytionpress.com\/en\/economia-digital-y-colaborativa-cuestiones-economicas-y-juridicas\/","name":"Econom\u00eda digital y colaborativa: Cuestiones econ\u00f3micas y jur\u00eddicas - Eurytion Press","isPartOf":{"@id":"https:\/\/eurytionpress.com\/en\/#website"},"primaryImageOfPage":{"@id":"https:\/\/eurytionpress.com\/en\/economia-digital-y-colaborativa-cuestiones-economicas-y-juridicas\/#primaryimage"},"image":{"@id":"https:\/\/eurytionpress.com\/en\/economia-digital-y-colaborativa-cuestiones-economicas-y-juridicas\/#primaryimage"},"thumbnailUrl":"https:\/\/eurytionpress.com\/wp-content\/uploads\/2025\/07\/economia-digital-cover-1.png","datePublished":"2025-07-01T12:31:40+00:00","breadcrumb":{"@id":"https:\/\/eurytionpress.com\/en\/economia-digital-y-colaborativa-cuestiones-economicas-y-juridicas\/#breadcrumb"},"inLanguage":"en-US","potentialAction":[{"@type":"ReadAction","target":["https:\/\/eurytionpress.com\/en\/economia-digital-y-colaborativa-cuestiones-economicas-y-juridicas\/"]}]},{"@type":"ImageObject","inLanguage":"en-US","@id":"https:\/\/eurytionpress.com\/en\/economia-digital-y-colaborativa-cuestiones-economicas-y-juridicas\/#primaryimage","url":"https:\/\/eurytionpress.com\/wp-content\/uploads\/2025\/07\/economia-digital-cover-1.png","contentUrl":"https:\/\/eurytionpress.com\/wp-content\/uploads\/2025\/07\/economia-digital-cover-1.png","width":726,"height":1170},{"@type":"BreadcrumbList","@id":"https:\/\/eurytionpress.com\/en\/economia-digital-y-colaborativa-cuestiones-economicas-y-juridicas\/#breadcrumb","itemListElement":[{"@type":"ListItem","position":1,"name":"Portada","item":"https:\/\/eurytionpress.com\/en\/"},{"@type":"ListItem","position":2,"name":"Libros","item":"https:\/\/eurytionpress.com\/libros-2\/"},{"@type":"ListItem","position":3,"name":"Econom\u00eda digital y colaborativa: Cuestiones econ\u00f3micas y jur\u00eddicas"}]},{"@type":"WebSite","@id":"https:\/\/eurytionpress.com\/en\/#website","url":"https:\/\/eurytionpress.com\/en\/","name":"Eurytion Press","description":"Editorial de libros cient\u00edficos y acad\u00e9micos","publisher":{"@id":"https:\/\/eurytionpress.com\/en\/#organization"},"potentialAction":[{"@type":"SearchAction","target":{"@type":"EntryPoint","urlTemplate":"https:\/\/eurytionpress.com\/en\/?s={search_term_string}"},"query-input":{"@type":"PropertyValueSpecification","valueRequired":true,"valueName":"search_term_string"}}],"inLanguage":"en-US"},{"@type":"Organization","@id":"https:\/\/eurytionpress.com\/en\/#organization","name":"Eurytion Press","url":"https:\/\/eurytionpress.com\/en\/","logo":{"@type":"ImageObject","inLanguage":"en-US","@id":"https:\/\/eurytionpress.com\/en\/#\/schema\/logo\/image\/","url":"https:\/\/eurytionpress.com\/wp-content\/uploads\/2025\/07\/eurityon-press.png","contentUrl":"https:\/\/eurytionpress.com\/wp-content\/uploads\/2025\/07\/eurityon-press.png","width":229,"height":46,"caption":"Eurytion Press"},"image":{"@id":"https:\/\/eurytionpress.com\/en\/#\/schema\/logo\/image\/"}}]}},"_links":{"self":[{"href":"https:\/\/eurytionpress.com\/en\/wp-json\/wp\/v2\/product\/23752","targetHints":{"allow":["GET"]}}],"collection":[{"href":"https:\/\/eurytionpress.com\/en\/wp-json\/wp\/v2\/product"}],"about":[{"href":"https:\/\/eurytionpress.com\/en\/wp-json\/wp\/v2\/types\/product"}],"replies":[{"embeddable":true,"href":"https:\/\/eurytionpress.com\/en\/wp-json\/wp\/v2\/comments?post=23752"}],"wp:featuredmedia":[{"embeddable":true,"href":"https:\/\/eurytionpress.com\/en\/wp-json\/wp\/v2\/media\/22256"}],"wp:attachment":[{"href":"https:\/\/eurytionpress.com\/en\/wp-json\/wp\/v2\/media?parent=23752"}],"wp:term":[{"taxonomy":"product_brand","embeddable":true,"href":"https:\/\/eurytionpress.com\/en\/wp-json\/wp\/v2\/product_brand?post=23752"},{"taxonomy":"product_cat","embeddable":true,"href":"https:\/\/eurytionpress.com\/en\/wp-json\/wp\/v2\/product_cat?post=23752"},{"taxonomy":"product_tag","embeddable":true,"href":"https:\/\/eurytionpress.com\/en\/wp-json\/wp\/v2\/product_tag?post=23752"}],"curies":[{"name":"wp","href":"https:\/\/api.w.org\/{rel}","templated":true}]}}