{"id":23753,"date":"2025-07-01T14:31:31","date_gmt":"2025-07-01T12:31:31","guid":{"rendered":"https:\/\/wpempresa.com\/eurytion\/digital-skills-in-ubiquitous-university-settings\/"},"modified":"2025-07-01T14:31:31","modified_gmt":"2025-07-01T12:31:31","slug":"digital-skills-in-ubiquitous-university-settings","status":"publish","type":"product","link":"https:\/\/eurytionpress.com\/en\/digital-skills-in-ubiquitous-university-settings\/","title":{"rendered":"Digital Skills in Ubiquitous University Settings"},"content":{"rendered":"<p>G\u00f3mez Gal\u00e1n, Jos\u00e9, Maria Mar Fern\u00e1ndez Mart\u00ednez, Zaida Vega, y Eloy L\u00f3pez Meneses. Digital Skills in Ubiquitous University Settings. Cupey: UAGM; Badajoz: Eurytion Press, 2019.<\/p>\n","protected":false},"excerpt":{"rendered":"<p>This book belongs to the series &#8220;Higher Education and the Digital Society: Research and Innovative Practices,&#8221; which we understand to be a fundamental academic reference for university researchers and teachers immersed in the transformation of the contemporary educational landscape. It combines a rigorous selection of studies that address the complex interrelationships between higher education, the digital society, and emerging research methodologies. The works included in it, such as, among others, &#8220;Digital Skills in Ubiquitous University Settings,&#8221; &#8220;Educational Studies and Innovative Practices in Higher Education: An International Perspective,&#8221; &#8220;Methodological Models of Research in Social Sciences&#8221;, &#8220;Research Methods in University Educational Practice: Approach from Innovative Digital Contexts,&#8221; &#8220;Digital Society and Education in Values: New Pedagogical Scenarios,&#8221; &#8220;State-of-the-Art Studies on Methodologies and Interdisciplinary Approaches: Models and Proposals,&#8221; or &#8220;Values Education in the Digital Age: An Action Training and Research Approach,&#8221; reflect the international and interdisciplinary nature of this series, in which contributions are presented in both English and Spanish by renowned experts. The volumes delve into crucial aspects such as developing digital skills, implementing innovative pedagogical practices in university contexts, applying advanced methodological approaches in social and educational sciences, or challenges of values education in the digital age. Through cutting-edge analysis, innovative methodological models, and case studies, all its works offer critical perspectives and solidly grounded proposals, constituting an indispensable resource for high-impact research and reflection on scientific and teaching practice in today&#8217;s university.<\/p>\n","protected":false},"featured_media":22252,"comment_status":"closed","ping_status":"closed","template":"","meta":[],"product_brand":[],"product_cat":[689,925],"product_tag":[],"class_list":{"0":"post-23753","1":"product","2":"type-product","3":"status-publish","4":"has-post-thumbnail","6":"product_cat-international-en","7":"product_cat-printed-book","9":"first","10":"instock","11":"product-type-external"},"yoast_head":"<!-- This site is optimized with the Yoast SEO plugin v25.3.1 - https:\/\/yoast.com\/wordpress\/plugins\/seo\/ -->\n<title>Digital Skills in Ubiquitous University Settings - Eurytion Press<\/title>\n<meta name=\"robots\" content=\"index, follow, max-snippet:-1, max-image-preview:large, max-video-preview:-1\" \/>\n<link rel=\"canonical\" href=\"https:\/\/eurytionpress.com\/en\/digital-skills-in-ubiquitous-university-settings\/\" \/>\n<meta property=\"og:locale\" content=\"en_US\" \/>\n<meta property=\"og:type\" content=\"article\" \/>\n<meta property=\"og:title\" content=\"Digital Skills in Ubiquitous University Settings - Eurytion Press\" \/>\n<meta property=\"og:description\" content=\"This book belongs to the series &quot;Higher Education and the Digital Society: Research and Innovative Practices,&quot; which we understand to be a fundamental academic reference for university researchers and teachers immersed in the transformation of the contemporary educational landscape. It combines a rigorous selection of studies that address the complex interrelationships between higher education, the digital society, and emerging research methodologies. The works included in it, such as, among others, &quot;Digital Skills in Ubiquitous University Settings,&quot; &quot;Educational Studies and Innovative Practices in Higher Education: An International Perspective,&quot; &quot;Methodological Models of Research in Social Sciences&quot;, &quot;Research Methods in University Educational Practice: Approach from Innovative Digital Contexts,&quot; &quot;Digital Society and Education in Values: New Pedagogical Scenarios,&quot; &quot;State-of-the-Art Studies on Methodologies and Interdisciplinary Approaches: Models and Proposals,&quot; or &quot;Values Education in the Digital Age: An Action Training and Research Approach,&quot; reflect the international and interdisciplinary nature of this series, in which contributions are presented in both English and Spanish by renowned experts. The volumes delve into crucial aspects such as developing digital skills, implementing innovative pedagogical practices in university contexts, applying advanced methodological approaches in social and educational sciences, or challenges of values education in the digital age. Through cutting-edge analysis, innovative methodological models, and case studies, all its works offer critical perspectives and solidly grounded proposals, constituting an indispensable resource for high-impact research and reflection on scientific and teaching practice in today&#039;s university.\" \/>\n<meta property=\"og:url\" content=\"https:\/\/eurytionpress.com\/en\/digital-skills-in-ubiquitous-university-settings\/\" \/>\n<meta property=\"og:site_name\" content=\"Eurytion Press\" \/>\n<meta property=\"og:image\" content=\"https:\/\/eurytionpress.com\/wp-content\/uploads\/2025\/07\/digital-skills-cover.png\" \/>\n\t<meta property=\"og:image:width\" content=\"790\" \/>\n\t<meta property=\"og:image:height\" content=\"1169\" \/>\n\t<meta property=\"og:image:type\" content=\"image\/png\" \/>\n<meta name=\"twitter:card\" content=\"summary_large_image\" \/>\n<meta name=\"twitter:label1\" content=\"Est. reading time\" \/>\n\t<meta name=\"twitter:data1\" content=\"1 minute\" \/>\n<script type=\"application\/ld+json\" class=\"yoast-schema-graph\">{\"@context\":\"https:\/\/schema.org\",\"@graph\":[{\"@type\":\"WebPage\",\"@id\":\"https:\/\/eurytionpress.com\/en\/digital-skills-in-ubiquitous-university-settings\/\",\"url\":\"https:\/\/eurytionpress.com\/en\/digital-skills-in-ubiquitous-university-settings\/\",\"name\":\"Digital Skills in Ubiquitous University Settings - Eurytion Press\",\"isPartOf\":{\"@id\":\"https:\/\/eurytionpress.com\/en\/#website\"},\"primaryImageOfPage\":{\"@id\":\"https:\/\/eurytionpress.com\/en\/digital-skills-in-ubiquitous-university-settings\/#primaryimage\"},\"image\":{\"@id\":\"https:\/\/eurytionpress.com\/en\/digital-skills-in-ubiquitous-university-settings\/#primaryimage\"},\"thumbnailUrl\":\"https:\/\/eurytionpress.com\/wp-content\/uploads\/2025\/07\/digital-skills-cover.png\",\"datePublished\":\"2025-07-01T12:31:31+00:00\",\"breadcrumb\":{\"@id\":\"https:\/\/eurytionpress.com\/en\/digital-skills-in-ubiquitous-university-settings\/#breadcrumb\"},\"inLanguage\":\"en-US\",\"potentialAction\":[{\"@type\":\"ReadAction\",\"target\":[\"https:\/\/eurytionpress.com\/en\/digital-skills-in-ubiquitous-university-settings\/\"]}]},{\"@type\":\"ImageObject\",\"inLanguage\":\"en-US\",\"@id\":\"https:\/\/eurytionpress.com\/en\/digital-skills-in-ubiquitous-university-settings\/#primaryimage\",\"url\":\"https:\/\/eurytionpress.com\/wp-content\/uploads\/2025\/07\/digital-skills-cover.png\",\"contentUrl\":\"https:\/\/eurytionpress.com\/wp-content\/uploads\/2025\/07\/digital-skills-cover.png\",\"width\":790,\"height\":1169},{\"@type\":\"BreadcrumbList\",\"@id\":\"https:\/\/eurytionpress.com\/en\/digital-skills-in-ubiquitous-university-settings\/#breadcrumb\",\"itemListElement\":[{\"@type\":\"ListItem\",\"position\":1,\"name\":\"Portada\",\"item\":\"https:\/\/eurytionpress.com\/en\/\"},{\"@type\":\"ListItem\",\"position\":2,\"name\":\"Libros\",\"item\":\"https:\/\/eurytionpress.com\/libros-2\/\"},{\"@type\":\"ListItem\",\"position\":3,\"name\":\"Digital Skills in Ubiquitous University Settings\"}]},{\"@type\":\"WebSite\",\"@id\":\"https:\/\/eurytionpress.com\/en\/#website\",\"url\":\"https:\/\/eurytionpress.com\/en\/\",\"name\":\"Eurytion Press\",\"description\":\"Editorial de libros cient\u00edficos y acad\u00e9micos\",\"publisher\":{\"@id\":\"https:\/\/eurytionpress.com\/en\/#organization\"},\"potentialAction\":[{\"@type\":\"SearchAction\",\"target\":{\"@type\":\"EntryPoint\",\"urlTemplate\":\"https:\/\/eurytionpress.com\/en\/?s={search_term_string}\"},\"query-input\":{\"@type\":\"PropertyValueSpecification\",\"valueRequired\":true,\"valueName\":\"search_term_string\"}}],\"inLanguage\":\"en-US\"},{\"@type\":\"Organization\",\"@id\":\"https:\/\/eurytionpress.com\/en\/#organization\",\"name\":\"Eurytion Press\",\"url\":\"https:\/\/eurytionpress.com\/en\/\",\"logo\":{\"@type\":\"ImageObject\",\"inLanguage\":\"en-US\",\"@id\":\"https:\/\/eurytionpress.com\/en\/#\/schema\/logo\/image\/\",\"url\":\"https:\/\/eurytionpress.com\/wp-content\/uploads\/2025\/07\/eurityon-press.png\",\"contentUrl\":\"https:\/\/eurytionpress.com\/wp-content\/uploads\/2025\/07\/eurityon-press.png\",\"width\":229,\"height\":46,\"caption\":\"Eurytion Press\"},\"image\":{\"@id\":\"https:\/\/eurytionpress.com\/en\/#\/schema\/logo\/image\/\"}}]}<\/script>\n<!-- \/ Yoast SEO plugin. -->","yoast_head_json":{"title":"Digital Skills in Ubiquitous University Settings - Eurytion Press","robots":{"index":"index","follow":"follow","max-snippet":"max-snippet:-1","max-image-preview":"max-image-preview:large","max-video-preview":"max-video-preview:-1"},"canonical":"https:\/\/eurytionpress.com\/en\/digital-skills-in-ubiquitous-university-settings\/","og_locale":"en_US","og_type":"article","og_title":"Digital Skills in Ubiquitous University Settings - Eurytion Press","og_description":"This book belongs to the series \"Higher Education and the Digital Society: Research and Innovative Practices,\" which we understand to be a fundamental academic reference for university researchers and teachers immersed in the transformation of the contemporary educational landscape. It combines a rigorous selection of studies that address the complex interrelationships between higher education, the digital society, and emerging research methodologies. The works included in it, such as, among others, \"Digital Skills in Ubiquitous University Settings,\" \"Educational Studies and Innovative Practices in Higher Education: An International Perspective,\" \"Methodological Models of Research in Social Sciences\", \"Research Methods in University Educational Practice: Approach from Innovative Digital Contexts,\" \"Digital Society and Education in Values: New Pedagogical Scenarios,\" \"State-of-the-Art Studies on Methodologies and Interdisciplinary Approaches: Models and Proposals,\" or \"Values Education in the Digital Age: An Action Training and Research Approach,\" reflect the international and interdisciplinary nature of this series, in which contributions are presented in both English and Spanish by renowned experts. The volumes delve into crucial aspects such as developing digital skills, implementing innovative pedagogical practices in university contexts, applying advanced methodological approaches in social and educational sciences, or challenges of values education in the digital age. Through cutting-edge analysis, innovative methodological models, and case studies, all its works offer critical perspectives and solidly grounded proposals, constituting an indispensable resource for high-impact research and reflection on scientific and teaching practice in today's university.","og_url":"https:\/\/eurytionpress.com\/en\/digital-skills-in-ubiquitous-university-settings\/","og_site_name":"Eurytion Press","og_image":[{"width":790,"height":1169,"url":"https:\/\/eurytionpress.com\/wp-content\/uploads\/2025\/07\/digital-skills-cover.png","type":"image\/png"}],"twitter_card":"summary_large_image","twitter_misc":{"Est. reading time":"1 minute"},"schema":{"@context":"https:\/\/schema.org","@graph":[{"@type":"WebPage","@id":"https:\/\/eurytionpress.com\/en\/digital-skills-in-ubiquitous-university-settings\/","url":"https:\/\/eurytionpress.com\/en\/digital-skills-in-ubiquitous-university-settings\/","name":"Digital Skills in Ubiquitous University Settings - Eurytion Press","isPartOf":{"@id":"https:\/\/eurytionpress.com\/en\/#website"},"primaryImageOfPage":{"@id":"https:\/\/eurytionpress.com\/en\/digital-skills-in-ubiquitous-university-settings\/#primaryimage"},"image":{"@id":"https:\/\/eurytionpress.com\/en\/digital-skills-in-ubiquitous-university-settings\/#primaryimage"},"thumbnailUrl":"https:\/\/eurytionpress.com\/wp-content\/uploads\/2025\/07\/digital-skills-cover.png","datePublished":"2025-07-01T12:31:31+00:00","breadcrumb":{"@id":"https:\/\/eurytionpress.com\/en\/digital-skills-in-ubiquitous-university-settings\/#breadcrumb"},"inLanguage":"en-US","potentialAction":[{"@type":"ReadAction","target":["https:\/\/eurytionpress.com\/en\/digital-skills-in-ubiquitous-university-settings\/"]}]},{"@type":"ImageObject","inLanguage":"en-US","@id":"https:\/\/eurytionpress.com\/en\/digital-skills-in-ubiquitous-university-settings\/#primaryimage","url":"https:\/\/eurytionpress.com\/wp-content\/uploads\/2025\/07\/digital-skills-cover.png","contentUrl":"https:\/\/eurytionpress.com\/wp-content\/uploads\/2025\/07\/digital-skills-cover.png","width":790,"height":1169},{"@type":"BreadcrumbList","@id":"https:\/\/eurytionpress.com\/en\/digital-skills-in-ubiquitous-university-settings\/#breadcrumb","itemListElement":[{"@type":"ListItem","position":1,"name":"Portada","item":"https:\/\/eurytionpress.com\/en\/"},{"@type":"ListItem","position":2,"name":"Libros","item":"https:\/\/eurytionpress.com\/libros-2\/"},{"@type":"ListItem","position":3,"name":"Digital Skills in Ubiquitous University Settings"}]},{"@type":"WebSite","@id":"https:\/\/eurytionpress.com\/en\/#website","url":"https:\/\/eurytionpress.com\/en\/","name":"Eurytion Press","description":"Editorial de libros cient\u00edficos y acad\u00e9micos","publisher":{"@id":"https:\/\/eurytionpress.com\/en\/#organization"},"potentialAction":[{"@type":"SearchAction","target":{"@type":"EntryPoint","urlTemplate":"https:\/\/eurytionpress.com\/en\/?s={search_term_string}"},"query-input":{"@type":"PropertyValueSpecification","valueRequired":true,"valueName":"search_term_string"}}],"inLanguage":"en-US"},{"@type":"Organization","@id":"https:\/\/eurytionpress.com\/en\/#organization","name":"Eurytion Press","url":"https:\/\/eurytionpress.com\/en\/","logo":{"@type":"ImageObject","inLanguage":"en-US","@id":"https:\/\/eurytionpress.com\/en\/#\/schema\/logo\/image\/","url":"https:\/\/eurytionpress.com\/wp-content\/uploads\/2025\/07\/eurityon-press.png","contentUrl":"https:\/\/eurytionpress.com\/wp-content\/uploads\/2025\/07\/eurityon-press.png","width":229,"height":46,"caption":"Eurytion Press"},"image":{"@id":"https:\/\/eurytionpress.com\/en\/#\/schema\/logo\/image\/"}}]}},"_links":{"self":[{"href":"https:\/\/eurytionpress.com\/en\/wp-json\/wp\/v2\/product\/23753","targetHints":{"allow":["GET"]}}],"collection":[{"href":"https:\/\/eurytionpress.com\/en\/wp-json\/wp\/v2\/product"}],"about":[{"href":"https:\/\/eurytionpress.com\/en\/wp-json\/wp\/v2\/types\/product"}],"replies":[{"embeddable":true,"href":"https:\/\/eurytionpress.com\/en\/wp-json\/wp\/v2\/comments?post=23753"}],"wp:featuredmedia":[{"embeddable":true,"href":"https:\/\/eurytionpress.com\/en\/wp-json\/wp\/v2\/media\/22252"}],"wp:attachment":[{"href":"https:\/\/eurytionpress.com\/en\/wp-json\/wp\/v2\/media?parent=23753"}],"wp:term":[{"taxonomy":"product_brand","embeddable":true,"href":"https:\/\/eurytionpress.com\/en\/wp-json\/wp\/v2\/product_brand?post=23753"},{"taxonomy":"product_cat","embeddable":true,"href":"https:\/\/eurytionpress.com\/en\/wp-json\/wp\/v2\/product_cat?post=23753"},{"taxonomy":"product_tag","embeddable":true,"href":"https:\/\/eurytionpress.com\/en\/wp-json\/wp\/v2\/product_tag?post=23753"}],"curies":[{"name":"wp","href":"https:\/\/api.w.org\/{rel}","templated":true}]}}