{"id":23754,"date":"2025-07-01T14:31:08","date_gmt":"2025-07-01T12:31:08","guid":{"rendered":"https:\/\/wpempresa.com\/eurytion\/descifrando-al-jesus-historico\/"},"modified":"2025-07-01T14:31:08","modified_gmt":"2025-07-01T12:31:08","slug":"descifrando-al-jesus-historico","status":"publish","type":"product","link":"https:\/\/eurytionpress.com\/en\/descifrando-al-jesus-historico\/","title":{"rendered":"Descifrando al Jes\u00fas Hist\u00f3rico"},"content":{"rendered":"<p>G\u00f3mez Gal\u00e1n, Jos\u00e9. Descifrando al Jes\u00fas Hist\u00f3rico. Badajoz: Eurytion Press, 2021.<\/p>\n","protected":false},"excerpt":{"rendered":"<p>Este libro pertenece a la \u201cColecci\u00f3n Jes\u00fas Hist\u00f3rico\u201d, una de las colecciones m\u00e1s innovadoras y prestigiosas de Eurytion Press. Los libros que componen la colecci\u00f3n, como, entre otros, \u201cJes\u00fas y los Marginados: La Exclusi\u00f3n Social en el Per\u00edodo del Segundo Templo\u201d, \u201cDescifrando al Jes\u00fas Hist\u00f3rico\u201d, \u201cJes\u00fas y los Animales\u201d, \u201cLa Comunidad Esenia de Jes\u00fas\u201d o la monumental obra en tres densos vol\u00famenes bajo el t\u00edtulo \u201cEl Nacimiento de Jes\u00fas de Nazaret: Historia y Cronolog\u00eda\u201d, ofrecen una nueva e innovadora visi\u00f3n de Jes\u00fas, interpret\u00e1ndolo conforme a su tiempo y espacio. Aunque todos los trabajos se basan esencialmente en las fuentes primarias, habi\u00e9ndose llevado a cabo un minucioso an\u00e1lisis cr\u00edtico de todos los textos en sus lenguas originales, se ha intentado que una parte de las mismas sean accesibles a un p\u00fablico m\u00e1s amplio. Lectores que sabr\u00e1n apreciar el esfuerzo realizado en estos estudios y le permitir\u00e1n acceder a un conocimiento cient\u00edfico de vanguardia, con resultados y conclusiones nunca antes ofrecidas y que configuran un nuevo rostro de la figura de Jes\u00fas. Todas estas aportaciones profundizan en aspectos apenas estudiados anteriormente. En el conjunto de las mismas se han empleado nuevas y rigurosas t\u00e9cnicas de investigaci\u00f3n, muchas de ellas aplicadas por primera vez en este campo, como sucede con algunas ciertamente complejas provenientes originalmente de los \u00e1mbitos de las ciencias sociales y experimentales. Pero, adem\u00e1s, tambi\u00e9n en las metodolog\u00edas cl\u00e1sicas utilizadas, dentro del contexto tradicional de las humanidades y de la cr\u00edtica hist\u00f3rico-literaria, se han usado t\u00e9cnicas muy novedosas, como ha sido el caso de los an\u00e1lisis filol\u00f3gicos desarrollados que han buscado identificar sustratos sem\u00edticos primitivos presentes en los textos neotestamentarios y otras fuentes, en el intento de distinguir los m\u00e1s antiguos testimonios sobre Jes\u00fas de Nazaret. En definitiva, las investigaciones que componen esta colecci\u00f3n ofrecen nuevos conocimientos sobre el Jes\u00fas hist\u00f3rico y el contexto en el que se escribieron los primeros escritos sobre su figura. Se trata de obras sumamente actuales, rigurosas, cient\u00edficas y atractivas para todo lector que hoy quiera acercarse a uno de los personajes m\u00e1s trascendentes \u2013probablemente, por su influencia, el que m\u00e1s\u2013 de la historia de la humanidad.<\/p>\n","protected":false},"featured_media":22248,"comment_status":"closed","ping_status":"open","template":"","meta":[],"product_brand":[],"product_cat":[680],"product_tag":[],"class_list":{"0":"post-23754","1":"product","2":"type-product","3":"status-publish","4":"has-post-thumbnail","6":"product_cat-printedbook-en","8":"first","9":"instock","10":"product-type-external"},"yoast_head":"<!-- This site is optimized with the Yoast SEO plugin v25.3.1 - https:\/\/yoast.com\/wordpress\/plugins\/seo\/ -->\n<title>Descifrando al Jes\u00fas Hist\u00f3rico - Eurytion Press<\/title>\n<meta name=\"robots\" content=\"index, follow, max-snippet:-1, max-image-preview:large, max-video-preview:-1\" \/>\n<link rel=\"canonical\" href=\"https:\/\/eurytionpress.com\/en\/descifrando-al-jesus-historico\/\" \/>\n<meta property=\"og:locale\" content=\"en_US\" \/>\n<meta property=\"og:type\" content=\"article\" \/>\n<meta property=\"og:title\" content=\"Descifrando al Jes\u00fas Hist\u00f3rico - Eurytion Press\" \/>\n<meta property=\"og:description\" content=\"Este libro pertenece a la \u201cColecci\u00f3n Jes\u00fas Hist\u00f3rico\u201d, una de las colecciones m\u00e1s innovadoras y prestigiosas de Eurytion Press. Los libros que componen la colecci\u00f3n, como, entre otros, \u201cJes\u00fas y los Marginados: La Exclusi\u00f3n Social en el Per\u00edodo del Segundo Templo\u201d, \u201cDescifrando al Jes\u00fas Hist\u00f3rico\u201d, \u201cJes\u00fas y los Animales\u201d, \u201cLa Comunidad Esenia de Jes\u00fas\u201d o la monumental obra en tres densos vol\u00famenes bajo el t\u00edtulo \u201cEl Nacimiento de Jes\u00fas de Nazaret: Historia y Cronolog\u00eda\u201d, ofrecen una nueva e innovadora visi\u00f3n de Jes\u00fas, interpret\u00e1ndolo conforme a su tiempo y espacio. Aunque todos los trabajos se basan esencialmente en las fuentes primarias, habi\u00e9ndose llevado a cabo un minucioso an\u00e1lisis cr\u00edtico de todos los textos en sus lenguas originales, se ha intentado que una parte de las mismas sean accesibles a un p\u00fablico m\u00e1s amplio. Lectores que sabr\u00e1n apreciar el esfuerzo realizado en estos estudios y le permitir\u00e1n acceder a un conocimiento cient\u00edfico de vanguardia, con resultados y conclusiones nunca antes ofrecidas y que configuran un nuevo rostro de la figura de Jes\u00fas. Todas estas aportaciones profundizan en aspectos apenas estudiados anteriormente. En el conjunto de las mismas se han empleado nuevas y rigurosas t\u00e9cnicas de investigaci\u00f3n, muchas de ellas aplicadas por primera vez en este campo, como sucede con algunas ciertamente complejas provenientes originalmente de los \u00e1mbitos de las ciencias sociales y experimentales. Pero, adem\u00e1s, tambi\u00e9n en las metodolog\u00edas cl\u00e1sicas utilizadas, dentro del contexto tradicional de las humanidades y de la cr\u00edtica hist\u00f3rico-literaria, se han usado t\u00e9cnicas muy novedosas, como ha sido el caso de los an\u00e1lisis filol\u00f3gicos desarrollados que han buscado identificar sustratos sem\u00edticos primitivos presentes en los textos neotestamentarios y otras fuentes, en el intento de distinguir los m\u00e1s antiguos testimonios sobre Jes\u00fas de Nazaret. En definitiva, las investigaciones que componen esta colecci\u00f3n ofrecen nuevos conocimientos sobre el Jes\u00fas hist\u00f3rico y el contexto en el que se escribieron los primeros escritos sobre su figura. Se trata de obras sumamente actuales, rigurosas, cient\u00edficas y atractivas para todo lector que hoy quiera acercarse a uno de los personajes m\u00e1s trascendentes \u2013probablemente, por su influencia, el que m\u00e1s\u2013 de la historia de la humanidad.\" \/>\n<meta property=\"og:url\" content=\"https:\/\/eurytionpress.com\/en\/descifrando-al-jesus-historico\/\" \/>\n<meta property=\"og:site_name\" content=\"Eurytion Press\" \/>\n<meta property=\"og:image\" content=\"https:\/\/eurytionpress.com\/wp-content\/uploads\/2025\/07\/descrifrando-al-jesus-historico-cover.png\" \/>\n\t<meta property=\"og:image:width\" content=\"826\" \/>\n\t<meta property=\"og:image:height\" content=\"1170\" \/>\n\t<meta property=\"og:image:type\" content=\"image\/png\" \/>\n<meta name=\"twitter:card\" content=\"summary_large_image\" \/>\n<script type=\"application\/ld+json\" class=\"yoast-schema-graph\">{\"@context\":\"https:\/\/schema.org\",\"@graph\":[{\"@type\":\"WebPage\",\"@id\":\"https:\/\/eurytionpress.com\/en\/descifrando-al-jesus-historico\/\",\"url\":\"https:\/\/eurytionpress.com\/en\/descifrando-al-jesus-historico\/\",\"name\":\"Descifrando al Jes\u00fas Hist\u00f3rico - Eurytion Press\",\"isPartOf\":{\"@id\":\"https:\/\/eurytionpress.com\/en\/#website\"},\"primaryImageOfPage\":{\"@id\":\"https:\/\/eurytionpress.com\/en\/descifrando-al-jesus-historico\/#primaryimage\"},\"image\":{\"@id\":\"https:\/\/eurytionpress.com\/en\/descifrando-al-jesus-historico\/#primaryimage\"},\"thumbnailUrl\":\"https:\/\/eurytionpress.com\/wp-content\/uploads\/2025\/07\/descrifrando-al-jesus-historico-cover.png\",\"datePublished\":\"2025-07-01T12:31:08+00:00\",\"breadcrumb\":{\"@id\":\"https:\/\/eurytionpress.com\/en\/descifrando-al-jesus-historico\/#breadcrumb\"},\"inLanguage\":\"en-US\",\"potentialAction\":[{\"@type\":\"ReadAction\",\"target\":[\"https:\/\/eurytionpress.com\/en\/descifrando-al-jesus-historico\/\"]}]},{\"@type\":\"ImageObject\",\"inLanguage\":\"en-US\",\"@id\":\"https:\/\/eurytionpress.com\/en\/descifrando-al-jesus-historico\/#primaryimage\",\"url\":\"https:\/\/eurytionpress.com\/wp-content\/uploads\/2025\/07\/descrifrando-al-jesus-historico-cover.png\",\"contentUrl\":\"https:\/\/eurytionpress.com\/wp-content\/uploads\/2025\/07\/descrifrando-al-jesus-historico-cover.png\",\"width\":826,\"height\":1170},{\"@type\":\"BreadcrumbList\",\"@id\":\"https:\/\/eurytionpress.com\/en\/descifrando-al-jesus-historico\/#breadcrumb\",\"itemListElement\":[{\"@type\":\"ListItem\",\"position\":1,\"name\":\"Portada\",\"item\":\"https:\/\/eurytionpress.com\/en\/\"},{\"@type\":\"ListItem\",\"position\":2,\"name\":\"Libros\",\"item\":\"https:\/\/eurytionpress.com\/libros-2\/\"},{\"@type\":\"ListItem\",\"position\":3,\"name\":\"Descifrando al Jes\u00fas Hist\u00f3rico\"}]},{\"@type\":\"WebSite\",\"@id\":\"https:\/\/eurytionpress.com\/en\/#website\",\"url\":\"https:\/\/eurytionpress.com\/en\/\",\"name\":\"Eurytion Press\",\"description\":\"Editorial de libros cient\u00edficos y acad\u00e9micos\",\"publisher\":{\"@id\":\"https:\/\/eurytionpress.com\/en\/#organization\"},\"potentialAction\":[{\"@type\":\"SearchAction\",\"target\":{\"@type\":\"EntryPoint\",\"urlTemplate\":\"https:\/\/eurytionpress.com\/en\/?s={search_term_string}\"},\"query-input\":{\"@type\":\"PropertyValueSpecification\",\"valueRequired\":true,\"valueName\":\"search_term_string\"}}],\"inLanguage\":\"en-US\"},{\"@type\":\"Organization\",\"@id\":\"https:\/\/eurytionpress.com\/en\/#organization\",\"name\":\"Eurytion Press\",\"url\":\"https:\/\/eurytionpress.com\/en\/\",\"logo\":{\"@type\":\"ImageObject\",\"inLanguage\":\"en-US\",\"@id\":\"https:\/\/eurytionpress.com\/en\/#\/schema\/logo\/image\/\",\"url\":\"https:\/\/eurytionpress.com\/wp-content\/uploads\/2025\/07\/eurityon-press.png\",\"contentUrl\":\"https:\/\/eurytionpress.com\/wp-content\/uploads\/2025\/07\/eurityon-press.png\",\"width\":229,\"height\":46,\"caption\":\"Eurytion Press\"},\"image\":{\"@id\":\"https:\/\/eurytionpress.com\/en\/#\/schema\/logo\/image\/\"}}]}<\/script>\n<!-- \/ Yoast SEO plugin. -->","yoast_head_json":{"title":"Descifrando al Jes\u00fas Hist\u00f3rico - Eurytion Press","robots":{"index":"index","follow":"follow","max-snippet":"max-snippet:-1","max-image-preview":"max-image-preview:large","max-video-preview":"max-video-preview:-1"},"canonical":"https:\/\/eurytionpress.com\/en\/descifrando-al-jesus-historico\/","og_locale":"en_US","og_type":"article","og_title":"Descifrando al Jes\u00fas Hist\u00f3rico - Eurytion Press","og_description":"Este libro pertenece a la \u201cColecci\u00f3n Jes\u00fas Hist\u00f3rico\u201d, una de las colecciones m\u00e1s innovadoras y prestigiosas de Eurytion Press. Los libros que componen la colecci\u00f3n, como, entre otros, \u201cJes\u00fas y los Marginados: La Exclusi\u00f3n Social en el Per\u00edodo del Segundo Templo\u201d, \u201cDescifrando al Jes\u00fas Hist\u00f3rico\u201d, \u201cJes\u00fas y los Animales\u201d, \u201cLa Comunidad Esenia de Jes\u00fas\u201d o la monumental obra en tres densos vol\u00famenes bajo el t\u00edtulo \u201cEl Nacimiento de Jes\u00fas de Nazaret: Historia y Cronolog\u00eda\u201d, ofrecen una nueva e innovadora visi\u00f3n de Jes\u00fas, interpret\u00e1ndolo conforme a su tiempo y espacio. Aunque todos los trabajos se basan esencialmente en las fuentes primarias, habi\u00e9ndose llevado a cabo un minucioso an\u00e1lisis cr\u00edtico de todos los textos en sus lenguas originales, se ha intentado que una parte de las mismas sean accesibles a un p\u00fablico m\u00e1s amplio. Lectores que sabr\u00e1n apreciar el esfuerzo realizado en estos estudios y le permitir\u00e1n acceder a un conocimiento cient\u00edfico de vanguardia, con resultados y conclusiones nunca antes ofrecidas y que configuran un nuevo rostro de la figura de Jes\u00fas. Todas estas aportaciones profundizan en aspectos apenas estudiados anteriormente. En el conjunto de las mismas se han empleado nuevas y rigurosas t\u00e9cnicas de investigaci\u00f3n, muchas de ellas aplicadas por primera vez en este campo, como sucede con algunas ciertamente complejas provenientes originalmente de los \u00e1mbitos de las ciencias sociales y experimentales. Pero, adem\u00e1s, tambi\u00e9n en las metodolog\u00edas cl\u00e1sicas utilizadas, dentro del contexto tradicional de las humanidades y de la cr\u00edtica hist\u00f3rico-literaria, se han usado t\u00e9cnicas muy novedosas, como ha sido el caso de los an\u00e1lisis filol\u00f3gicos desarrollados que han buscado identificar sustratos sem\u00edticos primitivos presentes en los textos neotestamentarios y otras fuentes, en el intento de distinguir los m\u00e1s antiguos testimonios sobre Jes\u00fas de Nazaret. En definitiva, las investigaciones que componen esta colecci\u00f3n ofrecen nuevos conocimientos sobre el Jes\u00fas hist\u00f3rico y el contexto en el que se escribieron los primeros escritos sobre su figura. Se trata de obras sumamente actuales, rigurosas, cient\u00edficas y atractivas para todo lector que hoy quiera acercarse a uno de los personajes m\u00e1s trascendentes \u2013probablemente, por su influencia, el que m\u00e1s\u2013 de la historia de la humanidad.","og_url":"https:\/\/eurytionpress.com\/en\/descifrando-al-jesus-historico\/","og_site_name":"Eurytion Press","og_image":[{"width":826,"height":1170,"url":"https:\/\/eurytionpress.com\/wp-content\/uploads\/2025\/07\/descrifrando-al-jesus-historico-cover.png","type":"image\/png"}],"twitter_card":"summary_large_image","schema":{"@context":"https:\/\/schema.org","@graph":[{"@type":"WebPage","@id":"https:\/\/eurytionpress.com\/en\/descifrando-al-jesus-historico\/","url":"https:\/\/eurytionpress.com\/en\/descifrando-al-jesus-historico\/","name":"Descifrando al Jes\u00fas Hist\u00f3rico - Eurytion Press","isPartOf":{"@id":"https:\/\/eurytionpress.com\/en\/#website"},"primaryImageOfPage":{"@id":"https:\/\/eurytionpress.com\/en\/descifrando-al-jesus-historico\/#primaryimage"},"image":{"@id":"https:\/\/eurytionpress.com\/en\/descifrando-al-jesus-historico\/#primaryimage"},"thumbnailUrl":"https:\/\/eurytionpress.com\/wp-content\/uploads\/2025\/07\/descrifrando-al-jesus-historico-cover.png","datePublished":"2025-07-01T12:31:08+00:00","breadcrumb":{"@id":"https:\/\/eurytionpress.com\/en\/descifrando-al-jesus-historico\/#breadcrumb"},"inLanguage":"en-US","potentialAction":[{"@type":"ReadAction","target":["https:\/\/eurytionpress.com\/en\/descifrando-al-jesus-historico\/"]}]},{"@type":"ImageObject","inLanguage":"en-US","@id":"https:\/\/eurytionpress.com\/en\/descifrando-al-jesus-historico\/#primaryimage","url":"https:\/\/eurytionpress.com\/wp-content\/uploads\/2025\/07\/descrifrando-al-jesus-historico-cover.png","contentUrl":"https:\/\/eurytionpress.com\/wp-content\/uploads\/2025\/07\/descrifrando-al-jesus-historico-cover.png","width":826,"height":1170},{"@type":"BreadcrumbList","@id":"https:\/\/eurytionpress.com\/en\/descifrando-al-jesus-historico\/#breadcrumb","itemListElement":[{"@type":"ListItem","position":1,"name":"Portada","item":"https:\/\/eurytionpress.com\/en\/"},{"@type":"ListItem","position":2,"name":"Libros","item":"https:\/\/eurytionpress.com\/libros-2\/"},{"@type":"ListItem","position":3,"name":"Descifrando al Jes\u00fas Hist\u00f3rico"}]},{"@type":"WebSite","@id":"https:\/\/eurytionpress.com\/en\/#website","url":"https:\/\/eurytionpress.com\/en\/","name":"Eurytion Press","description":"Editorial de libros cient\u00edficos y acad\u00e9micos","publisher":{"@id":"https:\/\/eurytionpress.com\/en\/#organization"},"potentialAction":[{"@type":"SearchAction","target":{"@type":"EntryPoint","urlTemplate":"https:\/\/eurytionpress.com\/en\/?s={search_term_string}"},"query-input":{"@type":"PropertyValueSpecification","valueRequired":true,"valueName":"search_term_string"}}],"inLanguage":"en-US"},{"@type":"Organization","@id":"https:\/\/eurytionpress.com\/en\/#organization","name":"Eurytion Press","url":"https:\/\/eurytionpress.com\/en\/","logo":{"@type":"ImageObject","inLanguage":"en-US","@id":"https:\/\/eurytionpress.com\/en\/#\/schema\/logo\/image\/","url":"https:\/\/eurytionpress.com\/wp-content\/uploads\/2025\/07\/eurityon-press.png","contentUrl":"https:\/\/eurytionpress.com\/wp-content\/uploads\/2025\/07\/eurityon-press.png","width":229,"height":46,"caption":"Eurytion Press"},"image":{"@id":"https:\/\/eurytionpress.com\/en\/#\/schema\/logo\/image\/"}}]}},"_links":{"self":[{"href":"https:\/\/eurytionpress.com\/en\/wp-json\/wp\/v2\/product\/23754","targetHints":{"allow":["GET"]}}],"collection":[{"href":"https:\/\/eurytionpress.com\/en\/wp-json\/wp\/v2\/product"}],"about":[{"href":"https:\/\/eurytionpress.com\/en\/wp-json\/wp\/v2\/types\/product"}],"replies":[{"embeddable":true,"href":"https:\/\/eurytionpress.com\/en\/wp-json\/wp\/v2\/comments?post=23754"}],"wp:featuredmedia":[{"embeddable":true,"href":"https:\/\/eurytionpress.com\/en\/wp-json\/wp\/v2\/media\/22248"}],"wp:attachment":[{"href":"https:\/\/eurytionpress.com\/en\/wp-json\/wp\/v2\/media?parent=23754"}],"wp:term":[{"taxonomy":"product_brand","embeddable":true,"href":"https:\/\/eurytionpress.com\/en\/wp-json\/wp\/v2\/product_brand?post=23754"},{"taxonomy":"product_cat","embeddable":true,"href":"https:\/\/eurytionpress.com\/en\/wp-json\/wp\/v2\/product_cat?post=23754"},{"taxonomy":"product_tag","embeddable":true,"href":"https:\/\/eurytionpress.com\/en\/wp-json\/wp\/v2\/product_tag?post=23754"}],"curies":[{"name":"wp","href":"https:\/\/api.w.org\/{rel}","templated":true}]}}