{"id":23761,"date":"2025-07-01T14:28:42","date_gmt":"2025-07-01T12:28:42","guid":{"rendered":"https:\/\/wpempresa.com\/eurytion\/astronomia-matematicas-y-pensamiento-en-la-prehistoria-y-la-antiguedad-iii-paleoastronomia-en-el-arte-megalitico-estado-de-la-cuestion-para-su-estudio-en-la-peninsula-iberica\/"},"modified":"2025-07-01T14:28:42","modified_gmt":"2025-07-01T12:28:42","slug":"astronomia-matematicas-y-pensamiento-en-la-prehistoria-y-la-antiguedad-iii-paleoastronomia-en-el-arte-megalitico-estado-de-la-cuestion-para-su-estudio-en-la-peninsula-iberica","status":"publish","type":"product","link":"https:\/\/eurytionpress.com\/en\/astronomia-matematicas-y-pensamiento-en-la-prehistoria-y-la-antiguedad-iii-paleoastronomia-en-el-arte-megalitico-estado-de-la-cuestion-para-su-estudio-en-la-peninsula-iberica\/","title":{"rendered":"Astronom\u00eda, Matem\u00e1ticas y Pensamiento en la Prehistoria y la Antig\u00fcedad III. Paleoastronom\u00eda en el Arte Megal\u00edtico: Estado de la Cuesti\u00f3n para su Estudio en la Pen\u00ednsula Ib\u00e9rica."},"content":{"rendered":"<p>G\u00f3mez Gal\u00e1n, Jos\u00e9. Astronom\u00eda, Matem\u00e1ticas y Pensamiento en la Prehistoria y la Antig\u00fcedad III. Paleoastronom\u00eda en el Arte Megalitico: Estado de la Cuesti\u00f3n para su Estudio en la Pen\u00ednsula Ib\u00e9rica. Cupey: UMET, 2016.<\/p>\n","protected":false},"excerpt":{"rendered":"<p>Este libro pertenece a la extensa investigaci\u00f3n del profesor Jos\u00e9 G\u00f3mez Gal\u00e1n, &#8220;Astronom\u00eda, Matem\u00e1ticas y Pensamiento en la Prehistoria y la Antig\u00fcedad&#8221;, desarrollada a trav\u00e9s de cuatro vol\u00famenes \u2013que act\u00faan tambi\u00e9n como libros independientes\u2013 y que constituyen uno de los m\u00e1s complejos y precisos an\u00e1lisis diacr\u00f3nicos y transculturales que se hayan realizado sobre la evoluci\u00f3n del conocimiento astron\u00f3mico y matem\u00e1tico \u2013y, sobre todo, su integraci\u00f3n en los sistemas cognitivos y las cosmovisiones\u2013 desde el Paleol\u00edtico Superior hasta la Antig\u00fcedad mesopot\u00e1mica. El primer volumen examina la evidencia de la existencia de una protoastronom\u00eda y conceptualizaciones matem\u00e1ticas incipientes desde, al menos, hace 40.000 a\u00f1os, utilizando un enfoque interdisciplinar desde diferentes especialidades \u2013pudi\u00e9ndose destacar la arqueolog\u00eda cognitiva o la antropolog\u00eda cultural\u2013 para interpretar las representaciones pict\u00f3ricas y el arte parietal como registros intencionados de fen\u00f3menos celestes y sistemas num\u00e9ricos primigenios. El segundo libro aborda el fen\u00f3meno megal\u00edtico desde una perspectiva global, con la aplicaci\u00f3n de t\u00e9cnicas procedentes de la arqueoastronom\u00eda, del an\u00e1lisis intercultural y de los avances en la arqueogen\u00e9tica, entre otras, con el fin de proponer nuevas hip\u00f3tesis sobre alineamientos, propiedades matem\u00e1ticas y la posible difusi\u00f3n cultural de este complejo sistema de conocimiento. El tercer libro se centra espec\u00edficamente en la arqueoastronom\u00eda aplicada al arte megal\u00edtico de la Pen\u00ednsula Ib\u00e9rica, uno de sus focos primigenios, en la que se establece el estado de la cuesti\u00f3n y se presentan propuestas de dise\u00f1o de futuros estudios multidisciplinares que nos ayuden a descifrar el simbolismo astron\u00f3mico inherente al fen\u00f3meno. Finalmente, el cuarto libro analiza la naturaleza de la adivinaci\u00f3n astrol\u00f3gica en la antigua Mesopotamia, donde se observan los fundamentos emp\u00edricos en los que se apoyaban algunas pr\u00e1cticas \u2013derivados del dominio matem\u00e1tico que pose\u00edan de la mec\u00e1nica celeste\u2013 lo que les permit\u00eda determinar complejas efem\u00e9rides a las daban finalmente una interpretaci\u00f3n religiosa, ejemplo paradigm\u00e1tico de una s\u00edntesis cultural entre lo racional y lo m\u00e1gico. En conjunto, la obra argumenta te\u00f3ricamente, y con evidencias, la existencia de una indudable sofisticaci\u00f3n y antig\u00fcedad en el pensamiento abstracto humano \u2013y los notables conocimientos astron\u00f3micos y matem\u00e1ticos que pose\u00edan\u2013 en la sociedades prehist\u00f3ricas y del mundo antiguo.<\/p>\n","protected":false},"featured_media":23294,"comment_status":"closed","ping_status":"closed","template":"","meta":[],"product_brand":[],"product_cat":[689,925],"product_tag":[],"class_list":{"0":"post-23761","1":"product","2":"type-product","3":"status-publish","4":"has-post-thumbnail","6":"product_cat-international-en","7":"product_cat-printed-book","9":"first","10":"instock","11":"product-type-external"},"yoast_head":"<!-- This site is optimized with the Yoast SEO plugin v25.3.1 - https:\/\/yoast.com\/wordpress\/plugins\/seo\/ -->\n<title>Astronom\u00eda, Matem\u00e1ticas y Pensamiento en la Prehistoria y la Antig\u00fcedad III. Paleoastronom\u00eda en el Arte Megal\u00edtico: Estado de la Cuesti\u00f3n para su Estudio en la Pen\u00ednsula Ib\u00e9rica. - Eurytion Press<\/title>\n<meta name=\"robots\" content=\"index, follow, max-snippet:-1, max-image-preview:large, max-video-preview:-1\" \/>\n<link rel=\"canonical\" href=\"https:\/\/eurytionpress.com\/en\/astronomia-matematicas-y-pensamiento-en-la-prehistoria-y-la-antiguedad-iii-paleoastronomia-en-el-arte-megalitico-estado-de-la-cuestion-para-su-estudio-en-la-peninsula-iberica\/\" \/>\n<meta property=\"og:locale\" content=\"en_US\" \/>\n<meta property=\"og:type\" content=\"article\" \/>\n<meta property=\"og:title\" content=\"Astronom\u00eda, Matem\u00e1ticas y Pensamiento en la Prehistoria y la Antig\u00fcedad III. Paleoastronom\u00eda en el Arte Megal\u00edtico: Estado de la Cuesti\u00f3n para su Estudio en la Pen\u00ednsula Ib\u00e9rica. - Eurytion Press\" \/>\n<meta property=\"og:description\" content=\"Este libro pertenece a la extensa investigaci\u00f3n del profesor Jos\u00e9 G\u00f3mez Gal\u00e1n, &quot;Astronom\u00eda, Matem\u00e1ticas y Pensamiento en la Prehistoria y la Antig\u00fcedad&quot;, desarrollada a trav\u00e9s de cuatro vol\u00famenes \u2013que act\u00faan tambi\u00e9n como libros independientes\u2013 y que constituyen uno de los m\u00e1s complejos y precisos an\u00e1lisis diacr\u00f3nicos y transculturales que se hayan realizado sobre la evoluci\u00f3n del conocimiento astron\u00f3mico y matem\u00e1tico \u2013y, sobre todo, su integraci\u00f3n en los sistemas cognitivos y las cosmovisiones\u2013 desde el Paleol\u00edtico Superior hasta la Antig\u00fcedad mesopot\u00e1mica. El primer volumen examina la evidencia de la existencia de una protoastronom\u00eda y conceptualizaciones matem\u00e1ticas incipientes desde, al menos, hace 40.000 a\u00f1os, utilizando un enfoque interdisciplinar desde diferentes especialidades \u2013pudi\u00e9ndose destacar la arqueolog\u00eda cognitiva o la antropolog\u00eda cultural\u2013 para interpretar las representaciones pict\u00f3ricas y el arte parietal como registros intencionados de fen\u00f3menos celestes y sistemas num\u00e9ricos primigenios. El segundo libro aborda el fen\u00f3meno megal\u00edtico desde una perspectiva global, con la aplicaci\u00f3n de t\u00e9cnicas procedentes de la arqueoastronom\u00eda, del an\u00e1lisis intercultural y de los avances en la arqueogen\u00e9tica, entre otras, con el fin de proponer nuevas hip\u00f3tesis sobre alineamientos, propiedades matem\u00e1ticas y la posible difusi\u00f3n cultural de este complejo sistema de conocimiento. El tercer libro se centra espec\u00edficamente en la arqueoastronom\u00eda aplicada al arte megal\u00edtico de la Pen\u00ednsula Ib\u00e9rica, uno de sus focos primigenios, en la que se establece el estado de la cuesti\u00f3n y se presentan propuestas de dise\u00f1o de futuros estudios multidisciplinares que nos ayuden a descifrar el simbolismo astron\u00f3mico inherente al fen\u00f3meno. Finalmente, el cuarto libro analiza la naturaleza de la adivinaci\u00f3n astrol\u00f3gica en la antigua Mesopotamia, donde se observan los fundamentos emp\u00edricos en los que se apoyaban algunas pr\u00e1cticas \u2013derivados del dominio matem\u00e1tico que pose\u00edan de la mec\u00e1nica celeste\u2013 lo que les permit\u00eda determinar complejas efem\u00e9rides a las daban finalmente una interpretaci\u00f3n religiosa, ejemplo paradigm\u00e1tico de una s\u00edntesis cultural entre lo racional y lo m\u00e1gico. En conjunto, la obra argumenta te\u00f3ricamente, y con evidencias, la existencia de una indudable sofisticaci\u00f3n y antig\u00fcedad en el pensamiento abstracto humano \u2013y los notables conocimientos astron\u00f3micos y matem\u00e1ticos que pose\u00edan\u2013 en la sociedades prehist\u00f3ricas y del mundo antiguo.\" \/>\n<meta property=\"og:url\" content=\"https:\/\/eurytionpress.com\/en\/astronomia-matematicas-y-pensamiento-en-la-prehistoria-y-la-antiguedad-iii-paleoastronomia-en-el-arte-megalitico-estado-de-la-cuestion-para-su-estudio-en-la-peninsula-iberica\/\" \/>\n<meta property=\"og:site_name\" content=\"Eurytion Press\" \/>\n<meta property=\"og:image\" content=\"https:\/\/eurytionpress.com\/wp-content\/uploads\/2025\/07\/Astronomia-Matematicas-Tomo-III.png\" \/>\n\t<meta property=\"og:image:width\" content=\"833\" \/>\n\t<meta property=\"og:image:height\" content=\"1170\" \/>\n\t<meta property=\"og:image:type\" content=\"image\/png\" \/>\n<meta name=\"twitter:card\" content=\"summary_large_image\" \/>\n<script type=\"application\/ld+json\" class=\"yoast-schema-graph\">{\"@context\":\"https:\/\/schema.org\",\"@graph\":[{\"@type\":\"WebPage\",\"@id\":\"https:\/\/eurytionpress.com\/en\/astronomia-matematicas-y-pensamiento-en-la-prehistoria-y-la-antiguedad-iii-paleoastronomia-en-el-arte-megalitico-estado-de-la-cuestion-para-su-estudio-en-la-peninsula-iberica\/\",\"url\":\"https:\/\/eurytionpress.com\/en\/astronomia-matematicas-y-pensamiento-en-la-prehistoria-y-la-antiguedad-iii-paleoastronomia-en-el-arte-megalitico-estado-de-la-cuestion-para-su-estudio-en-la-peninsula-iberica\/\",\"name\":\"Astronom\u00eda, Matem\u00e1ticas y Pensamiento en la Prehistoria y la Antig\u00fcedad III. Paleoastronom\u00eda en el Arte Megal\u00edtico: Estado de la Cuesti\u00f3n para su Estudio en la Pen\u00ednsula Ib\u00e9rica. - Eurytion Press\",\"isPartOf\":{\"@id\":\"https:\/\/eurytionpress.com\/en\/#website\"},\"primaryImageOfPage\":{\"@id\":\"https:\/\/eurytionpress.com\/en\/astronomia-matematicas-y-pensamiento-en-la-prehistoria-y-la-antiguedad-iii-paleoastronomia-en-el-arte-megalitico-estado-de-la-cuestion-para-su-estudio-en-la-peninsula-iberica\/#primaryimage\"},\"image\":{\"@id\":\"https:\/\/eurytionpress.com\/en\/astronomia-matematicas-y-pensamiento-en-la-prehistoria-y-la-antiguedad-iii-paleoastronomia-en-el-arte-megalitico-estado-de-la-cuestion-para-su-estudio-en-la-peninsula-iberica\/#primaryimage\"},\"thumbnailUrl\":\"https:\/\/eurytionpress.com\/wp-content\/uploads\/2025\/07\/Astronomia-Matematicas-Tomo-III.png\",\"datePublished\":\"2025-07-01T12:28:42+00:00\",\"breadcrumb\":{\"@id\":\"https:\/\/eurytionpress.com\/en\/astronomia-matematicas-y-pensamiento-en-la-prehistoria-y-la-antiguedad-iii-paleoastronomia-en-el-arte-megalitico-estado-de-la-cuestion-para-su-estudio-en-la-peninsula-iberica\/#breadcrumb\"},\"inLanguage\":\"en-US\",\"potentialAction\":[{\"@type\":\"ReadAction\",\"target\":[\"https:\/\/eurytionpress.com\/en\/astronomia-matematicas-y-pensamiento-en-la-prehistoria-y-la-antiguedad-iii-paleoastronomia-en-el-arte-megalitico-estado-de-la-cuestion-para-su-estudio-en-la-peninsula-iberica\/\"]}]},{\"@type\":\"ImageObject\",\"inLanguage\":\"en-US\",\"@id\":\"https:\/\/eurytionpress.com\/en\/astronomia-matematicas-y-pensamiento-en-la-prehistoria-y-la-antiguedad-iii-paleoastronomia-en-el-arte-megalitico-estado-de-la-cuestion-para-su-estudio-en-la-peninsula-iberica\/#primaryimage\",\"url\":\"https:\/\/eurytionpress.com\/wp-content\/uploads\/2025\/07\/Astronomia-Matematicas-Tomo-III.png\",\"contentUrl\":\"https:\/\/eurytionpress.com\/wp-content\/uploads\/2025\/07\/Astronomia-Matematicas-Tomo-III.png\",\"width\":833,\"height\":1170},{\"@type\":\"BreadcrumbList\",\"@id\":\"https:\/\/eurytionpress.com\/en\/astronomia-matematicas-y-pensamiento-en-la-prehistoria-y-la-antiguedad-iii-paleoastronomia-en-el-arte-megalitico-estado-de-la-cuestion-para-su-estudio-en-la-peninsula-iberica\/#breadcrumb\",\"itemListElement\":[{\"@type\":\"ListItem\",\"position\":1,\"name\":\"Portada\",\"item\":\"https:\/\/eurytionpress.com\/en\/\"},{\"@type\":\"ListItem\",\"position\":2,\"name\":\"Libros\",\"item\":\"https:\/\/eurytionpress.com\/libros-2\/\"},{\"@type\":\"ListItem\",\"position\":3,\"name\":\"Astronom\u00eda, Matem\u00e1ticas y Pensamiento en la Prehistoria y la Antig\u00fcedad III. Paleoastronom\u00eda en el Arte Megal\u00edtico: Estado de la Cuesti\u00f3n para su Estudio en la Pen\u00ednsula Ib\u00e9rica.\"}]},{\"@type\":\"WebSite\",\"@id\":\"https:\/\/eurytionpress.com\/en\/#website\",\"url\":\"https:\/\/eurytionpress.com\/en\/\",\"name\":\"Eurytion Press\",\"description\":\"Editorial de libros cient\u00edficos y acad\u00e9micos\",\"publisher\":{\"@id\":\"https:\/\/eurytionpress.com\/en\/#organization\"},\"potentialAction\":[{\"@type\":\"SearchAction\",\"target\":{\"@type\":\"EntryPoint\",\"urlTemplate\":\"https:\/\/eurytionpress.com\/en\/?s={search_term_string}\"},\"query-input\":{\"@type\":\"PropertyValueSpecification\",\"valueRequired\":true,\"valueName\":\"search_term_string\"}}],\"inLanguage\":\"en-US\"},{\"@type\":\"Organization\",\"@id\":\"https:\/\/eurytionpress.com\/en\/#organization\",\"name\":\"Eurytion Press\",\"url\":\"https:\/\/eurytionpress.com\/en\/\",\"logo\":{\"@type\":\"ImageObject\",\"inLanguage\":\"en-US\",\"@id\":\"https:\/\/eurytionpress.com\/en\/#\/schema\/logo\/image\/\",\"url\":\"https:\/\/eurytionpress.com\/wp-content\/uploads\/2025\/07\/eurityon-press.png\",\"contentUrl\":\"https:\/\/eurytionpress.com\/wp-content\/uploads\/2025\/07\/eurityon-press.png\",\"width\":229,\"height\":46,\"caption\":\"Eurytion Press\"},\"image\":{\"@id\":\"https:\/\/eurytionpress.com\/en\/#\/schema\/logo\/image\/\"}}]}<\/script>\n<!-- \/ Yoast SEO plugin. -->","yoast_head_json":{"title":"Astronom\u00eda, Matem\u00e1ticas y Pensamiento en la Prehistoria y la Antig\u00fcedad III. Paleoastronom\u00eda en el Arte Megal\u00edtico: Estado de la Cuesti\u00f3n para su Estudio en la Pen\u00ednsula Ib\u00e9rica. - Eurytion Press","robots":{"index":"index","follow":"follow","max-snippet":"max-snippet:-1","max-image-preview":"max-image-preview:large","max-video-preview":"max-video-preview:-1"},"canonical":"https:\/\/eurytionpress.com\/en\/astronomia-matematicas-y-pensamiento-en-la-prehistoria-y-la-antiguedad-iii-paleoastronomia-en-el-arte-megalitico-estado-de-la-cuestion-para-su-estudio-en-la-peninsula-iberica\/","og_locale":"en_US","og_type":"article","og_title":"Astronom\u00eda, Matem\u00e1ticas y Pensamiento en la Prehistoria y la Antig\u00fcedad III. Paleoastronom\u00eda en el Arte Megal\u00edtico: Estado de la Cuesti\u00f3n para su Estudio en la Pen\u00ednsula Ib\u00e9rica. - Eurytion Press","og_description":"Este libro pertenece a la extensa investigaci\u00f3n del profesor Jos\u00e9 G\u00f3mez Gal\u00e1n, \"Astronom\u00eda, Matem\u00e1ticas y Pensamiento en la Prehistoria y la Antig\u00fcedad\", desarrollada a trav\u00e9s de cuatro vol\u00famenes \u2013que act\u00faan tambi\u00e9n como libros independientes\u2013 y que constituyen uno de los m\u00e1s complejos y precisos an\u00e1lisis diacr\u00f3nicos y transculturales que se hayan realizado sobre la evoluci\u00f3n del conocimiento astron\u00f3mico y matem\u00e1tico \u2013y, sobre todo, su integraci\u00f3n en los sistemas cognitivos y las cosmovisiones\u2013 desde el Paleol\u00edtico Superior hasta la Antig\u00fcedad mesopot\u00e1mica. El primer volumen examina la evidencia de la existencia de una protoastronom\u00eda y conceptualizaciones matem\u00e1ticas incipientes desde, al menos, hace 40.000 a\u00f1os, utilizando un enfoque interdisciplinar desde diferentes especialidades \u2013pudi\u00e9ndose destacar la arqueolog\u00eda cognitiva o la antropolog\u00eda cultural\u2013 para interpretar las representaciones pict\u00f3ricas y el arte parietal como registros intencionados de fen\u00f3menos celestes y sistemas num\u00e9ricos primigenios. El segundo libro aborda el fen\u00f3meno megal\u00edtico desde una perspectiva global, con la aplicaci\u00f3n de t\u00e9cnicas procedentes de la arqueoastronom\u00eda, del an\u00e1lisis intercultural y de los avances en la arqueogen\u00e9tica, entre otras, con el fin de proponer nuevas hip\u00f3tesis sobre alineamientos, propiedades matem\u00e1ticas y la posible difusi\u00f3n cultural de este complejo sistema de conocimiento. El tercer libro se centra espec\u00edficamente en la arqueoastronom\u00eda aplicada al arte megal\u00edtico de la Pen\u00ednsula Ib\u00e9rica, uno de sus focos primigenios, en la que se establece el estado de la cuesti\u00f3n y se presentan propuestas de dise\u00f1o de futuros estudios multidisciplinares que nos ayuden a descifrar el simbolismo astron\u00f3mico inherente al fen\u00f3meno. Finalmente, el cuarto libro analiza la naturaleza de la adivinaci\u00f3n astrol\u00f3gica en la antigua Mesopotamia, donde se observan los fundamentos emp\u00edricos en los que se apoyaban algunas pr\u00e1cticas \u2013derivados del dominio matem\u00e1tico que pose\u00edan de la mec\u00e1nica celeste\u2013 lo que les permit\u00eda determinar complejas efem\u00e9rides a las daban finalmente una interpretaci\u00f3n religiosa, ejemplo paradigm\u00e1tico de una s\u00edntesis cultural entre lo racional y lo m\u00e1gico. En conjunto, la obra argumenta te\u00f3ricamente, y con evidencias, la existencia de una indudable sofisticaci\u00f3n y antig\u00fcedad en el pensamiento abstracto humano \u2013y los notables conocimientos astron\u00f3micos y matem\u00e1ticos que pose\u00edan\u2013 en la sociedades prehist\u00f3ricas y del mundo antiguo.","og_url":"https:\/\/eurytionpress.com\/en\/astronomia-matematicas-y-pensamiento-en-la-prehistoria-y-la-antiguedad-iii-paleoastronomia-en-el-arte-megalitico-estado-de-la-cuestion-para-su-estudio-en-la-peninsula-iberica\/","og_site_name":"Eurytion Press","og_image":[{"width":833,"height":1170,"url":"https:\/\/eurytionpress.com\/wp-content\/uploads\/2025\/07\/Astronomia-Matematicas-Tomo-III.png","type":"image\/png"}],"twitter_card":"summary_large_image","schema":{"@context":"https:\/\/schema.org","@graph":[{"@type":"WebPage","@id":"https:\/\/eurytionpress.com\/en\/astronomia-matematicas-y-pensamiento-en-la-prehistoria-y-la-antiguedad-iii-paleoastronomia-en-el-arte-megalitico-estado-de-la-cuestion-para-su-estudio-en-la-peninsula-iberica\/","url":"https:\/\/eurytionpress.com\/en\/astronomia-matematicas-y-pensamiento-en-la-prehistoria-y-la-antiguedad-iii-paleoastronomia-en-el-arte-megalitico-estado-de-la-cuestion-para-su-estudio-en-la-peninsula-iberica\/","name":"Astronom\u00eda, Matem\u00e1ticas y Pensamiento en la Prehistoria y la Antig\u00fcedad III. Paleoastronom\u00eda en el Arte Megal\u00edtico: Estado de la Cuesti\u00f3n para su Estudio en la Pen\u00ednsula Ib\u00e9rica. - Eurytion Press","isPartOf":{"@id":"https:\/\/eurytionpress.com\/en\/#website"},"primaryImageOfPage":{"@id":"https:\/\/eurytionpress.com\/en\/astronomia-matematicas-y-pensamiento-en-la-prehistoria-y-la-antiguedad-iii-paleoastronomia-en-el-arte-megalitico-estado-de-la-cuestion-para-su-estudio-en-la-peninsula-iberica\/#primaryimage"},"image":{"@id":"https:\/\/eurytionpress.com\/en\/astronomia-matematicas-y-pensamiento-en-la-prehistoria-y-la-antiguedad-iii-paleoastronomia-en-el-arte-megalitico-estado-de-la-cuestion-para-su-estudio-en-la-peninsula-iberica\/#primaryimage"},"thumbnailUrl":"https:\/\/eurytionpress.com\/wp-content\/uploads\/2025\/07\/Astronomia-Matematicas-Tomo-III.png","datePublished":"2025-07-01T12:28:42+00:00","breadcrumb":{"@id":"https:\/\/eurytionpress.com\/en\/astronomia-matematicas-y-pensamiento-en-la-prehistoria-y-la-antiguedad-iii-paleoastronomia-en-el-arte-megalitico-estado-de-la-cuestion-para-su-estudio-en-la-peninsula-iberica\/#breadcrumb"},"inLanguage":"en-US","potentialAction":[{"@type":"ReadAction","target":["https:\/\/eurytionpress.com\/en\/astronomia-matematicas-y-pensamiento-en-la-prehistoria-y-la-antiguedad-iii-paleoastronomia-en-el-arte-megalitico-estado-de-la-cuestion-para-su-estudio-en-la-peninsula-iberica\/"]}]},{"@type":"ImageObject","inLanguage":"en-US","@id":"https:\/\/eurytionpress.com\/en\/astronomia-matematicas-y-pensamiento-en-la-prehistoria-y-la-antiguedad-iii-paleoastronomia-en-el-arte-megalitico-estado-de-la-cuestion-para-su-estudio-en-la-peninsula-iberica\/#primaryimage","url":"https:\/\/eurytionpress.com\/wp-content\/uploads\/2025\/07\/Astronomia-Matematicas-Tomo-III.png","contentUrl":"https:\/\/eurytionpress.com\/wp-content\/uploads\/2025\/07\/Astronomia-Matematicas-Tomo-III.png","width":833,"height":1170},{"@type":"BreadcrumbList","@id":"https:\/\/eurytionpress.com\/en\/astronomia-matematicas-y-pensamiento-en-la-prehistoria-y-la-antiguedad-iii-paleoastronomia-en-el-arte-megalitico-estado-de-la-cuestion-para-su-estudio-en-la-peninsula-iberica\/#breadcrumb","itemListElement":[{"@type":"ListItem","position":1,"name":"Portada","item":"https:\/\/eurytionpress.com\/en\/"},{"@type":"ListItem","position":2,"name":"Libros","item":"https:\/\/eurytionpress.com\/libros-2\/"},{"@type":"ListItem","position":3,"name":"Astronom\u00eda, Matem\u00e1ticas y Pensamiento en la Prehistoria y la Antig\u00fcedad III. Paleoastronom\u00eda en el Arte Megal\u00edtico: Estado de la Cuesti\u00f3n para su Estudio en la Pen\u00ednsula Ib\u00e9rica."}]},{"@type":"WebSite","@id":"https:\/\/eurytionpress.com\/en\/#website","url":"https:\/\/eurytionpress.com\/en\/","name":"Eurytion Press","description":"Editorial de libros cient\u00edficos y acad\u00e9micos","publisher":{"@id":"https:\/\/eurytionpress.com\/en\/#organization"},"potentialAction":[{"@type":"SearchAction","target":{"@type":"EntryPoint","urlTemplate":"https:\/\/eurytionpress.com\/en\/?s={search_term_string}"},"query-input":{"@type":"PropertyValueSpecification","valueRequired":true,"valueName":"search_term_string"}}],"inLanguage":"en-US"},{"@type":"Organization","@id":"https:\/\/eurytionpress.com\/en\/#organization","name":"Eurytion Press","url":"https:\/\/eurytionpress.com\/en\/","logo":{"@type":"ImageObject","inLanguage":"en-US","@id":"https:\/\/eurytionpress.com\/en\/#\/schema\/logo\/image\/","url":"https:\/\/eurytionpress.com\/wp-content\/uploads\/2025\/07\/eurityon-press.png","contentUrl":"https:\/\/eurytionpress.com\/wp-content\/uploads\/2025\/07\/eurityon-press.png","width":229,"height":46,"caption":"Eurytion Press"},"image":{"@id":"https:\/\/eurytionpress.com\/en\/#\/schema\/logo\/image\/"}}]}},"_links":{"self":[{"href":"https:\/\/eurytionpress.com\/en\/wp-json\/wp\/v2\/product\/23761","targetHints":{"allow":["GET"]}}],"collection":[{"href":"https:\/\/eurytionpress.com\/en\/wp-json\/wp\/v2\/product"}],"about":[{"href":"https:\/\/eurytionpress.com\/en\/wp-json\/wp\/v2\/types\/product"}],"replies":[{"embeddable":true,"href":"https:\/\/eurytionpress.com\/en\/wp-json\/wp\/v2\/comments?post=23761"}],"wp:featuredmedia":[{"embeddable":true,"href":"https:\/\/eurytionpress.com\/en\/wp-json\/wp\/v2\/media\/23294"}],"wp:attachment":[{"href":"https:\/\/eurytionpress.com\/en\/wp-json\/wp\/v2\/media?parent=23761"}],"wp:term":[{"taxonomy":"product_brand","embeddable":true,"href":"https:\/\/eurytionpress.com\/en\/wp-json\/wp\/v2\/product_brand?post=23761"},{"taxonomy":"product_cat","embeddable":true,"href":"https:\/\/eurytionpress.com\/en\/wp-json\/wp\/v2\/product_cat?post=23761"},{"taxonomy":"product_tag","embeddable":true,"href":"https:\/\/eurytionpress.com\/en\/wp-json\/wp\/v2\/product_tag?post=23761"}],"curies":[{"name":"wp","href":"https:\/\/api.w.org\/{rel}","templated":true}]}}