{"id":23767,"date":"2025-07-01T14:24:39","date_gmt":"2025-07-01T12:24:39","guid":{"rendered":"https:\/\/wpempresa.com\/eurytion\/abriendo-el-telon-una-historia-teatro-breve-y-textos-criticos\/"},"modified":"2025-07-01T14:24:39","modified_gmt":"2025-07-01T12:24:39","slug":"abriendo-el-telon-una-historia-teatro-breve-y-textos-criticos","status":"publish","type":"product","link":"https:\/\/eurytionpress.com\/en\/abriendo-el-telon-una-historia-teatro-breve-y-textos-criticos\/","title":{"rendered":"Abriendo el tel\u00f3n. Una historia&#8230; Teatro breve y textos cr\u00edticos"},"content":{"rendered":"<p>Gavlovski, Johnny. Abriendo el tel\u00f3n. Una historia&#8230; Teatro breve textos cr\u00edticos. Badajoz: Eurytion Press, 2024.<\/p>\n","protected":false},"excerpt":{"rendered":"<p>Esta obra difunde una parte importante de la labor intelectual del profesor Johnny Gavlovski, prestigioso dramaturgo internacional, en la que se recogen diversos contenidos de teatro breve del autor y textos cr\u00edticos. Como se indica en el pr\u00f3logo, \u201cel texto que tienen en sus manos reboza de verdades. Las verdades que expresa no desalojan la anterior por distantes que se encuentren. Hay adem\u00e1s una voz autoral que suma vivencias milim\u00e9tricamente enhebradas. En el contenido encontramos potentes im\u00e1genes descritas en un delicado lenguaje que nos instalan en un ambiente en que se mueven personajes de todo tipo, inclusive fantasmales, con sus caracter\u00edsticas psicol\u00f3gicas, porque la obra se afinca en la realidad&#8230;\u201d. El libro presenta una doble vertiente, por un lado, la art\u00edstica y por otro la acad\u00e9mica, al ser el autor tambi\u00e9n profesor universitario de dilatada trayectoria, lo que queda reflejado en los textos cr\u00edticos incluidos. Por ello, este trabajo ser\u00eda adecuado para un amplio abanico de lectores, desde dramaturgos profesionales a acad\u00e9micos e investigadores, as\u00ed como todos los amantes del teatro.<\/p>\n","protected":false},"featured_media":22195,"comment_status":"closed","ping_status":"open","template":"","meta":[],"product_brand":[],"product_cat":[680],"product_tag":[],"class_list":{"0":"post-23767","1":"product","2":"type-product","3":"status-publish","4":"has-post-thumbnail","6":"product_cat-printedbook-en","8":"first","9":"instock","10":"product-type-external"},"yoast_head":"<!-- This site is optimized with the Yoast SEO plugin v25.3.1 - https:\/\/yoast.com\/wordpress\/plugins\/seo\/ -->\n<title>Abriendo el tel\u00f3n. Una historia... Teatro breve y textos cr\u00edticos - Eurytion Press<\/title>\n<meta name=\"robots\" content=\"index, follow, max-snippet:-1, max-image-preview:large, max-video-preview:-1\" \/>\n<link rel=\"canonical\" href=\"https:\/\/eurytionpress.com\/en\/abriendo-el-telon-una-historia-teatro-breve-y-textos-criticos\/\" \/>\n<meta property=\"og:locale\" content=\"en_US\" \/>\n<meta property=\"og:type\" content=\"article\" \/>\n<meta property=\"og:title\" content=\"Abriendo el tel\u00f3n. Una historia... Teatro breve y textos cr\u00edticos - Eurytion Press\" \/>\n<meta property=\"og:description\" content=\"Esta obra difunde una parte importante de la labor intelectual del profesor Johnny Gavlovski, prestigioso dramaturgo internacional, en la que se recogen diversos contenidos de teatro breve del autor y textos cr\u00edticos. Como se indica en el pr\u00f3logo, \u201cel texto que tienen en sus manos reboza de verdades. Las verdades que expresa no desalojan la anterior por distantes que se encuentren. Hay adem\u00e1s una voz autoral que suma vivencias milim\u00e9tricamente enhebradas. En el contenido encontramos potentes im\u00e1genes descritas en un delicado lenguaje que nos instalan en un ambiente en que se mueven personajes de todo tipo, inclusive fantasmales, con sus caracter\u00edsticas psicol\u00f3gicas, porque la obra se afinca en la realidad...\u201d. El libro presenta una doble vertiente, por un lado, la art\u00edstica y por otro la acad\u00e9mica, al ser el autor tambi\u00e9n profesor universitario de dilatada trayectoria, lo que queda reflejado en los textos cr\u00edticos incluidos. Por ello, este trabajo ser\u00eda adecuado para un amplio abanico de lectores, desde dramaturgos profesionales a acad\u00e9micos e investigadores, as\u00ed como todos los amantes del teatro.\" \/>\n<meta property=\"og:url\" content=\"https:\/\/eurytionpress.com\/en\/abriendo-el-telon-una-historia-teatro-breve-y-textos-criticos\/\" \/>\n<meta property=\"og:site_name\" content=\"Eurytion Press\" \/>\n<meta property=\"og:image\" content=\"https:\/\/eurytionpress.com\/wp-content\/uploads\/2025\/07\/abriendo-el-telon-cover-2.png\" \/>\n\t<meta property=\"og:image:width\" content=\"788\" \/>\n\t<meta property=\"og:image:height\" content=\"1170\" \/>\n\t<meta property=\"og:image:type\" content=\"image\/png\" \/>\n<meta name=\"twitter:card\" content=\"summary_large_image\" \/>\n<script type=\"application\/ld+json\" class=\"yoast-schema-graph\">{\"@context\":\"https:\/\/schema.org\",\"@graph\":[{\"@type\":\"WebPage\",\"@id\":\"https:\/\/eurytionpress.com\/en\/abriendo-el-telon-una-historia-teatro-breve-y-textos-criticos\/\",\"url\":\"https:\/\/eurytionpress.com\/en\/abriendo-el-telon-una-historia-teatro-breve-y-textos-criticos\/\",\"name\":\"Abriendo el tel\u00f3n. Una historia... Teatro breve y textos cr\u00edticos - Eurytion Press\",\"isPartOf\":{\"@id\":\"https:\/\/eurytionpress.com\/en\/#website\"},\"primaryImageOfPage\":{\"@id\":\"https:\/\/eurytionpress.com\/en\/abriendo-el-telon-una-historia-teatro-breve-y-textos-criticos\/#primaryimage\"},\"image\":{\"@id\":\"https:\/\/eurytionpress.com\/en\/abriendo-el-telon-una-historia-teatro-breve-y-textos-criticos\/#primaryimage\"},\"thumbnailUrl\":\"https:\/\/eurytionpress.com\/wp-content\/uploads\/2025\/07\/abriendo-el-telon-cover-2.png\",\"datePublished\":\"2025-07-01T12:24:39+00:00\",\"breadcrumb\":{\"@id\":\"https:\/\/eurytionpress.com\/en\/abriendo-el-telon-una-historia-teatro-breve-y-textos-criticos\/#breadcrumb\"},\"inLanguage\":\"en-US\",\"potentialAction\":[{\"@type\":\"ReadAction\",\"target\":[\"https:\/\/eurytionpress.com\/en\/abriendo-el-telon-una-historia-teatro-breve-y-textos-criticos\/\"]}]},{\"@type\":\"ImageObject\",\"inLanguage\":\"en-US\",\"@id\":\"https:\/\/eurytionpress.com\/en\/abriendo-el-telon-una-historia-teatro-breve-y-textos-criticos\/#primaryimage\",\"url\":\"https:\/\/eurytionpress.com\/wp-content\/uploads\/2025\/07\/abriendo-el-telon-cover-2.png\",\"contentUrl\":\"https:\/\/eurytionpress.com\/wp-content\/uploads\/2025\/07\/abriendo-el-telon-cover-2.png\",\"width\":788,\"height\":1170},{\"@type\":\"BreadcrumbList\",\"@id\":\"https:\/\/eurytionpress.com\/en\/abriendo-el-telon-una-historia-teatro-breve-y-textos-criticos\/#breadcrumb\",\"itemListElement\":[{\"@type\":\"ListItem\",\"position\":1,\"name\":\"Portada\",\"item\":\"https:\/\/eurytionpress.com\/en\/\"},{\"@type\":\"ListItem\",\"position\":2,\"name\":\"Libros\",\"item\":\"https:\/\/eurytionpress.com\/libros-2\/\"},{\"@type\":\"ListItem\",\"position\":3,\"name\":\"Abriendo el tel\u00f3n. Una historia&#8230; Teatro breve y textos cr\u00edticos\"}]},{\"@type\":\"WebSite\",\"@id\":\"https:\/\/eurytionpress.com\/en\/#website\",\"url\":\"https:\/\/eurytionpress.com\/en\/\",\"name\":\"Eurytion Press\",\"description\":\"Editorial de libros cient\u00edficos y acad\u00e9micos\",\"publisher\":{\"@id\":\"https:\/\/eurytionpress.com\/en\/#organization\"},\"potentialAction\":[{\"@type\":\"SearchAction\",\"target\":{\"@type\":\"EntryPoint\",\"urlTemplate\":\"https:\/\/eurytionpress.com\/en\/?s={search_term_string}\"},\"query-input\":{\"@type\":\"PropertyValueSpecification\",\"valueRequired\":true,\"valueName\":\"search_term_string\"}}],\"inLanguage\":\"en-US\"},{\"@type\":\"Organization\",\"@id\":\"https:\/\/eurytionpress.com\/en\/#organization\",\"name\":\"Eurytion Press\",\"url\":\"https:\/\/eurytionpress.com\/en\/\",\"logo\":{\"@type\":\"ImageObject\",\"inLanguage\":\"en-US\",\"@id\":\"https:\/\/eurytionpress.com\/en\/#\/schema\/logo\/image\/\",\"url\":\"https:\/\/eurytionpress.com\/wp-content\/uploads\/2025\/07\/eurityon-press.png\",\"contentUrl\":\"https:\/\/eurytionpress.com\/wp-content\/uploads\/2025\/07\/eurityon-press.png\",\"width\":229,\"height\":46,\"caption\":\"Eurytion Press\"},\"image\":{\"@id\":\"https:\/\/eurytionpress.com\/en\/#\/schema\/logo\/image\/\"}}]}<\/script>\n<!-- \/ Yoast SEO plugin. -->","yoast_head_json":{"title":"Abriendo el tel\u00f3n. Una historia... Teatro breve y textos cr\u00edticos - Eurytion Press","robots":{"index":"index","follow":"follow","max-snippet":"max-snippet:-1","max-image-preview":"max-image-preview:large","max-video-preview":"max-video-preview:-1"},"canonical":"https:\/\/eurytionpress.com\/en\/abriendo-el-telon-una-historia-teatro-breve-y-textos-criticos\/","og_locale":"en_US","og_type":"article","og_title":"Abriendo el tel\u00f3n. Una historia... Teatro breve y textos cr\u00edticos - Eurytion Press","og_description":"Esta obra difunde una parte importante de la labor intelectual del profesor Johnny Gavlovski, prestigioso dramaturgo internacional, en la que se recogen diversos contenidos de teatro breve del autor y textos cr\u00edticos. Como se indica en el pr\u00f3logo, \u201cel texto que tienen en sus manos reboza de verdades. Las verdades que expresa no desalojan la anterior por distantes que se encuentren. Hay adem\u00e1s una voz autoral que suma vivencias milim\u00e9tricamente enhebradas. En el contenido encontramos potentes im\u00e1genes descritas en un delicado lenguaje que nos instalan en un ambiente en que se mueven personajes de todo tipo, inclusive fantasmales, con sus caracter\u00edsticas psicol\u00f3gicas, porque la obra se afinca en la realidad...\u201d. El libro presenta una doble vertiente, por un lado, la art\u00edstica y por otro la acad\u00e9mica, al ser el autor tambi\u00e9n profesor universitario de dilatada trayectoria, lo que queda reflejado en los textos cr\u00edticos incluidos. Por ello, este trabajo ser\u00eda adecuado para un amplio abanico de lectores, desde dramaturgos profesionales a acad\u00e9micos e investigadores, as\u00ed como todos los amantes del teatro.","og_url":"https:\/\/eurytionpress.com\/en\/abriendo-el-telon-una-historia-teatro-breve-y-textos-criticos\/","og_site_name":"Eurytion Press","og_image":[{"width":788,"height":1170,"url":"https:\/\/eurytionpress.com\/wp-content\/uploads\/2025\/07\/abriendo-el-telon-cover-2.png","type":"image\/png"}],"twitter_card":"summary_large_image","schema":{"@context":"https:\/\/schema.org","@graph":[{"@type":"WebPage","@id":"https:\/\/eurytionpress.com\/en\/abriendo-el-telon-una-historia-teatro-breve-y-textos-criticos\/","url":"https:\/\/eurytionpress.com\/en\/abriendo-el-telon-una-historia-teatro-breve-y-textos-criticos\/","name":"Abriendo el tel\u00f3n. Una historia... Teatro breve y textos cr\u00edticos - Eurytion Press","isPartOf":{"@id":"https:\/\/eurytionpress.com\/en\/#website"},"primaryImageOfPage":{"@id":"https:\/\/eurytionpress.com\/en\/abriendo-el-telon-una-historia-teatro-breve-y-textos-criticos\/#primaryimage"},"image":{"@id":"https:\/\/eurytionpress.com\/en\/abriendo-el-telon-una-historia-teatro-breve-y-textos-criticos\/#primaryimage"},"thumbnailUrl":"https:\/\/eurytionpress.com\/wp-content\/uploads\/2025\/07\/abriendo-el-telon-cover-2.png","datePublished":"2025-07-01T12:24:39+00:00","breadcrumb":{"@id":"https:\/\/eurytionpress.com\/en\/abriendo-el-telon-una-historia-teatro-breve-y-textos-criticos\/#breadcrumb"},"inLanguage":"en-US","potentialAction":[{"@type":"ReadAction","target":["https:\/\/eurytionpress.com\/en\/abriendo-el-telon-una-historia-teatro-breve-y-textos-criticos\/"]}]},{"@type":"ImageObject","inLanguage":"en-US","@id":"https:\/\/eurytionpress.com\/en\/abriendo-el-telon-una-historia-teatro-breve-y-textos-criticos\/#primaryimage","url":"https:\/\/eurytionpress.com\/wp-content\/uploads\/2025\/07\/abriendo-el-telon-cover-2.png","contentUrl":"https:\/\/eurytionpress.com\/wp-content\/uploads\/2025\/07\/abriendo-el-telon-cover-2.png","width":788,"height":1170},{"@type":"BreadcrumbList","@id":"https:\/\/eurytionpress.com\/en\/abriendo-el-telon-una-historia-teatro-breve-y-textos-criticos\/#breadcrumb","itemListElement":[{"@type":"ListItem","position":1,"name":"Portada","item":"https:\/\/eurytionpress.com\/en\/"},{"@type":"ListItem","position":2,"name":"Libros","item":"https:\/\/eurytionpress.com\/libros-2\/"},{"@type":"ListItem","position":3,"name":"Abriendo el tel\u00f3n. Una historia&#8230; Teatro breve y textos cr\u00edticos"}]},{"@type":"WebSite","@id":"https:\/\/eurytionpress.com\/en\/#website","url":"https:\/\/eurytionpress.com\/en\/","name":"Eurytion Press","description":"Editorial de libros cient\u00edficos y acad\u00e9micos","publisher":{"@id":"https:\/\/eurytionpress.com\/en\/#organization"},"potentialAction":[{"@type":"SearchAction","target":{"@type":"EntryPoint","urlTemplate":"https:\/\/eurytionpress.com\/en\/?s={search_term_string}"},"query-input":{"@type":"PropertyValueSpecification","valueRequired":true,"valueName":"search_term_string"}}],"inLanguage":"en-US"},{"@type":"Organization","@id":"https:\/\/eurytionpress.com\/en\/#organization","name":"Eurytion Press","url":"https:\/\/eurytionpress.com\/en\/","logo":{"@type":"ImageObject","inLanguage":"en-US","@id":"https:\/\/eurytionpress.com\/en\/#\/schema\/logo\/image\/","url":"https:\/\/eurytionpress.com\/wp-content\/uploads\/2025\/07\/eurityon-press.png","contentUrl":"https:\/\/eurytionpress.com\/wp-content\/uploads\/2025\/07\/eurityon-press.png","width":229,"height":46,"caption":"Eurytion Press"},"image":{"@id":"https:\/\/eurytionpress.com\/en\/#\/schema\/logo\/image\/"}}]}},"_links":{"self":[{"href":"https:\/\/eurytionpress.com\/en\/wp-json\/wp\/v2\/product\/23767","targetHints":{"allow":["GET"]}}],"collection":[{"href":"https:\/\/eurytionpress.com\/en\/wp-json\/wp\/v2\/product"}],"about":[{"href":"https:\/\/eurytionpress.com\/en\/wp-json\/wp\/v2\/types\/product"}],"replies":[{"embeddable":true,"href":"https:\/\/eurytionpress.com\/en\/wp-json\/wp\/v2\/comments?post=23767"}],"wp:featuredmedia":[{"embeddable":true,"href":"https:\/\/eurytionpress.com\/en\/wp-json\/wp\/v2\/media\/22195"}],"wp:attachment":[{"href":"https:\/\/eurytionpress.com\/en\/wp-json\/wp\/v2\/media?parent=23767"}],"wp:term":[{"taxonomy":"product_brand","embeddable":true,"href":"https:\/\/eurytionpress.com\/en\/wp-json\/wp\/v2\/product_brand?post=23767"},{"taxonomy":"product_cat","embeddable":true,"href":"https:\/\/eurytionpress.com\/en\/wp-json\/wp\/v2\/product_cat?post=23767"},{"taxonomy":"product_tag","embeddable":true,"href":"https:\/\/eurytionpress.com\/en\/wp-json\/wp\/v2\/product_tag?post=23767"}],"curies":[{"name":"wp","href":"https:\/\/api.w.org\/{rel}","templated":true}]}}